{"id":72760,"date":"2024-09-25T22:52:04","date_gmt":"2024-09-25T20:52:04","guid":{"rendered":"https:\/\/revolutionpadelstore.com\/nox-la10-quantum-12k-by-leo-augsburguer-2025\/"},"modified":"2026-04-01T07:14:50","modified_gmt":"2026-04-01T05:14:50","slug":"nox-la10-quantum-12k-by-leo-augsburguer-2025-4","status":"publish","type":"product","link":"https:\/\/revolutionpadelstore.com\/it\/prodotto\/nox-la10-quantum-12k-by-leo-augsburguer-2025-4\/","title":{"rendered":"NOX LA10 QUANTUM 12K BY LEO AUGSBURGUER 2025"},"content":{"rendered":"<h2>Nox LA10 Quantum 12K Di Leo Augsburguer 2025, potenza massima<\/h2>\n<p>La racchetta da padel Nox LA10 Quantum 12K, progettata in collaborazione con il giocatore Leo Augsburguer per la stagione 2025, presenta uno stampo a forma di diamante ridisegnato &gt; che ti permetter\u00e0 di stampare la massima potenza ad ogni colpo.<\/p>\n<p>Il suo peso di <strong>360-375 grammi<\/strong> lo rende facile da maneggiare e offre comfort durante le lunghe giornate, perfetto per le competizioni impegnative. Design moderno e accattivante realizzato con vernice nel cuore che si sincronizza con il colore della gomma.<\/p>\n<h2>LA10 Quantum 12K di Nox, per giocatori attaccanti<\/h2>\n<p>Le tecnologie di ultima generazione e le tecnologie avanzate lo rendono l&#8217;opzione ideale per quei <strong>giocatori di padel di livello avanzato o professionale<\/strong> che cercano un tiro solido, stabile e fermo.<\/p>\n<p>\u00c8 il modello ideale per giocare d&#8217;attacco con una potenza incredibile. Sarai letale a rete con la massima aggressivit\u00e0.<\/p>\n<h2>Caratteristiche e tecnologie del Nox LA10 Quantum 12K<\/h2>\n<p style=\"padding-left: 40px\">-Nucleo <em>HR3 Color EVA <\/em>ad alta densit\u00e0 con buona capacit\u00e0 di recupero, ottima uscita della palla e potenza di colpo<\/p>\n<p style=\"padding-left: 40px\">-Telaio in carbonio per una durata incredibile<\/p>\n<p style=\"padding-left: 40px\">-12K Carbon Flats che ottengono maggiore rigidit\u00e0 e peso inferiore<\/p>\n<p style=\"padding-left: 40px\">-Superficie con esclusivo motivo <em>SPIN 3D<\/em> e sabbia ruvida che facilita gli effetti<\/p>\n<p style=\"padding-left: 40px\">-Con tecnologia <em>EOS Flap<\/em> per una maggiore presa e una migliore maneggevolezza<\/p>\n<p style=\"padding-left: 40px\">-Con <em>Custom Grip<\/em> che contribuisce all&#8217;assorbimento delle vibrazioni<\/p>\n<p style=\"padding-left: 40px\">-Cordino di sicurezza Smartstrap sostituibile<\/p>\n<p style=\"padding-left: 40px\">-Vernice reattiva<em>Vernice fotocromatica<\/em> nel cuore<\/p>\n<p style=\"padding-left: 40px\"><em>-Pulse System<\/em> per un colpo pi\u00f9 stabile e confortevole<\/p>\n<h3>Migliora il tuo gioco con Nox LA10 Quantum 12K di Leo Augsburguer<\/h3>\n<p>Con il <strong>Nox LA10 Quantum 12K By Leo Augsburguer<\/strong> puoi goderti una velocit\u00e0 inarrestabile in ogni gioco e sorprendere gli avversari con effetti incredibili.<\/p>\n<p><strong>Lama diamantata<\/strong> progettata per fornire un&#8217;enorme potenza ai giocatori avanzati nei tiri offensivi.<\/p>\n<h2>Nox LA10 Quantum 12K By Leo Augsburguer 2025, m\u00e1xima potencia<\/h2>\n","protected":false},"excerpt":{"rendered":"<p>Racchetta Diamond per giocatori offensivi che cercano una maggiore aggressivit\u00e0 a rete Nox LA1O Quantum 12K By Leo Augsburguer 2025, con piani in carbonio 12K ruvidi.<\/p>\n","protected":false},"featured_media":125360,"comment_status":"open","ping_status":"closed","template":"","meta":{"_acf_changed":false,"_joinchat":[]},"acabado":[1091,1106],"balance":[1136],"dureza":[1161,1156],"forma":[1171],"jugador":[1201,1191],"marca":[1261],"nivel-de-juego":[1336,1346],"superficie":[1361],"tipo-de-juego":[],"product_brand":[],"product_cat":[301],"product_tag":[],"class_list":{"0":"post-72760","1":"product","2":"type-product","3":"status-publish","4":"has-post-thumbnail","6":"acabado-relieve-3d-it","7":"acabado-rugoso-it","8":"balance-alto-it","9":"dureza-dura-it","10":"dureza-media-it","11":"forma-diamante-it","12":"jugador-multiuso","13":"jugador-uomo","14":"marca-nox-it","15":"superficie-rugosa-it","16":"product_cat-palas-de-padel-it","18":"first","19":"instock","20":"sale","21":"taxable","22":"shipping-taxable","23":"purchasable","24":"product-type-simple"},"acf":[],"yoast_head":"<!-- This site is optimized with the Yoast SEO plugin v27.3 - https:\/\/yoast.com\/product\/yoast-seo-wordpress\/ -->\n<title>NOX LA10 QUANTUM 12K BY LEO AUGSBURGUER 2025 - Revolution Padel Store<\/title>\n<meta name=\"description\" content=\"La\u00a0pala de p\u00e1del Nox LA10 Quantum 12K, dise\u00f1ada en colaboraci\u00f3n con el jugador\u00a0Leo Augsburguer\u00a0para la temporada 2025, presenta un molde redise\u00f1ado con\u00a0forma de diamante\u00a0que te permitir\u00e1 imprimir m\u00e1xima potencia en cada golpe.Su peso de\u00a0360-375 gramos\u00a0facilita su manejo y aporta confort durante largas jornadas, perfecto para competiciones exigentes. Dise\u00f1o moderno y llamativo fabricado con pintura en el coraz\u00f3n que se sincroniza con el color de la goma.\" \/>\n<meta name=\"robots\" content=\"index, follow, max-snippet:-1, max-image-preview:large, max-video-preview:-1\" \/>\n<link rel=\"canonical\" href=\"https:\/\/revolutionpadelstore.com\/it\/prodotto\/nox-la10-quantum-12k-by-leo-augsburguer-2025-4\/\" \/>\n<meta property=\"og:locale\" content=\"it_IT\" \/>\n<meta property=\"og:type\" content=\"article\" \/>\n<meta property=\"og:title\" content=\"NOX LA10 QUANTUM 12K BY LEO AUGSBURGUER 2025 - Revolution Padel Store\" \/>\n<meta property=\"og:description\" content=\"La\u00a0pala de p\u00e1del Nox LA10 Quantum 12K, dise\u00f1ada en colaboraci\u00f3n con el jugador\u00a0Leo Augsburguer\u00a0para la temporada 2025, presenta un molde redise\u00f1ado con\u00a0forma de diamante\u00a0que te permitir\u00e1 imprimir m\u00e1xima potencia en cada golpe.Su peso de\u00a0360-375 gramos\u00a0facilita su manejo y aporta confort durante largas jornadas, perfecto para competiciones exigentes. Dise\u00f1o moderno y llamativo fabricado con pintura en el coraz\u00f3n que se sincroniza con el color de la goma.\" \/>\n<meta property=\"og:url\" content=\"https:\/\/revolutionpadelstore.com\/it\/prodotto\/nox-la10-quantum-12k-by-leo-augsburguer-2025-4\/\" \/>\n<meta property=\"og:site_name\" content=\"Revolution Padel Store\" \/>\n<meta property=\"article:modified_time\" content=\"2026-04-01T05:14:50+00:00\" \/>\n<meta property=\"og:image\" content=\"https:\/\/revolutionpadelstore.com\/wp-content\/uploads\/2024\/10\/113547_pala_nox_la10_quantum_12k_by_leo_augsburguer_pla10luxq25_1500x1500_1_2ccd.webp\" \/>\n\t<meta property=\"og:image:width\" content=\"1500\" \/>\n\t<meta property=\"og:image:height\" content=\"1500\" \/>\n\t<meta property=\"og:image:type\" content=\"image\/webp\" \/>\n<meta name=\"twitter:card\" content=\"summary_large_image\" \/>\n<meta name=\"twitter:label1\" content=\"Tempo di lettura stimato\" \/>\n\t<meta name=\"twitter:data1\" content=\"2 minuti\" \/>\n<script type=\"application\/ld+json\" class=\"yoast-schema-graph\">{\"@context\":\"https:\\\/\\\/schema.org\",\"@graph\":[{\"@type\":\"WebPage\",\"@id\":\"https:\\\/\\\/revolutionpadelstore.com\\\/it\\\/prodotto\\\/nox-la10-quantum-12k-by-leo-augsburguer-2025-4\\\/\",\"url\":\"https:\\\/\\\/revolutionpadelstore.com\\\/it\\\/prodotto\\\/nox-la10-quantum-12k-by-leo-augsburguer-2025-4\\\/\",\"name\":\"NOX LA10 QUANTUM 12K BY LEO AUGSBURGUER 2025 - Revolution Padel Store\",\"isPartOf\":{\"@id\":\"https:\\\/\\\/revolutionpadelstore.com\\\/it\\\/#website\"},\"primaryImageOfPage\":{\"@id\":\"https:\\\/\\\/revolutionpadelstore.com\\\/it\\\/prodotto\\\/nox-la10-quantum-12k-by-leo-augsburguer-2025-4\\\/#primaryimage\"},\"image\":{\"@id\":\"https:\\\/\\\/revolutionpadelstore.com\\\/it\\\/prodotto\\\/nox-la10-quantum-12k-by-leo-augsburguer-2025-4\\\/#primaryimage\"},\"thumbnailUrl\":\"https:\\\/\\\/revolutionpadelstore.com\\\/wp-content\\\/uploads\\\/2024\\\/10\\\/113547_pala_nox_la10_quantum_12k_by_leo_augsburguer_pla10luxq25_1500x1500_1_2ccd.webp\",\"datePublished\":\"2024-09-25T20:52:04+00:00\",\"dateModified\":\"2026-04-01T05:14:50+00:00\",\"description\":\"La\u00a0pala de p\u00e1del Nox LA10 Quantum 12K, dise\u00f1ada en colaboraci\u00f3n con el jugador\u00a0Leo Augsburguer\u00a0para la temporada 2025, presenta un molde redise\u00f1ado con\u00a0forma de diamante\u00a0que te permitir\u00e1 imprimir m\u00e1xima potencia en cada golpe.Su peso de\u00a0360-375 gramos\u00a0facilita su manejo y aporta confort durante largas jornadas, perfecto para competiciones exigentes. Dise\u00f1o moderno y llamativo fabricado con pintura en el coraz\u00f3n que se sincroniza con el color de la goma.\",\"breadcrumb\":{\"@id\":\"https:\\\/\\\/revolutionpadelstore.com\\\/it\\\/prodotto\\\/nox-la10-quantum-12k-by-leo-augsburguer-2025-4\\\/#breadcrumb\"},\"inLanguage\":\"it-IT\",\"potentialAction\":[{\"@type\":\"ReadAction\",\"target\":[\"https:\\\/\\\/revolutionpadelstore.com\\\/it\\\/prodotto\\\/nox-la10-quantum-12k-by-leo-augsburguer-2025-4\\\/\"]}]},{\"@type\":\"ImageObject\",\"inLanguage\":\"it-IT\",\"@id\":\"https:\\\/\\\/revolutionpadelstore.com\\\/it\\\/prodotto\\\/nox-la10-quantum-12k-by-leo-augsburguer-2025-4\\\/#primaryimage\",\"url\":\"https:\\\/\\\/revolutionpadelstore.com\\\/wp-content\\\/uploads\\\/2024\\\/10\\\/113547_pala_nox_la10_quantum_12k_by_leo_augsburguer_pla10luxq25_1500x1500_1_2ccd.webp\",\"contentUrl\":\"https:\\\/\\\/revolutionpadelstore.com\\\/wp-content\\\/uploads\\\/2024\\\/10\\\/113547_pala_nox_la10_quantum_12k_by_leo_augsburguer_pla10luxq25_1500x1500_1_2ccd.webp\",\"width\":1500,\"height\":1500},{\"@type\":\"BreadcrumbList\",\"@id\":\"https:\\\/\\\/revolutionpadelstore.com\\\/it\\\/prodotto\\\/nox-la10-quantum-12k-by-leo-augsburguer-2025-4\\\/#breadcrumb\",\"itemListElement\":[{\"@type\":\"ListItem\",\"position\":1,\"name\":\"Portada\",\"item\":\"https:\\\/\\\/revolutionpadelstore.com\\\/it\\\/\"},{\"@type\":\"ListItem\",\"position\":2,\"name\":\"Tienda\",\"item\":\"https:\\\/\\\/revolutionpadelstore.com\\\/it\\\/tienda\\\/\"},{\"@type\":\"ListItem\",\"position\":3,\"name\":\"NOX LA10 QUANTUM 12K BY LEO AUGSBURGUER 2025\"}]},{\"@type\":\"WebSite\",\"@id\":\"https:\\\/\\\/revolutionpadelstore.com\\\/it\\\/#website\",\"url\":\"https:\\\/\\\/revolutionpadelstore.com\\\/it\\\/\",\"name\":\"Revolution Padel Store\",\"description\":\"\",\"publisher\":{\"@id\":\"https:\\\/\\\/revolutionpadelstore.com\\\/it\\\/#organization\"},\"potentialAction\":[{\"@type\":\"SearchAction\",\"target\":{\"@type\":\"EntryPoint\",\"urlTemplate\":\"https:\\\/\\\/revolutionpadelstore.com\\\/it\\\/?s={search_term_string}\"},\"query-input\":{\"@type\":\"PropertyValueSpecification\",\"valueRequired\":true,\"valueName\":\"search_term_string\"}}],\"inLanguage\":\"it-IT\"},{\"@type\":\"Organization\",\"@id\":\"https:\\\/\\\/revolutionpadelstore.com\\\/it\\\/#organization\",\"name\":\"Revolution Padel Store\",\"url\":\"https:\\\/\\\/revolutionpadelstore.com\\\/it\\\/\",\"logo\":{\"@type\":\"ImageObject\",\"inLanguage\":\"it-IT\",\"@id\":\"https:\\\/\\\/revolutionpadelstore.com\\\/it\\\/#\\\/schema\\\/logo\\\/image\\\/\",\"url\":\"https:\\\/\\\/revolutionpadelstore.com\\\/wp-content\\\/uploads\\\/2026\\\/02\\\/revolution-padel-store.jpg\",\"contentUrl\":\"https:\\\/\\\/revolutionpadelstore.com\\\/wp-content\\\/uploads\\\/2026\\\/02\\\/revolution-padel-store.jpg\",\"width\":2000,\"height\":2000,\"caption\":\"Revolution Padel Store\"},\"image\":{\"@id\":\"https:\\\/\\\/revolutionpadelstore.com\\\/it\\\/#\\\/schema\\\/logo\\\/image\\\/\"},\"sameAs\":[\"https:\\\/\\\/www.instagram.com\\\/revolutionpadelstore\\\/\"]}]}<\/script>\n<!-- \/ Yoast SEO plugin. -->","yoast_head_json":{"title":"NOX LA10 QUANTUM 12K BY LEO AUGSBURGUER 2025 - Revolution Padel Store","description":"La\u00a0pala de p\u00e1del Nox LA10 Quantum 12K, dise\u00f1ada en colaboraci\u00f3n con el jugador\u00a0Leo Augsburguer\u00a0para la temporada 2025, presenta un molde redise\u00f1ado con\u00a0forma de diamante\u00a0que te permitir\u00e1 imprimir m\u00e1xima potencia en cada golpe.Su peso de\u00a0360-375 gramos\u00a0facilita su manejo y aporta confort durante largas jornadas, perfecto para competiciones exigentes. Dise\u00f1o moderno y llamativo fabricado con pintura en el coraz\u00f3n que se sincroniza con el color de la goma.","robots":{"index":"index","follow":"follow","max-snippet":"max-snippet:-1","max-image-preview":"max-image-preview:large","max-video-preview":"max-video-preview:-1"},"canonical":"https:\/\/revolutionpadelstore.com\/it\/prodotto\/nox-la10-quantum-12k-by-leo-augsburguer-2025-4\/","og_locale":"it_IT","og_type":"article","og_title":"NOX LA10 QUANTUM 12K BY LEO AUGSBURGUER 2025 - Revolution Padel Store","og_description":"La\u00a0pala de p\u00e1del Nox LA10 Quantum 12K, dise\u00f1ada en colaboraci\u00f3n con el jugador\u00a0Leo Augsburguer\u00a0para la temporada 2025, presenta un molde redise\u00f1ado con\u00a0forma de diamante\u00a0que te permitir\u00e1 imprimir m\u00e1xima potencia en cada golpe.Su peso de\u00a0360-375 gramos\u00a0facilita su manejo y aporta confort durante largas jornadas, perfecto para competiciones exigentes. Dise\u00f1o moderno y llamativo fabricado con pintura en el coraz\u00f3n que se sincroniza con el color de la goma.","og_url":"https:\/\/revolutionpadelstore.com\/it\/prodotto\/nox-la10-quantum-12k-by-leo-augsburguer-2025-4\/","og_site_name":"Revolution Padel Store","article_modified_time":"2026-04-01T05:14:50+00:00","og_image":[{"width":1500,"height":1500,"url":"https:\/\/revolutionpadelstore.com\/wp-content\/uploads\/2024\/10\/113547_pala_nox_la10_quantum_12k_by_leo_augsburguer_pla10luxq25_1500x1500_1_2ccd.webp","type":"image\/webp"}],"twitter_card":"summary_large_image","twitter_misc":{"Tempo di lettura stimato":"2 minuti"},"schema":{"@context":"https:\/\/schema.org","@graph":[{"@type":"WebPage","@id":"https:\/\/revolutionpadelstore.com\/it\/prodotto\/nox-la10-quantum-12k-by-leo-augsburguer-2025-4\/","url":"https:\/\/revolutionpadelstore.com\/it\/prodotto\/nox-la10-quantum-12k-by-leo-augsburguer-2025-4\/","name":"NOX LA10 QUANTUM 12K BY LEO AUGSBURGUER 2025 - Revolution Padel Store","isPartOf":{"@id":"https:\/\/revolutionpadelstore.com\/it\/#website"},"primaryImageOfPage":{"@id":"https:\/\/revolutionpadelstore.com\/it\/prodotto\/nox-la10-quantum-12k-by-leo-augsburguer-2025-4\/#primaryimage"},"image":{"@id":"https:\/\/revolutionpadelstore.com\/it\/prodotto\/nox-la10-quantum-12k-by-leo-augsburguer-2025-4\/#primaryimage"},"thumbnailUrl":"https:\/\/revolutionpadelstore.com\/wp-content\/uploads\/2024\/10\/113547_pala_nox_la10_quantum_12k_by_leo_augsburguer_pla10luxq25_1500x1500_1_2ccd.webp","datePublished":"2024-09-25T20:52:04+00:00","dateModified":"2026-04-01T05:14:50+00:00","description":"La\u00a0pala de p\u00e1del Nox LA10 Quantum 12K, dise\u00f1ada en colaboraci\u00f3n con el jugador\u00a0Leo Augsburguer\u00a0para la temporada 2025, presenta un molde redise\u00f1ado con\u00a0forma de diamante\u00a0que te permitir\u00e1 imprimir m\u00e1xima potencia en cada golpe.Su peso de\u00a0360-375 gramos\u00a0facilita su manejo y aporta confort durante largas jornadas, perfecto para competiciones exigentes. Dise\u00f1o moderno y llamativo fabricado con pintura en el coraz\u00f3n que se sincroniza con el color de la goma.","breadcrumb":{"@id":"https:\/\/revolutionpadelstore.com\/it\/prodotto\/nox-la10-quantum-12k-by-leo-augsburguer-2025-4\/#breadcrumb"},"inLanguage":"it-IT","potentialAction":[{"@type":"ReadAction","target":["https:\/\/revolutionpadelstore.com\/it\/prodotto\/nox-la10-quantum-12k-by-leo-augsburguer-2025-4\/"]}]},{"@type":"ImageObject","inLanguage":"it-IT","@id":"https:\/\/revolutionpadelstore.com\/it\/prodotto\/nox-la10-quantum-12k-by-leo-augsburguer-2025-4\/#primaryimage","url":"https:\/\/revolutionpadelstore.com\/wp-content\/uploads\/2024\/10\/113547_pala_nox_la10_quantum_12k_by_leo_augsburguer_pla10luxq25_1500x1500_1_2ccd.webp","contentUrl":"https:\/\/revolutionpadelstore.com\/wp-content\/uploads\/2024\/10\/113547_pala_nox_la10_quantum_12k_by_leo_augsburguer_pla10luxq25_1500x1500_1_2ccd.webp","width":1500,"height":1500},{"@type":"BreadcrumbList","@id":"https:\/\/revolutionpadelstore.com\/it\/prodotto\/nox-la10-quantum-12k-by-leo-augsburguer-2025-4\/#breadcrumb","itemListElement":[{"@type":"ListItem","position":1,"name":"Portada","item":"https:\/\/revolutionpadelstore.com\/it\/"},{"@type":"ListItem","position":2,"name":"Tienda","item":"https:\/\/revolutionpadelstore.com\/it\/tienda\/"},{"@type":"ListItem","position":3,"name":"NOX LA10 QUANTUM 12K BY LEO AUGSBURGUER 2025"}]},{"@type":"WebSite","@id":"https:\/\/revolutionpadelstore.com\/it\/#website","url":"https:\/\/revolutionpadelstore.com\/it\/","name":"Revolution Padel Store","description":"","publisher":{"@id":"https:\/\/revolutionpadelstore.com\/it\/#organization"},"potentialAction":[{"@type":"SearchAction","target":{"@type":"EntryPoint","urlTemplate":"https:\/\/revolutionpadelstore.com\/it\/?s={search_term_string}"},"query-input":{"@type":"PropertyValueSpecification","valueRequired":true,"valueName":"search_term_string"}}],"inLanguage":"it-IT"},{"@type":"Organization","@id":"https:\/\/revolutionpadelstore.com\/it\/#organization","name":"Revolution Padel Store","url":"https:\/\/revolutionpadelstore.com\/it\/","logo":{"@type":"ImageObject","inLanguage":"it-IT","@id":"https:\/\/revolutionpadelstore.com\/it\/#\/schema\/logo\/image\/","url":"https:\/\/revolutionpadelstore.com\/wp-content\/uploads\/2026\/02\/revolution-padel-store.jpg","contentUrl":"https:\/\/revolutionpadelstore.com\/wp-content\/uploads\/2026\/02\/revolution-padel-store.jpg","width":2000,"height":2000,"caption":"Revolution Padel Store"},"image":{"@id":"https:\/\/revolutionpadelstore.com\/it\/#\/schema\/logo\/image\/"},"sameAs":["https:\/\/www.instagram.com\/revolutionpadelstore\/"]}]}},"_links":{"self":[{"href":"https:\/\/revolutionpadelstore.com\/it\/wp-json\/wp\/v2\/product\/72760","targetHints":{"allow":["GET"]}}],"collection":[{"href":"https:\/\/revolutionpadelstore.com\/it\/wp-json\/wp\/v2\/product"}],"about":[{"href":"https:\/\/revolutionpadelstore.com\/it\/wp-json\/wp\/v2\/types\/product"}],"replies":[{"embeddable":true,"href":"https:\/\/revolutionpadelstore.com\/it\/wp-json\/wp\/v2\/comments?post=72760"}],"wp:featuredmedia":[{"embeddable":true,"href":"https:\/\/revolutionpadelstore.com\/it\/wp-json\/wp\/v2\/media\/125360"}],"wp:attachment":[{"href":"https:\/\/revolutionpadelstore.com\/it\/wp-json\/wp\/v2\/media?parent=72760"}],"wp:term":[{"taxonomy":"acabado","embeddable":true,"href":"https:\/\/revolutionpadelstore.com\/it\/wp-json\/wp\/v2\/acabado?post=72760"},{"taxonomy":"balance","embeddable":true,"href":"https:\/\/revolutionpadelstore.com\/it\/wp-json\/wp\/v2\/balance?post=72760"},{"taxonomy":"dureza","embeddable":true,"href":"https:\/\/revolutionpadelstore.com\/it\/wp-json\/wp\/v2\/dureza?post=72760"},{"taxonomy":"forma","embeddable":true,"href":"https:\/\/revolutionpadelstore.com\/it\/wp-json\/wp\/v2\/forma?post=72760"},{"taxonomy":"jugador","embeddable":true,"href":"https:\/\/revolutionpadelstore.com\/it\/wp-json\/wp\/v2\/jugador?post=72760"},{"taxonomy":"marca","embeddable":true,"href":"https:\/\/revolutionpadelstore.com\/it\/wp-json\/wp\/v2\/marca?post=72760"},{"taxonomy":"nivel-de-juego","embeddable":true,"href":"https:\/\/revolutionpadelstore.com\/it\/wp-json\/wp\/v2\/nivel-de-juego?post=72760"},{"taxonomy":"superficie","embeddable":true,"href":"https:\/\/revolutionpadelstore.com\/it\/wp-json\/wp\/v2\/superficie?post=72760"},{"taxonomy":"tipo-de-juego","embeddable":true,"href":"https:\/\/revolutionpadelstore.com\/it\/wp-json\/wp\/v2\/tipo-de-juego?post=72760"},{"taxonomy":"product_brand","embeddable":true,"href":"https:\/\/revolutionpadelstore.com\/it\/wp-json\/wp\/v2\/product_brand?post=72760"},{"taxonomy":"product_cat","embeddable":true,"href":"https:\/\/revolutionpadelstore.com\/it\/wp-json\/wp\/v2\/product_cat?post=72760"},{"taxonomy":"product_tag","embeddable":true,"href":"https:\/\/revolutionpadelstore.com\/it\/wp-json\/wp\/v2\/product_tag?post=72760"}],"curies":[{"name":"wp","href":"https:\/\/api.w.org\/{rel}","templated":true}]}}