{"id":72755,"date":"2024-09-25T22:58:23","date_gmt":"2024-09-25T20:58:23","guid":{"rendered":"https:\/\/revolutionpadelstore.com\/nox-tl10-quantum-12k-by-tino-libaak-2025\/"},"modified":"2026-04-01T07:14:24","modified_gmt":"2026-04-01T05:14:24","slug":"nox-tl10-quantum-12k-by-tino-libaak-2025-4","status":"publish","type":"product","link":"https:\/\/revolutionpadelstore.com\/it\/prodotto\/nox-tl10-quantum-12k-by-tino-libaak-2025-4\/","title":{"rendered":"NOX TL10 QUANTUM 12K BY TINO LIBAAK 2025"},"content":{"rendered":"<h2>Nox TL10 Quantum 12K di Tino Libaak 2025, versatilit\u00e0 ideale<\/h2>\n<p>La Nox TL 10 Quantum 12K \u00e8 una racchetta progettata in collaborazione con il giocatore Tino Libaak per la nuova stagione 2025. \u00c8 stata realizzata con una forma a goccia per offrire un&#8217;incredibile versatilit\u00e0 in ogni partita o allenamento di padel.<\/p>\n<p>\u00c8 un modello maneggevole e molto comodo grazie al suo peso, che oscilla tra i 3<strong>60-375 grammi<\/strong>. La sua estetica nera con dettagli blu si distingue per essere sorprendente, moderna e armoniosa.<\/p>\n<h2>TL10 Quantum 12K di Nox, per giocatori avanzati<\/h2>\n<p>Questa <strong>racchetta da padel Nox da uomo<\/strong> \u00e8 stata appositamente progettata per raggiungere un livello di versatilit\u00e0 e potenza senza pari, che aiuter\u00e0 i giocatori di padel di livello avanzato o professionale<\/strong> ad adattarsi efficacemente a qualsiasi situazione sul campo di gioco .<\/p>\n<p>Questo modello garantisce una sensazione intermedia, comfort e gioco veloce, per farti diventare un giocatore letale in campo.<\/p>\n<h2>Caratteristiche e tecnologie del Nox TL10 Quantum 12K<\/h2>\n<p style=\"padding-left: 40px\">-Flat realizzati con <strong>carbonio 12K<\/strong> che offre maggiore durata e resistenza<\/p>\n<p style=\"padding-left: 40px\">-Nucleo in gomma ad alta densit\u00e0 <em>HR3 Color EVA<\/em>, che fornisce potenza e una buona uscita della palla<\/p>\n<p style=\"padding-left: 40px\"><em>-Carbon Frame<\/em> per una maggiore protezione da urti e rotture<\/p>\n<p style=\"padding-left: 40px\">Facce con tecnologia <em>Exclusive Spin<\/em>, con doppia finitura ruvida per dare pi\u00f9 effetto alla palla<\/p>\n<p style=\"padding-left: 40px\"><em>-Custom Grip<\/em> e <em>Pulse System<\/em> per una presa pi\u00f9 salda e un&#8217;efficace riduzione delle vibrazioni<\/p>\n<p style=\"padding-left: 40px\">-Con tecnologia <em>EOS Flap<\/em> per una maggiore presa e una migliore maneggevolezza<\/p>\n<p style=\"padding-left: 40px\">-Smartstrap, cordino di sicurezza intercambiabile in base alle tue esigenze<\/p>\n<p style=\"padding-left: 40px\">-Nucleo con vernice reattiva <em>Vernice fotocromatica<\/em> che si sincronizza con il colore della gomma<\/p>\n<h3>Esperienza unica con Nox TL10 Quantum 12K di Tino Libaak<\/h3>\n<p>La racchetta Nox TL10 Quantum 12K By Tino Libaak diventer\u00e0 la tua alleata perfetta in ogni gioco, poich\u00e9 ti offre potenza e controllo equilibrati.<\/p>\n<h2>Nox TL10 Quantum 12K By Tino Libaak 2025,\u00a0polivalencia ideal<\/h2>\n","protected":false},"excerpt":{"rendered":"<p>Racchetta Nox TL10 Quantum 12K a goccia di Tino Libaak, con piani in carbonio 12K con finitura ruvida per una maggiore resistenza e facilit\u00e0 di colpire con effetti.<\/p>\n","protected":false},"featured_media":125372,"comment_status":"open","ping_status":"closed","template":"","meta":{"_acf_changed":false,"_joinchat":[]},"acabado":[1106],"balance":[1141],"dureza":[1156],"forma":[1186],"jugador":[1201,1191],"marca":[1261],"nivel-de-juego":[1336,1346],"superficie":[1361],"tipo-de-juego":[],"product_brand":[],"product_cat":[301],"product_tag":[],"class_list":{"0":"post-72755","1":"product","2":"type-product","3":"status-publish","4":"has-post-thumbnail","6":"acabado-rugoso-it","7":"balance-medio-it","8":"dureza-media-it","9":"forma-lagrima-it","10":"jugador-multiuso","11":"jugador-uomo","12":"marca-nox-it","13":"superficie-rugosa-it","14":"product_cat-palas-de-padel-it","16":"first","17":"instock","18":"sale","19":"taxable","20":"shipping-taxable","21":"purchasable","22":"product-type-simple"},"acf":[],"yoast_head":"<!-- This site is optimized with the Yoast SEO plugin v27.3 - https:\/\/yoast.com\/product\/yoast-seo-wordpress\/ -->\n<title>NOX TL10 QUANTUM 12K BY TINO LIBAAK 2025 - Revolution Padel Store<\/title>\n<meta name=\"description\" content=\"Esta\u00a0pala de p\u00e1del Nox para hombre\u00a0se ha dise\u00f1ado espec\u00edficamente para conseguir un nivel de versatilidad y potencia sin igual, lo que ayudar\u00e1 a los\u00a0jugadores de p\u00e1del de nivel avanzado o profesional\u00a0a adaptarse con eficacia a cualquier situaci\u00f3n en el terreno de juego.Este modelo asegura un tacto intermedio, comodidad y juego r\u00e1pido, para que seas un jugador letal en la pista.\" \/>\n<meta name=\"robots\" content=\"index, follow, max-snippet:-1, max-image-preview:large, max-video-preview:-1\" \/>\n<link rel=\"canonical\" href=\"https:\/\/revolutionpadelstore.com\/it\/prodotto\/nox-tl10-quantum-12k-by-tino-libaak-2025-4\/\" \/>\n<meta property=\"og:locale\" content=\"it_IT\" \/>\n<meta property=\"og:type\" content=\"article\" \/>\n<meta property=\"og:title\" content=\"NOX TL10 QUANTUM 12K BY TINO LIBAAK 2025 - Revolution Padel Store\" \/>\n<meta property=\"og:description\" content=\"Esta\u00a0pala de p\u00e1del Nox para hombre\u00a0se ha dise\u00f1ado espec\u00edficamente para conseguir un nivel de versatilidad y potencia sin igual, lo que ayudar\u00e1 a los\u00a0jugadores de p\u00e1del de nivel avanzado o profesional\u00a0a adaptarse con eficacia a cualquier situaci\u00f3n en el terreno de juego.Este modelo asegura un tacto intermedio, comodidad y juego r\u00e1pido, para que seas un jugador letal en la pista.\" \/>\n<meta property=\"og:url\" content=\"https:\/\/revolutionpadelstore.com\/it\/prodotto\/nox-tl10-quantum-12k-by-tino-libaak-2025-4\/\" \/>\n<meta property=\"og:site_name\" content=\"Revolution Padel Store\" \/>\n<meta property=\"article:modified_time\" content=\"2026-04-01T05:14:24+00:00\" \/>\n<meta property=\"og:image\" content=\"https:\/\/revolutionpadelstore.com\/wp-content\/uploads\/2024\/10\/113549_pala_nox_tl10_quantum_12k_by_tino_libaak_ptl10luxq25_1500x1500_1_3434.webp\" \/>\n\t<meta property=\"og:image:width\" content=\"1500\" \/>\n\t<meta property=\"og:image:height\" content=\"1500\" \/>\n\t<meta property=\"og:image:type\" content=\"image\/webp\" \/>\n<meta name=\"twitter:card\" content=\"summary_large_image\" \/>\n<meta name=\"twitter:label1\" content=\"Tempo di lettura stimato\" \/>\n\t<meta name=\"twitter:data1\" content=\"2 minuti\" \/>\n<script type=\"application\/ld+json\" class=\"yoast-schema-graph\">{\"@context\":\"https:\\\/\\\/schema.org\",\"@graph\":[{\"@type\":\"WebPage\",\"@id\":\"https:\\\/\\\/revolutionpadelstore.com\\\/it\\\/prodotto\\\/nox-tl10-quantum-12k-by-tino-libaak-2025-4\\\/\",\"url\":\"https:\\\/\\\/revolutionpadelstore.com\\\/it\\\/prodotto\\\/nox-tl10-quantum-12k-by-tino-libaak-2025-4\\\/\",\"name\":\"NOX TL10 QUANTUM 12K BY TINO LIBAAK 2025 - Revolution Padel Store\",\"isPartOf\":{\"@id\":\"https:\\\/\\\/revolutionpadelstore.com\\\/it\\\/#website\"},\"primaryImageOfPage\":{\"@id\":\"https:\\\/\\\/revolutionpadelstore.com\\\/it\\\/prodotto\\\/nox-tl10-quantum-12k-by-tino-libaak-2025-4\\\/#primaryimage\"},\"image\":{\"@id\":\"https:\\\/\\\/revolutionpadelstore.com\\\/it\\\/prodotto\\\/nox-tl10-quantum-12k-by-tino-libaak-2025-4\\\/#primaryimage\"},\"thumbnailUrl\":\"https:\\\/\\\/revolutionpadelstore.com\\\/wp-content\\\/uploads\\\/2024\\\/10\\\/113549_pala_nox_tl10_quantum_12k_by_tino_libaak_ptl10luxq25_1500x1500_1_3434.webp\",\"datePublished\":\"2024-09-25T20:58:23+00:00\",\"dateModified\":\"2026-04-01T05:14:24+00:00\",\"description\":\"Esta\u00a0pala de p\u00e1del Nox para hombre\u00a0se ha dise\u00f1ado espec\u00edficamente para conseguir un nivel de versatilidad y potencia sin igual, lo que ayudar\u00e1 a los\u00a0jugadores de p\u00e1del de nivel avanzado o profesional\u00a0a adaptarse con eficacia a cualquier situaci\u00f3n en el terreno de juego.Este modelo asegura un tacto intermedio, comodidad y juego r\u00e1pido, para que seas un jugador letal en la pista.\",\"breadcrumb\":{\"@id\":\"https:\\\/\\\/revolutionpadelstore.com\\\/it\\\/prodotto\\\/nox-tl10-quantum-12k-by-tino-libaak-2025-4\\\/#breadcrumb\"},\"inLanguage\":\"it-IT\",\"potentialAction\":[{\"@type\":\"ReadAction\",\"target\":[\"https:\\\/\\\/revolutionpadelstore.com\\\/it\\\/prodotto\\\/nox-tl10-quantum-12k-by-tino-libaak-2025-4\\\/\"]}]},{\"@type\":\"ImageObject\",\"inLanguage\":\"it-IT\",\"@id\":\"https:\\\/\\\/revolutionpadelstore.com\\\/it\\\/prodotto\\\/nox-tl10-quantum-12k-by-tino-libaak-2025-4\\\/#primaryimage\",\"url\":\"https:\\\/\\\/revolutionpadelstore.com\\\/wp-content\\\/uploads\\\/2024\\\/10\\\/113549_pala_nox_tl10_quantum_12k_by_tino_libaak_ptl10luxq25_1500x1500_1_3434.webp\",\"contentUrl\":\"https:\\\/\\\/revolutionpadelstore.com\\\/wp-content\\\/uploads\\\/2024\\\/10\\\/113549_pala_nox_tl10_quantum_12k_by_tino_libaak_ptl10luxq25_1500x1500_1_3434.webp\",\"width\":1500,\"height\":1500},{\"@type\":\"BreadcrumbList\",\"@id\":\"https:\\\/\\\/revolutionpadelstore.com\\\/it\\\/prodotto\\\/nox-tl10-quantum-12k-by-tino-libaak-2025-4\\\/#breadcrumb\",\"itemListElement\":[{\"@type\":\"ListItem\",\"position\":1,\"name\":\"Portada\",\"item\":\"https:\\\/\\\/revolutionpadelstore.com\\\/it\\\/\"},{\"@type\":\"ListItem\",\"position\":2,\"name\":\"Tienda\",\"item\":\"https:\\\/\\\/revolutionpadelstore.com\\\/it\\\/tienda\\\/\"},{\"@type\":\"ListItem\",\"position\":3,\"name\":\"NOX TL10 QUANTUM 12K BY TINO LIBAAK 2025\"}]},{\"@type\":\"WebSite\",\"@id\":\"https:\\\/\\\/revolutionpadelstore.com\\\/it\\\/#website\",\"url\":\"https:\\\/\\\/revolutionpadelstore.com\\\/it\\\/\",\"name\":\"Revolution Padel Store\",\"description\":\"\",\"publisher\":{\"@id\":\"https:\\\/\\\/revolutionpadelstore.com\\\/it\\\/#organization\"},\"potentialAction\":[{\"@type\":\"SearchAction\",\"target\":{\"@type\":\"EntryPoint\",\"urlTemplate\":\"https:\\\/\\\/revolutionpadelstore.com\\\/it\\\/?s={search_term_string}\"},\"query-input\":{\"@type\":\"PropertyValueSpecification\",\"valueRequired\":true,\"valueName\":\"search_term_string\"}}],\"inLanguage\":\"it-IT\"},{\"@type\":\"Organization\",\"@id\":\"https:\\\/\\\/revolutionpadelstore.com\\\/it\\\/#organization\",\"name\":\"Revolution Padel Store\",\"url\":\"https:\\\/\\\/revolutionpadelstore.com\\\/it\\\/\",\"logo\":{\"@type\":\"ImageObject\",\"inLanguage\":\"it-IT\",\"@id\":\"https:\\\/\\\/revolutionpadelstore.com\\\/it\\\/#\\\/schema\\\/logo\\\/image\\\/\",\"url\":\"https:\\\/\\\/revolutionpadelstore.com\\\/wp-content\\\/uploads\\\/2026\\\/02\\\/revolution-padel-store.jpg\",\"contentUrl\":\"https:\\\/\\\/revolutionpadelstore.com\\\/wp-content\\\/uploads\\\/2026\\\/02\\\/revolution-padel-store.jpg\",\"width\":2000,\"height\":2000,\"caption\":\"Revolution Padel Store\"},\"image\":{\"@id\":\"https:\\\/\\\/revolutionpadelstore.com\\\/it\\\/#\\\/schema\\\/logo\\\/image\\\/\"},\"sameAs\":[\"https:\\\/\\\/www.instagram.com\\\/revolutionpadelstore\\\/\"]}]}<\/script>\n<!-- \/ Yoast SEO plugin. -->","yoast_head_json":{"title":"NOX TL10 QUANTUM 12K BY TINO LIBAAK 2025 - Revolution Padel Store","description":"Esta\u00a0pala de p\u00e1del Nox para hombre\u00a0se ha dise\u00f1ado espec\u00edficamente para conseguir un nivel de versatilidad y potencia sin igual, lo que ayudar\u00e1 a los\u00a0jugadores de p\u00e1del de nivel avanzado o profesional\u00a0a adaptarse con eficacia a cualquier situaci\u00f3n en el terreno de juego.Este modelo asegura un tacto intermedio, comodidad y juego r\u00e1pido, para que seas un jugador letal en la pista.","robots":{"index":"index","follow":"follow","max-snippet":"max-snippet:-1","max-image-preview":"max-image-preview:large","max-video-preview":"max-video-preview:-1"},"canonical":"https:\/\/revolutionpadelstore.com\/it\/prodotto\/nox-tl10-quantum-12k-by-tino-libaak-2025-4\/","og_locale":"it_IT","og_type":"article","og_title":"NOX TL10 QUANTUM 12K BY TINO LIBAAK 2025 - Revolution Padel Store","og_description":"Esta\u00a0pala de p\u00e1del Nox para hombre\u00a0se ha dise\u00f1ado espec\u00edficamente para conseguir un nivel de versatilidad y potencia sin igual, lo que ayudar\u00e1 a los\u00a0jugadores de p\u00e1del de nivel avanzado o profesional\u00a0a adaptarse con eficacia a cualquier situaci\u00f3n en el terreno de juego.Este modelo asegura un tacto intermedio, comodidad y juego r\u00e1pido, para que seas un jugador letal en la pista.","og_url":"https:\/\/revolutionpadelstore.com\/it\/prodotto\/nox-tl10-quantum-12k-by-tino-libaak-2025-4\/","og_site_name":"Revolution Padel Store","article_modified_time":"2026-04-01T05:14:24+00:00","og_image":[{"width":1500,"height":1500,"url":"https:\/\/revolutionpadelstore.com\/wp-content\/uploads\/2024\/10\/113549_pala_nox_tl10_quantum_12k_by_tino_libaak_ptl10luxq25_1500x1500_1_3434.webp","type":"image\/webp"}],"twitter_card":"summary_large_image","twitter_misc":{"Tempo di lettura stimato":"2 minuti"},"schema":{"@context":"https:\/\/schema.org","@graph":[{"@type":"WebPage","@id":"https:\/\/revolutionpadelstore.com\/it\/prodotto\/nox-tl10-quantum-12k-by-tino-libaak-2025-4\/","url":"https:\/\/revolutionpadelstore.com\/it\/prodotto\/nox-tl10-quantum-12k-by-tino-libaak-2025-4\/","name":"NOX TL10 QUANTUM 12K BY TINO LIBAAK 2025 - Revolution Padel Store","isPartOf":{"@id":"https:\/\/revolutionpadelstore.com\/it\/#website"},"primaryImageOfPage":{"@id":"https:\/\/revolutionpadelstore.com\/it\/prodotto\/nox-tl10-quantum-12k-by-tino-libaak-2025-4\/#primaryimage"},"image":{"@id":"https:\/\/revolutionpadelstore.com\/it\/prodotto\/nox-tl10-quantum-12k-by-tino-libaak-2025-4\/#primaryimage"},"thumbnailUrl":"https:\/\/revolutionpadelstore.com\/wp-content\/uploads\/2024\/10\/113549_pala_nox_tl10_quantum_12k_by_tino_libaak_ptl10luxq25_1500x1500_1_3434.webp","datePublished":"2024-09-25T20:58:23+00:00","dateModified":"2026-04-01T05:14:24+00:00","description":"Esta\u00a0pala de p\u00e1del Nox para hombre\u00a0se ha dise\u00f1ado espec\u00edficamente para conseguir un nivel de versatilidad y potencia sin igual, lo que ayudar\u00e1 a los\u00a0jugadores de p\u00e1del de nivel avanzado o profesional\u00a0a adaptarse con eficacia a cualquier situaci\u00f3n en el terreno de juego.Este modelo asegura un tacto intermedio, comodidad y juego r\u00e1pido, para que seas un jugador letal en la pista.","breadcrumb":{"@id":"https:\/\/revolutionpadelstore.com\/it\/prodotto\/nox-tl10-quantum-12k-by-tino-libaak-2025-4\/#breadcrumb"},"inLanguage":"it-IT","potentialAction":[{"@type":"ReadAction","target":["https:\/\/revolutionpadelstore.com\/it\/prodotto\/nox-tl10-quantum-12k-by-tino-libaak-2025-4\/"]}]},{"@type":"ImageObject","inLanguage":"it-IT","@id":"https:\/\/revolutionpadelstore.com\/it\/prodotto\/nox-tl10-quantum-12k-by-tino-libaak-2025-4\/#primaryimage","url":"https:\/\/revolutionpadelstore.com\/wp-content\/uploads\/2024\/10\/113549_pala_nox_tl10_quantum_12k_by_tino_libaak_ptl10luxq25_1500x1500_1_3434.webp","contentUrl":"https:\/\/revolutionpadelstore.com\/wp-content\/uploads\/2024\/10\/113549_pala_nox_tl10_quantum_12k_by_tino_libaak_ptl10luxq25_1500x1500_1_3434.webp","width":1500,"height":1500},{"@type":"BreadcrumbList","@id":"https:\/\/revolutionpadelstore.com\/it\/prodotto\/nox-tl10-quantum-12k-by-tino-libaak-2025-4\/#breadcrumb","itemListElement":[{"@type":"ListItem","position":1,"name":"Portada","item":"https:\/\/revolutionpadelstore.com\/it\/"},{"@type":"ListItem","position":2,"name":"Tienda","item":"https:\/\/revolutionpadelstore.com\/it\/tienda\/"},{"@type":"ListItem","position":3,"name":"NOX TL10 QUANTUM 12K BY TINO LIBAAK 2025"}]},{"@type":"WebSite","@id":"https:\/\/revolutionpadelstore.com\/it\/#website","url":"https:\/\/revolutionpadelstore.com\/it\/","name":"Revolution Padel Store","description":"","publisher":{"@id":"https:\/\/revolutionpadelstore.com\/it\/#organization"},"potentialAction":[{"@type":"SearchAction","target":{"@type":"EntryPoint","urlTemplate":"https:\/\/revolutionpadelstore.com\/it\/?s={search_term_string}"},"query-input":{"@type":"PropertyValueSpecification","valueRequired":true,"valueName":"search_term_string"}}],"inLanguage":"it-IT"},{"@type":"Organization","@id":"https:\/\/revolutionpadelstore.com\/it\/#organization","name":"Revolution Padel Store","url":"https:\/\/revolutionpadelstore.com\/it\/","logo":{"@type":"ImageObject","inLanguage":"it-IT","@id":"https:\/\/revolutionpadelstore.com\/it\/#\/schema\/logo\/image\/","url":"https:\/\/revolutionpadelstore.com\/wp-content\/uploads\/2026\/02\/revolution-padel-store.jpg","contentUrl":"https:\/\/revolutionpadelstore.com\/wp-content\/uploads\/2026\/02\/revolution-padel-store.jpg","width":2000,"height":2000,"caption":"Revolution Padel Store"},"image":{"@id":"https:\/\/revolutionpadelstore.com\/it\/#\/schema\/logo\/image\/"},"sameAs":["https:\/\/www.instagram.com\/revolutionpadelstore\/"]}]}},"_links":{"self":[{"href":"https:\/\/revolutionpadelstore.com\/it\/wp-json\/wp\/v2\/product\/72755","targetHints":{"allow":["GET"]}}],"collection":[{"href":"https:\/\/revolutionpadelstore.com\/it\/wp-json\/wp\/v2\/product"}],"about":[{"href":"https:\/\/revolutionpadelstore.com\/it\/wp-json\/wp\/v2\/types\/product"}],"replies":[{"embeddable":true,"href":"https:\/\/revolutionpadelstore.com\/it\/wp-json\/wp\/v2\/comments?post=72755"}],"wp:featuredmedia":[{"embeddable":true,"href":"https:\/\/revolutionpadelstore.com\/it\/wp-json\/wp\/v2\/media\/125372"}],"wp:attachment":[{"href":"https:\/\/revolutionpadelstore.com\/it\/wp-json\/wp\/v2\/media?parent=72755"}],"wp:term":[{"taxonomy":"acabado","embeddable":true,"href":"https:\/\/revolutionpadelstore.com\/it\/wp-json\/wp\/v2\/acabado?post=72755"},{"taxonomy":"balance","embeddable":true,"href":"https:\/\/revolutionpadelstore.com\/it\/wp-json\/wp\/v2\/balance?post=72755"},{"taxonomy":"dureza","embeddable":true,"href":"https:\/\/revolutionpadelstore.com\/it\/wp-json\/wp\/v2\/dureza?post=72755"},{"taxonomy":"forma","embeddable":true,"href":"https:\/\/revolutionpadelstore.com\/it\/wp-json\/wp\/v2\/forma?post=72755"},{"taxonomy":"jugador","embeddable":true,"href":"https:\/\/revolutionpadelstore.com\/it\/wp-json\/wp\/v2\/jugador?post=72755"},{"taxonomy":"marca","embeddable":true,"href":"https:\/\/revolutionpadelstore.com\/it\/wp-json\/wp\/v2\/marca?post=72755"},{"taxonomy":"nivel-de-juego","embeddable":true,"href":"https:\/\/revolutionpadelstore.com\/it\/wp-json\/wp\/v2\/nivel-de-juego?post=72755"},{"taxonomy":"superficie","embeddable":true,"href":"https:\/\/revolutionpadelstore.com\/it\/wp-json\/wp\/v2\/superficie?post=72755"},{"taxonomy":"tipo-de-juego","embeddable":true,"href":"https:\/\/revolutionpadelstore.com\/it\/wp-json\/wp\/v2\/tipo-de-juego?post=72755"},{"taxonomy":"product_brand","embeddable":true,"href":"https:\/\/revolutionpadelstore.com\/it\/wp-json\/wp\/v2\/product_brand?post=72755"},{"taxonomy":"product_cat","embeddable":true,"href":"https:\/\/revolutionpadelstore.com\/it\/wp-json\/wp\/v2\/product_cat?post=72755"},{"taxonomy":"product_tag","embeddable":true,"href":"https:\/\/revolutionpadelstore.com\/it\/wp-json\/wp\/v2\/product_tag?post=72755"}],"curies":[{"name":"wp","href":"https:\/\/api.w.org\/{rel}","templated":true}]}}