{"id":72750,"date":"2024-09-25T23:09:47","date_gmt":"2024-09-25T21:09:47","guid":{"rendered":"https:\/\/revolutionpadelstore.com\/nox-at10-pro-cup-comfort-by-agustin-tapia-2025\/"},"modified":"2026-04-01T07:13:55","modified_gmt":"2026-04-01T05:13:55","slug":"nox-at10-pro-cup-comfort-by-agustin-tapia-2025-4","status":"publish","type":"product","link":"https:\/\/revolutionpadelstore.com\/it\/prodotto\/nox-at10-pro-cup-comfort-by-agustin-tapia-2025-4\/","title":{"rendered":"NOX AT10 PRO CUP COMFORT BY AGUSTIN TAPIA 2025"},"content":{"rendered":"<h2>Nox AT10 Pro Cup Comfort By Agust\u00edn Tapia 2025, domina con tecnica<\/h2>\n<p>La racchetta Nox AT10 Pro Cup Comfort fa parte della collezione 2025 del marchio. Viene scelto da uno dei migliori giocatori del mondo, l&#8217;argentino <strong>Agust\u00edn Tapia<\/strong>. Potrai padroneggiare ogni punto, migliorando la tua tecnica e le tue prestazioni. Il suo design, in argento, e la texture 3D donano uno stile in pi\u00f9.<\/p>\n<h2>Nox AT10 Pro Cup Comfort By Agust\u00edn Tapia 2025, equilibrio per il tuo gioco<\/h2>\n<p>Questa nuova racchetta Nox nasce per offrire un maggiore comfort di gioco ai giocatori di livello avanzato e professionale. La sua forma a goccia e il bilanciamento medio forniscono un perfetto equilibrio tra controllo e potenza. Sentirai in ogni colpo come domini ogni punto a piacimento.<\/p>\n<p>\u00c8 ideale per i giocatori pi\u00f9 tecnici, proprio come il \u201c<strong>Mozart<\/strong>\u201d argentino. Dispone di numerose tecnologie di alta qualit\u00e0.<\/p>\n<h2>Caratteristiche Nox AT10 Pro Cup Comfort di Agust\u00edn Tapia 2025<\/h2>\n<p style=\"padding-left: 40px\"><em>-Fibra di vetro<\/em>, un tessuto in fibra di vetro che fornisce una <strong>rigidit\u00e0<\/strong> media.<\/p>\n<p style=\"padding-left: 40px\">-Forma a goccia e bilanciamento medio.<\/p>\n<p style=\"padding-left: 40px\"><em>-HR3 Rubber<\/em>, un nucleo che migliora la memoria, quindi recupera il suo stato prima di colpire la palla. Con questa gomma ottieni la massima potenza.<\/p>\n<p style=\"padding-left: 40px\"><em>-Telaio in carbonio<\/em>, maggiore rigidit\u00e0 e <strong>durabilit\u00e0<\/strong> del telaio e della pala in generale.<\/p>\n<p style=\"padding-left: 40px\"><em>-Smart strap<\/em>, un sistema che permette di <strong>sostituire il cavo<\/strong> facilmente, migliorando l&#8217;igiene, senza perdere la garanzia non dover manipolare il tappo inferiore.<\/p>\n<p style=\"padding-left: 40px\">-texture 3D.<\/p>\n<h3>Nox AT10 Pro Cup Comfort di Agust\u00edn Tapia 2025 disponibile presso Revolution Padel Store<\/h3>\n<p>Se sei un giocatore altamente competitivo e tecnico che preferisce l&#8217;equilibrio nel tuo gioco, questa nuova Nox AT10 Pro Cup Comfort sar\u00e0 la tua migliore alleata in campo. Sentiti come <strong>Agust\u00edn Tapia<\/strong> e goditi il \u200b\u200btuo sport preferito, a pieno regime.<\/p>\n<h2>Nox AT10 Pro Cup Comfort By Agust\u00edn Tapia 2025, domina a base de t\u00e9cnica<\/h2>\n","protected":false},"excerpt":{"rendered":"<p>Racchetta Nox AT10 Pro Cup Comfort di Agust\u00edn Tapia per giocatori competitivi di alto livello. Forma a goccia, per un equilibrio ideale tra potenza e controllo.<\/p>\n","protected":false},"featured_media":125348,"comment_status":"open","ping_status":"closed","template":"","meta":{"_acf_changed":false,"_joinchat":[]},"acabado":[1091],"balance":[1141],"dureza":[1156],"forma":[1186],"jugador":[1201,1191],"marca":[1261],"nivel-de-juego":[1336],"superficie":[1361],"tipo-de-juego":[1386],"product_brand":[],"product_cat":[301],"product_tag":[],"class_list":{"0":"post-72750","1":"product","2":"type-product","3":"status-publish","4":"has-post-thumbnail","6":"acabado-relieve-3d-it","7":"balance-medio-it","8":"dureza-media-it","9":"forma-lagrima-it","10":"jugador-multiuso","11":"jugador-uomo","12":"marca-nox-it","13":"superficie-rugosa-it","14":"tipo-de-juego-multiuso","15":"product_cat-palas-de-padel-it","17":"first","18":"instock","19":"sale","20":"taxable","21":"shipping-taxable","22":"purchasable","23":"product-type-simple"},"acf":[],"yoast_head":"<!-- This site is optimized with the Yoast SEO plugin v27.3 - https:\/\/yoast.com\/product\/yoast-seo-wordpress\/ -->\n<title>NOX AT10 PRO CUP COMFORT BY AGUSTIN TAPIA 2025 - Revolution Padel Store<\/title>\n<meta name=\"description\" content=\"Esta nueva pala de Nox llega para dotar de una mayor\u00a0comodidad\u00a0en el juego a jugadores de nivel avanzado y profesional. Su\u00a0forma de l\u00e1grima\u00a0y balance medio, otorgan un equilibrio perfecto entre\u00a0control y potencia. Sentir\u00e1s en cada golpeo c\u00f3mo dominas a tu antojo cada punto. Es ideal para jugadores m\u00e1s t\u00e9cnicos, al igual que el \u201cMozart\u201d argentino. Cuenta con numerosas tecnolog\u00edas de gran calidad.\" \/>\n<meta name=\"robots\" content=\"index, follow, max-snippet:-1, max-image-preview:large, max-video-preview:-1\" \/>\n<link rel=\"canonical\" href=\"https:\/\/revolutionpadelstore.com\/it\/prodotto\/nox-at10-pro-cup-comfort-by-agustin-tapia-2025-4\/\" \/>\n<meta property=\"og:locale\" content=\"it_IT\" \/>\n<meta property=\"og:type\" content=\"article\" \/>\n<meta property=\"og:title\" content=\"NOX AT10 PRO CUP COMFORT BY AGUSTIN TAPIA 2025 - Revolution Padel Store\" \/>\n<meta property=\"og:description\" content=\"Esta nueva pala de Nox llega para dotar de una mayor\u00a0comodidad\u00a0en el juego a jugadores de nivel avanzado y profesional. Su\u00a0forma de l\u00e1grima\u00a0y balance medio, otorgan un equilibrio perfecto entre\u00a0control y potencia. Sentir\u00e1s en cada golpeo c\u00f3mo dominas a tu antojo cada punto. Es ideal para jugadores m\u00e1s t\u00e9cnicos, al igual que el \u201cMozart\u201d argentino. Cuenta con numerosas tecnolog\u00edas de gran calidad.\" \/>\n<meta property=\"og:url\" content=\"https:\/\/revolutionpadelstore.com\/it\/prodotto\/nox-at10-pro-cup-comfort-by-agustin-tapia-2025-4\/\" \/>\n<meta property=\"og:site_name\" content=\"Revolution Padel Store\" \/>\n<meta property=\"article:modified_time\" content=\"2026-04-01T05:13:55+00:00\" \/>\n<meta property=\"og:image\" content=\"https:\/\/revolutionpadelstore.com\/wp-content\/uploads\/2024\/10\/113543_pala_nox_at10_pro_cup_comfort_by_agustin_tapia_pat10pcc25_1500x1500_1_438f.webp\" \/>\n\t<meta property=\"og:image:width\" content=\"1500\" \/>\n\t<meta property=\"og:image:height\" content=\"1500\" \/>\n\t<meta property=\"og:image:type\" content=\"image\/webp\" \/>\n<meta name=\"twitter:card\" content=\"summary_large_image\" \/>\n<meta name=\"twitter:label1\" content=\"Tempo di lettura stimato\" \/>\n\t<meta name=\"twitter:data1\" content=\"2 minuti\" \/>\n<script type=\"application\/ld+json\" class=\"yoast-schema-graph\">{\"@context\":\"https:\\\/\\\/schema.org\",\"@graph\":[{\"@type\":\"WebPage\",\"@id\":\"https:\\\/\\\/revolutionpadelstore.com\\\/it\\\/prodotto\\\/nox-at10-pro-cup-comfort-by-agustin-tapia-2025-4\\\/\",\"url\":\"https:\\\/\\\/revolutionpadelstore.com\\\/it\\\/prodotto\\\/nox-at10-pro-cup-comfort-by-agustin-tapia-2025-4\\\/\",\"name\":\"NOX AT10 PRO CUP COMFORT BY AGUSTIN TAPIA 2025 - Revolution Padel Store\",\"isPartOf\":{\"@id\":\"https:\\\/\\\/revolutionpadelstore.com\\\/it\\\/#website\"},\"primaryImageOfPage\":{\"@id\":\"https:\\\/\\\/revolutionpadelstore.com\\\/it\\\/prodotto\\\/nox-at10-pro-cup-comfort-by-agustin-tapia-2025-4\\\/#primaryimage\"},\"image\":{\"@id\":\"https:\\\/\\\/revolutionpadelstore.com\\\/it\\\/prodotto\\\/nox-at10-pro-cup-comfort-by-agustin-tapia-2025-4\\\/#primaryimage\"},\"thumbnailUrl\":\"https:\\\/\\\/revolutionpadelstore.com\\\/wp-content\\\/uploads\\\/2024\\\/10\\\/113543_pala_nox_at10_pro_cup_comfort_by_agustin_tapia_pat10pcc25_1500x1500_1_438f.webp\",\"datePublished\":\"2024-09-25T21:09:47+00:00\",\"dateModified\":\"2026-04-01T05:13:55+00:00\",\"description\":\"Esta nueva pala de Nox llega para dotar de una mayor\u00a0comodidad\u00a0en el juego a jugadores de nivel avanzado y profesional. Su\u00a0forma de l\u00e1grima\u00a0y balance medio, otorgan un equilibrio perfecto entre\u00a0control y potencia. Sentir\u00e1s en cada golpeo c\u00f3mo dominas a tu antojo cada punto. Es ideal para jugadores m\u00e1s t\u00e9cnicos, al igual que el \u201cMozart\u201d argentino. Cuenta con numerosas tecnolog\u00edas de gran calidad.\",\"breadcrumb\":{\"@id\":\"https:\\\/\\\/revolutionpadelstore.com\\\/it\\\/prodotto\\\/nox-at10-pro-cup-comfort-by-agustin-tapia-2025-4\\\/#breadcrumb\"},\"inLanguage\":\"it-IT\",\"potentialAction\":[{\"@type\":\"ReadAction\",\"target\":[\"https:\\\/\\\/revolutionpadelstore.com\\\/it\\\/prodotto\\\/nox-at10-pro-cup-comfort-by-agustin-tapia-2025-4\\\/\"]}]},{\"@type\":\"ImageObject\",\"inLanguage\":\"it-IT\",\"@id\":\"https:\\\/\\\/revolutionpadelstore.com\\\/it\\\/prodotto\\\/nox-at10-pro-cup-comfort-by-agustin-tapia-2025-4\\\/#primaryimage\",\"url\":\"https:\\\/\\\/revolutionpadelstore.com\\\/wp-content\\\/uploads\\\/2024\\\/10\\\/113543_pala_nox_at10_pro_cup_comfort_by_agustin_tapia_pat10pcc25_1500x1500_1_438f.webp\",\"contentUrl\":\"https:\\\/\\\/revolutionpadelstore.com\\\/wp-content\\\/uploads\\\/2024\\\/10\\\/113543_pala_nox_at10_pro_cup_comfort_by_agustin_tapia_pat10pcc25_1500x1500_1_438f.webp\",\"width\":1500,\"height\":1500},{\"@type\":\"BreadcrumbList\",\"@id\":\"https:\\\/\\\/revolutionpadelstore.com\\\/it\\\/prodotto\\\/nox-at10-pro-cup-comfort-by-agustin-tapia-2025-4\\\/#breadcrumb\",\"itemListElement\":[{\"@type\":\"ListItem\",\"position\":1,\"name\":\"Portada\",\"item\":\"https:\\\/\\\/revolutionpadelstore.com\\\/it\\\/\"},{\"@type\":\"ListItem\",\"position\":2,\"name\":\"Tienda\",\"item\":\"https:\\\/\\\/revolutionpadelstore.com\\\/it\\\/tienda\\\/\"},{\"@type\":\"ListItem\",\"position\":3,\"name\":\"NOX AT10 PRO CUP COMFORT BY AGUSTIN TAPIA 2025\"}]},{\"@type\":\"WebSite\",\"@id\":\"https:\\\/\\\/revolutionpadelstore.com\\\/it\\\/#website\",\"url\":\"https:\\\/\\\/revolutionpadelstore.com\\\/it\\\/\",\"name\":\"Revolution Padel Store\",\"description\":\"\",\"publisher\":{\"@id\":\"https:\\\/\\\/revolutionpadelstore.com\\\/it\\\/#organization\"},\"potentialAction\":[{\"@type\":\"SearchAction\",\"target\":{\"@type\":\"EntryPoint\",\"urlTemplate\":\"https:\\\/\\\/revolutionpadelstore.com\\\/it\\\/?s={search_term_string}\"},\"query-input\":{\"@type\":\"PropertyValueSpecification\",\"valueRequired\":true,\"valueName\":\"search_term_string\"}}],\"inLanguage\":\"it-IT\"},{\"@type\":\"Organization\",\"@id\":\"https:\\\/\\\/revolutionpadelstore.com\\\/it\\\/#organization\",\"name\":\"Revolution Padel Store\",\"url\":\"https:\\\/\\\/revolutionpadelstore.com\\\/it\\\/\",\"logo\":{\"@type\":\"ImageObject\",\"inLanguage\":\"it-IT\",\"@id\":\"https:\\\/\\\/revolutionpadelstore.com\\\/it\\\/#\\\/schema\\\/logo\\\/image\\\/\",\"url\":\"https:\\\/\\\/revolutionpadelstore.com\\\/wp-content\\\/uploads\\\/2026\\\/02\\\/revolution-padel-store.jpg\",\"contentUrl\":\"https:\\\/\\\/revolutionpadelstore.com\\\/wp-content\\\/uploads\\\/2026\\\/02\\\/revolution-padel-store.jpg\",\"width\":2000,\"height\":2000,\"caption\":\"Revolution Padel Store\"},\"image\":{\"@id\":\"https:\\\/\\\/revolutionpadelstore.com\\\/it\\\/#\\\/schema\\\/logo\\\/image\\\/\"},\"sameAs\":[\"https:\\\/\\\/www.instagram.com\\\/revolutionpadelstore\\\/\"]}]}<\/script>\n<!-- \/ Yoast SEO plugin. -->","yoast_head_json":{"title":"NOX AT10 PRO CUP COMFORT BY AGUSTIN TAPIA 2025 - Revolution Padel Store","description":"Esta nueva pala de Nox llega para dotar de una mayor\u00a0comodidad\u00a0en el juego a jugadores de nivel avanzado y profesional. Su\u00a0forma de l\u00e1grima\u00a0y balance medio, otorgan un equilibrio perfecto entre\u00a0control y potencia. Sentir\u00e1s en cada golpeo c\u00f3mo dominas a tu antojo cada punto. Es ideal para jugadores m\u00e1s t\u00e9cnicos, al igual que el \u201cMozart\u201d argentino. Cuenta con numerosas tecnolog\u00edas de gran calidad.","robots":{"index":"index","follow":"follow","max-snippet":"max-snippet:-1","max-image-preview":"max-image-preview:large","max-video-preview":"max-video-preview:-1"},"canonical":"https:\/\/revolutionpadelstore.com\/it\/prodotto\/nox-at10-pro-cup-comfort-by-agustin-tapia-2025-4\/","og_locale":"it_IT","og_type":"article","og_title":"NOX AT10 PRO CUP COMFORT BY AGUSTIN TAPIA 2025 - Revolution Padel Store","og_description":"Esta nueva pala de Nox llega para dotar de una mayor\u00a0comodidad\u00a0en el juego a jugadores de nivel avanzado y profesional. Su\u00a0forma de l\u00e1grima\u00a0y balance medio, otorgan un equilibrio perfecto entre\u00a0control y potencia. Sentir\u00e1s en cada golpeo c\u00f3mo dominas a tu antojo cada punto. Es ideal para jugadores m\u00e1s t\u00e9cnicos, al igual que el \u201cMozart\u201d argentino. Cuenta con numerosas tecnolog\u00edas de gran calidad.","og_url":"https:\/\/revolutionpadelstore.com\/it\/prodotto\/nox-at10-pro-cup-comfort-by-agustin-tapia-2025-4\/","og_site_name":"Revolution Padel Store","article_modified_time":"2026-04-01T05:13:55+00:00","og_image":[{"width":1500,"height":1500,"url":"https:\/\/revolutionpadelstore.com\/wp-content\/uploads\/2024\/10\/113543_pala_nox_at10_pro_cup_comfort_by_agustin_tapia_pat10pcc25_1500x1500_1_438f.webp","type":"image\/webp"}],"twitter_card":"summary_large_image","twitter_misc":{"Tempo di lettura stimato":"2 minuti"},"schema":{"@context":"https:\/\/schema.org","@graph":[{"@type":"WebPage","@id":"https:\/\/revolutionpadelstore.com\/it\/prodotto\/nox-at10-pro-cup-comfort-by-agustin-tapia-2025-4\/","url":"https:\/\/revolutionpadelstore.com\/it\/prodotto\/nox-at10-pro-cup-comfort-by-agustin-tapia-2025-4\/","name":"NOX AT10 PRO CUP COMFORT BY AGUSTIN TAPIA 2025 - Revolution Padel Store","isPartOf":{"@id":"https:\/\/revolutionpadelstore.com\/it\/#website"},"primaryImageOfPage":{"@id":"https:\/\/revolutionpadelstore.com\/it\/prodotto\/nox-at10-pro-cup-comfort-by-agustin-tapia-2025-4\/#primaryimage"},"image":{"@id":"https:\/\/revolutionpadelstore.com\/it\/prodotto\/nox-at10-pro-cup-comfort-by-agustin-tapia-2025-4\/#primaryimage"},"thumbnailUrl":"https:\/\/revolutionpadelstore.com\/wp-content\/uploads\/2024\/10\/113543_pala_nox_at10_pro_cup_comfort_by_agustin_tapia_pat10pcc25_1500x1500_1_438f.webp","datePublished":"2024-09-25T21:09:47+00:00","dateModified":"2026-04-01T05:13:55+00:00","description":"Esta nueva pala de Nox llega para dotar de una mayor\u00a0comodidad\u00a0en el juego a jugadores de nivel avanzado y profesional. Su\u00a0forma de l\u00e1grima\u00a0y balance medio, otorgan un equilibrio perfecto entre\u00a0control y potencia. Sentir\u00e1s en cada golpeo c\u00f3mo dominas a tu antojo cada punto. Es ideal para jugadores m\u00e1s t\u00e9cnicos, al igual que el \u201cMozart\u201d argentino. Cuenta con numerosas tecnolog\u00edas de gran calidad.","breadcrumb":{"@id":"https:\/\/revolutionpadelstore.com\/it\/prodotto\/nox-at10-pro-cup-comfort-by-agustin-tapia-2025-4\/#breadcrumb"},"inLanguage":"it-IT","potentialAction":[{"@type":"ReadAction","target":["https:\/\/revolutionpadelstore.com\/it\/prodotto\/nox-at10-pro-cup-comfort-by-agustin-tapia-2025-4\/"]}]},{"@type":"ImageObject","inLanguage":"it-IT","@id":"https:\/\/revolutionpadelstore.com\/it\/prodotto\/nox-at10-pro-cup-comfort-by-agustin-tapia-2025-4\/#primaryimage","url":"https:\/\/revolutionpadelstore.com\/wp-content\/uploads\/2024\/10\/113543_pala_nox_at10_pro_cup_comfort_by_agustin_tapia_pat10pcc25_1500x1500_1_438f.webp","contentUrl":"https:\/\/revolutionpadelstore.com\/wp-content\/uploads\/2024\/10\/113543_pala_nox_at10_pro_cup_comfort_by_agustin_tapia_pat10pcc25_1500x1500_1_438f.webp","width":1500,"height":1500},{"@type":"BreadcrumbList","@id":"https:\/\/revolutionpadelstore.com\/it\/prodotto\/nox-at10-pro-cup-comfort-by-agustin-tapia-2025-4\/#breadcrumb","itemListElement":[{"@type":"ListItem","position":1,"name":"Portada","item":"https:\/\/revolutionpadelstore.com\/it\/"},{"@type":"ListItem","position":2,"name":"Tienda","item":"https:\/\/revolutionpadelstore.com\/it\/tienda\/"},{"@type":"ListItem","position":3,"name":"NOX AT10 PRO CUP COMFORT BY AGUSTIN TAPIA 2025"}]},{"@type":"WebSite","@id":"https:\/\/revolutionpadelstore.com\/it\/#website","url":"https:\/\/revolutionpadelstore.com\/it\/","name":"Revolution Padel Store","description":"","publisher":{"@id":"https:\/\/revolutionpadelstore.com\/it\/#organization"},"potentialAction":[{"@type":"SearchAction","target":{"@type":"EntryPoint","urlTemplate":"https:\/\/revolutionpadelstore.com\/it\/?s={search_term_string}"},"query-input":{"@type":"PropertyValueSpecification","valueRequired":true,"valueName":"search_term_string"}}],"inLanguage":"it-IT"},{"@type":"Organization","@id":"https:\/\/revolutionpadelstore.com\/it\/#organization","name":"Revolution Padel Store","url":"https:\/\/revolutionpadelstore.com\/it\/","logo":{"@type":"ImageObject","inLanguage":"it-IT","@id":"https:\/\/revolutionpadelstore.com\/it\/#\/schema\/logo\/image\/","url":"https:\/\/revolutionpadelstore.com\/wp-content\/uploads\/2026\/02\/revolution-padel-store.jpg","contentUrl":"https:\/\/revolutionpadelstore.com\/wp-content\/uploads\/2026\/02\/revolution-padel-store.jpg","width":2000,"height":2000,"caption":"Revolution Padel Store"},"image":{"@id":"https:\/\/revolutionpadelstore.com\/it\/#\/schema\/logo\/image\/"},"sameAs":["https:\/\/www.instagram.com\/revolutionpadelstore\/"]}]}},"_links":{"self":[{"href":"https:\/\/revolutionpadelstore.com\/it\/wp-json\/wp\/v2\/product\/72750","targetHints":{"allow":["GET"]}}],"collection":[{"href":"https:\/\/revolutionpadelstore.com\/it\/wp-json\/wp\/v2\/product"}],"about":[{"href":"https:\/\/revolutionpadelstore.com\/it\/wp-json\/wp\/v2\/types\/product"}],"replies":[{"embeddable":true,"href":"https:\/\/revolutionpadelstore.com\/it\/wp-json\/wp\/v2\/comments?post=72750"}],"wp:featuredmedia":[{"embeddable":true,"href":"https:\/\/revolutionpadelstore.com\/it\/wp-json\/wp\/v2\/media\/125348"}],"wp:attachment":[{"href":"https:\/\/revolutionpadelstore.com\/it\/wp-json\/wp\/v2\/media?parent=72750"}],"wp:term":[{"taxonomy":"acabado","embeddable":true,"href":"https:\/\/revolutionpadelstore.com\/it\/wp-json\/wp\/v2\/acabado?post=72750"},{"taxonomy":"balance","embeddable":true,"href":"https:\/\/revolutionpadelstore.com\/it\/wp-json\/wp\/v2\/balance?post=72750"},{"taxonomy":"dureza","embeddable":true,"href":"https:\/\/revolutionpadelstore.com\/it\/wp-json\/wp\/v2\/dureza?post=72750"},{"taxonomy":"forma","embeddable":true,"href":"https:\/\/revolutionpadelstore.com\/it\/wp-json\/wp\/v2\/forma?post=72750"},{"taxonomy":"jugador","embeddable":true,"href":"https:\/\/revolutionpadelstore.com\/it\/wp-json\/wp\/v2\/jugador?post=72750"},{"taxonomy":"marca","embeddable":true,"href":"https:\/\/revolutionpadelstore.com\/it\/wp-json\/wp\/v2\/marca?post=72750"},{"taxonomy":"nivel-de-juego","embeddable":true,"href":"https:\/\/revolutionpadelstore.com\/it\/wp-json\/wp\/v2\/nivel-de-juego?post=72750"},{"taxonomy":"superficie","embeddable":true,"href":"https:\/\/revolutionpadelstore.com\/it\/wp-json\/wp\/v2\/superficie?post=72750"},{"taxonomy":"tipo-de-juego","embeddable":true,"href":"https:\/\/revolutionpadelstore.com\/it\/wp-json\/wp\/v2\/tipo-de-juego?post=72750"},{"taxonomy":"product_brand","embeddable":true,"href":"https:\/\/revolutionpadelstore.com\/it\/wp-json\/wp\/v2\/product_brand?post=72750"},{"taxonomy":"product_cat","embeddable":true,"href":"https:\/\/revolutionpadelstore.com\/it\/wp-json\/wp\/v2\/product_cat?post=72750"},{"taxonomy":"product_tag","embeddable":true,"href":"https:\/\/revolutionpadelstore.com\/it\/wp-json\/wp\/v2\/product_tag?post=72750"}],"curies":[{"name":"wp","href":"https:\/\/api.w.org\/{rel}","templated":true}]}}