{"id":72745,"date":"2024-09-25T23:17:45","date_gmt":"2024-09-25T21:17:45","guid":{"rendered":"https:\/\/revolutionpadelstore.com\/nox-at10-pro-cup-hard-by-agustin-tapia-2025\/"},"modified":"2026-04-01T07:13:29","modified_gmt":"2026-04-01T05:13:29","slug":"nox-at10-pro-cup-hard-by-agustin-tapia-2025-4","status":"publish","type":"product","link":"https:\/\/revolutionpadelstore.com\/it\/prodotto\/nox-at10-pro-cup-hard-by-agustin-tapia-2025-4\/","title":{"rendered":"NOX AT10 PRO CUP HARD BY AGUSTIN TAPIA 2025"},"content":{"rendered":"<h2>Nox AT10 Pro Cup Hard By Agust\u00edn Tapia 2025, tiri veloci con la massima precisione<\/h2>\n<p>La racchetta Nox AT10 Pro Cup Hard, parte della collezione 2025, \u00e8 stata scelta da uno dei giocatori pi\u00f9 importanti del padel mondiale, l&#8217;argentino <strong>Agust\u00edn Tapia<\/strong>. Questo modello \u00e8 progettato per offrire prestazioni superiori, permettendoti di padroneggiare ogni punto con un notevole miglioramento nella tecnica e nel controllo del gioco. Il suo elegante design nero, con dettagli argentati e texture 3D, le conferisce un tocco stilizzato e moderno che non passa inosservato in campo.<\/p>\n<h2>Nox AT10 Pro Cup Hard By Agust\u00edn Tapia 2025, giocatori professionisti ad alte prestazioni<\/h2>\n<p>Questa nuova versione di Nox \u00e8 rivolta a giocatori avanzati e professionisti che desiderano aumentare la velocit\u00e0 del proprio gioco. La forma a goccia e il bilanciamento medio della racchetta forniscono un eccellente equilibrio tra controllo e potenza, facilitando prestazioni ottimali sia nei colpi difensivi che offensivi. Ogni colpo con l&#8217;AT10 Pro Cup Hard ti permette di sentire come controlli il ritmo della partita, una caratteristica ideale per i giocatori tecnici come il &#8220;Mozart&#8221; del padel, Agust\u00edn Tapia. Questa racchetta dispone di una serie di tecnologie avanzate che ne migliorano la qualit\u00e0 e le prestazioni.<\/p>\n<h2>Caratteristiche Nox AT10 Pro Cup Hard di Agust\u00edn Tapia 2025<\/h2>\n<p style=\"padding-left: 40px\"><em>-Fiber Glass Silver<\/em>, una fibra di vetro che offre una rigidit\u00e0 intermedia tra carbonio e vetro, fornendo una sensazione di <strong>controllo<\/em> strong&gt; senza sacrificare la <strong>potenza<\/strong>.<\/p>\n<p style=\"padding-left: 40px\"><em>-Gomma EV50<\/em>, ad alta densit\u00e0 e reattivit\u00e0, che aumenta la velocit\u00e0 della palla sui colpi vicino alla rete, offrendo un tocco solido con toni medio-alti durezza.<\/p>\n<p style=\"padding-left: 40px\"><em>-Carbon Frame<\/em>, che garantisce maggiore <strong>durabilit\u00e0<\/strong> e rigidit\u00e0 all&#8217;intera struttura della racchetta<\/p>\n<p style=\"padding-left: 40px\"><em>-Smart Strap System<\/em>, che consente di sostituire facilmente il cavo, migliorando l&#8217;igiene e mantenendo intatta la garanzia.<\/p>\n<h3>Nox AT10 Pro Cup Hard di Agust\u00edn Tapia 2025 ora disponibile presso Revolution Padel Store<\/h3>\n<p>Se sei un giocatore competitivo alla ricerca di equilibrio nel tuo gioco e maggiore velocit\u00e0 nei tiri, la Nox AT10 Pro Cup Hard \u00e8 l&#8217;opzione perfetta.<\/p>\n<h2>Nox AT10 Pro Cup Hard By Agust\u00edn Tapia 2025, golpes veloces con la mayor precisi\u00f3n<\/h2>\n","protected":false},"excerpt":{"rendered":"<p>Racchetta Nox AT10 Pro Cup Hard del giocatore Agust\u00edn Tapia, della collezione 2025, con forma a goccia, per giocatori ad alte prestazioni.<\/p>\n","protected":false},"featured_media":125354,"comment_status":"open","ping_status":"closed","template":"","meta":{"_acf_changed":false,"_joinchat":[]},"acabado":[1091],"balance":[1141],"dureza":[1156],"forma":[1186],"jugador":[1201,1191],"marca":[1261],"nivel-de-juego":[1336],"superficie":[1361],"tipo-de-juego":[1386],"product_brand":[],"product_cat":[301],"product_tag":[],"class_list":{"0":"post-72745","1":"product","2":"type-product","3":"status-publish","4":"has-post-thumbnail","6":"acabado-relieve-3d-it","7":"balance-medio-it","8":"dureza-media-it","9":"forma-lagrima-it","10":"jugador-multiuso","11":"jugador-uomo","12":"marca-nox-it","13":"superficie-rugosa-it","14":"tipo-de-juego-multiuso","15":"product_cat-palas-de-padel-it","17":"first","18":"instock","19":"sale","20":"taxable","21":"shipping-taxable","22":"purchasable","23":"product-type-simple"},"acf":[],"yoast_head":"<!-- This site is optimized with the Yoast SEO plugin v27.3 - https:\/\/yoast.com\/product\/yoast-seo-wordpress\/ -->\n<title>NOX AT10 PRO CUP HARD BY AGUSTIN TAPIA 2025 - Revolution Padel Store<\/title>\n<meta name=\"description\" content=\"Este nuevo lanzamiento de Nox est\u00e1 dirigido a jugadores de\u00a0nivel avanzado\u00a0y\u00a0profesional\u00a0que buscan aumentar la velocidad de su juego. La\u00a0forma de l\u00e1grima\u00a0y el balance medio de la pala proporcionan un equilibrio excelente entre control y potencia, lo que facilita un\u00a0rendimiento\u00a0\u00f3ptimo tanto en golpes defensivos como ofensivos. Cada golpe con la AT10 Pro Cup Hard te permite sentir c\u00f3mo\u00a0controlas el ritmo\u00a0del partido, una caracter\u00edstica ideal para jugadores t\u00e9cnicos como el propio &quot;Mozart&quot; del p\u00e1del, Agust\u00edn Tapia. Esta pala cuenta con una serie de tecnolog\u00edas avanzadas que mejoran su calidad y rendimiento.\" \/>\n<meta name=\"robots\" content=\"index, follow, max-snippet:-1, max-image-preview:large, max-video-preview:-1\" \/>\n<link rel=\"canonical\" href=\"https:\/\/revolutionpadelstore.com\/it\/prodotto\/nox-at10-pro-cup-hard-by-agustin-tapia-2025-4\/\" \/>\n<meta property=\"og:locale\" content=\"it_IT\" \/>\n<meta property=\"og:type\" content=\"article\" \/>\n<meta property=\"og:title\" content=\"NOX AT10 PRO CUP HARD BY AGUSTIN TAPIA 2025 - Revolution Padel Store\" \/>\n<meta property=\"og:description\" content=\"Este nuevo lanzamiento de Nox est\u00e1 dirigido a jugadores de\u00a0nivel avanzado\u00a0y\u00a0profesional\u00a0que buscan aumentar la velocidad de su juego. La\u00a0forma de l\u00e1grima\u00a0y el balance medio de la pala proporcionan un equilibrio excelente entre control y potencia, lo que facilita un\u00a0rendimiento\u00a0\u00f3ptimo tanto en golpes defensivos como ofensivos. Cada golpe con la AT10 Pro Cup Hard te permite sentir c\u00f3mo\u00a0controlas el ritmo\u00a0del partido, una caracter\u00edstica ideal para jugadores t\u00e9cnicos como el propio &quot;Mozart&quot; del p\u00e1del, Agust\u00edn Tapia. Esta pala cuenta con una serie de tecnolog\u00edas avanzadas que mejoran su calidad y rendimiento.\" \/>\n<meta property=\"og:url\" content=\"https:\/\/revolutionpadelstore.com\/it\/prodotto\/nox-at10-pro-cup-hard-by-agustin-tapia-2025-4\/\" \/>\n<meta property=\"og:site_name\" content=\"Revolution Padel Store\" \/>\n<meta property=\"article:modified_time\" content=\"2026-04-01T05:13:29+00:00\" \/>\n<meta property=\"og:image\" content=\"https:\/\/revolutionpadelstore.com\/wp-content\/uploads\/2024\/10\/113544_pala_nox_at10_pro_cup_hard_by_agustin_tapia_pat10pch25_1500x1500_1_f947.webp\" \/>\n\t<meta property=\"og:image:width\" content=\"1500\" \/>\n\t<meta property=\"og:image:height\" content=\"1500\" \/>\n\t<meta property=\"og:image:type\" content=\"image\/webp\" \/>\n<meta name=\"twitter:card\" content=\"summary_large_image\" \/>\n<meta name=\"twitter:label1\" content=\"Tempo di lettura stimato\" \/>\n\t<meta name=\"twitter:data1\" content=\"2 minuti\" \/>\n<script type=\"application\/ld+json\" class=\"yoast-schema-graph\">{\"@context\":\"https:\\\/\\\/schema.org\",\"@graph\":[{\"@type\":\"WebPage\",\"@id\":\"https:\\\/\\\/revolutionpadelstore.com\\\/it\\\/prodotto\\\/nox-at10-pro-cup-hard-by-agustin-tapia-2025-4\\\/\",\"url\":\"https:\\\/\\\/revolutionpadelstore.com\\\/it\\\/prodotto\\\/nox-at10-pro-cup-hard-by-agustin-tapia-2025-4\\\/\",\"name\":\"NOX AT10 PRO CUP HARD BY AGUSTIN TAPIA 2025 - Revolution Padel Store\",\"isPartOf\":{\"@id\":\"https:\\\/\\\/revolutionpadelstore.com\\\/it\\\/#website\"},\"primaryImageOfPage\":{\"@id\":\"https:\\\/\\\/revolutionpadelstore.com\\\/it\\\/prodotto\\\/nox-at10-pro-cup-hard-by-agustin-tapia-2025-4\\\/#primaryimage\"},\"image\":{\"@id\":\"https:\\\/\\\/revolutionpadelstore.com\\\/it\\\/prodotto\\\/nox-at10-pro-cup-hard-by-agustin-tapia-2025-4\\\/#primaryimage\"},\"thumbnailUrl\":\"https:\\\/\\\/revolutionpadelstore.com\\\/wp-content\\\/uploads\\\/2024\\\/10\\\/113544_pala_nox_at10_pro_cup_hard_by_agustin_tapia_pat10pch25_1500x1500_1_f947.webp\",\"datePublished\":\"2024-09-25T21:17:45+00:00\",\"dateModified\":\"2026-04-01T05:13:29+00:00\",\"description\":\"Este nuevo lanzamiento de Nox est\u00e1 dirigido a jugadores de\u00a0nivel avanzado\u00a0y\u00a0profesional\u00a0que buscan aumentar la velocidad de su juego. La\u00a0forma de l\u00e1grima\u00a0y el balance medio de la pala proporcionan un equilibrio excelente entre control y potencia, lo que facilita un\u00a0rendimiento\u00a0\u00f3ptimo tanto en golpes defensivos como ofensivos. Cada golpe con la AT10 Pro Cup Hard te permite sentir c\u00f3mo\u00a0controlas el ritmo\u00a0del partido, una caracter\u00edstica ideal para jugadores t\u00e9cnicos como el propio \\\"Mozart\\\" del p\u00e1del, Agust\u00edn Tapia. Esta pala cuenta con una serie de tecnolog\u00edas avanzadas que mejoran su calidad y rendimiento.\",\"breadcrumb\":{\"@id\":\"https:\\\/\\\/revolutionpadelstore.com\\\/it\\\/prodotto\\\/nox-at10-pro-cup-hard-by-agustin-tapia-2025-4\\\/#breadcrumb\"},\"inLanguage\":\"it-IT\",\"potentialAction\":[{\"@type\":\"ReadAction\",\"target\":[\"https:\\\/\\\/revolutionpadelstore.com\\\/it\\\/prodotto\\\/nox-at10-pro-cup-hard-by-agustin-tapia-2025-4\\\/\"]}]},{\"@type\":\"ImageObject\",\"inLanguage\":\"it-IT\",\"@id\":\"https:\\\/\\\/revolutionpadelstore.com\\\/it\\\/prodotto\\\/nox-at10-pro-cup-hard-by-agustin-tapia-2025-4\\\/#primaryimage\",\"url\":\"https:\\\/\\\/revolutionpadelstore.com\\\/wp-content\\\/uploads\\\/2024\\\/10\\\/113544_pala_nox_at10_pro_cup_hard_by_agustin_tapia_pat10pch25_1500x1500_1_f947.webp\",\"contentUrl\":\"https:\\\/\\\/revolutionpadelstore.com\\\/wp-content\\\/uploads\\\/2024\\\/10\\\/113544_pala_nox_at10_pro_cup_hard_by_agustin_tapia_pat10pch25_1500x1500_1_f947.webp\",\"width\":1500,\"height\":1500},{\"@type\":\"BreadcrumbList\",\"@id\":\"https:\\\/\\\/revolutionpadelstore.com\\\/it\\\/prodotto\\\/nox-at10-pro-cup-hard-by-agustin-tapia-2025-4\\\/#breadcrumb\",\"itemListElement\":[{\"@type\":\"ListItem\",\"position\":1,\"name\":\"Portada\",\"item\":\"https:\\\/\\\/revolutionpadelstore.com\\\/it\\\/\"},{\"@type\":\"ListItem\",\"position\":2,\"name\":\"Tienda\",\"item\":\"https:\\\/\\\/revolutionpadelstore.com\\\/it\\\/tienda\\\/\"},{\"@type\":\"ListItem\",\"position\":3,\"name\":\"NOX AT10 PRO CUP HARD BY AGUSTIN TAPIA 2025\"}]},{\"@type\":\"WebSite\",\"@id\":\"https:\\\/\\\/revolutionpadelstore.com\\\/it\\\/#website\",\"url\":\"https:\\\/\\\/revolutionpadelstore.com\\\/it\\\/\",\"name\":\"Revolution Padel Store\",\"description\":\"\",\"publisher\":{\"@id\":\"https:\\\/\\\/revolutionpadelstore.com\\\/it\\\/#organization\"},\"potentialAction\":[{\"@type\":\"SearchAction\",\"target\":{\"@type\":\"EntryPoint\",\"urlTemplate\":\"https:\\\/\\\/revolutionpadelstore.com\\\/it\\\/?s={search_term_string}\"},\"query-input\":{\"@type\":\"PropertyValueSpecification\",\"valueRequired\":true,\"valueName\":\"search_term_string\"}}],\"inLanguage\":\"it-IT\"},{\"@type\":\"Organization\",\"@id\":\"https:\\\/\\\/revolutionpadelstore.com\\\/it\\\/#organization\",\"name\":\"Revolution Padel Store\",\"url\":\"https:\\\/\\\/revolutionpadelstore.com\\\/it\\\/\",\"logo\":{\"@type\":\"ImageObject\",\"inLanguage\":\"it-IT\",\"@id\":\"https:\\\/\\\/revolutionpadelstore.com\\\/it\\\/#\\\/schema\\\/logo\\\/image\\\/\",\"url\":\"https:\\\/\\\/revolutionpadelstore.com\\\/wp-content\\\/uploads\\\/2026\\\/02\\\/revolution-padel-store.jpg\",\"contentUrl\":\"https:\\\/\\\/revolutionpadelstore.com\\\/wp-content\\\/uploads\\\/2026\\\/02\\\/revolution-padel-store.jpg\",\"width\":2000,\"height\":2000,\"caption\":\"Revolution Padel Store\"},\"image\":{\"@id\":\"https:\\\/\\\/revolutionpadelstore.com\\\/it\\\/#\\\/schema\\\/logo\\\/image\\\/\"},\"sameAs\":[\"https:\\\/\\\/www.instagram.com\\\/revolutionpadelstore\\\/\"]}]}<\/script>\n<!-- \/ Yoast SEO plugin. -->","yoast_head_json":{"title":"NOX AT10 PRO CUP HARD BY AGUSTIN TAPIA 2025 - Revolution Padel Store","description":"Este nuevo lanzamiento de Nox est\u00e1 dirigido a jugadores de\u00a0nivel avanzado\u00a0y\u00a0profesional\u00a0que buscan aumentar la velocidad de su juego. La\u00a0forma de l\u00e1grima\u00a0y el balance medio de la pala proporcionan un equilibrio excelente entre control y potencia, lo que facilita un\u00a0rendimiento\u00a0\u00f3ptimo tanto en golpes defensivos como ofensivos. Cada golpe con la AT10 Pro Cup Hard te permite sentir c\u00f3mo\u00a0controlas el ritmo\u00a0del partido, una caracter\u00edstica ideal para jugadores t\u00e9cnicos como el propio \"Mozart\" del p\u00e1del, Agust\u00edn Tapia. Esta pala cuenta con una serie de tecnolog\u00edas avanzadas que mejoran su calidad y rendimiento.","robots":{"index":"index","follow":"follow","max-snippet":"max-snippet:-1","max-image-preview":"max-image-preview:large","max-video-preview":"max-video-preview:-1"},"canonical":"https:\/\/revolutionpadelstore.com\/it\/prodotto\/nox-at10-pro-cup-hard-by-agustin-tapia-2025-4\/","og_locale":"it_IT","og_type":"article","og_title":"NOX AT10 PRO CUP HARD BY AGUSTIN TAPIA 2025 - Revolution Padel Store","og_description":"Este nuevo lanzamiento de Nox est\u00e1 dirigido a jugadores de\u00a0nivel avanzado\u00a0y\u00a0profesional\u00a0que buscan aumentar la velocidad de su juego. La\u00a0forma de l\u00e1grima\u00a0y el balance medio de la pala proporcionan un equilibrio excelente entre control y potencia, lo que facilita un\u00a0rendimiento\u00a0\u00f3ptimo tanto en golpes defensivos como ofensivos. Cada golpe con la AT10 Pro Cup Hard te permite sentir c\u00f3mo\u00a0controlas el ritmo\u00a0del partido, una caracter\u00edstica ideal para jugadores t\u00e9cnicos como el propio \"Mozart\" del p\u00e1del, Agust\u00edn Tapia. Esta pala cuenta con una serie de tecnolog\u00edas avanzadas que mejoran su calidad y rendimiento.","og_url":"https:\/\/revolutionpadelstore.com\/it\/prodotto\/nox-at10-pro-cup-hard-by-agustin-tapia-2025-4\/","og_site_name":"Revolution Padel Store","article_modified_time":"2026-04-01T05:13:29+00:00","og_image":[{"width":1500,"height":1500,"url":"https:\/\/revolutionpadelstore.com\/wp-content\/uploads\/2024\/10\/113544_pala_nox_at10_pro_cup_hard_by_agustin_tapia_pat10pch25_1500x1500_1_f947.webp","type":"image\/webp"}],"twitter_card":"summary_large_image","twitter_misc":{"Tempo di lettura stimato":"2 minuti"},"schema":{"@context":"https:\/\/schema.org","@graph":[{"@type":"WebPage","@id":"https:\/\/revolutionpadelstore.com\/it\/prodotto\/nox-at10-pro-cup-hard-by-agustin-tapia-2025-4\/","url":"https:\/\/revolutionpadelstore.com\/it\/prodotto\/nox-at10-pro-cup-hard-by-agustin-tapia-2025-4\/","name":"NOX AT10 PRO CUP HARD BY AGUSTIN TAPIA 2025 - Revolution Padel Store","isPartOf":{"@id":"https:\/\/revolutionpadelstore.com\/it\/#website"},"primaryImageOfPage":{"@id":"https:\/\/revolutionpadelstore.com\/it\/prodotto\/nox-at10-pro-cup-hard-by-agustin-tapia-2025-4\/#primaryimage"},"image":{"@id":"https:\/\/revolutionpadelstore.com\/it\/prodotto\/nox-at10-pro-cup-hard-by-agustin-tapia-2025-4\/#primaryimage"},"thumbnailUrl":"https:\/\/revolutionpadelstore.com\/wp-content\/uploads\/2024\/10\/113544_pala_nox_at10_pro_cup_hard_by_agustin_tapia_pat10pch25_1500x1500_1_f947.webp","datePublished":"2024-09-25T21:17:45+00:00","dateModified":"2026-04-01T05:13:29+00:00","description":"Este nuevo lanzamiento de Nox est\u00e1 dirigido a jugadores de\u00a0nivel avanzado\u00a0y\u00a0profesional\u00a0que buscan aumentar la velocidad de su juego. La\u00a0forma de l\u00e1grima\u00a0y el balance medio de la pala proporcionan un equilibrio excelente entre control y potencia, lo que facilita un\u00a0rendimiento\u00a0\u00f3ptimo tanto en golpes defensivos como ofensivos. Cada golpe con la AT10 Pro Cup Hard te permite sentir c\u00f3mo\u00a0controlas el ritmo\u00a0del partido, una caracter\u00edstica ideal para jugadores t\u00e9cnicos como el propio \"Mozart\" del p\u00e1del, Agust\u00edn Tapia. Esta pala cuenta con una serie de tecnolog\u00edas avanzadas que mejoran su calidad y rendimiento.","breadcrumb":{"@id":"https:\/\/revolutionpadelstore.com\/it\/prodotto\/nox-at10-pro-cup-hard-by-agustin-tapia-2025-4\/#breadcrumb"},"inLanguage":"it-IT","potentialAction":[{"@type":"ReadAction","target":["https:\/\/revolutionpadelstore.com\/it\/prodotto\/nox-at10-pro-cup-hard-by-agustin-tapia-2025-4\/"]}]},{"@type":"ImageObject","inLanguage":"it-IT","@id":"https:\/\/revolutionpadelstore.com\/it\/prodotto\/nox-at10-pro-cup-hard-by-agustin-tapia-2025-4\/#primaryimage","url":"https:\/\/revolutionpadelstore.com\/wp-content\/uploads\/2024\/10\/113544_pala_nox_at10_pro_cup_hard_by_agustin_tapia_pat10pch25_1500x1500_1_f947.webp","contentUrl":"https:\/\/revolutionpadelstore.com\/wp-content\/uploads\/2024\/10\/113544_pala_nox_at10_pro_cup_hard_by_agustin_tapia_pat10pch25_1500x1500_1_f947.webp","width":1500,"height":1500},{"@type":"BreadcrumbList","@id":"https:\/\/revolutionpadelstore.com\/it\/prodotto\/nox-at10-pro-cup-hard-by-agustin-tapia-2025-4\/#breadcrumb","itemListElement":[{"@type":"ListItem","position":1,"name":"Portada","item":"https:\/\/revolutionpadelstore.com\/it\/"},{"@type":"ListItem","position":2,"name":"Tienda","item":"https:\/\/revolutionpadelstore.com\/it\/tienda\/"},{"@type":"ListItem","position":3,"name":"NOX AT10 PRO CUP HARD BY AGUSTIN TAPIA 2025"}]},{"@type":"WebSite","@id":"https:\/\/revolutionpadelstore.com\/it\/#website","url":"https:\/\/revolutionpadelstore.com\/it\/","name":"Revolution Padel Store","description":"","publisher":{"@id":"https:\/\/revolutionpadelstore.com\/it\/#organization"},"potentialAction":[{"@type":"SearchAction","target":{"@type":"EntryPoint","urlTemplate":"https:\/\/revolutionpadelstore.com\/it\/?s={search_term_string}"},"query-input":{"@type":"PropertyValueSpecification","valueRequired":true,"valueName":"search_term_string"}}],"inLanguage":"it-IT"},{"@type":"Organization","@id":"https:\/\/revolutionpadelstore.com\/it\/#organization","name":"Revolution Padel Store","url":"https:\/\/revolutionpadelstore.com\/it\/","logo":{"@type":"ImageObject","inLanguage":"it-IT","@id":"https:\/\/revolutionpadelstore.com\/it\/#\/schema\/logo\/image\/","url":"https:\/\/revolutionpadelstore.com\/wp-content\/uploads\/2026\/02\/revolution-padel-store.jpg","contentUrl":"https:\/\/revolutionpadelstore.com\/wp-content\/uploads\/2026\/02\/revolution-padel-store.jpg","width":2000,"height":2000,"caption":"Revolution Padel Store"},"image":{"@id":"https:\/\/revolutionpadelstore.com\/it\/#\/schema\/logo\/image\/"},"sameAs":["https:\/\/www.instagram.com\/revolutionpadelstore\/"]}]}},"_links":{"self":[{"href":"https:\/\/revolutionpadelstore.com\/it\/wp-json\/wp\/v2\/product\/72745","targetHints":{"allow":["GET"]}}],"collection":[{"href":"https:\/\/revolutionpadelstore.com\/it\/wp-json\/wp\/v2\/product"}],"about":[{"href":"https:\/\/revolutionpadelstore.com\/it\/wp-json\/wp\/v2\/types\/product"}],"replies":[{"embeddable":true,"href":"https:\/\/revolutionpadelstore.com\/it\/wp-json\/wp\/v2\/comments?post=72745"}],"wp:featuredmedia":[{"embeddable":true,"href":"https:\/\/revolutionpadelstore.com\/it\/wp-json\/wp\/v2\/media\/125354"}],"wp:attachment":[{"href":"https:\/\/revolutionpadelstore.com\/it\/wp-json\/wp\/v2\/media?parent=72745"}],"wp:term":[{"taxonomy":"acabado","embeddable":true,"href":"https:\/\/revolutionpadelstore.com\/it\/wp-json\/wp\/v2\/acabado?post=72745"},{"taxonomy":"balance","embeddable":true,"href":"https:\/\/revolutionpadelstore.com\/it\/wp-json\/wp\/v2\/balance?post=72745"},{"taxonomy":"dureza","embeddable":true,"href":"https:\/\/revolutionpadelstore.com\/it\/wp-json\/wp\/v2\/dureza?post=72745"},{"taxonomy":"forma","embeddable":true,"href":"https:\/\/revolutionpadelstore.com\/it\/wp-json\/wp\/v2\/forma?post=72745"},{"taxonomy":"jugador","embeddable":true,"href":"https:\/\/revolutionpadelstore.com\/it\/wp-json\/wp\/v2\/jugador?post=72745"},{"taxonomy":"marca","embeddable":true,"href":"https:\/\/revolutionpadelstore.com\/it\/wp-json\/wp\/v2\/marca?post=72745"},{"taxonomy":"nivel-de-juego","embeddable":true,"href":"https:\/\/revolutionpadelstore.com\/it\/wp-json\/wp\/v2\/nivel-de-juego?post=72745"},{"taxonomy":"superficie","embeddable":true,"href":"https:\/\/revolutionpadelstore.com\/it\/wp-json\/wp\/v2\/superficie?post=72745"},{"taxonomy":"tipo-de-juego","embeddable":true,"href":"https:\/\/revolutionpadelstore.com\/it\/wp-json\/wp\/v2\/tipo-de-juego?post=72745"},{"taxonomy":"product_brand","embeddable":true,"href":"https:\/\/revolutionpadelstore.com\/it\/wp-json\/wp\/v2\/product_brand?post=72745"},{"taxonomy":"product_cat","embeddable":true,"href":"https:\/\/revolutionpadelstore.com\/it\/wp-json\/wp\/v2\/product_cat?post=72745"},{"taxonomy":"product_tag","embeddable":true,"href":"https:\/\/revolutionpadelstore.com\/it\/wp-json\/wp\/v2\/product_tag?post=72745"}],"curies":[{"name":"wp","href":"https:\/\/api.w.org\/{rel}","templated":true}]}}