{"id":63697,"date":"2024-08-22T13:04:19","date_gmt":"2024-08-22T11:04:19","guid":{"rendered":"https:\/\/revolutionpadelstore.com\/mizuno-wave-exceed-tour-6-cc-61gc2474-28-azul\/"},"modified":"2026-04-01T07:49:20","modified_gmt":"2026-04-01T05:49:20","slug":"mizuno-wave-exceed-tour-6-cc-azul-4","status":"publish","type":"product","link":"https:\/\/revolutionpadelstore.com\/it\/prodotto\/mizuno-wave-exceed-tour-6-cc-azul-4\/","title":{"rendered":"MIZUNO WAVE EXCEED TOUR 6 CC AZUL"},"content":{"rendered":"<h2>Mizuno Wave Exceed Tour 6 CC Blu, agilit\u00e0 superiore<\/h2>\n<p>Progettate per <strong>giocatori di padel di livello avanzato<\/strong> che cercano una scarpa sportiva leggera, resistente e confortevole che garantisca movimenti veloci, agili e fluidi, le scarpe da padel da uomo Wave Exceed Tour CC Blue di Mizuno<\/strong>sono <strong>ideale per il gioco intenso<\/strong>.<\/p>\n<p>La suola presenta scanalature flessibili che favoriscono una risposta rapida, grande grip e versatilit\u00e0 sul campo da gioco. Nell&#8217;intersuola \u00e8 stata incorporata la tecnologia Mizuno Enerzy, un materiale molto resistente che offre morbidezza e rimbalzo eccezionale.<\/p>\n<h3>Movimenti veloci e stabili<\/h3>\n<p>La parte superiore di queste <strong>scarpe Mizuno da uomo<\/strong> \u00e8 stata realizzata con materiali traspiranti, resistenti e leggeri, che garantiscono il massimo comfort consentendo un flusso d&#8217;aria continuo per una <strong>maggiore freschezza<\/strong>. In questo modo i tuoi piedi rimangono asciutti, freschi e lontani dai cattivi odori.<\/p>\n<p>La tecnologia <em>Dyna-Elet Wrap<\/em> consiste in una struttura ad occhielli con ampie aperture che fornisce una <strong>vestibilit\u00e0 ideale<\/strong> e si adatta perfettamente al movimento del piede. L&#8217;intersuola include la piastra Mizuno Wave, che ottimizza il ritorno di energia e aumenta il livello di stabilit\u00e0 e supporto durante lo scivolamento.<\/p>\n<p>La scanalatura D-Flex diagonale nella parte centrale del piede favorisce curve pi\u00f9 veloci e agili trasferendo il movimento naturale del corpo nei cambi di direzione.<\/p>\n<h2>Mizuno Wave Exceed Tour 6 CC Azul, agilidad superior<\/h2>\n","protected":false},"excerpt":{"rendered":"<p>Scarpe da paddle Mizuno Wave Exceed Tour 6 CC Blue da uomo che consentono curve e cambi di direzione stabili, sicuri e agili grazie al D-Flex Groove.<\/p>\n","protected":false},"featured_media":62322,"comment_status":"open","ping_status":"closed","template":"","meta":{"_acf_changed":false,"_joinchat":[]},"acabado":[],"balance":[],"dureza":[],"forma":[],"jugador":[1191],"marca":[1331],"nivel-de-juego":[],"superficie":[],"tipo-de-juego":[],"product_brand":[],"product_cat":[832],"product_tag":[],"class_list":{"0":"post-63697","1":"product","2":"type-product","3":"status-publish","4":"has-post-thumbnail","6":"jugador-uomo","7":"marca-mizuno-it","8":"product_cat-scarpe-da-ginnastica","10":"first","11":"instock","12":"sale","13":"taxable","14":"shipping-taxable","15":"purchasable","16":"product-type-variable"},"acf":[],"yoast_head":"<!-- This site is optimized with the Yoast SEO plugin v27.3 - https:\/\/yoast.com\/product\/yoast-seo-wordpress\/ -->\n<title>MIZUNO WAVE EXCEED TOUR 6 CC AZUL - Revolution Padel Store<\/title>\n<meta name=\"description\" content=\"Dise\u00f1adas para jugadores de p\u00e1del de nivel avanzado que busquen un calzado deportivo ligero, resistente y c\u00f3modo que asegure unos movimientos r\u00e1pidos, \u00e1giles y suaves, las zapatillas de p\u00e1del para hombre Wave Exceed Tour CC Azul de Mizuno son ideales para un juego intenso.\" \/>\n<meta name=\"robots\" content=\"index, follow, max-snippet:-1, max-image-preview:large, max-video-preview:-1\" \/>\n<link rel=\"canonical\" href=\"https:\/\/revolutionpadelstore.com\/it\/prodotto\/mizuno-wave-exceed-tour-6-cc-azul-4\/\" \/>\n<meta property=\"og:locale\" content=\"it_IT\" \/>\n<meta property=\"og:type\" content=\"article\" \/>\n<meta property=\"og:title\" content=\"COMPRAR MIZUNO WAVE EXCEED TOUR 6 CC 61GC2474 28 AZUL\" \/>\n<meta property=\"og:description\" content=\"Dise\u00f1adas para jugadores de p\u00e1del de nivel avanzado que busquen un calzado deportivo ligero, resistente y c\u00f3modo que asegure unos movimientos r\u00e1pidos, \u00e1giles y suaves, las zapatillas de p\u00e1del para hombre Wave Exceed Tour CC Azul de Mizuno son ideales para un juego intenso.\" \/>\n<meta property=\"og:url\" content=\"https:\/\/revolutionpadelstore.com\/it\/prodotto\/mizuno-wave-exceed-tour-6-cc-azul-4\/\" \/>\n<meta property=\"og:site_name\" content=\"Revolution Padel Store\" \/>\n<meta property=\"article:modified_time\" content=\"2026-04-01T05:49:20+00:00\" \/>\n<meta property=\"og:image\" content=\"https:\/\/revolutionpadelstore.com\/wp-content\/uploads\/2024\/08\/111982_zapatillas_mizuno_wave_exceed_tour_6_cc_61gc2474_28_1000x1000_1_9584.webp\" \/>\n\t<meta property=\"og:image:width\" content=\"1000\" \/>\n\t<meta property=\"og:image:height\" content=\"1000\" \/>\n\t<meta property=\"og:image:type\" content=\"image\/webp\" \/>\n<meta name=\"twitter:card\" content=\"summary_large_image\" \/>\n<meta name=\"twitter:label1\" content=\"Tempo di lettura stimato\" \/>\n\t<meta name=\"twitter:data1\" content=\"2 minuti\" \/>\n<script type=\"application\/ld+json\" class=\"yoast-schema-graph\">{\"@context\":\"https:\\\/\\\/schema.org\",\"@graph\":[{\"@type\":\"WebPage\",\"@id\":\"https:\\\/\\\/revolutionpadelstore.com\\\/it\\\/prodotto\\\/mizuno-wave-exceed-tour-6-cc-azul-4\\\/\",\"url\":\"https:\\\/\\\/revolutionpadelstore.com\\\/it\\\/prodotto\\\/mizuno-wave-exceed-tour-6-cc-azul-4\\\/\",\"name\":\"MIZUNO WAVE EXCEED TOUR 6 CC AZUL - Revolution Padel Store\",\"isPartOf\":{\"@id\":\"https:\\\/\\\/revolutionpadelstore.com\\\/it\\\/#website\"},\"primaryImageOfPage\":{\"@id\":\"https:\\\/\\\/revolutionpadelstore.com\\\/it\\\/prodotto\\\/mizuno-wave-exceed-tour-6-cc-azul-4\\\/#primaryimage\"},\"image\":{\"@id\":\"https:\\\/\\\/revolutionpadelstore.com\\\/it\\\/prodotto\\\/mizuno-wave-exceed-tour-6-cc-azul-4\\\/#primaryimage\"},\"thumbnailUrl\":\"https:\\\/\\\/revolutionpadelstore.com\\\/wp-content\\\/uploads\\\/2024\\\/08\\\/111982_zapatillas_mizuno_wave_exceed_tour_6_cc_61gc2474_28_1000x1000_1_9584.webp\",\"datePublished\":\"2024-08-22T11:04:19+00:00\",\"dateModified\":\"2026-04-01T05:49:20+00:00\",\"description\":\"Dise\u00f1adas para jugadores de p\u00e1del de nivel avanzado que busquen un calzado deportivo ligero, resistente y c\u00f3modo que asegure unos movimientos r\u00e1pidos, \u00e1giles y suaves, las zapatillas de p\u00e1del para hombre Wave Exceed Tour CC Azul de Mizuno son ideales para un juego intenso.\",\"breadcrumb\":{\"@id\":\"https:\\\/\\\/revolutionpadelstore.com\\\/it\\\/prodotto\\\/mizuno-wave-exceed-tour-6-cc-azul-4\\\/#breadcrumb\"},\"inLanguage\":\"it-IT\",\"potentialAction\":[{\"@type\":\"ReadAction\",\"target\":[\"https:\\\/\\\/revolutionpadelstore.com\\\/it\\\/prodotto\\\/mizuno-wave-exceed-tour-6-cc-azul-4\\\/\"]}]},{\"@type\":\"ImageObject\",\"inLanguage\":\"it-IT\",\"@id\":\"https:\\\/\\\/revolutionpadelstore.com\\\/it\\\/prodotto\\\/mizuno-wave-exceed-tour-6-cc-azul-4\\\/#primaryimage\",\"url\":\"https:\\\/\\\/revolutionpadelstore.com\\\/wp-content\\\/uploads\\\/2024\\\/08\\\/111982_zapatillas_mizuno_wave_exceed_tour_6_cc_61gc2474_28_1000x1000_1_9584.webp\",\"contentUrl\":\"https:\\\/\\\/revolutionpadelstore.com\\\/wp-content\\\/uploads\\\/2024\\\/08\\\/111982_zapatillas_mizuno_wave_exceed_tour_6_cc_61gc2474_28_1000x1000_1_9584.webp\",\"width\":1000,\"height\":1000},{\"@type\":\"BreadcrumbList\",\"@id\":\"https:\\\/\\\/revolutionpadelstore.com\\\/it\\\/prodotto\\\/mizuno-wave-exceed-tour-6-cc-azul-4\\\/#breadcrumb\",\"itemListElement\":[{\"@type\":\"ListItem\",\"position\":1,\"name\":\"Portada\",\"item\":\"https:\\\/\\\/revolutionpadelstore.com\\\/it\\\/\"},{\"@type\":\"ListItem\",\"position\":2,\"name\":\"Tienda\",\"item\":\"https:\\\/\\\/revolutionpadelstore.com\\\/it\\\/tienda\\\/\"},{\"@type\":\"ListItem\",\"position\":3,\"name\":\"MIZUNO WAVE EXCEED TOUR 6 CC AZUL\"}]},{\"@type\":\"WebSite\",\"@id\":\"https:\\\/\\\/revolutionpadelstore.com\\\/it\\\/#website\",\"url\":\"https:\\\/\\\/revolutionpadelstore.com\\\/it\\\/\",\"name\":\"Revolution Padel Store\",\"description\":\"\",\"publisher\":{\"@id\":\"https:\\\/\\\/revolutionpadelstore.com\\\/it\\\/#organization\"},\"potentialAction\":[{\"@type\":\"SearchAction\",\"target\":{\"@type\":\"EntryPoint\",\"urlTemplate\":\"https:\\\/\\\/revolutionpadelstore.com\\\/it\\\/?s={search_term_string}\"},\"query-input\":{\"@type\":\"PropertyValueSpecification\",\"valueRequired\":true,\"valueName\":\"search_term_string\"}}],\"inLanguage\":\"it-IT\"},{\"@type\":\"Organization\",\"@id\":\"https:\\\/\\\/revolutionpadelstore.com\\\/it\\\/#organization\",\"name\":\"Revolution Padel Store\",\"url\":\"https:\\\/\\\/revolutionpadelstore.com\\\/it\\\/\",\"logo\":{\"@type\":\"ImageObject\",\"inLanguage\":\"it-IT\",\"@id\":\"https:\\\/\\\/revolutionpadelstore.com\\\/it\\\/#\\\/schema\\\/logo\\\/image\\\/\",\"url\":\"https:\\\/\\\/revolutionpadelstore.com\\\/wp-content\\\/uploads\\\/2026\\\/02\\\/revolution-padel-store.jpg\",\"contentUrl\":\"https:\\\/\\\/revolutionpadelstore.com\\\/wp-content\\\/uploads\\\/2026\\\/02\\\/revolution-padel-store.jpg\",\"width\":2000,\"height\":2000,\"caption\":\"Revolution Padel Store\"},\"image\":{\"@id\":\"https:\\\/\\\/revolutionpadelstore.com\\\/it\\\/#\\\/schema\\\/logo\\\/image\\\/\"},\"sameAs\":[\"https:\\\/\\\/www.instagram.com\\\/revolutionpadelstore\\\/\"]}]}<\/script>\n<!-- \/ Yoast SEO plugin. -->","yoast_head_json":{"title":"MIZUNO WAVE EXCEED TOUR 6 CC AZUL - Revolution Padel Store","description":"Dise\u00f1adas para jugadores de p\u00e1del de nivel avanzado que busquen un calzado deportivo ligero, resistente y c\u00f3modo que asegure unos movimientos r\u00e1pidos, \u00e1giles y suaves, las zapatillas de p\u00e1del para hombre Wave Exceed Tour CC Azul de Mizuno son ideales para un juego intenso.","robots":{"index":"index","follow":"follow","max-snippet":"max-snippet:-1","max-image-preview":"max-image-preview:large","max-video-preview":"max-video-preview:-1"},"canonical":"https:\/\/revolutionpadelstore.com\/it\/prodotto\/mizuno-wave-exceed-tour-6-cc-azul-4\/","og_locale":"it_IT","og_type":"article","og_title":"COMPRAR MIZUNO WAVE EXCEED TOUR 6 CC 61GC2474 28 AZUL","og_description":"Dise\u00f1adas para jugadores de p\u00e1del de nivel avanzado que busquen un calzado deportivo ligero, resistente y c\u00f3modo que asegure unos movimientos r\u00e1pidos, \u00e1giles y suaves, las zapatillas de p\u00e1del para hombre Wave Exceed Tour CC Azul de Mizuno son ideales para un juego intenso.","og_url":"https:\/\/revolutionpadelstore.com\/it\/prodotto\/mizuno-wave-exceed-tour-6-cc-azul-4\/","og_site_name":"Revolution Padel Store","article_modified_time":"2026-04-01T05:49:20+00:00","og_image":[{"width":1000,"height":1000,"url":"https:\/\/revolutionpadelstore.com\/wp-content\/uploads\/2024\/08\/111982_zapatillas_mizuno_wave_exceed_tour_6_cc_61gc2474_28_1000x1000_1_9584.webp","type":"image\/webp"}],"twitter_card":"summary_large_image","twitter_misc":{"Tempo di lettura stimato":"2 minuti"},"schema":{"@context":"https:\/\/schema.org","@graph":[{"@type":"WebPage","@id":"https:\/\/revolutionpadelstore.com\/it\/prodotto\/mizuno-wave-exceed-tour-6-cc-azul-4\/","url":"https:\/\/revolutionpadelstore.com\/it\/prodotto\/mizuno-wave-exceed-tour-6-cc-azul-4\/","name":"MIZUNO WAVE EXCEED TOUR 6 CC AZUL - Revolution Padel Store","isPartOf":{"@id":"https:\/\/revolutionpadelstore.com\/it\/#website"},"primaryImageOfPage":{"@id":"https:\/\/revolutionpadelstore.com\/it\/prodotto\/mizuno-wave-exceed-tour-6-cc-azul-4\/#primaryimage"},"image":{"@id":"https:\/\/revolutionpadelstore.com\/it\/prodotto\/mizuno-wave-exceed-tour-6-cc-azul-4\/#primaryimage"},"thumbnailUrl":"https:\/\/revolutionpadelstore.com\/wp-content\/uploads\/2024\/08\/111982_zapatillas_mizuno_wave_exceed_tour_6_cc_61gc2474_28_1000x1000_1_9584.webp","datePublished":"2024-08-22T11:04:19+00:00","dateModified":"2026-04-01T05:49:20+00:00","description":"Dise\u00f1adas para jugadores de p\u00e1del de nivel avanzado que busquen un calzado deportivo ligero, resistente y c\u00f3modo que asegure unos movimientos r\u00e1pidos, \u00e1giles y suaves, las zapatillas de p\u00e1del para hombre Wave Exceed Tour CC Azul de Mizuno son ideales para un juego intenso.","breadcrumb":{"@id":"https:\/\/revolutionpadelstore.com\/it\/prodotto\/mizuno-wave-exceed-tour-6-cc-azul-4\/#breadcrumb"},"inLanguage":"it-IT","potentialAction":[{"@type":"ReadAction","target":["https:\/\/revolutionpadelstore.com\/it\/prodotto\/mizuno-wave-exceed-tour-6-cc-azul-4\/"]}]},{"@type":"ImageObject","inLanguage":"it-IT","@id":"https:\/\/revolutionpadelstore.com\/it\/prodotto\/mizuno-wave-exceed-tour-6-cc-azul-4\/#primaryimage","url":"https:\/\/revolutionpadelstore.com\/wp-content\/uploads\/2024\/08\/111982_zapatillas_mizuno_wave_exceed_tour_6_cc_61gc2474_28_1000x1000_1_9584.webp","contentUrl":"https:\/\/revolutionpadelstore.com\/wp-content\/uploads\/2024\/08\/111982_zapatillas_mizuno_wave_exceed_tour_6_cc_61gc2474_28_1000x1000_1_9584.webp","width":1000,"height":1000},{"@type":"BreadcrumbList","@id":"https:\/\/revolutionpadelstore.com\/it\/prodotto\/mizuno-wave-exceed-tour-6-cc-azul-4\/#breadcrumb","itemListElement":[{"@type":"ListItem","position":1,"name":"Portada","item":"https:\/\/revolutionpadelstore.com\/it\/"},{"@type":"ListItem","position":2,"name":"Tienda","item":"https:\/\/revolutionpadelstore.com\/it\/tienda\/"},{"@type":"ListItem","position":3,"name":"MIZUNO WAVE EXCEED TOUR 6 CC AZUL"}]},{"@type":"WebSite","@id":"https:\/\/revolutionpadelstore.com\/it\/#website","url":"https:\/\/revolutionpadelstore.com\/it\/","name":"Revolution Padel Store","description":"","publisher":{"@id":"https:\/\/revolutionpadelstore.com\/it\/#organization"},"potentialAction":[{"@type":"SearchAction","target":{"@type":"EntryPoint","urlTemplate":"https:\/\/revolutionpadelstore.com\/it\/?s={search_term_string}"},"query-input":{"@type":"PropertyValueSpecification","valueRequired":true,"valueName":"search_term_string"}}],"inLanguage":"it-IT"},{"@type":"Organization","@id":"https:\/\/revolutionpadelstore.com\/it\/#organization","name":"Revolution Padel Store","url":"https:\/\/revolutionpadelstore.com\/it\/","logo":{"@type":"ImageObject","inLanguage":"it-IT","@id":"https:\/\/revolutionpadelstore.com\/it\/#\/schema\/logo\/image\/","url":"https:\/\/revolutionpadelstore.com\/wp-content\/uploads\/2026\/02\/revolution-padel-store.jpg","contentUrl":"https:\/\/revolutionpadelstore.com\/wp-content\/uploads\/2026\/02\/revolution-padel-store.jpg","width":2000,"height":2000,"caption":"Revolution Padel Store"},"image":{"@id":"https:\/\/revolutionpadelstore.com\/it\/#\/schema\/logo\/image\/"},"sameAs":["https:\/\/www.instagram.com\/revolutionpadelstore\/"]}]}},"_links":{"self":[{"href":"https:\/\/revolutionpadelstore.com\/it\/wp-json\/wp\/v2\/product\/63697","targetHints":{"allow":["GET"]}}],"collection":[{"href":"https:\/\/revolutionpadelstore.com\/it\/wp-json\/wp\/v2\/product"}],"about":[{"href":"https:\/\/revolutionpadelstore.com\/it\/wp-json\/wp\/v2\/types\/product"}],"replies":[{"embeddable":true,"href":"https:\/\/revolutionpadelstore.com\/it\/wp-json\/wp\/v2\/comments?post=63697"}],"wp:featuredmedia":[{"embeddable":true,"href":"https:\/\/revolutionpadelstore.com\/it\/wp-json\/wp\/v2\/media\/62322"}],"wp:attachment":[{"href":"https:\/\/revolutionpadelstore.com\/it\/wp-json\/wp\/v2\/media?parent=63697"}],"wp:term":[{"taxonomy":"acabado","embeddable":true,"href":"https:\/\/revolutionpadelstore.com\/it\/wp-json\/wp\/v2\/acabado?post=63697"},{"taxonomy":"balance","embeddable":true,"href":"https:\/\/revolutionpadelstore.com\/it\/wp-json\/wp\/v2\/balance?post=63697"},{"taxonomy":"dureza","embeddable":true,"href":"https:\/\/revolutionpadelstore.com\/it\/wp-json\/wp\/v2\/dureza?post=63697"},{"taxonomy":"forma","embeddable":true,"href":"https:\/\/revolutionpadelstore.com\/it\/wp-json\/wp\/v2\/forma?post=63697"},{"taxonomy":"jugador","embeddable":true,"href":"https:\/\/revolutionpadelstore.com\/it\/wp-json\/wp\/v2\/jugador?post=63697"},{"taxonomy":"marca","embeddable":true,"href":"https:\/\/revolutionpadelstore.com\/it\/wp-json\/wp\/v2\/marca?post=63697"},{"taxonomy":"nivel-de-juego","embeddable":true,"href":"https:\/\/revolutionpadelstore.com\/it\/wp-json\/wp\/v2\/nivel-de-juego?post=63697"},{"taxonomy":"superficie","embeddable":true,"href":"https:\/\/revolutionpadelstore.com\/it\/wp-json\/wp\/v2\/superficie?post=63697"},{"taxonomy":"tipo-de-juego","embeddable":true,"href":"https:\/\/revolutionpadelstore.com\/it\/wp-json\/wp\/v2\/tipo-de-juego?post=63697"},{"taxonomy":"product_brand","embeddable":true,"href":"https:\/\/revolutionpadelstore.com\/it\/wp-json\/wp\/v2\/product_brand?post=63697"},{"taxonomy":"product_cat","embeddable":true,"href":"https:\/\/revolutionpadelstore.com\/it\/wp-json\/wp\/v2\/product_cat?post=63697"},{"taxonomy":"product_tag","embeddable":true,"href":"https:\/\/revolutionpadelstore.com\/it\/wp-json\/wp\/v2\/product_tag?post=63697"}],"curies":[{"name":"wp","href":"https:\/\/api.w.org\/{rel}","templated":true}]}}