{"id":362698,"date":"2026-03-04T23:33:21","date_gmt":"2026-03-04T22:33:21","guid":{"rendered":"https:\/\/revolutionpadelstore.com\/bullpadel-neuron-02-pp26\/"},"modified":"2026-04-15T14:05:59","modified_gmt":"2026-04-15T12:05:59","slug":"bullpadel-neuron-02-premier-padel-26","status":"publish","type":"product","link":"https:\/\/revolutionpadelstore.com\/it\/prodotto\/bullpadel-neuron-02-premier-padel-26\/","title":{"rendered":"BULLPADEL NEURON 02 PREMIER PADEL 26"},"content":{"rendered":"<h2><strong>Bullpadel Neuron 02 Premier P\u00e1del 2026: control, estabilidad y precisi\u00f3n en cada punto<\/strong><\/h2>\n<p>La <strong>Bullpadel Neuron 02 Premier P\u00e1del 2026<\/strong> es una pala dise\u00f1ada para jugadores que buscan un juego equilibrado, controlado y estable. Este modelo est\u00e1 pensado para quienes prefieren dominar el ritmo del partido mediante golpes precisos, consistentes y bien dirigidos.<\/p>\n<p>Gracias a su <strong>balance m\u00e1s bajo<\/strong>, ofrece un manejo superior que permite reaccionar con rapidez tanto en defensa como en ataque. Su estructura firme aporta una sensaci\u00f3n de solidez en cada impacto, proporcionando una respuesta fiable incluso en intercambios largos y exigentes.<\/p>\n<h2><strong>Manejo superior y estabilidad en momentos clave<\/strong><\/h2>\n<p>La Bullpadel Neuron 02 destaca por su excelente combinaci\u00f3n entre <strong>ligereza, control y confort<\/strong>. Su tacto s\u00f3lido y seco proporciona una sensaci\u00f3n directa con la bola, ideal para jugadores que priorizan la precisi\u00f3n y el control frente a la potencia explosiva.<\/p>\n<p>A diferencia de la <strong>Neuron 02 Edge<\/strong>, este modelo prioriza la <strong>maniobrabilidad y la comodidad en el manejo<\/strong>. Esto se traduce en una pala f\u00e1cil de mover, muy estable en bloqueos y segura en voleas, perfecta para mantener la regularidad durante todo el partido.<\/p>\n<h2><strong>Tecnolog\u00edas destacadas de la Bullpadel Neuron 02<\/strong><\/h2>\n<p><strong>-Marco PrismLock<\/strong>: arquitectura prism\u00e1tica que distribuye las tensiones y reduce torsiones, mejorando la estabilidad.<\/p>\n<p><strong>-X-Tend Carbon 3K<\/strong>: carbono de alta resistencia en la superficie que aporta mayor durabilidad y rendimiento.<\/p>\n<p><strong>-Multieva<\/strong>: n\u00facleo de doble densidad que ofrece un excelente equilibrio entre potencia y control.<\/p>\n<p><strong>-Acabado rugoso 3D Grain<\/strong>: superficie que permite generar m\u00e1s efecto en cada golpe.<\/p>\n<h2><strong>Especificaciones t\u00e9cnicas<\/strong><\/h2>\n<p>-Forma: Diamante<\/p>\n<p>-Peso aproximado: 365 \u2013 375 g<\/p>\n<p>-Balance: ~25,5 cm<\/p>\n<p>-Superficie de juego: 525 cm\u00b2<\/p>\n<p>-Nivel recomendado: jugadores intermedios y avanzados<\/p>\n<h2><strong>\u00bfPara qui\u00e9n es la Bullpadel Neuron 02 Premier P\u00e1del 2026?<\/strong><\/h2>\n<p>Esta pala est\u00e1 pensada para jugadores que buscan <strong>controlar el juego con precisi\u00f3n<\/strong>, mantener estabilidad en cada golpe y dominar los puntos con una excelente manejabilidad. Es ideal para quienes valoran la regularidad, el control y la seguridad en voleas y bloqueos.<\/p>\n<p>Si buscas una <strong>pala de p\u00e1del Bullpadel con gran control, estabilidad y manejabilidad<\/strong>, la <strong>Bullpadel Neuron 02 Premier P\u00e1del 2026<\/strong> es una opci\u00f3n perfecta para elevar tu rendimiento en la pista.<\/p>\n<p>Este producto est\u00e1 disponible en nuestra tienda online <strong><a href=\"http:\/\/www.revolutionpadelstore.com\/\">www.revolutionpadelstore.com<\/a><\/strong> probablemente al mejor precio del mercado.<\/p>\n","protected":false},"excerpt":{"rendered":"<p>Descubre la Bullpadel Neuron 02, una pala creada para ofrecer gran control, estabilidad y f\u00e1cil manejo, con un tacto firme, tecnolog\u00edas innovadoras y un rendimiento equilibrado en cada golpe.<\/p>\n","protected":false},"featured_media":362734,"comment_status":"open","ping_status":"closed","template":"","meta":{"_acf_changed":false,"_joinchat":[]},"acabado":[1091],"balance":[1141],"dureza":[],"forma":[1171],"jugador":[],"marca":[1256],"nivel-de-juego":[1336],"superficie":[1361],"tipo-de-juego":[1386],"product_brand":[],"product_cat":[1785,301],"product_tag":[],"class_list":{"0":"post-362698","1":"product","2":"type-product","3":"status-publish","4":"has-post-thumbnail","6":"acabado-relieve-3d-it","7":"balance-medio-it","8":"forma-diamante-it","9":"marca-bullpadel-it","10":"superficie-rugosa-it","11":"tipo-de-juego-multiuso","12":"product_cat-padel-premier","13":"product_cat-palas-de-padel-it","15":"first","16":"instock","17":"taxable","18":"shipping-taxable","19":"purchasable","20":"product-type-simple"},"acf":[],"yoast_head":"<!-- This site is optimized with the Yoast SEO plugin v27.4 - https:\/\/yoast.com\/product\/yoast-seo-wordpress\/ -->\n<title>BULLPADEL NEURON 02 PREMIER PADEL 26 - Revolution Padel Store<\/title>\n<meta name=\"description\" content=\"Bullpadel Neuron 02 Premier P\u00e1del 2026, pala de p\u00e1del de control con carbono X-Tend 3K, tecnolog\u00eda Multieva y gran estabilidad. Disponible al mejor precio en Revolution Padel Store.\" \/>\n<meta name=\"robots\" content=\"index, follow, max-snippet:-1, max-image-preview:large, max-video-preview:-1\" \/>\n<link rel=\"canonical\" href=\"https:\/\/revolutionpadelstore.com\/it\/prodotto\/bullpadel-neuron-02-premier-padel-26\/\" \/>\n<meta property=\"og:locale\" content=\"it_IT\" \/>\n<meta property=\"og:type\" content=\"article\" \/>\n<meta property=\"og:title\" content=\"BULLPADEL NEURON 02 PREMIER PADEL 26 - Revolution Padel Store\" \/>\n<meta property=\"og:description\" content=\"Bullpadel Neuron 02 Premier P\u00e1del 2026, pala de p\u00e1del de control con carbono X-Tend 3K, tecnolog\u00eda Multieva y gran estabilidad. Disponible al mejor precio en Revolution Padel Store.\" \/>\n<meta property=\"og:url\" content=\"https:\/\/revolutionpadelstore.com\/it\/prodotto\/bullpadel-neuron-02-premier-padel-26\/\" \/>\n<meta property=\"og:site_name\" content=\"Revolution Padel Store\" \/>\n<meta property=\"article:modified_time\" content=\"2026-04-15T12:05:59+00:00\" \/>\n<meta property=\"og:image\" content=\"https:\/\/revolutionpadelstore.com\/wp-content\/uploads\/2026\/03\/121810-pala-bullpadel-neuron-02-premier-padel-26-495214-1500x1500-1.webp\" \/>\n\t<meta property=\"og:image:width\" content=\"1500\" \/>\n\t<meta property=\"og:image:height\" content=\"1500\" \/>\n\t<meta property=\"og:image:type\" content=\"image\/webp\" \/>\n<meta name=\"twitter:card\" content=\"summary_large_image\" \/>\n<meta name=\"twitter:label1\" content=\"Tempo di lettura stimato\" \/>\n\t<meta name=\"twitter:data1\" content=\"2 minuti\" \/>\n<script type=\"application\/ld+json\" class=\"yoast-schema-graph\">{\"@context\":\"https:\\\/\\\/schema.org\",\"@graph\":[{\"@type\":\"WebPage\",\"@id\":\"https:\\\/\\\/revolutionpadelstore.com\\\/it\\\/prodotto\\\/bullpadel-neuron-02-premier-padel-26\\\/\",\"url\":\"https:\\\/\\\/revolutionpadelstore.com\\\/it\\\/prodotto\\\/bullpadel-neuron-02-premier-padel-26\\\/\",\"name\":\"BULLPADEL NEURON 02 PREMIER PADEL 26 - Revolution Padel Store\",\"isPartOf\":{\"@id\":\"https:\\\/\\\/revolutionpadelstore.com\\\/it\\\/#website\"},\"primaryImageOfPage\":{\"@id\":\"https:\\\/\\\/revolutionpadelstore.com\\\/it\\\/prodotto\\\/bullpadel-neuron-02-premier-padel-26\\\/#primaryimage\"},\"image\":{\"@id\":\"https:\\\/\\\/revolutionpadelstore.com\\\/it\\\/prodotto\\\/bullpadel-neuron-02-premier-padel-26\\\/#primaryimage\"},\"thumbnailUrl\":\"https:\\\/\\\/revolutionpadelstore.com\\\/wp-content\\\/uploads\\\/2026\\\/03\\\/121810-pala-bullpadel-neuron-02-premier-padel-26-495214-1500x1500-1.webp\",\"datePublished\":\"2026-03-04T22:33:21+00:00\",\"dateModified\":\"2026-04-15T12:05:59+00:00\",\"description\":\"Bullpadel Neuron 02 Premier P\u00e1del 2026, pala de p\u00e1del de control con carbono X-Tend 3K, tecnolog\u00eda Multieva y gran estabilidad. Disponible al mejor precio en Revolution Padel Store.\",\"breadcrumb\":{\"@id\":\"https:\\\/\\\/revolutionpadelstore.com\\\/it\\\/prodotto\\\/bullpadel-neuron-02-premier-padel-26\\\/#breadcrumb\"},\"inLanguage\":\"it-IT\",\"potentialAction\":[{\"@type\":\"ReadAction\",\"target\":[\"https:\\\/\\\/revolutionpadelstore.com\\\/it\\\/prodotto\\\/bullpadel-neuron-02-premier-padel-26\\\/\"]}]},{\"@type\":\"ImageObject\",\"inLanguage\":\"it-IT\",\"@id\":\"https:\\\/\\\/revolutionpadelstore.com\\\/it\\\/prodotto\\\/bullpadel-neuron-02-premier-padel-26\\\/#primaryimage\",\"url\":\"https:\\\/\\\/revolutionpadelstore.com\\\/wp-content\\\/uploads\\\/2026\\\/03\\\/121810-pala-bullpadel-neuron-02-premier-padel-26-495214-1500x1500-1.webp\",\"contentUrl\":\"https:\\\/\\\/revolutionpadelstore.com\\\/wp-content\\\/uploads\\\/2026\\\/03\\\/121810-pala-bullpadel-neuron-02-premier-padel-26-495214-1500x1500-1.webp\",\"width\":1500,\"height\":1500},{\"@type\":\"BreadcrumbList\",\"@id\":\"https:\\\/\\\/revolutionpadelstore.com\\\/it\\\/prodotto\\\/bullpadel-neuron-02-premier-padel-26\\\/#breadcrumb\",\"itemListElement\":[{\"@type\":\"ListItem\",\"position\":1,\"name\":\"Portada\",\"item\":\"https:\\\/\\\/revolutionpadelstore.com\\\/it\\\/\"},{\"@type\":\"ListItem\",\"position\":2,\"name\":\"Tienda\",\"item\":\"https:\\\/\\\/revolutionpadelstore.com\\\/it\\\/tienda\\\/\"},{\"@type\":\"ListItem\",\"position\":3,\"name\":\"BULLPADEL NEURON 02 PREMIER PADEL 26\"}]},{\"@type\":\"WebSite\",\"@id\":\"https:\\\/\\\/revolutionpadelstore.com\\\/it\\\/#website\",\"url\":\"https:\\\/\\\/revolutionpadelstore.com\\\/it\\\/\",\"name\":\"Revolution Padel Store\",\"description\":\"\",\"publisher\":{\"@id\":\"https:\\\/\\\/revolutionpadelstore.com\\\/it\\\/#organization\"},\"potentialAction\":[{\"@type\":\"SearchAction\",\"target\":{\"@type\":\"EntryPoint\",\"urlTemplate\":\"https:\\\/\\\/revolutionpadelstore.com\\\/it\\\/?s={search_term_string}\"},\"query-input\":{\"@type\":\"PropertyValueSpecification\",\"valueRequired\":true,\"valueName\":\"search_term_string\"}}],\"inLanguage\":\"it-IT\"},{\"@type\":\"Organization\",\"@id\":\"https:\\\/\\\/revolutionpadelstore.com\\\/it\\\/#organization\",\"name\":\"Revolution Padel Store\",\"url\":\"https:\\\/\\\/revolutionpadelstore.com\\\/it\\\/\",\"logo\":{\"@type\":\"ImageObject\",\"inLanguage\":\"it-IT\",\"@id\":\"https:\\\/\\\/revolutionpadelstore.com\\\/it\\\/#\\\/schema\\\/logo\\\/image\\\/\",\"url\":\"https:\\\/\\\/revolutionpadelstore.com\\\/wp-content\\\/uploads\\\/2026\\\/02\\\/revolution-padel-store.jpg\",\"contentUrl\":\"https:\\\/\\\/revolutionpadelstore.com\\\/wp-content\\\/uploads\\\/2026\\\/02\\\/revolution-padel-store.jpg\",\"width\":2000,\"height\":2000,\"caption\":\"Revolution Padel Store\"},\"image\":{\"@id\":\"https:\\\/\\\/revolutionpadelstore.com\\\/it\\\/#\\\/schema\\\/logo\\\/image\\\/\"},\"sameAs\":[\"https:\\\/\\\/www.instagram.com\\\/revolutionpadelstore\\\/\"]}]}<\/script>\n<!-- \/ Yoast SEO plugin. -->","yoast_head_json":{"title":"BULLPADEL NEURON 02 PREMIER PADEL 26 - Revolution Padel Store","description":"Bullpadel Neuron 02 Premier P\u00e1del 2026, pala de p\u00e1del de control con carbono X-Tend 3K, tecnolog\u00eda Multieva y gran estabilidad. Disponible al mejor precio en Revolution Padel Store.","robots":{"index":"index","follow":"follow","max-snippet":"max-snippet:-1","max-image-preview":"max-image-preview:large","max-video-preview":"max-video-preview:-1"},"canonical":"https:\/\/revolutionpadelstore.com\/it\/prodotto\/bullpadel-neuron-02-premier-padel-26\/","og_locale":"it_IT","og_type":"article","og_title":"BULLPADEL NEURON 02 PREMIER PADEL 26 - Revolution Padel Store","og_description":"Bullpadel Neuron 02 Premier P\u00e1del 2026, pala de p\u00e1del de control con carbono X-Tend 3K, tecnolog\u00eda Multieva y gran estabilidad. Disponible al mejor precio en Revolution Padel Store.","og_url":"https:\/\/revolutionpadelstore.com\/it\/prodotto\/bullpadel-neuron-02-premier-padel-26\/","og_site_name":"Revolution Padel Store","article_modified_time":"2026-04-15T12:05:59+00:00","og_image":[{"width":1500,"height":1500,"url":"https:\/\/revolutionpadelstore.com\/wp-content\/uploads\/2026\/03\/121810-pala-bullpadel-neuron-02-premier-padel-26-495214-1500x1500-1.webp","type":"image\/webp"}],"twitter_card":"summary_large_image","twitter_misc":{"Tempo di lettura stimato":"2 minuti"},"schema":{"@context":"https:\/\/schema.org","@graph":[{"@type":"WebPage","@id":"https:\/\/revolutionpadelstore.com\/it\/prodotto\/bullpadel-neuron-02-premier-padel-26\/","url":"https:\/\/revolutionpadelstore.com\/it\/prodotto\/bullpadel-neuron-02-premier-padel-26\/","name":"BULLPADEL NEURON 02 PREMIER PADEL 26 - Revolution Padel Store","isPartOf":{"@id":"https:\/\/revolutionpadelstore.com\/it\/#website"},"primaryImageOfPage":{"@id":"https:\/\/revolutionpadelstore.com\/it\/prodotto\/bullpadel-neuron-02-premier-padel-26\/#primaryimage"},"image":{"@id":"https:\/\/revolutionpadelstore.com\/it\/prodotto\/bullpadel-neuron-02-premier-padel-26\/#primaryimage"},"thumbnailUrl":"https:\/\/revolutionpadelstore.com\/wp-content\/uploads\/2026\/03\/121810-pala-bullpadel-neuron-02-premier-padel-26-495214-1500x1500-1.webp","datePublished":"2026-03-04T22:33:21+00:00","dateModified":"2026-04-15T12:05:59+00:00","description":"Bullpadel Neuron 02 Premier P\u00e1del 2026, pala de p\u00e1del de control con carbono X-Tend 3K, tecnolog\u00eda Multieva y gran estabilidad. Disponible al mejor precio en Revolution Padel Store.","breadcrumb":{"@id":"https:\/\/revolutionpadelstore.com\/it\/prodotto\/bullpadel-neuron-02-premier-padel-26\/#breadcrumb"},"inLanguage":"it-IT","potentialAction":[{"@type":"ReadAction","target":["https:\/\/revolutionpadelstore.com\/it\/prodotto\/bullpadel-neuron-02-premier-padel-26\/"]}]},{"@type":"ImageObject","inLanguage":"it-IT","@id":"https:\/\/revolutionpadelstore.com\/it\/prodotto\/bullpadel-neuron-02-premier-padel-26\/#primaryimage","url":"https:\/\/revolutionpadelstore.com\/wp-content\/uploads\/2026\/03\/121810-pala-bullpadel-neuron-02-premier-padel-26-495214-1500x1500-1.webp","contentUrl":"https:\/\/revolutionpadelstore.com\/wp-content\/uploads\/2026\/03\/121810-pala-bullpadel-neuron-02-premier-padel-26-495214-1500x1500-1.webp","width":1500,"height":1500},{"@type":"BreadcrumbList","@id":"https:\/\/revolutionpadelstore.com\/it\/prodotto\/bullpadel-neuron-02-premier-padel-26\/#breadcrumb","itemListElement":[{"@type":"ListItem","position":1,"name":"Portada","item":"https:\/\/revolutionpadelstore.com\/it\/"},{"@type":"ListItem","position":2,"name":"Tienda","item":"https:\/\/revolutionpadelstore.com\/it\/tienda\/"},{"@type":"ListItem","position":3,"name":"BULLPADEL NEURON 02 PREMIER PADEL 26"}]},{"@type":"WebSite","@id":"https:\/\/revolutionpadelstore.com\/it\/#website","url":"https:\/\/revolutionpadelstore.com\/it\/","name":"Revolution Padel Store","description":"","publisher":{"@id":"https:\/\/revolutionpadelstore.com\/it\/#organization"},"potentialAction":[{"@type":"SearchAction","target":{"@type":"EntryPoint","urlTemplate":"https:\/\/revolutionpadelstore.com\/it\/?s={search_term_string}"},"query-input":{"@type":"PropertyValueSpecification","valueRequired":true,"valueName":"search_term_string"}}],"inLanguage":"it-IT"},{"@type":"Organization","@id":"https:\/\/revolutionpadelstore.com\/it\/#organization","name":"Revolution Padel Store","url":"https:\/\/revolutionpadelstore.com\/it\/","logo":{"@type":"ImageObject","inLanguage":"it-IT","@id":"https:\/\/revolutionpadelstore.com\/it\/#\/schema\/logo\/image\/","url":"https:\/\/revolutionpadelstore.com\/wp-content\/uploads\/2026\/02\/revolution-padel-store.jpg","contentUrl":"https:\/\/revolutionpadelstore.com\/wp-content\/uploads\/2026\/02\/revolution-padel-store.jpg","width":2000,"height":2000,"caption":"Revolution Padel Store"},"image":{"@id":"https:\/\/revolutionpadelstore.com\/it\/#\/schema\/logo\/image\/"},"sameAs":["https:\/\/www.instagram.com\/revolutionpadelstore\/"]}]}},"_links":{"self":[{"href":"https:\/\/revolutionpadelstore.com\/it\/wp-json\/wp\/v2\/product\/362698","targetHints":{"allow":["GET"]}}],"collection":[{"href":"https:\/\/revolutionpadelstore.com\/it\/wp-json\/wp\/v2\/product"}],"about":[{"href":"https:\/\/revolutionpadelstore.com\/it\/wp-json\/wp\/v2\/types\/product"}],"replies":[{"embeddable":true,"href":"https:\/\/revolutionpadelstore.com\/it\/wp-json\/wp\/v2\/comments?post=362698"}],"wp:featuredmedia":[{"embeddable":true,"href":"https:\/\/revolutionpadelstore.com\/it\/wp-json\/wp\/v2\/media\/362734"}],"wp:attachment":[{"href":"https:\/\/revolutionpadelstore.com\/it\/wp-json\/wp\/v2\/media?parent=362698"}],"wp:term":[{"taxonomy":"acabado","embeddable":true,"href":"https:\/\/revolutionpadelstore.com\/it\/wp-json\/wp\/v2\/acabado?post=362698"},{"taxonomy":"balance","embeddable":true,"href":"https:\/\/revolutionpadelstore.com\/it\/wp-json\/wp\/v2\/balance?post=362698"},{"taxonomy":"dureza","embeddable":true,"href":"https:\/\/revolutionpadelstore.com\/it\/wp-json\/wp\/v2\/dureza?post=362698"},{"taxonomy":"forma","embeddable":true,"href":"https:\/\/revolutionpadelstore.com\/it\/wp-json\/wp\/v2\/forma?post=362698"},{"taxonomy":"jugador","embeddable":true,"href":"https:\/\/revolutionpadelstore.com\/it\/wp-json\/wp\/v2\/jugador?post=362698"},{"taxonomy":"marca","embeddable":true,"href":"https:\/\/revolutionpadelstore.com\/it\/wp-json\/wp\/v2\/marca?post=362698"},{"taxonomy":"nivel-de-juego","embeddable":true,"href":"https:\/\/revolutionpadelstore.com\/it\/wp-json\/wp\/v2\/nivel-de-juego?post=362698"},{"taxonomy":"superficie","embeddable":true,"href":"https:\/\/revolutionpadelstore.com\/it\/wp-json\/wp\/v2\/superficie?post=362698"},{"taxonomy":"tipo-de-juego","embeddable":true,"href":"https:\/\/revolutionpadelstore.com\/it\/wp-json\/wp\/v2\/tipo-de-juego?post=362698"},{"taxonomy":"product_brand","embeddable":true,"href":"https:\/\/revolutionpadelstore.com\/it\/wp-json\/wp\/v2\/product_brand?post=362698"},{"taxonomy":"product_cat","embeddable":true,"href":"https:\/\/revolutionpadelstore.com\/it\/wp-json\/wp\/v2\/product_cat?post=362698"},{"taxonomy":"product_tag","embeddable":true,"href":"https:\/\/revolutionpadelstore.com\/it\/wp-json\/wp\/v2\/product_tag?post=362698"}],"curies":[{"name":"wp","href":"https:\/\/api.w.org\/{rel}","templated":true}]}}