{"id":305495,"date":"2025-11-08T00:52:17","date_gmt":"2025-11-07T23:52:17","guid":{"rendered":"https:\/\/revolutionpadelstore.com\/mochila-bullpadel\/"},"modified":"2026-04-08T01:39:53","modified_gmt":"2026-04-07T23:39:53","slug":"mochila-bullpadel-bpm26021-pearl-3","status":"publish","type":"product","link":"https:\/\/revolutionpadelstore.com\/it\/prodotto\/mochila-bullpadel-bpm26021-pearl-3\/","title":{"rendered":"MOCHILA BULLPADEL BPM26021 PEARL"},"content":{"rendered":"<h2><strong>Zaino tecnico Pearl di Bea Gonz\u00e1lez \u2013 Stile, protezione e funzionalit\u00e0 in ogni partita<\/strong><\/h2>\n<p>Lo zaino tecnico Pearl \u00e8 l&#8217;accessorio indispensabile per i giocatori di padel che cercano prestazioni e design. Progettata per combinarsi perfettamente con la racchetta Pearl, \u00e8 stata progettata con il tocco unico e sportivo di Bea Gonz\u00e1lez, una delle giocatrici pi\u00f9 importanti del World Padel Tour.<\/p>\n<p>Realizzato con materiali di alta qualit\u00e0, questo zaino si distingue per il suo equilibrio tra funzionalit\u00e0 ed estetica. Dispone di uno scomparto termorinforzato e imbottito che protegge la tua racchetta o il tuo laptop da urti e sbalzi di temperatura. Ideale sia per il tuo allenamento che per l&#8217;uso quotidiano.<\/p>\n<h2><strong>Funzioni evidenziate<\/strong><\/h2>\n<p>-Scomparto termico e imbottito per racchetta o laptop.<\/p>\n<p>-Ampio spazio principale per vestiti, asciugamani o accessori.<\/p>\n<p>-Tasca frontale a soffietto per un rapido accesso agli oggetti personali.<\/p>\n<p>-Due tasche laterali elastiche, perfette per bevande o palline.<\/p>\n<p>-Spallacci regolabili per adattare il volume e migliorare il comfort.<\/p>\n<p>Il suo design esclusivo con la firma di Bea Gonz\u00e1lez non solo aggiunge un tocco sofisticato, ma trasforma questo zaino in un pezzo unico per distinguersi dentro e fuori dal campo.<\/p>\n<h2><strong>Perch\u00e9 scegliere lo zaino tecnico Pearl?<\/strong><\/h2>\n<p>-Progettato per i giocatori che apprezzano lo stile e le alte prestazioni.<\/p>\n<p>-Ideale per trasportare la vostra attrezzatura in totale comodit\u00e0 e sicurezza.<\/p>\n<p>-Materiali resistenti e dettagli di design che fanno la differenza.<\/p>\n<p>-Perfetto per lo sport o l&#8217;uso quotidiano.<\/p>\n<p>-Prendi lo zaino tecnico Pearl e migliora la tua esperienza dentro e fuori dalla pista. Ora disponibile nel nostro negozio online <a href=\"http:\/\/www.revolutionpadelstore.com\/\">www.revolutionpadelstore.com<\/a>, probabilmente al miglior prezzo sul mercato.<\/p>\n<h2><strong>Mochila T\u00e9cnica Pearl by Bea Gonz\u00e1lez \u2013 Estilo, protecci\u00f3n y funcionalidad en cada partido<\/strong><\/p>\n","protected":false},"excerpt":{"rendered":"<p>Progettato per offrire le massime prestazioni senza rinunciare al design, lo zaino tecnico Pearl \u00e8 l&#8217;alleato perfetto per ogni giocatore di padel.<\/p>\n","protected":false},"featured_media":305501,"comment_status":"open","ping_status":"closed","template":"","meta":{"_acf_changed":false,"_joinchat":[]},"acabado":[],"balance":[],"dureza":[],"forma":[],"jugador":[],"marca":[1256],"nivel-de-juego":[],"superficie":[],"tipo-de-juego":[],"product_brand":[],"product_cat":[318],"product_tag":[],"class_list":{"0":"post-305495","1":"product","2":"type-product","3":"status-publish","4":"has-post-thumbnail","6":"marca-bullpadel-it","7":"product_cat-borse","9":"first","10":"instock","11":"sale","12":"taxable","13":"shipping-taxable","14":"purchasable","15":"product-type-simple"},"acf":[],"yoast_head":"<!-- This site is optimized with the Yoast SEO plugin v27.4 - https:\/\/yoast.com\/product\/yoast-seo-wordpress\/ -->\n<title>MOCHILA BULLPADEL BPM26021 PEARL - Revolution Padel Store<\/title>\n<meta name=\"description\" content=\"Mochila t\u00e9cnica Pearl dise\u00f1ada por Bea Gonz\u00e1lez. Con compartimento t\u00e9rmico, gran capacidad y estilo exclusivo. C\u00f3mprala online al mejor precio.\" \/>\n<meta name=\"robots\" content=\"index, follow, max-snippet:-1, max-image-preview:large, max-video-preview:-1\" \/>\n<link rel=\"canonical\" href=\"https:\/\/revolutionpadelstore.com\/it\/prodotto\/mochila-bullpadel-bpm26021-pearl-3\/\" \/>\n<meta property=\"og:locale\" content=\"it_IT\" \/>\n<meta property=\"og:type\" content=\"article\" \/>\n<meta property=\"og:title\" content=\"MOCHILA BULLPADEL BPM26021 PEARL - Revolution Padel Store\" \/>\n<meta property=\"og:description\" content=\"Mochila t\u00e9cnica Pearl dise\u00f1ada por Bea Gonz\u00e1lez. Con compartimento t\u00e9rmico, gran capacidad y estilo exclusivo. C\u00f3mprala online al mejor precio.\" \/>\n<meta property=\"og:url\" content=\"https:\/\/revolutionpadelstore.com\/it\/prodotto\/mochila-bullpadel-bpm26021-pearl-3\/\" \/>\n<meta property=\"og:site_name\" content=\"Revolution Padel Store\" \/>\n<meta property=\"article:modified_time\" content=\"2026-04-07T23:39:53+00:00\" \/>\n<meta property=\"og:image\" content=\"https:\/\/revolutionpadelstore.com\/wp-content\/uploads\/2025\/11\/10-1.png\" \/>\n\t<meta property=\"og:image:width\" content=\"1500\" \/>\n\t<meta property=\"og:image:height\" content=\"1500\" \/>\n\t<meta property=\"og:image:type\" content=\"image\/png\" \/>\n<meta name=\"twitter:card\" content=\"summary_large_image\" \/>\n<meta name=\"twitter:label1\" content=\"Tempo di lettura stimato\" \/>\n\t<meta name=\"twitter:data1\" content=\"1 minuto\" \/>\n<script type=\"application\/ld+json\" class=\"yoast-schema-graph\">{\"@context\":\"https:\\\/\\\/schema.org\",\"@graph\":[{\"@type\":\"WebPage\",\"@id\":\"https:\\\/\\\/revolutionpadelstore.com\\\/it\\\/prodotto\\\/mochila-bullpadel-bpm26021-pearl-3\\\/\",\"url\":\"https:\\\/\\\/revolutionpadelstore.com\\\/it\\\/prodotto\\\/mochila-bullpadel-bpm26021-pearl-3\\\/\",\"name\":\"MOCHILA BULLPADEL BPM26021 PEARL - Revolution Padel Store\",\"isPartOf\":{\"@id\":\"https:\\\/\\\/revolutionpadelstore.com\\\/it\\\/#website\"},\"primaryImageOfPage\":{\"@id\":\"https:\\\/\\\/revolutionpadelstore.com\\\/it\\\/prodotto\\\/mochila-bullpadel-bpm26021-pearl-3\\\/#primaryimage\"},\"image\":{\"@id\":\"https:\\\/\\\/revolutionpadelstore.com\\\/it\\\/prodotto\\\/mochila-bullpadel-bpm26021-pearl-3\\\/#primaryimage\"},\"thumbnailUrl\":\"https:\\\/\\\/revolutionpadelstore.com\\\/wp-content\\\/uploads\\\/2025\\\/11\\\/10-1.png\",\"datePublished\":\"2025-11-07T23:52:17+00:00\",\"dateModified\":\"2026-04-07T23:39:53+00:00\",\"description\":\"Mochila t\u00e9cnica Pearl dise\u00f1ada por Bea Gonz\u00e1lez. Con compartimento t\u00e9rmico, gran capacidad y estilo exclusivo. C\u00f3mprala online al mejor precio.\",\"breadcrumb\":{\"@id\":\"https:\\\/\\\/revolutionpadelstore.com\\\/it\\\/prodotto\\\/mochila-bullpadel-bpm26021-pearl-3\\\/#breadcrumb\"},\"inLanguage\":\"it-IT\",\"potentialAction\":[{\"@type\":\"ReadAction\",\"target\":[\"https:\\\/\\\/revolutionpadelstore.com\\\/it\\\/prodotto\\\/mochila-bullpadel-bpm26021-pearl-3\\\/\"]}]},{\"@type\":\"ImageObject\",\"inLanguage\":\"it-IT\",\"@id\":\"https:\\\/\\\/revolutionpadelstore.com\\\/it\\\/prodotto\\\/mochila-bullpadel-bpm26021-pearl-3\\\/#primaryimage\",\"url\":\"https:\\\/\\\/revolutionpadelstore.com\\\/wp-content\\\/uploads\\\/2025\\\/11\\\/10-1.png\",\"contentUrl\":\"https:\\\/\\\/revolutionpadelstore.com\\\/wp-content\\\/uploads\\\/2025\\\/11\\\/10-1.png\",\"width\":1500,\"height\":1500},{\"@type\":\"BreadcrumbList\",\"@id\":\"https:\\\/\\\/revolutionpadelstore.com\\\/it\\\/prodotto\\\/mochila-bullpadel-bpm26021-pearl-3\\\/#breadcrumb\",\"itemListElement\":[{\"@type\":\"ListItem\",\"position\":1,\"name\":\"Portada\",\"item\":\"https:\\\/\\\/revolutionpadelstore.com\\\/it\\\/\"},{\"@type\":\"ListItem\",\"position\":2,\"name\":\"Tienda\",\"item\":\"https:\\\/\\\/revolutionpadelstore.com\\\/it\\\/tienda\\\/\"},{\"@type\":\"ListItem\",\"position\":3,\"name\":\"MOCHILA BULLPADEL BPM26021 PEARL\"}]},{\"@type\":\"WebSite\",\"@id\":\"https:\\\/\\\/revolutionpadelstore.com\\\/it\\\/#website\",\"url\":\"https:\\\/\\\/revolutionpadelstore.com\\\/it\\\/\",\"name\":\"Revolution Padel Store\",\"description\":\"\",\"publisher\":{\"@id\":\"https:\\\/\\\/revolutionpadelstore.com\\\/it\\\/#organization\"},\"potentialAction\":[{\"@type\":\"SearchAction\",\"target\":{\"@type\":\"EntryPoint\",\"urlTemplate\":\"https:\\\/\\\/revolutionpadelstore.com\\\/it\\\/?s={search_term_string}\"},\"query-input\":{\"@type\":\"PropertyValueSpecification\",\"valueRequired\":true,\"valueName\":\"search_term_string\"}}],\"inLanguage\":\"it-IT\"},{\"@type\":\"Organization\",\"@id\":\"https:\\\/\\\/revolutionpadelstore.com\\\/it\\\/#organization\",\"name\":\"Revolution Padel Store\",\"url\":\"https:\\\/\\\/revolutionpadelstore.com\\\/it\\\/\",\"logo\":{\"@type\":\"ImageObject\",\"inLanguage\":\"it-IT\",\"@id\":\"https:\\\/\\\/revolutionpadelstore.com\\\/it\\\/#\\\/schema\\\/logo\\\/image\\\/\",\"url\":\"https:\\\/\\\/revolutionpadelstore.com\\\/wp-content\\\/uploads\\\/2026\\\/02\\\/revolution-padel-store.jpg\",\"contentUrl\":\"https:\\\/\\\/revolutionpadelstore.com\\\/wp-content\\\/uploads\\\/2026\\\/02\\\/revolution-padel-store.jpg\",\"width\":2000,\"height\":2000,\"caption\":\"Revolution Padel Store\"},\"image\":{\"@id\":\"https:\\\/\\\/revolutionpadelstore.com\\\/it\\\/#\\\/schema\\\/logo\\\/image\\\/\"},\"sameAs\":[\"https:\\\/\\\/www.instagram.com\\\/revolutionpadelstore\\\/\"]}]}<\/script>\n<!-- \/ Yoast SEO plugin. -->","yoast_head_json":{"title":"MOCHILA BULLPADEL BPM26021 PEARL - Revolution Padel Store","description":"Mochila t\u00e9cnica Pearl dise\u00f1ada por Bea Gonz\u00e1lez. Con compartimento t\u00e9rmico, gran capacidad y estilo exclusivo. C\u00f3mprala online al mejor precio.","robots":{"index":"index","follow":"follow","max-snippet":"max-snippet:-1","max-image-preview":"max-image-preview:large","max-video-preview":"max-video-preview:-1"},"canonical":"https:\/\/revolutionpadelstore.com\/it\/prodotto\/mochila-bullpadel-bpm26021-pearl-3\/","og_locale":"it_IT","og_type":"article","og_title":"MOCHILA BULLPADEL BPM26021 PEARL - Revolution Padel Store","og_description":"Mochila t\u00e9cnica Pearl dise\u00f1ada por Bea Gonz\u00e1lez. Con compartimento t\u00e9rmico, gran capacidad y estilo exclusivo. C\u00f3mprala online al mejor precio.","og_url":"https:\/\/revolutionpadelstore.com\/it\/prodotto\/mochila-bullpadel-bpm26021-pearl-3\/","og_site_name":"Revolution Padel Store","article_modified_time":"2026-04-07T23:39:53+00:00","og_image":[{"width":1500,"height":1500,"url":"https:\/\/revolutionpadelstore.com\/wp-content\/uploads\/2025\/11\/10-1.png","type":"image\/png"}],"twitter_card":"summary_large_image","twitter_misc":{"Tempo di lettura stimato":"1 minuto"},"schema":{"@context":"https:\/\/schema.org","@graph":[{"@type":"WebPage","@id":"https:\/\/revolutionpadelstore.com\/it\/prodotto\/mochila-bullpadel-bpm26021-pearl-3\/","url":"https:\/\/revolutionpadelstore.com\/it\/prodotto\/mochila-bullpadel-bpm26021-pearl-3\/","name":"MOCHILA BULLPADEL BPM26021 PEARL - Revolution Padel Store","isPartOf":{"@id":"https:\/\/revolutionpadelstore.com\/it\/#website"},"primaryImageOfPage":{"@id":"https:\/\/revolutionpadelstore.com\/it\/prodotto\/mochila-bullpadel-bpm26021-pearl-3\/#primaryimage"},"image":{"@id":"https:\/\/revolutionpadelstore.com\/it\/prodotto\/mochila-bullpadel-bpm26021-pearl-3\/#primaryimage"},"thumbnailUrl":"https:\/\/revolutionpadelstore.com\/wp-content\/uploads\/2025\/11\/10-1.png","datePublished":"2025-11-07T23:52:17+00:00","dateModified":"2026-04-07T23:39:53+00:00","description":"Mochila t\u00e9cnica Pearl dise\u00f1ada por Bea Gonz\u00e1lez. Con compartimento t\u00e9rmico, gran capacidad y estilo exclusivo. C\u00f3mprala online al mejor precio.","breadcrumb":{"@id":"https:\/\/revolutionpadelstore.com\/it\/prodotto\/mochila-bullpadel-bpm26021-pearl-3\/#breadcrumb"},"inLanguage":"it-IT","potentialAction":[{"@type":"ReadAction","target":["https:\/\/revolutionpadelstore.com\/it\/prodotto\/mochila-bullpadel-bpm26021-pearl-3\/"]}]},{"@type":"ImageObject","inLanguage":"it-IT","@id":"https:\/\/revolutionpadelstore.com\/it\/prodotto\/mochila-bullpadel-bpm26021-pearl-3\/#primaryimage","url":"https:\/\/revolutionpadelstore.com\/wp-content\/uploads\/2025\/11\/10-1.png","contentUrl":"https:\/\/revolutionpadelstore.com\/wp-content\/uploads\/2025\/11\/10-1.png","width":1500,"height":1500},{"@type":"BreadcrumbList","@id":"https:\/\/revolutionpadelstore.com\/it\/prodotto\/mochila-bullpadel-bpm26021-pearl-3\/#breadcrumb","itemListElement":[{"@type":"ListItem","position":1,"name":"Portada","item":"https:\/\/revolutionpadelstore.com\/it\/"},{"@type":"ListItem","position":2,"name":"Tienda","item":"https:\/\/revolutionpadelstore.com\/it\/tienda\/"},{"@type":"ListItem","position":3,"name":"MOCHILA BULLPADEL BPM26021 PEARL"}]},{"@type":"WebSite","@id":"https:\/\/revolutionpadelstore.com\/it\/#website","url":"https:\/\/revolutionpadelstore.com\/it\/","name":"Revolution Padel Store","description":"","publisher":{"@id":"https:\/\/revolutionpadelstore.com\/it\/#organization"},"potentialAction":[{"@type":"SearchAction","target":{"@type":"EntryPoint","urlTemplate":"https:\/\/revolutionpadelstore.com\/it\/?s={search_term_string}"},"query-input":{"@type":"PropertyValueSpecification","valueRequired":true,"valueName":"search_term_string"}}],"inLanguage":"it-IT"},{"@type":"Organization","@id":"https:\/\/revolutionpadelstore.com\/it\/#organization","name":"Revolution Padel Store","url":"https:\/\/revolutionpadelstore.com\/it\/","logo":{"@type":"ImageObject","inLanguage":"it-IT","@id":"https:\/\/revolutionpadelstore.com\/it\/#\/schema\/logo\/image\/","url":"https:\/\/revolutionpadelstore.com\/wp-content\/uploads\/2026\/02\/revolution-padel-store.jpg","contentUrl":"https:\/\/revolutionpadelstore.com\/wp-content\/uploads\/2026\/02\/revolution-padel-store.jpg","width":2000,"height":2000,"caption":"Revolution Padel Store"},"image":{"@id":"https:\/\/revolutionpadelstore.com\/it\/#\/schema\/logo\/image\/"},"sameAs":["https:\/\/www.instagram.com\/revolutionpadelstore\/"]}]}},"_links":{"self":[{"href":"https:\/\/revolutionpadelstore.com\/it\/wp-json\/wp\/v2\/product\/305495","targetHints":{"allow":["GET"]}}],"collection":[{"href":"https:\/\/revolutionpadelstore.com\/it\/wp-json\/wp\/v2\/product"}],"about":[{"href":"https:\/\/revolutionpadelstore.com\/it\/wp-json\/wp\/v2\/types\/product"}],"replies":[{"embeddable":true,"href":"https:\/\/revolutionpadelstore.com\/it\/wp-json\/wp\/v2\/comments?post=305495"}],"wp:featuredmedia":[{"embeddable":true,"href":"https:\/\/revolutionpadelstore.com\/it\/wp-json\/wp\/v2\/media\/305501"}],"wp:attachment":[{"href":"https:\/\/revolutionpadelstore.com\/it\/wp-json\/wp\/v2\/media?parent=305495"}],"wp:term":[{"taxonomy":"acabado","embeddable":true,"href":"https:\/\/revolutionpadelstore.com\/it\/wp-json\/wp\/v2\/acabado?post=305495"},{"taxonomy":"balance","embeddable":true,"href":"https:\/\/revolutionpadelstore.com\/it\/wp-json\/wp\/v2\/balance?post=305495"},{"taxonomy":"dureza","embeddable":true,"href":"https:\/\/revolutionpadelstore.com\/it\/wp-json\/wp\/v2\/dureza?post=305495"},{"taxonomy":"forma","embeddable":true,"href":"https:\/\/revolutionpadelstore.com\/it\/wp-json\/wp\/v2\/forma?post=305495"},{"taxonomy":"jugador","embeddable":true,"href":"https:\/\/revolutionpadelstore.com\/it\/wp-json\/wp\/v2\/jugador?post=305495"},{"taxonomy":"marca","embeddable":true,"href":"https:\/\/revolutionpadelstore.com\/it\/wp-json\/wp\/v2\/marca?post=305495"},{"taxonomy":"nivel-de-juego","embeddable":true,"href":"https:\/\/revolutionpadelstore.com\/it\/wp-json\/wp\/v2\/nivel-de-juego?post=305495"},{"taxonomy":"superficie","embeddable":true,"href":"https:\/\/revolutionpadelstore.com\/it\/wp-json\/wp\/v2\/superficie?post=305495"},{"taxonomy":"tipo-de-juego","embeddable":true,"href":"https:\/\/revolutionpadelstore.com\/it\/wp-json\/wp\/v2\/tipo-de-juego?post=305495"},{"taxonomy":"product_brand","embeddable":true,"href":"https:\/\/revolutionpadelstore.com\/it\/wp-json\/wp\/v2\/product_brand?post=305495"},{"taxonomy":"product_cat","embeddable":true,"href":"https:\/\/revolutionpadelstore.com\/it\/wp-json\/wp\/v2\/product_cat?post=305495"},{"taxonomy":"product_tag","embeddable":true,"href":"https:\/\/revolutionpadelstore.com\/it\/wp-json\/wp\/v2\/product_tag?post=305495"}],"curies":[{"name":"wp","href":"https:\/\/api.w.org\/{rel}","templated":true}]}}