{"id":284744,"date":"2025-10-16T01:35:09","date_gmt":"2025-10-15T23:35:09","guid":{"rendered":"https:\/\/revolutionpadelstore.com\/mochila-coello-tour-padel-backpack-25l\/"},"modified":"2026-04-08T03:10:45","modified_gmt":"2026-04-08T01:10:45","slug":"mochila-coello-tour-padel-backpack-25l-4","status":"publish","type":"product","link":"https:\/\/revolutionpadelstore.com\/it\/prodotto\/mochila-coello-tour-padel-backpack-25l-4\/","title":{"rendered":"MOCHILA COELLO TOUR PADEL BACKPACK 25L"},"content":{"rendered":"<h2>Zaino Head Coello Tour 25L Paddle \u2013 Esclusivit\u00e0 e stile firmati Re Art\u00f9<\/h2>\n<p>Lo <strong>Zaino Head Coello Tour 25L<\/strong> \u00e8 molto pi\u00f9 di un accessorio sportivo: \u00e8 una dichiarazione di stile ed esclusivit\u00e0 progettata insieme al campione Arturo Coello. Dalla pista alla vita quotidiana in citt\u00e0, questo zaino si distingue per l&#8217;estetica premium, le finiture sofisticate e le funzionalit\u00e0 avanzate per i giocatori esigenti.<\/p>\n<h2>Edizione esclusiva Coello: design con identit\u00e0<\/h2>\n<p>Fa parte dell&#8217;esclusiva collezione <strong>Head x Arturo Coello<\/strong>, dove ogni dettaglio \u00e8 stato attentamente pensato insieme al giocatore stesso. Il suo elegante design nero \u00e8 esaltato dal <strong>logo HEAD in tonalit\u00e0 argento<\/strong>, dagli <strong>interni rosso intenso<\/strong> (uno dei preferiti di Coello) e dall&#8217;iconica corona lucida sul lato che rappresenta la sua essenza in campo. Le corone sugli spallacci imbottiti completano il look con un inconfondibile tocco premium.<\/p>\n<h2>Funzionalit\u00e0 e comfort per la vita di tutti i giorni<\/h2>\n<p><strong>-Capacit\u00e0 per 1-2 racchette da padel<\/strong><\/p>\n<p><strong>-Scomparto indipendente per scarpe da ginnastica o vestiti usati<\/strong><\/p>\n<p><strong>-Ampio spazio interno con accesso rapido<\/strong><\/p>\n<p><strong>-Tasca esterna con cerniera per oggetti personali<\/strong><\/p>\n<p><strong>-2 tasche laterali in rete per accessori o bottiglie<\/strong><\/p>\n<p><strong>-Nuovo sistema di imbottitura per maggiore stabilit\u00e0 e comfort durante il trasporto<\/strong><\/p>\n<p>-Perfetto sia per l&#8217;allenamento che da portare al lavoro o all&#8217;universit\u00e0, il suo design ergonomico garantisce comfort in ogni momento.<\/p>\n<h2>Impegnato per la sostenibilit\u00e0<\/h2>\n<p>Lo zaino include dettagli sostenibili come:<\/p>\n<p><strong>Etichetta in carta riciclata con corda di canapa<\/strong><\/p>\n<p><strong>Confezione in una custodia di plastica riciclata, <\/strong>un&#8217;opzione che combina la responsabilit\u00e0 ecologica con elevate prestazioni sportive.<\/p>\n<h2>Ideale per chi cerca:<\/h2>\n<p>-Zaini da paddle dallo stile esclusivo<\/p>\n<p>-Prodotti per giocatori professionisti<\/p>\n<p>-Accessori padel comodi e funzionali<\/p>\n<p>-Attrezzatura padel di fascia alta<\/p>\n<h2>Acquista subito lo zaino Head Coello Tour 25L!<\/h2>\n<p>Ottieni questo zaino unico nel nostro negozio online <a href=\"https:\/\/www.revolutionpadelstore.com\/\">www.revolutionpadelstore.com<\/a>, <strong>probabilmente al miglior prezzo sul mercato<\/strong>. Effettua il tuo ordine oggi e porta con te lo spirito di &#8220;Re Art\u00f9&#8221; dentro e fuori dal campo.<\/p>\n<h2>Mochila de P\u00e1del Head Coello Tour 25L \u2013 Exclusividad y estilo firmados por el Rey Arturo<\/h2>\n","protected":false},"excerpt":{"rendered":"<p>Dal campo alla citt\u00e0, e ovunque ti porti la giornata, lo <strong data-start=\"231\" data-end=\"267\">ZAINO PADEL COELLO TOUR 25L<\/strong> si distingue per il suo design elegante e distintivo.<strong data-start=\"231\" data-end=\"267\">MOCHILA DE P\u00c1DEL COELLO TOUR 25L<\/strong><\/p>\n","protected":false},"featured_media":284750,"comment_status":"open","ping_status":"closed","template":"","meta":{"_acf_changed":false,"_joinchat":[]},"acabado":[],"balance":[],"dureza":[],"forma":[],"jugador":[],"marca":[1221],"nivel-de-juego":[],"superficie":[],"tipo-de-juego":[],"product_brand":[],"product_cat":[318],"product_tag":[],"class_list":{"0":"post-284744","1":"product","2":"type-product","3":"status-publish","4":"has-post-thumbnail","6":"marca-testa","7":"product_cat-borse","9":"first","10":"instock","11":"sale","12":"taxable","13":"shipping-taxable","14":"purchasable","15":"product-type-simple"},"acf":[],"yoast_head":"<!-- This site is optimized with the Yoast SEO plugin v27.4 - https:\/\/yoast.com\/product\/yoast-seo-wordpress\/ -->\n<title>MOCHILA COELLO TOUR PADEL BACKPACK 25L - Revolution Padel Store<\/title>\n<meta name=\"description\" content=\"Descubre la mochila de p\u00e1del Head Coello Tour 25L, dise\u00f1ada junto a Arturo Coello. Estilo premium, capacidad para 2 palas, compartimento para zapatillas y detalles sostenibles. Disponible en www.revolutionpadelstore.com al mejor precio\" \/>\n<meta name=\"robots\" content=\"index, follow, max-snippet:-1, max-image-preview:large, max-video-preview:-1\" \/>\n<link rel=\"canonical\" href=\"https:\/\/revolutionpadelstore.com\/it\/prodotto\/mochila-coello-tour-padel-backpack-25l-4\/\" \/>\n<meta property=\"og:locale\" content=\"it_IT\" \/>\n<meta property=\"og:type\" content=\"article\" \/>\n<meta property=\"og:title\" content=\"MOCHILA COELLO TOUR PADEL BACKPACK 25L - Revolution Padel Store\" \/>\n<meta property=\"og:description\" content=\"Descubre la mochila de p\u00e1del Head Coello Tour 25L, dise\u00f1ada junto a Arturo Coello. Estilo premium, capacidad para 2 palas, compartimento para zapatillas y detalles sostenibles. Disponible en www.revolutionpadelstore.com al mejor precio\" \/>\n<meta property=\"og:url\" content=\"https:\/\/revolutionpadelstore.com\/it\/prodotto\/mochila-coello-tour-padel-backpack-25l-4\/\" \/>\n<meta property=\"og:site_name\" content=\"Revolution Padel Store\" \/>\n<meta property=\"article:modified_time\" content=\"2026-04-08T01:10:45+00:00\" \/>\n<meta property=\"og:image\" content=\"https:\/\/revolutionpadelstore.com\/wp-content\/uploads\/2025\/10\/486.png\" \/>\n\t<meta property=\"og:image:width\" content=\"1500\" \/>\n\t<meta property=\"og:image:height\" content=\"1500\" \/>\n\t<meta property=\"og:image:type\" content=\"image\/png\" \/>\n<meta name=\"twitter:card\" content=\"summary_large_image\" \/>\n<meta name=\"twitter:label1\" content=\"Tempo di lettura stimato\" \/>\n\t<meta name=\"twitter:data1\" content=\"2 minuti\" \/>\n<script type=\"application\/ld+json\" class=\"yoast-schema-graph\">{\"@context\":\"https:\\\/\\\/schema.org\",\"@graph\":[{\"@type\":\"WebPage\",\"@id\":\"https:\\\/\\\/revolutionpadelstore.com\\\/it\\\/prodotto\\\/mochila-coello-tour-padel-backpack-25l-4\\\/\",\"url\":\"https:\\\/\\\/revolutionpadelstore.com\\\/it\\\/prodotto\\\/mochila-coello-tour-padel-backpack-25l-4\\\/\",\"name\":\"MOCHILA COELLO TOUR PADEL BACKPACK 25L - Revolution Padel Store\",\"isPartOf\":{\"@id\":\"https:\\\/\\\/revolutionpadelstore.com\\\/it\\\/#website\"},\"primaryImageOfPage\":{\"@id\":\"https:\\\/\\\/revolutionpadelstore.com\\\/it\\\/prodotto\\\/mochila-coello-tour-padel-backpack-25l-4\\\/#primaryimage\"},\"image\":{\"@id\":\"https:\\\/\\\/revolutionpadelstore.com\\\/it\\\/prodotto\\\/mochila-coello-tour-padel-backpack-25l-4\\\/#primaryimage\"},\"thumbnailUrl\":\"https:\\\/\\\/revolutionpadelstore.com\\\/wp-content\\\/uploads\\\/2025\\\/10\\\/486.png\",\"datePublished\":\"2025-10-15T23:35:09+00:00\",\"dateModified\":\"2026-04-08T01:10:45+00:00\",\"description\":\"Descubre la mochila de p\u00e1del Head Coello Tour 25L, dise\u00f1ada junto a Arturo Coello. Estilo premium, capacidad para 2 palas, compartimento para zapatillas y detalles sostenibles. Disponible en www.revolutionpadelstore.com al mejor precio\",\"breadcrumb\":{\"@id\":\"https:\\\/\\\/revolutionpadelstore.com\\\/it\\\/prodotto\\\/mochila-coello-tour-padel-backpack-25l-4\\\/#breadcrumb\"},\"inLanguage\":\"it-IT\",\"potentialAction\":[{\"@type\":\"ReadAction\",\"target\":[\"https:\\\/\\\/revolutionpadelstore.com\\\/it\\\/prodotto\\\/mochila-coello-tour-padel-backpack-25l-4\\\/\"]}]},{\"@type\":\"ImageObject\",\"inLanguage\":\"it-IT\",\"@id\":\"https:\\\/\\\/revolutionpadelstore.com\\\/it\\\/prodotto\\\/mochila-coello-tour-padel-backpack-25l-4\\\/#primaryimage\",\"url\":\"https:\\\/\\\/revolutionpadelstore.com\\\/wp-content\\\/uploads\\\/2025\\\/10\\\/486.png\",\"contentUrl\":\"https:\\\/\\\/revolutionpadelstore.com\\\/wp-content\\\/uploads\\\/2025\\\/10\\\/486.png\",\"width\":1500,\"height\":1500},{\"@type\":\"BreadcrumbList\",\"@id\":\"https:\\\/\\\/revolutionpadelstore.com\\\/it\\\/prodotto\\\/mochila-coello-tour-padel-backpack-25l-4\\\/#breadcrumb\",\"itemListElement\":[{\"@type\":\"ListItem\",\"position\":1,\"name\":\"Portada\",\"item\":\"https:\\\/\\\/revolutionpadelstore.com\\\/it\\\/\"},{\"@type\":\"ListItem\",\"position\":2,\"name\":\"Tienda\",\"item\":\"https:\\\/\\\/revolutionpadelstore.com\\\/it\\\/tienda\\\/\"},{\"@type\":\"ListItem\",\"position\":3,\"name\":\"MOCHILA COELLO TOUR PADEL BACKPACK 25L\"}]},{\"@type\":\"WebSite\",\"@id\":\"https:\\\/\\\/revolutionpadelstore.com\\\/it\\\/#website\",\"url\":\"https:\\\/\\\/revolutionpadelstore.com\\\/it\\\/\",\"name\":\"Revolution Padel Store\",\"description\":\"\",\"publisher\":{\"@id\":\"https:\\\/\\\/revolutionpadelstore.com\\\/it\\\/#organization\"},\"potentialAction\":[{\"@type\":\"SearchAction\",\"target\":{\"@type\":\"EntryPoint\",\"urlTemplate\":\"https:\\\/\\\/revolutionpadelstore.com\\\/it\\\/?s={search_term_string}\"},\"query-input\":{\"@type\":\"PropertyValueSpecification\",\"valueRequired\":true,\"valueName\":\"search_term_string\"}}],\"inLanguage\":\"it-IT\"},{\"@type\":\"Organization\",\"@id\":\"https:\\\/\\\/revolutionpadelstore.com\\\/it\\\/#organization\",\"name\":\"Revolution Padel Store\",\"url\":\"https:\\\/\\\/revolutionpadelstore.com\\\/it\\\/\",\"logo\":{\"@type\":\"ImageObject\",\"inLanguage\":\"it-IT\",\"@id\":\"https:\\\/\\\/revolutionpadelstore.com\\\/it\\\/#\\\/schema\\\/logo\\\/image\\\/\",\"url\":\"https:\\\/\\\/revolutionpadelstore.com\\\/wp-content\\\/uploads\\\/2026\\\/02\\\/revolution-padel-store.jpg\",\"contentUrl\":\"https:\\\/\\\/revolutionpadelstore.com\\\/wp-content\\\/uploads\\\/2026\\\/02\\\/revolution-padel-store.jpg\",\"width\":2000,\"height\":2000,\"caption\":\"Revolution Padel Store\"},\"image\":{\"@id\":\"https:\\\/\\\/revolutionpadelstore.com\\\/it\\\/#\\\/schema\\\/logo\\\/image\\\/\"},\"sameAs\":[\"https:\\\/\\\/www.instagram.com\\\/revolutionpadelstore\\\/\"]}]}<\/script>\n<!-- \/ Yoast SEO plugin. -->","yoast_head_json":{"title":"MOCHILA COELLO TOUR PADEL BACKPACK 25L - Revolution Padel Store","description":"Descubre la mochila de p\u00e1del Head Coello Tour 25L, dise\u00f1ada junto a Arturo Coello. Estilo premium, capacidad para 2 palas, compartimento para zapatillas y detalles sostenibles. Disponible en www.revolutionpadelstore.com al mejor precio","robots":{"index":"index","follow":"follow","max-snippet":"max-snippet:-1","max-image-preview":"max-image-preview:large","max-video-preview":"max-video-preview:-1"},"canonical":"https:\/\/revolutionpadelstore.com\/it\/prodotto\/mochila-coello-tour-padel-backpack-25l-4\/","og_locale":"it_IT","og_type":"article","og_title":"MOCHILA COELLO TOUR PADEL BACKPACK 25L - Revolution Padel Store","og_description":"Descubre la mochila de p\u00e1del Head Coello Tour 25L, dise\u00f1ada junto a Arturo Coello. Estilo premium, capacidad para 2 palas, compartimento para zapatillas y detalles sostenibles. Disponible en www.revolutionpadelstore.com al mejor precio","og_url":"https:\/\/revolutionpadelstore.com\/it\/prodotto\/mochila-coello-tour-padel-backpack-25l-4\/","og_site_name":"Revolution Padel Store","article_modified_time":"2026-04-08T01:10:45+00:00","og_image":[{"width":1500,"height":1500,"url":"https:\/\/revolutionpadelstore.com\/wp-content\/uploads\/2025\/10\/486.png","type":"image\/png"}],"twitter_card":"summary_large_image","twitter_misc":{"Tempo di lettura stimato":"2 minuti"},"schema":{"@context":"https:\/\/schema.org","@graph":[{"@type":"WebPage","@id":"https:\/\/revolutionpadelstore.com\/it\/prodotto\/mochila-coello-tour-padel-backpack-25l-4\/","url":"https:\/\/revolutionpadelstore.com\/it\/prodotto\/mochila-coello-tour-padel-backpack-25l-4\/","name":"MOCHILA COELLO TOUR PADEL BACKPACK 25L - Revolution Padel Store","isPartOf":{"@id":"https:\/\/revolutionpadelstore.com\/it\/#website"},"primaryImageOfPage":{"@id":"https:\/\/revolutionpadelstore.com\/it\/prodotto\/mochila-coello-tour-padel-backpack-25l-4\/#primaryimage"},"image":{"@id":"https:\/\/revolutionpadelstore.com\/it\/prodotto\/mochila-coello-tour-padel-backpack-25l-4\/#primaryimage"},"thumbnailUrl":"https:\/\/revolutionpadelstore.com\/wp-content\/uploads\/2025\/10\/486.png","datePublished":"2025-10-15T23:35:09+00:00","dateModified":"2026-04-08T01:10:45+00:00","description":"Descubre la mochila de p\u00e1del Head Coello Tour 25L, dise\u00f1ada junto a Arturo Coello. Estilo premium, capacidad para 2 palas, compartimento para zapatillas y detalles sostenibles. Disponible en www.revolutionpadelstore.com al mejor precio","breadcrumb":{"@id":"https:\/\/revolutionpadelstore.com\/it\/prodotto\/mochila-coello-tour-padel-backpack-25l-4\/#breadcrumb"},"inLanguage":"it-IT","potentialAction":[{"@type":"ReadAction","target":["https:\/\/revolutionpadelstore.com\/it\/prodotto\/mochila-coello-tour-padel-backpack-25l-4\/"]}]},{"@type":"ImageObject","inLanguage":"it-IT","@id":"https:\/\/revolutionpadelstore.com\/it\/prodotto\/mochila-coello-tour-padel-backpack-25l-4\/#primaryimage","url":"https:\/\/revolutionpadelstore.com\/wp-content\/uploads\/2025\/10\/486.png","contentUrl":"https:\/\/revolutionpadelstore.com\/wp-content\/uploads\/2025\/10\/486.png","width":1500,"height":1500},{"@type":"BreadcrumbList","@id":"https:\/\/revolutionpadelstore.com\/it\/prodotto\/mochila-coello-tour-padel-backpack-25l-4\/#breadcrumb","itemListElement":[{"@type":"ListItem","position":1,"name":"Portada","item":"https:\/\/revolutionpadelstore.com\/it\/"},{"@type":"ListItem","position":2,"name":"Tienda","item":"https:\/\/revolutionpadelstore.com\/it\/tienda\/"},{"@type":"ListItem","position":3,"name":"MOCHILA COELLO TOUR PADEL BACKPACK 25L"}]},{"@type":"WebSite","@id":"https:\/\/revolutionpadelstore.com\/it\/#website","url":"https:\/\/revolutionpadelstore.com\/it\/","name":"Revolution Padel Store","description":"","publisher":{"@id":"https:\/\/revolutionpadelstore.com\/it\/#organization"},"potentialAction":[{"@type":"SearchAction","target":{"@type":"EntryPoint","urlTemplate":"https:\/\/revolutionpadelstore.com\/it\/?s={search_term_string}"},"query-input":{"@type":"PropertyValueSpecification","valueRequired":true,"valueName":"search_term_string"}}],"inLanguage":"it-IT"},{"@type":"Organization","@id":"https:\/\/revolutionpadelstore.com\/it\/#organization","name":"Revolution Padel Store","url":"https:\/\/revolutionpadelstore.com\/it\/","logo":{"@type":"ImageObject","inLanguage":"it-IT","@id":"https:\/\/revolutionpadelstore.com\/it\/#\/schema\/logo\/image\/","url":"https:\/\/revolutionpadelstore.com\/wp-content\/uploads\/2026\/02\/revolution-padel-store.jpg","contentUrl":"https:\/\/revolutionpadelstore.com\/wp-content\/uploads\/2026\/02\/revolution-padel-store.jpg","width":2000,"height":2000,"caption":"Revolution Padel Store"},"image":{"@id":"https:\/\/revolutionpadelstore.com\/it\/#\/schema\/logo\/image\/"},"sameAs":["https:\/\/www.instagram.com\/revolutionpadelstore\/"]}]}},"_links":{"self":[{"href":"https:\/\/revolutionpadelstore.com\/it\/wp-json\/wp\/v2\/product\/284744","targetHints":{"allow":["GET"]}}],"collection":[{"href":"https:\/\/revolutionpadelstore.com\/it\/wp-json\/wp\/v2\/product"}],"about":[{"href":"https:\/\/revolutionpadelstore.com\/it\/wp-json\/wp\/v2\/types\/product"}],"replies":[{"embeddable":true,"href":"https:\/\/revolutionpadelstore.com\/it\/wp-json\/wp\/v2\/comments?post=284744"}],"wp:featuredmedia":[{"embeddable":true,"href":"https:\/\/revolutionpadelstore.com\/it\/wp-json\/wp\/v2\/media\/284750"}],"wp:attachment":[{"href":"https:\/\/revolutionpadelstore.com\/it\/wp-json\/wp\/v2\/media?parent=284744"}],"wp:term":[{"taxonomy":"acabado","embeddable":true,"href":"https:\/\/revolutionpadelstore.com\/it\/wp-json\/wp\/v2\/acabado?post=284744"},{"taxonomy":"balance","embeddable":true,"href":"https:\/\/revolutionpadelstore.com\/it\/wp-json\/wp\/v2\/balance?post=284744"},{"taxonomy":"dureza","embeddable":true,"href":"https:\/\/revolutionpadelstore.com\/it\/wp-json\/wp\/v2\/dureza?post=284744"},{"taxonomy":"forma","embeddable":true,"href":"https:\/\/revolutionpadelstore.com\/it\/wp-json\/wp\/v2\/forma?post=284744"},{"taxonomy":"jugador","embeddable":true,"href":"https:\/\/revolutionpadelstore.com\/it\/wp-json\/wp\/v2\/jugador?post=284744"},{"taxonomy":"marca","embeddable":true,"href":"https:\/\/revolutionpadelstore.com\/it\/wp-json\/wp\/v2\/marca?post=284744"},{"taxonomy":"nivel-de-juego","embeddable":true,"href":"https:\/\/revolutionpadelstore.com\/it\/wp-json\/wp\/v2\/nivel-de-juego?post=284744"},{"taxonomy":"superficie","embeddable":true,"href":"https:\/\/revolutionpadelstore.com\/it\/wp-json\/wp\/v2\/superficie?post=284744"},{"taxonomy":"tipo-de-juego","embeddable":true,"href":"https:\/\/revolutionpadelstore.com\/it\/wp-json\/wp\/v2\/tipo-de-juego?post=284744"},{"taxonomy":"product_brand","embeddable":true,"href":"https:\/\/revolutionpadelstore.com\/it\/wp-json\/wp\/v2\/product_brand?post=284744"},{"taxonomy":"product_cat","embeddable":true,"href":"https:\/\/revolutionpadelstore.com\/it\/wp-json\/wp\/v2\/product_cat?post=284744"},{"taxonomy":"product_tag","embeddable":true,"href":"https:\/\/revolutionpadelstore.com\/it\/wp-json\/wp\/v2\/product_tag?post=284744"}],"curies":[{"name":"wp","href":"https:\/\/api.w.org\/{rel}","templated":true}]}}