{"id":269169,"date":"2025-09-26T00:30:02","date_gmt":"2025-09-25T22:30:02","guid":{"rendered":"https:\/\/revolutionpadelstore.com\/nox-at10-genius-attack-18k-alum-by-agustin-tapia-2026\/"},"modified":"2026-04-01T00:50:29","modified_gmt":"2026-03-31T22:50:29","slug":"nox-at10-genius-attack-18k-alum-by-agustin-tapia-2026-4","status":"publish","type":"product","link":"https:\/\/revolutionpadelstore.com\/it\/prodotto\/nox-at10-genius-attack-18k-alum-by-agustin-tapia-2026-4\/","title":{"rendered":"NOX AT10 GENIUS ATTACK 18K ALUM BY AGUST\u00cdN TAPIA 2026"},"content":{"rendered":"<h2>Nox AT10 Genius Attack 18K Alum 2026 \u2013 Potenza offensiva illimitata<\/h2>\n<p>Il <strong>Nox AT10 Genius Attack 18K Alum 2026<\/strong> \u00e8 la nuova arma d&#8217;attacco sviluppata insieme a <em>Agust\u00edn Tapia<\/em> per i giocatori che cercano di dominare ogni punto con potenza e precisione. Questa racchetta da padel professionale si distingue per il suo formato a diamante, l&#8217;elevato equilibrio e un peso che varia tra 360 e 375 grammi, offrendo prestazioni esplosive ad ogni colpo.<\/p>\n<p>Realizzato con materiali di ultima generazione, la faccia in <strong>carbonio alluminato 18K<\/strong> e l&#8217;anima in <strong>MLD Black EVA<\/strong> garantiscono una potente uscita della palla, una sensazione di fermezza e un adattamento ideale a qualsiasi condizione atmosferica. Il design e le tecnologie di questa racchetta Nox 2026 la rendono un&#8217;opzione imbattibile per il gioco offensivo.<\/p>\n<h2>AT10 Genius Attack 2026: per giocatori aggressivi ed esigenti<\/h2>\n<p>Progettato per <strong>giocatori avanzati e professionisti<\/strong>, l&#8217;AT10 Genius Attack 18K Alum \u00e8 l&#8217;ideale per coloro che giocano uno stile di gioco <strong>aggressivo e dominante<\/strong>. Il suo nuovo stampo e l&#8217;innovativo <strong>Weight Balance System<\/strong> consentono di personalizzare il bilanciamento della racchetta, adattandola alle preferenze del giocatore.<\/p>\n<p>Il suo tocco medio fornisce un perfetto equilibrio tra <strong>controllo e potenza<\/strong>, anche se brilla soprattutto in azioni offensive come smash, viper e layup con rotazione.<\/p>\n<h2>Caratteristiche tecniche in evidenza<\/h2>\n<p><strong>-Carbon 18K Alum<\/strong>: superficie in carbonio alluminato che migliora la rigidit\u00e0 strutturale e la stabilit\u00e0 termica.<\/p>\n<p><strong>-MLD Black EVA<\/strong>: nucleo multistrato che massimizza la potenza e la resa della palla.<\/p>\n<p><strong>-Weight Balance System<\/strong>: sistema di contrappesi intercambiabili per regolare bilanciamento e peso in base allo stile di gioco.<\/p>\n<p><strong>-Dual Spin<\/strong>: texture ruvida 3D e sabbia silicea per generare effetti estremi.<\/p>\n<p><strong>-EOS Tunnel<\/strong>: nuova struttura forata nel montante che aumenta la manovrabilit\u00e0 e l&#8217;aerodinamica.<\/p>\n<p><strong>-Pulse System<\/strong>: sistema antivibrazione che migliora il comfort ad ogni colpo.<\/p>\n<p><strong>-Oversize Grip<\/strong>: manico pi\u00f9 lungo per una migliore presa e comfort.<\/p>\n<p><strong>&#8211; SmartStrap<\/strong>: cordino intercambiabile in modo rapido e sicuro.<\/p>\n<p><strong>&#8211; Vernice fotocromatica<\/strong>: vernice che reagisce alla luce cambiando colore.<\/p>\n<p><strong>&#8211; Custom Grip<\/strong>: impugnatura personalizzabile con sistema antivibrante certificato da Testea P\u00e1del.<\/p>\n<h2>Perch\u00e9 scegliere l&#8217;AT10 Genius Attack 2026?<\/h2>\n<p>-Perfetto per uno stile di gioco <strong>offensivo e aggressivo<\/strong><\/p>\n<p>-Personalizzabile in base al tuo modo di giocare<\/p>\n<p>-Comfort, potenza e design professionale<\/p>\n<p>-Sviluppato da e per giocatori d&#8217;\u00e9lite come <em>Agust\u00edn Tapia<\/em><\/p>\n<h2>Ottieni la racchetta Nox AT10 Genius Attack 2026 al miglior prezzo<\/h2>\n<p>Se il tuo stile si basa su <strong>potenza, colpi aggressivi e controllo offensivo<\/strong>, la <strong>Nox AT10 Genius Attack 18K Alum 2026<\/strong> \u00e8 la racchetta di cui hai bisogno per portare il tuo livello al passo successivo. Padroneggia ogni punto e fai la differenza con questa racchetta ad alte prestazioni.<\/p>\n<p>Disponibile ora nel nostro negozio online <strong><a href=\"https:\/\/www.revolutionpadelstore.com\/\">www.revolutionpadelstore.com<\/a><\/strong>, probabilmente <strong>al miglior prezzo sul mercato<\/strong>.<\/p>\n<h2>Nox AT10 Genius Attack 18K Alum 2026 \u2013 Potencia ofensiva sin l\u00edmites<\/h2>\n","protected":false},"excerpt":{"rendered":"<p>Senti la potenza e la precisione in ogni colpo, progettata per giocatori aggressivi ad alte prestazioni, con la racchetta Nox di Agust\u00edn Tapia.<\/p>\n","protected":false},"featured_media":269164,"comment_status":"open","ping_status":"closed","template":"","meta":{"_acf_changed":false,"_joinchat":[]},"acabado":[1086,1096],"balance":[1136],"dureza":[1156],"forma":[1171],"jugador":[1191],"marca":[1261],"nivel-de-juego":[1336,1346],"superficie":[1361],"tipo-de-juego":[1376],"product_brand":[],"product_cat":[301],"product_tag":[],"class_list":{"0":"post-269169","1":"product","2":"type-product","3":"status-publish","4":"has-post-thumbnail","6":"acabado-amico","7":"acabado-sabbioso","8":"balance-alto-it","9":"dureza-media-it","10":"forma-diamante-it","11":"jugador-uomo","12":"marca-nox-it","13":"superficie-rugosa-it","14":"tipo-de-juego-potenza","15":"product_cat-palas-de-padel-it","17":"first","18":"instock","19":"sale","20":"taxable","21":"shipping-taxable","22":"purchasable","23":"product-type-simple"},"acf":[],"yoast_head":"<!-- This site is optimized with the Yoast SEO plugin v27.3 - https:\/\/yoast.com\/product\/yoast-seo-wordpress\/ -->\n<title>NOX AT10 GENIUS ATTACK 18K ALUM BY AGUST\u00cdN TAPIA 2026 - Revolution Padel Store<\/title>\n<meta name=\"description\" content=\"Descubre la Nox AT10 Genius Attack 18K Alum 2026, la pala de p\u00e1del profesional de Agust\u00edn Tapia con m\u00e1xima potencia, control ofensivo y tecnolog\u00edas exclusivas. \u00a1C\u00f3mprala ya en Revolution Padel Store al mejor precio!\" \/>\n<meta name=\"robots\" content=\"index, follow, max-snippet:-1, max-image-preview:large, max-video-preview:-1\" \/>\n<link rel=\"canonical\" href=\"https:\/\/revolutionpadelstore.com\/it\/prodotto\/nox-at10-genius-attack-18k-alum-by-agustin-tapia-2026-4\/\" \/>\n<meta property=\"og:locale\" content=\"it_IT\" \/>\n<meta property=\"og:type\" content=\"article\" \/>\n<meta property=\"og:title\" content=\"NOX AT10 GENIUS ATTACK 18K ALUM BY AGUST\u00cdN TAPIA 2026 - Revolution Padel Store\" \/>\n<meta property=\"og:description\" content=\"Descubre la Nox AT10 Genius Attack 18K Alum 2026, la pala de p\u00e1del profesional de Agust\u00edn Tapia con m\u00e1xima potencia, control ofensivo y tecnolog\u00edas exclusivas. \u00a1C\u00f3mprala ya en Revolution Padel Store al mejor precio!\" \/>\n<meta property=\"og:url\" content=\"https:\/\/revolutionpadelstore.com\/it\/prodotto\/nox-at10-genius-attack-18k-alum-by-agustin-tapia-2026-4\/\" \/>\n<meta property=\"og:site_name\" content=\"Revolution Padel Store\" \/>\n<meta property=\"article:modified_time\" content=\"2026-03-31T22:50:29+00:00\" \/>\n<meta property=\"og:image\" content=\"https:\/\/revolutionpadelstore.com\/wp-content\/uploads\/2025\/09\/120972-pala-nox-at10-genius-attack-18k-alum-by-agustin-tapia-1500x1500-1.webp\" \/>\n\t<meta property=\"og:image:width\" content=\"1500\" \/>\n\t<meta property=\"og:image:height\" content=\"1500\" \/>\n\t<meta property=\"og:image:type\" content=\"image\/webp\" \/>\n<meta name=\"twitter:card\" content=\"summary_large_image\" \/>\n<meta name=\"twitter:label1\" content=\"Tempo di lettura stimato\" \/>\n\t<meta name=\"twitter:data1\" content=\"2 minuti\" \/>\n<script type=\"application\/ld+json\" class=\"yoast-schema-graph\">{\"@context\":\"https:\\\/\\\/schema.org\",\"@graph\":[{\"@type\":\"WebPage\",\"@id\":\"https:\\\/\\\/revolutionpadelstore.com\\\/it\\\/prodotto\\\/nox-at10-genius-attack-18k-alum-by-agustin-tapia-2026-4\\\/\",\"url\":\"https:\\\/\\\/revolutionpadelstore.com\\\/it\\\/prodotto\\\/nox-at10-genius-attack-18k-alum-by-agustin-tapia-2026-4\\\/\",\"name\":\"NOX AT10 GENIUS ATTACK 18K ALUM BY AGUST\u00cdN TAPIA 2026 - Revolution Padel Store\",\"isPartOf\":{\"@id\":\"https:\\\/\\\/revolutionpadelstore.com\\\/it\\\/#website\"},\"primaryImageOfPage\":{\"@id\":\"https:\\\/\\\/revolutionpadelstore.com\\\/it\\\/prodotto\\\/nox-at10-genius-attack-18k-alum-by-agustin-tapia-2026-4\\\/#primaryimage\"},\"image\":{\"@id\":\"https:\\\/\\\/revolutionpadelstore.com\\\/it\\\/prodotto\\\/nox-at10-genius-attack-18k-alum-by-agustin-tapia-2026-4\\\/#primaryimage\"},\"thumbnailUrl\":\"https:\\\/\\\/revolutionpadelstore.com\\\/wp-content\\\/uploads\\\/2025\\\/09\\\/120972-pala-nox-at10-genius-attack-18k-alum-by-agustin-tapia-1500x1500-1.webp\",\"datePublished\":\"2025-09-25T22:30:02+00:00\",\"dateModified\":\"2026-03-31T22:50:29+00:00\",\"description\":\"Descubre la Nox AT10 Genius Attack 18K Alum 2026, la pala de p\u00e1del profesional de Agust\u00edn Tapia con m\u00e1xima potencia, control ofensivo y tecnolog\u00edas exclusivas. \u00a1C\u00f3mprala ya en Revolution Padel Store al mejor precio!\",\"breadcrumb\":{\"@id\":\"https:\\\/\\\/revolutionpadelstore.com\\\/it\\\/prodotto\\\/nox-at10-genius-attack-18k-alum-by-agustin-tapia-2026-4\\\/#breadcrumb\"},\"inLanguage\":\"it-IT\",\"potentialAction\":[{\"@type\":\"ReadAction\",\"target\":[\"https:\\\/\\\/revolutionpadelstore.com\\\/it\\\/prodotto\\\/nox-at10-genius-attack-18k-alum-by-agustin-tapia-2026-4\\\/\"]}]},{\"@type\":\"ImageObject\",\"inLanguage\":\"it-IT\",\"@id\":\"https:\\\/\\\/revolutionpadelstore.com\\\/it\\\/prodotto\\\/nox-at10-genius-attack-18k-alum-by-agustin-tapia-2026-4\\\/#primaryimage\",\"url\":\"https:\\\/\\\/revolutionpadelstore.com\\\/wp-content\\\/uploads\\\/2025\\\/09\\\/120972-pala-nox-at10-genius-attack-18k-alum-by-agustin-tapia-1500x1500-1.webp\",\"contentUrl\":\"https:\\\/\\\/revolutionpadelstore.com\\\/wp-content\\\/uploads\\\/2025\\\/09\\\/120972-pala-nox-at10-genius-attack-18k-alum-by-agustin-tapia-1500x1500-1.webp\",\"width\":1500,\"height\":1500},{\"@type\":\"BreadcrumbList\",\"@id\":\"https:\\\/\\\/revolutionpadelstore.com\\\/it\\\/prodotto\\\/nox-at10-genius-attack-18k-alum-by-agustin-tapia-2026-4\\\/#breadcrumb\",\"itemListElement\":[{\"@type\":\"ListItem\",\"position\":1,\"name\":\"Portada\",\"item\":\"https:\\\/\\\/revolutionpadelstore.com\\\/it\\\/\"},{\"@type\":\"ListItem\",\"position\":2,\"name\":\"Tienda\",\"item\":\"https:\\\/\\\/revolutionpadelstore.com\\\/it\\\/tienda\\\/\"},{\"@type\":\"ListItem\",\"position\":3,\"name\":\"NOX AT10 GENIUS ATTACK 18K ALUM BY AGUST\u00cdN TAPIA 2026\"}]},{\"@type\":\"WebSite\",\"@id\":\"https:\\\/\\\/revolutionpadelstore.com\\\/it\\\/#website\",\"url\":\"https:\\\/\\\/revolutionpadelstore.com\\\/it\\\/\",\"name\":\"Revolution Padel Store\",\"description\":\"\",\"publisher\":{\"@id\":\"https:\\\/\\\/revolutionpadelstore.com\\\/it\\\/#organization\"},\"potentialAction\":[{\"@type\":\"SearchAction\",\"target\":{\"@type\":\"EntryPoint\",\"urlTemplate\":\"https:\\\/\\\/revolutionpadelstore.com\\\/it\\\/?s={search_term_string}\"},\"query-input\":{\"@type\":\"PropertyValueSpecification\",\"valueRequired\":true,\"valueName\":\"search_term_string\"}}],\"inLanguage\":\"it-IT\"},{\"@type\":\"Organization\",\"@id\":\"https:\\\/\\\/revolutionpadelstore.com\\\/it\\\/#organization\",\"name\":\"Revolution Padel Store\",\"url\":\"https:\\\/\\\/revolutionpadelstore.com\\\/it\\\/\",\"logo\":{\"@type\":\"ImageObject\",\"inLanguage\":\"it-IT\",\"@id\":\"https:\\\/\\\/revolutionpadelstore.com\\\/it\\\/#\\\/schema\\\/logo\\\/image\\\/\",\"url\":\"https:\\\/\\\/revolutionpadelstore.com\\\/wp-content\\\/uploads\\\/2026\\\/02\\\/revolution-padel-store.jpg\",\"contentUrl\":\"https:\\\/\\\/revolutionpadelstore.com\\\/wp-content\\\/uploads\\\/2026\\\/02\\\/revolution-padel-store.jpg\",\"width\":2000,\"height\":2000,\"caption\":\"Revolution Padel Store\"},\"image\":{\"@id\":\"https:\\\/\\\/revolutionpadelstore.com\\\/it\\\/#\\\/schema\\\/logo\\\/image\\\/\"},\"sameAs\":[\"https:\\\/\\\/www.instagram.com\\\/revolutionpadelstore\\\/\"]}]}<\/script>\n<!-- \/ Yoast SEO plugin. -->","yoast_head_json":{"title":"NOX AT10 GENIUS ATTACK 18K ALUM BY AGUST\u00cdN TAPIA 2026 - Revolution Padel Store","description":"Descubre la Nox AT10 Genius Attack 18K Alum 2026, la pala de p\u00e1del profesional de Agust\u00edn Tapia con m\u00e1xima potencia, control ofensivo y tecnolog\u00edas exclusivas. \u00a1C\u00f3mprala ya en Revolution Padel Store al mejor precio!","robots":{"index":"index","follow":"follow","max-snippet":"max-snippet:-1","max-image-preview":"max-image-preview:large","max-video-preview":"max-video-preview:-1"},"canonical":"https:\/\/revolutionpadelstore.com\/it\/prodotto\/nox-at10-genius-attack-18k-alum-by-agustin-tapia-2026-4\/","og_locale":"it_IT","og_type":"article","og_title":"NOX AT10 GENIUS ATTACK 18K ALUM BY AGUST\u00cdN TAPIA 2026 - Revolution Padel Store","og_description":"Descubre la Nox AT10 Genius Attack 18K Alum 2026, la pala de p\u00e1del profesional de Agust\u00edn Tapia con m\u00e1xima potencia, control ofensivo y tecnolog\u00edas exclusivas. \u00a1C\u00f3mprala ya en Revolution Padel Store al mejor precio!","og_url":"https:\/\/revolutionpadelstore.com\/it\/prodotto\/nox-at10-genius-attack-18k-alum-by-agustin-tapia-2026-4\/","og_site_name":"Revolution Padel Store","article_modified_time":"2026-03-31T22:50:29+00:00","og_image":[{"width":1500,"height":1500,"url":"https:\/\/revolutionpadelstore.com\/wp-content\/uploads\/2025\/09\/120972-pala-nox-at10-genius-attack-18k-alum-by-agustin-tapia-1500x1500-1.webp","type":"image\/webp"}],"twitter_card":"summary_large_image","twitter_misc":{"Tempo di lettura stimato":"2 minuti"},"schema":{"@context":"https:\/\/schema.org","@graph":[{"@type":"WebPage","@id":"https:\/\/revolutionpadelstore.com\/it\/prodotto\/nox-at10-genius-attack-18k-alum-by-agustin-tapia-2026-4\/","url":"https:\/\/revolutionpadelstore.com\/it\/prodotto\/nox-at10-genius-attack-18k-alum-by-agustin-tapia-2026-4\/","name":"NOX AT10 GENIUS ATTACK 18K ALUM BY AGUST\u00cdN TAPIA 2026 - Revolution Padel Store","isPartOf":{"@id":"https:\/\/revolutionpadelstore.com\/it\/#website"},"primaryImageOfPage":{"@id":"https:\/\/revolutionpadelstore.com\/it\/prodotto\/nox-at10-genius-attack-18k-alum-by-agustin-tapia-2026-4\/#primaryimage"},"image":{"@id":"https:\/\/revolutionpadelstore.com\/it\/prodotto\/nox-at10-genius-attack-18k-alum-by-agustin-tapia-2026-4\/#primaryimage"},"thumbnailUrl":"https:\/\/revolutionpadelstore.com\/wp-content\/uploads\/2025\/09\/120972-pala-nox-at10-genius-attack-18k-alum-by-agustin-tapia-1500x1500-1.webp","datePublished":"2025-09-25T22:30:02+00:00","dateModified":"2026-03-31T22:50:29+00:00","description":"Descubre la Nox AT10 Genius Attack 18K Alum 2026, la pala de p\u00e1del profesional de Agust\u00edn Tapia con m\u00e1xima potencia, control ofensivo y tecnolog\u00edas exclusivas. \u00a1C\u00f3mprala ya en Revolution Padel Store al mejor precio!","breadcrumb":{"@id":"https:\/\/revolutionpadelstore.com\/it\/prodotto\/nox-at10-genius-attack-18k-alum-by-agustin-tapia-2026-4\/#breadcrumb"},"inLanguage":"it-IT","potentialAction":[{"@type":"ReadAction","target":["https:\/\/revolutionpadelstore.com\/it\/prodotto\/nox-at10-genius-attack-18k-alum-by-agustin-tapia-2026-4\/"]}]},{"@type":"ImageObject","inLanguage":"it-IT","@id":"https:\/\/revolutionpadelstore.com\/it\/prodotto\/nox-at10-genius-attack-18k-alum-by-agustin-tapia-2026-4\/#primaryimage","url":"https:\/\/revolutionpadelstore.com\/wp-content\/uploads\/2025\/09\/120972-pala-nox-at10-genius-attack-18k-alum-by-agustin-tapia-1500x1500-1.webp","contentUrl":"https:\/\/revolutionpadelstore.com\/wp-content\/uploads\/2025\/09\/120972-pala-nox-at10-genius-attack-18k-alum-by-agustin-tapia-1500x1500-1.webp","width":1500,"height":1500},{"@type":"BreadcrumbList","@id":"https:\/\/revolutionpadelstore.com\/it\/prodotto\/nox-at10-genius-attack-18k-alum-by-agustin-tapia-2026-4\/#breadcrumb","itemListElement":[{"@type":"ListItem","position":1,"name":"Portada","item":"https:\/\/revolutionpadelstore.com\/it\/"},{"@type":"ListItem","position":2,"name":"Tienda","item":"https:\/\/revolutionpadelstore.com\/it\/tienda\/"},{"@type":"ListItem","position":3,"name":"NOX AT10 GENIUS ATTACK 18K ALUM BY AGUST\u00cdN TAPIA 2026"}]},{"@type":"WebSite","@id":"https:\/\/revolutionpadelstore.com\/it\/#website","url":"https:\/\/revolutionpadelstore.com\/it\/","name":"Revolution Padel Store","description":"","publisher":{"@id":"https:\/\/revolutionpadelstore.com\/it\/#organization"},"potentialAction":[{"@type":"SearchAction","target":{"@type":"EntryPoint","urlTemplate":"https:\/\/revolutionpadelstore.com\/it\/?s={search_term_string}"},"query-input":{"@type":"PropertyValueSpecification","valueRequired":true,"valueName":"search_term_string"}}],"inLanguage":"it-IT"},{"@type":"Organization","@id":"https:\/\/revolutionpadelstore.com\/it\/#organization","name":"Revolution Padel Store","url":"https:\/\/revolutionpadelstore.com\/it\/","logo":{"@type":"ImageObject","inLanguage":"it-IT","@id":"https:\/\/revolutionpadelstore.com\/it\/#\/schema\/logo\/image\/","url":"https:\/\/revolutionpadelstore.com\/wp-content\/uploads\/2026\/02\/revolution-padel-store.jpg","contentUrl":"https:\/\/revolutionpadelstore.com\/wp-content\/uploads\/2026\/02\/revolution-padel-store.jpg","width":2000,"height":2000,"caption":"Revolution Padel Store"},"image":{"@id":"https:\/\/revolutionpadelstore.com\/it\/#\/schema\/logo\/image\/"},"sameAs":["https:\/\/www.instagram.com\/revolutionpadelstore\/"]}]}},"_links":{"self":[{"href":"https:\/\/revolutionpadelstore.com\/it\/wp-json\/wp\/v2\/product\/269169","targetHints":{"allow":["GET"]}}],"collection":[{"href":"https:\/\/revolutionpadelstore.com\/it\/wp-json\/wp\/v2\/product"}],"about":[{"href":"https:\/\/revolutionpadelstore.com\/it\/wp-json\/wp\/v2\/types\/product"}],"replies":[{"embeddable":true,"href":"https:\/\/revolutionpadelstore.com\/it\/wp-json\/wp\/v2\/comments?post=269169"}],"wp:featuredmedia":[{"embeddable":true,"href":"https:\/\/revolutionpadelstore.com\/it\/wp-json\/wp\/v2\/media\/269164"}],"wp:attachment":[{"href":"https:\/\/revolutionpadelstore.com\/it\/wp-json\/wp\/v2\/media?parent=269169"}],"wp:term":[{"taxonomy":"acabado","embeddable":true,"href":"https:\/\/revolutionpadelstore.com\/it\/wp-json\/wp\/v2\/acabado?post=269169"},{"taxonomy":"balance","embeddable":true,"href":"https:\/\/revolutionpadelstore.com\/it\/wp-json\/wp\/v2\/balance?post=269169"},{"taxonomy":"dureza","embeddable":true,"href":"https:\/\/revolutionpadelstore.com\/it\/wp-json\/wp\/v2\/dureza?post=269169"},{"taxonomy":"forma","embeddable":true,"href":"https:\/\/revolutionpadelstore.com\/it\/wp-json\/wp\/v2\/forma?post=269169"},{"taxonomy":"jugador","embeddable":true,"href":"https:\/\/revolutionpadelstore.com\/it\/wp-json\/wp\/v2\/jugador?post=269169"},{"taxonomy":"marca","embeddable":true,"href":"https:\/\/revolutionpadelstore.com\/it\/wp-json\/wp\/v2\/marca?post=269169"},{"taxonomy":"nivel-de-juego","embeddable":true,"href":"https:\/\/revolutionpadelstore.com\/it\/wp-json\/wp\/v2\/nivel-de-juego?post=269169"},{"taxonomy":"superficie","embeddable":true,"href":"https:\/\/revolutionpadelstore.com\/it\/wp-json\/wp\/v2\/superficie?post=269169"},{"taxonomy":"tipo-de-juego","embeddable":true,"href":"https:\/\/revolutionpadelstore.com\/it\/wp-json\/wp\/v2\/tipo-de-juego?post=269169"},{"taxonomy":"product_brand","embeddable":true,"href":"https:\/\/revolutionpadelstore.com\/it\/wp-json\/wp\/v2\/product_brand?post=269169"},{"taxonomy":"product_cat","embeddable":true,"href":"https:\/\/revolutionpadelstore.com\/it\/wp-json\/wp\/v2\/product_cat?post=269169"},{"taxonomy":"product_tag","embeddable":true,"href":"https:\/\/revolutionpadelstore.com\/it\/wp-json\/wp\/v2\/product_tag?post=269169"}],"curies":[{"name":"wp","href":"https:\/\/api.w.org\/{rel}","templated":true}]}}