{"id":268423,"date":"2025-09-11T16:08:40","date_gmt":"2025-09-11T14:08:40","guid":{"rendered":"https:\/\/revolutionpadelstore.com\/?post_type=product&#038;p=268423"},"modified":"2026-04-10T14:04:54","modified_gmt":"2026-04-10T12:04:54","slug":"joma-slam-lady-2525-beige-4","status":"publish","type":"product","link":"https:\/\/revolutionpadelstore.com\/it\/prodotto\/joma-slam-lady-2525-beige-4\/","title":{"rendered":"JOMA SLAM LADY 2525 BEIGE"},"content":{"rendered":"<h2>JOMA SLAM LADY 2525 BEIGE \u2013 Prestazioni professionali, stabilit\u00e0 totale<\/h2>\n<p>Queste scarpe da padel di fascia alta sono progettate per i giocatori con una buona tecnica che cercano un livello pi\u00f9 elevato di stabilit\u00e0, ammortizzazione e reattivit\u00e0. Ideali per allenamenti impegnativi e partite ad alte prestazioni, sono stati testati da giocatori professionisti come Vero Virseda, che ne garantisce la qualit\u00e0 e l&#8217;affidabilit\u00e0 in campo.<\/p>\n<h2>Caratteristiche tecniche<\/h2>\n<p>&#8211; Tomaia in mesh traspirante con microperforazioni strategiche che favoriscono una ventilazione costante, mantenendo i piedi freschi e asciutti anche nelle partite intense.<\/p>\n<p>&#8211; Tecnologia JOMA SPORTECH termosaldata che fornisce una calzata precisa e confortevole senza aumentare il peso della scarpa.<\/p>\n<p>-Sistema di PROTEZIONE con rinforzi in gomma nelle aree chiave per proteggere da attriti e urti, senza compromettere la flessibilit\u00e0 della calzatura.<\/p>\n<p>-Intersuola DUAL REACTIVE a doppia densit\u00e0:<\/p>\n<p>-Phylon superiore che migliora il ritorno energetico.<\/p>\n<p>-REACTIVE BALL inferiore che offre un&#8217;ammortizzazione efficace e morbida.<\/p>\n<p>&#8211; Pezzo STABILIS nella zona mediale che impedisce la torsione e fornisce stabilit\u00e0 durante i movimenti laterali.<\/p>\n<p>&#8211; Suola Omni con tecnologia DURABILITY, realizzata in gomma resistente con piccoli tacchetti circolari che migliorano la trazione, consentono uno scorrimento controllato e aumentano la durata su superfici dure.<\/p>\n<h2>Vantaggi in primo piano<\/h2>\n<p>-Massima stabilit\u00e0 per movimenti rapidi e cambi di direzione.<\/p>\n<p>-Eccellente combinazione di ammortizzazione e reattivit\u00e0.<\/p>\n<p>-Leggerezza senza rinunciare alla protezione.<\/p>\n<p>-Sviluppato con la validazione dei giocatori professionisti del circuito.<\/p>\n<p>-Prestazioni ottimizzate per giocatori avanzati o professionisti.<\/p>\n<h2>Perch\u00e9 scegliere queste scarpe da ginnastica?<\/h2>\n<p>Se sei una giocatrice esigente che cerca il meglio nelle scarpe da padel da donna, questo modello \u00e8 la scelta perfetta. Offrono innovazione, comfort e supporto in ogni punto. Che si tratti di competizioni o allenamenti ad alta intensit\u00e0, queste scarpe sono progettate per portare il tuo gioco a un livello superiore.<\/p>\n<p>Ordina oggi e sperimenta le vere prestazioni professionali in pista.<\/p>\n<p><strong>Disponibile ora su <a href=\"http:\/\/www.revolutionpadelstore.com\/\">www.revolutionpadelstore.com<\/a>, probabilmente al miglior prezzo sul mercato.<\/strong><\/p>\n","protected":false},"excerpt":{"rendered":"<p>Scopri le scarpe da paddle che portano il tuo gioco al livello successivo. Pensate per giocatori esigenti che cercano la massima stabilit\u00e0, ammortizzazione ed esplosivit\u00e0 in ogni punto, sono le alleate perfette per allenamenti intensi e partite decisive. Supportati da professionisti d&#8217;\u00e9lite come Vero Virseda, offrono la sicurezza, la qualit\u00e0 e le prestazioni necessarie per dominare il campo.<\/p>\n","protected":false},"featured_media":268441,"comment_status":"open","ping_status":"closed","template":"","meta":{"_acf_changed":false,"_joinchat":[]},"acabado":[],"balance":[],"dureza":[],"forma":[],"jugador":[],"marca":[1226],"nivel-de-juego":[],"superficie":[],"tipo-de-juego":[],"product_brand":[],"product_cat":[832,455],"product_tag":[],"class_list":{"0":"post-268423","1":"product","2":"type-product","3":"status-publish","4":"has-post-thumbnail","6":"marca-joma-it","7":"product_cat-scarpe-da-ginnastica","8":"product_cat-sneakers-da-donna","10":"first","11":"outofstock","12":"sale","13":"taxable","14":"shipping-taxable","15":"purchasable","16":"product-type-variable"},"acf":[],"yoast_head":"<!-- This site is optimized with the Yoast SEO plugin v27.4 - https:\/\/yoast.com\/product\/yoast-seo-wordpress\/ -->\n<title>JOMA SLAM LADY 2525 BEIGE - Revolution Padel Store<\/title>\n<meta name=\"description\" content=\"Zapatillas de p\u00e1del para mujer profesionales con m\u00e1xima estabilidad, amortiguaci\u00f3n y tecnolog\u00edas avanzadas. Compra online en revolutionpadelstore.com al mejor precio.\" \/>\n<meta name=\"robots\" content=\"index, follow, max-snippet:-1, max-image-preview:large, max-video-preview:-1\" \/>\n<link rel=\"canonical\" href=\"https:\/\/revolutionpadelstore.com\/it\/prodotto\/joma-slam-lady-2525-beige-4\/\" \/>\n<meta property=\"og:locale\" content=\"it_IT\" \/>\n<meta property=\"og:type\" content=\"article\" \/>\n<meta property=\"og:title\" content=\"JOMA SLAM LADY 2525 BEIGE - Revolution Padel Store\" \/>\n<meta property=\"og:description\" content=\"Zapatillas de p\u00e1del para mujer profesionales con m\u00e1xima estabilidad, amortiguaci\u00f3n y tecnolog\u00edas avanzadas. Compra online en revolutionpadelstore.com al mejor precio.\" \/>\n<meta property=\"og:url\" content=\"https:\/\/revolutionpadelstore.com\/it\/prodotto\/joma-slam-lady-2525-beige-4\/\" \/>\n<meta property=\"og:site_name\" content=\"Revolution Padel Store\" \/>\n<meta property=\"article:modified_time\" content=\"2026-04-10T12:04:54+00:00\" \/>\n<meta property=\"og:image\" content=\"https:\/\/revolutionpadelstore.com\/wp-content\/uploads\/2025\/09\/FOTO-PALAS-32.png\" \/>\n\t<meta property=\"og:image:width\" content=\"1500\" \/>\n\t<meta property=\"og:image:height\" content=\"1500\" \/>\n\t<meta property=\"og:image:type\" content=\"image\/png\" \/>\n<meta name=\"twitter:card\" content=\"summary_large_image\" \/>\n<meta name=\"twitter:label1\" content=\"Tempo di lettura stimato\" \/>\n\t<meta name=\"twitter:data1\" content=\"2 minuti\" \/>\n<script type=\"application\/ld+json\" class=\"yoast-schema-graph\">{\"@context\":\"https:\\\/\\\/schema.org\",\"@graph\":[{\"@type\":\"WebPage\",\"@id\":\"https:\\\/\\\/revolutionpadelstore.com\\\/it\\\/prodotto\\\/joma-slam-lady-2525-beige-4\\\/\",\"url\":\"https:\\\/\\\/revolutionpadelstore.com\\\/it\\\/prodotto\\\/joma-slam-lady-2525-beige-4\\\/\",\"name\":\"JOMA SLAM LADY 2525 BEIGE - Revolution Padel Store\",\"isPartOf\":{\"@id\":\"https:\\\/\\\/revolutionpadelstore.com\\\/it\\\/#website\"},\"primaryImageOfPage\":{\"@id\":\"https:\\\/\\\/revolutionpadelstore.com\\\/it\\\/prodotto\\\/joma-slam-lady-2525-beige-4\\\/#primaryimage\"},\"image\":{\"@id\":\"https:\\\/\\\/revolutionpadelstore.com\\\/it\\\/prodotto\\\/joma-slam-lady-2525-beige-4\\\/#primaryimage\"},\"thumbnailUrl\":\"https:\\\/\\\/revolutionpadelstore.com\\\/wp-content\\\/uploads\\\/2025\\\/09\\\/FOTO-PALAS-32.png\",\"datePublished\":\"2025-09-11T14:08:40+00:00\",\"dateModified\":\"2026-04-10T12:04:54+00:00\",\"description\":\"Zapatillas de p\u00e1del para mujer profesionales con m\u00e1xima estabilidad, amortiguaci\u00f3n y tecnolog\u00edas avanzadas. Compra online en revolutionpadelstore.com al mejor precio.\",\"breadcrumb\":{\"@id\":\"https:\\\/\\\/revolutionpadelstore.com\\\/it\\\/prodotto\\\/joma-slam-lady-2525-beige-4\\\/#breadcrumb\"},\"inLanguage\":\"it-IT\",\"potentialAction\":[{\"@type\":\"ReadAction\",\"target\":[\"https:\\\/\\\/revolutionpadelstore.com\\\/it\\\/prodotto\\\/joma-slam-lady-2525-beige-4\\\/\"]}]},{\"@type\":\"ImageObject\",\"inLanguage\":\"it-IT\",\"@id\":\"https:\\\/\\\/revolutionpadelstore.com\\\/it\\\/prodotto\\\/joma-slam-lady-2525-beige-4\\\/#primaryimage\",\"url\":\"https:\\\/\\\/revolutionpadelstore.com\\\/wp-content\\\/uploads\\\/2025\\\/09\\\/FOTO-PALAS-32.png\",\"contentUrl\":\"https:\\\/\\\/revolutionpadelstore.com\\\/wp-content\\\/uploads\\\/2025\\\/09\\\/FOTO-PALAS-32.png\",\"width\":1500,\"height\":1500},{\"@type\":\"BreadcrumbList\",\"@id\":\"https:\\\/\\\/revolutionpadelstore.com\\\/it\\\/prodotto\\\/joma-slam-lady-2525-beige-4\\\/#breadcrumb\",\"itemListElement\":[{\"@type\":\"ListItem\",\"position\":1,\"name\":\"Portada\",\"item\":\"https:\\\/\\\/revolutionpadelstore.com\\\/it\\\/\"},{\"@type\":\"ListItem\",\"position\":2,\"name\":\"Tienda\",\"item\":\"https:\\\/\\\/revolutionpadelstore.com\\\/it\\\/tienda\\\/\"},{\"@type\":\"ListItem\",\"position\":3,\"name\":\"JOMA SLAM LADY 2525 BEIGE\"}]},{\"@type\":\"WebSite\",\"@id\":\"https:\\\/\\\/revolutionpadelstore.com\\\/it\\\/#website\",\"url\":\"https:\\\/\\\/revolutionpadelstore.com\\\/it\\\/\",\"name\":\"Revolution Padel Store\",\"description\":\"\",\"publisher\":{\"@id\":\"https:\\\/\\\/revolutionpadelstore.com\\\/it\\\/#organization\"},\"potentialAction\":[{\"@type\":\"SearchAction\",\"target\":{\"@type\":\"EntryPoint\",\"urlTemplate\":\"https:\\\/\\\/revolutionpadelstore.com\\\/it\\\/?s={search_term_string}\"},\"query-input\":{\"@type\":\"PropertyValueSpecification\",\"valueRequired\":true,\"valueName\":\"search_term_string\"}}],\"inLanguage\":\"it-IT\"},{\"@type\":\"Organization\",\"@id\":\"https:\\\/\\\/revolutionpadelstore.com\\\/it\\\/#organization\",\"name\":\"Revolution Padel Store\",\"url\":\"https:\\\/\\\/revolutionpadelstore.com\\\/it\\\/\",\"logo\":{\"@type\":\"ImageObject\",\"inLanguage\":\"it-IT\",\"@id\":\"https:\\\/\\\/revolutionpadelstore.com\\\/it\\\/#\\\/schema\\\/logo\\\/image\\\/\",\"url\":\"https:\\\/\\\/revolutionpadelstore.com\\\/wp-content\\\/uploads\\\/2026\\\/02\\\/revolution-padel-store.jpg\",\"contentUrl\":\"https:\\\/\\\/revolutionpadelstore.com\\\/wp-content\\\/uploads\\\/2026\\\/02\\\/revolution-padel-store.jpg\",\"width\":2000,\"height\":2000,\"caption\":\"Revolution Padel Store\"},\"image\":{\"@id\":\"https:\\\/\\\/revolutionpadelstore.com\\\/it\\\/#\\\/schema\\\/logo\\\/image\\\/\"},\"sameAs\":[\"https:\\\/\\\/www.instagram.com\\\/revolutionpadelstore\\\/\"]}]}<\/script>\n<!-- \/ Yoast SEO plugin. -->","yoast_head_json":{"title":"JOMA SLAM LADY 2525 BEIGE - Revolution Padel Store","description":"Zapatillas de p\u00e1del para mujer profesionales con m\u00e1xima estabilidad, amortiguaci\u00f3n y tecnolog\u00edas avanzadas. Compra online en revolutionpadelstore.com al mejor precio.","robots":{"index":"index","follow":"follow","max-snippet":"max-snippet:-1","max-image-preview":"max-image-preview:large","max-video-preview":"max-video-preview:-1"},"canonical":"https:\/\/revolutionpadelstore.com\/it\/prodotto\/joma-slam-lady-2525-beige-4\/","og_locale":"it_IT","og_type":"article","og_title":"JOMA SLAM LADY 2525 BEIGE - Revolution Padel Store","og_description":"Zapatillas de p\u00e1del para mujer profesionales con m\u00e1xima estabilidad, amortiguaci\u00f3n y tecnolog\u00edas avanzadas. Compra online en revolutionpadelstore.com al mejor precio.","og_url":"https:\/\/revolutionpadelstore.com\/it\/prodotto\/joma-slam-lady-2525-beige-4\/","og_site_name":"Revolution Padel Store","article_modified_time":"2026-04-10T12:04:54+00:00","og_image":[{"width":1500,"height":1500,"url":"https:\/\/revolutionpadelstore.com\/wp-content\/uploads\/2025\/09\/FOTO-PALAS-32.png","type":"image\/png"}],"twitter_card":"summary_large_image","twitter_misc":{"Tempo di lettura stimato":"2 minuti"},"schema":{"@context":"https:\/\/schema.org","@graph":[{"@type":"WebPage","@id":"https:\/\/revolutionpadelstore.com\/it\/prodotto\/joma-slam-lady-2525-beige-4\/","url":"https:\/\/revolutionpadelstore.com\/it\/prodotto\/joma-slam-lady-2525-beige-4\/","name":"JOMA SLAM LADY 2525 BEIGE - Revolution Padel Store","isPartOf":{"@id":"https:\/\/revolutionpadelstore.com\/it\/#website"},"primaryImageOfPage":{"@id":"https:\/\/revolutionpadelstore.com\/it\/prodotto\/joma-slam-lady-2525-beige-4\/#primaryimage"},"image":{"@id":"https:\/\/revolutionpadelstore.com\/it\/prodotto\/joma-slam-lady-2525-beige-4\/#primaryimage"},"thumbnailUrl":"https:\/\/revolutionpadelstore.com\/wp-content\/uploads\/2025\/09\/FOTO-PALAS-32.png","datePublished":"2025-09-11T14:08:40+00:00","dateModified":"2026-04-10T12:04:54+00:00","description":"Zapatillas de p\u00e1del para mujer profesionales con m\u00e1xima estabilidad, amortiguaci\u00f3n y tecnolog\u00edas avanzadas. Compra online en revolutionpadelstore.com al mejor precio.","breadcrumb":{"@id":"https:\/\/revolutionpadelstore.com\/it\/prodotto\/joma-slam-lady-2525-beige-4\/#breadcrumb"},"inLanguage":"it-IT","potentialAction":[{"@type":"ReadAction","target":["https:\/\/revolutionpadelstore.com\/it\/prodotto\/joma-slam-lady-2525-beige-4\/"]}]},{"@type":"ImageObject","inLanguage":"it-IT","@id":"https:\/\/revolutionpadelstore.com\/it\/prodotto\/joma-slam-lady-2525-beige-4\/#primaryimage","url":"https:\/\/revolutionpadelstore.com\/wp-content\/uploads\/2025\/09\/FOTO-PALAS-32.png","contentUrl":"https:\/\/revolutionpadelstore.com\/wp-content\/uploads\/2025\/09\/FOTO-PALAS-32.png","width":1500,"height":1500},{"@type":"BreadcrumbList","@id":"https:\/\/revolutionpadelstore.com\/it\/prodotto\/joma-slam-lady-2525-beige-4\/#breadcrumb","itemListElement":[{"@type":"ListItem","position":1,"name":"Portada","item":"https:\/\/revolutionpadelstore.com\/it\/"},{"@type":"ListItem","position":2,"name":"Tienda","item":"https:\/\/revolutionpadelstore.com\/it\/tienda\/"},{"@type":"ListItem","position":3,"name":"JOMA SLAM LADY 2525 BEIGE"}]},{"@type":"WebSite","@id":"https:\/\/revolutionpadelstore.com\/it\/#website","url":"https:\/\/revolutionpadelstore.com\/it\/","name":"Revolution Padel Store","description":"","publisher":{"@id":"https:\/\/revolutionpadelstore.com\/it\/#organization"},"potentialAction":[{"@type":"SearchAction","target":{"@type":"EntryPoint","urlTemplate":"https:\/\/revolutionpadelstore.com\/it\/?s={search_term_string}"},"query-input":{"@type":"PropertyValueSpecification","valueRequired":true,"valueName":"search_term_string"}}],"inLanguage":"it-IT"},{"@type":"Organization","@id":"https:\/\/revolutionpadelstore.com\/it\/#organization","name":"Revolution Padel Store","url":"https:\/\/revolutionpadelstore.com\/it\/","logo":{"@type":"ImageObject","inLanguage":"it-IT","@id":"https:\/\/revolutionpadelstore.com\/it\/#\/schema\/logo\/image\/","url":"https:\/\/revolutionpadelstore.com\/wp-content\/uploads\/2026\/02\/revolution-padel-store.jpg","contentUrl":"https:\/\/revolutionpadelstore.com\/wp-content\/uploads\/2026\/02\/revolution-padel-store.jpg","width":2000,"height":2000,"caption":"Revolution Padel Store"},"image":{"@id":"https:\/\/revolutionpadelstore.com\/it\/#\/schema\/logo\/image\/"},"sameAs":["https:\/\/www.instagram.com\/revolutionpadelstore\/"]}]}},"_links":{"self":[{"href":"https:\/\/revolutionpadelstore.com\/it\/wp-json\/wp\/v2\/product\/268423","targetHints":{"allow":["GET"]}}],"collection":[{"href":"https:\/\/revolutionpadelstore.com\/it\/wp-json\/wp\/v2\/product"}],"about":[{"href":"https:\/\/revolutionpadelstore.com\/it\/wp-json\/wp\/v2\/types\/product"}],"replies":[{"embeddable":true,"href":"https:\/\/revolutionpadelstore.com\/it\/wp-json\/wp\/v2\/comments?post=268423"}],"wp:featuredmedia":[{"embeddable":true,"href":"https:\/\/revolutionpadelstore.com\/it\/wp-json\/wp\/v2\/media\/268441"}],"wp:attachment":[{"href":"https:\/\/revolutionpadelstore.com\/it\/wp-json\/wp\/v2\/media?parent=268423"}],"wp:term":[{"taxonomy":"acabado","embeddable":true,"href":"https:\/\/revolutionpadelstore.com\/it\/wp-json\/wp\/v2\/acabado?post=268423"},{"taxonomy":"balance","embeddable":true,"href":"https:\/\/revolutionpadelstore.com\/it\/wp-json\/wp\/v2\/balance?post=268423"},{"taxonomy":"dureza","embeddable":true,"href":"https:\/\/revolutionpadelstore.com\/it\/wp-json\/wp\/v2\/dureza?post=268423"},{"taxonomy":"forma","embeddable":true,"href":"https:\/\/revolutionpadelstore.com\/it\/wp-json\/wp\/v2\/forma?post=268423"},{"taxonomy":"jugador","embeddable":true,"href":"https:\/\/revolutionpadelstore.com\/it\/wp-json\/wp\/v2\/jugador?post=268423"},{"taxonomy":"marca","embeddable":true,"href":"https:\/\/revolutionpadelstore.com\/it\/wp-json\/wp\/v2\/marca?post=268423"},{"taxonomy":"nivel-de-juego","embeddable":true,"href":"https:\/\/revolutionpadelstore.com\/it\/wp-json\/wp\/v2\/nivel-de-juego?post=268423"},{"taxonomy":"superficie","embeddable":true,"href":"https:\/\/revolutionpadelstore.com\/it\/wp-json\/wp\/v2\/superficie?post=268423"},{"taxonomy":"tipo-de-juego","embeddable":true,"href":"https:\/\/revolutionpadelstore.com\/it\/wp-json\/wp\/v2\/tipo-de-juego?post=268423"},{"taxonomy":"product_brand","embeddable":true,"href":"https:\/\/revolutionpadelstore.com\/it\/wp-json\/wp\/v2\/product_brand?post=268423"},{"taxonomy":"product_cat","embeddable":true,"href":"https:\/\/revolutionpadelstore.com\/it\/wp-json\/wp\/v2\/product_cat?post=268423"},{"taxonomy":"product_tag","embeddable":true,"href":"https:\/\/revolutionpadelstore.com\/it\/wp-json\/wp\/v2\/product_tag?post=268423"}],"curies":[{"name":"wp","href":"https:\/\/api.w.org\/{rel}","templated":true}]}}