{"id":266381,"date":"2025-08-28T19:28:29","date_gmt":"2025-08-28T17:28:29","guid":{"rendered":"https:\/\/revolutionpadelstore.com\/joma-spin-men-2509-amarillo-fluor\/"},"modified":"2026-04-08T04:00:23","modified_gmt":"2026-04-08T02:00:23","slug":"joma-spin-men-2509-amarillo-fluor-4","status":"publish","type":"product","link":"https:\/\/revolutionpadelstore.com\/it\/prodotto\/joma-spin-men-2509-amarillo-fluor-4\/","title":{"rendered":"JOMA SPIN MEN 2509 AMARILLO FL\u00daOR"},"content":{"rendered":"<h2><strong>Joma Spin 2509 Giallo Fluoro<\/strong><\/h2>\n<p>Le Joma Spin 2509 Fluor Yellow sono state progettate per i giocatori esigenti che cercano scarpe da paddle professionali, confortevoli e con tecnologia ad alte prestazioni. Testate da giocatori come Jos\u00e9 Diestro, queste scarpe sono preparate per resistere all&#8217;intensit\u00e0 del padel agonistico, offrendo stabilit\u00e0, agilit\u00e0 e comfort in ogni gioco.<\/p>\n<h2><strong>Caratteristiche principali:<\/strong><\/h2>\n<p>-Tomaia tecnica con tecnologia VTS: mesh traspirante che mantiene i piedi freschi durante tutta la partita.<\/p>\n<p>-Vestibilit\u00e0 comoda e leggera grazie al sistema di termosaldatura JOMA SPORTECH, che garantisce supporto senza aggiungere peso.<\/p>\n<p>-Rinforzi con tecnologia PROTECTION nelle zone pi\u00f9 esposte per una maggiore durata.<\/p>\n<p>&#8211; Ammortizzazione e stabilit\u00e0 assicurate dall&#8217;intersuola flessibile in phylon e dal doppio sistema STABILIS, ideale per assorbire gli impatti e mantenere l&#8217;equilibrio.<\/p>\n<p>&#8211; Suola Omni DURABILITY in gomma ad alta resistenza con tacchetti circolari che migliorano la presa e facilitano lo scivolamento su superfici dure.<\/p>\n<p>Il suo design giallo fluo non passa inosservato ed \u00e8 perfetto per chi vuole distinguersi sia per il proprio stile che per le proprie prestazioni in pista. Le Joma Spin 2509 combinano innovazione, leggerezza e protezione, ideali per i giocatori che desiderano muoversi velocemente, in sicurezza e confidenza.<\/p>\n<h2><strong>Vantaggi di scegliere Joma Spin 2509: <\/strong><\/h2>\n<p>-Calzature testate da professionisti del paddle tennis.<\/p>\n<p>-Elevata resistenza e comfort nelle partite intense.<\/p>\n<p>-Stile moderno con grande visibilit\u00e0.<\/p>\n<p>-Ottimo rapporto qualit\u00e0-prezzo rispetto ad altri marchi top.<\/p>\n<p>Disponibile nel nostro negozio online <a href=\"http:\/\/www.revolutionpadelstore.com\/\">www.revolutionpadelstore.com<\/a>, probabilmente al miglior prezzo sul mercato.<\/p>\n<h2><strong>Joma Spin 2509 Amarillo Fl\u00faor<\/strong><\/p>\n","protected":false},"excerpt":{"rendered":"<p>Le Joma Spin 2509 in giallo fluo sono create per i giocatori che cercano scarpe da padel professionali, comode e con tecnologia avanzata. Supportate da test effettuati da giocatori come Jos\u00e9 Diestro, queste scarpe garantiscono prestazioni ottimali in campo, fornendo stabilit\u00e0, velocit\u00e0 e comfort anche nelle partite pi\u00f9 impegnative.<\/p>\n","protected":false},"featured_media":266322,"comment_status":"open","ping_status":"closed","template":"","meta":{"_acf_changed":false,"_joinchat":[]},"acabado":[],"balance":[],"dureza":[],"forma":[],"jugador":[],"marca":[1226],"nivel-de-juego":[],"superficie":[],"tipo-de-juego":[],"product_brand":[],"product_cat":[832],"product_tag":[],"class_list":{"0":"post-266381","1":"product","2":"type-product","3":"status-publish","4":"has-post-thumbnail","6":"marca-joma-it","7":"product_cat-scarpe-da-ginnastica","9":"first","10":"outofstock","11":"sale","12":"taxable","13":"shipping-taxable","14":"purchasable","15":"product-type-variable"},"acf":[],"yoast_head":"<!-- This site is optimized with the Yoast SEO plugin v27.4 - https:\/\/yoast.com\/product\/yoast-seo-wordpress\/ -->\n<title>JOMA SPIN MEN 2509 AMARILLO FL\u00daOR - Revolution Padel Store<\/title>\n<meta name=\"description\" content=\"Zapatillas Joma Spin 2509 Amarillo Fl\u00faor para p\u00e1del profesional: m\u00e1xima amortiguaci\u00f3n, estabilidad y dise\u00f1o vibrante. C\u00f3mpralas ahora en Revolution Padel Store al mejor precio.\" \/>\n<meta name=\"robots\" content=\"index, follow, max-snippet:-1, max-image-preview:large, max-video-preview:-1\" \/>\n<link rel=\"canonical\" href=\"https:\/\/revolutionpadelstore.com\/it\/prodotto\/joma-spin-men-2509-amarillo-fluor-4\/\" \/>\n<meta property=\"og:locale\" content=\"it_IT\" \/>\n<meta property=\"og:type\" content=\"article\" \/>\n<meta property=\"og:title\" content=\"JOMA SPIN MEN 2509 AMARILLO FL\u00daOR - Revolution Padel Store\" \/>\n<meta property=\"og:description\" content=\"Zapatillas Joma Spin 2509 Amarillo Fl\u00faor para p\u00e1del profesional: m\u00e1xima amortiguaci\u00f3n, estabilidad y dise\u00f1o vibrante. C\u00f3mpralas ahora en Revolution Padel Store al mejor precio.\" \/>\n<meta property=\"og:url\" content=\"https:\/\/revolutionpadelstore.com\/it\/prodotto\/joma-spin-men-2509-amarillo-fluor-4\/\" \/>\n<meta property=\"og:site_name\" content=\"Revolution Padel Store\" \/>\n<meta property=\"article:modified_time\" content=\"2026-04-08T02:00:23+00:00\" \/>\n<meta property=\"og:image\" content=\"https:\/\/revolutionpadelstore.com\/wp-content\/uploads\/2025\/08\/308.png\" \/>\n\t<meta property=\"og:image:width\" content=\"1500\" \/>\n\t<meta property=\"og:image:height\" content=\"1500\" \/>\n\t<meta property=\"og:image:type\" content=\"image\/png\" \/>\n<meta name=\"twitter:card\" content=\"summary_large_image\" \/>\n<meta name=\"twitter:label1\" content=\"Tempo di lettura stimato\" \/>\n\t<meta name=\"twitter:data1\" content=\"1 minuto\" \/>\n<script type=\"application\/ld+json\" class=\"yoast-schema-graph\">{\"@context\":\"https:\\\/\\\/schema.org\",\"@graph\":[{\"@type\":\"WebPage\",\"@id\":\"https:\\\/\\\/revolutionpadelstore.com\\\/it\\\/prodotto\\\/joma-spin-men-2509-amarillo-fluor-4\\\/\",\"url\":\"https:\\\/\\\/revolutionpadelstore.com\\\/it\\\/prodotto\\\/joma-spin-men-2509-amarillo-fluor-4\\\/\",\"name\":\"JOMA SPIN MEN 2509 AMARILLO FL\u00daOR - Revolution Padel Store\",\"isPartOf\":{\"@id\":\"https:\\\/\\\/revolutionpadelstore.com\\\/it\\\/#website\"},\"primaryImageOfPage\":{\"@id\":\"https:\\\/\\\/revolutionpadelstore.com\\\/it\\\/prodotto\\\/joma-spin-men-2509-amarillo-fluor-4\\\/#primaryimage\"},\"image\":{\"@id\":\"https:\\\/\\\/revolutionpadelstore.com\\\/it\\\/prodotto\\\/joma-spin-men-2509-amarillo-fluor-4\\\/#primaryimage\"},\"thumbnailUrl\":\"https:\\\/\\\/revolutionpadelstore.com\\\/wp-content\\\/uploads\\\/2025\\\/08\\\/308.png\",\"datePublished\":\"2025-08-28T17:28:29+00:00\",\"dateModified\":\"2026-04-08T02:00:23+00:00\",\"description\":\"Zapatillas Joma Spin 2509 Amarillo Fl\u00faor para p\u00e1del profesional: m\u00e1xima amortiguaci\u00f3n, estabilidad y dise\u00f1o vibrante. C\u00f3mpralas ahora en Revolution Padel Store al mejor precio.\",\"breadcrumb\":{\"@id\":\"https:\\\/\\\/revolutionpadelstore.com\\\/it\\\/prodotto\\\/joma-spin-men-2509-amarillo-fluor-4\\\/#breadcrumb\"},\"inLanguage\":\"it-IT\",\"potentialAction\":[{\"@type\":\"ReadAction\",\"target\":[\"https:\\\/\\\/revolutionpadelstore.com\\\/it\\\/prodotto\\\/joma-spin-men-2509-amarillo-fluor-4\\\/\"]}]},{\"@type\":\"ImageObject\",\"inLanguage\":\"it-IT\",\"@id\":\"https:\\\/\\\/revolutionpadelstore.com\\\/it\\\/prodotto\\\/joma-spin-men-2509-amarillo-fluor-4\\\/#primaryimage\",\"url\":\"https:\\\/\\\/revolutionpadelstore.com\\\/wp-content\\\/uploads\\\/2025\\\/08\\\/308.png\",\"contentUrl\":\"https:\\\/\\\/revolutionpadelstore.com\\\/wp-content\\\/uploads\\\/2025\\\/08\\\/308.png\",\"width\":1500,\"height\":1500},{\"@type\":\"BreadcrumbList\",\"@id\":\"https:\\\/\\\/revolutionpadelstore.com\\\/it\\\/prodotto\\\/joma-spin-men-2509-amarillo-fluor-4\\\/#breadcrumb\",\"itemListElement\":[{\"@type\":\"ListItem\",\"position\":1,\"name\":\"Portada\",\"item\":\"https:\\\/\\\/revolutionpadelstore.com\\\/it\\\/\"},{\"@type\":\"ListItem\",\"position\":2,\"name\":\"Tienda\",\"item\":\"https:\\\/\\\/revolutionpadelstore.com\\\/it\\\/tienda\\\/\"},{\"@type\":\"ListItem\",\"position\":3,\"name\":\"JOMA SPIN MEN 2509 AMARILLO FL\u00daOR\"}]},{\"@type\":\"WebSite\",\"@id\":\"https:\\\/\\\/revolutionpadelstore.com\\\/it\\\/#website\",\"url\":\"https:\\\/\\\/revolutionpadelstore.com\\\/it\\\/\",\"name\":\"Revolution Padel Store\",\"description\":\"\",\"publisher\":{\"@id\":\"https:\\\/\\\/revolutionpadelstore.com\\\/it\\\/#organization\"},\"potentialAction\":[{\"@type\":\"SearchAction\",\"target\":{\"@type\":\"EntryPoint\",\"urlTemplate\":\"https:\\\/\\\/revolutionpadelstore.com\\\/it\\\/?s={search_term_string}\"},\"query-input\":{\"@type\":\"PropertyValueSpecification\",\"valueRequired\":true,\"valueName\":\"search_term_string\"}}],\"inLanguage\":\"it-IT\"},{\"@type\":\"Organization\",\"@id\":\"https:\\\/\\\/revolutionpadelstore.com\\\/it\\\/#organization\",\"name\":\"Revolution Padel Store\",\"url\":\"https:\\\/\\\/revolutionpadelstore.com\\\/it\\\/\",\"logo\":{\"@type\":\"ImageObject\",\"inLanguage\":\"it-IT\",\"@id\":\"https:\\\/\\\/revolutionpadelstore.com\\\/it\\\/#\\\/schema\\\/logo\\\/image\\\/\",\"url\":\"https:\\\/\\\/revolutionpadelstore.com\\\/wp-content\\\/uploads\\\/2026\\\/02\\\/revolution-padel-store.jpg\",\"contentUrl\":\"https:\\\/\\\/revolutionpadelstore.com\\\/wp-content\\\/uploads\\\/2026\\\/02\\\/revolution-padel-store.jpg\",\"width\":2000,\"height\":2000,\"caption\":\"Revolution Padel Store\"},\"image\":{\"@id\":\"https:\\\/\\\/revolutionpadelstore.com\\\/it\\\/#\\\/schema\\\/logo\\\/image\\\/\"},\"sameAs\":[\"https:\\\/\\\/www.instagram.com\\\/revolutionpadelstore\\\/\"]}]}<\/script>\n<!-- \/ Yoast SEO plugin. -->","yoast_head_json":{"title":"JOMA SPIN MEN 2509 AMARILLO FL\u00daOR - Revolution Padel Store","description":"Zapatillas Joma Spin 2509 Amarillo Fl\u00faor para p\u00e1del profesional: m\u00e1xima amortiguaci\u00f3n, estabilidad y dise\u00f1o vibrante. C\u00f3mpralas ahora en Revolution Padel Store al mejor precio.","robots":{"index":"index","follow":"follow","max-snippet":"max-snippet:-1","max-image-preview":"max-image-preview:large","max-video-preview":"max-video-preview:-1"},"canonical":"https:\/\/revolutionpadelstore.com\/it\/prodotto\/joma-spin-men-2509-amarillo-fluor-4\/","og_locale":"it_IT","og_type":"article","og_title":"JOMA SPIN MEN 2509 AMARILLO FL\u00daOR - Revolution Padel Store","og_description":"Zapatillas Joma Spin 2509 Amarillo Fl\u00faor para p\u00e1del profesional: m\u00e1xima amortiguaci\u00f3n, estabilidad y dise\u00f1o vibrante. C\u00f3mpralas ahora en Revolution Padel Store al mejor precio.","og_url":"https:\/\/revolutionpadelstore.com\/it\/prodotto\/joma-spin-men-2509-amarillo-fluor-4\/","og_site_name":"Revolution Padel Store","article_modified_time":"2026-04-08T02:00:23+00:00","og_image":[{"width":1500,"height":1500,"url":"https:\/\/revolutionpadelstore.com\/wp-content\/uploads\/2025\/08\/308.png","type":"image\/png"}],"twitter_card":"summary_large_image","twitter_misc":{"Tempo di lettura stimato":"1 minuto"},"schema":{"@context":"https:\/\/schema.org","@graph":[{"@type":"WebPage","@id":"https:\/\/revolutionpadelstore.com\/it\/prodotto\/joma-spin-men-2509-amarillo-fluor-4\/","url":"https:\/\/revolutionpadelstore.com\/it\/prodotto\/joma-spin-men-2509-amarillo-fluor-4\/","name":"JOMA SPIN MEN 2509 AMARILLO FL\u00daOR - Revolution Padel Store","isPartOf":{"@id":"https:\/\/revolutionpadelstore.com\/it\/#website"},"primaryImageOfPage":{"@id":"https:\/\/revolutionpadelstore.com\/it\/prodotto\/joma-spin-men-2509-amarillo-fluor-4\/#primaryimage"},"image":{"@id":"https:\/\/revolutionpadelstore.com\/it\/prodotto\/joma-spin-men-2509-amarillo-fluor-4\/#primaryimage"},"thumbnailUrl":"https:\/\/revolutionpadelstore.com\/wp-content\/uploads\/2025\/08\/308.png","datePublished":"2025-08-28T17:28:29+00:00","dateModified":"2026-04-08T02:00:23+00:00","description":"Zapatillas Joma Spin 2509 Amarillo Fl\u00faor para p\u00e1del profesional: m\u00e1xima amortiguaci\u00f3n, estabilidad y dise\u00f1o vibrante. C\u00f3mpralas ahora en Revolution Padel Store al mejor precio.","breadcrumb":{"@id":"https:\/\/revolutionpadelstore.com\/it\/prodotto\/joma-spin-men-2509-amarillo-fluor-4\/#breadcrumb"},"inLanguage":"it-IT","potentialAction":[{"@type":"ReadAction","target":["https:\/\/revolutionpadelstore.com\/it\/prodotto\/joma-spin-men-2509-amarillo-fluor-4\/"]}]},{"@type":"ImageObject","inLanguage":"it-IT","@id":"https:\/\/revolutionpadelstore.com\/it\/prodotto\/joma-spin-men-2509-amarillo-fluor-4\/#primaryimage","url":"https:\/\/revolutionpadelstore.com\/wp-content\/uploads\/2025\/08\/308.png","contentUrl":"https:\/\/revolutionpadelstore.com\/wp-content\/uploads\/2025\/08\/308.png","width":1500,"height":1500},{"@type":"BreadcrumbList","@id":"https:\/\/revolutionpadelstore.com\/it\/prodotto\/joma-spin-men-2509-amarillo-fluor-4\/#breadcrumb","itemListElement":[{"@type":"ListItem","position":1,"name":"Portada","item":"https:\/\/revolutionpadelstore.com\/it\/"},{"@type":"ListItem","position":2,"name":"Tienda","item":"https:\/\/revolutionpadelstore.com\/it\/tienda\/"},{"@type":"ListItem","position":3,"name":"JOMA SPIN MEN 2509 AMARILLO FL\u00daOR"}]},{"@type":"WebSite","@id":"https:\/\/revolutionpadelstore.com\/it\/#website","url":"https:\/\/revolutionpadelstore.com\/it\/","name":"Revolution Padel Store","description":"","publisher":{"@id":"https:\/\/revolutionpadelstore.com\/it\/#organization"},"potentialAction":[{"@type":"SearchAction","target":{"@type":"EntryPoint","urlTemplate":"https:\/\/revolutionpadelstore.com\/it\/?s={search_term_string}"},"query-input":{"@type":"PropertyValueSpecification","valueRequired":true,"valueName":"search_term_string"}}],"inLanguage":"it-IT"},{"@type":"Organization","@id":"https:\/\/revolutionpadelstore.com\/it\/#organization","name":"Revolution Padel Store","url":"https:\/\/revolutionpadelstore.com\/it\/","logo":{"@type":"ImageObject","inLanguage":"it-IT","@id":"https:\/\/revolutionpadelstore.com\/it\/#\/schema\/logo\/image\/","url":"https:\/\/revolutionpadelstore.com\/wp-content\/uploads\/2026\/02\/revolution-padel-store.jpg","contentUrl":"https:\/\/revolutionpadelstore.com\/wp-content\/uploads\/2026\/02\/revolution-padel-store.jpg","width":2000,"height":2000,"caption":"Revolution Padel Store"},"image":{"@id":"https:\/\/revolutionpadelstore.com\/it\/#\/schema\/logo\/image\/"},"sameAs":["https:\/\/www.instagram.com\/revolutionpadelstore\/"]}]}},"_links":{"self":[{"href":"https:\/\/revolutionpadelstore.com\/it\/wp-json\/wp\/v2\/product\/266381","targetHints":{"allow":["GET"]}}],"collection":[{"href":"https:\/\/revolutionpadelstore.com\/it\/wp-json\/wp\/v2\/product"}],"about":[{"href":"https:\/\/revolutionpadelstore.com\/it\/wp-json\/wp\/v2\/types\/product"}],"replies":[{"embeddable":true,"href":"https:\/\/revolutionpadelstore.com\/it\/wp-json\/wp\/v2\/comments?post=266381"}],"wp:featuredmedia":[{"embeddable":true,"href":"https:\/\/revolutionpadelstore.com\/it\/wp-json\/wp\/v2\/media\/266322"}],"wp:attachment":[{"href":"https:\/\/revolutionpadelstore.com\/it\/wp-json\/wp\/v2\/media?parent=266381"}],"wp:term":[{"taxonomy":"acabado","embeddable":true,"href":"https:\/\/revolutionpadelstore.com\/it\/wp-json\/wp\/v2\/acabado?post=266381"},{"taxonomy":"balance","embeddable":true,"href":"https:\/\/revolutionpadelstore.com\/it\/wp-json\/wp\/v2\/balance?post=266381"},{"taxonomy":"dureza","embeddable":true,"href":"https:\/\/revolutionpadelstore.com\/it\/wp-json\/wp\/v2\/dureza?post=266381"},{"taxonomy":"forma","embeddable":true,"href":"https:\/\/revolutionpadelstore.com\/it\/wp-json\/wp\/v2\/forma?post=266381"},{"taxonomy":"jugador","embeddable":true,"href":"https:\/\/revolutionpadelstore.com\/it\/wp-json\/wp\/v2\/jugador?post=266381"},{"taxonomy":"marca","embeddable":true,"href":"https:\/\/revolutionpadelstore.com\/it\/wp-json\/wp\/v2\/marca?post=266381"},{"taxonomy":"nivel-de-juego","embeddable":true,"href":"https:\/\/revolutionpadelstore.com\/it\/wp-json\/wp\/v2\/nivel-de-juego?post=266381"},{"taxonomy":"superficie","embeddable":true,"href":"https:\/\/revolutionpadelstore.com\/it\/wp-json\/wp\/v2\/superficie?post=266381"},{"taxonomy":"tipo-de-juego","embeddable":true,"href":"https:\/\/revolutionpadelstore.com\/it\/wp-json\/wp\/v2\/tipo-de-juego?post=266381"},{"taxonomy":"product_brand","embeddable":true,"href":"https:\/\/revolutionpadelstore.com\/it\/wp-json\/wp\/v2\/product_brand?post=266381"},{"taxonomy":"product_cat","embeddable":true,"href":"https:\/\/revolutionpadelstore.com\/it\/wp-json\/wp\/v2\/product_cat?post=266381"},{"taxonomy":"product_tag","embeddable":true,"href":"https:\/\/revolutionpadelstore.com\/it\/wp-json\/wp\/v2\/product_tag?post=266381"}],"curies":[{"name":"wp","href":"https:\/\/api.w.org\/{rel}","templated":true}]}}