{"id":265800,"date":"2025-08-18T18:38:15","date_gmt":"2025-08-18T16:38:15","guid":{"rendered":"https:\/\/revolutionpadelstore.com\/overgrip-siux-pro-perforated-x60-unidades-blanco\/"},"modified":"2026-04-08T04:29:20","modified_gmt":"2026-04-08T02:29:20","slug":"overgrip-siux-pro-perforated-x60-unidades-blanco-4","status":"publish","type":"product","link":"https:\/\/revolutionpadelstore.com\/it\/prodotto\/overgrip-siux-pro-perforated-x60-unidades-blanco-4\/","title":{"rendered":"OVERGRIP SIUX PRO PERFORATED x60 UNIDADES BLANCO"},"content":{"rendered":"<h2>Overgrip Siux Pro Forato x60 Bianco<\/h2>\n<h2>Massima aderenza, traspirabilit\u00e0 superiore e confezione da 60 unit\u00e0<\/h2>\n<p>L&#8217;<strong>Overgrip Siux Pro Perforated x60 White<\/strong> \u00e8 l&#8217;accessorio ideale per i giocatori esigenti che cercano <strong>un grip eccezionale<\/strong>, <strong>massima traspirabilit\u00e0<\/strong> e un tocco fermo e confortevole durante le loro partite di padel. Progettato da Siux, uno dei marchi di padel pi\u00f9 riconosciuti, questo pacchetto contiene 60 unit\u00e0 in bianco, conferendo eleganza e uniformit\u00e0 alla tua attrezzatura.<\/p>\n<h2>Funzioni evidenziate<\/h2>\n<p><strong>-Confezione da 60 overgrip perforati<\/strong>: ideali per giocatori abituali o istruttori di paddle tennis.<\/p>\n<p><strong>-Sistema perforato<\/strong>: migliora l&#8217;assorbimento del sudore e mantiene le mani asciutte.<\/p>\n<p><strong>-Presa sicura e stabile<\/strong>: impedisce lo scivolamento e migliora il controllo del colpo.<\/p>\n<p><strong>-Elevata durabilit\u00e0<\/strong>: resistenza superiore all&#8217;usura dovuta all&#8217;uso intenso.<\/p>\n<p><strong>-Colore bianco classico ed elegante<\/strong>: si abbina a qualsiasi tipo di racchetta o stile.<\/p>\n<h2>Vantaggi per il tuo gioco<\/h2>\n<p>Grazie alla sua <strong>finitura microforata<\/strong>, questo overgrip facilita un&#8217;eccellente ventilazione e riduce l&#8217;accumulo di umidit\u00e0, il che <strong>aumenta il comfort<\/strong> durante le partite pi\u00f9 impegnative. La sua consistenza morbida e lo spessore bilanciato forniscono una <strong>sensazione ferma senza compromettere la sensibilit\u00e0<\/strong>, consentendoti di eseguire tiri con precisione e sicurezza.<\/p>\n<p>Inoltre, disponibile in un <strong>formato di confezione da 60 unit\u00e0<\/strong>, \u00e8 un&#8217;opzione perfetta sia per i giocatori professionisti che per i club, gli allenatori e le accademie che necessitano di rinnovare frequentemente le impugnature e ad un prezzo competitivo.<\/p>\n<h2>Perch\u00e9 scegliere gli overgrip Siux?<\/h2>\n<p><strong>Siux<\/strong> \u00e8 sinonimo di qualit\u00e0 e innovazione nel mondo del padel. I loro prodotti sono progettati per offrire le migliori prestazioni possibili in pista e questo overgrip non fa eccezione. Se cerchi <strong>prestazioni, comfort e durata<\/strong>, questo accessorio non pu\u00f2 mancare nella tua borsa per racchette.<\/p>\n<p>Disponibile ora nel nostro negozio online <strong><a href=\"https:\/\/www.revolutionpadelstore.com\/\">www.revolutionpadelstore.com<\/a><\/strong>, probabilmente <strong>al miglior prezzo sul mercato<\/strong>. Effettua il tuo ordine e migliora la tua esperienza in pista!<\/p>\n<h2>Overgrip Siux Pro Perforated x60 Blanco<\/h2>\n","protected":false},"excerpt":{"rendered":"<p>Con l&#8217;Overgrip Siux Pro Perforated x60 White godrai di un tocco sicuro e piacevole, garantendoti una presa salda e asciutta ad ogni colpo.<\/p>\n","protected":false},"featured_media":265783,"comment_status":"open","ping_status":"closed","template":"","meta":{"_acf_changed":false,"_joinchat":[]},"acabado":[],"balance":[],"dureza":[],"forma":[],"jugador":[],"marca":[1306],"nivel-de-juego":[],"superficie":[],"tipo-de-juego":[],"product_brand":[],"product_cat":[560],"product_tag":[],"class_list":{"0":"post-265800","1":"product","2":"type-product","3":"status-publish","4":"has-post-thumbnail","6":"marca-siux-it","7":"product_cat-accessori","9":"first","10":"outofstock","11":"sale","12":"taxable","13":"shipping-taxable","14":"purchasable","15":"product-type-simple"},"acf":[],"yoast_head":"<!-- This site is optimized with the Yoast SEO plugin v27.4 - https:\/\/yoast.com\/product\/yoast-seo-wordpress\/ -->\n<title>OVERGRIP SIUX PRO PERFORATED x60 UNIDADES BLANCO - Revolution Padel Store<\/title>\n<meta name=\"description\" content=\"Compra el Overgrip Siux Pro Perforated x60 Blanco en Revolution Padel Store. M\u00e1ximo agarre, transpiraci\u00f3n superior y pack de 60 unidades. \u00a1Durabilidad y confort en cada partido!\" \/>\n<meta name=\"robots\" content=\"index, follow, max-snippet:-1, max-image-preview:large, max-video-preview:-1\" \/>\n<link rel=\"canonical\" href=\"https:\/\/revolutionpadelstore.com\/it\/prodotto\/overgrip-siux-pro-perforated-x60-unidades-blanco-4\/\" \/>\n<meta property=\"og:locale\" content=\"it_IT\" \/>\n<meta property=\"og:type\" content=\"article\" \/>\n<meta property=\"og:title\" content=\"OVERGRIP SIUX PRO PERFORATED x60 UNIDADES BLANCO - Revolution Padel Store\" \/>\n<meta property=\"og:description\" content=\"Compra el Overgrip Siux Pro Perforated x60 Blanco en Revolution Padel Store. M\u00e1ximo agarre, transpiraci\u00f3n superior y pack de 60 unidades. \u00a1Durabilidad y confort en cada partido!\" \/>\n<meta property=\"og:url\" content=\"https:\/\/revolutionpadelstore.com\/it\/prodotto\/overgrip-siux-pro-perforated-x60-unidades-blanco-4\/\" \/>\n<meta property=\"og:site_name\" content=\"Revolution Padel Store\" \/>\n<meta property=\"article:modified_time\" content=\"2026-04-08T02:29:20+00:00\" \/>\n<meta property=\"og:image\" content=\"https:\/\/revolutionpadelstore.com\/wp-content\/uploads\/2025\/08\/105956_pro_grip_perforated_x60_blanco_1500x1500_vista1_e4a1.webp\" \/>\n\t<meta property=\"og:image:width\" content=\"1500\" \/>\n\t<meta property=\"og:image:height\" content=\"1500\" \/>\n\t<meta property=\"og:image:type\" content=\"image\/webp\" \/>\n<meta name=\"twitter:card\" content=\"summary_large_image\" \/>\n<meta name=\"twitter:label1\" content=\"Tempo di lettura stimato\" \/>\n\t<meta name=\"twitter:data1\" content=\"2 minuti\" \/>\n<script type=\"application\/ld+json\" class=\"yoast-schema-graph\">{\"@context\":\"https:\\\/\\\/schema.org\",\"@graph\":[{\"@type\":\"WebPage\",\"@id\":\"https:\\\/\\\/revolutionpadelstore.com\\\/it\\\/prodotto\\\/overgrip-siux-pro-perforated-x60-unidades-blanco-4\\\/\",\"url\":\"https:\\\/\\\/revolutionpadelstore.com\\\/it\\\/prodotto\\\/overgrip-siux-pro-perforated-x60-unidades-blanco-4\\\/\",\"name\":\"OVERGRIP SIUX PRO PERFORATED x60 UNIDADES BLANCO - Revolution Padel Store\",\"isPartOf\":{\"@id\":\"https:\\\/\\\/revolutionpadelstore.com\\\/it\\\/#website\"},\"primaryImageOfPage\":{\"@id\":\"https:\\\/\\\/revolutionpadelstore.com\\\/it\\\/prodotto\\\/overgrip-siux-pro-perforated-x60-unidades-blanco-4\\\/#primaryimage\"},\"image\":{\"@id\":\"https:\\\/\\\/revolutionpadelstore.com\\\/it\\\/prodotto\\\/overgrip-siux-pro-perforated-x60-unidades-blanco-4\\\/#primaryimage\"},\"thumbnailUrl\":\"https:\\\/\\\/revolutionpadelstore.com\\\/wp-content\\\/uploads\\\/2025\\\/08\\\/105956_pro_grip_perforated_x60_blanco_1500x1500_vista1_e4a1.webp\",\"datePublished\":\"2025-08-18T16:38:15+00:00\",\"dateModified\":\"2026-04-08T02:29:20+00:00\",\"description\":\"Compra el Overgrip Siux Pro Perforated x60 Blanco en Revolution Padel Store. M\u00e1ximo agarre, transpiraci\u00f3n superior y pack de 60 unidades. \u00a1Durabilidad y confort en cada partido!\",\"breadcrumb\":{\"@id\":\"https:\\\/\\\/revolutionpadelstore.com\\\/it\\\/prodotto\\\/overgrip-siux-pro-perforated-x60-unidades-blanco-4\\\/#breadcrumb\"},\"inLanguage\":\"it-IT\",\"potentialAction\":[{\"@type\":\"ReadAction\",\"target\":[\"https:\\\/\\\/revolutionpadelstore.com\\\/it\\\/prodotto\\\/overgrip-siux-pro-perforated-x60-unidades-blanco-4\\\/\"]}]},{\"@type\":\"ImageObject\",\"inLanguage\":\"it-IT\",\"@id\":\"https:\\\/\\\/revolutionpadelstore.com\\\/it\\\/prodotto\\\/overgrip-siux-pro-perforated-x60-unidades-blanco-4\\\/#primaryimage\",\"url\":\"https:\\\/\\\/revolutionpadelstore.com\\\/wp-content\\\/uploads\\\/2025\\\/08\\\/105956_pro_grip_perforated_x60_blanco_1500x1500_vista1_e4a1.webp\",\"contentUrl\":\"https:\\\/\\\/revolutionpadelstore.com\\\/wp-content\\\/uploads\\\/2025\\\/08\\\/105956_pro_grip_perforated_x60_blanco_1500x1500_vista1_e4a1.webp\",\"width\":1500,\"height\":1500},{\"@type\":\"BreadcrumbList\",\"@id\":\"https:\\\/\\\/revolutionpadelstore.com\\\/it\\\/prodotto\\\/overgrip-siux-pro-perforated-x60-unidades-blanco-4\\\/#breadcrumb\",\"itemListElement\":[{\"@type\":\"ListItem\",\"position\":1,\"name\":\"Portada\",\"item\":\"https:\\\/\\\/revolutionpadelstore.com\\\/it\\\/\"},{\"@type\":\"ListItem\",\"position\":2,\"name\":\"Tienda\",\"item\":\"https:\\\/\\\/revolutionpadelstore.com\\\/it\\\/tienda\\\/\"},{\"@type\":\"ListItem\",\"position\":3,\"name\":\"OVERGRIP SIUX PRO PERFORATED x60 UNIDADES BLANCO\"}]},{\"@type\":\"WebSite\",\"@id\":\"https:\\\/\\\/revolutionpadelstore.com\\\/it\\\/#website\",\"url\":\"https:\\\/\\\/revolutionpadelstore.com\\\/it\\\/\",\"name\":\"Revolution Padel Store\",\"description\":\"\",\"publisher\":{\"@id\":\"https:\\\/\\\/revolutionpadelstore.com\\\/it\\\/#organization\"},\"potentialAction\":[{\"@type\":\"SearchAction\",\"target\":{\"@type\":\"EntryPoint\",\"urlTemplate\":\"https:\\\/\\\/revolutionpadelstore.com\\\/it\\\/?s={search_term_string}\"},\"query-input\":{\"@type\":\"PropertyValueSpecification\",\"valueRequired\":true,\"valueName\":\"search_term_string\"}}],\"inLanguage\":\"it-IT\"},{\"@type\":\"Organization\",\"@id\":\"https:\\\/\\\/revolutionpadelstore.com\\\/it\\\/#organization\",\"name\":\"Revolution Padel Store\",\"url\":\"https:\\\/\\\/revolutionpadelstore.com\\\/it\\\/\",\"logo\":{\"@type\":\"ImageObject\",\"inLanguage\":\"it-IT\",\"@id\":\"https:\\\/\\\/revolutionpadelstore.com\\\/it\\\/#\\\/schema\\\/logo\\\/image\\\/\",\"url\":\"https:\\\/\\\/revolutionpadelstore.com\\\/wp-content\\\/uploads\\\/2026\\\/02\\\/revolution-padel-store.jpg\",\"contentUrl\":\"https:\\\/\\\/revolutionpadelstore.com\\\/wp-content\\\/uploads\\\/2026\\\/02\\\/revolution-padel-store.jpg\",\"width\":2000,\"height\":2000,\"caption\":\"Revolution Padel Store\"},\"image\":{\"@id\":\"https:\\\/\\\/revolutionpadelstore.com\\\/it\\\/#\\\/schema\\\/logo\\\/image\\\/\"},\"sameAs\":[\"https:\\\/\\\/www.instagram.com\\\/revolutionpadelstore\\\/\"]}]}<\/script>\n<!-- \/ Yoast SEO plugin. -->","yoast_head_json":{"title":"OVERGRIP SIUX PRO PERFORATED x60 UNIDADES BLANCO - Revolution Padel Store","description":"Compra el Overgrip Siux Pro Perforated x60 Blanco en Revolution Padel Store. M\u00e1ximo agarre, transpiraci\u00f3n superior y pack de 60 unidades. \u00a1Durabilidad y confort en cada partido!","robots":{"index":"index","follow":"follow","max-snippet":"max-snippet:-1","max-image-preview":"max-image-preview:large","max-video-preview":"max-video-preview:-1"},"canonical":"https:\/\/revolutionpadelstore.com\/it\/prodotto\/overgrip-siux-pro-perforated-x60-unidades-blanco-4\/","og_locale":"it_IT","og_type":"article","og_title":"OVERGRIP SIUX PRO PERFORATED x60 UNIDADES BLANCO - Revolution Padel Store","og_description":"Compra el Overgrip Siux Pro Perforated x60 Blanco en Revolution Padel Store. M\u00e1ximo agarre, transpiraci\u00f3n superior y pack de 60 unidades. \u00a1Durabilidad y confort en cada partido!","og_url":"https:\/\/revolutionpadelstore.com\/it\/prodotto\/overgrip-siux-pro-perforated-x60-unidades-blanco-4\/","og_site_name":"Revolution Padel Store","article_modified_time":"2026-04-08T02:29:20+00:00","og_image":[{"width":1500,"height":1500,"url":"https:\/\/revolutionpadelstore.com\/wp-content\/uploads\/2025\/08\/105956_pro_grip_perforated_x60_blanco_1500x1500_vista1_e4a1.webp","type":"image\/webp"}],"twitter_card":"summary_large_image","twitter_misc":{"Tempo di lettura stimato":"2 minuti"},"schema":{"@context":"https:\/\/schema.org","@graph":[{"@type":"WebPage","@id":"https:\/\/revolutionpadelstore.com\/it\/prodotto\/overgrip-siux-pro-perforated-x60-unidades-blanco-4\/","url":"https:\/\/revolutionpadelstore.com\/it\/prodotto\/overgrip-siux-pro-perforated-x60-unidades-blanco-4\/","name":"OVERGRIP SIUX PRO PERFORATED x60 UNIDADES BLANCO - Revolution Padel Store","isPartOf":{"@id":"https:\/\/revolutionpadelstore.com\/it\/#website"},"primaryImageOfPage":{"@id":"https:\/\/revolutionpadelstore.com\/it\/prodotto\/overgrip-siux-pro-perforated-x60-unidades-blanco-4\/#primaryimage"},"image":{"@id":"https:\/\/revolutionpadelstore.com\/it\/prodotto\/overgrip-siux-pro-perforated-x60-unidades-blanco-4\/#primaryimage"},"thumbnailUrl":"https:\/\/revolutionpadelstore.com\/wp-content\/uploads\/2025\/08\/105956_pro_grip_perforated_x60_blanco_1500x1500_vista1_e4a1.webp","datePublished":"2025-08-18T16:38:15+00:00","dateModified":"2026-04-08T02:29:20+00:00","description":"Compra el Overgrip Siux Pro Perforated x60 Blanco en Revolution Padel Store. M\u00e1ximo agarre, transpiraci\u00f3n superior y pack de 60 unidades. \u00a1Durabilidad y confort en cada partido!","breadcrumb":{"@id":"https:\/\/revolutionpadelstore.com\/it\/prodotto\/overgrip-siux-pro-perforated-x60-unidades-blanco-4\/#breadcrumb"},"inLanguage":"it-IT","potentialAction":[{"@type":"ReadAction","target":["https:\/\/revolutionpadelstore.com\/it\/prodotto\/overgrip-siux-pro-perforated-x60-unidades-blanco-4\/"]}]},{"@type":"ImageObject","inLanguage":"it-IT","@id":"https:\/\/revolutionpadelstore.com\/it\/prodotto\/overgrip-siux-pro-perforated-x60-unidades-blanco-4\/#primaryimage","url":"https:\/\/revolutionpadelstore.com\/wp-content\/uploads\/2025\/08\/105956_pro_grip_perforated_x60_blanco_1500x1500_vista1_e4a1.webp","contentUrl":"https:\/\/revolutionpadelstore.com\/wp-content\/uploads\/2025\/08\/105956_pro_grip_perforated_x60_blanco_1500x1500_vista1_e4a1.webp","width":1500,"height":1500},{"@type":"BreadcrumbList","@id":"https:\/\/revolutionpadelstore.com\/it\/prodotto\/overgrip-siux-pro-perforated-x60-unidades-blanco-4\/#breadcrumb","itemListElement":[{"@type":"ListItem","position":1,"name":"Portada","item":"https:\/\/revolutionpadelstore.com\/it\/"},{"@type":"ListItem","position":2,"name":"Tienda","item":"https:\/\/revolutionpadelstore.com\/it\/tienda\/"},{"@type":"ListItem","position":3,"name":"OVERGRIP SIUX PRO PERFORATED x60 UNIDADES BLANCO"}]},{"@type":"WebSite","@id":"https:\/\/revolutionpadelstore.com\/it\/#website","url":"https:\/\/revolutionpadelstore.com\/it\/","name":"Revolution Padel Store","description":"","publisher":{"@id":"https:\/\/revolutionpadelstore.com\/it\/#organization"},"potentialAction":[{"@type":"SearchAction","target":{"@type":"EntryPoint","urlTemplate":"https:\/\/revolutionpadelstore.com\/it\/?s={search_term_string}"},"query-input":{"@type":"PropertyValueSpecification","valueRequired":true,"valueName":"search_term_string"}}],"inLanguage":"it-IT"},{"@type":"Organization","@id":"https:\/\/revolutionpadelstore.com\/it\/#organization","name":"Revolution Padel Store","url":"https:\/\/revolutionpadelstore.com\/it\/","logo":{"@type":"ImageObject","inLanguage":"it-IT","@id":"https:\/\/revolutionpadelstore.com\/it\/#\/schema\/logo\/image\/","url":"https:\/\/revolutionpadelstore.com\/wp-content\/uploads\/2026\/02\/revolution-padel-store.jpg","contentUrl":"https:\/\/revolutionpadelstore.com\/wp-content\/uploads\/2026\/02\/revolution-padel-store.jpg","width":2000,"height":2000,"caption":"Revolution Padel Store"},"image":{"@id":"https:\/\/revolutionpadelstore.com\/it\/#\/schema\/logo\/image\/"},"sameAs":["https:\/\/www.instagram.com\/revolutionpadelstore\/"]}]}},"_links":{"self":[{"href":"https:\/\/revolutionpadelstore.com\/it\/wp-json\/wp\/v2\/product\/265800","targetHints":{"allow":["GET"]}}],"collection":[{"href":"https:\/\/revolutionpadelstore.com\/it\/wp-json\/wp\/v2\/product"}],"about":[{"href":"https:\/\/revolutionpadelstore.com\/it\/wp-json\/wp\/v2\/types\/product"}],"replies":[{"embeddable":true,"href":"https:\/\/revolutionpadelstore.com\/it\/wp-json\/wp\/v2\/comments?post=265800"}],"wp:featuredmedia":[{"embeddable":true,"href":"https:\/\/revolutionpadelstore.com\/it\/wp-json\/wp\/v2\/media\/265783"}],"wp:attachment":[{"href":"https:\/\/revolutionpadelstore.com\/it\/wp-json\/wp\/v2\/media?parent=265800"}],"wp:term":[{"taxonomy":"acabado","embeddable":true,"href":"https:\/\/revolutionpadelstore.com\/it\/wp-json\/wp\/v2\/acabado?post=265800"},{"taxonomy":"balance","embeddable":true,"href":"https:\/\/revolutionpadelstore.com\/it\/wp-json\/wp\/v2\/balance?post=265800"},{"taxonomy":"dureza","embeddable":true,"href":"https:\/\/revolutionpadelstore.com\/it\/wp-json\/wp\/v2\/dureza?post=265800"},{"taxonomy":"forma","embeddable":true,"href":"https:\/\/revolutionpadelstore.com\/it\/wp-json\/wp\/v2\/forma?post=265800"},{"taxonomy":"jugador","embeddable":true,"href":"https:\/\/revolutionpadelstore.com\/it\/wp-json\/wp\/v2\/jugador?post=265800"},{"taxonomy":"marca","embeddable":true,"href":"https:\/\/revolutionpadelstore.com\/it\/wp-json\/wp\/v2\/marca?post=265800"},{"taxonomy":"nivel-de-juego","embeddable":true,"href":"https:\/\/revolutionpadelstore.com\/it\/wp-json\/wp\/v2\/nivel-de-juego?post=265800"},{"taxonomy":"superficie","embeddable":true,"href":"https:\/\/revolutionpadelstore.com\/it\/wp-json\/wp\/v2\/superficie?post=265800"},{"taxonomy":"tipo-de-juego","embeddable":true,"href":"https:\/\/revolutionpadelstore.com\/it\/wp-json\/wp\/v2\/tipo-de-juego?post=265800"},{"taxonomy":"product_brand","embeddable":true,"href":"https:\/\/revolutionpadelstore.com\/it\/wp-json\/wp\/v2\/product_brand?post=265800"},{"taxonomy":"product_cat","embeddable":true,"href":"https:\/\/revolutionpadelstore.com\/it\/wp-json\/wp\/v2\/product_cat?post=265800"},{"taxonomy":"product_tag","embeddable":true,"href":"https:\/\/revolutionpadelstore.com\/it\/wp-json\/wp\/v2\/product_tag?post=265800"}],"curies":[{"name":"wp","href":"https:\/\/api.w.org\/{rel}","templated":true}]}}