{"id":265229,"date":"2025-08-10T21:09:58","date_gmt":"2025-08-10T19:09:58","guid":{"rendered":"https:\/\/revolutionpadelstore.com\/paletero-wilson-bela-super-tour-padel-blanco\/"},"modified":"2026-04-08T04:35:28","modified_gmt":"2026-04-08T02:35:28","slug":"paletero-wilson-bela-super-tour-padel-blanco-4","status":"publish","type":"product","link":"https:\/\/revolutionpadelstore.com\/it\/prodotto\/paletero-wilson-bela-super-tour-padel-blanco-4\/","title":{"rendered":"PALETERO WILSON BELA SUPER TOUR PADEL BLANCO"},"content":{"rendered":"<h2><strong>Borsa da paddle Wilson Bela DNA Super Tour \u2013 Ispirata a Fernando Belastegu\u00edn<\/strong><\/h2>\n<p>La <strong>Wilson Bela DNA Super Tour<\/strong> \u00e8 molto pi\u00f9 di una borsa: \u00e8 un riflesso dell&#8217;<strong>ossessione per la perfezione di Fernando Belastegu\u00edn, progettata in collaborazione con la leggenda per coprire tutte le esigenze del giocatore d&#8217;\u00e9lite.<\/p>\n<p>Realizzato con un <strong>rivestimento in TPU<\/strong> per mantenere il suo aspetto impeccabile, incorpora la tecnologia <strong>Thermoguard<\/strong> che protegge le tue racchette dalle temperature estreme, garantendo che la tua attrezzatura rimanga nelle migliori condizioni. Inoltre, la sua <strong>tasca per accessori foderata in pile<\/strong> si prende cura dei tuoi oggetti di valore con la massima cura.<\/p>\n<h2><strong>Funzioni evidenziate<\/strong><\/h2>\n<p><strong>-Design esclusivo<\/strong> ispirato a Fernando Belastegu\u00edn.<\/p>\n<p>&#8211; <strong>Rivestimento in TPU<\/strong> resistente e facile da pulire.<\/p>\n<p>-Scomparto principale con <strong>fodera Thermoguard<\/strong> per proteggere le racchette dal caldo e dal freddo.<\/p>\n<p><strong>&#8211; Tasca foderata in pile<\/strong> per accessori e oggetti delicati.<\/p>\n<p>-Molteplici tasche aggiuntive per mantenere tutto <strong>organizzato e accessibile<\/strong>.<\/p>\n<h2><strong>Vantaggi per il giocatore<\/strong><\/h2>\n<p>-Trasporto sicuro ed elegante per tutta la tua attrezzatura.<\/p>\n<p>-Protezione totale contro condizioni atmosferiche estreme.<\/p>\n<p>-Organizzazione perfetta grazie agli scomparti ben distribuiti.<\/p>\n<p>-Durata superiore e design premium.<\/p>\n<p><strong>Acquista Wilson Bela DNA Super Tour e porta il tuo gioco al livello successivo.<\/strong> Disponibile ora su <strong><a href=\"https:\/\/www.revolutionpadelstore.com\/\">www.revolutionpadelstore.com<\/a><\/strong> probabilmente al miglior prezzo sul mercato.<\/p>\n<h2><strong>Bolsa de P\u00e1del Wilson Bela DNA Super Tour \u2013 Inspirada por Fernando Belastegu\u00edn<\/strong><\/p>\n","protected":false},"excerpt":{"rendered":"<p><strong data-start=\"38\" data-end=\"86\">Borsa da paddle Wilson Bela Super Tour Bianca<\/strong>, ideale per trasportare tutta la tua attrezzatura in qualsiasi periodo dell&#8217;anno. La sua ampia capacit\u00e0 e il design elegante offrono un comfort unico che lo distingue dal resto.<strong data-start=\"38\" data-end=\"86\">Paletero Wilson Bela Super Tour P\u00e1del Blanco<\/strong><\/p>\n","protected":false},"featured_media":265194,"comment_status":"open","ping_status":"closed","template":"","meta":{"_acf_changed":false,"_joinchat":[]},"acabado":[],"balance":[],"dureza":[],"forma":[],"jugador":[],"marca":[1266],"nivel-de-juego":[],"superficie":[],"tipo-de-juego":[],"product_brand":[],"product_cat":[318],"product_tag":[],"class_list":{"0":"post-265229","1":"product","2":"type-product","3":"status-publish","4":"has-post-thumbnail","6":"marca-wilson-it","7":"product_cat-borse","9":"first","10":"instock","11":"sale","12":"taxable","13":"shipping-taxable","14":"purchasable","15":"product-type-simple"},"acf":[],"yoast_head":"<!-- This site is optimized with the Yoast SEO plugin v27.4 - https:\/\/yoast.com\/product\/yoast-seo-wordpress\/ -->\n<title>PALETERO WILSON BELA SUPER TOUR PADEL BLANCO - Revolution Padel Store<\/title>\n<meta name=\"description\" content=\"Descubre la Bolsa Wilson Bela DNA Super Tour en Revolution Padel Store. Inspirada por Fernando Belastegu\u00edn, con Thermoguard, TPU y bolsillos premium.\" \/>\n<meta name=\"robots\" content=\"index, follow, max-snippet:-1, max-image-preview:large, max-video-preview:-1\" \/>\n<link rel=\"canonical\" href=\"https:\/\/revolutionpadelstore.com\/it\/prodotto\/paletero-wilson-bela-super-tour-padel-blanco-4\/\" \/>\n<meta property=\"og:locale\" content=\"it_IT\" \/>\n<meta property=\"og:type\" content=\"article\" \/>\n<meta property=\"og:title\" content=\"PALETERO WILSON BELA SUPER TOUR PADEL BLANCO - Revolution Padel Store\" \/>\n<meta property=\"og:description\" content=\"Descubre la Bolsa Wilson Bela DNA Super Tour en Revolution Padel Store. Inspirada por Fernando Belastegu\u00edn, con Thermoguard, TPU y bolsillos premium.\" \/>\n<meta property=\"og:url\" content=\"https:\/\/revolutionpadelstore.com\/it\/prodotto\/paletero-wilson-bela-super-tour-padel-blanco-4\/\" \/>\n<meta property=\"og:site_name\" content=\"Revolution Padel Store\" \/>\n<meta property=\"article:modified_time\" content=\"2026-04-08T02:35:28+00:00\" \/>\n<meta property=\"og:image\" content=\"https:\/\/revolutionpadelstore.com\/wp-content\/uploads\/2025\/08\/113592-paletero-wilson-bela-super-tour-padel-wr8907202-1500x1500-1.webp\" \/>\n\t<meta property=\"og:image:width\" content=\"1500\" \/>\n\t<meta property=\"og:image:height\" content=\"1500\" \/>\n\t<meta property=\"og:image:type\" content=\"image\/webp\" \/>\n<meta name=\"twitter:card\" content=\"summary_large_image\" \/>\n<meta name=\"twitter:label1\" content=\"Tempo di lettura stimato\" \/>\n\t<meta name=\"twitter:data1\" content=\"1 minuto\" \/>\n<script type=\"application\/ld+json\" class=\"yoast-schema-graph\">{\"@context\":\"https:\\\/\\\/schema.org\",\"@graph\":[{\"@type\":\"WebPage\",\"@id\":\"https:\\\/\\\/revolutionpadelstore.com\\\/it\\\/prodotto\\\/paletero-wilson-bela-super-tour-padel-blanco-4\\\/\",\"url\":\"https:\\\/\\\/revolutionpadelstore.com\\\/it\\\/prodotto\\\/paletero-wilson-bela-super-tour-padel-blanco-4\\\/\",\"name\":\"PALETERO WILSON BELA SUPER TOUR PADEL BLANCO - Revolution Padel Store\",\"isPartOf\":{\"@id\":\"https:\\\/\\\/revolutionpadelstore.com\\\/it\\\/#website\"},\"primaryImageOfPage\":{\"@id\":\"https:\\\/\\\/revolutionpadelstore.com\\\/it\\\/prodotto\\\/paletero-wilson-bela-super-tour-padel-blanco-4\\\/#primaryimage\"},\"image\":{\"@id\":\"https:\\\/\\\/revolutionpadelstore.com\\\/it\\\/prodotto\\\/paletero-wilson-bela-super-tour-padel-blanco-4\\\/#primaryimage\"},\"thumbnailUrl\":\"https:\\\/\\\/revolutionpadelstore.com\\\/wp-content\\\/uploads\\\/2025\\\/08\\\/113592-paletero-wilson-bela-super-tour-padel-wr8907202-1500x1500-1.webp\",\"datePublished\":\"2025-08-10T19:09:58+00:00\",\"dateModified\":\"2026-04-08T02:35:28+00:00\",\"description\":\"Descubre la Bolsa Wilson Bela DNA Super Tour en Revolution Padel Store. Inspirada por Fernando Belastegu\u00edn, con Thermoguard, TPU y bolsillos premium.\",\"breadcrumb\":{\"@id\":\"https:\\\/\\\/revolutionpadelstore.com\\\/it\\\/prodotto\\\/paletero-wilson-bela-super-tour-padel-blanco-4\\\/#breadcrumb\"},\"inLanguage\":\"it-IT\",\"potentialAction\":[{\"@type\":\"ReadAction\",\"target\":[\"https:\\\/\\\/revolutionpadelstore.com\\\/it\\\/prodotto\\\/paletero-wilson-bela-super-tour-padel-blanco-4\\\/\"]}]},{\"@type\":\"ImageObject\",\"inLanguage\":\"it-IT\",\"@id\":\"https:\\\/\\\/revolutionpadelstore.com\\\/it\\\/prodotto\\\/paletero-wilson-bela-super-tour-padel-blanco-4\\\/#primaryimage\",\"url\":\"https:\\\/\\\/revolutionpadelstore.com\\\/wp-content\\\/uploads\\\/2025\\\/08\\\/113592-paletero-wilson-bela-super-tour-padel-wr8907202-1500x1500-1.webp\",\"contentUrl\":\"https:\\\/\\\/revolutionpadelstore.com\\\/wp-content\\\/uploads\\\/2025\\\/08\\\/113592-paletero-wilson-bela-super-tour-padel-wr8907202-1500x1500-1.webp\",\"width\":1500,\"height\":1500},{\"@type\":\"BreadcrumbList\",\"@id\":\"https:\\\/\\\/revolutionpadelstore.com\\\/it\\\/prodotto\\\/paletero-wilson-bela-super-tour-padel-blanco-4\\\/#breadcrumb\",\"itemListElement\":[{\"@type\":\"ListItem\",\"position\":1,\"name\":\"Portada\",\"item\":\"https:\\\/\\\/revolutionpadelstore.com\\\/it\\\/\"},{\"@type\":\"ListItem\",\"position\":2,\"name\":\"Tienda\",\"item\":\"https:\\\/\\\/revolutionpadelstore.com\\\/it\\\/tienda\\\/\"},{\"@type\":\"ListItem\",\"position\":3,\"name\":\"PALETERO WILSON BELA SUPER TOUR PADEL BLANCO\"}]},{\"@type\":\"WebSite\",\"@id\":\"https:\\\/\\\/revolutionpadelstore.com\\\/it\\\/#website\",\"url\":\"https:\\\/\\\/revolutionpadelstore.com\\\/it\\\/\",\"name\":\"Revolution Padel Store\",\"description\":\"\",\"publisher\":{\"@id\":\"https:\\\/\\\/revolutionpadelstore.com\\\/it\\\/#organization\"},\"potentialAction\":[{\"@type\":\"SearchAction\",\"target\":{\"@type\":\"EntryPoint\",\"urlTemplate\":\"https:\\\/\\\/revolutionpadelstore.com\\\/it\\\/?s={search_term_string}\"},\"query-input\":{\"@type\":\"PropertyValueSpecification\",\"valueRequired\":true,\"valueName\":\"search_term_string\"}}],\"inLanguage\":\"it-IT\"},{\"@type\":\"Organization\",\"@id\":\"https:\\\/\\\/revolutionpadelstore.com\\\/it\\\/#organization\",\"name\":\"Revolution Padel Store\",\"url\":\"https:\\\/\\\/revolutionpadelstore.com\\\/it\\\/\",\"logo\":{\"@type\":\"ImageObject\",\"inLanguage\":\"it-IT\",\"@id\":\"https:\\\/\\\/revolutionpadelstore.com\\\/it\\\/#\\\/schema\\\/logo\\\/image\\\/\",\"url\":\"https:\\\/\\\/revolutionpadelstore.com\\\/wp-content\\\/uploads\\\/2026\\\/02\\\/revolution-padel-store.jpg\",\"contentUrl\":\"https:\\\/\\\/revolutionpadelstore.com\\\/wp-content\\\/uploads\\\/2026\\\/02\\\/revolution-padel-store.jpg\",\"width\":2000,\"height\":2000,\"caption\":\"Revolution Padel Store\"},\"image\":{\"@id\":\"https:\\\/\\\/revolutionpadelstore.com\\\/it\\\/#\\\/schema\\\/logo\\\/image\\\/\"},\"sameAs\":[\"https:\\\/\\\/www.instagram.com\\\/revolutionpadelstore\\\/\"]}]}<\/script>\n<!-- \/ Yoast SEO plugin. -->","yoast_head_json":{"title":"PALETERO WILSON BELA SUPER TOUR PADEL BLANCO - Revolution Padel Store","description":"Descubre la Bolsa Wilson Bela DNA Super Tour en Revolution Padel Store. Inspirada por Fernando Belastegu\u00edn, con Thermoguard, TPU y bolsillos premium.","robots":{"index":"index","follow":"follow","max-snippet":"max-snippet:-1","max-image-preview":"max-image-preview:large","max-video-preview":"max-video-preview:-1"},"canonical":"https:\/\/revolutionpadelstore.com\/it\/prodotto\/paletero-wilson-bela-super-tour-padel-blanco-4\/","og_locale":"it_IT","og_type":"article","og_title":"PALETERO WILSON BELA SUPER TOUR PADEL BLANCO - Revolution Padel Store","og_description":"Descubre la Bolsa Wilson Bela DNA Super Tour en Revolution Padel Store. Inspirada por Fernando Belastegu\u00edn, con Thermoguard, TPU y bolsillos premium.","og_url":"https:\/\/revolutionpadelstore.com\/it\/prodotto\/paletero-wilson-bela-super-tour-padel-blanco-4\/","og_site_name":"Revolution Padel Store","article_modified_time":"2026-04-08T02:35:28+00:00","og_image":[{"width":1500,"height":1500,"url":"https:\/\/revolutionpadelstore.com\/wp-content\/uploads\/2025\/08\/113592-paletero-wilson-bela-super-tour-padel-wr8907202-1500x1500-1.webp","type":"image\/webp"}],"twitter_card":"summary_large_image","twitter_misc":{"Tempo di lettura stimato":"1 minuto"},"schema":{"@context":"https:\/\/schema.org","@graph":[{"@type":"WebPage","@id":"https:\/\/revolutionpadelstore.com\/it\/prodotto\/paletero-wilson-bela-super-tour-padel-blanco-4\/","url":"https:\/\/revolutionpadelstore.com\/it\/prodotto\/paletero-wilson-bela-super-tour-padel-blanco-4\/","name":"PALETERO WILSON BELA SUPER TOUR PADEL BLANCO - Revolution Padel Store","isPartOf":{"@id":"https:\/\/revolutionpadelstore.com\/it\/#website"},"primaryImageOfPage":{"@id":"https:\/\/revolutionpadelstore.com\/it\/prodotto\/paletero-wilson-bela-super-tour-padel-blanco-4\/#primaryimage"},"image":{"@id":"https:\/\/revolutionpadelstore.com\/it\/prodotto\/paletero-wilson-bela-super-tour-padel-blanco-4\/#primaryimage"},"thumbnailUrl":"https:\/\/revolutionpadelstore.com\/wp-content\/uploads\/2025\/08\/113592-paletero-wilson-bela-super-tour-padel-wr8907202-1500x1500-1.webp","datePublished":"2025-08-10T19:09:58+00:00","dateModified":"2026-04-08T02:35:28+00:00","description":"Descubre la Bolsa Wilson Bela DNA Super Tour en Revolution Padel Store. Inspirada por Fernando Belastegu\u00edn, con Thermoguard, TPU y bolsillos premium.","breadcrumb":{"@id":"https:\/\/revolutionpadelstore.com\/it\/prodotto\/paletero-wilson-bela-super-tour-padel-blanco-4\/#breadcrumb"},"inLanguage":"it-IT","potentialAction":[{"@type":"ReadAction","target":["https:\/\/revolutionpadelstore.com\/it\/prodotto\/paletero-wilson-bela-super-tour-padel-blanco-4\/"]}]},{"@type":"ImageObject","inLanguage":"it-IT","@id":"https:\/\/revolutionpadelstore.com\/it\/prodotto\/paletero-wilson-bela-super-tour-padel-blanco-4\/#primaryimage","url":"https:\/\/revolutionpadelstore.com\/wp-content\/uploads\/2025\/08\/113592-paletero-wilson-bela-super-tour-padel-wr8907202-1500x1500-1.webp","contentUrl":"https:\/\/revolutionpadelstore.com\/wp-content\/uploads\/2025\/08\/113592-paletero-wilson-bela-super-tour-padel-wr8907202-1500x1500-1.webp","width":1500,"height":1500},{"@type":"BreadcrumbList","@id":"https:\/\/revolutionpadelstore.com\/it\/prodotto\/paletero-wilson-bela-super-tour-padel-blanco-4\/#breadcrumb","itemListElement":[{"@type":"ListItem","position":1,"name":"Portada","item":"https:\/\/revolutionpadelstore.com\/it\/"},{"@type":"ListItem","position":2,"name":"Tienda","item":"https:\/\/revolutionpadelstore.com\/it\/tienda\/"},{"@type":"ListItem","position":3,"name":"PALETERO WILSON BELA SUPER TOUR PADEL BLANCO"}]},{"@type":"WebSite","@id":"https:\/\/revolutionpadelstore.com\/it\/#website","url":"https:\/\/revolutionpadelstore.com\/it\/","name":"Revolution Padel Store","description":"","publisher":{"@id":"https:\/\/revolutionpadelstore.com\/it\/#organization"},"potentialAction":[{"@type":"SearchAction","target":{"@type":"EntryPoint","urlTemplate":"https:\/\/revolutionpadelstore.com\/it\/?s={search_term_string}"},"query-input":{"@type":"PropertyValueSpecification","valueRequired":true,"valueName":"search_term_string"}}],"inLanguage":"it-IT"},{"@type":"Organization","@id":"https:\/\/revolutionpadelstore.com\/it\/#organization","name":"Revolution Padel Store","url":"https:\/\/revolutionpadelstore.com\/it\/","logo":{"@type":"ImageObject","inLanguage":"it-IT","@id":"https:\/\/revolutionpadelstore.com\/it\/#\/schema\/logo\/image\/","url":"https:\/\/revolutionpadelstore.com\/wp-content\/uploads\/2026\/02\/revolution-padel-store.jpg","contentUrl":"https:\/\/revolutionpadelstore.com\/wp-content\/uploads\/2026\/02\/revolution-padel-store.jpg","width":2000,"height":2000,"caption":"Revolution Padel Store"},"image":{"@id":"https:\/\/revolutionpadelstore.com\/it\/#\/schema\/logo\/image\/"},"sameAs":["https:\/\/www.instagram.com\/revolutionpadelstore\/"]}]}},"_links":{"self":[{"href":"https:\/\/revolutionpadelstore.com\/it\/wp-json\/wp\/v2\/product\/265229","targetHints":{"allow":["GET"]}}],"collection":[{"href":"https:\/\/revolutionpadelstore.com\/it\/wp-json\/wp\/v2\/product"}],"about":[{"href":"https:\/\/revolutionpadelstore.com\/it\/wp-json\/wp\/v2\/types\/product"}],"replies":[{"embeddable":true,"href":"https:\/\/revolutionpadelstore.com\/it\/wp-json\/wp\/v2\/comments?post=265229"}],"wp:featuredmedia":[{"embeddable":true,"href":"https:\/\/revolutionpadelstore.com\/it\/wp-json\/wp\/v2\/media\/265194"}],"wp:attachment":[{"href":"https:\/\/revolutionpadelstore.com\/it\/wp-json\/wp\/v2\/media?parent=265229"}],"wp:term":[{"taxonomy":"acabado","embeddable":true,"href":"https:\/\/revolutionpadelstore.com\/it\/wp-json\/wp\/v2\/acabado?post=265229"},{"taxonomy":"balance","embeddable":true,"href":"https:\/\/revolutionpadelstore.com\/it\/wp-json\/wp\/v2\/balance?post=265229"},{"taxonomy":"dureza","embeddable":true,"href":"https:\/\/revolutionpadelstore.com\/it\/wp-json\/wp\/v2\/dureza?post=265229"},{"taxonomy":"forma","embeddable":true,"href":"https:\/\/revolutionpadelstore.com\/it\/wp-json\/wp\/v2\/forma?post=265229"},{"taxonomy":"jugador","embeddable":true,"href":"https:\/\/revolutionpadelstore.com\/it\/wp-json\/wp\/v2\/jugador?post=265229"},{"taxonomy":"marca","embeddable":true,"href":"https:\/\/revolutionpadelstore.com\/it\/wp-json\/wp\/v2\/marca?post=265229"},{"taxonomy":"nivel-de-juego","embeddable":true,"href":"https:\/\/revolutionpadelstore.com\/it\/wp-json\/wp\/v2\/nivel-de-juego?post=265229"},{"taxonomy":"superficie","embeddable":true,"href":"https:\/\/revolutionpadelstore.com\/it\/wp-json\/wp\/v2\/superficie?post=265229"},{"taxonomy":"tipo-de-juego","embeddable":true,"href":"https:\/\/revolutionpadelstore.com\/it\/wp-json\/wp\/v2\/tipo-de-juego?post=265229"},{"taxonomy":"product_brand","embeddable":true,"href":"https:\/\/revolutionpadelstore.com\/it\/wp-json\/wp\/v2\/product_brand?post=265229"},{"taxonomy":"product_cat","embeddable":true,"href":"https:\/\/revolutionpadelstore.com\/it\/wp-json\/wp\/v2\/product_cat?post=265229"},{"taxonomy":"product_tag","embeddable":true,"href":"https:\/\/revolutionpadelstore.com\/it\/wp-json\/wp\/v2\/product_tag?post=265229"}],"curies":[{"name":"wp","href":"https:\/\/api.w.org\/{rel}","templated":true}]}}