{"id":265130,"date":"2025-08-10T18:57:01","date_gmt":"2025-08-10T16:57:01","guid":{"rendered":"https:\/\/revolutionpadelstore.com\/pro-overgrip-padel-3pk-wh\/"},"modified":"2026-04-08T04:35:43","modified_gmt":"2026-04-08T02:35:43","slug":"wilson-pro-overgrip-padel-3pk-wh-4","status":"publish","type":"product","link":"https:\/\/revolutionpadelstore.com\/it\/prodotto\/wilson-pro-overgrip-padel-3pk-wh-4\/","title":{"rendered":"WILSON PRO OVERGRIP PADEL 3PK WH"},"content":{"rendered":"<h2>Overgrip Wilson Pro \u2013 La scelta dei professionisti del padel<\/h2>\n<p>L&#8217;<strong>Overgrip Wilson Pro<\/strong> \u00e8 l&#8217;overgrip pi\u00f9 utilizzato nel circuito professionistico, riconosciuto per il suo <strong>comfort, durata e ottimo rapporto qualit\u00e0 prezzo<\/strong>. Progettata per i giocatori esigenti, combina <strong>feltro super sottile e altamente elastico<\/strong> per offrire una sensazione impareggiabile su ogni colpo e mantenere prestazioni costanti pi\u00f9 a lungo.<\/p>\n<h2>Funzioni evidenziate<\/h2>\n<p><strong>-Massimo comfort<\/strong>: consistenza morbida che riduce l&#8217;affaticamento della mano durante i giochi lunghi.<\/p>\n<p><strong>-Durabilit\u00e0 superiore<\/strong>: mantiene la presa e la sensazione pi\u00f9 a lungo rispetto alla maggior parte degli overgrip sul mercato.<\/p>\n<p><strong>-Sensazione professionale<\/strong>: spessore minimo per un contatto pi\u00f9 diretto con l&#8217;impugnatura, ottimizzando il controllo.<\/p>\n<p><strong>-Versatilit\u00e0 totale<\/strong>: ideale per giocatori di tutte le et\u00e0 e livelli, dai principianti ai professionisti del World Padel Tour.<\/p>\n<h2>Vantaggi per il tuo gioco<\/h2>\n<p>-Miglior controllo e precisione in ogni tiro.<\/p>\n<p>-Ridotto scivolamento anche in condizioni di sudore intenso.<\/p>\n<p>&#8211; Sensazione uniforme e confortevole durante il gioco.<\/p>\n<p>Non importa se giochi tornei o partite con gli amici, l&#8217;<strong>Overgrip Wilson Pro<\/strong> ti dar\u00e0 quella sicurezza e quella fiducia in pi\u00f9 nella tua presa che possono fare la differenza nel risultato.<\/p>\n<p><strong>Disponibile ora nel nostro negozio online <a href=\"https:\/\/www.revolutionpadelstore.com\/\">www.revolutionpadelstore.com<\/a>, probabilmente al miglior prezzo sul mercato.<\/strong><\/p>\n","protected":false},"excerpt":{"rendered":"<p>Il grip preferito da molti professionisti del Tour, Pro Overgrip offre una serie di vantaggi che lo distinguono dalla concorrenza.<\/p>\n","protected":false},"featured_media":265136,"comment_status":"open","ping_status":"closed","template":"","meta":{"_acf_changed":false,"_joinchat":[]},"acabado":[],"balance":[],"dureza":[],"forma":[],"jugador":[],"marca":[1266],"nivel-de-juego":[],"superficie":[],"tipo-de-juego":[],"product_brand":[],"product_cat":[560],"product_tag":[],"class_list":{"0":"post-265130","1":"product","2":"type-product","3":"status-publish","4":"has-post-thumbnail","6":"marca-wilson-it","7":"product_cat-accessori","9":"first","10":"instock","11":"sale","12":"taxable","13":"shipping-taxable","14":"purchasable","15":"product-type-simple"},"acf":[],"yoast_head":"<!-- This site is optimized with the Yoast SEO plugin v27.4 - https:\/\/yoast.com\/product\/yoast-seo-wordpress\/ -->\n<title>WILSON PRO OVERGRIP PADEL 3PK WH - Revolution Padel Store<\/title>\n<meta name=\"description\" content=\"Compra el Overgrip Wilson Pro, el preferido por profesionales del p\u00e1del, con tacto superior, alta durabilidad y m\u00e1xima comodidad. Disponible en Revolution Padel Store al mejor precio.\" \/>\n<meta name=\"robots\" content=\"index, follow, max-snippet:-1, max-image-preview:large, max-video-preview:-1\" \/>\n<link rel=\"canonical\" href=\"https:\/\/revolutionpadelstore.com\/it\/prodotto\/wilson-pro-overgrip-padel-3pk-wh-4\/\" \/>\n<meta property=\"og:locale\" content=\"it_IT\" \/>\n<meta property=\"og:type\" content=\"article\" \/>\n<meta property=\"og:title\" content=\"WILSON PRO OVERGRIP PADEL 3PK WH - Revolution Padel Store\" \/>\n<meta property=\"og:description\" content=\"Compra el Overgrip Wilson Pro, el preferido por profesionales del p\u00e1del, con tacto superior, alta durabilidad y m\u00e1xima comodidad. Disponible en Revolution Padel Store al mejor precio.\" \/>\n<meta property=\"og:url\" content=\"https:\/\/revolutionpadelstore.com\/it\/prodotto\/wilson-pro-overgrip-padel-3pk-wh-4\/\" \/>\n<meta property=\"og:site_name\" content=\"Revolution Padel Store\" \/>\n<meta property=\"article:modified_time\" content=\"2026-04-08T02:35:43+00:00\" \/>\n<meta property=\"og:image\" content=\"https:\/\/revolutionpadelstore.com\/wp-content\/uploads\/2025\/08\/FOTO-PALAS-22.png\" \/>\n\t<meta property=\"og:image:width\" content=\"1500\" \/>\n\t<meta property=\"og:image:height\" content=\"1500\" \/>\n\t<meta property=\"og:image:type\" content=\"image\/png\" \/>\n<meta name=\"twitter:card\" content=\"summary_large_image\" \/>\n<meta name=\"twitter:label1\" content=\"Tempo di lettura stimato\" \/>\n\t<meta name=\"twitter:data1\" content=\"1 minuto\" \/>\n<script type=\"application\/ld+json\" class=\"yoast-schema-graph\">{\"@context\":\"https:\\\/\\\/schema.org\",\"@graph\":[{\"@type\":\"WebPage\",\"@id\":\"https:\\\/\\\/revolutionpadelstore.com\\\/it\\\/prodotto\\\/wilson-pro-overgrip-padel-3pk-wh-4\\\/\",\"url\":\"https:\\\/\\\/revolutionpadelstore.com\\\/it\\\/prodotto\\\/wilson-pro-overgrip-padel-3pk-wh-4\\\/\",\"name\":\"WILSON PRO OVERGRIP PADEL 3PK WH - Revolution Padel Store\",\"isPartOf\":{\"@id\":\"https:\\\/\\\/revolutionpadelstore.com\\\/it\\\/#website\"},\"primaryImageOfPage\":{\"@id\":\"https:\\\/\\\/revolutionpadelstore.com\\\/it\\\/prodotto\\\/wilson-pro-overgrip-padel-3pk-wh-4\\\/#primaryimage\"},\"image\":{\"@id\":\"https:\\\/\\\/revolutionpadelstore.com\\\/it\\\/prodotto\\\/wilson-pro-overgrip-padel-3pk-wh-4\\\/#primaryimage\"},\"thumbnailUrl\":\"https:\\\/\\\/revolutionpadelstore.com\\\/wp-content\\\/uploads\\\/2025\\\/08\\\/FOTO-PALAS-22.png\",\"datePublished\":\"2025-08-10T16:57:01+00:00\",\"dateModified\":\"2026-04-08T02:35:43+00:00\",\"description\":\"Compra el Overgrip Wilson Pro, el preferido por profesionales del p\u00e1del, con tacto superior, alta durabilidad y m\u00e1xima comodidad. Disponible en Revolution Padel Store al mejor precio.\",\"breadcrumb\":{\"@id\":\"https:\\\/\\\/revolutionpadelstore.com\\\/it\\\/prodotto\\\/wilson-pro-overgrip-padel-3pk-wh-4\\\/#breadcrumb\"},\"inLanguage\":\"it-IT\",\"potentialAction\":[{\"@type\":\"ReadAction\",\"target\":[\"https:\\\/\\\/revolutionpadelstore.com\\\/it\\\/prodotto\\\/wilson-pro-overgrip-padel-3pk-wh-4\\\/\"]}]},{\"@type\":\"ImageObject\",\"inLanguage\":\"it-IT\",\"@id\":\"https:\\\/\\\/revolutionpadelstore.com\\\/it\\\/prodotto\\\/wilson-pro-overgrip-padel-3pk-wh-4\\\/#primaryimage\",\"url\":\"https:\\\/\\\/revolutionpadelstore.com\\\/wp-content\\\/uploads\\\/2025\\\/08\\\/FOTO-PALAS-22.png\",\"contentUrl\":\"https:\\\/\\\/revolutionpadelstore.com\\\/wp-content\\\/uploads\\\/2025\\\/08\\\/FOTO-PALAS-22.png\",\"width\":1500,\"height\":1500},{\"@type\":\"BreadcrumbList\",\"@id\":\"https:\\\/\\\/revolutionpadelstore.com\\\/it\\\/prodotto\\\/wilson-pro-overgrip-padel-3pk-wh-4\\\/#breadcrumb\",\"itemListElement\":[{\"@type\":\"ListItem\",\"position\":1,\"name\":\"Portada\",\"item\":\"https:\\\/\\\/revolutionpadelstore.com\\\/it\\\/\"},{\"@type\":\"ListItem\",\"position\":2,\"name\":\"Tienda\",\"item\":\"https:\\\/\\\/revolutionpadelstore.com\\\/it\\\/tienda\\\/\"},{\"@type\":\"ListItem\",\"position\":3,\"name\":\"WILSON PRO OVERGRIP PADEL 3PK WH\"}]},{\"@type\":\"WebSite\",\"@id\":\"https:\\\/\\\/revolutionpadelstore.com\\\/it\\\/#website\",\"url\":\"https:\\\/\\\/revolutionpadelstore.com\\\/it\\\/\",\"name\":\"Revolution Padel Store\",\"description\":\"\",\"publisher\":{\"@id\":\"https:\\\/\\\/revolutionpadelstore.com\\\/it\\\/#organization\"},\"potentialAction\":[{\"@type\":\"SearchAction\",\"target\":{\"@type\":\"EntryPoint\",\"urlTemplate\":\"https:\\\/\\\/revolutionpadelstore.com\\\/it\\\/?s={search_term_string}\"},\"query-input\":{\"@type\":\"PropertyValueSpecification\",\"valueRequired\":true,\"valueName\":\"search_term_string\"}}],\"inLanguage\":\"it-IT\"},{\"@type\":\"Organization\",\"@id\":\"https:\\\/\\\/revolutionpadelstore.com\\\/it\\\/#organization\",\"name\":\"Revolution Padel Store\",\"url\":\"https:\\\/\\\/revolutionpadelstore.com\\\/it\\\/\",\"logo\":{\"@type\":\"ImageObject\",\"inLanguage\":\"it-IT\",\"@id\":\"https:\\\/\\\/revolutionpadelstore.com\\\/it\\\/#\\\/schema\\\/logo\\\/image\\\/\",\"url\":\"https:\\\/\\\/revolutionpadelstore.com\\\/wp-content\\\/uploads\\\/2026\\\/02\\\/revolution-padel-store.jpg\",\"contentUrl\":\"https:\\\/\\\/revolutionpadelstore.com\\\/wp-content\\\/uploads\\\/2026\\\/02\\\/revolution-padel-store.jpg\",\"width\":2000,\"height\":2000,\"caption\":\"Revolution Padel Store\"},\"image\":{\"@id\":\"https:\\\/\\\/revolutionpadelstore.com\\\/it\\\/#\\\/schema\\\/logo\\\/image\\\/\"},\"sameAs\":[\"https:\\\/\\\/www.instagram.com\\\/revolutionpadelstore\\\/\"]}]}<\/script>\n<!-- \/ Yoast SEO plugin. -->","yoast_head_json":{"title":"WILSON PRO OVERGRIP PADEL 3PK WH - Revolution Padel Store","description":"Compra el Overgrip Wilson Pro, el preferido por profesionales del p\u00e1del, con tacto superior, alta durabilidad y m\u00e1xima comodidad. Disponible en Revolution Padel Store al mejor precio.","robots":{"index":"index","follow":"follow","max-snippet":"max-snippet:-1","max-image-preview":"max-image-preview:large","max-video-preview":"max-video-preview:-1"},"canonical":"https:\/\/revolutionpadelstore.com\/it\/prodotto\/wilson-pro-overgrip-padel-3pk-wh-4\/","og_locale":"it_IT","og_type":"article","og_title":"WILSON PRO OVERGRIP PADEL 3PK WH - Revolution Padel Store","og_description":"Compra el Overgrip Wilson Pro, el preferido por profesionales del p\u00e1del, con tacto superior, alta durabilidad y m\u00e1xima comodidad. Disponible en Revolution Padel Store al mejor precio.","og_url":"https:\/\/revolutionpadelstore.com\/it\/prodotto\/wilson-pro-overgrip-padel-3pk-wh-4\/","og_site_name":"Revolution Padel Store","article_modified_time":"2026-04-08T02:35:43+00:00","og_image":[{"width":1500,"height":1500,"url":"https:\/\/revolutionpadelstore.com\/wp-content\/uploads\/2025\/08\/FOTO-PALAS-22.png","type":"image\/png"}],"twitter_card":"summary_large_image","twitter_misc":{"Tempo di lettura stimato":"1 minuto"},"schema":{"@context":"https:\/\/schema.org","@graph":[{"@type":"WebPage","@id":"https:\/\/revolutionpadelstore.com\/it\/prodotto\/wilson-pro-overgrip-padel-3pk-wh-4\/","url":"https:\/\/revolutionpadelstore.com\/it\/prodotto\/wilson-pro-overgrip-padel-3pk-wh-4\/","name":"WILSON PRO OVERGRIP PADEL 3PK WH - Revolution Padel Store","isPartOf":{"@id":"https:\/\/revolutionpadelstore.com\/it\/#website"},"primaryImageOfPage":{"@id":"https:\/\/revolutionpadelstore.com\/it\/prodotto\/wilson-pro-overgrip-padel-3pk-wh-4\/#primaryimage"},"image":{"@id":"https:\/\/revolutionpadelstore.com\/it\/prodotto\/wilson-pro-overgrip-padel-3pk-wh-4\/#primaryimage"},"thumbnailUrl":"https:\/\/revolutionpadelstore.com\/wp-content\/uploads\/2025\/08\/FOTO-PALAS-22.png","datePublished":"2025-08-10T16:57:01+00:00","dateModified":"2026-04-08T02:35:43+00:00","description":"Compra el Overgrip Wilson Pro, el preferido por profesionales del p\u00e1del, con tacto superior, alta durabilidad y m\u00e1xima comodidad. Disponible en Revolution Padel Store al mejor precio.","breadcrumb":{"@id":"https:\/\/revolutionpadelstore.com\/it\/prodotto\/wilson-pro-overgrip-padel-3pk-wh-4\/#breadcrumb"},"inLanguage":"it-IT","potentialAction":[{"@type":"ReadAction","target":["https:\/\/revolutionpadelstore.com\/it\/prodotto\/wilson-pro-overgrip-padel-3pk-wh-4\/"]}]},{"@type":"ImageObject","inLanguage":"it-IT","@id":"https:\/\/revolutionpadelstore.com\/it\/prodotto\/wilson-pro-overgrip-padel-3pk-wh-4\/#primaryimage","url":"https:\/\/revolutionpadelstore.com\/wp-content\/uploads\/2025\/08\/FOTO-PALAS-22.png","contentUrl":"https:\/\/revolutionpadelstore.com\/wp-content\/uploads\/2025\/08\/FOTO-PALAS-22.png","width":1500,"height":1500},{"@type":"BreadcrumbList","@id":"https:\/\/revolutionpadelstore.com\/it\/prodotto\/wilson-pro-overgrip-padel-3pk-wh-4\/#breadcrumb","itemListElement":[{"@type":"ListItem","position":1,"name":"Portada","item":"https:\/\/revolutionpadelstore.com\/it\/"},{"@type":"ListItem","position":2,"name":"Tienda","item":"https:\/\/revolutionpadelstore.com\/it\/tienda\/"},{"@type":"ListItem","position":3,"name":"WILSON PRO OVERGRIP PADEL 3PK WH"}]},{"@type":"WebSite","@id":"https:\/\/revolutionpadelstore.com\/it\/#website","url":"https:\/\/revolutionpadelstore.com\/it\/","name":"Revolution Padel Store","description":"","publisher":{"@id":"https:\/\/revolutionpadelstore.com\/it\/#organization"},"potentialAction":[{"@type":"SearchAction","target":{"@type":"EntryPoint","urlTemplate":"https:\/\/revolutionpadelstore.com\/it\/?s={search_term_string}"},"query-input":{"@type":"PropertyValueSpecification","valueRequired":true,"valueName":"search_term_string"}}],"inLanguage":"it-IT"},{"@type":"Organization","@id":"https:\/\/revolutionpadelstore.com\/it\/#organization","name":"Revolution Padel Store","url":"https:\/\/revolutionpadelstore.com\/it\/","logo":{"@type":"ImageObject","inLanguage":"it-IT","@id":"https:\/\/revolutionpadelstore.com\/it\/#\/schema\/logo\/image\/","url":"https:\/\/revolutionpadelstore.com\/wp-content\/uploads\/2026\/02\/revolution-padel-store.jpg","contentUrl":"https:\/\/revolutionpadelstore.com\/wp-content\/uploads\/2026\/02\/revolution-padel-store.jpg","width":2000,"height":2000,"caption":"Revolution Padel Store"},"image":{"@id":"https:\/\/revolutionpadelstore.com\/it\/#\/schema\/logo\/image\/"},"sameAs":["https:\/\/www.instagram.com\/revolutionpadelstore\/"]}]}},"_links":{"self":[{"href":"https:\/\/revolutionpadelstore.com\/it\/wp-json\/wp\/v2\/product\/265130","targetHints":{"allow":["GET"]}}],"collection":[{"href":"https:\/\/revolutionpadelstore.com\/it\/wp-json\/wp\/v2\/product"}],"about":[{"href":"https:\/\/revolutionpadelstore.com\/it\/wp-json\/wp\/v2\/types\/product"}],"replies":[{"embeddable":true,"href":"https:\/\/revolutionpadelstore.com\/it\/wp-json\/wp\/v2\/comments?post=265130"}],"wp:featuredmedia":[{"embeddable":true,"href":"https:\/\/revolutionpadelstore.com\/it\/wp-json\/wp\/v2\/media\/265136"}],"wp:attachment":[{"href":"https:\/\/revolutionpadelstore.com\/it\/wp-json\/wp\/v2\/media?parent=265130"}],"wp:term":[{"taxonomy":"acabado","embeddable":true,"href":"https:\/\/revolutionpadelstore.com\/it\/wp-json\/wp\/v2\/acabado?post=265130"},{"taxonomy":"balance","embeddable":true,"href":"https:\/\/revolutionpadelstore.com\/it\/wp-json\/wp\/v2\/balance?post=265130"},{"taxonomy":"dureza","embeddable":true,"href":"https:\/\/revolutionpadelstore.com\/it\/wp-json\/wp\/v2\/dureza?post=265130"},{"taxonomy":"forma","embeddable":true,"href":"https:\/\/revolutionpadelstore.com\/it\/wp-json\/wp\/v2\/forma?post=265130"},{"taxonomy":"jugador","embeddable":true,"href":"https:\/\/revolutionpadelstore.com\/it\/wp-json\/wp\/v2\/jugador?post=265130"},{"taxonomy":"marca","embeddable":true,"href":"https:\/\/revolutionpadelstore.com\/it\/wp-json\/wp\/v2\/marca?post=265130"},{"taxonomy":"nivel-de-juego","embeddable":true,"href":"https:\/\/revolutionpadelstore.com\/it\/wp-json\/wp\/v2\/nivel-de-juego?post=265130"},{"taxonomy":"superficie","embeddable":true,"href":"https:\/\/revolutionpadelstore.com\/it\/wp-json\/wp\/v2\/superficie?post=265130"},{"taxonomy":"tipo-de-juego","embeddable":true,"href":"https:\/\/revolutionpadelstore.com\/it\/wp-json\/wp\/v2\/tipo-de-juego?post=265130"},{"taxonomy":"product_brand","embeddable":true,"href":"https:\/\/revolutionpadelstore.com\/it\/wp-json\/wp\/v2\/product_brand?post=265130"},{"taxonomy":"product_cat","embeddable":true,"href":"https:\/\/revolutionpadelstore.com\/it\/wp-json\/wp\/v2\/product_cat?post=265130"},{"taxonomy":"product_tag","embeddable":true,"href":"https:\/\/revolutionpadelstore.com\/it\/wp-json\/wp\/v2\/product_tag?post=265130"}],"curies":[{"name":"wp","href":"https:\/\/api.w.org\/{rel}","templated":true}]}}