{"id":264968,"date":"2025-08-10T11:57:29","date_gmt":"2025-08-10T09:57:29","guid":{"rendered":"https:\/\/revolutionpadelstore.com\/royal-padel-m27-light-2025\/"},"modified":"2026-04-14T14:01:25","modified_gmt":"2026-04-14T12:01:25","slug":"royal-padel-m27-light-2025-4","status":"publish","type":"product","link":"https:\/\/revolutionpadelstore.com\/it\/prodotto\/royal-padel-m27-light-2025-4\/","title":{"rendered":"ROYAL PADEL M27 LIGHT 2025"},"content":{"rendered":"<h2><strong>Royal Padel M27 Light 2025 \u2013 Controllo, comfort e precisione in ogni colpo<\/strong><\/h2>\n<p>La <strong>Royal Padel M27 Light 2025<\/strong> arriva rinnovata per questa stagione con un design elegante e le caratteristiche che l&#8217;hanno resa una delle <strong>migliori racchette da paddle<\/strong> per giocatori di tutti i livelli. Realizzato interamente in carbonio <strong>3K Hexcel Twill Aeronautical<\/strong>, offre una resistenza eccezionale e un feeling senza eguali. Il suo nucleo in morbido polietilene fornisce un colpo morbido, massimizzando il controllo senza sacrificare la potenza. Dalla forma rotonda e dal bilanciamento medio, questa racchetta si distingue per la sua manovrabilit\u00e0, ideale per dominare sia il gioco difensivo che offensivo.<\/p>\n<h2><strong>Progettato per giocatori versatili ed esigenti<\/strong><\/h2>\n<p>Perfetta per chi cerca una <strong>racchetta di controllo<\/strong> che risponda con fermezza in attacco, la <strong>M27 Light 2025<\/strong> incorpora un <strong>sistema avanzato di assorbimento degli urti<\/strong>, riducendo le vibrazioni e prevenendo lesioni come l&#8217;epicondilite. La sua leggerezza e l&#8217;eccellente manovrabilit\u00e0 lo rendono ideale per giochi lunghi ed impegnativi.<\/p>\n<h2><strong>Caratteristiche<\/strong><\/h2>\n<p><strong>-Telaio e facce:<\/strong> 100% carbonio 3K con design aeronautico Hexcel Twill.<\/p>\n<p><strong>-Nucleo:<\/strong> morbido polietilene ad alta densit\u00e0 per un tocco morbido e un ottimo controllo.<\/p>\n<p><strong>-Forma:<\/strong> rotonda.<\/p>\n<p><strong>-Balance:<\/strong> Medio, per un perfetto equilibrio tra controllo e potenza.<\/p>\n<h2><strong>Tecnologie in primo piano<\/strong><\/h2>\n<p><strong>-Assorbimento degli urti:<\/strong> Ammortizzazione degli impatti per un maggiore comfort e protezione delle articolazioni.<\/p>\n<p><strong> &#8211; 5D Hex Twill:<\/strong> maggiore presa e facilit\u00e0 di applicazione degli effetti.<\/p>\n<h2><strong>Vantaggi del Royal Padel M27 Light 2025<\/strong><\/h2>\n<p>-Controllo totale in ogni colpo.<\/p>\n<p>-Prevenzione degli infortuni grazie alla riduzione delle vibrazioni.<\/p>\n<p>-Ottime prestazioni sia in attacco che in difesa.<\/p>\n<p>-Materiali premium per una maggiore durata.<\/p>\n<p>-Ideale per i giocatori esigenti che cercano precisione e comfort.<\/p>\n<p><strong>Migliora il tuo gioco<\/strong> e controlla ogni punto con la <strong>Royal Padel M27 Light 2025<\/strong>, una racchetta che combina <strong>innovazione, stile e prestazioni professionali<\/strong>.<\/p>\n<p>Disponibile ora nel nostro negozio online <strong><a href=\"https:\/\/www.revolutionpadelstore.com\/\">www.revolutionpadelstore.com<\/a><\/strong>, probabilmente al miglior prezzo sul mercato.<\/p>\n<h2><strong>Royal Padel M27 Light 2025 \u2013 Control, confort y precisi\u00f3n en cada golpe<\/strong><\/p>\n","protected":false},"excerpt":{"rendered":"<p>La Royal Padel M27 Light 2025 offre una combinazione equilibrata di potenza, controllo e comfort, incorporando tecnologie avanzate come l&#8217;assorbimento degli urti, che aiutano a prevenire gli infortuni e a dare il massimo con ogni colpo.<\/p>\n","protected":false},"featured_media":264974,"comment_status":"open","ping_status":"closed","template":"","meta":{"_acf_changed":false,"_joinchat":[]},"acabado":[1091],"balance":[1146],"dureza":[1151],"forma":[1181],"jugador":[1196],"marca":[1321],"nivel-de-juego":[1336,1341],"superficie":[1361],"tipo-de-juego":[1371],"product_brand":[],"product_cat":[301],"product_tag":[],"class_list":{"0":"post-264968","1":"product","2":"type-product","3":"status-publish","4":"has-post-thumbnail","6":"acabado-relieve-3d-it","7":"balance-basso","8":"dureza-blanda-it","9":"forma-rotondo","10":"jugador-mujer-it","11":"marca-muro-reale","12":"superficie-rugosa-it","13":"tipo-de-juego-controllo","14":"product_cat-palas-de-padel-it","16":"first","17":"instock","18":"sale","19":"taxable","20":"shipping-taxable","21":"purchasable","22":"product-type-simple"},"acf":[],"yoast_head":"<!-- This site is optimized with the Yoast SEO plugin v27.4 - https:\/\/yoast.com\/product\/yoast-seo-wordpress\/ -->\n<title>ROYAL PADEL M27 LIGHT 2025 - Revolution Padel Store<\/title>\n<meta name=\"description\" content=\"Compra la Royal Padel M27 Light 2025 en Revolution Padel Store. Pala de control con n\u00facleo Soft y carbono 3K, m\u00e1xima precisi\u00f3n, confort y absorci\u00f3n de vibraciones.\" \/>\n<meta name=\"robots\" content=\"index, follow, max-snippet:-1, max-image-preview:large, max-video-preview:-1\" \/>\n<link rel=\"canonical\" href=\"https:\/\/revolutionpadelstore.com\/it\/prodotto\/royal-padel-m27-light-2025-4\/\" \/>\n<meta property=\"og:locale\" content=\"it_IT\" \/>\n<meta property=\"og:type\" content=\"article\" \/>\n<meta property=\"og:title\" content=\"ROYAL PADEL M27 LIGHT 2025 - Revolution Padel Store\" \/>\n<meta property=\"og:description\" content=\"Compra la Royal Padel M27 Light 2025 en Revolution Padel Store. Pala de control con n\u00facleo Soft y carbono 3K, m\u00e1xima precisi\u00f3n, confort y absorci\u00f3n de vibraciones.\" \/>\n<meta property=\"og:url\" content=\"https:\/\/revolutionpadelstore.com\/it\/prodotto\/royal-padel-m27-light-2025-4\/\" \/>\n<meta property=\"og:site_name\" content=\"Revolution Padel Store\" \/>\n<meta property=\"article:modified_time\" content=\"2026-04-14T12:01:25+00:00\" \/>\n<meta property=\"og:image\" content=\"https:\/\/revolutionpadelstore.com\/wp-content\/uploads\/2025\/08\/115075-pala-royal-padel-rp-m27-light-25-1200x1200-1.webp\" \/>\n\t<meta property=\"og:image:width\" content=\"1200\" \/>\n\t<meta property=\"og:image:height\" content=\"1200\" \/>\n\t<meta property=\"og:image:type\" content=\"image\/webp\" \/>\n<meta name=\"twitter:card\" content=\"summary_large_image\" \/>\n<meta name=\"twitter:label1\" content=\"Tempo di lettura stimato\" \/>\n\t<meta name=\"twitter:data1\" content=\"2 minuti\" \/>\n<script type=\"application\/ld+json\" class=\"yoast-schema-graph\">{\"@context\":\"https:\\\/\\\/schema.org\",\"@graph\":[{\"@type\":\"WebPage\",\"@id\":\"https:\\\/\\\/revolutionpadelstore.com\\\/it\\\/prodotto\\\/royal-padel-m27-light-2025-4\\\/\",\"url\":\"https:\\\/\\\/revolutionpadelstore.com\\\/it\\\/prodotto\\\/royal-padel-m27-light-2025-4\\\/\",\"name\":\"ROYAL PADEL M27 LIGHT 2025 - Revolution Padel Store\",\"isPartOf\":{\"@id\":\"https:\\\/\\\/revolutionpadelstore.com\\\/it\\\/#website\"},\"primaryImageOfPage\":{\"@id\":\"https:\\\/\\\/revolutionpadelstore.com\\\/it\\\/prodotto\\\/royal-padel-m27-light-2025-4\\\/#primaryimage\"},\"image\":{\"@id\":\"https:\\\/\\\/revolutionpadelstore.com\\\/it\\\/prodotto\\\/royal-padel-m27-light-2025-4\\\/#primaryimage\"},\"thumbnailUrl\":\"https:\\\/\\\/revolutionpadelstore.com\\\/wp-content\\\/uploads\\\/2025\\\/08\\\/115075-pala-royal-padel-rp-m27-light-25-1200x1200-1.webp\",\"datePublished\":\"2025-08-10T09:57:29+00:00\",\"dateModified\":\"2026-04-14T12:01:25+00:00\",\"description\":\"Compra la Royal Padel M27 Light 2025 en Revolution Padel Store. Pala de control con n\u00facleo Soft y carbono 3K, m\u00e1xima precisi\u00f3n, confort y absorci\u00f3n de vibraciones.\",\"breadcrumb\":{\"@id\":\"https:\\\/\\\/revolutionpadelstore.com\\\/it\\\/prodotto\\\/royal-padel-m27-light-2025-4\\\/#breadcrumb\"},\"inLanguage\":\"it-IT\",\"potentialAction\":[{\"@type\":\"ReadAction\",\"target\":[\"https:\\\/\\\/revolutionpadelstore.com\\\/it\\\/prodotto\\\/royal-padel-m27-light-2025-4\\\/\"]}]},{\"@type\":\"ImageObject\",\"inLanguage\":\"it-IT\",\"@id\":\"https:\\\/\\\/revolutionpadelstore.com\\\/it\\\/prodotto\\\/royal-padel-m27-light-2025-4\\\/#primaryimage\",\"url\":\"https:\\\/\\\/revolutionpadelstore.com\\\/wp-content\\\/uploads\\\/2025\\\/08\\\/115075-pala-royal-padel-rp-m27-light-25-1200x1200-1.webp\",\"contentUrl\":\"https:\\\/\\\/revolutionpadelstore.com\\\/wp-content\\\/uploads\\\/2025\\\/08\\\/115075-pala-royal-padel-rp-m27-light-25-1200x1200-1.webp\",\"width\":1200,\"height\":1200},{\"@type\":\"BreadcrumbList\",\"@id\":\"https:\\\/\\\/revolutionpadelstore.com\\\/it\\\/prodotto\\\/royal-padel-m27-light-2025-4\\\/#breadcrumb\",\"itemListElement\":[{\"@type\":\"ListItem\",\"position\":1,\"name\":\"Portada\",\"item\":\"https:\\\/\\\/revolutionpadelstore.com\\\/it\\\/\"},{\"@type\":\"ListItem\",\"position\":2,\"name\":\"Tienda\",\"item\":\"https:\\\/\\\/revolutionpadelstore.com\\\/it\\\/tienda\\\/\"},{\"@type\":\"ListItem\",\"position\":3,\"name\":\"ROYAL PADEL M27 LIGHT 2025\"}]},{\"@type\":\"WebSite\",\"@id\":\"https:\\\/\\\/revolutionpadelstore.com\\\/it\\\/#website\",\"url\":\"https:\\\/\\\/revolutionpadelstore.com\\\/it\\\/\",\"name\":\"Revolution Padel Store\",\"description\":\"\",\"publisher\":{\"@id\":\"https:\\\/\\\/revolutionpadelstore.com\\\/it\\\/#organization\"},\"potentialAction\":[{\"@type\":\"SearchAction\",\"target\":{\"@type\":\"EntryPoint\",\"urlTemplate\":\"https:\\\/\\\/revolutionpadelstore.com\\\/it\\\/?s={search_term_string}\"},\"query-input\":{\"@type\":\"PropertyValueSpecification\",\"valueRequired\":true,\"valueName\":\"search_term_string\"}}],\"inLanguage\":\"it-IT\"},{\"@type\":\"Organization\",\"@id\":\"https:\\\/\\\/revolutionpadelstore.com\\\/it\\\/#organization\",\"name\":\"Revolution Padel Store\",\"url\":\"https:\\\/\\\/revolutionpadelstore.com\\\/it\\\/\",\"logo\":{\"@type\":\"ImageObject\",\"inLanguage\":\"it-IT\",\"@id\":\"https:\\\/\\\/revolutionpadelstore.com\\\/it\\\/#\\\/schema\\\/logo\\\/image\\\/\",\"url\":\"https:\\\/\\\/revolutionpadelstore.com\\\/wp-content\\\/uploads\\\/2026\\\/02\\\/revolution-padel-store.jpg\",\"contentUrl\":\"https:\\\/\\\/revolutionpadelstore.com\\\/wp-content\\\/uploads\\\/2026\\\/02\\\/revolution-padel-store.jpg\",\"width\":2000,\"height\":2000,\"caption\":\"Revolution Padel Store\"},\"image\":{\"@id\":\"https:\\\/\\\/revolutionpadelstore.com\\\/it\\\/#\\\/schema\\\/logo\\\/image\\\/\"},\"sameAs\":[\"https:\\\/\\\/www.instagram.com\\\/revolutionpadelstore\\\/\"]}]}<\/script>\n<!-- \/ Yoast SEO plugin. -->","yoast_head_json":{"title":"ROYAL PADEL M27 LIGHT 2025 - Revolution Padel Store","description":"Compra la Royal Padel M27 Light 2025 en Revolution Padel Store. Pala de control con n\u00facleo Soft y carbono 3K, m\u00e1xima precisi\u00f3n, confort y absorci\u00f3n de vibraciones.","robots":{"index":"index","follow":"follow","max-snippet":"max-snippet:-1","max-image-preview":"max-image-preview:large","max-video-preview":"max-video-preview:-1"},"canonical":"https:\/\/revolutionpadelstore.com\/it\/prodotto\/royal-padel-m27-light-2025-4\/","og_locale":"it_IT","og_type":"article","og_title":"ROYAL PADEL M27 LIGHT 2025 - Revolution Padel Store","og_description":"Compra la Royal Padel M27 Light 2025 en Revolution Padel Store. Pala de control con n\u00facleo Soft y carbono 3K, m\u00e1xima precisi\u00f3n, confort y absorci\u00f3n de vibraciones.","og_url":"https:\/\/revolutionpadelstore.com\/it\/prodotto\/royal-padel-m27-light-2025-4\/","og_site_name":"Revolution Padel Store","article_modified_time":"2026-04-14T12:01:25+00:00","og_image":[{"width":1200,"height":1200,"url":"https:\/\/revolutionpadelstore.com\/wp-content\/uploads\/2025\/08\/115075-pala-royal-padel-rp-m27-light-25-1200x1200-1.webp","type":"image\/webp"}],"twitter_card":"summary_large_image","twitter_misc":{"Tempo di lettura stimato":"2 minuti"},"schema":{"@context":"https:\/\/schema.org","@graph":[{"@type":"WebPage","@id":"https:\/\/revolutionpadelstore.com\/it\/prodotto\/royal-padel-m27-light-2025-4\/","url":"https:\/\/revolutionpadelstore.com\/it\/prodotto\/royal-padel-m27-light-2025-4\/","name":"ROYAL PADEL M27 LIGHT 2025 - Revolution Padel Store","isPartOf":{"@id":"https:\/\/revolutionpadelstore.com\/it\/#website"},"primaryImageOfPage":{"@id":"https:\/\/revolutionpadelstore.com\/it\/prodotto\/royal-padel-m27-light-2025-4\/#primaryimage"},"image":{"@id":"https:\/\/revolutionpadelstore.com\/it\/prodotto\/royal-padel-m27-light-2025-4\/#primaryimage"},"thumbnailUrl":"https:\/\/revolutionpadelstore.com\/wp-content\/uploads\/2025\/08\/115075-pala-royal-padel-rp-m27-light-25-1200x1200-1.webp","datePublished":"2025-08-10T09:57:29+00:00","dateModified":"2026-04-14T12:01:25+00:00","description":"Compra la Royal Padel M27 Light 2025 en Revolution Padel Store. Pala de control con n\u00facleo Soft y carbono 3K, m\u00e1xima precisi\u00f3n, confort y absorci\u00f3n de vibraciones.","breadcrumb":{"@id":"https:\/\/revolutionpadelstore.com\/it\/prodotto\/royal-padel-m27-light-2025-4\/#breadcrumb"},"inLanguage":"it-IT","potentialAction":[{"@type":"ReadAction","target":["https:\/\/revolutionpadelstore.com\/it\/prodotto\/royal-padel-m27-light-2025-4\/"]}]},{"@type":"ImageObject","inLanguage":"it-IT","@id":"https:\/\/revolutionpadelstore.com\/it\/prodotto\/royal-padel-m27-light-2025-4\/#primaryimage","url":"https:\/\/revolutionpadelstore.com\/wp-content\/uploads\/2025\/08\/115075-pala-royal-padel-rp-m27-light-25-1200x1200-1.webp","contentUrl":"https:\/\/revolutionpadelstore.com\/wp-content\/uploads\/2025\/08\/115075-pala-royal-padel-rp-m27-light-25-1200x1200-1.webp","width":1200,"height":1200},{"@type":"BreadcrumbList","@id":"https:\/\/revolutionpadelstore.com\/it\/prodotto\/royal-padel-m27-light-2025-4\/#breadcrumb","itemListElement":[{"@type":"ListItem","position":1,"name":"Portada","item":"https:\/\/revolutionpadelstore.com\/it\/"},{"@type":"ListItem","position":2,"name":"Tienda","item":"https:\/\/revolutionpadelstore.com\/it\/tienda\/"},{"@type":"ListItem","position":3,"name":"ROYAL PADEL M27 LIGHT 2025"}]},{"@type":"WebSite","@id":"https:\/\/revolutionpadelstore.com\/it\/#website","url":"https:\/\/revolutionpadelstore.com\/it\/","name":"Revolution Padel Store","description":"","publisher":{"@id":"https:\/\/revolutionpadelstore.com\/it\/#organization"},"potentialAction":[{"@type":"SearchAction","target":{"@type":"EntryPoint","urlTemplate":"https:\/\/revolutionpadelstore.com\/it\/?s={search_term_string}"},"query-input":{"@type":"PropertyValueSpecification","valueRequired":true,"valueName":"search_term_string"}}],"inLanguage":"it-IT"},{"@type":"Organization","@id":"https:\/\/revolutionpadelstore.com\/it\/#organization","name":"Revolution Padel Store","url":"https:\/\/revolutionpadelstore.com\/it\/","logo":{"@type":"ImageObject","inLanguage":"it-IT","@id":"https:\/\/revolutionpadelstore.com\/it\/#\/schema\/logo\/image\/","url":"https:\/\/revolutionpadelstore.com\/wp-content\/uploads\/2026\/02\/revolution-padel-store.jpg","contentUrl":"https:\/\/revolutionpadelstore.com\/wp-content\/uploads\/2026\/02\/revolution-padel-store.jpg","width":2000,"height":2000,"caption":"Revolution Padel Store"},"image":{"@id":"https:\/\/revolutionpadelstore.com\/it\/#\/schema\/logo\/image\/"},"sameAs":["https:\/\/www.instagram.com\/revolutionpadelstore\/"]}]}},"_links":{"self":[{"href":"https:\/\/revolutionpadelstore.com\/it\/wp-json\/wp\/v2\/product\/264968","targetHints":{"allow":["GET"]}}],"collection":[{"href":"https:\/\/revolutionpadelstore.com\/it\/wp-json\/wp\/v2\/product"}],"about":[{"href":"https:\/\/revolutionpadelstore.com\/it\/wp-json\/wp\/v2\/types\/product"}],"replies":[{"embeddable":true,"href":"https:\/\/revolutionpadelstore.com\/it\/wp-json\/wp\/v2\/comments?post=264968"}],"wp:featuredmedia":[{"embeddable":true,"href":"https:\/\/revolutionpadelstore.com\/it\/wp-json\/wp\/v2\/media\/264974"}],"wp:attachment":[{"href":"https:\/\/revolutionpadelstore.com\/it\/wp-json\/wp\/v2\/media?parent=264968"}],"wp:term":[{"taxonomy":"acabado","embeddable":true,"href":"https:\/\/revolutionpadelstore.com\/it\/wp-json\/wp\/v2\/acabado?post=264968"},{"taxonomy":"balance","embeddable":true,"href":"https:\/\/revolutionpadelstore.com\/it\/wp-json\/wp\/v2\/balance?post=264968"},{"taxonomy":"dureza","embeddable":true,"href":"https:\/\/revolutionpadelstore.com\/it\/wp-json\/wp\/v2\/dureza?post=264968"},{"taxonomy":"forma","embeddable":true,"href":"https:\/\/revolutionpadelstore.com\/it\/wp-json\/wp\/v2\/forma?post=264968"},{"taxonomy":"jugador","embeddable":true,"href":"https:\/\/revolutionpadelstore.com\/it\/wp-json\/wp\/v2\/jugador?post=264968"},{"taxonomy":"marca","embeddable":true,"href":"https:\/\/revolutionpadelstore.com\/it\/wp-json\/wp\/v2\/marca?post=264968"},{"taxonomy":"nivel-de-juego","embeddable":true,"href":"https:\/\/revolutionpadelstore.com\/it\/wp-json\/wp\/v2\/nivel-de-juego?post=264968"},{"taxonomy":"superficie","embeddable":true,"href":"https:\/\/revolutionpadelstore.com\/it\/wp-json\/wp\/v2\/superficie?post=264968"},{"taxonomy":"tipo-de-juego","embeddable":true,"href":"https:\/\/revolutionpadelstore.com\/it\/wp-json\/wp\/v2\/tipo-de-juego?post=264968"},{"taxonomy":"product_brand","embeddable":true,"href":"https:\/\/revolutionpadelstore.com\/it\/wp-json\/wp\/v2\/product_brand?post=264968"},{"taxonomy":"product_cat","embeddable":true,"href":"https:\/\/revolutionpadelstore.com\/it\/wp-json\/wp\/v2\/product_cat?post=264968"},{"taxonomy":"product_tag","embeddable":true,"href":"https:\/\/revolutionpadelstore.com\/it\/wp-json\/wp\/v2\/product_tag?post=264968"}],"curies":[{"name":"wp","href":"https:\/\/api.w.org\/{rel}","templated":true}]}}