{"id":264944,"date":"2025-08-10T11:55:45","date_gmt":"2025-08-10T09:55:45","guid":{"rendered":"https:\/\/revolutionpadelstore.com\/royal-padel-fury-2025\/"},"modified":"2026-04-08T04:37:24","modified_gmt":"2026-04-08T02:37:24","slug":"royal-padel-r-fury-2025-4","status":"publish","type":"product","link":"https:\/\/revolutionpadelstore.com\/it\/prodotto\/royal-padel-r-fury-2025-4\/","title":{"rendered":"ROYAL PADEL R FURY 2025"},"content":{"rendered":"<h2><strong>Royal Padel R Fury 2025 \u2013 Potenza e precisione in ogni colpo<\/strong><\/h2>\n<p>La <strong>Royal Padel R Fury 2025<\/strong> \u00e8 una racchetta da padel ad alte prestazioni, riprogettata per offrire potenza esplosiva senza perdere il controllo. Realizzata con <strong>struttura 100% carbonio 12K<\/strong> e <strong>nucleo Mid Hard EVA<\/strong>, questa racchetta garantisce un tocco deciso e un&#8217;impressionante uscita della palla, perfetta per i giocatori che cercano di dominare il gioco d&#8217;attacco.<\/p>\n<p>La sua forma <strong>Diamond Oversize<\/strong> espande lo sweet spot, permettendoti di finire con forza e precisione, mentre il <strong>bilanciamento medio<\/strong> offre la stabilit\u00e0 necessaria per mantenere il controllo negli scambi impegnativi. Ideale per <strong>giocatori avanzati e professionisti<\/strong>, la Fury 2025 \u00e8 sinonimo di potenza controllata.<\/p>\n<h2><strong>Caratteristiche tecniche<\/strong><\/h2>\n<p><strong>-Telaio<\/strong>: Doppio tubolare bidirezionale 100% Carbonio 3K 3D Hexcel Twill Aeronautico.<\/p>\n<p><strong>-Core<\/strong>: gomma EVA medio dura, sensazione di fermezza per la massima potenza e controllo.<\/p>\n<p><strong>-Surface<\/strong>: sistema <strong>Total Rough Spin<\/strong>, maggiore presa per generare effetti e migliorare la precisione.<\/p>\n<p><strong>-Shape<\/strong>: Oversize Diamond per una maggiore potenza nella rifinitura e sweet spot allargato.<\/p>\n<p><strong>-Peso<\/strong>: 365 &#8211; 380 grammi.<\/p>\n<h2><strong>Vantaggi della Royal Padel R Fury 2025<\/strong><\/h2>\n<p>-Potenza eccezionale per colpi finali e offensivi.<\/p>\n<p>-Controllo ottimizzato grazie al bilanciamento medio e alla forma sovradimensionata.<\/p>\n<p>-Maggiore capacit\u00e0 di rotazione per giochi pi\u00f9 strategici.<\/p>\n<p>-Materiali di fascia alta per resistenza e durata.<\/p>\n<h2><strong>Domina il campo con potenza e stile<\/strong><\/h2>\n<p>Se il tuo gioco si basa sull&#8217;aggressivit\u00e0 e sulla precisione, la <strong>Royal Padel R Fury 2025<\/strong> \u00e8 il tuo alleato perfetto. Il suo design avanzato e i materiali di prima qualit\u00e0 ti permetteranno di portare le tue prestazioni a un livello superiore. Rendi ogni punto un&#8217;opportunit\u00e0 per vincere!<\/p>\n<p><strong>Disponibile ora nel nostro negozio online <a href=\"http:\/\/www.revolutionpadelstore.com\/\">www.revolutionpadelstore.com<\/a><\/strong>, probabilmente al miglior prezzo sul mercato.<\/p>\n<h2><strong>Royal Padel R Fury 2025 \u2013 Potencia y precisi\u00f3n en cada golpe<\/strong><\/p>\n","protected":false},"excerpt":{"rendered":"<p>La Royal Padel R Fury 2025 \u00e8 una racchetta progettata per offrire grande potenza, dotata di un nucleo Mid Hard EVA e di una superficie in carbonio 12K. \u00c8 progettata per i giocatori avanzati che danno priorit\u00e0 alla forza e alla precisione nei tiri offensivi.<\/p>\n","protected":false},"featured_media":264950,"comment_status":"open","ping_status":"closed","template":"","meta":{"_acf_changed":false,"_joinchat":[]},"acabado":[1091],"balance":[1141],"dureza":[1156],"forma":[1171],"jugador":[1191],"marca":[1321],"nivel-de-juego":[1336],"superficie":[1361],"tipo-de-juego":[1376],"product_brand":[],"product_cat":[301],"product_tag":[],"class_list":{"0":"post-264944","1":"product","2":"type-product","3":"status-publish","4":"has-post-thumbnail","6":"acabado-relieve-3d-it","7":"balance-medio-it","8":"dureza-media-it","9":"forma-diamante-it","10":"jugador-uomo","11":"marca-muro-reale","12":"superficie-rugosa-it","13":"tipo-de-juego-potenza","14":"product_cat-palas-de-padel-it","16":"first","17":"instock","18":"sale","19":"taxable","20":"shipping-taxable","21":"purchasable","22":"product-type-simple"},"acf":[],"yoast_head":"<!-- This site is optimized with the Yoast SEO plugin v27.4 - https:\/\/yoast.com\/product\/yoast-seo-wordpress\/ -->\n<title>ROYAL PADEL R FURY 2025 - Revolution Padel Store<\/title>\n<meta name=\"description\" content=\"Compra la Royal Padel R Fury 2025 en Revolution Padel Store. Potencia y control en una pala de p\u00e1del profesional con Carbono 12K, EVA Mid Hard y forma Diamante Oversize.\" \/>\n<meta name=\"robots\" content=\"index, follow, max-snippet:-1, max-image-preview:large, max-video-preview:-1\" \/>\n<link rel=\"canonical\" href=\"https:\/\/revolutionpadelstore.com\/it\/prodotto\/royal-padel-r-fury-2025-4\/\" \/>\n<meta property=\"og:locale\" content=\"it_IT\" \/>\n<meta property=\"og:type\" content=\"article\" \/>\n<meta property=\"og:title\" content=\"ROYAL PADEL R FURY 2025 - Revolution Padel Store\" \/>\n<meta property=\"og:description\" content=\"Compra la Royal Padel R Fury 2025 en Revolution Padel Store. Potencia y control en una pala de p\u00e1del profesional con Carbono 12K, EVA Mid Hard y forma Diamante Oversize.\" \/>\n<meta property=\"og:url\" content=\"https:\/\/revolutionpadelstore.com\/it\/prodotto\/royal-padel-r-fury-2025-4\/\" \/>\n<meta property=\"og:site_name\" content=\"Revolution Padel Store\" \/>\n<meta property=\"article:modified_time\" content=\"2026-04-08T02:37:24+00:00\" \/>\n<meta property=\"og:image\" content=\"https:\/\/revolutionpadelstore.com\/wp-content\/uploads\/2025\/08\/115074-pala-royal-padel-rp-m27-fury-25-1500x1500-1.webp\" \/>\n\t<meta property=\"og:image:width\" content=\"1500\" \/>\n\t<meta property=\"og:image:height\" content=\"1500\" \/>\n\t<meta property=\"og:image:type\" content=\"image\/webp\" \/>\n<meta name=\"twitter:card\" content=\"summary_large_image\" \/>\n<meta name=\"twitter:label1\" content=\"Tempo di lettura stimato\" \/>\n\t<meta name=\"twitter:data1\" content=\"1 minuto\" \/>\n<script type=\"application\/ld+json\" class=\"yoast-schema-graph\">{\"@context\":\"https:\\\/\\\/schema.org\",\"@graph\":[{\"@type\":\"WebPage\",\"@id\":\"https:\\\/\\\/revolutionpadelstore.com\\\/it\\\/prodotto\\\/royal-padel-r-fury-2025-4\\\/\",\"url\":\"https:\\\/\\\/revolutionpadelstore.com\\\/it\\\/prodotto\\\/royal-padel-r-fury-2025-4\\\/\",\"name\":\"ROYAL PADEL R FURY 2025 - Revolution Padel Store\",\"isPartOf\":{\"@id\":\"https:\\\/\\\/revolutionpadelstore.com\\\/it\\\/#website\"},\"primaryImageOfPage\":{\"@id\":\"https:\\\/\\\/revolutionpadelstore.com\\\/it\\\/prodotto\\\/royal-padel-r-fury-2025-4\\\/#primaryimage\"},\"image\":{\"@id\":\"https:\\\/\\\/revolutionpadelstore.com\\\/it\\\/prodotto\\\/royal-padel-r-fury-2025-4\\\/#primaryimage\"},\"thumbnailUrl\":\"https:\\\/\\\/revolutionpadelstore.com\\\/wp-content\\\/uploads\\\/2025\\\/08\\\/115074-pala-royal-padel-rp-m27-fury-25-1500x1500-1.webp\",\"datePublished\":\"2025-08-10T09:55:45+00:00\",\"dateModified\":\"2026-04-08T02:37:24+00:00\",\"description\":\"Compra la Royal Padel R Fury 2025 en Revolution Padel Store. Potencia y control en una pala de p\u00e1del profesional con Carbono 12K, EVA Mid Hard y forma Diamante Oversize.\",\"breadcrumb\":{\"@id\":\"https:\\\/\\\/revolutionpadelstore.com\\\/it\\\/prodotto\\\/royal-padel-r-fury-2025-4\\\/#breadcrumb\"},\"inLanguage\":\"it-IT\",\"potentialAction\":[{\"@type\":\"ReadAction\",\"target\":[\"https:\\\/\\\/revolutionpadelstore.com\\\/it\\\/prodotto\\\/royal-padel-r-fury-2025-4\\\/\"]}]},{\"@type\":\"ImageObject\",\"inLanguage\":\"it-IT\",\"@id\":\"https:\\\/\\\/revolutionpadelstore.com\\\/it\\\/prodotto\\\/royal-padel-r-fury-2025-4\\\/#primaryimage\",\"url\":\"https:\\\/\\\/revolutionpadelstore.com\\\/wp-content\\\/uploads\\\/2025\\\/08\\\/115074-pala-royal-padel-rp-m27-fury-25-1500x1500-1.webp\",\"contentUrl\":\"https:\\\/\\\/revolutionpadelstore.com\\\/wp-content\\\/uploads\\\/2025\\\/08\\\/115074-pala-royal-padel-rp-m27-fury-25-1500x1500-1.webp\",\"width\":1500,\"height\":1500},{\"@type\":\"BreadcrumbList\",\"@id\":\"https:\\\/\\\/revolutionpadelstore.com\\\/it\\\/prodotto\\\/royal-padel-r-fury-2025-4\\\/#breadcrumb\",\"itemListElement\":[{\"@type\":\"ListItem\",\"position\":1,\"name\":\"Portada\",\"item\":\"https:\\\/\\\/revolutionpadelstore.com\\\/it\\\/\"},{\"@type\":\"ListItem\",\"position\":2,\"name\":\"Tienda\",\"item\":\"https:\\\/\\\/revolutionpadelstore.com\\\/it\\\/tienda\\\/\"},{\"@type\":\"ListItem\",\"position\":3,\"name\":\"ROYAL PADEL R FURY 2025\"}]},{\"@type\":\"WebSite\",\"@id\":\"https:\\\/\\\/revolutionpadelstore.com\\\/it\\\/#website\",\"url\":\"https:\\\/\\\/revolutionpadelstore.com\\\/it\\\/\",\"name\":\"Revolution Padel Store\",\"description\":\"\",\"publisher\":{\"@id\":\"https:\\\/\\\/revolutionpadelstore.com\\\/it\\\/#organization\"},\"potentialAction\":[{\"@type\":\"SearchAction\",\"target\":{\"@type\":\"EntryPoint\",\"urlTemplate\":\"https:\\\/\\\/revolutionpadelstore.com\\\/it\\\/?s={search_term_string}\"},\"query-input\":{\"@type\":\"PropertyValueSpecification\",\"valueRequired\":true,\"valueName\":\"search_term_string\"}}],\"inLanguage\":\"it-IT\"},{\"@type\":\"Organization\",\"@id\":\"https:\\\/\\\/revolutionpadelstore.com\\\/it\\\/#organization\",\"name\":\"Revolution Padel Store\",\"url\":\"https:\\\/\\\/revolutionpadelstore.com\\\/it\\\/\",\"logo\":{\"@type\":\"ImageObject\",\"inLanguage\":\"it-IT\",\"@id\":\"https:\\\/\\\/revolutionpadelstore.com\\\/it\\\/#\\\/schema\\\/logo\\\/image\\\/\",\"url\":\"https:\\\/\\\/revolutionpadelstore.com\\\/wp-content\\\/uploads\\\/2026\\\/02\\\/revolution-padel-store.jpg\",\"contentUrl\":\"https:\\\/\\\/revolutionpadelstore.com\\\/wp-content\\\/uploads\\\/2026\\\/02\\\/revolution-padel-store.jpg\",\"width\":2000,\"height\":2000,\"caption\":\"Revolution Padel Store\"},\"image\":{\"@id\":\"https:\\\/\\\/revolutionpadelstore.com\\\/it\\\/#\\\/schema\\\/logo\\\/image\\\/\"},\"sameAs\":[\"https:\\\/\\\/www.instagram.com\\\/revolutionpadelstore\\\/\"]}]}<\/script>\n<!-- \/ Yoast SEO plugin. -->","yoast_head_json":{"title":"ROYAL PADEL R FURY 2025 - Revolution Padel Store","description":"Compra la Royal Padel R Fury 2025 en Revolution Padel Store. Potencia y control en una pala de p\u00e1del profesional con Carbono 12K, EVA Mid Hard y forma Diamante Oversize.","robots":{"index":"index","follow":"follow","max-snippet":"max-snippet:-1","max-image-preview":"max-image-preview:large","max-video-preview":"max-video-preview:-1"},"canonical":"https:\/\/revolutionpadelstore.com\/it\/prodotto\/royal-padel-r-fury-2025-4\/","og_locale":"it_IT","og_type":"article","og_title":"ROYAL PADEL R FURY 2025 - Revolution Padel Store","og_description":"Compra la Royal Padel R Fury 2025 en Revolution Padel Store. Potencia y control en una pala de p\u00e1del profesional con Carbono 12K, EVA Mid Hard y forma Diamante Oversize.","og_url":"https:\/\/revolutionpadelstore.com\/it\/prodotto\/royal-padel-r-fury-2025-4\/","og_site_name":"Revolution Padel Store","article_modified_time":"2026-04-08T02:37:24+00:00","og_image":[{"width":1500,"height":1500,"url":"https:\/\/revolutionpadelstore.com\/wp-content\/uploads\/2025\/08\/115074-pala-royal-padel-rp-m27-fury-25-1500x1500-1.webp","type":"image\/webp"}],"twitter_card":"summary_large_image","twitter_misc":{"Tempo di lettura stimato":"1 minuto"},"schema":{"@context":"https:\/\/schema.org","@graph":[{"@type":"WebPage","@id":"https:\/\/revolutionpadelstore.com\/it\/prodotto\/royal-padel-r-fury-2025-4\/","url":"https:\/\/revolutionpadelstore.com\/it\/prodotto\/royal-padel-r-fury-2025-4\/","name":"ROYAL PADEL R FURY 2025 - Revolution Padel Store","isPartOf":{"@id":"https:\/\/revolutionpadelstore.com\/it\/#website"},"primaryImageOfPage":{"@id":"https:\/\/revolutionpadelstore.com\/it\/prodotto\/royal-padel-r-fury-2025-4\/#primaryimage"},"image":{"@id":"https:\/\/revolutionpadelstore.com\/it\/prodotto\/royal-padel-r-fury-2025-4\/#primaryimage"},"thumbnailUrl":"https:\/\/revolutionpadelstore.com\/wp-content\/uploads\/2025\/08\/115074-pala-royal-padel-rp-m27-fury-25-1500x1500-1.webp","datePublished":"2025-08-10T09:55:45+00:00","dateModified":"2026-04-08T02:37:24+00:00","description":"Compra la Royal Padel R Fury 2025 en Revolution Padel Store. Potencia y control en una pala de p\u00e1del profesional con Carbono 12K, EVA Mid Hard y forma Diamante Oversize.","breadcrumb":{"@id":"https:\/\/revolutionpadelstore.com\/it\/prodotto\/royal-padel-r-fury-2025-4\/#breadcrumb"},"inLanguage":"it-IT","potentialAction":[{"@type":"ReadAction","target":["https:\/\/revolutionpadelstore.com\/it\/prodotto\/royal-padel-r-fury-2025-4\/"]}]},{"@type":"ImageObject","inLanguage":"it-IT","@id":"https:\/\/revolutionpadelstore.com\/it\/prodotto\/royal-padel-r-fury-2025-4\/#primaryimage","url":"https:\/\/revolutionpadelstore.com\/wp-content\/uploads\/2025\/08\/115074-pala-royal-padel-rp-m27-fury-25-1500x1500-1.webp","contentUrl":"https:\/\/revolutionpadelstore.com\/wp-content\/uploads\/2025\/08\/115074-pala-royal-padel-rp-m27-fury-25-1500x1500-1.webp","width":1500,"height":1500},{"@type":"BreadcrumbList","@id":"https:\/\/revolutionpadelstore.com\/it\/prodotto\/royal-padel-r-fury-2025-4\/#breadcrumb","itemListElement":[{"@type":"ListItem","position":1,"name":"Portada","item":"https:\/\/revolutionpadelstore.com\/it\/"},{"@type":"ListItem","position":2,"name":"Tienda","item":"https:\/\/revolutionpadelstore.com\/it\/tienda\/"},{"@type":"ListItem","position":3,"name":"ROYAL PADEL R FURY 2025"}]},{"@type":"WebSite","@id":"https:\/\/revolutionpadelstore.com\/it\/#website","url":"https:\/\/revolutionpadelstore.com\/it\/","name":"Revolution Padel Store","description":"","publisher":{"@id":"https:\/\/revolutionpadelstore.com\/it\/#organization"},"potentialAction":[{"@type":"SearchAction","target":{"@type":"EntryPoint","urlTemplate":"https:\/\/revolutionpadelstore.com\/it\/?s={search_term_string}"},"query-input":{"@type":"PropertyValueSpecification","valueRequired":true,"valueName":"search_term_string"}}],"inLanguage":"it-IT"},{"@type":"Organization","@id":"https:\/\/revolutionpadelstore.com\/it\/#organization","name":"Revolution Padel Store","url":"https:\/\/revolutionpadelstore.com\/it\/","logo":{"@type":"ImageObject","inLanguage":"it-IT","@id":"https:\/\/revolutionpadelstore.com\/it\/#\/schema\/logo\/image\/","url":"https:\/\/revolutionpadelstore.com\/wp-content\/uploads\/2026\/02\/revolution-padel-store.jpg","contentUrl":"https:\/\/revolutionpadelstore.com\/wp-content\/uploads\/2026\/02\/revolution-padel-store.jpg","width":2000,"height":2000,"caption":"Revolution Padel Store"},"image":{"@id":"https:\/\/revolutionpadelstore.com\/it\/#\/schema\/logo\/image\/"},"sameAs":["https:\/\/www.instagram.com\/revolutionpadelstore\/"]}]}},"_links":{"self":[{"href":"https:\/\/revolutionpadelstore.com\/it\/wp-json\/wp\/v2\/product\/264944","targetHints":{"allow":["GET"]}}],"collection":[{"href":"https:\/\/revolutionpadelstore.com\/it\/wp-json\/wp\/v2\/product"}],"about":[{"href":"https:\/\/revolutionpadelstore.com\/it\/wp-json\/wp\/v2\/types\/product"}],"replies":[{"embeddable":true,"href":"https:\/\/revolutionpadelstore.com\/it\/wp-json\/wp\/v2\/comments?post=264944"}],"wp:featuredmedia":[{"embeddable":true,"href":"https:\/\/revolutionpadelstore.com\/it\/wp-json\/wp\/v2\/media\/264950"}],"wp:attachment":[{"href":"https:\/\/revolutionpadelstore.com\/it\/wp-json\/wp\/v2\/media?parent=264944"}],"wp:term":[{"taxonomy":"acabado","embeddable":true,"href":"https:\/\/revolutionpadelstore.com\/it\/wp-json\/wp\/v2\/acabado?post=264944"},{"taxonomy":"balance","embeddable":true,"href":"https:\/\/revolutionpadelstore.com\/it\/wp-json\/wp\/v2\/balance?post=264944"},{"taxonomy":"dureza","embeddable":true,"href":"https:\/\/revolutionpadelstore.com\/it\/wp-json\/wp\/v2\/dureza?post=264944"},{"taxonomy":"forma","embeddable":true,"href":"https:\/\/revolutionpadelstore.com\/it\/wp-json\/wp\/v2\/forma?post=264944"},{"taxonomy":"jugador","embeddable":true,"href":"https:\/\/revolutionpadelstore.com\/it\/wp-json\/wp\/v2\/jugador?post=264944"},{"taxonomy":"marca","embeddable":true,"href":"https:\/\/revolutionpadelstore.com\/it\/wp-json\/wp\/v2\/marca?post=264944"},{"taxonomy":"nivel-de-juego","embeddable":true,"href":"https:\/\/revolutionpadelstore.com\/it\/wp-json\/wp\/v2\/nivel-de-juego?post=264944"},{"taxonomy":"superficie","embeddable":true,"href":"https:\/\/revolutionpadelstore.com\/it\/wp-json\/wp\/v2\/superficie?post=264944"},{"taxonomy":"tipo-de-juego","embeddable":true,"href":"https:\/\/revolutionpadelstore.com\/it\/wp-json\/wp\/v2\/tipo-de-juego?post=264944"},{"taxonomy":"product_brand","embeddable":true,"href":"https:\/\/revolutionpadelstore.com\/it\/wp-json\/wp\/v2\/product_brand?post=264944"},{"taxonomy":"product_cat","embeddable":true,"href":"https:\/\/revolutionpadelstore.com\/it\/wp-json\/wp\/v2\/product_cat?post=264944"},{"taxonomy":"product_tag","embeddable":true,"href":"https:\/\/revolutionpadelstore.com\/it\/wp-json\/wp\/v2\/product_tag?post=264944"}],"curies":[{"name":"wp","href":"https:\/\/api.w.org\/{rel}","templated":true}]}}