{"id":263406,"date":"2025-05-28T20:53:32","date_gmt":"2025-05-28T18:53:32","guid":{"rendered":"https:\/\/revolutionpadelstore.com\/?post_type=product&#038;p=263406"},"modified":"2026-04-15T02:02:51","modified_gmt":"2026-04-15T00:02:51","slug":"joma-spin-men-2512-granate-4","status":"publish","type":"product","link":"https:\/\/revolutionpadelstore.com\/it\/prodotto\/joma-spin-men-2512-granate-4\/","title":{"rendered":"JOMA SPIN MEN 2512 GRANATE"},"content":{"rendered":"<h2><strong>Scarpe da paddle di fascia alta: massime prestazioni e durata<\/strong><\/h2>\n<p>Progettate per i giocatori professionisti che cercano le massime prestazioni in campo, queste scarpe da paddle uniscono stabilit\u00e0, protezione e durata. Approvati da giocatori d&#8217;\u00e9lite come Juani Mieres e Alba Gal\u00e1n, sono la scelta perfetta per coloro che esigono qualit\u00e0 e comfort in ogni partita.<\/p>\n<h2><strong>Funzioni in primo piano<\/strong><\/h2>\n<p>&#8211; Tomaia traspirante: Mesh tecnico con tecnologia VTS, che ottimizza la ventilazione e mantiene i piedi freschi.<br \/>\n-Vestibilit\u00e0 perfetta: sistema di termosaldatura JOMA SPORTECH, che fornisce un supporto leggero e preciso.<br \/>\n-Rinforzo extra: tecnologia PROTECTION che rinforza le aree sensibili per una maggiore durata.<br \/>\n&#8211; Massima stabilit\u00e0: intersuola flessibile in Phylon con doppia STABILIS, che riduce il rischio di lesioni.<br \/>\n&#8211; Suola ad alte prestazioni: gomma DURABILITY con design Omni e piccoli tacchetti circolari che facilitano lo scorrimento e la trazione.<\/p>\n<h2><strong>Tecnologie innovative<\/strong><\/h2>\n<p>-DURATA: Gomma ad alta resistenza che ritarda l&#8217;usura e prolunga la vita della suola.<br \/>\n-SPORTTECH: Materiale iniettato senza cuciture che migliora leggerezza, flessibilit\u00e0 e vestibilit\u00e0.<br \/>\n-PROTEZIONE: Rinforzo aggiuntivo nella punta per una maggiore resistenza all&#8217;usura.<br \/>\n-STABILIS: pezzo in TPU nella suola che impedisce torsioni inappropriate e migliora la stabilit\u00e0.<br \/>\n-VTS: Sistema di ventilazione che regola la temperatura e favorisce la traspirazione.<\/p>\n<h2><strong>Dettagli tecnici<\/strong><\/h2>\n<p>-Taglio: nylon, micro PU e TPU.<\/p>\n<p>-Chiusura: Lacci con regolazione PERFECT FIT.<\/p>\n<p>-Intersuola: Phylon con STABILIS.<\/p>\n<p>&#8211; Suola: gomma DURABILITY.<\/p>\n<p>&#8211; Linguetta: cucita al taglio per una migliore vestibilit\u00e0.<\/p>\n<p>-Indicato per: Giocatori di peso medio-alto.<\/p>\n<p>-Utilizzo: allenamento e competizione.<\/p>\n<p>-Colore: marrone.<\/p>\n<p>-Sesso: maschio.<\/p>\n<p>-Riferimento: TSPINW2512OM<\/p>\n<h2><strong>Acquista ora al miglior prezzo<\/strong><\/h2>\n<p>Se cerchi scarpe da padel professionali con il miglior rapporto qualit\u00e0-prezzo, questo modello fa per te. Disponibile nel nostro negozio online <strong><a href=\"https:\/\/www.revolutionpadelstore.com\/\">Revolution Padel Store<\/a><\/strong>, probabilmente <strong>al miglior prezzo sul mercato<\/strong>.<\/p>\n<p><strong>Non aspettare oltre e equipaggiati con le migliori calzature da padel!<\/strong><\/p>\n","protected":false},"excerpt":{"rendered":"<p>Pensati per i giocatori di alto livello che cercano le migliori prestazioni in campo, questi canoisti offrono stabilit\u00e0, resistenza e protezione. Supportati da personaggi eccezionali come Juani Mieres e Alba Gal\u00e1n, sono l&#8217;opzione ideale per coloro che danno la priorit\u00e0 alla qualit\u00e0 e al comfort in ogni gioco.<\/p>\n","protected":false},"featured_media":263424,"comment_status":"open","ping_status":"closed","template":"","meta":{"_acf_changed":false,"_joinchat":[]},"acabado":[],"balance":[],"dureza":[],"forma":[],"jugador":[],"marca":[1226],"nivel-de-juego":[],"superficie":[],"tipo-de-juego":[],"product_brand":[],"product_cat":[832,404],"product_tag":[],"class_list":{"0":"post-263406","1":"product","2":"type-product","3":"status-publish","4":"has-post-thumbnail","6":"marca-joma-it","7":"product_cat-scarpe-da-ginnastica","8":"product_cat-sneakers-da-uomo","10":"first","11":"outofstock","12":"sale","13":"taxable","14":"shipping-taxable","15":"purchasable","16":"product-type-variable"},"acf":[],"yoast_head":"<!-- This site is optimized with the Yoast SEO plugin v27.4 - https:\/\/yoast.com\/product\/yoast-seo-wordpress\/ -->\n<title>JOMA SPIN MEN 2512 GRANATE - Revolution Padel Store<\/title>\n<meta name=\"description\" content=\"Si buscas unas\u00a0zapatillas de p\u00e1del profesionales\u00a0con la mejor relaci\u00f3n calidad-precio, este modelo es para ti. Disponible en nuestra tienda online\u00a0Revolution Padel Store, probablemente\u00a0al mejor precio del mercado.\" \/>\n<meta name=\"robots\" content=\"index, follow, max-snippet:-1, max-image-preview:large, max-video-preview:-1\" \/>\n<link rel=\"canonical\" href=\"https:\/\/revolutionpadelstore.com\/it\/prodotto\/joma-spin-men-2512-granate-4\/\" \/>\n<meta property=\"og:locale\" content=\"it_IT\" \/>\n<meta property=\"og:type\" content=\"article\" \/>\n<meta property=\"og:title\" content=\"JOMA SPIN MEN 2512 GRANATE - Revolution Padel Store\" \/>\n<meta property=\"og:description\" content=\"Si buscas unas\u00a0zapatillas de p\u00e1del profesionales\u00a0con la mejor relaci\u00f3n calidad-precio, este modelo es para ti. Disponible en nuestra tienda online\u00a0Revolution Padel Store, probablemente\u00a0al mejor precio del mercado.\" \/>\n<meta property=\"og:url\" content=\"https:\/\/revolutionpadelstore.com\/it\/prodotto\/joma-spin-men-2512-granate-4\/\" \/>\n<meta property=\"og:site_name\" content=\"Revolution Padel Store\" \/>\n<meta property=\"article:modified_time\" content=\"2026-04-15T00:02:51+00:00\" \/>\n<meta property=\"og:image\" content=\"https:\/\/revolutionpadelstore.com\/wp-content\/uploads\/2025\/05\/261.png\" \/>\n\t<meta property=\"og:image:width\" content=\"1500\" \/>\n\t<meta property=\"og:image:height\" content=\"1500\" \/>\n\t<meta property=\"og:image:type\" content=\"image\/png\" \/>\n<meta name=\"twitter:card\" content=\"summary_large_image\" \/>\n<meta name=\"twitter:label1\" content=\"Tempo di lettura stimato\" \/>\n\t<meta name=\"twitter:data1\" content=\"2 minuti\" \/>\n<script type=\"application\/ld+json\" class=\"yoast-schema-graph\">{\"@context\":\"https:\\\/\\\/schema.org\",\"@graph\":[{\"@type\":\"WebPage\",\"@id\":\"https:\\\/\\\/revolutionpadelstore.com\\\/it\\\/prodotto\\\/joma-spin-men-2512-granate-4\\\/\",\"url\":\"https:\\\/\\\/revolutionpadelstore.com\\\/it\\\/prodotto\\\/joma-spin-men-2512-granate-4\\\/\",\"name\":\"JOMA SPIN MEN 2512 GRANATE - Revolution Padel Store\",\"isPartOf\":{\"@id\":\"https:\\\/\\\/revolutionpadelstore.com\\\/it\\\/#website\"},\"primaryImageOfPage\":{\"@id\":\"https:\\\/\\\/revolutionpadelstore.com\\\/it\\\/prodotto\\\/joma-spin-men-2512-granate-4\\\/#primaryimage\"},\"image\":{\"@id\":\"https:\\\/\\\/revolutionpadelstore.com\\\/it\\\/prodotto\\\/joma-spin-men-2512-granate-4\\\/#primaryimage\"},\"thumbnailUrl\":\"https:\\\/\\\/revolutionpadelstore.com\\\/wp-content\\\/uploads\\\/2025\\\/05\\\/261.png\",\"datePublished\":\"2025-05-28T18:53:32+00:00\",\"dateModified\":\"2026-04-15T00:02:51+00:00\",\"description\":\"Si buscas unas\u00a0zapatillas de p\u00e1del profesionales\u00a0con la mejor relaci\u00f3n calidad-precio, este modelo es para ti. Disponible en nuestra tienda online\u00a0Revolution Padel Store, probablemente\u00a0al mejor precio del mercado.\",\"breadcrumb\":{\"@id\":\"https:\\\/\\\/revolutionpadelstore.com\\\/it\\\/prodotto\\\/joma-spin-men-2512-granate-4\\\/#breadcrumb\"},\"inLanguage\":\"it-IT\",\"potentialAction\":[{\"@type\":\"ReadAction\",\"target\":[\"https:\\\/\\\/revolutionpadelstore.com\\\/it\\\/prodotto\\\/joma-spin-men-2512-granate-4\\\/\"]}]},{\"@type\":\"ImageObject\",\"inLanguage\":\"it-IT\",\"@id\":\"https:\\\/\\\/revolutionpadelstore.com\\\/it\\\/prodotto\\\/joma-spin-men-2512-granate-4\\\/#primaryimage\",\"url\":\"https:\\\/\\\/revolutionpadelstore.com\\\/wp-content\\\/uploads\\\/2025\\\/05\\\/261.png\",\"contentUrl\":\"https:\\\/\\\/revolutionpadelstore.com\\\/wp-content\\\/uploads\\\/2025\\\/05\\\/261.png\",\"width\":1500,\"height\":1500},{\"@type\":\"BreadcrumbList\",\"@id\":\"https:\\\/\\\/revolutionpadelstore.com\\\/it\\\/prodotto\\\/joma-spin-men-2512-granate-4\\\/#breadcrumb\",\"itemListElement\":[{\"@type\":\"ListItem\",\"position\":1,\"name\":\"Portada\",\"item\":\"https:\\\/\\\/revolutionpadelstore.com\\\/it\\\/\"},{\"@type\":\"ListItem\",\"position\":2,\"name\":\"Tienda\",\"item\":\"https:\\\/\\\/revolutionpadelstore.com\\\/it\\\/tienda\\\/\"},{\"@type\":\"ListItem\",\"position\":3,\"name\":\"JOMA SPIN MEN 2512 GRANATE\"}]},{\"@type\":\"WebSite\",\"@id\":\"https:\\\/\\\/revolutionpadelstore.com\\\/it\\\/#website\",\"url\":\"https:\\\/\\\/revolutionpadelstore.com\\\/it\\\/\",\"name\":\"Revolution Padel Store\",\"description\":\"\",\"publisher\":{\"@id\":\"https:\\\/\\\/revolutionpadelstore.com\\\/it\\\/#organization\"},\"potentialAction\":[{\"@type\":\"SearchAction\",\"target\":{\"@type\":\"EntryPoint\",\"urlTemplate\":\"https:\\\/\\\/revolutionpadelstore.com\\\/it\\\/?s={search_term_string}\"},\"query-input\":{\"@type\":\"PropertyValueSpecification\",\"valueRequired\":true,\"valueName\":\"search_term_string\"}}],\"inLanguage\":\"it-IT\"},{\"@type\":\"Organization\",\"@id\":\"https:\\\/\\\/revolutionpadelstore.com\\\/it\\\/#organization\",\"name\":\"Revolution Padel Store\",\"url\":\"https:\\\/\\\/revolutionpadelstore.com\\\/it\\\/\",\"logo\":{\"@type\":\"ImageObject\",\"inLanguage\":\"it-IT\",\"@id\":\"https:\\\/\\\/revolutionpadelstore.com\\\/it\\\/#\\\/schema\\\/logo\\\/image\\\/\",\"url\":\"https:\\\/\\\/revolutionpadelstore.com\\\/wp-content\\\/uploads\\\/2026\\\/02\\\/revolution-padel-store.jpg\",\"contentUrl\":\"https:\\\/\\\/revolutionpadelstore.com\\\/wp-content\\\/uploads\\\/2026\\\/02\\\/revolution-padel-store.jpg\",\"width\":2000,\"height\":2000,\"caption\":\"Revolution Padel Store\"},\"image\":{\"@id\":\"https:\\\/\\\/revolutionpadelstore.com\\\/it\\\/#\\\/schema\\\/logo\\\/image\\\/\"},\"sameAs\":[\"https:\\\/\\\/www.instagram.com\\\/revolutionpadelstore\\\/\"]}]}<\/script>\n<!-- \/ Yoast SEO plugin. -->","yoast_head_json":{"title":"JOMA SPIN MEN 2512 GRANATE - Revolution Padel Store","description":"Si buscas unas\u00a0zapatillas de p\u00e1del profesionales\u00a0con la mejor relaci\u00f3n calidad-precio, este modelo es para ti. Disponible en nuestra tienda online\u00a0Revolution Padel Store, probablemente\u00a0al mejor precio del mercado.","robots":{"index":"index","follow":"follow","max-snippet":"max-snippet:-1","max-image-preview":"max-image-preview:large","max-video-preview":"max-video-preview:-1"},"canonical":"https:\/\/revolutionpadelstore.com\/it\/prodotto\/joma-spin-men-2512-granate-4\/","og_locale":"it_IT","og_type":"article","og_title":"JOMA SPIN MEN 2512 GRANATE - Revolution Padel Store","og_description":"Si buscas unas\u00a0zapatillas de p\u00e1del profesionales\u00a0con la mejor relaci\u00f3n calidad-precio, este modelo es para ti. Disponible en nuestra tienda online\u00a0Revolution Padel Store, probablemente\u00a0al mejor precio del mercado.","og_url":"https:\/\/revolutionpadelstore.com\/it\/prodotto\/joma-spin-men-2512-granate-4\/","og_site_name":"Revolution Padel Store","article_modified_time":"2026-04-15T00:02:51+00:00","og_image":[{"width":1500,"height":1500,"url":"https:\/\/revolutionpadelstore.com\/wp-content\/uploads\/2025\/05\/261.png","type":"image\/png"}],"twitter_card":"summary_large_image","twitter_misc":{"Tempo di lettura stimato":"2 minuti"},"schema":{"@context":"https:\/\/schema.org","@graph":[{"@type":"WebPage","@id":"https:\/\/revolutionpadelstore.com\/it\/prodotto\/joma-spin-men-2512-granate-4\/","url":"https:\/\/revolutionpadelstore.com\/it\/prodotto\/joma-spin-men-2512-granate-4\/","name":"JOMA SPIN MEN 2512 GRANATE - Revolution Padel Store","isPartOf":{"@id":"https:\/\/revolutionpadelstore.com\/it\/#website"},"primaryImageOfPage":{"@id":"https:\/\/revolutionpadelstore.com\/it\/prodotto\/joma-spin-men-2512-granate-4\/#primaryimage"},"image":{"@id":"https:\/\/revolutionpadelstore.com\/it\/prodotto\/joma-spin-men-2512-granate-4\/#primaryimage"},"thumbnailUrl":"https:\/\/revolutionpadelstore.com\/wp-content\/uploads\/2025\/05\/261.png","datePublished":"2025-05-28T18:53:32+00:00","dateModified":"2026-04-15T00:02:51+00:00","description":"Si buscas unas\u00a0zapatillas de p\u00e1del profesionales\u00a0con la mejor relaci\u00f3n calidad-precio, este modelo es para ti. Disponible en nuestra tienda online\u00a0Revolution Padel Store, probablemente\u00a0al mejor precio del mercado.","breadcrumb":{"@id":"https:\/\/revolutionpadelstore.com\/it\/prodotto\/joma-spin-men-2512-granate-4\/#breadcrumb"},"inLanguage":"it-IT","potentialAction":[{"@type":"ReadAction","target":["https:\/\/revolutionpadelstore.com\/it\/prodotto\/joma-spin-men-2512-granate-4\/"]}]},{"@type":"ImageObject","inLanguage":"it-IT","@id":"https:\/\/revolutionpadelstore.com\/it\/prodotto\/joma-spin-men-2512-granate-4\/#primaryimage","url":"https:\/\/revolutionpadelstore.com\/wp-content\/uploads\/2025\/05\/261.png","contentUrl":"https:\/\/revolutionpadelstore.com\/wp-content\/uploads\/2025\/05\/261.png","width":1500,"height":1500},{"@type":"BreadcrumbList","@id":"https:\/\/revolutionpadelstore.com\/it\/prodotto\/joma-spin-men-2512-granate-4\/#breadcrumb","itemListElement":[{"@type":"ListItem","position":1,"name":"Portada","item":"https:\/\/revolutionpadelstore.com\/it\/"},{"@type":"ListItem","position":2,"name":"Tienda","item":"https:\/\/revolutionpadelstore.com\/it\/tienda\/"},{"@type":"ListItem","position":3,"name":"JOMA SPIN MEN 2512 GRANATE"}]},{"@type":"WebSite","@id":"https:\/\/revolutionpadelstore.com\/it\/#website","url":"https:\/\/revolutionpadelstore.com\/it\/","name":"Revolution Padel Store","description":"","publisher":{"@id":"https:\/\/revolutionpadelstore.com\/it\/#organization"},"potentialAction":[{"@type":"SearchAction","target":{"@type":"EntryPoint","urlTemplate":"https:\/\/revolutionpadelstore.com\/it\/?s={search_term_string}"},"query-input":{"@type":"PropertyValueSpecification","valueRequired":true,"valueName":"search_term_string"}}],"inLanguage":"it-IT"},{"@type":"Organization","@id":"https:\/\/revolutionpadelstore.com\/it\/#organization","name":"Revolution Padel Store","url":"https:\/\/revolutionpadelstore.com\/it\/","logo":{"@type":"ImageObject","inLanguage":"it-IT","@id":"https:\/\/revolutionpadelstore.com\/it\/#\/schema\/logo\/image\/","url":"https:\/\/revolutionpadelstore.com\/wp-content\/uploads\/2026\/02\/revolution-padel-store.jpg","contentUrl":"https:\/\/revolutionpadelstore.com\/wp-content\/uploads\/2026\/02\/revolution-padel-store.jpg","width":2000,"height":2000,"caption":"Revolution Padel Store"},"image":{"@id":"https:\/\/revolutionpadelstore.com\/it\/#\/schema\/logo\/image\/"},"sameAs":["https:\/\/www.instagram.com\/revolutionpadelstore\/"]}]}},"_links":{"self":[{"href":"https:\/\/revolutionpadelstore.com\/it\/wp-json\/wp\/v2\/product\/263406","targetHints":{"allow":["GET"]}}],"collection":[{"href":"https:\/\/revolutionpadelstore.com\/it\/wp-json\/wp\/v2\/product"}],"about":[{"href":"https:\/\/revolutionpadelstore.com\/it\/wp-json\/wp\/v2\/types\/product"}],"replies":[{"embeddable":true,"href":"https:\/\/revolutionpadelstore.com\/it\/wp-json\/wp\/v2\/comments?post=263406"}],"wp:featuredmedia":[{"embeddable":true,"href":"https:\/\/revolutionpadelstore.com\/it\/wp-json\/wp\/v2\/media\/263424"}],"wp:attachment":[{"href":"https:\/\/revolutionpadelstore.com\/it\/wp-json\/wp\/v2\/media?parent=263406"}],"wp:term":[{"taxonomy":"acabado","embeddable":true,"href":"https:\/\/revolutionpadelstore.com\/it\/wp-json\/wp\/v2\/acabado?post=263406"},{"taxonomy":"balance","embeddable":true,"href":"https:\/\/revolutionpadelstore.com\/it\/wp-json\/wp\/v2\/balance?post=263406"},{"taxonomy":"dureza","embeddable":true,"href":"https:\/\/revolutionpadelstore.com\/it\/wp-json\/wp\/v2\/dureza?post=263406"},{"taxonomy":"forma","embeddable":true,"href":"https:\/\/revolutionpadelstore.com\/it\/wp-json\/wp\/v2\/forma?post=263406"},{"taxonomy":"jugador","embeddable":true,"href":"https:\/\/revolutionpadelstore.com\/it\/wp-json\/wp\/v2\/jugador?post=263406"},{"taxonomy":"marca","embeddable":true,"href":"https:\/\/revolutionpadelstore.com\/it\/wp-json\/wp\/v2\/marca?post=263406"},{"taxonomy":"nivel-de-juego","embeddable":true,"href":"https:\/\/revolutionpadelstore.com\/it\/wp-json\/wp\/v2\/nivel-de-juego?post=263406"},{"taxonomy":"superficie","embeddable":true,"href":"https:\/\/revolutionpadelstore.com\/it\/wp-json\/wp\/v2\/superficie?post=263406"},{"taxonomy":"tipo-de-juego","embeddable":true,"href":"https:\/\/revolutionpadelstore.com\/it\/wp-json\/wp\/v2\/tipo-de-juego?post=263406"},{"taxonomy":"product_brand","embeddable":true,"href":"https:\/\/revolutionpadelstore.com\/it\/wp-json\/wp\/v2\/product_brand?post=263406"},{"taxonomy":"product_cat","embeddable":true,"href":"https:\/\/revolutionpadelstore.com\/it\/wp-json\/wp\/v2\/product_cat?post=263406"},{"taxonomy":"product_tag","embeddable":true,"href":"https:\/\/revolutionpadelstore.com\/it\/wp-json\/wp\/v2\/product_tag?post=263406"}],"curies":[{"name":"wp","href":"https:\/\/api.w.org\/{rel}","templated":true}]}}