{"id":260837,"date":"2024-04-22T15:24:10","date_gmt":"2024-04-22T13:24:10","guid":{"rendered":"https:\/\/revolutionpadelstore.com\/zapatillas-head-motion-pro-blanco-aqua\/"},"modified":"2026-04-08T12:19:29","modified_gmt":"2026-04-08T10:19:29","slug":"zapatillas-head-motion-pro-blanco-aqua-5","status":"publish","type":"product","link":"https:\/\/revolutionpadelstore.com\/it\/prodotto\/zapatillas-head-motion-pro-blanco-aqua-5\/","title":{"rendered":"Zapatillas Head Motion Pro Blanco Aqua"},"content":{"rendered":"<p>Su Revolution Padel Store troverai le migliori scarpe per le tue partite di padel, e tra queste spicca il modello &#8220;Head Motion Pro Padel Women&#8217;s Shoes&#8221;. Progettate appositamente per questo sport, queste scarpe offrono prestazioni superiori grazie al loro design moderno che include la tecnologia DynaFoam e Cooling System. Queste caratteristiche, sviluppate in collaborazione con giocatori professionisti HEAD, consentono movimenti a 360 gradi e grande stabilit\u00e0 e traspirabilit\u00e0, senza rinunciare alla leggerezza.<\/p>\n<p> La suola delle scarpe Motion Pro Padel da donna \u00e8 stata testata in collaborazione con MONDO, il fornitore ufficiale di rivestimento del World Padel Tour, che garantisce una presa ottimale in tutte le direzioni. Inoltre, la sua struttura a calza completamente elastica e l&#8217;intersuola con tecnologia DynaFoam, che contiene piccole celle d&#8217;aria, offrono un livello eccezionale di comfort e risposta.<\/p>\n<p> Per mantenere i piedi freschi durante il gioco, queste scarpe sono dotate di mesh traspirante e di un sistema di ventilazione nella zona mediale. E non solo, il suo design sorprendente con il grande logo HEAD gli conferisce un tocco moderno ed elegante.<\/p>\n<p> Ma non \u00e8 tutto, le scarpe Motion Pro Padel da donna hanno anche caratteristiche come il sistema Drift Defense, che protegge la punta e la zona centrale, il sistema Lateral Control+ che fornisce stabilit\u00e0 laterale e previene gli inciampi nelle derapate estreme, e la mescola speciale Hybrasion in gomma che offre trazione e resistenza. Inoltre, la sua costruzione Elastic Sock e i supporti integrati nella parte centrale del piede garantiscono comfort e una vestibilit\u00e0 perfetta.<\/p>\n<p> Non aspettare oltre e acquista le scarpe da donna Head Motion Pro Padel su Revolution Padel Store, il negozio specializzato in articoli da padel. Con il loro design a 360 gradi e la tecnologia all&#8217;avanguardia, queste scarpe sono la scelta perfetta per migliorare il tuo gioco in campo. Prendili e senti il<\/p>\n","protected":false},"excerpt":{"rendered":"<p>Scopri le scarpe HEAD Motion Pro White Aqua, progettate appositamente per il padel con tecnologia all&#8217;avanguardia nel Revolution Padel Store.&#8221;<\/p>\n","protected":false},"featured_media":6562,"comment_status":"closed","ping_status":"open","template":"","meta":{"_acf_changed":false,"_joinchat":[]},"acabado":[],"balance":[],"dureza":[],"forma":[],"jugador":[],"marca":[1221],"nivel-de-juego":[1336],"superficie":[],"tipo-de-juego":[],"product_brand":[],"product_cat":[455],"product_tag":[],"class_list":{"0":"post-260837","1":"product","2":"type-product","3":"status-publish","4":"has-post-thumbnail","6":"marca-testa","7":"product_cat-sneakers-da-donna","9":"first","10":"outofstock","11":"taxable","12":"shipping-taxable","13":"purchasable","14":"product-type-variable"},"acf":[],"yoast_head":"<!-- This site is optimized with the Yoast SEO plugin v27.4 - https:\/\/yoast.com\/product\/yoast-seo-wordpress\/ -->\n<title>Zapatillas Head Motion Pro Blanco Aqua - Revolution Padel Store<\/title>\n<meta name=\"description\" content=\"Descubre las zapatillas HEAD Motion Pro Blanco Aqua, dise\u00f1adas espec\u00edficamente para padel con tecnolog\u00eda de \u00faltima generaci\u00f3n en Revolution Padel Store&quot;.\" \/>\n<meta name=\"robots\" content=\"index, follow, max-snippet:-1, max-image-preview:large, max-video-preview:-1\" \/>\n<link rel=\"canonical\" href=\"https:\/\/revolutionpadelstore.com\/it\/prodotto\/zapatillas-head-motion-pro-blanco-aqua-5\/\" \/>\n<meta property=\"og:locale\" content=\"it_IT\" \/>\n<meta property=\"og:type\" content=\"article\" \/>\n<meta property=\"og:title\" content=\"Zapatillas Head Motion Pro Blanco Aqua - Revolution Padel Store\" \/>\n<meta property=\"og:description\" content=\"Descubre las zapatillas HEAD Motion Pro Blanco Aqua, dise\u00f1adas espec\u00edficamente para padel con tecnolog\u00eda de \u00faltima generaci\u00f3n en Revolution Padel Store&quot;.\" \/>\n<meta property=\"og:url\" content=\"https:\/\/revolutionpadelstore.com\/it\/prodotto\/zapatillas-head-motion-pro-blanco-aqua-5\/\" \/>\n<meta property=\"og:site_name\" content=\"Revolution Padel Store\" \/>\n<meta property=\"article:modified_time\" content=\"2026-04-08T10:19:29+00:00\" \/>\n<meta property=\"og:image\" content=\"https:\/\/revolutionpadelstore.com\/wp-content\/uploads\/2024\/04\/17204-0-4.jpg\" \/>\n\t<meta property=\"og:image:width\" content=\"800\" \/>\n\t<meta property=\"og:image:height\" content=\"800\" \/>\n\t<meta property=\"og:image:type\" content=\"image\/png\" \/>\n<meta name=\"twitter:card\" content=\"summary_large_image\" \/>\n<meta name=\"twitter:label1\" content=\"Tempo di lettura stimato\" \/>\n\t<meta name=\"twitter:data1\" content=\"1 minuto\" \/>\n<script type=\"application\/ld+json\" class=\"yoast-schema-graph\">{\"@context\":\"https:\\\/\\\/schema.org\",\"@graph\":[{\"@type\":\"WebPage\",\"@id\":\"https:\\\/\\\/revolutionpadelstore.com\\\/it\\\/prodotto\\\/zapatillas-head-motion-pro-blanco-aqua-5\\\/\",\"url\":\"https:\\\/\\\/revolutionpadelstore.com\\\/it\\\/prodotto\\\/zapatillas-head-motion-pro-blanco-aqua-5\\\/\",\"name\":\"Zapatillas Head Motion Pro Blanco Aqua - Revolution Padel Store\",\"isPartOf\":{\"@id\":\"https:\\\/\\\/revolutionpadelstore.com\\\/it\\\/#website\"},\"primaryImageOfPage\":{\"@id\":\"https:\\\/\\\/revolutionpadelstore.com\\\/it\\\/prodotto\\\/zapatillas-head-motion-pro-blanco-aqua-5\\\/#primaryimage\"},\"image\":{\"@id\":\"https:\\\/\\\/revolutionpadelstore.com\\\/it\\\/prodotto\\\/zapatillas-head-motion-pro-blanco-aqua-5\\\/#primaryimage\"},\"thumbnailUrl\":\"https:\\\/\\\/revolutionpadelstore.com\\\/wp-content\\\/uploads\\\/2024\\\/04\\\/17204-0-4.jpg\",\"datePublished\":\"2024-04-22T13:24:10+00:00\",\"dateModified\":\"2026-04-08T10:19:29+00:00\",\"description\":\"Descubre las zapatillas HEAD Motion Pro Blanco Aqua, dise\u00f1adas espec\u00edficamente para padel con tecnolog\u00eda de \u00faltima generaci\u00f3n en Revolution Padel Store\\\".\",\"breadcrumb\":{\"@id\":\"https:\\\/\\\/revolutionpadelstore.com\\\/it\\\/prodotto\\\/zapatillas-head-motion-pro-blanco-aqua-5\\\/#breadcrumb\"},\"inLanguage\":\"it-IT\",\"potentialAction\":[{\"@type\":\"ReadAction\",\"target\":[\"https:\\\/\\\/revolutionpadelstore.com\\\/it\\\/prodotto\\\/zapatillas-head-motion-pro-blanco-aqua-5\\\/\"]}]},{\"@type\":\"ImageObject\",\"inLanguage\":\"it-IT\",\"@id\":\"https:\\\/\\\/revolutionpadelstore.com\\\/it\\\/prodotto\\\/zapatillas-head-motion-pro-blanco-aqua-5\\\/#primaryimage\",\"url\":\"https:\\\/\\\/revolutionpadelstore.com\\\/wp-content\\\/uploads\\\/2024\\\/04\\\/17204-0-4.jpg\",\"contentUrl\":\"https:\\\/\\\/revolutionpadelstore.com\\\/wp-content\\\/uploads\\\/2024\\\/04\\\/17204-0-4.jpg\",\"width\":800,\"height\":800},{\"@type\":\"BreadcrumbList\",\"@id\":\"https:\\\/\\\/revolutionpadelstore.com\\\/it\\\/prodotto\\\/zapatillas-head-motion-pro-blanco-aqua-5\\\/#breadcrumb\",\"itemListElement\":[{\"@type\":\"ListItem\",\"position\":1,\"name\":\"Portada\",\"item\":\"https:\\\/\\\/revolutionpadelstore.com\\\/it\\\/\"},{\"@type\":\"ListItem\",\"position\":2,\"name\":\"Tienda\",\"item\":\"https:\\\/\\\/revolutionpadelstore.com\\\/it\\\/tienda\\\/\"},{\"@type\":\"ListItem\",\"position\":3,\"name\":\"Zapatillas Head Motion Pro Blanco Aqua\"}]},{\"@type\":\"WebSite\",\"@id\":\"https:\\\/\\\/revolutionpadelstore.com\\\/it\\\/#website\",\"url\":\"https:\\\/\\\/revolutionpadelstore.com\\\/it\\\/\",\"name\":\"Revolution Padel Store\",\"description\":\"\",\"publisher\":{\"@id\":\"https:\\\/\\\/revolutionpadelstore.com\\\/it\\\/#organization\"},\"potentialAction\":[{\"@type\":\"SearchAction\",\"target\":{\"@type\":\"EntryPoint\",\"urlTemplate\":\"https:\\\/\\\/revolutionpadelstore.com\\\/it\\\/?s={search_term_string}\"},\"query-input\":{\"@type\":\"PropertyValueSpecification\",\"valueRequired\":true,\"valueName\":\"search_term_string\"}}],\"inLanguage\":\"it-IT\"},{\"@type\":\"Organization\",\"@id\":\"https:\\\/\\\/revolutionpadelstore.com\\\/it\\\/#organization\",\"name\":\"Revolution Padel Store\",\"url\":\"https:\\\/\\\/revolutionpadelstore.com\\\/it\\\/\",\"logo\":{\"@type\":\"ImageObject\",\"inLanguage\":\"it-IT\",\"@id\":\"https:\\\/\\\/revolutionpadelstore.com\\\/it\\\/#\\\/schema\\\/logo\\\/image\\\/\",\"url\":\"https:\\\/\\\/revolutionpadelstore.com\\\/wp-content\\\/uploads\\\/2026\\\/02\\\/revolution-padel-store.jpg\",\"contentUrl\":\"https:\\\/\\\/revolutionpadelstore.com\\\/wp-content\\\/uploads\\\/2026\\\/02\\\/revolution-padel-store.jpg\",\"width\":2000,\"height\":2000,\"caption\":\"Revolution Padel Store\"},\"image\":{\"@id\":\"https:\\\/\\\/revolutionpadelstore.com\\\/it\\\/#\\\/schema\\\/logo\\\/image\\\/\"},\"sameAs\":[\"https:\\\/\\\/www.instagram.com\\\/revolutionpadelstore\\\/\"]}]}<\/script>\n<!-- \/ Yoast SEO plugin. -->","yoast_head_json":{"title":"Zapatillas Head Motion Pro Blanco Aqua - Revolution Padel Store","description":"Descubre las zapatillas HEAD Motion Pro Blanco Aqua, dise\u00f1adas espec\u00edficamente para padel con tecnolog\u00eda de \u00faltima generaci\u00f3n en Revolution Padel Store\".","robots":{"index":"index","follow":"follow","max-snippet":"max-snippet:-1","max-image-preview":"max-image-preview:large","max-video-preview":"max-video-preview:-1"},"canonical":"https:\/\/revolutionpadelstore.com\/it\/prodotto\/zapatillas-head-motion-pro-blanco-aqua-5\/","og_locale":"it_IT","og_type":"article","og_title":"Zapatillas Head Motion Pro Blanco Aqua - Revolution Padel Store","og_description":"Descubre las zapatillas HEAD Motion Pro Blanco Aqua, dise\u00f1adas espec\u00edficamente para padel con tecnolog\u00eda de \u00faltima generaci\u00f3n en Revolution Padel Store\".","og_url":"https:\/\/revolutionpadelstore.com\/it\/prodotto\/zapatillas-head-motion-pro-blanco-aqua-5\/","og_site_name":"Revolution Padel Store","article_modified_time":"2026-04-08T10:19:29+00:00","og_image":[{"width":800,"height":800,"url":"https:\/\/revolutionpadelstore.com\/wp-content\/uploads\/2024\/04\/17204-0-4.jpg","type":"image\/png"}],"twitter_card":"summary_large_image","twitter_misc":{"Tempo di lettura stimato":"1 minuto"},"schema":{"@context":"https:\/\/schema.org","@graph":[{"@type":"WebPage","@id":"https:\/\/revolutionpadelstore.com\/it\/prodotto\/zapatillas-head-motion-pro-blanco-aqua-5\/","url":"https:\/\/revolutionpadelstore.com\/it\/prodotto\/zapatillas-head-motion-pro-blanco-aqua-5\/","name":"Zapatillas Head Motion Pro Blanco Aqua - Revolution Padel Store","isPartOf":{"@id":"https:\/\/revolutionpadelstore.com\/it\/#website"},"primaryImageOfPage":{"@id":"https:\/\/revolutionpadelstore.com\/it\/prodotto\/zapatillas-head-motion-pro-blanco-aqua-5\/#primaryimage"},"image":{"@id":"https:\/\/revolutionpadelstore.com\/it\/prodotto\/zapatillas-head-motion-pro-blanco-aqua-5\/#primaryimage"},"thumbnailUrl":"https:\/\/revolutionpadelstore.com\/wp-content\/uploads\/2024\/04\/17204-0-4.jpg","datePublished":"2024-04-22T13:24:10+00:00","dateModified":"2026-04-08T10:19:29+00:00","description":"Descubre las zapatillas HEAD Motion Pro Blanco Aqua, dise\u00f1adas espec\u00edficamente para padel con tecnolog\u00eda de \u00faltima generaci\u00f3n en Revolution Padel Store\".","breadcrumb":{"@id":"https:\/\/revolutionpadelstore.com\/it\/prodotto\/zapatillas-head-motion-pro-blanco-aqua-5\/#breadcrumb"},"inLanguage":"it-IT","potentialAction":[{"@type":"ReadAction","target":["https:\/\/revolutionpadelstore.com\/it\/prodotto\/zapatillas-head-motion-pro-blanco-aqua-5\/"]}]},{"@type":"ImageObject","inLanguage":"it-IT","@id":"https:\/\/revolutionpadelstore.com\/it\/prodotto\/zapatillas-head-motion-pro-blanco-aqua-5\/#primaryimage","url":"https:\/\/revolutionpadelstore.com\/wp-content\/uploads\/2024\/04\/17204-0-4.jpg","contentUrl":"https:\/\/revolutionpadelstore.com\/wp-content\/uploads\/2024\/04\/17204-0-4.jpg","width":800,"height":800},{"@type":"BreadcrumbList","@id":"https:\/\/revolutionpadelstore.com\/it\/prodotto\/zapatillas-head-motion-pro-blanco-aqua-5\/#breadcrumb","itemListElement":[{"@type":"ListItem","position":1,"name":"Portada","item":"https:\/\/revolutionpadelstore.com\/it\/"},{"@type":"ListItem","position":2,"name":"Tienda","item":"https:\/\/revolutionpadelstore.com\/it\/tienda\/"},{"@type":"ListItem","position":3,"name":"Zapatillas Head Motion Pro Blanco Aqua"}]},{"@type":"WebSite","@id":"https:\/\/revolutionpadelstore.com\/it\/#website","url":"https:\/\/revolutionpadelstore.com\/it\/","name":"Revolution Padel Store","description":"","publisher":{"@id":"https:\/\/revolutionpadelstore.com\/it\/#organization"},"potentialAction":[{"@type":"SearchAction","target":{"@type":"EntryPoint","urlTemplate":"https:\/\/revolutionpadelstore.com\/it\/?s={search_term_string}"},"query-input":{"@type":"PropertyValueSpecification","valueRequired":true,"valueName":"search_term_string"}}],"inLanguage":"it-IT"},{"@type":"Organization","@id":"https:\/\/revolutionpadelstore.com\/it\/#organization","name":"Revolution Padel Store","url":"https:\/\/revolutionpadelstore.com\/it\/","logo":{"@type":"ImageObject","inLanguage":"it-IT","@id":"https:\/\/revolutionpadelstore.com\/it\/#\/schema\/logo\/image\/","url":"https:\/\/revolutionpadelstore.com\/wp-content\/uploads\/2026\/02\/revolution-padel-store.jpg","contentUrl":"https:\/\/revolutionpadelstore.com\/wp-content\/uploads\/2026\/02\/revolution-padel-store.jpg","width":2000,"height":2000,"caption":"Revolution Padel Store"},"image":{"@id":"https:\/\/revolutionpadelstore.com\/it\/#\/schema\/logo\/image\/"},"sameAs":["https:\/\/www.instagram.com\/revolutionpadelstore\/"]}]}},"_links":{"self":[{"href":"https:\/\/revolutionpadelstore.com\/it\/wp-json\/wp\/v2\/product\/260837","targetHints":{"allow":["GET"]}}],"collection":[{"href":"https:\/\/revolutionpadelstore.com\/it\/wp-json\/wp\/v2\/product"}],"about":[{"href":"https:\/\/revolutionpadelstore.com\/it\/wp-json\/wp\/v2\/types\/product"}],"replies":[{"embeddable":true,"href":"https:\/\/revolutionpadelstore.com\/it\/wp-json\/wp\/v2\/comments?post=260837"}],"wp:featuredmedia":[{"embeddable":true,"href":"https:\/\/revolutionpadelstore.com\/it\/wp-json\/wp\/v2\/media\/6562"}],"wp:attachment":[{"href":"https:\/\/revolutionpadelstore.com\/it\/wp-json\/wp\/v2\/media?parent=260837"}],"wp:term":[{"taxonomy":"acabado","embeddable":true,"href":"https:\/\/revolutionpadelstore.com\/it\/wp-json\/wp\/v2\/acabado?post=260837"},{"taxonomy":"balance","embeddable":true,"href":"https:\/\/revolutionpadelstore.com\/it\/wp-json\/wp\/v2\/balance?post=260837"},{"taxonomy":"dureza","embeddable":true,"href":"https:\/\/revolutionpadelstore.com\/it\/wp-json\/wp\/v2\/dureza?post=260837"},{"taxonomy":"forma","embeddable":true,"href":"https:\/\/revolutionpadelstore.com\/it\/wp-json\/wp\/v2\/forma?post=260837"},{"taxonomy":"jugador","embeddable":true,"href":"https:\/\/revolutionpadelstore.com\/it\/wp-json\/wp\/v2\/jugador?post=260837"},{"taxonomy":"marca","embeddable":true,"href":"https:\/\/revolutionpadelstore.com\/it\/wp-json\/wp\/v2\/marca?post=260837"},{"taxonomy":"nivel-de-juego","embeddable":true,"href":"https:\/\/revolutionpadelstore.com\/it\/wp-json\/wp\/v2\/nivel-de-juego?post=260837"},{"taxonomy":"superficie","embeddable":true,"href":"https:\/\/revolutionpadelstore.com\/it\/wp-json\/wp\/v2\/superficie?post=260837"},{"taxonomy":"tipo-de-juego","embeddable":true,"href":"https:\/\/revolutionpadelstore.com\/it\/wp-json\/wp\/v2\/tipo-de-juego?post=260837"},{"taxonomy":"product_brand","embeddable":true,"href":"https:\/\/revolutionpadelstore.com\/it\/wp-json\/wp\/v2\/product_brand?post=260837"},{"taxonomy":"product_cat","embeddable":true,"href":"https:\/\/revolutionpadelstore.com\/it\/wp-json\/wp\/v2\/product_cat?post=260837"},{"taxonomy":"product_tag","embeddable":true,"href":"https:\/\/revolutionpadelstore.com\/it\/wp-json\/wp\/v2\/product_tag?post=260837"}],"curies":[{"name":"wp","href":"https:\/\/api.w.org\/{rel}","templated":true}]}}