{"id":221066,"date":"2025-04-15T12:14:46","date_gmt":"2025-04-15T10:14:46","guid":{"rendered":"https:\/\/revolutionpadelstore.com\/camiseta-bullpadel-berro\/"},"modified":"2026-04-08T05:17:58","modified_gmt":"2026-04-08T03:17:58","slug":"camiseta-bullpadel-berro-4","status":"publish","type":"product","link":"https:\/\/revolutionpadelstore.com\/it\/prodotto\/camiseta-bullpadel-berro-4\/","title":{"rendered":"CAMISETA BULLPADEL BERRO"},"content":{"rendered":"<h2> <strong> bullpadel berro t -shirt: prestazioni tecniche e stile in pista <\/strong> <\/h2>\n<p>La camicia Bullpadel Berro \u00e8 progettata per coloro che cercano il massimo comfort senza rinunciare all&#8217;estetica. Questo indumento da abbigliamento a pagaio combina la tecnologia tessile avanzata con un design moderno, ideale sia per l&#8217;allenamento che per le partite ad alta intensit\u00e0.<\/p>\n<h2> <strong> caratteristiche prominenti <\/strong> <\/h2>\n<p><P>-Fatto in tessuto ultraleggero in poliestere, perfetto per i giocatori che apprezzano la mobilit\u00e0. <\/p>\n<\/p>\n<p style=\"padding-left: 40px\">-include la tecnologia Ribstop, che offre una maggiore resistenza all&#8217;usura e alla durata. <\/p>\n<p style=\"padding-left: 40px\">-design con dettagli del collo e maniche a contrasto per uno stile unico. <\/p>\n<p>-Simposta sottile e posteriore che aggiunge un tocco moderno e sportivo. <\/p>\n<p>-dotato di tecnologia QuickerDry, che facilita il sudore e mantiene il corpo asciutto durante il gioco.<\/p>\n<h2> <strong> benefici per il giocatore <\/strong> <\/h2>\n<p style=\"padding-left: 40px\">-ideale per i giocatori che cercano canoisti tecnici e funzionali.<br \/>\n<P>-Light and Fresh, favorisce le prestazioni anche nelle partite pi\u00f9 intense. <\/p>\n<p><P style=\"padding-left: 40px\">-perfeziona perfettamente con altri capi bullpadel, uno dei marchi del mercato del mercato.<\/p>\n<h2> <strong> Perch\u00e9 scegliere Bullpadel Berro? <\/strong> <\/h2>\n<p>Bullpadel \u00e8 sinonimo di innovazione, qualit\u00e0 e design. Questa maglietta rappresenta un&#8217;opzione eccellente per i giocatori esigenti che vogliono distinguersi sia nel gioco che nei loro vestiti.<\/p>\n<h2> <strong> prendila ora! <\/strong> <\/h2>\n<p>Non perdere l&#8217;opportunit\u00e0 di rinnovare le tue attrezzature con un indumento tecnico e di stile. Disponibile nel nostro negozio online <a href=\"http:\/\/www.revolutionpadelstore.com\/\"> www.revolutionpadelstore.com <\/a>, probabilmente al miglior prezzo di mercato.<\/p>\n<h2><strong>Camiseta Bullpadel Berro: rendimiento t\u00e9cnico y estilo en la pista<\/strong><\/p>\n","protected":false},"excerpt":{"rendered":"<p>La camicia Bullpadel Berro \u00e8 realizzata con un tessuto in poliestere ultraleggero e ha una tecnologia rapida, che garantisce un&#8217;eccellente sudore. I suoi attuali dettagli di progettazione e contrasto lo rendono un&#8217;opzione ideale per gli atleti.<\/p>\n","protected":false},"featured_media":221028,"comment_status":"open","ping_status":"closed","template":"","meta":{"_acf_changed":false,"_joinchat":[]},"acabado":[],"balance":[],"dureza":[],"forma":[],"jugador":[1191],"marca":[1256],"nivel-de-juego":[],"superficie":[],"tipo-de-juego":[],"product_brand":[],"product_cat":[337],"product_tag":[],"class_list":{"0":"post-221066","1":"product","2":"type-product","3":"status-publish","4":"has-post-thumbnail","6":"jugador-uomo","7":"marca-bullpadel-it","8":"product_cat-ropa-it","10":"first","11":"outofstock","12":"sale","13":"taxable","14":"shipping-taxable","15":"purchasable","16":"product-type-variable"},"acf":[],"yoast_head":"<!-- This site is optimized with the Yoast SEO plugin v27.4 - https:\/\/yoast.com\/product\/yoast-seo-wordpress\/ -->\n<title>CAMISETA BULLPADEL BERRO - Revolution Padel Store<\/title>\n<meta name=\"description\" content=\"Camiseta Bullpadel Berro con tejido t\u00e9cnico ultraligero, tecnolog\u00eda Quickerdry y dise\u00f1o moderno. Cons\u00edguela en Revolution Padel Store al mejor precio online.\" \/>\n<meta name=\"robots\" content=\"index, follow, max-snippet:-1, max-image-preview:large, max-video-preview:-1\" \/>\n<link rel=\"canonical\" href=\"https:\/\/revolutionpadelstore.com\/it\/prodotto\/camiseta-bullpadel-berro-4\/\" \/>\n<meta property=\"og:locale\" content=\"it_IT\" \/>\n<meta property=\"og:type\" content=\"article\" \/>\n<meta property=\"og:title\" content=\"CAMISETA BULLPADEL BERRO - Revolution Padel Store\" \/>\n<meta property=\"og:description\" content=\"Camiseta Bullpadel Berro con tejido t\u00e9cnico ultraligero, tecnolog\u00eda Quickerdry y dise\u00f1o moderno. Cons\u00edguela en Revolution Padel Store al mejor precio online.\" \/>\n<meta property=\"og:url\" content=\"https:\/\/revolutionpadelstore.com\/it\/prodotto\/camiseta-bullpadel-berro-4\/\" \/>\n<meta property=\"og:site_name\" content=\"Revolution Padel Store\" \/>\n<meta property=\"article:modified_time\" content=\"2026-04-08T03:17:58+00:00\" \/>\n<meta property=\"og:image\" content=\"https:\/\/revolutionpadelstore.com\/wp-content\/uploads\/2025\/04\/114236_camiseta_bullpadel_berro_995_azul_atomico_1200x1200_1_bb9d.webp\" \/>\n\t<meta property=\"og:image:width\" content=\"1200\" \/>\n\t<meta property=\"og:image:height\" content=\"1200\" \/>\n\t<meta property=\"og:image:type\" content=\"image\/webp\" \/>\n<meta name=\"twitter:card\" content=\"summary_large_image\" \/>\n<meta name=\"twitter:label1\" content=\"Tempo di lettura stimato\" \/>\n\t<meta name=\"twitter:data1\" content=\"2 minuti\" \/>\n<script type=\"application\/ld+json\" class=\"yoast-schema-graph\">{\"@context\":\"https:\\\/\\\/schema.org\",\"@graph\":[{\"@type\":\"WebPage\",\"@id\":\"https:\\\/\\\/revolutionpadelstore.com\\\/it\\\/prodotto\\\/camiseta-bullpadel-berro-4\\\/\",\"url\":\"https:\\\/\\\/revolutionpadelstore.com\\\/it\\\/prodotto\\\/camiseta-bullpadel-berro-4\\\/\",\"name\":\"CAMISETA BULLPADEL BERRO - Revolution Padel Store\",\"isPartOf\":{\"@id\":\"https:\\\/\\\/revolutionpadelstore.com\\\/it\\\/#website\"},\"primaryImageOfPage\":{\"@id\":\"https:\\\/\\\/revolutionpadelstore.com\\\/it\\\/prodotto\\\/camiseta-bullpadel-berro-4\\\/#primaryimage\"},\"image\":{\"@id\":\"https:\\\/\\\/revolutionpadelstore.com\\\/it\\\/prodotto\\\/camiseta-bullpadel-berro-4\\\/#primaryimage\"},\"thumbnailUrl\":\"https:\\\/\\\/revolutionpadelstore.com\\\/wp-content\\\/uploads\\\/2025\\\/04\\\/114236_camiseta_bullpadel_berro_995_azul_atomico_1200x1200_1_bb9d.webp\",\"datePublished\":\"2025-04-15T10:14:46+00:00\",\"dateModified\":\"2026-04-08T03:17:58+00:00\",\"description\":\"Camiseta Bullpadel Berro con tejido t\u00e9cnico ultraligero, tecnolog\u00eda Quickerdry y dise\u00f1o moderno. Cons\u00edguela en Revolution Padel Store al mejor precio online.\",\"breadcrumb\":{\"@id\":\"https:\\\/\\\/revolutionpadelstore.com\\\/it\\\/prodotto\\\/camiseta-bullpadel-berro-4\\\/#breadcrumb\"},\"inLanguage\":\"it-IT\",\"potentialAction\":[{\"@type\":\"ReadAction\",\"target\":[\"https:\\\/\\\/revolutionpadelstore.com\\\/it\\\/prodotto\\\/camiseta-bullpadel-berro-4\\\/\"]}]},{\"@type\":\"ImageObject\",\"inLanguage\":\"it-IT\",\"@id\":\"https:\\\/\\\/revolutionpadelstore.com\\\/it\\\/prodotto\\\/camiseta-bullpadel-berro-4\\\/#primaryimage\",\"url\":\"https:\\\/\\\/revolutionpadelstore.com\\\/wp-content\\\/uploads\\\/2025\\\/04\\\/114236_camiseta_bullpadel_berro_995_azul_atomico_1200x1200_1_bb9d.webp\",\"contentUrl\":\"https:\\\/\\\/revolutionpadelstore.com\\\/wp-content\\\/uploads\\\/2025\\\/04\\\/114236_camiseta_bullpadel_berro_995_azul_atomico_1200x1200_1_bb9d.webp\",\"width\":1200,\"height\":1200},{\"@type\":\"BreadcrumbList\",\"@id\":\"https:\\\/\\\/revolutionpadelstore.com\\\/it\\\/prodotto\\\/camiseta-bullpadel-berro-4\\\/#breadcrumb\",\"itemListElement\":[{\"@type\":\"ListItem\",\"position\":1,\"name\":\"Portada\",\"item\":\"https:\\\/\\\/revolutionpadelstore.com\\\/it\\\/\"},{\"@type\":\"ListItem\",\"position\":2,\"name\":\"Tienda\",\"item\":\"https:\\\/\\\/revolutionpadelstore.com\\\/it\\\/tienda\\\/\"},{\"@type\":\"ListItem\",\"position\":3,\"name\":\"CAMISETA BULLPADEL BERRO\"}]},{\"@type\":\"WebSite\",\"@id\":\"https:\\\/\\\/revolutionpadelstore.com\\\/it\\\/#website\",\"url\":\"https:\\\/\\\/revolutionpadelstore.com\\\/it\\\/\",\"name\":\"Revolution Padel Store\",\"description\":\"\",\"publisher\":{\"@id\":\"https:\\\/\\\/revolutionpadelstore.com\\\/it\\\/#organization\"},\"potentialAction\":[{\"@type\":\"SearchAction\",\"target\":{\"@type\":\"EntryPoint\",\"urlTemplate\":\"https:\\\/\\\/revolutionpadelstore.com\\\/it\\\/?s={search_term_string}\"},\"query-input\":{\"@type\":\"PropertyValueSpecification\",\"valueRequired\":true,\"valueName\":\"search_term_string\"}}],\"inLanguage\":\"it-IT\"},{\"@type\":\"Organization\",\"@id\":\"https:\\\/\\\/revolutionpadelstore.com\\\/it\\\/#organization\",\"name\":\"Revolution Padel Store\",\"url\":\"https:\\\/\\\/revolutionpadelstore.com\\\/it\\\/\",\"logo\":{\"@type\":\"ImageObject\",\"inLanguage\":\"it-IT\",\"@id\":\"https:\\\/\\\/revolutionpadelstore.com\\\/it\\\/#\\\/schema\\\/logo\\\/image\\\/\",\"url\":\"https:\\\/\\\/revolutionpadelstore.com\\\/wp-content\\\/uploads\\\/2026\\\/02\\\/revolution-padel-store.jpg\",\"contentUrl\":\"https:\\\/\\\/revolutionpadelstore.com\\\/wp-content\\\/uploads\\\/2026\\\/02\\\/revolution-padel-store.jpg\",\"width\":2000,\"height\":2000,\"caption\":\"Revolution Padel Store\"},\"image\":{\"@id\":\"https:\\\/\\\/revolutionpadelstore.com\\\/it\\\/#\\\/schema\\\/logo\\\/image\\\/\"},\"sameAs\":[\"https:\\\/\\\/www.instagram.com\\\/revolutionpadelstore\\\/\"]}]}<\/script>\n<!-- \/ Yoast SEO plugin. -->","yoast_head_json":{"title":"CAMISETA BULLPADEL BERRO - Revolution Padel Store","description":"Camiseta Bullpadel Berro con tejido t\u00e9cnico ultraligero, tecnolog\u00eda Quickerdry y dise\u00f1o moderno. Cons\u00edguela en Revolution Padel Store al mejor precio online.","robots":{"index":"index","follow":"follow","max-snippet":"max-snippet:-1","max-image-preview":"max-image-preview:large","max-video-preview":"max-video-preview:-1"},"canonical":"https:\/\/revolutionpadelstore.com\/it\/prodotto\/camiseta-bullpadel-berro-4\/","og_locale":"it_IT","og_type":"article","og_title":"CAMISETA BULLPADEL BERRO - Revolution Padel Store","og_description":"Camiseta Bullpadel Berro con tejido t\u00e9cnico ultraligero, tecnolog\u00eda Quickerdry y dise\u00f1o moderno. Cons\u00edguela en Revolution Padel Store al mejor precio online.","og_url":"https:\/\/revolutionpadelstore.com\/it\/prodotto\/camiseta-bullpadel-berro-4\/","og_site_name":"Revolution Padel Store","article_modified_time":"2026-04-08T03:17:58+00:00","og_image":[{"width":1200,"height":1200,"url":"https:\/\/revolutionpadelstore.com\/wp-content\/uploads\/2025\/04\/114236_camiseta_bullpadel_berro_995_azul_atomico_1200x1200_1_bb9d.webp","type":"image\/webp"}],"twitter_card":"summary_large_image","twitter_misc":{"Tempo di lettura stimato":"2 minuti"},"schema":{"@context":"https:\/\/schema.org","@graph":[{"@type":"WebPage","@id":"https:\/\/revolutionpadelstore.com\/it\/prodotto\/camiseta-bullpadel-berro-4\/","url":"https:\/\/revolutionpadelstore.com\/it\/prodotto\/camiseta-bullpadel-berro-4\/","name":"CAMISETA BULLPADEL BERRO - Revolution Padel Store","isPartOf":{"@id":"https:\/\/revolutionpadelstore.com\/it\/#website"},"primaryImageOfPage":{"@id":"https:\/\/revolutionpadelstore.com\/it\/prodotto\/camiseta-bullpadel-berro-4\/#primaryimage"},"image":{"@id":"https:\/\/revolutionpadelstore.com\/it\/prodotto\/camiseta-bullpadel-berro-4\/#primaryimage"},"thumbnailUrl":"https:\/\/revolutionpadelstore.com\/wp-content\/uploads\/2025\/04\/114236_camiseta_bullpadel_berro_995_azul_atomico_1200x1200_1_bb9d.webp","datePublished":"2025-04-15T10:14:46+00:00","dateModified":"2026-04-08T03:17:58+00:00","description":"Camiseta Bullpadel Berro con tejido t\u00e9cnico ultraligero, tecnolog\u00eda Quickerdry y dise\u00f1o moderno. Cons\u00edguela en Revolution Padel Store al mejor precio online.","breadcrumb":{"@id":"https:\/\/revolutionpadelstore.com\/it\/prodotto\/camiseta-bullpadel-berro-4\/#breadcrumb"},"inLanguage":"it-IT","potentialAction":[{"@type":"ReadAction","target":["https:\/\/revolutionpadelstore.com\/it\/prodotto\/camiseta-bullpadel-berro-4\/"]}]},{"@type":"ImageObject","inLanguage":"it-IT","@id":"https:\/\/revolutionpadelstore.com\/it\/prodotto\/camiseta-bullpadel-berro-4\/#primaryimage","url":"https:\/\/revolutionpadelstore.com\/wp-content\/uploads\/2025\/04\/114236_camiseta_bullpadel_berro_995_azul_atomico_1200x1200_1_bb9d.webp","contentUrl":"https:\/\/revolutionpadelstore.com\/wp-content\/uploads\/2025\/04\/114236_camiseta_bullpadel_berro_995_azul_atomico_1200x1200_1_bb9d.webp","width":1200,"height":1200},{"@type":"BreadcrumbList","@id":"https:\/\/revolutionpadelstore.com\/it\/prodotto\/camiseta-bullpadel-berro-4\/#breadcrumb","itemListElement":[{"@type":"ListItem","position":1,"name":"Portada","item":"https:\/\/revolutionpadelstore.com\/it\/"},{"@type":"ListItem","position":2,"name":"Tienda","item":"https:\/\/revolutionpadelstore.com\/it\/tienda\/"},{"@type":"ListItem","position":3,"name":"CAMISETA BULLPADEL BERRO"}]},{"@type":"WebSite","@id":"https:\/\/revolutionpadelstore.com\/it\/#website","url":"https:\/\/revolutionpadelstore.com\/it\/","name":"Revolution Padel Store","description":"","publisher":{"@id":"https:\/\/revolutionpadelstore.com\/it\/#organization"},"potentialAction":[{"@type":"SearchAction","target":{"@type":"EntryPoint","urlTemplate":"https:\/\/revolutionpadelstore.com\/it\/?s={search_term_string}"},"query-input":{"@type":"PropertyValueSpecification","valueRequired":true,"valueName":"search_term_string"}}],"inLanguage":"it-IT"},{"@type":"Organization","@id":"https:\/\/revolutionpadelstore.com\/it\/#organization","name":"Revolution Padel Store","url":"https:\/\/revolutionpadelstore.com\/it\/","logo":{"@type":"ImageObject","inLanguage":"it-IT","@id":"https:\/\/revolutionpadelstore.com\/it\/#\/schema\/logo\/image\/","url":"https:\/\/revolutionpadelstore.com\/wp-content\/uploads\/2026\/02\/revolution-padel-store.jpg","contentUrl":"https:\/\/revolutionpadelstore.com\/wp-content\/uploads\/2026\/02\/revolution-padel-store.jpg","width":2000,"height":2000,"caption":"Revolution Padel Store"},"image":{"@id":"https:\/\/revolutionpadelstore.com\/it\/#\/schema\/logo\/image\/"},"sameAs":["https:\/\/www.instagram.com\/revolutionpadelstore\/"]}]}},"_links":{"self":[{"href":"https:\/\/revolutionpadelstore.com\/it\/wp-json\/wp\/v2\/product\/221066","targetHints":{"allow":["GET"]}}],"collection":[{"href":"https:\/\/revolutionpadelstore.com\/it\/wp-json\/wp\/v2\/product"}],"about":[{"href":"https:\/\/revolutionpadelstore.com\/it\/wp-json\/wp\/v2\/types\/product"}],"replies":[{"embeddable":true,"href":"https:\/\/revolutionpadelstore.com\/it\/wp-json\/wp\/v2\/comments?post=221066"}],"wp:featuredmedia":[{"embeddable":true,"href":"https:\/\/revolutionpadelstore.com\/it\/wp-json\/wp\/v2\/media\/221028"}],"wp:attachment":[{"href":"https:\/\/revolutionpadelstore.com\/it\/wp-json\/wp\/v2\/media?parent=221066"}],"wp:term":[{"taxonomy":"acabado","embeddable":true,"href":"https:\/\/revolutionpadelstore.com\/it\/wp-json\/wp\/v2\/acabado?post=221066"},{"taxonomy":"balance","embeddable":true,"href":"https:\/\/revolutionpadelstore.com\/it\/wp-json\/wp\/v2\/balance?post=221066"},{"taxonomy":"dureza","embeddable":true,"href":"https:\/\/revolutionpadelstore.com\/it\/wp-json\/wp\/v2\/dureza?post=221066"},{"taxonomy":"forma","embeddable":true,"href":"https:\/\/revolutionpadelstore.com\/it\/wp-json\/wp\/v2\/forma?post=221066"},{"taxonomy":"jugador","embeddable":true,"href":"https:\/\/revolutionpadelstore.com\/it\/wp-json\/wp\/v2\/jugador?post=221066"},{"taxonomy":"marca","embeddable":true,"href":"https:\/\/revolutionpadelstore.com\/it\/wp-json\/wp\/v2\/marca?post=221066"},{"taxonomy":"nivel-de-juego","embeddable":true,"href":"https:\/\/revolutionpadelstore.com\/it\/wp-json\/wp\/v2\/nivel-de-juego?post=221066"},{"taxonomy":"superficie","embeddable":true,"href":"https:\/\/revolutionpadelstore.com\/it\/wp-json\/wp\/v2\/superficie?post=221066"},{"taxonomy":"tipo-de-juego","embeddable":true,"href":"https:\/\/revolutionpadelstore.com\/it\/wp-json\/wp\/v2\/tipo-de-juego?post=221066"},{"taxonomy":"product_brand","embeddable":true,"href":"https:\/\/revolutionpadelstore.com\/it\/wp-json\/wp\/v2\/product_brand?post=221066"},{"taxonomy":"product_cat","embeddable":true,"href":"https:\/\/revolutionpadelstore.com\/it\/wp-json\/wp\/v2\/product_cat?post=221066"},{"taxonomy":"product_tag","embeddable":true,"href":"https:\/\/revolutionpadelstore.com\/it\/wp-json\/wp\/v2\/product_tag?post=221066"}],"curies":[{"name":"wp","href":"https:\/\/api.w.org\/{rel}","templated":true}]}}