{"id":220912,"date":"2025-04-15T10:28:06","date_gmt":"2025-04-15T08:28:06","guid":{"rendered":"https:\/\/revolutionpadelstore.com\/joma-point-men-2401-negro-naranja\/"},"modified":"2026-04-01T02:15:20","modified_gmt":"2026-04-01T00:15:20","slug":"joma-point-men-2401-negro-naranja-4","status":"publish","type":"product","link":"https:\/\/revolutionpadelstore.com\/it\/prodotto\/joma-point-men-2401-negro-naranja-4\/","title":{"rendered":"JOMA POINT MEN 2401 NEGRO NARANJA"},"content":{"rendered":"<h2> <strong> Joma Point Men 24 Clay Black Orange- Prestazioni massime, agilit\u00e0 e comfort <\/strong> <\/h2>\n<p>Queste sneaker da tennis e paddle per uomini sono progettate per i giocatori con una buona tecnica che cercano calzature che accompagnano il loro alto livello di gioco. Con un perfetto equilibrio tra leggerezza, traspirabilit\u00e0 e stabilit\u00e0, diventano l&#8217;opzione ideale per fare allenamenti e feste esigenti.<\/p>\n<h2> <strong> caratteristiche tecniche prominenti <\/strong> <\/h2>\n<p><P style=\"padding-left: 40px\">-mesh tagliato con finitura jacquard personalizzata, che garantisce leggerezza e eccellente ventilazione del piede. <\/p>\n<\/p>\n<p><P>-sistema di perforazione VTS che espelle il sudore e mantiene i suoi piedi freschi e asciutti. <\/p>\n<p><P>-Tecnologia Joma Sportch Thermosellada per un adattamento perfetto senza peso inutile. <\/p>\n<p>-rinforzo in gomma nella punta che forma il sistema di protezione, ideale per resistere all&#8217;attrito e prolungare la vita utile delle calzature.<br \/>\n<P style=\"padding-left: 40px\">-Exo Counter Buttress nel tallone che porta una grande stabilit\u00e0 nei rapidi cambiamenti di direzione. <\/p>\n<\/p>\n<p>-calze phylon leggera e flessibile, progettate per assorbire gli impatti e migliorare lo smorzamento. <\/p>\n<p style=\"padding-left: 40px\">-Tecnologia Stabiliis che evita giri indebiti tra la parte anteriore e posteriore del piede. <\/p>\n<p>-Drauching in gomma con design a spike (argilla), perfetta per espellere la sabbia e facilitare le frane senza perdere la trazione.<\/p>\n<h2> <strong> benefici per il giocatore <\/strong> <\/h2>\n<p>Questo modello \u00e8 perfetto per i giocatori che hanno bisogno di calzature tecniche, agili e confortevoli, con materiali e tecnologie di alta qualit\u00e0 che rispondono al ritmo del gioco professionale. Ideale per indizi di terra battuti e superfici scivolose, garantisce prestazioni eccellenti in ogni movimento.<\/p>\n<h2> <strong> acquista con fiducia <\/strong> <\/h2>\n<p>Questo prodotto \u00e8 disponibile nel nostro negozio online <a href=\"http:\/\/www.revolutionpadelstore.com\/\"> www.revolutionpadelstore.com <\/a>, probabilmente al miglior prezzo di mercato. Fai il tuo ordine oggi e prova il livello successivo in comfort e prestazioni!<\/p>\n<h2><strong>JOMA POINT MEN 24 CLAY NEGRO NARANJA- M\u00e1ximo rendimiento, agilidad y comodidad<\/strong><\/p>\n","protected":false},"excerpt":{"rendered":"<p>Queste sneaker da tennis e paddle per uomini sono progettate per i giocatori con una buona tecnica che cercano calzature che accompagnano il loro alto livello di gioco. Con un perfetto equilibrio tra leggerezza, traspirabilit\u00e0 e stabilit\u00e0, diventano l&#8217;opzione ideale per fare allenamenti e feste esigenti.<\/p>\n","protected":false},"featured_media":220874,"comment_status":"open","ping_status":"closed","template":"","meta":{"_acf_changed":false,"_joinchat":[]},"acabado":[],"balance":[],"dureza":[],"forma":[],"jugador":[1191],"marca":[1226],"nivel-de-juego":[],"superficie":[],"tipo-de-juego":[],"product_brand":[],"product_cat":[832],"product_tag":[],"class_list":{"0":"post-220912","1":"product","2":"type-product","3":"status-publish","4":"has-post-thumbnail","6":"jugador-uomo","7":"marca-joma-it","8":"product_cat-scarpe-da-ginnastica","10":"first","11":"outofstock","12":"sale","13":"taxable","14":"shipping-taxable","15":"purchasable","16":"product-type-variable"},"acf":[],"yoast_head":"<!-- This site is optimized with the Yoast SEO plugin v27.3 - https:\/\/yoast.com\/product\/yoast-seo-wordpress\/ -->\n<title>JOMA POINT MEN 2401 NEGRO NARANJA - Revolution Padel Store<\/title>\n<meta name=\"description\" content=\"Zapatillas de tenis para hombre con m\u00e1ximo confort, estabilidad y suela clay. Dise\u00f1o t\u00e9cnico ideal para jugadores exigentes. \u00a1Compra online al mejor precio!\" \/>\n<meta name=\"robots\" content=\"index, follow, max-snippet:-1, max-image-preview:large, max-video-preview:-1\" \/>\n<link rel=\"canonical\" href=\"https:\/\/revolutionpadelstore.com\/it\/prodotto\/joma-point-men-2401-negro-naranja-4\/\" \/>\n<meta property=\"og:locale\" content=\"it_IT\" \/>\n<meta property=\"og:type\" content=\"article\" \/>\n<meta property=\"og:title\" content=\"JOMA POINT MEN 2401 NEGRO NARANJA - Revolution Padel Store\" \/>\n<meta property=\"og:description\" content=\"Zapatillas de tenis para hombre con m\u00e1ximo confort, estabilidad y suela clay. Dise\u00f1o t\u00e9cnico ideal para jugadores exigentes. \u00a1Compra online al mejor precio!\" \/>\n<meta property=\"og:url\" content=\"https:\/\/revolutionpadelstore.com\/it\/prodotto\/joma-point-men-2401-negro-naranja-4\/\" \/>\n<meta property=\"og:site_name\" content=\"Revolution Padel Store\" \/>\n<meta property=\"article:modified_time\" content=\"2026-04-01T00:15:20+00:00\" \/>\n<meta property=\"og:image\" content=\"https:\/\/revolutionpadelstore.com\/wp-content\/uploads\/2025\/04\/229.png\" \/>\n\t<meta property=\"og:image:width\" content=\"1500\" \/>\n\t<meta property=\"og:image:height\" content=\"1500\" \/>\n\t<meta property=\"og:image:type\" content=\"image\/png\" \/>\n<meta name=\"twitter:card\" content=\"summary_large_image\" \/>\n<meta name=\"twitter:label1\" content=\"Tempo di lettura stimato\" \/>\n\t<meta name=\"twitter:data1\" content=\"2 minuti\" \/>\n<script type=\"application\/ld+json\" class=\"yoast-schema-graph\">{\"@context\":\"https:\\\/\\\/schema.org\",\"@graph\":[{\"@type\":\"WebPage\",\"@id\":\"https:\\\/\\\/revolutionpadelstore.com\\\/it\\\/prodotto\\\/joma-point-men-2401-negro-naranja-4\\\/\",\"url\":\"https:\\\/\\\/revolutionpadelstore.com\\\/it\\\/prodotto\\\/joma-point-men-2401-negro-naranja-4\\\/\",\"name\":\"JOMA POINT MEN 2401 NEGRO NARANJA - Revolution Padel Store\",\"isPartOf\":{\"@id\":\"https:\\\/\\\/revolutionpadelstore.com\\\/it\\\/#website\"},\"primaryImageOfPage\":{\"@id\":\"https:\\\/\\\/revolutionpadelstore.com\\\/it\\\/prodotto\\\/joma-point-men-2401-negro-naranja-4\\\/#primaryimage\"},\"image\":{\"@id\":\"https:\\\/\\\/revolutionpadelstore.com\\\/it\\\/prodotto\\\/joma-point-men-2401-negro-naranja-4\\\/#primaryimage\"},\"thumbnailUrl\":\"https:\\\/\\\/revolutionpadelstore.com\\\/wp-content\\\/uploads\\\/2025\\\/04\\\/229.png\",\"datePublished\":\"2025-04-15T08:28:06+00:00\",\"dateModified\":\"2026-04-01T00:15:20+00:00\",\"description\":\"Zapatillas de tenis para hombre con m\u00e1ximo confort, estabilidad y suela clay. Dise\u00f1o t\u00e9cnico ideal para jugadores exigentes. \u00a1Compra online al mejor precio!\",\"breadcrumb\":{\"@id\":\"https:\\\/\\\/revolutionpadelstore.com\\\/it\\\/prodotto\\\/joma-point-men-2401-negro-naranja-4\\\/#breadcrumb\"},\"inLanguage\":\"it-IT\",\"potentialAction\":[{\"@type\":\"ReadAction\",\"target\":[\"https:\\\/\\\/revolutionpadelstore.com\\\/it\\\/prodotto\\\/joma-point-men-2401-negro-naranja-4\\\/\"]}]},{\"@type\":\"ImageObject\",\"inLanguage\":\"it-IT\",\"@id\":\"https:\\\/\\\/revolutionpadelstore.com\\\/it\\\/prodotto\\\/joma-point-men-2401-negro-naranja-4\\\/#primaryimage\",\"url\":\"https:\\\/\\\/revolutionpadelstore.com\\\/wp-content\\\/uploads\\\/2025\\\/04\\\/229.png\",\"contentUrl\":\"https:\\\/\\\/revolutionpadelstore.com\\\/wp-content\\\/uploads\\\/2025\\\/04\\\/229.png\",\"width\":1500,\"height\":1500},{\"@type\":\"BreadcrumbList\",\"@id\":\"https:\\\/\\\/revolutionpadelstore.com\\\/it\\\/prodotto\\\/joma-point-men-2401-negro-naranja-4\\\/#breadcrumb\",\"itemListElement\":[{\"@type\":\"ListItem\",\"position\":1,\"name\":\"Portada\",\"item\":\"https:\\\/\\\/revolutionpadelstore.com\\\/it\\\/\"},{\"@type\":\"ListItem\",\"position\":2,\"name\":\"Tienda\",\"item\":\"https:\\\/\\\/revolutionpadelstore.com\\\/it\\\/tienda\\\/\"},{\"@type\":\"ListItem\",\"position\":3,\"name\":\"JOMA POINT MEN 2401 NEGRO NARANJA\"}]},{\"@type\":\"WebSite\",\"@id\":\"https:\\\/\\\/revolutionpadelstore.com\\\/it\\\/#website\",\"url\":\"https:\\\/\\\/revolutionpadelstore.com\\\/it\\\/\",\"name\":\"Revolution Padel Store\",\"description\":\"\",\"publisher\":{\"@id\":\"https:\\\/\\\/revolutionpadelstore.com\\\/it\\\/#organization\"},\"potentialAction\":[{\"@type\":\"SearchAction\",\"target\":{\"@type\":\"EntryPoint\",\"urlTemplate\":\"https:\\\/\\\/revolutionpadelstore.com\\\/it\\\/?s={search_term_string}\"},\"query-input\":{\"@type\":\"PropertyValueSpecification\",\"valueRequired\":true,\"valueName\":\"search_term_string\"}}],\"inLanguage\":\"it-IT\"},{\"@type\":\"Organization\",\"@id\":\"https:\\\/\\\/revolutionpadelstore.com\\\/it\\\/#organization\",\"name\":\"Revolution Padel Store\",\"url\":\"https:\\\/\\\/revolutionpadelstore.com\\\/it\\\/\",\"logo\":{\"@type\":\"ImageObject\",\"inLanguage\":\"it-IT\",\"@id\":\"https:\\\/\\\/revolutionpadelstore.com\\\/it\\\/#\\\/schema\\\/logo\\\/image\\\/\",\"url\":\"https:\\\/\\\/revolutionpadelstore.com\\\/wp-content\\\/uploads\\\/2026\\\/02\\\/revolution-padel-store.jpg\",\"contentUrl\":\"https:\\\/\\\/revolutionpadelstore.com\\\/wp-content\\\/uploads\\\/2026\\\/02\\\/revolution-padel-store.jpg\",\"width\":2000,\"height\":2000,\"caption\":\"Revolution Padel Store\"},\"image\":{\"@id\":\"https:\\\/\\\/revolutionpadelstore.com\\\/it\\\/#\\\/schema\\\/logo\\\/image\\\/\"},\"sameAs\":[\"https:\\\/\\\/www.instagram.com\\\/revolutionpadelstore\\\/\"]}]}<\/script>\n<!-- \/ Yoast SEO plugin. -->","yoast_head_json":{"title":"JOMA POINT MEN 2401 NEGRO NARANJA - Revolution Padel Store","description":"Zapatillas de tenis para hombre con m\u00e1ximo confort, estabilidad y suela clay. Dise\u00f1o t\u00e9cnico ideal para jugadores exigentes. \u00a1Compra online al mejor precio!","robots":{"index":"index","follow":"follow","max-snippet":"max-snippet:-1","max-image-preview":"max-image-preview:large","max-video-preview":"max-video-preview:-1"},"canonical":"https:\/\/revolutionpadelstore.com\/it\/prodotto\/joma-point-men-2401-negro-naranja-4\/","og_locale":"it_IT","og_type":"article","og_title":"JOMA POINT MEN 2401 NEGRO NARANJA - Revolution Padel Store","og_description":"Zapatillas de tenis para hombre con m\u00e1ximo confort, estabilidad y suela clay. Dise\u00f1o t\u00e9cnico ideal para jugadores exigentes. \u00a1Compra online al mejor precio!","og_url":"https:\/\/revolutionpadelstore.com\/it\/prodotto\/joma-point-men-2401-negro-naranja-4\/","og_site_name":"Revolution Padel Store","article_modified_time":"2026-04-01T00:15:20+00:00","og_image":[{"width":1500,"height":1500,"url":"https:\/\/revolutionpadelstore.com\/wp-content\/uploads\/2025\/04\/229.png","type":"image\/png"}],"twitter_card":"summary_large_image","twitter_misc":{"Tempo di lettura stimato":"2 minuti"},"schema":{"@context":"https:\/\/schema.org","@graph":[{"@type":"WebPage","@id":"https:\/\/revolutionpadelstore.com\/it\/prodotto\/joma-point-men-2401-negro-naranja-4\/","url":"https:\/\/revolutionpadelstore.com\/it\/prodotto\/joma-point-men-2401-negro-naranja-4\/","name":"JOMA POINT MEN 2401 NEGRO NARANJA - Revolution Padel Store","isPartOf":{"@id":"https:\/\/revolutionpadelstore.com\/it\/#website"},"primaryImageOfPage":{"@id":"https:\/\/revolutionpadelstore.com\/it\/prodotto\/joma-point-men-2401-negro-naranja-4\/#primaryimage"},"image":{"@id":"https:\/\/revolutionpadelstore.com\/it\/prodotto\/joma-point-men-2401-negro-naranja-4\/#primaryimage"},"thumbnailUrl":"https:\/\/revolutionpadelstore.com\/wp-content\/uploads\/2025\/04\/229.png","datePublished":"2025-04-15T08:28:06+00:00","dateModified":"2026-04-01T00:15:20+00:00","description":"Zapatillas de tenis para hombre con m\u00e1ximo confort, estabilidad y suela clay. Dise\u00f1o t\u00e9cnico ideal para jugadores exigentes. \u00a1Compra online al mejor precio!","breadcrumb":{"@id":"https:\/\/revolutionpadelstore.com\/it\/prodotto\/joma-point-men-2401-negro-naranja-4\/#breadcrumb"},"inLanguage":"it-IT","potentialAction":[{"@type":"ReadAction","target":["https:\/\/revolutionpadelstore.com\/it\/prodotto\/joma-point-men-2401-negro-naranja-4\/"]}]},{"@type":"ImageObject","inLanguage":"it-IT","@id":"https:\/\/revolutionpadelstore.com\/it\/prodotto\/joma-point-men-2401-negro-naranja-4\/#primaryimage","url":"https:\/\/revolutionpadelstore.com\/wp-content\/uploads\/2025\/04\/229.png","contentUrl":"https:\/\/revolutionpadelstore.com\/wp-content\/uploads\/2025\/04\/229.png","width":1500,"height":1500},{"@type":"BreadcrumbList","@id":"https:\/\/revolutionpadelstore.com\/it\/prodotto\/joma-point-men-2401-negro-naranja-4\/#breadcrumb","itemListElement":[{"@type":"ListItem","position":1,"name":"Portada","item":"https:\/\/revolutionpadelstore.com\/it\/"},{"@type":"ListItem","position":2,"name":"Tienda","item":"https:\/\/revolutionpadelstore.com\/it\/tienda\/"},{"@type":"ListItem","position":3,"name":"JOMA POINT MEN 2401 NEGRO NARANJA"}]},{"@type":"WebSite","@id":"https:\/\/revolutionpadelstore.com\/it\/#website","url":"https:\/\/revolutionpadelstore.com\/it\/","name":"Revolution Padel Store","description":"","publisher":{"@id":"https:\/\/revolutionpadelstore.com\/it\/#organization"},"potentialAction":[{"@type":"SearchAction","target":{"@type":"EntryPoint","urlTemplate":"https:\/\/revolutionpadelstore.com\/it\/?s={search_term_string}"},"query-input":{"@type":"PropertyValueSpecification","valueRequired":true,"valueName":"search_term_string"}}],"inLanguage":"it-IT"},{"@type":"Organization","@id":"https:\/\/revolutionpadelstore.com\/it\/#organization","name":"Revolution Padel Store","url":"https:\/\/revolutionpadelstore.com\/it\/","logo":{"@type":"ImageObject","inLanguage":"it-IT","@id":"https:\/\/revolutionpadelstore.com\/it\/#\/schema\/logo\/image\/","url":"https:\/\/revolutionpadelstore.com\/wp-content\/uploads\/2026\/02\/revolution-padel-store.jpg","contentUrl":"https:\/\/revolutionpadelstore.com\/wp-content\/uploads\/2026\/02\/revolution-padel-store.jpg","width":2000,"height":2000,"caption":"Revolution Padel Store"},"image":{"@id":"https:\/\/revolutionpadelstore.com\/it\/#\/schema\/logo\/image\/"},"sameAs":["https:\/\/www.instagram.com\/revolutionpadelstore\/"]}]}},"_links":{"self":[{"href":"https:\/\/revolutionpadelstore.com\/it\/wp-json\/wp\/v2\/product\/220912","targetHints":{"allow":["GET"]}}],"collection":[{"href":"https:\/\/revolutionpadelstore.com\/it\/wp-json\/wp\/v2\/product"}],"about":[{"href":"https:\/\/revolutionpadelstore.com\/it\/wp-json\/wp\/v2\/types\/product"}],"replies":[{"embeddable":true,"href":"https:\/\/revolutionpadelstore.com\/it\/wp-json\/wp\/v2\/comments?post=220912"}],"wp:featuredmedia":[{"embeddable":true,"href":"https:\/\/revolutionpadelstore.com\/it\/wp-json\/wp\/v2\/media\/220874"}],"wp:attachment":[{"href":"https:\/\/revolutionpadelstore.com\/it\/wp-json\/wp\/v2\/media?parent=220912"}],"wp:term":[{"taxonomy":"acabado","embeddable":true,"href":"https:\/\/revolutionpadelstore.com\/it\/wp-json\/wp\/v2\/acabado?post=220912"},{"taxonomy":"balance","embeddable":true,"href":"https:\/\/revolutionpadelstore.com\/it\/wp-json\/wp\/v2\/balance?post=220912"},{"taxonomy":"dureza","embeddable":true,"href":"https:\/\/revolutionpadelstore.com\/it\/wp-json\/wp\/v2\/dureza?post=220912"},{"taxonomy":"forma","embeddable":true,"href":"https:\/\/revolutionpadelstore.com\/it\/wp-json\/wp\/v2\/forma?post=220912"},{"taxonomy":"jugador","embeddable":true,"href":"https:\/\/revolutionpadelstore.com\/it\/wp-json\/wp\/v2\/jugador?post=220912"},{"taxonomy":"marca","embeddable":true,"href":"https:\/\/revolutionpadelstore.com\/it\/wp-json\/wp\/v2\/marca?post=220912"},{"taxonomy":"nivel-de-juego","embeddable":true,"href":"https:\/\/revolutionpadelstore.com\/it\/wp-json\/wp\/v2\/nivel-de-juego?post=220912"},{"taxonomy":"superficie","embeddable":true,"href":"https:\/\/revolutionpadelstore.com\/it\/wp-json\/wp\/v2\/superficie?post=220912"},{"taxonomy":"tipo-de-juego","embeddable":true,"href":"https:\/\/revolutionpadelstore.com\/it\/wp-json\/wp\/v2\/tipo-de-juego?post=220912"},{"taxonomy":"product_brand","embeddable":true,"href":"https:\/\/revolutionpadelstore.com\/it\/wp-json\/wp\/v2\/product_brand?post=220912"},{"taxonomy":"product_cat","embeddable":true,"href":"https:\/\/revolutionpadelstore.com\/it\/wp-json\/wp\/v2\/product_cat?post=220912"},{"taxonomy":"product_tag","embeddable":true,"href":"https:\/\/revolutionpadelstore.com\/it\/wp-json\/wp\/v2\/product_tag?post=220912"}],"curies":[{"name":"wp","href":"https:\/\/api.w.org\/{rel}","templated":true}]}}