{"id":21815,"date":"2024-06-25T13:56:36","date_gmt":"2024-06-25T11:56:36","guid":{"rendered":"https:\/\/revolutionpadelstore.com\/siux-electra-st3-stupa-pro\/"},"modified":"2026-04-10T02:05:39","modified_gmt":"2026-04-10T00:05:39","slug":"siux-electra-st3-stupa-pro-4","status":"publish","type":"product","link":"https:\/\/revolutionpadelstore.com\/it\/prodotto\/siux-electra-st3-stupa-pro-4\/","title":{"rendered":"SIUX ELECTRA ST3 STUPA PRO"},"content":{"rendered":"<h2>Siux Electra ST3 Stupa Pro, buona maneggevolezza<\/h2>\n<p>La Siux Electra ST3 Stupa Pro \u00e8 una racchetta ibrida con sensibilit\u00e0 media che fa parte della serie Pro di Siux. \u00c8 progettata per giocatori di padel avanzati o professionisti ed \u00e8 la racchetta ufficiale del giocatore <strong>Franco Stupaczuk.<\/strong><\/p>\n<p>Presenta uno shape ibrido con un bilanciamento medio, che la rende una racchetta molto equilibrata che garantisce potenza nei colpi offensivi e controllo nelle giocate difensive. Ti fornisce una perfetta combinazione di potenza e controllo.<\/p>\n<p>D&#8217;altra parte, ha un peso compreso tra <strong>355 e 375 grammi<\/strong>, il che significa che puoi maneggiarlo molto facilmente grazie alla sua leggerezza e puoi muoverti in pista senza alcun tipo di limitazione.<\/p>\n<h2>Versatilit\u00e0 e buona adattabilit\u00e0<\/h2>\n<p>Le facce di questa racchetta da padel Siux da uomo sono realizzate in 15K 20*40 Textreme Carbon, un tessuto di carbonio di alta qualit\u00e0 con uno schema di 20 fili per 40 fili, che fornisce rigidit\u00e0, resistenza e un eccellente equilibrio tra controllo e potenza. Inoltre, i piatti hanno una finitura lucida e sabbiosa, che fa girare la pallina con maggiore velocit\u00e0 e rotazione.<\/p>\n<p>Il telaio tubolare \u00e8 realizzato in <strong>carbonio 3K e aramide<\/strong>, che conferiscono alla racchetta resistenza all&#8217;usura, controllo e durata superiori. Inoltre, le vibrazioni si riducono mentre aumenta il comfort. Nel nucleo interno \u00e8 stata incorporata <strong>gomma EVA dura<\/strong>, che offre una buona uscita ed un buon rimbalzo della palla.<\/p>\n<h3>Stile unico<\/h3>\n<p>Se ci concentriamo sul suo design, possiamo evidenziare la combinazione della semplicit\u00e0 del corpo della lama con i dettagli metallici e il giallo metallizzato del ponte, che crea un contrasto armonioso e unico.<\/p>\n<p>Per quanto riguarda le sue tecnologie, incorpora il <em>Dual Pro Grip<\/em>, che fornisce una presa pi\u00f9 comoda e naturale poich\u00e9 \u00e8 realizzato in gomma FOAM. Sarai in grado di tenere la pagaia in modo pi\u00f9 saldo e sicuro.<\/p>\n<p>Allo stesso modo, per ridurre la possibilit\u00e0 di subire lesioni ai gomiti e ai polsi, \u00e8 dotato di Dampeners, un sistema che riduce le vibrazioni dopo un impatto.<\/p>\n<h2>Siux Electra ST3 Stupa Pro, buena manejabilidad<\/h2>\n","protected":false},"excerpt":{"rendered":"<p>Siux Electra ST3 Stupa Pro, buona maneggevolezza La Siux Electra ST3 Stupa Pro \u00e8 una racchetta ibrida con sensibilit\u00e0 media che fa parte della serie Pro di Siux. \u00c8 progettata per giocatori di padel avanzati o professionisti ed \u00e8 la racchetta ufficiale del giocatore Franco Stupaczuk. Presenta uno shape ibrido con un bilanciamento medio, che [&hellip;]<\/p>\n","protected":false},"featured_media":266427,"comment_status":"open","ping_status":"closed","template":"","meta":{"_acf_changed":false,"_joinchat":[]},"acabado":[1081,1096],"balance":[1141],"dureza":[1156],"forma":[1176],"jugador":[1201,1191],"marca":[1306],"nivel-de-juego":[1336],"superficie":[1361],"tipo-de-juego":[1391,1386],"product_brand":[],"product_cat":[301],"product_tag":[],"class_list":{"0":"post-21815","1":"product","2":"type-product","3":"status-publish","4":"has-post-thumbnail","6":"acabado-luminosita","7":"acabado-sabbioso","8":"balance-medio-it","9":"dureza-media-it","10":"forma-ibrido","11":"jugador-multiuso","12":"jugador-uomo","13":"marca-siux-it","14":"superficie-rugosa-it","15":"tipo-de-juego-avanzado-competicion-it","16":"tipo-de-juego-multiuso","17":"product_cat-palas-de-padel-it","19":"first","20":"instock","21":"sale","22":"taxable","23":"shipping-taxable","24":"purchasable","25":"product-type-simple"},"acf":[],"yoast_head":"<!-- This site is optimized with the Yoast SEO plugin v27.4 - https:\/\/yoast.com\/product\/yoast-seo-wordpress\/ -->\n<title>SIUX ELECTRA ST3 STUPA PRO - Revolution Padel Store<\/title>\n<meta name=\"description\" content=\"Siux Electra ST3 Stupa Pro, pala h\u00edbrida con balance medio para jugadores avanzados. N\u00facleo de EVA Hard, marco de Carbono 3K y Aramida y caras de Carbono 15K 20*40 Textreme.\" \/>\n<meta name=\"robots\" content=\"index, follow, max-snippet:-1, max-image-preview:large, max-video-preview:-1\" \/>\n<link rel=\"canonical\" href=\"https:\/\/revolutionpadelstore.com\/it\/prodotto\/siux-electra-st3-stupa-pro-4\/\" \/>\n<meta property=\"og:locale\" content=\"it_IT\" \/>\n<meta property=\"og:type\" content=\"article\" \/>\n<meta property=\"og:title\" content=\"COMPRAR SIUX ELECTRA ST3 STUPA PRO\" \/>\n<meta property=\"og:description\" content=\"Siux Electra ST3 Stupa Pro, pala h\u00edbrida con balance medio para jugadores avanzados. N\u00facleo de EVA Hard, marco de Carbono 3K y Aramida y caras de Carbono 15K 20*40 Textreme.\" \/>\n<meta property=\"og:url\" content=\"https:\/\/revolutionpadelstore.com\/it\/prodotto\/siux-electra-st3-stupa-pro-4\/\" \/>\n<meta property=\"og:site_name\" content=\"Revolution Padel Store\" \/>\n<meta property=\"article:modified_time\" content=\"2026-04-10T00:05:39+00:00\" \/>\n<meta property=\"og:image\" content=\"https:\/\/revolutionpadelstore.com\/wp-content\/uploads\/2024\/06\/109477-siux-electra-stupa-pro-st3-1500x1500-vista1.webp\" \/>\n\t<meta property=\"og:image:width\" content=\"1500\" \/>\n\t<meta property=\"og:image:height\" content=\"1500\" \/>\n\t<meta property=\"og:image:type\" content=\"image\/webp\" \/>\n<meta name=\"twitter:card\" content=\"summary_large_image\" \/>\n<meta name=\"twitter:label1\" content=\"Tempo di lettura stimato\" \/>\n\t<meta name=\"twitter:data1\" content=\"2 minuti\" \/>\n<script type=\"application\/ld+json\" class=\"yoast-schema-graph\">{\"@context\":\"https:\\\/\\\/schema.org\",\"@graph\":[{\"@type\":\"WebPage\",\"@id\":\"https:\\\/\\\/revolutionpadelstore.com\\\/it\\\/prodotto\\\/siux-electra-st3-stupa-pro-4\\\/\",\"url\":\"https:\\\/\\\/revolutionpadelstore.com\\\/it\\\/prodotto\\\/siux-electra-st3-stupa-pro-4\\\/\",\"name\":\"SIUX ELECTRA ST3 STUPA PRO - Revolution Padel Store\",\"isPartOf\":{\"@id\":\"https:\\\/\\\/revolutionpadelstore.com\\\/it\\\/#website\"},\"primaryImageOfPage\":{\"@id\":\"https:\\\/\\\/revolutionpadelstore.com\\\/it\\\/prodotto\\\/siux-electra-st3-stupa-pro-4\\\/#primaryimage\"},\"image\":{\"@id\":\"https:\\\/\\\/revolutionpadelstore.com\\\/it\\\/prodotto\\\/siux-electra-st3-stupa-pro-4\\\/#primaryimage\"},\"thumbnailUrl\":\"https:\\\/\\\/revolutionpadelstore.com\\\/wp-content\\\/uploads\\\/2024\\\/06\\\/109477-siux-electra-stupa-pro-st3-1500x1500-vista1.webp\",\"datePublished\":\"2024-06-25T11:56:36+00:00\",\"dateModified\":\"2026-04-10T00:05:39+00:00\",\"description\":\"Siux Electra ST3 Stupa Pro, pala h\u00edbrida con balance medio para jugadores avanzados. N\u00facleo de EVA Hard, marco de Carbono 3K y Aramida y caras de Carbono 15K 20*40 Textreme.\",\"breadcrumb\":{\"@id\":\"https:\\\/\\\/revolutionpadelstore.com\\\/it\\\/prodotto\\\/siux-electra-st3-stupa-pro-4\\\/#breadcrumb\"},\"inLanguage\":\"it-IT\",\"potentialAction\":[{\"@type\":\"ReadAction\",\"target\":[\"https:\\\/\\\/revolutionpadelstore.com\\\/it\\\/prodotto\\\/siux-electra-st3-stupa-pro-4\\\/\"]}]},{\"@type\":\"ImageObject\",\"inLanguage\":\"it-IT\",\"@id\":\"https:\\\/\\\/revolutionpadelstore.com\\\/it\\\/prodotto\\\/siux-electra-st3-stupa-pro-4\\\/#primaryimage\",\"url\":\"https:\\\/\\\/revolutionpadelstore.com\\\/wp-content\\\/uploads\\\/2024\\\/06\\\/109477-siux-electra-stupa-pro-st3-1500x1500-vista1.webp\",\"contentUrl\":\"https:\\\/\\\/revolutionpadelstore.com\\\/wp-content\\\/uploads\\\/2024\\\/06\\\/109477-siux-electra-stupa-pro-st3-1500x1500-vista1.webp\",\"width\":1500,\"height\":1500},{\"@type\":\"BreadcrumbList\",\"@id\":\"https:\\\/\\\/revolutionpadelstore.com\\\/it\\\/prodotto\\\/siux-electra-st3-stupa-pro-4\\\/#breadcrumb\",\"itemListElement\":[{\"@type\":\"ListItem\",\"position\":1,\"name\":\"Portada\",\"item\":\"https:\\\/\\\/revolutionpadelstore.com\\\/it\\\/\"},{\"@type\":\"ListItem\",\"position\":2,\"name\":\"Tienda\",\"item\":\"https:\\\/\\\/revolutionpadelstore.com\\\/it\\\/tienda\\\/\"},{\"@type\":\"ListItem\",\"position\":3,\"name\":\"SIUX ELECTRA ST3 STUPA PRO\"}]},{\"@type\":\"WebSite\",\"@id\":\"https:\\\/\\\/revolutionpadelstore.com\\\/it\\\/#website\",\"url\":\"https:\\\/\\\/revolutionpadelstore.com\\\/it\\\/\",\"name\":\"Revolution Padel Store\",\"description\":\"\",\"publisher\":{\"@id\":\"https:\\\/\\\/revolutionpadelstore.com\\\/it\\\/#organization\"},\"potentialAction\":[{\"@type\":\"SearchAction\",\"target\":{\"@type\":\"EntryPoint\",\"urlTemplate\":\"https:\\\/\\\/revolutionpadelstore.com\\\/it\\\/?s={search_term_string}\"},\"query-input\":{\"@type\":\"PropertyValueSpecification\",\"valueRequired\":true,\"valueName\":\"search_term_string\"}}],\"inLanguage\":\"it-IT\"},{\"@type\":\"Organization\",\"@id\":\"https:\\\/\\\/revolutionpadelstore.com\\\/it\\\/#organization\",\"name\":\"Revolution Padel Store\",\"url\":\"https:\\\/\\\/revolutionpadelstore.com\\\/it\\\/\",\"logo\":{\"@type\":\"ImageObject\",\"inLanguage\":\"it-IT\",\"@id\":\"https:\\\/\\\/revolutionpadelstore.com\\\/it\\\/#\\\/schema\\\/logo\\\/image\\\/\",\"url\":\"https:\\\/\\\/revolutionpadelstore.com\\\/wp-content\\\/uploads\\\/2026\\\/02\\\/revolution-padel-store.jpg\",\"contentUrl\":\"https:\\\/\\\/revolutionpadelstore.com\\\/wp-content\\\/uploads\\\/2026\\\/02\\\/revolution-padel-store.jpg\",\"width\":2000,\"height\":2000,\"caption\":\"Revolution Padel Store\"},\"image\":{\"@id\":\"https:\\\/\\\/revolutionpadelstore.com\\\/it\\\/#\\\/schema\\\/logo\\\/image\\\/\"},\"sameAs\":[\"https:\\\/\\\/www.instagram.com\\\/revolutionpadelstore\\\/\"]}]}<\/script>\n<!-- \/ Yoast SEO plugin. -->","yoast_head_json":{"title":"SIUX ELECTRA ST3 STUPA PRO - Revolution Padel Store","description":"Siux Electra ST3 Stupa Pro, pala h\u00edbrida con balance medio para jugadores avanzados. N\u00facleo de EVA Hard, marco de Carbono 3K y Aramida y caras de Carbono 15K 20*40 Textreme.","robots":{"index":"index","follow":"follow","max-snippet":"max-snippet:-1","max-image-preview":"max-image-preview:large","max-video-preview":"max-video-preview:-1"},"canonical":"https:\/\/revolutionpadelstore.com\/it\/prodotto\/siux-electra-st3-stupa-pro-4\/","og_locale":"it_IT","og_type":"article","og_title":"COMPRAR SIUX ELECTRA ST3 STUPA PRO","og_description":"Siux Electra ST3 Stupa Pro, pala h\u00edbrida con balance medio para jugadores avanzados. N\u00facleo de EVA Hard, marco de Carbono 3K y Aramida y caras de Carbono 15K 20*40 Textreme.","og_url":"https:\/\/revolutionpadelstore.com\/it\/prodotto\/siux-electra-st3-stupa-pro-4\/","og_site_name":"Revolution Padel Store","article_modified_time":"2026-04-10T00:05:39+00:00","og_image":[{"width":1500,"height":1500,"url":"https:\/\/revolutionpadelstore.com\/wp-content\/uploads\/2024\/06\/109477-siux-electra-stupa-pro-st3-1500x1500-vista1.webp","type":"image\/webp"}],"twitter_card":"summary_large_image","twitter_misc":{"Tempo di lettura stimato":"2 minuti"},"schema":{"@context":"https:\/\/schema.org","@graph":[{"@type":"WebPage","@id":"https:\/\/revolutionpadelstore.com\/it\/prodotto\/siux-electra-st3-stupa-pro-4\/","url":"https:\/\/revolutionpadelstore.com\/it\/prodotto\/siux-electra-st3-stupa-pro-4\/","name":"SIUX ELECTRA ST3 STUPA PRO - Revolution Padel Store","isPartOf":{"@id":"https:\/\/revolutionpadelstore.com\/it\/#website"},"primaryImageOfPage":{"@id":"https:\/\/revolutionpadelstore.com\/it\/prodotto\/siux-electra-st3-stupa-pro-4\/#primaryimage"},"image":{"@id":"https:\/\/revolutionpadelstore.com\/it\/prodotto\/siux-electra-st3-stupa-pro-4\/#primaryimage"},"thumbnailUrl":"https:\/\/revolutionpadelstore.com\/wp-content\/uploads\/2024\/06\/109477-siux-electra-stupa-pro-st3-1500x1500-vista1.webp","datePublished":"2024-06-25T11:56:36+00:00","dateModified":"2026-04-10T00:05:39+00:00","description":"Siux Electra ST3 Stupa Pro, pala h\u00edbrida con balance medio para jugadores avanzados. N\u00facleo de EVA Hard, marco de Carbono 3K y Aramida y caras de Carbono 15K 20*40 Textreme.","breadcrumb":{"@id":"https:\/\/revolutionpadelstore.com\/it\/prodotto\/siux-electra-st3-stupa-pro-4\/#breadcrumb"},"inLanguage":"it-IT","potentialAction":[{"@type":"ReadAction","target":["https:\/\/revolutionpadelstore.com\/it\/prodotto\/siux-electra-st3-stupa-pro-4\/"]}]},{"@type":"ImageObject","inLanguage":"it-IT","@id":"https:\/\/revolutionpadelstore.com\/it\/prodotto\/siux-electra-st3-stupa-pro-4\/#primaryimage","url":"https:\/\/revolutionpadelstore.com\/wp-content\/uploads\/2024\/06\/109477-siux-electra-stupa-pro-st3-1500x1500-vista1.webp","contentUrl":"https:\/\/revolutionpadelstore.com\/wp-content\/uploads\/2024\/06\/109477-siux-electra-stupa-pro-st3-1500x1500-vista1.webp","width":1500,"height":1500},{"@type":"BreadcrumbList","@id":"https:\/\/revolutionpadelstore.com\/it\/prodotto\/siux-electra-st3-stupa-pro-4\/#breadcrumb","itemListElement":[{"@type":"ListItem","position":1,"name":"Portada","item":"https:\/\/revolutionpadelstore.com\/it\/"},{"@type":"ListItem","position":2,"name":"Tienda","item":"https:\/\/revolutionpadelstore.com\/it\/tienda\/"},{"@type":"ListItem","position":3,"name":"SIUX ELECTRA ST3 STUPA PRO"}]},{"@type":"WebSite","@id":"https:\/\/revolutionpadelstore.com\/it\/#website","url":"https:\/\/revolutionpadelstore.com\/it\/","name":"Revolution Padel Store","description":"","publisher":{"@id":"https:\/\/revolutionpadelstore.com\/it\/#organization"},"potentialAction":[{"@type":"SearchAction","target":{"@type":"EntryPoint","urlTemplate":"https:\/\/revolutionpadelstore.com\/it\/?s={search_term_string}"},"query-input":{"@type":"PropertyValueSpecification","valueRequired":true,"valueName":"search_term_string"}}],"inLanguage":"it-IT"},{"@type":"Organization","@id":"https:\/\/revolutionpadelstore.com\/it\/#organization","name":"Revolution Padel Store","url":"https:\/\/revolutionpadelstore.com\/it\/","logo":{"@type":"ImageObject","inLanguage":"it-IT","@id":"https:\/\/revolutionpadelstore.com\/it\/#\/schema\/logo\/image\/","url":"https:\/\/revolutionpadelstore.com\/wp-content\/uploads\/2026\/02\/revolution-padel-store.jpg","contentUrl":"https:\/\/revolutionpadelstore.com\/wp-content\/uploads\/2026\/02\/revolution-padel-store.jpg","width":2000,"height":2000,"caption":"Revolution Padel Store"},"image":{"@id":"https:\/\/revolutionpadelstore.com\/it\/#\/schema\/logo\/image\/"},"sameAs":["https:\/\/www.instagram.com\/revolutionpadelstore\/"]}]}},"_links":{"self":[{"href":"https:\/\/revolutionpadelstore.com\/it\/wp-json\/wp\/v2\/product\/21815","targetHints":{"allow":["GET"]}}],"collection":[{"href":"https:\/\/revolutionpadelstore.com\/it\/wp-json\/wp\/v2\/product"}],"about":[{"href":"https:\/\/revolutionpadelstore.com\/it\/wp-json\/wp\/v2\/types\/product"}],"replies":[{"embeddable":true,"href":"https:\/\/revolutionpadelstore.com\/it\/wp-json\/wp\/v2\/comments?post=21815"}],"wp:featuredmedia":[{"embeddable":true,"href":"https:\/\/revolutionpadelstore.com\/it\/wp-json\/wp\/v2\/media\/266427"}],"wp:attachment":[{"href":"https:\/\/revolutionpadelstore.com\/it\/wp-json\/wp\/v2\/media?parent=21815"}],"wp:term":[{"taxonomy":"acabado","embeddable":true,"href":"https:\/\/revolutionpadelstore.com\/it\/wp-json\/wp\/v2\/acabado?post=21815"},{"taxonomy":"balance","embeddable":true,"href":"https:\/\/revolutionpadelstore.com\/it\/wp-json\/wp\/v2\/balance?post=21815"},{"taxonomy":"dureza","embeddable":true,"href":"https:\/\/revolutionpadelstore.com\/it\/wp-json\/wp\/v2\/dureza?post=21815"},{"taxonomy":"forma","embeddable":true,"href":"https:\/\/revolutionpadelstore.com\/it\/wp-json\/wp\/v2\/forma?post=21815"},{"taxonomy":"jugador","embeddable":true,"href":"https:\/\/revolutionpadelstore.com\/it\/wp-json\/wp\/v2\/jugador?post=21815"},{"taxonomy":"marca","embeddable":true,"href":"https:\/\/revolutionpadelstore.com\/it\/wp-json\/wp\/v2\/marca?post=21815"},{"taxonomy":"nivel-de-juego","embeddable":true,"href":"https:\/\/revolutionpadelstore.com\/it\/wp-json\/wp\/v2\/nivel-de-juego?post=21815"},{"taxonomy":"superficie","embeddable":true,"href":"https:\/\/revolutionpadelstore.com\/it\/wp-json\/wp\/v2\/superficie?post=21815"},{"taxonomy":"tipo-de-juego","embeddable":true,"href":"https:\/\/revolutionpadelstore.com\/it\/wp-json\/wp\/v2\/tipo-de-juego?post=21815"},{"taxonomy":"product_brand","embeddable":true,"href":"https:\/\/revolutionpadelstore.com\/it\/wp-json\/wp\/v2\/product_brand?post=21815"},{"taxonomy":"product_cat","embeddable":true,"href":"https:\/\/revolutionpadelstore.com\/it\/wp-json\/wp\/v2\/product_cat?post=21815"},{"taxonomy":"product_tag","embeddable":true,"href":"https:\/\/revolutionpadelstore.com\/it\/wp-json\/wp\/v2\/product_tag?post=21815"}],"curies":[{"name":"wp","href":"https:\/\/api.w.org\/{rel}","templated":true}]}}