{"id":217504,"date":"2025-04-11T19:36:12","date_gmt":"2025-04-11T17:36:12","guid":{"rendered":"https:\/\/revolutionpadelstore.com\/nox-nextgen-pro-attack-3k\/"},"modified":"2026-04-01T02:18:31","modified_gmt":"2026-04-01T00:18:31","slug":"nox-nextgen-pro-attack-3k-2025-4","status":"publish","type":"product","link":"https:\/\/revolutionpadelstore.com\/it\/prodotto\/nox-nextgen-pro-attack-3k-2025-4\/","title":{"rendered":"NOX NEXTGEN PRO ATTACK 3K 2025"},"content":{"rendered":"<h2> <strong> Nox NextGen Pro Attack 3K 2025 &#8211; Potenza senza limiti per i giocatori offensivi <\/strong> <\/h2>\n<p>NOX NextGen Pro Attack 3K 2025 \u00e8 una pala ad alta prestazione, creata per i giocatori aggressivi che cercano di dominare la rete con potenza e precisione. Grazie alla sua forma di diamante e ad alto equilibrio, questa pala genera un enorme potere nelle aste, perfetta per coloro che vogliono fare la differenza in ogni punto.<\/p>\n<p>Con un peso che varia tra 360 e 375 grammi, offre una combinazione ideale di potenza, agilit\u00e0 e manovrabilit\u00e0. La sua costruzione con telaio di carbonio garantisce la massima rigidit\u00e0 e durata, mentre il nucleo EVA nero HR3 fornisce un&#8217;ottima presa a sfera. Inoltre, la superficie ruvida con finitura sabbiosa consente un effetto maggiore sui colpi, migliorando il controllo in situazioni esigenti.<\/p>\n<h2> <strong> Caratteristiche principali <\/strong> <\/h2>\n<p style=\"padding-left: 40px\">-forma: diamante <\/p>\n<p style=\"padding-left: 40px\">-peso: 360-375 grammi <\/p>\n<p style=\"padding-left: 40px\">-equilibrio: alto <\/p>\n<p style=\"padding-left: 40px\">-frame: 100% di carbonio <\/p>\n<p style=\"padding-left: 40px\">-nucleo: hr3 black eva <\/p>\n<p style=\"padding-left: 40px\">-superficie: ruvido con sabbia <\/p>\n<h2> <strong> tecnologie prominenti <\/strong> <\/h2>\n<p>-fibra di carbonio 3k: potenza aggiuntiva grazie al suo tessuto di carbonio di alta qualit\u00e0. <\/p>\n<p><P>-HR3 EVA Colore: gomma ad alta densit\u00e0 con effetto di memoria per colpi pi\u00f9 esplosivi. <\/p>\n<p style=\"padding-left: 40px\">-struttura composita dinamica (DCS): migliora la resistenza strutturale della lama.<br \/>\n<P>-SmartAp: cavo di sicurezza intercambiabile, pi\u00f9 comodo e igienico. <\/p>\n<p style=\"padding-left: 40px\">-sistema anti-vibrazione: riduce le vibrazioni per un maggiore comfort nel gioco. <\/p>\n<h2> <strong> progettato per il gioco professionale <\/strong> <\/h2>\n<p>Usata dai giovani talenti della Future Academy di NOX come Dylan Neck, Rama Valenzuela e Faceu Dehnike, questa pala \u00e8 la scelta di coloro che competono in circuiti come il Premier Padel e cercano un&#8217;arma di fiducia per affrontare il meglio del mondo.<\/p>\n<h2> <strong> Chi dovrebbe scegliere questa pala? <\/strong> <\/h2>\n<p>\u00c8 ideale per giocatori o professionisti avanzati con uno stile di gioco offensivo. Se il tuo deve dominare sulla rete e definire punti con aste contundenti, NOX NextGen Pro Attack 3K 2025 \u00e8 il tuo perfetto alleato.<\/p>\n<h2> <strong> Ottieni il tuo al miglior prezzo <\/strong> <\/h2>\n<p>NOX NextGen Pro Attack 3K 2025 \u00e8 disponibile nel nostro negozio online <a href=\"http:\/\/www.revolutionpadelstore.com\/\"> www.revolutionpadelstore.com <\/a>, probabilmente al miglior prezzo di mercato. Non perdere l&#8217;opportunit\u00e0 di giocare con una pala progettata per i campioni.<\/p>\n<h2><strong>Nox Nextgen Pro Attack 3K 2025 \u2013 Potencia sin l\u00edmites para jugadores ofensivos<\/strong><\/p>\n","protected":false},"excerpt":{"rendered":"<p>Il NOX NextGen Pro Attack 3K \u00e8 una pala progettata per i giocatori offensivi che cercano prestazioni elevate, che incorporano tecnologie innovative come Fiber Carbon 3K e un sistema anti -vibrazione che migliorano il potere e il comfort durante il gioco.<\/p>\n","protected":false},"featured_media":217463,"comment_status":"open","ping_status":"closed","template":"","meta":{"_acf_changed":false,"_joinchat":[]},"acabado":[1096],"balance":[1136],"dureza":[1156],"forma":[1171],"jugador":[1201,1191],"marca":[1261],"nivel-de-juego":[1336,1341],"superficie":[1361],"tipo-de-juego":[1376],"product_brand":[],"product_cat":[301],"product_tag":[],"class_list":{"0":"post-217504","1":"product","2":"type-product","3":"status-publish","4":"has-post-thumbnail","6":"acabado-sabbioso","7":"balance-alto-it","8":"dureza-media-it","9":"forma-diamante-it","10":"jugador-multiuso","11":"jugador-uomo","12":"marca-nox-it","13":"superficie-rugosa-it","14":"tipo-de-juego-potenza","15":"product_cat-palas-de-padel-it","17":"first","18":"instock","19":"sale","20":"taxable","21":"shipping-taxable","22":"purchasable","23":"product-type-simple"},"acf":[],"yoast_head":"<!-- This site is optimized with the Yoast SEO plugin v27.3 - https:\/\/yoast.com\/product\/yoast-seo-wordpress\/ -->\n<title>NOX NEXTGEN PRO ATTACK 3K 2025 - Revolution Padel Store<\/title>\n<meta name=\"description\" content=\"Compra la Nox Nextgen Pro Attack 3K 2025 en Revolution Padel Store. M\u00e1xima potencia, control y tecnolog\u00edas de vanguardia para jugadores ofensivos. \u00a1Cons\u00edguela online al mejor precio!\" \/>\n<meta name=\"robots\" content=\"index, follow, max-snippet:-1, max-image-preview:large, max-video-preview:-1\" \/>\n<link rel=\"canonical\" href=\"https:\/\/revolutionpadelstore.com\/it\/prodotto\/nox-nextgen-pro-attack-3k-2025-4\/\" \/>\n<meta property=\"og:locale\" content=\"it_IT\" \/>\n<meta property=\"og:type\" content=\"article\" \/>\n<meta property=\"og:title\" content=\"NOX NEXTGEN PRO ATTACK 3K 2025 - Revolution Padel Store\" \/>\n<meta property=\"og:description\" content=\"Compra la Nox Nextgen Pro Attack 3K 2025 en Revolution Padel Store. M\u00e1xima potencia, control y tecnolog\u00edas de vanguardia para jugadores ofensivos. \u00a1Cons\u00edguela online al mejor precio!\" \/>\n<meta property=\"og:url\" content=\"https:\/\/revolutionpadelstore.com\/it\/prodotto\/nox-nextgen-pro-attack-3k-2025-4\/\" \/>\n<meta property=\"og:site_name\" content=\"Revolution Padel Store\" \/>\n<meta property=\"article:modified_time\" content=\"2026-04-01T00:18:31+00:00\" \/>\n<meta property=\"og:image\" content=\"https:\/\/revolutionpadelstore.com\/wp-content\/uploads\/2025\/04\/117966-pala-nox-nextgen-pro-attack-3k-nfa-series-pnfangatt-1500x1500-1.webp\" \/>\n\t<meta property=\"og:image:width\" content=\"1500\" \/>\n\t<meta property=\"og:image:height\" content=\"1500\" \/>\n\t<meta property=\"og:image:type\" content=\"image\/webp\" \/>\n<meta name=\"twitter:card\" content=\"summary_large_image\" \/>\n<meta name=\"twitter:label1\" content=\"Tempo di lettura stimato\" \/>\n\t<meta name=\"twitter:data1\" content=\"2 minuti\" \/>\n<script type=\"application\/ld+json\" class=\"yoast-schema-graph\">{\"@context\":\"https:\\\/\\\/schema.org\",\"@graph\":[{\"@type\":\"WebPage\",\"@id\":\"https:\\\/\\\/revolutionpadelstore.com\\\/it\\\/prodotto\\\/nox-nextgen-pro-attack-3k-2025-4\\\/\",\"url\":\"https:\\\/\\\/revolutionpadelstore.com\\\/it\\\/prodotto\\\/nox-nextgen-pro-attack-3k-2025-4\\\/\",\"name\":\"NOX NEXTGEN PRO ATTACK 3K 2025 - Revolution Padel Store\",\"isPartOf\":{\"@id\":\"https:\\\/\\\/revolutionpadelstore.com\\\/it\\\/#website\"},\"primaryImageOfPage\":{\"@id\":\"https:\\\/\\\/revolutionpadelstore.com\\\/it\\\/prodotto\\\/nox-nextgen-pro-attack-3k-2025-4\\\/#primaryimage\"},\"image\":{\"@id\":\"https:\\\/\\\/revolutionpadelstore.com\\\/it\\\/prodotto\\\/nox-nextgen-pro-attack-3k-2025-4\\\/#primaryimage\"},\"thumbnailUrl\":\"https:\\\/\\\/revolutionpadelstore.com\\\/wp-content\\\/uploads\\\/2025\\\/04\\\/117966-pala-nox-nextgen-pro-attack-3k-nfa-series-pnfangatt-1500x1500-1.webp\",\"datePublished\":\"2025-04-11T17:36:12+00:00\",\"dateModified\":\"2026-04-01T00:18:31+00:00\",\"description\":\"Compra la Nox Nextgen Pro Attack 3K 2025 en Revolution Padel Store. M\u00e1xima potencia, control y tecnolog\u00edas de vanguardia para jugadores ofensivos. \u00a1Cons\u00edguela online al mejor precio!\",\"breadcrumb\":{\"@id\":\"https:\\\/\\\/revolutionpadelstore.com\\\/it\\\/prodotto\\\/nox-nextgen-pro-attack-3k-2025-4\\\/#breadcrumb\"},\"inLanguage\":\"it-IT\",\"potentialAction\":[{\"@type\":\"ReadAction\",\"target\":[\"https:\\\/\\\/revolutionpadelstore.com\\\/it\\\/prodotto\\\/nox-nextgen-pro-attack-3k-2025-4\\\/\"]}]},{\"@type\":\"ImageObject\",\"inLanguage\":\"it-IT\",\"@id\":\"https:\\\/\\\/revolutionpadelstore.com\\\/it\\\/prodotto\\\/nox-nextgen-pro-attack-3k-2025-4\\\/#primaryimage\",\"url\":\"https:\\\/\\\/revolutionpadelstore.com\\\/wp-content\\\/uploads\\\/2025\\\/04\\\/117966-pala-nox-nextgen-pro-attack-3k-nfa-series-pnfangatt-1500x1500-1.webp\",\"contentUrl\":\"https:\\\/\\\/revolutionpadelstore.com\\\/wp-content\\\/uploads\\\/2025\\\/04\\\/117966-pala-nox-nextgen-pro-attack-3k-nfa-series-pnfangatt-1500x1500-1.webp\",\"width\":1500,\"height\":1500},{\"@type\":\"BreadcrumbList\",\"@id\":\"https:\\\/\\\/revolutionpadelstore.com\\\/it\\\/prodotto\\\/nox-nextgen-pro-attack-3k-2025-4\\\/#breadcrumb\",\"itemListElement\":[{\"@type\":\"ListItem\",\"position\":1,\"name\":\"Portada\",\"item\":\"https:\\\/\\\/revolutionpadelstore.com\\\/it\\\/\"},{\"@type\":\"ListItem\",\"position\":2,\"name\":\"Tienda\",\"item\":\"https:\\\/\\\/revolutionpadelstore.com\\\/it\\\/tienda\\\/\"},{\"@type\":\"ListItem\",\"position\":3,\"name\":\"NOX NEXTGEN PRO ATTACK 3K 2025\"}]},{\"@type\":\"WebSite\",\"@id\":\"https:\\\/\\\/revolutionpadelstore.com\\\/it\\\/#website\",\"url\":\"https:\\\/\\\/revolutionpadelstore.com\\\/it\\\/\",\"name\":\"Revolution Padel Store\",\"description\":\"\",\"publisher\":{\"@id\":\"https:\\\/\\\/revolutionpadelstore.com\\\/it\\\/#organization\"},\"potentialAction\":[{\"@type\":\"SearchAction\",\"target\":{\"@type\":\"EntryPoint\",\"urlTemplate\":\"https:\\\/\\\/revolutionpadelstore.com\\\/it\\\/?s={search_term_string}\"},\"query-input\":{\"@type\":\"PropertyValueSpecification\",\"valueRequired\":true,\"valueName\":\"search_term_string\"}}],\"inLanguage\":\"it-IT\"},{\"@type\":\"Organization\",\"@id\":\"https:\\\/\\\/revolutionpadelstore.com\\\/it\\\/#organization\",\"name\":\"Revolution Padel Store\",\"url\":\"https:\\\/\\\/revolutionpadelstore.com\\\/it\\\/\",\"logo\":{\"@type\":\"ImageObject\",\"inLanguage\":\"it-IT\",\"@id\":\"https:\\\/\\\/revolutionpadelstore.com\\\/it\\\/#\\\/schema\\\/logo\\\/image\\\/\",\"url\":\"https:\\\/\\\/revolutionpadelstore.com\\\/wp-content\\\/uploads\\\/2026\\\/02\\\/revolution-padel-store.jpg\",\"contentUrl\":\"https:\\\/\\\/revolutionpadelstore.com\\\/wp-content\\\/uploads\\\/2026\\\/02\\\/revolution-padel-store.jpg\",\"width\":2000,\"height\":2000,\"caption\":\"Revolution Padel Store\"},\"image\":{\"@id\":\"https:\\\/\\\/revolutionpadelstore.com\\\/it\\\/#\\\/schema\\\/logo\\\/image\\\/\"},\"sameAs\":[\"https:\\\/\\\/www.instagram.com\\\/revolutionpadelstore\\\/\"]}]}<\/script>\n<!-- \/ Yoast SEO plugin. -->","yoast_head_json":{"title":"NOX NEXTGEN PRO ATTACK 3K 2025 - Revolution Padel Store","description":"Compra la Nox Nextgen Pro Attack 3K 2025 en Revolution Padel Store. M\u00e1xima potencia, control y tecnolog\u00edas de vanguardia para jugadores ofensivos. \u00a1Cons\u00edguela online al mejor precio!","robots":{"index":"index","follow":"follow","max-snippet":"max-snippet:-1","max-image-preview":"max-image-preview:large","max-video-preview":"max-video-preview:-1"},"canonical":"https:\/\/revolutionpadelstore.com\/it\/prodotto\/nox-nextgen-pro-attack-3k-2025-4\/","og_locale":"it_IT","og_type":"article","og_title":"NOX NEXTGEN PRO ATTACK 3K 2025 - Revolution Padel Store","og_description":"Compra la Nox Nextgen Pro Attack 3K 2025 en Revolution Padel Store. M\u00e1xima potencia, control y tecnolog\u00edas de vanguardia para jugadores ofensivos. \u00a1Cons\u00edguela online al mejor precio!","og_url":"https:\/\/revolutionpadelstore.com\/it\/prodotto\/nox-nextgen-pro-attack-3k-2025-4\/","og_site_name":"Revolution Padel Store","article_modified_time":"2026-04-01T00:18:31+00:00","og_image":[{"width":1500,"height":1500,"url":"https:\/\/revolutionpadelstore.com\/wp-content\/uploads\/2025\/04\/117966-pala-nox-nextgen-pro-attack-3k-nfa-series-pnfangatt-1500x1500-1.webp","type":"image\/webp"}],"twitter_card":"summary_large_image","twitter_misc":{"Tempo di lettura stimato":"2 minuti"},"schema":{"@context":"https:\/\/schema.org","@graph":[{"@type":"WebPage","@id":"https:\/\/revolutionpadelstore.com\/it\/prodotto\/nox-nextgen-pro-attack-3k-2025-4\/","url":"https:\/\/revolutionpadelstore.com\/it\/prodotto\/nox-nextgen-pro-attack-3k-2025-4\/","name":"NOX NEXTGEN PRO ATTACK 3K 2025 - Revolution Padel Store","isPartOf":{"@id":"https:\/\/revolutionpadelstore.com\/it\/#website"},"primaryImageOfPage":{"@id":"https:\/\/revolutionpadelstore.com\/it\/prodotto\/nox-nextgen-pro-attack-3k-2025-4\/#primaryimage"},"image":{"@id":"https:\/\/revolutionpadelstore.com\/it\/prodotto\/nox-nextgen-pro-attack-3k-2025-4\/#primaryimage"},"thumbnailUrl":"https:\/\/revolutionpadelstore.com\/wp-content\/uploads\/2025\/04\/117966-pala-nox-nextgen-pro-attack-3k-nfa-series-pnfangatt-1500x1500-1.webp","datePublished":"2025-04-11T17:36:12+00:00","dateModified":"2026-04-01T00:18:31+00:00","description":"Compra la Nox Nextgen Pro Attack 3K 2025 en Revolution Padel Store. M\u00e1xima potencia, control y tecnolog\u00edas de vanguardia para jugadores ofensivos. \u00a1Cons\u00edguela online al mejor precio!","breadcrumb":{"@id":"https:\/\/revolutionpadelstore.com\/it\/prodotto\/nox-nextgen-pro-attack-3k-2025-4\/#breadcrumb"},"inLanguage":"it-IT","potentialAction":[{"@type":"ReadAction","target":["https:\/\/revolutionpadelstore.com\/it\/prodotto\/nox-nextgen-pro-attack-3k-2025-4\/"]}]},{"@type":"ImageObject","inLanguage":"it-IT","@id":"https:\/\/revolutionpadelstore.com\/it\/prodotto\/nox-nextgen-pro-attack-3k-2025-4\/#primaryimage","url":"https:\/\/revolutionpadelstore.com\/wp-content\/uploads\/2025\/04\/117966-pala-nox-nextgen-pro-attack-3k-nfa-series-pnfangatt-1500x1500-1.webp","contentUrl":"https:\/\/revolutionpadelstore.com\/wp-content\/uploads\/2025\/04\/117966-pala-nox-nextgen-pro-attack-3k-nfa-series-pnfangatt-1500x1500-1.webp","width":1500,"height":1500},{"@type":"BreadcrumbList","@id":"https:\/\/revolutionpadelstore.com\/it\/prodotto\/nox-nextgen-pro-attack-3k-2025-4\/#breadcrumb","itemListElement":[{"@type":"ListItem","position":1,"name":"Portada","item":"https:\/\/revolutionpadelstore.com\/it\/"},{"@type":"ListItem","position":2,"name":"Tienda","item":"https:\/\/revolutionpadelstore.com\/it\/tienda\/"},{"@type":"ListItem","position":3,"name":"NOX NEXTGEN PRO ATTACK 3K 2025"}]},{"@type":"WebSite","@id":"https:\/\/revolutionpadelstore.com\/it\/#website","url":"https:\/\/revolutionpadelstore.com\/it\/","name":"Revolution Padel Store","description":"","publisher":{"@id":"https:\/\/revolutionpadelstore.com\/it\/#organization"},"potentialAction":[{"@type":"SearchAction","target":{"@type":"EntryPoint","urlTemplate":"https:\/\/revolutionpadelstore.com\/it\/?s={search_term_string}"},"query-input":{"@type":"PropertyValueSpecification","valueRequired":true,"valueName":"search_term_string"}}],"inLanguage":"it-IT"},{"@type":"Organization","@id":"https:\/\/revolutionpadelstore.com\/it\/#organization","name":"Revolution Padel Store","url":"https:\/\/revolutionpadelstore.com\/it\/","logo":{"@type":"ImageObject","inLanguage":"it-IT","@id":"https:\/\/revolutionpadelstore.com\/it\/#\/schema\/logo\/image\/","url":"https:\/\/revolutionpadelstore.com\/wp-content\/uploads\/2026\/02\/revolution-padel-store.jpg","contentUrl":"https:\/\/revolutionpadelstore.com\/wp-content\/uploads\/2026\/02\/revolution-padel-store.jpg","width":2000,"height":2000,"caption":"Revolution Padel Store"},"image":{"@id":"https:\/\/revolutionpadelstore.com\/it\/#\/schema\/logo\/image\/"},"sameAs":["https:\/\/www.instagram.com\/revolutionpadelstore\/"]}]}},"_links":{"self":[{"href":"https:\/\/revolutionpadelstore.com\/it\/wp-json\/wp\/v2\/product\/217504","targetHints":{"allow":["GET"]}}],"collection":[{"href":"https:\/\/revolutionpadelstore.com\/it\/wp-json\/wp\/v2\/product"}],"about":[{"href":"https:\/\/revolutionpadelstore.com\/it\/wp-json\/wp\/v2\/types\/product"}],"replies":[{"embeddable":true,"href":"https:\/\/revolutionpadelstore.com\/it\/wp-json\/wp\/v2\/comments?post=217504"}],"wp:featuredmedia":[{"embeddable":true,"href":"https:\/\/revolutionpadelstore.com\/it\/wp-json\/wp\/v2\/media\/217463"}],"wp:attachment":[{"href":"https:\/\/revolutionpadelstore.com\/it\/wp-json\/wp\/v2\/media?parent=217504"}],"wp:term":[{"taxonomy":"acabado","embeddable":true,"href":"https:\/\/revolutionpadelstore.com\/it\/wp-json\/wp\/v2\/acabado?post=217504"},{"taxonomy":"balance","embeddable":true,"href":"https:\/\/revolutionpadelstore.com\/it\/wp-json\/wp\/v2\/balance?post=217504"},{"taxonomy":"dureza","embeddable":true,"href":"https:\/\/revolutionpadelstore.com\/it\/wp-json\/wp\/v2\/dureza?post=217504"},{"taxonomy":"forma","embeddable":true,"href":"https:\/\/revolutionpadelstore.com\/it\/wp-json\/wp\/v2\/forma?post=217504"},{"taxonomy":"jugador","embeddable":true,"href":"https:\/\/revolutionpadelstore.com\/it\/wp-json\/wp\/v2\/jugador?post=217504"},{"taxonomy":"marca","embeddable":true,"href":"https:\/\/revolutionpadelstore.com\/it\/wp-json\/wp\/v2\/marca?post=217504"},{"taxonomy":"nivel-de-juego","embeddable":true,"href":"https:\/\/revolutionpadelstore.com\/it\/wp-json\/wp\/v2\/nivel-de-juego?post=217504"},{"taxonomy":"superficie","embeddable":true,"href":"https:\/\/revolutionpadelstore.com\/it\/wp-json\/wp\/v2\/superficie?post=217504"},{"taxonomy":"tipo-de-juego","embeddable":true,"href":"https:\/\/revolutionpadelstore.com\/it\/wp-json\/wp\/v2\/tipo-de-juego?post=217504"},{"taxonomy":"product_brand","embeddable":true,"href":"https:\/\/revolutionpadelstore.com\/it\/wp-json\/wp\/v2\/product_brand?post=217504"},{"taxonomy":"product_cat","embeddable":true,"href":"https:\/\/revolutionpadelstore.com\/it\/wp-json\/wp\/v2\/product_cat?post=217504"},{"taxonomy":"product_tag","embeddable":true,"href":"https:\/\/revolutionpadelstore.com\/it\/wp-json\/wp\/v2\/product_tag?post=217504"}],"curies":[{"name":"wp","href":"https:\/\/api.w.org\/{rel}","templated":true}]}}