{"id":21692,"date":"2024-03-05T15:43:23","date_gmt":"2024-03-05T14:43:23","guid":{"rendered":"https:\/\/revolutionpadelstore.com\/adidas-drive-3-3-vintage\/"},"modified":"2026-04-08T16:07:21","modified_gmt":"2026-04-08T14:07:21","slug":"adidas-drive-3-3-vintage","status":"publish","type":"product","link":"https:\/\/revolutionpadelstore.com\/it\/prodotto\/adidas-drive-3-3-vintage\/","title":{"rendered":"ADIDAS DRIVE 3.3 VINTAGE"},"content":{"rendered":"<h2>Adidas Drive 3.3 Vintage, ideale se cerchi il controllo<\/h2>\n<p>L&#8217;Adidas Drive 3.3 Vintage \u00e8 un modello progettato per offrire un colpo controllato e buone prestazioni ai giocatori di padel che sono nella fase di iniziazione e stanno imparando le basi di questo sport.<\/p>\n<p>Ha uno <strong>stampo rotondo con un bilanciamento basso<\/strong>, ovvero il peso \u00e8 distribuito verso la zona del polso, quindi si ottiene un controllo eccellente ad ogni colpo. Inoltre, il suo sweet spot ampio e centrato facilita i colpi. Ha un peso che oscilla tra i 360 e i 375 grammi ed una superficie di 519 cm2.<\/p>\n<p>Per quanto riguarda il design, \u00e8 stata utilizzata una colorimetria sui toni nude, che combina dettagli marroni con il bianco sporco del corpo della lama. \u00c8 un&#8217;estetica <strong>semplice e vintage<\/strong>, come indica il nome.<\/p>\n<h2>Maggiore resistenza agli urti<\/h2>\n<p>Il telaio \u00e8 realizzato in <strong>fibra di vetro<\/strong>, un materiale molto flessibile e durevole con una grande capacit\u00e0 di risposta e assorbimento delle vibrazioni, che offre un comfort imbattibile. Garantisce <strong>una movimentazione facile e controllata.<\/strong><\/p>\n<p>Anche i piani sono stati realizzati in fibra di vetro, quindi quando la racchetta \u00e8 in posizione statica o nei colpi a bassa velocit\u00e0, la gomma lavorer\u00e0 di pi\u00f9 e si otterr\u00e0 un maggiore rimbalzo con il minimo sforzo.<\/strong><\/p>\n<h3>Zone rinforzate a torsione maggiore<\/h3>\n<p>Allo stesso modo, questa racchetta Adidas 2024 incorpora tecnologie di durabilit\u00e0, che hanno il compito di aumentare la resistenza della racchetta alle torsioni elevate per prolungarne la vita utile.<\/p>\n<p>Osserviamo lo <em><strong>Smart Holes Linear<\/strong><\/em>, che consiste in una disposizione dei fori sui piani in gruppi di 3. Ci\u00f2 garantisce che la superficie sia rinforzata e aumenti la durabilit\u00e0.<\/p>\n<p>Troviamo invece il <strong><em>Rinforzo Strutturale<\/em><\/strong>, un sistema che genera maggiore resistenza alla torsione che la racchetta subisce durante la partita attraverso l&#8217;utilizzo di <strong>rinforzi perimetrali <\/strong> su \u200b\u200btutta la lama.<\/p>\n<h2>Adidas Drive 3.3 Vintage, ideal si buscas control<\/h2>\n","protected":false},"excerpt":{"rendered":"<p>Adidas Drive 3.3 Vintage offre grande controllo e fermezza nelle strategie difensive. Integra le tecnologie Structural Reinforcement e Smart Holes Linear.<\/p>\n","protected":false},"featured_media":1073,"comment_status":"open","ping_status":"closed","template":"","meta":{"_acf_changed":false,"_joinchat":[]},"acabado":[1086],"balance":[1146],"dureza":[1151],"forma":[1181],"jugador":[1201,1191],"marca":[1231],"nivel-de-juego":[1351],"superficie":[1356],"tipo-de-juego":[1371],"product_brand":[],"product_cat":[301],"product_tag":[],"class_list":{"0":"post-21692","1":"product","2":"type-product","3":"status-publish","4":"has-post-thumbnail","6":"acabado-amico","7":"balance-basso","8":"dureza-blanda-it","9":"forma-rotondo","10":"jugador-multiuso","11":"jugador-uomo","12":"marca-adidas-it","13":"superficie-lisa-it","14":"tipo-de-juego-controllo","15":"product_cat-palas-de-padel-it","17":"first","18":"instock","19":"sale","20":"taxable","21":"shipping-taxable","22":"purchasable","23":"product-type-simple"},"acf":[],"yoast_head":"<!-- This site is optimized with the Yoast SEO plugin v27.4 - https:\/\/yoast.com\/product\/yoast-seo-wordpress\/ -->\n<title>ADIDAS DRIVE 3.3 VINTAGE - Revolution Padel Store<\/title>\n<meta name=\"description\" content=\"Adidas Drive 3.3 Vintage ofrece un gran control y firmeza en las estrategias defensivas. Integra las tecnolog\u00edas Structural Reinforcement y Smart Holes Lineal.\" \/>\n<meta name=\"robots\" content=\"index, follow, max-snippet:-1, max-image-preview:large, max-video-preview:-1\" \/>\n<link rel=\"canonical\" href=\"https:\/\/revolutionpadelstore.com\/it\/prodotto\/adidas-drive-3-3-vintage\/\" \/>\n<meta property=\"og:locale\" content=\"it_IT\" \/>\n<meta property=\"og:type\" content=\"article\" \/>\n<meta property=\"og:title\" content=\"ADIDAS DRIVE 3.3 VINTAGE\" \/>\n<meta property=\"og:description\" content=\"Adidas Drive 3.3 Vintage ofrece un gran control y firmeza en las estrategias defensivas. Integra las tecnolog\u00edas Structural Reinforcement y Smart Holes Lineal.\" \/>\n<meta property=\"og:url\" content=\"https:\/\/revolutionpadelstore.com\/it\/prodotto\/adidas-drive-3-3-vintage\/\" \/>\n<meta property=\"og:site_name\" content=\"Revolution Padel Store\" \/>\n<meta property=\"article:modified_time\" content=\"2026-04-08T14:07:21+00:00\" \/>\n<meta property=\"og:image\" content=\"https:\/\/revolutionpadelstore.com\/wp-content\/uploads\/2024\/03\/110136_padel_webs_padel_y_grupo_pala_adidas_drive_3_3_vintage_adrk5ca1u0062f_15_399e.webp\" \/>\n\t<meta property=\"og:image:width\" content=\"1500\" \/>\n\t<meta property=\"og:image:height\" content=\"1500\" \/>\n\t<meta property=\"og:image:type\" content=\"image\/webp\" \/>\n<meta name=\"twitter:card\" content=\"summary_large_image\" \/>\n<meta name=\"twitter:label1\" content=\"Tempo di lettura stimato\" \/>\n\t<meta name=\"twitter:data1\" content=\"2 minuti\" \/>\n<script type=\"application\/ld+json\" class=\"yoast-schema-graph\">{\"@context\":\"https:\\\/\\\/schema.org\",\"@graph\":[{\"@type\":\"WebPage\",\"@id\":\"https:\\\/\\\/revolutionpadelstore.com\\\/it\\\/prodotto\\\/adidas-drive-3-3-vintage\\\/\",\"url\":\"https:\\\/\\\/revolutionpadelstore.com\\\/it\\\/prodotto\\\/adidas-drive-3-3-vintage\\\/\",\"name\":\"ADIDAS DRIVE 3.3 VINTAGE - Revolution Padel Store\",\"isPartOf\":{\"@id\":\"https:\\\/\\\/revolutionpadelstore.com\\\/it\\\/#website\"},\"primaryImageOfPage\":{\"@id\":\"https:\\\/\\\/revolutionpadelstore.com\\\/it\\\/prodotto\\\/adidas-drive-3-3-vintage\\\/#primaryimage\"},\"image\":{\"@id\":\"https:\\\/\\\/revolutionpadelstore.com\\\/it\\\/prodotto\\\/adidas-drive-3-3-vintage\\\/#primaryimage\"},\"thumbnailUrl\":\"https:\\\/\\\/revolutionpadelstore.com\\\/wp-content\\\/uploads\\\/2024\\\/03\\\/110136_padel_webs_padel_y_grupo_pala_adidas_drive_3_3_vintage_adrk5ca1u0062f_15_399e.webp\",\"datePublished\":\"2024-03-05T14:43:23+00:00\",\"dateModified\":\"2026-04-08T14:07:21+00:00\",\"description\":\"Adidas Drive 3.3 Vintage ofrece un gran control y firmeza en las estrategias defensivas. Integra las tecnolog\u00edas Structural Reinforcement y Smart Holes Lineal.\",\"breadcrumb\":{\"@id\":\"https:\\\/\\\/revolutionpadelstore.com\\\/it\\\/prodotto\\\/adidas-drive-3-3-vintage\\\/#breadcrumb\"},\"inLanguage\":\"it-IT\",\"potentialAction\":[{\"@type\":\"ReadAction\",\"target\":[\"https:\\\/\\\/revolutionpadelstore.com\\\/it\\\/prodotto\\\/adidas-drive-3-3-vintage\\\/\"]}]},{\"@type\":\"ImageObject\",\"inLanguage\":\"it-IT\",\"@id\":\"https:\\\/\\\/revolutionpadelstore.com\\\/it\\\/prodotto\\\/adidas-drive-3-3-vintage\\\/#primaryimage\",\"url\":\"https:\\\/\\\/revolutionpadelstore.com\\\/wp-content\\\/uploads\\\/2024\\\/03\\\/110136_padel_webs_padel_y_grupo_pala_adidas_drive_3_3_vintage_adrk5ca1u0062f_15_399e.webp\",\"contentUrl\":\"https:\\\/\\\/revolutionpadelstore.com\\\/wp-content\\\/uploads\\\/2024\\\/03\\\/110136_padel_webs_padel_y_grupo_pala_adidas_drive_3_3_vintage_adrk5ca1u0062f_15_399e.webp\",\"width\":1500,\"height\":1500,\"caption\":\"ADIDAS DRIVE 3.3 VINTAGE\"},{\"@type\":\"BreadcrumbList\",\"@id\":\"https:\\\/\\\/revolutionpadelstore.com\\\/it\\\/prodotto\\\/adidas-drive-3-3-vintage\\\/#breadcrumb\",\"itemListElement\":[{\"@type\":\"ListItem\",\"position\":1,\"name\":\"Portada\",\"item\":\"https:\\\/\\\/revolutionpadelstore.com\\\/it\\\/\"},{\"@type\":\"ListItem\",\"position\":2,\"name\":\"Tienda\",\"item\":\"https:\\\/\\\/revolutionpadelstore.com\\\/it\\\/tienda\\\/\"},{\"@type\":\"ListItem\",\"position\":3,\"name\":\"ADIDAS DRIVE 3.3 VINTAGE\"}]},{\"@type\":\"WebSite\",\"@id\":\"https:\\\/\\\/revolutionpadelstore.com\\\/it\\\/#website\",\"url\":\"https:\\\/\\\/revolutionpadelstore.com\\\/it\\\/\",\"name\":\"Revolution Padel Store\",\"description\":\"\",\"publisher\":{\"@id\":\"https:\\\/\\\/revolutionpadelstore.com\\\/it\\\/#organization\"},\"potentialAction\":[{\"@type\":\"SearchAction\",\"target\":{\"@type\":\"EntryPoint\",\"urlTemplate\":\"https:\\\/\\\/revolutionpadelstore.com\\\/it\\\/?s={search_term_string}\"},\"query-input\":{\"@type\":\"PropertyValueSpecification\",\"valueRequired\":true,\"valueName\":\"search_term_string\"}}],\"inLanguage\":\"it-IT\"},{\"@type\":\"Organization\",\"@id\":\"https:\\\/\\\/revolutionpadelstore.com\\\/it\\\/#organization\",\"name\":\"Revolution Padel Store\",\"url\":\"https:\\\/\\\/revolutionpadelstore.com\\\/it\\\/\",\"logo\":{\"@type\":\"ImageObject\",\"inLanguage\":\"it-IT\",\"@id\":\"https:\\\/\\\/revolutionpadelstore.com\\\/it\\\/#\\\/schema\\\/logo\\\/image\\\/\",\"url\":\"https:\\\/\\\/revolutionpadelstore.com\\\/wp-content\\\/uploads\\\/2026\\\/02\\\/revolution-padel-store.jpg\",\"contentUrl\":\"https:\\\/\\\/revolutionpadelstore.com\\\/wp-content\\\/uploads\\\/2026\\\/02\\\/revolution-padel-store.jpg\",\"width\":2000,\"height\":2000,\"caption\":\"Revolution Padel Store\"},\"image\":{\"@id\":\"https:\\\/\\\/revolutionpadelstore.com\\\/it\\\/#\\\/schema\\\/logo\\\/image\\\/\"},\"sameAs\":[\"https:\\\/\\\/www.instagram.com\\\/revolutionpadelstore\\\/\"]}]}<\/script>\n<!-- \/ Yoast SEO plugin. -->","yoast_head_json":{"title":"ADIDAS DRIVE 3.3 VINTAGE - Revolution Padel Store","description":"Adidas Drive 3.3 Vintage ofrece un gran control y firmeza en las estrategias defensivas. Integra las tecnolog\u00edas Structural Reinforcement y Smart Holes Lineal.","robots":{"index":"index","follow":"follow","max-snippet":"max-snippet:-1","max-image-preview":"max-image-preview:large","max-video-preview":"max-video-preview:-1"},"canonical":"https:\/\/revolutionpadelstore.com\/it\/prodotto\/adidas-drive-3-3-vintage\/","og_locale":"it_IT","og_type":"article","og_title":"ADIDAS DRIVE 3.3 VINTAGE","og_description":"Adidas Drive 3.3 Vintage ofrece un gran control y firmeza en las estrategias defensivas. Integra las tecnolog\u00edas Structural Reinforcement y Smart Holes Lineal.","og_url":"https:\/\/revolutionpadelstore.com\/it\/prodotto\/adidas-drive-3-3-vintage\/","og_site_name":"Revolution Padel Store","article_modified_time":"2026-04-08T14:07:21+00:00","og_image":[{"width":1500,"height":1500,"url":"https:\/\/revolutionpadelstore.com\/wp-content\/uploads\/2024\/03\/110136_padel_webs_padel_y_grupo_pala_adidas_drive_3_3_vintage_adrk5ca1u0062f_15_399e.webp","type":"image\/webp"}],"twitter_card":"summary_large_image","twitter_misc":{"Tempo di lettura stimato":"2 minuti"},"schema":{"@context":"https:\/\/schema.org","@graph":[{"@type":"WebPage","@id":"https:\/\/revolutionpadelstore.com\/it\/prodotto\/adidas-drive-3-3-vintage\/","url":"https:\/\/revolutionpadelstore.com\/it\/prodotto\/adidas-drive-3-3-vintage\/","name":"ADIDAS DRIVE 3.3 VINTAGE - Revolution Padel Store","isPartOf":{"@id":"https:\/\/revolutionpadelstore.com\/it\/#website"},"primaryImageOfPage":{"@id":"https:\/\/revolutionpadelstore.com\/it\/prodotto\/adidas-drive-3-3-vintage\/#primaryimage"},"image":{"@id":"https:\/\/revolutionpadelstore.com\/it\/prodotto\/adidas-drive-3-3-vintage\/#primaryimage"},"thumbnailUrl":"https:\/\/revolutionpadelstore.com\/wp-content\/uploads\/2024\/03\/110136_padel_webs_padel_y_grupo_pala_adidas_drive_3_3_vintage_adrk5ca1u0062f_15_399e.webp","datePublished":"2024-03-05T14:43:23+00:00","dateModified":"2026-04-08T14:07:21+00:00","description":"Adidas Drive 3.3 Vintage ofrece un gran control y firmeza en las estrategias defensivas. Integra las tecnolog\u00edas Structural Reinforcement y Smart Holes Lineal.","breadcrumb":{"@id":"https:\/\/revolutionpadelstore.com\/it\/prodotto\/adidas-drive-3-3-vintage\/#breadcrumb"},"inLanguage":"it-IT","potentialAction":[{"@type":"ReadAction","target":["https:\/\/revolutionpadelstore.com\/it\/prodotto\/adidas-drive-3-3-vintage\/"]}]},{"@type":"ImageObject","inLanguage":"it-IT","@id":"https:\/\/revolutionpadelstore.com\/it\/prodotto\/adidas-drive-3-3-vintage\/#primaryimage","url":"https:\/\/revolutionpadelstore.com\/wp-content\/uploads\/2024\/03\/110136_padel_webs_padel_y_grupo_pala_adidas_drive_3_3_vintage_adrk5ca1u0062f_15_399e.webp","contentUrl":"https:\/\/revolutionpadelstore.com\/wp-content\/uploads\/2024\/03\/110136_padel_webs_padel_y_grupo_pala_adidas_drive_3_3_vintage_adrk5ca1u0062f_15_399e.webp","width":1500,"height":1500,"caption":"ADIDAS DRIVE 3.3 VINTAGE"},{"@type":"BreadcrumbList","@id":"https:\/\/revolutionpadelstore.com\/it\/prodotto\/adidas-drive-3-3-vintage\/#breadcrumb","itemListElement":[{"@type":"ListItem","position":1,"name":"Portada","item":"https:\/\/revolutionpadelstore.com\/it\/"},{"@type":"ListItem","position":2,"name":"Tienda","item":"https:\/\/revolutionpadelstore.com\/it\/tienda\/"},{"@type":"ListItem","position":3,"name":"ADIDAS DRIVE 3.3 VINTAGE"}]},{"@type":"WebSite","@id":"https:\/\/revolutionpadelstore.com\/it\/#website","url":"https:\/\/revolutionpadelstore.com\/it\/","name":"Revolution Padel Store","description":"","publisher":{"@id":"https:\/\/revolutionpadelstore.com\/it\/#organization"},"potentialAction":[{"@type":"SearchAction","target":{"@type":"EntryPoint","urlTemplate":"https:\/\/revolutionpadelstore.com\/it\/?s={search_term_string}"},"query-input":{"@type":"PropertyValueSpecification","valueRequired":true,"valueName":"search_term_string"}}],"inLanguage":"it-IT"},{"@type":"Organization","@id":"https:\/\/revolutionpadelstore.com\/it\/#organization","name":"Revolution Padel Store","url":"https:\/\/revolutionpadelstore.com\/it\/","logo":{"@type":"ImageObject","inLanguage":"it-IT","@id":"https:\/\/revolutionpadelstore.com\/it\/#\/schema\/logo\/image\/","url":"https:\/\/revolutionpadelstore.com\/wp-content\/uploads\/2026\/02\/revolution-padel-store.jpg","contentUrl":"https:\/\/revolutionpadelstore.com\/wp-content\/uploads\/2026\/02\/revolution-padel-store.jpg","width":2000,"height":2000,"caption":"Revolution Padel Store"},"image":{"@id":"https:\/\/revolutionpadelstore.com\/it\/#\/schema\/logo\/image\/"},"sameAs":["https:\/\/www.instagram.com\/revolutionpadelstore\/"]}]}},"_links":{"self":[{"href":"https:\/\/revolutionpadelstore.com\/it\/wp-json\/wp\/v2\/product\/21692","targetHints":{"allow":["GET"]}}],"collection":[{"href":"https:\/\/revolutionpadelstore.com\/it\/wp-json\/wp\/v2\/product"}],"about":[{"href":"https:\/\/revolutionpadelstore.com\/it\/wp-json\/wp\/v2\/types\/product"}],"replies":[{"embeddable":true,"href":"https:\/\/revolutionpadelstore.com\/it\/wp-json\/wp\/v2\/comments?post=21692"}],"wp:featuredmedia":[{"embeddable":true,"href":"https:\/\/revolutionpadelstore.com\/it\/wp-json\/wp\/v2\/media\/1073"}],"wp:attachment":[{"href":"https:\/\/revolutionpadelstore.com\/it\/wp-json\/wp\/v2\/media?parent=21692"}],"wp:term":[{"taxonomy":"acabado","embeddable":true,"href":"https:\/\/revolutionpadelstore.com\/it\/wp-json\/wp\/v2\/acabado?post=21692"},{"taxonomy":"balance","embeddable":true,"href":"https:\/\/revolutionpadelstore.com\/it\/wp-json\/wp\/v2\/balance?post=21692"},{"taxonomy":"dureza","embeddable":true,"href":"https:\/\/revolutionpadelstore.com\/it\/wp-json\/wp\/v2\/dureza?post=21692"},{"taxonomy":"forma","embeddable":true,"href":"https:\/\/revolutionpadelstore.com\/it\/wp-json\/wp\/v2\/forma?post=21692"},{"taxonomy":"jugador","embeddable":true,"href":"https:\/\/revolutionpadelstore.com\/it\/wp-json\/wp\/v2\/jugador?post=21692"},{"taxonomy":"marca","embeddable":true,"href":"https:\/\/revolutionpadelstore.com\/it\/wp-json\/wp\/v2\/marca?post=21692"},{"taxonomy":"nivel-de-juego","embeddable":true,"href":"https:\/\/revolutionpadelstore.com\/it\/wp-json\/wp\/v2\/nivel-de-juego?post=21692"},{"taxonomy":"superficie","embeddable":true,"href":"https:\/\/revolutionpadelstore.com\/it\/wp-json\/wp\/v2\/superficie?post=21692"},{"taxonomy":"tipo-de-juego","embeddable":true,"href":"https:\/\/revolutionpadelstore.com\/it\/wp-json\/wp\/v2\/tipo-de-juego?post=21692"},{"taxonomy":"product_brand","embeddable":true,"href":"https:\/\/revolutionpadelstore.com\/it\/wp-json\/wp\/v2\/product_brand?post=21692"},{"taxonomy":"product_cat","embeddable":true,"href":"https:\/\/revolutionpadelstore.com\/it\/wp-json\/wp\/v2\/product_cat?post=21692"},{"taxonomy":"product_tag","embeddable":true,"href":"https:\/\/revolutionpadelstore.com\/it\/wp-json\/wp\/v2\/product_tag?post=21692"}],"curies":[{"name":"wp","href":"https:\/\/api.w.org\/{rel}","templated":true}]}}