{"id":216865,"date":"2025-04-01T20:59:59","date_gmt":"2025-04-01T18:59:59","guid":{"rendered":"https:\/\/revolutionpadelstore.com\/?post_type=product&#038;p=216865"},"modified":"2026-04-08T05:27:33","modified_gmt":"2026-04-08T03:27:33","slug":"bolsa-siux-the-queen-blanco-4","status":"publish","type":"product","link":"https:\/\/revolutionpadelstore.com\/it\/prodotto\/bolsa-siux-the-queen-blanco-4\/","title":{"rendered":"BOLSA SIUX THE QUEEN BLANCO"},"content":{"rendered":"<h2> Siux The Queen Bag &#8211; Elegance e funzionalit\u00e0 per i giocatori di paddle impegnativi <\/h2>\n<p>Il <strong> Siux Bag the Queen <\/strong> \u00e8 il complemento perfetto per i giocatori che cercano di distinguersi sia dentro che fuori dalla pista. Progettato con uno stile sofisticato e dettagli premium, combina <strong> eleganza, funzionalit\u00e0 e durata <\/strong> per offrirti la migliore esperienza in ciascuna parte o formazione.<\/p>\n<h2> caratteristiche eccezionali <\/h2>\n<p><P> <strong> -gore capacit\u00e0 di archiviazione <\/strong> <\/strong><br \/>\nLa sua ampia struttura ti consente di indossare tutto ci\u00f2 di cui hai bisogno: pale, vestiti, scarpe e accessori, mantenendo tutto ben organizzato.<\/p>\n<p style=\"padding-left: 40px\"> <strong>&#8211; palas compartment <\/strong><br \/>\nProtegge fino a <strong> due pale lame <\/strong> in un compartimento imbottito appositamente progettato per preservare la sua forma e prestazioni. <\/p>\n<p style=\"padding-left: 40px\"> <strong>&#8211; tasca termica incorporata <\/strong><br \/>\nIdeale per preservare le tue temperature estreme <strong> <\/strong>, garantendo la sua durata anche in condizioni avverse.<\/p>\n<p> <strong> -e spazio indipendente per calzature <\/strong><br \/>\nSepara le scarpe dal resto dell&#8217;attrezzatura, mantenendo la pulizia e l&#8217;ordine in ogni momento. <\/p>\n<p style=\"padding-left: 40px\"> <strong>&#8211; tasche laterali funzionali <\/strong><br \/>\nMantieni oggetti personali come chiavi, mobili o portafoglio in modo sicuro e con accesso rapido. <\/p>\n<p><P> <strong>-materiali di fascia alta <\/strong><br \/>\nProdotto con materiali resistenti e durevoli, ideali per uso intensivo senza perdere il suo aspetto premium. <\/p>\n<p style=\"padding-left: 40px\"> <strong> -esclusive e moderno design <\/strong><br \/>\nCon linee eleganti e dettagli accuratamente selezionati, questa borsa riflette lo stile e il carattere, ideali per i giocatori <strong> che vogliono evidenziare <\/strong>. <\/p>\n<p><P> <strong> -versatile e comodo sistema di trasporto <\/strong><br \/>\nPrendilo come zaino o in mano grazie alle maniglie ergonomiche e alle cinghie imbottite regolabili. <\/p>\n<h2> Perch\u00e9 scegliere la borsa Siux The Queen?<br \/>\nPerch\u00e9 non solo il trasporto di attrezzature, ma <strong> riflette il tuo atteggiamento e il tuo stile in pista <\/strong>. Con il suo design esclusivo e la distribuzione intelligente, avrai tutto sotto controllo con eleganza e praticit\u00e0. Perfetto per i giocatori che apprezzano sia l&#8217;estetica che la funzionalit\u00e0.<\/p>\n<p>Disponibile ora nel nostro negozio online <a href=\"https:\/\/www.revolutionpadelstore.com\/\"> www.revolutionpadelstore.com <\/a>, <strong> probabilmente al miglior prezzo di mercato <\/strong>.<\/p>\n<h2>Bolsa Siux The Queen \u2013 Elegancia y Funcionalidad para Jugadoras de P\u00e1del Exigentes<\/h2>\n","protected":false},"excerpt":{"rendered":"<p>Il <strong> Siux Bag the Queen <\/strong> \u00e8 il complemento perfetto per i giocatori che cercano di distinguersi sia dentro che fuori dalla pista. Progettato con uno stile sofisticato e dettagli premium, combina <strong> eleganza, funzionalit\u00e0 e durata <\/strong> per offrirti la migliore esperienza in ciascuna parte o formazione.<strong>Bolsa Siux The Queen<\/strong><\/p>\n","protected":false},"featured_media":216877,"comment_status":"open","ping_status":"closed","template":"","meta":{"_acf_changed":false,"_joinchat":[]},"acabado":[],"balance":[],"dureza":[],"forma":[],"jugador":[],"marca":[1306],"nivel-de-juego":[],"superficie":[],"tipo-de-juego":[],"product_brand":[],"product_cat":[318],"product_tag":[],"class_list":{"0":"post-216865","1":"product","2":"type-product","3":"status-publish","4":"has-post-thumbnail","6":"marca-siux-it","7":"product_cat-borse","9":"first","10":"outofstock","11":"sale","12":"taxable","13":"shipping-taxable","14":"purchasable","15":"product-type-simple"},"acf":[],"yoast_head":"<!-- This site is optimized with the Yoast SEO plugin v27.4 - https:\/\/yoast.com\/product\/yoast-seo-wordpress\/ -->\n<title>BOLSA SIUX THE QUEEN BLANCO - Revolution Padel Store<\/title>\n<meta name=\"description\" content=\"Descubre la Bolsa Siux The Queen, una mochila de p\u00e1del elegante y funcional para jugadoras exigentes. Con compartimento t\u00e9rmico, espacio para palas y dise\u00f1o exclusivo. \u00a1C\u00f3mprala online al mejor precio en Revolution Padel Store!\" \/>\n<meta name=\"robots\" content=\"index, follow, max-snippet:-1, max-image-preview:large, max-video-preview:-1\" \/>\n<link rel=\"canonical\" href=\"https:\/\/revolutionpadelstore.com\/it\/prodotto\/bolsa-siux-the-queen-blanco-4\/\" \/>\n<meta property=\"og:locale\" content=\"it_IT\" \/>\n<meta property=\"og:type\" content=\"article\" \/>\n<meta property=\"og:title\" content=\"BOLSA SIUX THE QUEEN BLANCO - Revolution Padel Store\" \/>\n<meta property=\"og:description\" content=\"Descubre la Bolsa Siux The Queen, una mochila de p\u00e1del elegante y funcional para jugadoras exigentes. Con compartimento t\u00e9rmico, espacio para palas y dise\u00f1o exclusivo. \u00a1C\u00f3mprala online al mejor precio en Revolution Padel Store!\" \/>\n<meta property=\"og:url\" content=\"https:\/\/revolutionpadelstore.com\/it\/prodotto\/bolsa-siux-the-queen-blanco-4\/\" \/>\n<meta property=\"og:site_name\" content=\"Revolution Padel Store\" \/>\n<meta property=\"article:modified_time\" content=\"2026-04-08T03:27:33+00:00\" \/>\n<meta property=\"og:image\" content=\"https:\/\/revolutionpadelstore.com\/wp-content\/uploads\/2025\/04\/209.png\" \/>\n\t<meta property=\"og:image:width\" content=\"1500\" \/>\n\t<meta property=\"og:image:height\" content=\"1500\" \/>\n\t<meta property=\"og:image:type\" content=\"image\/png\" \/>\n<meta name=\"twitter:card\" content=\"summary_large_image\" \/>\n<meta name=\"twitter:label1\" content=\"Tempo di lettura stimato\" \/>\n\t<meta name=\"twitter:data1\" content=\"2 minuti\" \/>\n<script type=\"application\/ld+json\" class=\"yoast-schema-graph\">{\"@context\":\"https:\\\/\\\/schema.org\",\"@graph\":[{\"@type\":\"WebPage\",\"@id\":\"https:\\\/\\\/revolutionpadelstore.com\\\/it\\\/prodotto\\\/bolsa-siux-the-queen-blanco-4\\\/\",\"url\":\"https:\\\/\\\/revolutionpadelstore.com\\\/it\\\/prodotto\\\/bolsa-siux-the-queen-blanco-4\\\/\",\"name\":\"BOLSA SIUX THE QUEEN BLANCO - Revolution Padel Store\",\"isPartOf\":{\"@id\":\"https:\\\/\\\/revolutionpadelstore.com\\\/it\\\/#website\"},\"primaryImageOfPage\":{\"@id\":\"https:\\\/\\\/revolutionpadelstore.com\\\/it\\\/prodotto\\\/bolsa-siux-the-queen-blanco-4\\\/#primaryimage\"},\"image\":{\"@id\":\"https:\\\/\\\/revolutionpadelstore.com\\\/it\\\/prodotto\\\/bolsa-siux-the-queen-blanco-4\\\/#primaryimage\"},\"thumbnailUrl\":\"https:\\\/\\\/revolutionpadelstore.com\\\/wp-content\\\/uploads\\\/2025\\\/04\\\/209.png\",\"datePublished\":\"2025-04-01T18:59:59+00:00\",\"dateModified\":\"2026-04-08T03:27:33+00:00\",\"description\":\"Descubre la Bolsa Siux The Queen, una mochila de p\u00e1del elegante y funcional para jugadoras exigentes. Con compartimento t\u00e9rmico, espacio para palas y dise\u00f1o exclusivo. \u00a1C\u00f3mprala online al mejor precio en Revolution Padel Store!\",\"breadcrumb\":{\"@id\":\"https:\\\/\\\/revolutionpadelstore.com\\\/it\\\/prodotto\\\/bolsa-siux-the-queen-blanco-4\\\/#breadcrumb\"},\"inLanguage\":\"it-IT\",\"potentialAction\":[{\"@type\":\"ReadAction\",\"target\":[\"https:\\\/\\\/revolutionpadelstore.com\\\/it\\\/prodotto\\\/bolsa-siux-the-queen-blanco-4\\\/\"]}]},{\"@type\":\"ImageObject\",\"inLanguage\":\"it-IT\",\"@id\":\"https:\\\/\\\/revolutionpadelstore.com\\\/it\\\/prodotto\\\/bolsa-siux-the-queen-blanco-4\\\/#primaryimage\",\"url\":\"https:\\\/\\\/revolutionpadelstore.com\\\/wp-content\\\/uploads\\\/2025\\\/04\\\/209.png\",\"contentUrl\":\"https:\\\/\\\/revolutionpadelstore.com\\\/wp-content\\\/uploads\\\/2025\\\/04\\\/209.png\",\"width\":1500,\"height\":1500},{\"@type\":\"BreadcrumbList\",\"@id\":\"https:\\\/\\\/revolutionpadelstore.com\\\/it\\\/prodotto\\\/bolsa-siux-the-queen-blanco-4\\\/#breadcrumb\",\"itemListElement\":[{\"@type\":\"ListItem\",\"position\":1,\"name\":\"Portada\",\"item\":\"https:\\\/\\\/revolutionpadelstore.com\\\/it\\\/\"},{\"@type\":\"ListItem\",\"position\":2,\"name\":\"Tienda\",\"item\":\"https:\\\/\\\/revolutionpadelstore.com\\\/it\\\/tienda\\\/\"},{\"@type\":\"ListItem\",\"position\":3,\"name\":\"BOLSA SIUX THE QUEEN BLANCO\"}]},{\"@type\":\"WebSite\",\"@id\":\"https:\\\/\\\/revolutionpadelstore.com\\\/it\\\/#website\",\"url\":\"https:\\\/\\\/revolutionpadelstore.com\\\/it\\\/\",\"name\":\"Revolution Padel Store\",\"description\":\"\",\"publisher\":{\"@id\":\"https:\\\/\\\/revolutionpadelstore.com\\\/it\\\/#organization\"},\"potentialAction\":[{\"@type\":\"SearchAction\",\"target\":{\"@type\":\"EntryPoint\",\"urlTemplate\":\"https:\\\/\\\/revolutionpadelstore.com\\\/it\\\/?s={search_term_string}\"},\"query-input\":{\"@type\":\"PropertyValueSpecification\",\"valueRequired\":true,\"valueName\":\"search_term_string\"}}],\"inLanguage\":\"it-IT\"},{\"@type\":\"Organization\",\"@id\":\"https:\\\/\\\/revolutionpadelstore.com\\\/it\\\/#organization\",\"name\":\"Revolution Padel Store\",\"url\":\"https:\\\/\\\/revolutionpadelstore.com\\\/it\\\/\",\"logo\":{\"@type\":\"ImageObject\",\"inLanguage\":\"it-IT\",\"@id\":\"https:\\\/\\\/revolutionpadelstore.com\\\/it\\\/#\\\/schema\\\/logo\\\/image\\\/\",\"url\":\"https:\\\/\\\/revolutionpadelstore.com\\\/wp-content\\\/uploads\\\/2026\\\/02\\\/revolution-padel-store.jpg\",\"contentUrl\":\"https:\\\/\\\/revolutionpadelstore.com\\\/wp-content\\\/uploads\\\/2026\\\/02\\\/revolution-padel-store.jpg\",\"width\":2000,\"height\":2000,\"caption\":\"Revolution Padel Store\"},\"image\":{\"@id\":\"https:\\\/\\\/revolutionpadelstore.com\\\/it\\\/#\\\/schema\\\/logo\\\/image\\\/\"},\"sameAs\":[\"https:\\\/\\\/www.instagram.com\\\/revolutionpadelstore\\\/\"]}]}<\/script>\n<!-- \/ Yoast SEO plugin. -->","yoast_head_json":{"title":"BOLSA SIUX THE QUEEN BLANCO - Revolution Padel Store","description":"Descubre la Bolsa Siux The Queen, una mochila de p\u00e1del elegante y funcional para jugadoras exigentes. Con compartimento t\u00e9rmico, espacio para palas y dise\u00f1o exclusivo. \u00a1C\u00f3mprala online al mejor precio en Revolution Padel Store!","robots":{"index":"index","follow":"follow","max-snippet":"max-snippet:-1","max-image-preview":"max-image-preview:large","max-video-preview":"max-video-preview:-1"},"canonical":"https:\/\/revolutionpadelstore.com\/it\/prodotto\/bolsa-siux-the-queen-blanco-4\/","og_locale":"it_IT","og_type":"article","og_title":"BOLSA SIUX THE QUEEN BLANCO - Revolution Padel Store","og_description":"Descubre la Bolsa Siux The Queen, una mochila de p\u00e1del elegante y funcional para jugadoras exigentes. Con compartimento t\u00e9rmico, espacio para palas y dise\u00f1o exclusivo. \u00a1C\u00f3mprala online al mejor precio en Revolution Padel Store!","og_url":"https:\/\/revolutionpadelstore.com\/it\/prodotto\/bolsa-siux-the-queen-blanco-4\/","og_site_name":"Revolution Padel Store","article_modified_time":"2026-04-08T03:27:33+00:00","og_image":[{"width":1500,"height":1500,"url":"https:\/\/revolutionpadelstore.com\/wp-content\/uploads\/2025\/04\/209.png","type":"image\/png"}],"twitter_card":"summary_large_image","twitter_misc":{"Tempo di lettura stimato":"2 minuti"},"schema":{"@context":"https:\/\/schema.org","@graph":[{"@type":"WebPage","@id":"https:\/\/revolutionpadelstore.com\/it\/prodotto\/bolsa-siux-the-queen-blanco-4\/","url":"https:\/\/revolutionpadelstore.com\/it\/prodotto\/bolsa-siux-the-queen-blanco-4\/","name":"BOLSA SIUX THE QUEEN BLANCO - Revolution Padel Store","isPartOf":{"@id":"https:\/\/revolutionpadelstore.com\/it\/#website"},"primaryImageOfPage":{"@id":"https:\/\/revolutionpadelstore.com\/it\/prodotto\/bolsa-siux-the-queen-blanco-4\/#primaryimage"},"image":{"@id":"https:\/\/revolutionpadelstore.com\/it\/prodotto\/bolsa-siux-the-queen-blanco-4\/#primaryimage"},"thumbnailUrl":"https:\/\/revolutionpadelstore.com\/wp-content\/uploads\/2025\/04\/209.png","datePublished":"2025-04-01T18:59:59+00:00","dateModified":"2026-04-08T03:27:33+00:00","description":"Descubre la Bolsa Siux The Queen, una mochila de p\u00e1del elegante y funcional para jugadoras exigentes. Con compartimento t\u00e9rmico, espacio para palas y dise\u00f1o exclusivo. \u00a1C\u00f3mprala online al mejor precio en Revolution Padel Store!","breadcrumb":{"@id":"https:\/\/revolutionpadelstore.com\/it\/prodotto\/bolsa-siux-the-queen-blanco-4\/#breadcrumb"},"inLanguage":"it-IT","potentialAction":[{"@type":"ReadAction","target":["https:\/\/revolutionpadelstore.com\/it\/prodotto\/bolsa-siux-the-queen-blanco-4\/"]}]},{"@type":"ImageObject","inLanguage":"it-IT","@id":"https:\/\/revolutionpadelstore.com\/it\/prodotto\/bolsa-siux-the-queen-blanco-4\/#primaryimage","url":"https:\/\/revolutionpadelstore.com\/wp-content\/uploads\/2025\/04\/209.png","contentUrl":"https:\/\/revolutionpadelstore.com\/wp-content\/uploads\/2025\/04\/209.png","width":1500,"height":1500},{"@type":"BreadcrumbList","@id":"https:\/\/revolutionpadelstore.com\/it\/prodotto\/bolsa-siux-the-queen-blanco-4\/#breadcrumb","itemListElement":[{"@type":"ListItem","position":1,"name":"Portada","item":"https:\/\/revolutionpadelstore.com\/it\/"},{"@type":"ListItem","position":2,"name":"Tienda","item":"https:\/\/revolutionpadelstore.com\/it\/tienda\/"},{"@type":"ListItem","position":3,"name":"BOLSA SIUX THE QUEEN BLANCO"}]},{"@type":"WebSite","@id":"https:\/\/revolutionpadelstore.com\/it\/#website","url":"https:\/\/revolutionpadelstore.com\/it\/","name":"Revolution Padel Store","description":"","publisher":{"@id":"https:\/\/revolutionpadelstore.com\/it\/#organization"},"potentialAction":[{"@type":"SearchAction","target":{"@type":"EntryPoint","urlTemplate":"https:\/\/revolutionpadelstore.com\/it\/?s={search_term_string}"},"query-input":{"@type":"PropertyValueSpecification","valueRequired":true,"valueName":"search_term_string"}}],"inLanguage":"it-IT"},{"@type":"Organization","@id":"https:\/\/revolutionpadelstore.com\/it\/#organization","name":"Revolution Padel Store","url":"https:\/\/revolutionpadelstore.com\/it\/","logo":{"@type":"ImageObject","inLanguage":"it-IT","@id":"https:\/\/revolutionpadelstore.com\/it\/#\/schema\/logo\/image\/","url":"https:\/\/revolutionpadelstore.com\/wp-content\/uploads\/2026\/02\/revolution-padel-store.jpg","contentUrl":"https:\/\/revolutionpadelstore.com\/wp-content\/uploads\/2026\/02\/revolution-padel-store.jpg","width":2000,"height":2000,"caption":"Revolution Padel Store"},"image":{"@id":"https:\/\/revolutionpadelstore.com\/it\/#\/schema\/logo\/image\/"},"sameAs":["https:\/\/www.instagram.com\/revolutionpadelstore\/"]}]}},"_links":{"self":[{"href":"https:\/\/revolutionpadelstore.com\/it\/wp-json\/wp\/v2\/product\/216865","targetHints":{"allow":["GET"]}}],"collection":[{"href":"https:\/\/revolutionpadelstore.com\/it\/wp-json\/wp\/v2\/product"}],"about":[{"href":"https:\/\/revolutionpadelstore.com\/it\/wp-json\/wp\/v2\/types\/product"}],"replies":[{"embeddable":true,"href":"https:\/\/revolutionpadelstore.com\/it\/wp-json\/wp\/v2\/comments?post=216865"}],"wp:featuredmedia":[{"embeddable":true,"href":"https:\/\/revolutionpadelstore.com\/it\/wp-json\/wp\/v2\/media\/216877"}],"wp:attachment":[{"href":"https:\/\/revolutionpadelstore.com\/it\/wp-json\/wp\/v2\/media?parent=216865"}],"wp:term":[{"taxonomy":"acabado","embeddable":true,"href":"https:\/\/revolutionpadelstore.com\/it\/wp-json\/wp\/v2\/acabado?post=216865"},{"taxonomy":"balance","embeddable":true,"href":"https:\/\/revolutionpadelstore.com\/it\/wp-json\/wp\/v2\/balance?post=216865"},{"taxonomy":"dureza","embeddable":true,"href":"https:\/\/revolutionpadelstore.com\/it\/wp-json\/wp\/v2\/dureza?post=216865"},{"taxonomy":"forma","embeddable":true,"href":"https:\/\/revolutionpadelstore.com\/it\/wp-json\/wp\/v2\/forma?post=216865"},{"taxonomy":"jugador","embeddable":true,"href":"https:\/\/revolutionpadelstore.com\/it\/wp-json\/wp\/v2\/jugador?post=216865"},{"taxonomy":"marca","embeddable":true,"href":"https:\/\/revolutionpadelstore.com\/it\/wp-json\/wp\/v2\/marca?post=216865"},{"taxonomy":"nivel-de-juego","embeddable":true,"href":"https:\/\/revolutionpadelstore.com\/it\/wp-json\/wp\/v2\/nivel-de-juego?post=216865"},{"taxonomy":"superficie","embeddable":true,"href":"https:\/\/revolutionpadelstore.com\/it\/wp-json\/wp\/v2\/superficie?post=216865"},{"taxonomy":"tipo-de-juego","embeddable":true,"href":"https:\/\/revolutionpadelstore.com\/it\/wp-json\/wp\/v2\/tipo-de-juego?post=216865"},{"taxonomy":"product_brand","embeddable":true,"href":"https:\/\/revolutionpadelstore.com\/it\/wp-json\/wp\/v2\/product_brand?post=216865"},{"taxonomy":"product_cat","embeddable":true,"href":"https:\/\/revolutionpadelstore.com\/it\/wp-json\/wp\/v2\/product_cat?post=216865"},{"taxonomy":"product_tag","embeddable":true,"href":"https:\/\/revolutionpadelstore.com\/it\/wp-json\/wp\/v2\/product_tag?post=216865"}],"curies":[{"name":"wp","href":"https:\/\/api.w.org\/{rel}","templated":true}]}}