{"id":216682,"date":"2025-03-31T22:36:42","date_gmt":"2025-03-31T20:36:42","guid":{"rendered":"https:\/\/revolutionpadelstore.com\/paletero-siux-diablo\/"},"modified":"2026-04-08T05:29:49","modified_gmt":"2026-04-08T03:29:49","slug":"paletero-siux-diablo-4","status":"publish","type":"product","link":"https:\/\/revolutionpadelstore.com\/it\/prodotto\/paletero-siux-diablo-4\/","title":{"rendered":"PALETERO SIUX DIABLO"},"content":{"rendered":"<h2> <strong> Paletero Siux Diablo Sanyo SS24 &#8211; Exclusive Edition 2024 <\/strong> <\/h2>\n<p>Scopri il nuovo Paletero Siux Diablo Sanyo SS24, un pezzo di fascia alta che fa parte della collezione Siux 2024, creato in collaborazione con il giocatore professionista Sanyo Guti\u00e9rrez. Il suo design moderno ed elegante \u00e8 combinato con una struttura robusta e pratica, ideale per coloro che cercano di trasportare le loro attrezzature a pale con comfort e stile totali.<\/p>\n<h2> <strong> caratteristiche prominenti <\/strong> <\/h2>\n<p style=\"padding-left: 40px\">-Ottima capacit\u00e0 di trasportare fino a 9 pale.<br \/>\n<P>-ampio compartimento centrale con capacit\u00e0 di 7 lame o attrezzature sportive. <\/p>\n<p>-tasche laterali termiche che proteggono le lame da improvvise variazioni di temperatura. <\/p>\n<p style=\"padding-left: 40px\">-compartimento indipendente alla base per scarpe o scarpe sportive.<\/p>\n<p style=\"padding-left: 40px\">-Spazi aggiuntivi per salvare accessori e oggetti personali. <\/p>\n<p style=\"padding-left: 40px\">-design ergonomico e imbottito per un maggiore comfort e protezione.<\/p>\n<p style=\"padding-left: 40px\">-maniglie regolabili per indossarlo come zaino.<\/p>\n<h2> <strong> ideale per i giocatori esigenti <\/strong> <\/h2>\n<p>Questo paletero \u00e8 progettato per professionisti avanzati e che richiedono organizzazione, capacit\u00e0 e protezione termica. Il suo design esclusivo e materiali di alta qualit\u00e0 lo rendono uno dei modelli pi\u00f9 ricercati dagli inquilini.<\/p>\n<h2> <strong> compatibilit\u00e0 con altri marchi <\/strong> <\/h2>\n<p>Siux \u00e8 tra i marchi pi\u00f9 prestigiosi della pagaia, accanto a Bullpadel, NOx o Head. Questo modello specifico, con il sigillo personale di Sanyo, si distingue per la sua funzionalit\u00e0 e l&#8217;estetica, essendo perfetto per accompagnarti in ciascuna parte.<\/p>\n<h2> <strong> benefici chiave <\/strong> <\/h2>\n<p style=\"padding-left: 40px\">-design esclusivo firmato da sanyo guti\u00e9rrez <\/p>\n<p style=\"padding-left: 40px\">-capacit\u00e0 termica per proteggere le lame <\/p>\n<p style=\"padding-left: 40px\">-compartimenti multipli e grande capacit\u00e0 <\/p>\n<p style=\"padding-left: 40px\">-ideale per la formazione e le competizioni <\/p>\n<h2> <strong> prendilo ora <\/strong> <\/h2>\n<p>Non perdere l&#8217;opportunit\u00e0 di ottenere il Paletero Siux Diablo Sanyo SS24, un accessorio esclusivo e funzionale che aumenter\u00e0 la tua esperienza in pista. Disponibile nel nostro negozio online <a href=\"http:\/\/www.revolutionpadelstore.com\/\"> www.revolutionpadelstore.com <\/a> Probabilmente al miglior prezzo di mercato.<\/p>\n<h2><strong>Paletero Siux Diablo Sanyo SS24 \u2013 Edici\u00f3n Exclusiva 2024<\/strong><\/p>\n","protected":false},"excerpt":{"rendered":"<p>Paletero Siux Diablo Sanyo SS24 &#8211; Exclusive Edition 2024 Scopri il nuovo Paletero Siux Diablo Sanyo SS24, un pezzo di fascia alta che fa parte della collezione Siux 2024, creato in collaborazione con il giocatore professionista Sanyo Guti\u00e9rrez. Il suo design moderno ed elegante \u00e8 combinato con una struttura robusta e pratica, ideale per coloro [&hellip;]<\/p>\n","protected":false},"featured_media":216634,"comment_status":"open","ping_status":"closed","template":"","meta":{"_acf_changed":false,"_joinchat":[]},"acabado":[],"balance":[],"dureza":[],"forma":[],"jugador":[],"marca":[1306],"nivel-de-juego":[],"superficie":[],"tipo-de-juego":[],"product_brand":[],"product_cat":[318],"product_tag":[],"class_list":{"0":"post-216682","1":"product","2":"type-product","3":"status-publish","4":"has-post-thumbnail","6":"marca-siux-it","7":"product_cat-borse","9":"first","10":"outofstock","11":"sale","12":"taxable","13":"shipping-taxable","14":"purchasable","15":"product-type-simple"},"acf":[],"yoast_head":"<!-- This site is optimized with the Yoast SEO plugin v27.4 - https:\/\/yoast.com\/product\/yoast-seo-wordpress\/ -->\n<title>PALETERO SIUX DIABLO - Revolution Padel Store<\/title>\n<meta name=\"description\" content=\"Paletero Siux Diablo Sanyo SS24 exclusivo de la colecci\u00f3n 2024. Dise\u00f1o t\u00e9rmico, gran capacidad y comodidad. Disponible ya en Revolution Padel Store al mejor precio.\" \/>\n<meta name=\"robots\" content=\"index, follow, max-snippet:-1, max-image-preview:large, max-video-preview:-1\" \/>\n<link rel=\"canonical\" href=\"https:\/\/revolutionpadelstore.com\/it\/prodotto\/paletero-siux-diablo-4\/\" \/>\n<meta property=\"og:locale\" content=\"it_IT\" \/>\n<meta property=\"og:type\" content=\"article\" \/>\n<meta property=\"og:title\" content=\"PALETERO SIUX DIABLO - Revolution Padel Store\" \/>\n<meta property=\"og:description\" content=\"Paletero Siux Diablo Sanyo SS24 exclusivo de la colecci\u00f3n 2024. Dise\u00f1o t\u00e9rmico, gran capacidad y comodidad. Disponible ya en Revolution Padel Store al mejor precio.\" \/>\n<meta property=\"og:url\" content=\"https:\/\/revolutionpadelstore.com\/it\/prodotto\/paletero-siux-diablo-4\/\" \/>\n<meta property=\"og:site_name\" content=\"Revolution Padel Store\" \/>\n<meta property=\"article:modified_time\" content=\"2026-04-08T03:29:49+00:00\" \/>\n<meta property=\"og:image\" content=\"https:\/\/revolutionpadelstore.com\/wp-content\/uploads\/2025\/03\/109435_paletero_siux_diablo_sanyo_ss24_1500x1500_1_4dc7.webp\" \/>\n\t<meta property=\"og:image:width\" content=\"1500\" \/>\n\t<meta property=\"og:image:height\" content=\"1500\" \/>\n\t<meta property=\"og:image:type\" content=\"image\/webp\" \/>\n<meta name=\"twitter:card\" content=\"summary_large_image\" \/>\n<meta name=\"twitter:label1\" content=\"Tempo di lettura stimato\" \/>\n\t<meta name=\"twitter:data1\" content=\"2 minuti\" \/>\n<script type=\"application\/ld+json\" class=\"yoast-schema-graph\">{\"@context\":\"https:\\\/\\\/schema.org\",\"@graph\":[{\"@type\":\"WebPage\",\"@id\":\"https:\\\/\\\/revolutionpadelstore.com\\\/it\\\/prodotto\\\/paletero-siux-diablo-4\\\/\",\"url\":\"https:\\\/\\\/revolutionpadelstore.com\\\/it\\\/prodotto\\\/paletero-siux-diablo-4\\\/\",\"name\":\"PALETERO SIUX DIABLO - Revolution Padel Store\",\"isPartOf\":{\"@id\":\"https:\\\/\\\/revolutionpadelstore.com\\\/it\\\/#website\"},\"primaryImageOfPage\":{\"@id\":\"https:\\\/\\\/revolutionpadelstore.com\\\/it\\\/prodotto\\\/paletero-siux-diablo-4\\\/#primaryimage\"},\"image\":{\"@id\":\"https:\\\/\\\/revolutionpadelstore.com\\\/it\\\/prodotto\\\/paletero-siux-diablo-4\\\/#primaryimage\"},\"thumbnailUrl\":\"https:\\\/\\\/revolutionpadelstore.com\\\/wp-content\\\/uploads\\\/2025\\\/03\\\/109435_paletero_siux_diablo_sanyo_ss24_1500x1500_1_4dc7.webp\",\"datePublished\":\"2025-03-31T20:36:42+00:00\",\"dateModified\":\"2026-04-08T03:29:49+00:00\",\"description\":\"Paletero Siux Diablo Sanyo SS24 exclusivo de la colecci\u00f3n 2024. Dise\u00f1o t\u00e9rmico, gran capacidad y comodidad. Disponible ya en Revolution Padel Store al mejor precio.\",\"breadcrumb\":{\"@id\":\"https:\\\/\\\/revolutionpadelstore.com\\\/it\\\/prodotto\\\/paletero-siux-diablo-4\\\/#breadcrumb\"},\"inLanguage\":\"it-IT\",\"potentialAction\":[{\"@type\":\"ReadAction\",\"target\":[\"https:\\\/\\\/revolutionpadelstore.com\\\/it\\\/prodotto\\\/paletero-siux-diablo-4\\\/\"]}]},{\"@type\":\"ImageObject\",\"inLanguage\":\"it-IT\",\"@id\":\"https:\\\/\\\/revolutionpadelstore.com\\\/it\\\/prodotto\\\/paletero-siux-diablo-4\\\/#primaryimage\",\"url\":\"https:\\\/\\\/revolutionpadelstore.com\\\/wp-content\\\/uploads\\\/2025\\\/03\\\/109435_paletero_siux_diablo_sanyo_ss24_1500x1500_1_4dc7.webp\",\"contentUrl\":\"https:\\\/\\\/revolutionpadelstore.com\\\/wp-content\\\/uploads\\\/2025\\\/03\\\/109435_paletero_siux_diablo_sanyo_ss24_1500x1500_1_4dc7.webp\",\"width\":1500,\"height\":1500},{\"@type\":\"BreadcrumbList\",\"@id\":\"https:\\\/\\\/revolutionpadelstore.com\\\/it\\\/prodotto\\\/paletero-siux-diablo-4\\\/#breadcrumb\",\"itemListElement\":[{\"@type\":\"ListItem\",\"position\":1,\"name\":\"Portada\",\"item\":\"https:\\\/\\\/revolutionpadelstore.com\\\/it\\\/\"},{\"@type\":\"ListItem\",\"position\":2,\"name\":\"Tienda\",\"item\":\"https:\\\/\\\/revolutionpadelstore.com\\\/it\\\/tienda\\\/\"},{\"@type\":\"ListItem\",\"position\":3,\"name\":\"PALETERO SIUX DIABLO\"}]},{\"@type\":\"WebSite\",\"@id\":\"https:\\\/\\\/revolutionpadelstore.com\\\/it\\\/#website\",\"url\":\"https:\\\/\\\/revolutionpadelstore.com\\\/it\\\/\",\"name\":\"Revolution Padel Store\",\"description\":\"\",\"publisher\":{\"@id\":\"https:\\\/\\\/revolutionpadelstore.com\\\/it\\\/#organization\"},\"potentialAction\":[{\"@type\":\"SearchAction\",\"target\":{\"@type\":\"EntryPoint\",\"urlTemplate\":\"https:\\\/\\\/revolutionpadelstore.com\\\/it\\\/?s={search_term_string}\"},\"query-input\":{\"@type\":\"PropertyValueSpecification\",\"valueRequired\":true,\"valueName\":\"search_term_string\"}}],\"inLanguage\":\"it-IT\"},{\"@type\":\"Organization\",\"@id\":\"https:\\\/\\\/revolutionpadelstore.com\\\/it\\\/#organization\",\"name\":\"Revolution Padel Store\",\"url\":\"https:\\\/\\\/revolutionpadelstore.com\\\/it\\\/\",\"logo\":{\"@type\":\"ImageObject\",\"inLanguage\":\"it-IT\",\"@id\":\"https:\\\/\\\/revolutionpadelstore.com\\\/it\\\/#\\\/schema\\\/logo\\\/image\\\/\",\"url\":\"https:\\\/\\\/revolutionpadelstore.com\\\/wp-content\\\/uploads\\\/2026\\\/02\\\/revolution-padel-store.jpg\",\"contentUrl\":\"https:\\\/\\\/revolutionpadelstore.com\\\/wp-content\\\/uploads\\\/2026\\\/02\\\/revolution-padel-store.jpg\",\"width\":2000,\"height\":2000,\"caption\":\"Revolution Padel Store\"},\"image\":{\"@id\":\"https:\\\/\\\/revolutionpadelstore.com\\\/it\\\/#\\\/schema\\\/logo\\\/image\\\/\"},\"sameAs\":[\"https:\\\/\\\/www.instagram.com\\\/revolutionpadelstore\\\/\"]}]}<\/script>\n<!-- \/ Yoast SEO plugin. -->","yoast_head_json":{"title":"PALETERO SIUX DIABLO - Revolution Padel Store","description":"Paletero Siux Diablo Sanyo SS24 exclusivo de la colecci\u00f3n 2024. Dise\u00f1o t\u00e9rmico, gran capacidad y comodidad. Disponible ya en Revolution Padel Store al mejor precio.","robots":{"index":"index","follow":"follow","max-snippet":"max-snippet:-1","max-image-preview":"max-image-preview:large","max-video-preview":"max-video-preview:-1"},"canonical":"https:\/\/revolutionpadelstore.com\/it\/prodotto\/paletero-siux-diablo-4\/","og_locale":"it_IT","og_type":"article","og_title":"PALETERO SIUX DIABLO - Revolution Padel Store","og_description":"Paletero Siux Diablo Sanyo SS24 exclusivo de la colecci\u00f3n 2024. Dise\u00f1o t\u00e9rmico, gran capacidad y comodidad. Disponible ya en Revolution Padel Store al mejor precio.","og_url":"https:\/\/revolutionpadelstore.com\/it\/prodotto\/paletero-siux-diablo-4\/","og_site_name":"Revolution Padel Store","article_modified_time":"2026-04-08T03:29:49+00:00","og_image":[{"width":1500,"height":1500,"url":"https:\/\/revolutionpadelstore.com\/wp-content\/uploads\/2025\/03\/109435_paletero_siux_diablo_sanyo_ss24_1500x1500_1_4dc7.webp","type":"image\/webp"}],"twitter_card":"summary_large_image","twitter_misc":{"Tempo di lettura stimato":"2 minuti"},"schema":{"@context":"https:\/\/schema.org","@graph":[{"@type":"WebPage","@id":"https:\/\/revolutionpadelstore.com\/it\/prodotto\/paletero-siux-diablo-4\/","url":"https:\/\/revolutionpadelstore.com\/it\/prodotto\/paletero-siux-diablo-4\/","name":"PALETERO SIUX DIABLO - Revolution Padel Store","isPartOf":{"@id":"https:\/\/revolutionpadelstore.com\/it\/#website"},"primaryImageOfPage":{"@id":"https:\/\/revolutionpadelstore.com\/it\/prodotto\/paletero-siux-diablo-4\/#primaryimage"},"image":{"@id":"https:\/\/revolutionpadelstore.com\/it\/prodotto\/paletero-siux-diablo-4\/#primaryimage"},"thumbnailUrl":"https:\/\/revolutionpadelstore.com\/wp-content\/uploads\/2025\/03\/109435_paletero_siux_diablo_sanyo_ss24_1500x1500_1_4dc7.webp","datePublished":"2025-03-31T20:36:42+00:00","dateModified":"2026-04-08T03:29:49+00:00","description":"Paletero Siux Diablo Sanyo SS24 exclusivo de la colecci\u00f3n 2024. Dise\u00f1o t\u00e9rmico, gran capacidad y comodidad. Disponible ya en Revolution Padel Store al mejor precio.","breadcrumb":{"@id":"https:\/\/revolutionpadelstore.com\/it\/prodotto\/paletero-siux-diablo-4\/#breadcrumb"},"inLanguage":"it-IT","potentialAction":[{"@type":"ReadAction","target":["https:\/\/revolutionpadelstore.com\/it\/prodotto\/paletero-siux-diablo-4\/"]}]},{"@type":"ImageObject","inLanguage":"it-IT","@id":"https:\/\/revolutionpadelstore.com\/it\/prodotto\/paletero-siux-diablo-4\/#primaryimage","url":"https:\/\/revolutionpadelstore.com\/wp-content\/uploads\/2025\/03\/109435_paletero_siux_diablo_sanyo_ss24_1500x1500_1_4dc7.webp","contentUrl":"https:\/\/revolutionpadelstore.com\/wp-content\/uploads\/2025\/03\/109435_paletero_siux_diablo_sanyo_ss24_1500x1500_1_4dc7.webp","width":1500,"height":1500},{"@type":"BreadcrumbList","@id":"https:\/\/revolutionpadelstore.com\/it\/prodotto\/paletero-siux-diablo-4\/#breadcrumb","itemListElement":[{"@type":"ListItem","position":1,"name":"Portada","item":"https:\/\/revolutionpadelstore.com\/it\/"},{"@type":"ListItem","position":2,"name":"Tienda","item":"https:\/\/revolutionpadelstore.com\/it\/tienda\/"},{"@type":"ListItem","position":3,"name":"PALETERO SIUX DIABLO"}]},{"@type":"WebSite","@id":"https:\/\/revolutionpadelstore.com\/it\/#website","url":"https:\/\/revolutionpadelstore.com\/it\/","name":"Revolution Padel Store","description":"","publisher":{"@id":"https:\/\/revolutionpadelstore.com\/it\/#organization"},"potentialAction":[{"@type":"SearchAction","target":{"@type":"EntryPoint","urlTemplate":"https:\/\/revolutionpadelstore.com\/it\/?s={search_term_string}"},"query-input":{"@type":"PropertyValueSpecification","valueRequired":true,"valueName":"search_term_string"}}],"inLanguage":"it-IT"},{"@type":"Organization","@id":"https:\/\/revolutionpadelstore.com\/it\/#organization","name":"Revolution Padel Store","url":"https:\/\/revolutionpadelstore.com\/it\/","logo":{"@type":"ImageObject","inLanguage":"it-IT","@id":"https:\/\/revolutionpadelstore.com\/it\/#\/schema\/logo\/image\/","url":"https:\/\/revolutionpadelstore.com\/wp-content\/uploads\/2026\/02\/revolution-padel-store.jpg","contentUrl":"https:\/\/revolutionpadelstore.com\/wp-content\/uploads\/2026\/02\/revolution-padel-store.jpg","width":2000,"height":2000,"caption":"Revolution Padel Store"},"image":{"@id":"https:\/\/revolutionpadelstore.com\/it\/#\/schema\/logo\/image\/"},"sameAs":["https:\/\/www.instagram.com\/revolutionpadelstore\/"]}]}},"_links":{"self":[{"href":"https:\/\/revolutionpadelstore.com\/it\/wp-json\/wp\/v2\/product\/216682","targetHints":{"allow":["GET"]}}],"collection":[{"href":"https:\/\/revolutionpadelstore.com\/it\/wp-json\/wp\/v2\/product"}],"about":[{"href":"https:\/\/revolutionpadelstore.com\/it\/wp-json\/wp\/v2\/types\/product"}],"replies":[{"embeddable":true,"href":"https:\/\/revolutionpadelstore.com\/it\/wp-json\/wp\/v2\/comments?post=216682"}],"wp:featuredmedia":[{"embeddable":true,"href":"https:\/\/revolutionpadelstore.com\/it\/wp-json\/wp\/v2\/media\/216634"}],"wp:attachment":[{"href":"https:\/\/revolutionpadelstore.com\/it\/wp-json\/wp\/v2\/media?parent=216682"}],"wp:term":[{"taxonomy":"acabado","embeddable":true,"href":"https:\/\/revolutionpadelstore.com\/it\/wp-json\/wp\/v2\/acabado?post=216682"},{"taxonomy":"balance","embeddable":true,"href":"https:\/\/revolutionpadelstore.com\/it\/wp-json\/wp\/v2\/balance?post=216682"},{"taxonomy":"dureza","embeddable":true,"href":"https:\/\/revolutionpadelstore.com\/it\/wp-json\/wp\/v2\/dureza?post=216682"},{"taxonomy":"forma","embeddable":true,"href":"https:\/\/revolutionpadelstore.com\/it\/wp-json\/wp\/v2\/forma?post=216682"},{"taxonomy":"jugador","embeddable":true,"href":"https:\/\/revolutionpadelstore.com\/it\/wp-json\/wp\/v2\/jugador?post=216682"},{"taxonomy":"marca","embeddable":true,"href":"https:\/\/revolutionpadelstore.com\/it\/wp-json\/wp\/v2\/marca?post=216682"},{"taxonomy":"nivel-de-juego","embeddable":true,"href":"https:\/\/revolutionpadelstore.com\/it\/wp-json\/wp\/v2\/nivel-de-juego?post=216682"},{"taxonomy":"superficie","embeddable":true,"href":"https:\/\/revolutionpadelstore.com\/it\/wp-json\/wp\/v2\/superficie?post=216682"},{"taxonomy":"tipo-de-juego","embeddable":true,"href":"https:\/\/revolutionpadelstore.com\/it\/wp-json\/wp\/v2\/tipo-de-juego?post=216682"},{"taxonomy":"product_brand","embeddable":true,"href":"https:\/\/revolutionpadelstore.com\/it\/wp-json\/wp\/v2\/product_brand?post=216682"},{"taxonomy":"product_cat","embeddable":true,"href":"https:\/\/revolutionpadelstore.com\/it\/wp-json\/wp\/v2\/product_cat?post=216682"},{"taxonomy":"product_tag","embeddable":true,"href":"https:\/\/revolutionpadelstore.com\/it\/wp-json\/wp\/v2\/product_tag?post=216682"}],"curies":[{"name":"wp","href":"https:\/\/api.w.org\/{rel}","templated":true}]}}