{"id":216235,"date":"2025-03-10T08:14:36","date_gmt":"2025-03-10T07:14:36","guid":{"rendered":"https:\/\/revolutionpadelstore.com\/siux-beat-hybrid-2\/"},"modified":"2026-04-08T05:53:38","modified_gmt":"2026-04-08T03:53:38","slug":"siux-beat-hybrid-2-4","status":"publish","type":"product","link":"https:\/\/revolutionpadelstore.com\/it\/prodotto\/siux-beat-hybrid-2-4\/","title":{"rendered":"SIUX BEAT HYBRID 2"},"content":{"rendered":"<h2> siux beat ibrido 2 2025 &#8211; pala ibrida polivalente per i giocatori in evoluzione <\/h2>\n<p>Il <strong> Siux Beat Hybrid 2 2025 <\/strong> \u00e8 l&#8217;alleato ideale per coloro che iniziano nel mondo della pagaia e cercano una pala che combina potenza <strong> e controllo <\/strong> con un design moderno. Grazie alla sua forma ibrida e alla media equilibrio, consente un gioco versatile ed equilibrato, perfetto per adattarsi a diversi stili di gioco migliorando al contempo la tua tecnica.<\/p>\n<p>Prodotta con <strong> piano in vetro in fibra e telaio <\/strong>, questa pala fornisce un&#8217;eccellente flessibilit\u00e0 e resistenza <\/strong>, accompagnata da un <strong> tocco medio <\/strong> che facilita il dominio progressivo del successo. Il suo nucleo di gomma EVA garantisce un efficiente assorbimento di vibrazioni, fornendo una sensazione di colpo comoda e controllata.<\/p>\n<h2> Perch\u00e9 scegliere Siux Beat Hybrid 2 2025?<br \/>\n&lt;p style = &quot;padding-left: 40px;&quot;<br \/>\n&lt;p style = &quot;padding-left: 40px;&quot;<br \/>\n&lt;P style = &quot;padding-left: 40px;&quot;<br \/>\n<P style=\"padding-left: 40px\"> <strong> -eva gomma insensibile<br \/>\n<P style=\"padding-left: 40px\"> <strong> -pex tra 355-375 g<br \/>\n&lt;p style = &quot;padding-left: 40px;&quot;<\/p>\n<h2> Ideale per i giocatori per principianti <\/h2>\n<p>Il <strong> Siux Beat Hybrid 2 2025 <\/strong> \u00e8 una pala perfetta per coloro che stanno facendo i loro primi passi nella pagaia. Ti permetter\u00e0 di sperimentare diversi tipi di gioco, migliorando le tue prestazioni in ogni gioco grazie alla sua costruzione di tecnologie di alta qualit\u00e0 e adattabili. \u00c8 un&#8217;opzione raccomandata per coloro che desiderano un prodotto affidabile e versatile, senza rinunciare al design o al comfort.<\/p>\n<p><strong> Non perdere l&#8217;opportunit\u00e0 <\/strong> di iniziare con una pala che ti accompagna nei tuoi progressi dal primo momento. Ottieni il Siux Beat Hybrid 2 2025 e inizia a dominare la traccia!<\/p>\n<p>Disponibile ora nel nostro negozio online <a href=\"https:\/\/www.revolutionpadelstore.com\/\"> www.revolutionpadelstore.com <\/a>, probabilmente <strong> al miglior prezzo di mercato <\/strong>.<\/p>\n<h2>Siux Beat Hybrid 2 2025 \u2013 Pala de p\u00e1del h\u00edbrida polivalente para jugadores en evoluci\u00f3n<\/h2>\n","protected":false},"excerpt":{"rendered":"<p>Il Siux Beat Hybrid 2 2025 \u00e8 una pala versatile che offre un buon equilibrio tra forza e precisione, perfetta per i giocatori principianti che stanno avanzando al loro livello di gioco.<\/p>\n","protected":false},"featured_media":216241,"comment_status":"open","ping_status":"closed","template":"","meta":{"_acf_changed":false,"_joinchat":[]},"acabado":[1081],"balance":[1141],"dureza":[1156],"forma":[1176],"jugador":[1201,1191],"marca":[1306],"nivel-de-juego":[1341,1351],"superficie":[1356],"tipo-de-juego":[1386],"product_brand":[],"product_cat":[301],"product_tag":[],"class_list":{"0":"post-216235","1":"product","2":"type-product","3":"status-publish","4":"has-post-thumbnail","6":"acabado-luminosita","7":"balance-medio-it","8":"dureza-media-it","9":"forma-ibrido","10":"jugador-multiuso","11":"jugador-uomo","12":"marca-siux-it","13":"superficie-lisa-it","14":"tipo-de-juego-multiuso","15":"product_cat-palas-de-padel-it","17":"first","18":"instock","19":"sale","20":"taxable","21":"shipping-taxable","22":"purchasable","23":"product-type-simple"},"acf":[],"yoast_head":"<!-- This site is optimized with the Yoast SEO plugin v27.4 - https:\/\/yoast.com\/product\/yoast-seo-wordpress\/ -->\n<title>SIUX BEAT HYBRID 2 - Revolution Padel Store<\/title>\n<meta name=\"description\" content=\"Descubre la nueva Siux Beat Hybrid 2 2025, pala de p\u00e1del polivalente ideal para jugadores principiantes. Equilibrio entre potencia y control, con acabado brillante. \u00a1C\u00f3mprala en Revolution Padel Store al mejor precio!\" \/>\n<meta name=\"robots\" content=\"index, follow, max-snippet:-1, max-image-preview:large, max-video-preview:-1\" \/>\n<link rel=\"canonical\" href=\"https:\/\/revolutionpadelstore.com\/it\/prodotto\/siux-beat-hybrid-2-4\/\" \/>\n<meta property=\"og:locale\" content=\"it_IT\" \/>\n<meta property=\"og:type\" content=\"article\" \/>\n<meta property=\"og:title\" content=\"SIUX BEAT HYBRID 2 - Revolution Padel Store\" \/>\n<meta property=\"og:description\" content=\"Descubre la nueva Siux Beat Hybrid 2 2025, pala de p\u00e1del polivalente ideal para jugadores principiantes. Equilibrio entre potencia y control, con acabado brillante. \u00a1C\u00f3mprala en Revolution Padel Store al mejor precio!\" \/>\n<meta property=\"og:url\" content=\"https:\/\/revolutionpadelstore.com\/it\/prodotto\/siux-beat-hybrid-2-4\/\" \/>\n<meta property=\"og:site_name\" content=\"Revolution Padel Store\" \/>\n<meta property=\"article:modified_time\" content=\"2026-04-08T03:53:38+00:00\" \/>\n<meta property=\"og:image\" content=\"https:\/\/revolutionpadelstore.com\/wp-content\/uploads\/2025\/03\/112625-siux-beat-hybrid-2-1500x1500-1.webp\" \/>\n\t<meta property=\"og:image:width\" content=\"1500\" \/>\n\t<meta property=\"og:image:height\" content=\"1500\" \/>\n\t<meta property=\"og:image:type\" content=\"image\/webp\" \/>\n<meta name=\"twitter:card\" content=\"summary_large_image\" \/>\n<meta name=\"twitter:label1\" content=\"Tempo di lettura stimato\" \/>\n\t<meta name=\"twitter:data1\" content=\"2 minuti\" \/>\n<script type=\"application\/ld+json\" class=\"yoast-schema-graph\">{\"@context\":\"https:\\\/\\\/schema.org\",\"@graph\":[{\"@type\":\"WebPage\",\"@id\":\"https:\\\/\\\/revolutionpadelstore.com\\\/it\\\/prodotto\\\/siux-beat-hybrid-2-4\\\/\",\"url\":\"https:\\\/\\\/revolutionpadelstore.com\\\/it\\\/prodotto\\\/siux-beat-hybrid-2-4\\\/\",\"name\":\"SIUX BEAT HYBRID 2 - Revolution Padel Store\",\"isPartOf\":{\"@id\":\"https:\\\/\\\/revolutionpadelstore.com\\\/it\\\/#website\"},\"primaryImageOfPage\":{\"@id\":\"https:\\\/\\\/revolutionpadelstore.com\\\/it\\\/prodotto\\\/siux-beat-hybrid-2-4\\\/#primaryimage\"},\"image\":{\"@id\":\"https:\\\/\\\/revolutionpadelstore.com\\\/it\\\/prodotto\\\/siux-beat-hybrid-2-4\\\/#primaryimage\"},\"thumbnailUrl\":\"https:\\\/\\\/revolutionpadelstore.com\\\/wp-content\\\/uploads\\\/2025\\\/03\\\/112625-siux-beat-hybrid-2-1500x1500-1.webp\",\"datePublished\":\"2025-03-10T07:14:36+00:00\",\"dateModified\":\"2026-04-08T03:53:38+00:00\",\"description\":\"Descubre la nueva Siux Beat Hybrid 2 2025, pala de p\u00e1del polivalente ideal para jugadores principiantes. Equilibrio entre potencia y control, con acabado brillante. \u00a1C\u00f3mprala en Revolution Padel Store al mejor precio!\",\"breadcrumb\":{\"@id\":\"https:\\\/\\\/revolutionpadelstore.com\\\/it\\\/prodotto\\\/siux-beat-hybrid-2-4\\\/#breadcrumb\"},\"inLanguage\":\"it-IT\",\"potentialAction\":[{\"@type\":\"ReadAction\",\"target\":[\"https:\\\/\\\/revolutionpadelstore.com\\\/it\\\/prodotto\\\/siux-beat-hybrid-2-4\\\/\"]}]},{\"@type\":\"ImageObject\",\"inLanguage\":\"it-IT\",\"@id\":\"https:\\\/\\\/revolutionpadelstore.com\\\/it\\\/prodotto\\\/siux-beat-hybrid-2-4\\\/#primaryimage\",\"url\":\"https:\\\/\\\/revolutionpadelstore.com\\\/wp-content\\\/uploads\\\/2025\\\/03\\\/112625-siux-beat-hybrid-2-1500x1500-1.webp\",\"contentUrl\":\"https:\\\/\\\/revolutionpadelstore.com\\\/wp-content\\\/uploads\\\/2025\\\/03\\\/112625-siux-beat-hybrid-2-1500x1500-1.webp\",\"width\":1500,\"height\":1500},{\"@type\":\"BreadcrumbList\",\"@id\":\"https:\\\/\\\/revolutionpadelstore.com\\\/it\\\/prodotto\\\/siux-beat-hybrid-2-4\\\/#breadcrumb\",\"itemListElement\":[{\"@type\":\"ListItem\",\"position\":1,\"name\":\"Portada\",\"item\":\"https:\\\/\\\/revolutionpadelstore.com\\\/it\\\/\"},{\"@type\":\"ListItem\",\"position\":2,\"name\":\"Tienda\",\"item\":\"https:\\\/\\\/revolutionpadelstore.com\\\/it\\\/tienda\\\/\"},{\"@type\":\"ListItem\",\"position\":3,\"name\":\"SIUX BEAT HYBRID 2\"}]},{\"@type\":\"WebSite\",\"@id\":\"https:\\\/\\\/revolutionpadelstore.com\\\/it\\\/#website\",\"url\":\"https:\\\/\\\/revolutionpadelstore.com\\\/it\\\/\",\"name\":\"Revolution Padel Store\",\"description\":\"\",\"publisher\":{\"@id\":\"https:\\\/\\\/revolutionpadelstore.com\\\/it\\\/#organization\"},\"potentialAction\":[{\"@type\":\"SearchAction\",\"target\":{\"@type\":\"EntryPoint\",\"urlTemplate\":\"https:\\\/\\\/revolutionpadelstore.com\\\/it\\\/?s={search_term_string}\"},\"query-input\":{\"@type\":\"PropertyValueSpecification\",\"valueRequired\":true,\"valueName\":\"search_term_string\"}}],\"inLanguage\":\"it-IT\"},{\"@type\":\"Organization\",\"@id\":\"https:\\\/\\\/revolutionpadelstore.com\\\/it\\\/#organization\",\"name\":\"Revolution Padel Store\",\"url\":\"https:\\\/\\\/revolutionpadelstore.com\\\/it\\\/\",\"logo\":{\"@type\":\"ImageObject\",\"inLanguage\":\"it-IT\",\"@id\":\"https:\\\/\\\/revolutionpadelstore.com\\\/it\\\/#\\\/schema\\\/logo\\\/image\\\/\",\"url\":\"https:\\\/\\\/revolutionpadelstore.com\\\/wp-content\\\/uploads\\\/2026\\\/02\\\/revolution-padel-store.jpg\",\"contentUrl\":\"https:\\\/\\\/revolutionpadelstore.com\\\/wp-content\\\/uploads\\\/2026\\\/02\\\/revolution-padel-store.jpg\",\"width\":2000,\"height\":2000,\"caption\":\"Revolution Padel Store\"},\"image\":{\"@id\":\"https:\\\/\\\/revolutionpadelstore.com\\\/it\\\/#\\\/schema\\\/logo\\\/image\\\/\"},\"sameAs\":[\"https:\\\/\\\/www.instagram.com\\\/revolutionpadelstore\\\/\"]}]}<\/script>\n<!-- \/ Yoast SEO plugin. -->","yoast_head_json":{"title":"SIUX BEAT HYBRID 2 - Revolution Padel Store","description":"Descubre la nueva Siux Beat Hybrid 2 2025, pala de p\u00e1del polivalente ideal para jugadores principiantes. Equilibrio entre potencia y control, con acabado brillante. \u00a1C\u00f3mprala en Revolution Padel Store al mejor precio!","robots":{"index":"index","follow":"follow","max-snippet":"max-snippet:-1","max-image-preview":"max-image-preview:large","max-video-preview":"max-video-preview:-1"},"canonical":"https:\/\/revolutionpadelstore.com\/it\/prodotto\/siux-beat-hybrid-2-4\/","og_locale":"it_IT","og_type":"article","og_title":"SIUX BEAT HYBRID 2 - Revolution Padel Store","og_description":"Descubre la nueva Siux Beat Hybrid 2 2025, pala de p\u00e1del polivalente ideal para jugadores principiantes. Equilibrio entre potencia y control, con acabado brillante. \u00a1C\u00f3mprala en Revolution Padel Store al mejor precio!","og_url":"https:\/\/revolutionpadelstore.com\/it\/prodotto\/siux-beat-hybrid-2-4\/","og_site_name":"Revolution Padel Store","article_modified_time":"2026-04-08T03:53:38+00:00","og_image":[{"width":1500,"height":1500,"url":"https:\/\/revolutionpadelstore.com\/wp-content\/uploads\/2025\/03\/112625-siux-beat-hybrid-2-1500x1500-1.webp","type":"image\/webp"}],"twitter_card":"summary_large_image","twitter_misc":{"Tempo di lettura stimato":"2 minuti"},"schema":{"@context":"https:\/\/schema.org","@graph":[{"@type":"WebPage","@id":"https:\/\/revolutionpadelstore.com\/it\/prodotto\/siux-beat-hybrid-2-4\/","url":"https:\/\/revolutionpadelstore.com\/it\/prodotto\/siux-beat-hybrid-2-4\/","name":"SIUX BEAT HYBRID 2 - Revolution Padel Store","isPartOf":{"@id":"https:\/\/revolutionpadelstore.com\/it\/#website"},"primaryImageOfPage":{"@id":"https:\/\/revolutionpadelstore.com\/it\/prodotto\/siux-beat-hybrid-2-4\/#primaryimage"},"image":{"@id":"https:\/\/revolutionpadelstore.com\/it\/prodotto\/siux-beat-hybrid-2-4\/#primaryimage"},"thumbnailUrl":"https:\/\/revolutionpadelstore.com\/wp-content\/uploads\/2025\/03\/112625-siux-beat-hybrid-2-1500x1500-1.webp","datePublished":"2025-03-10T07:14:36+00:00","dateModified":"2026-04-08T03:53:38+00:00","description":"Descubre la nueva Siux Beat Hybrid 2 2025, pala de p\u00e1del polivalente ideal para jugadores principiantes. Equilibrio entre potencia y control, con acabado brillante. \u00a1C\u00f3mprala en Revolution Padel Store al mejor precio!","breadcrumb":{"@id":"https:\/\/revolutionpadelstore.com\/it\/prodotto\/siux-beat-hybrid-2-4\/#breadcrumb"},"inLanguage":"it-IT","potentialAction":[{"@type":"ReadAction","target":["https:\/\/revolutionpadelstore.com\/it\/prodotto\/siux-beat-hybrid-2-4\/"]}]},{"@type":"ImageObject","inLanguage":"it-IT","@id":"https:\/\/revolutionpadelstore.com\/it\/prodotto\/siux-beat-hybrid-2-4\/#primaryimage","url":"https:\/\/revolutionpadelstore.com\/wp-content\/uploads\/2025\/03\/112625-siux-beat-hybrid-2-1500x1500-1.webp","contentUrl":"https:\/\/revolutionpadelstore.com\/wp-content\/uploads\/2025\/03\/112625-siux-beat-hybrid-2-1500x1500-1.webp","width":1500,"height":1500},{"@type":"BreadcrumbList","@id":"https:\/\/revolutionpadelstore.com\/it\/prodotto\/siux-beat-hybrid-2-4\/#breadcrumb","itemListElement":[{"@type":"ListItem","position":1,"name":"Portada","item":"https:\/\/revolutionpadelstore.com\/it\/"},{"@type":"ListItem","position":2,"name":"Tienda","item":"https:\/\/revolutionpadelstore.com\/it\/tienda\/"},{"@type":"ListItem","position":3,"name":"SIUX BEAT HYBRID 2"}]},{"@type":"WebSite","@id":"https:\/\/revolutionpadelstore.com\/it\/#website","url":"https:\/\/revolutionpadelstore.com\/it\/","name":"Revolution Padel Store","description":"","publisher":{"@id":"https:\/\/revolutionpadelstore.com\/it\/#organization"},"potentialAction":[{"@type":"SearchAction","target":{"@type":"EntryPoint","urlTemplate":"https:\/\/revolutionpadelstore.com\/it\/?s={search_term_string}"},"query-input":{"@type":"PropertyValueSpecification","valueRequired":true,"valueName":"search_term_string"}}],"inLanguage":"it-IT"},{"@type":"Organization","@id":"https:\/\/revolutionpadelstore.com\/it\/#organization","name":"Revolution Padel Store","url":"https:\/\/revolutionpadelstore.com\/it\/","logo":{"@type":"ImageObject","inLanguage":"it-IT","@id":"https:\/\/revolutionpadelstore.com\/it\/#\/schema\/logo\/image\/","url":"https:\/\/revolutionpadelstore.com\/wp-content\/uploads\/2026\/02\/revolution-padel-store.jpg","contentUrl":"https:\/\/revolutionpadelstore.com\/wp-content\/uploads\/2026\/02\/revolution-padel-store.jpg","width":2000,"height":2000,"caption":"Revolution Padel Store"},"image":{"@id":"https:\/\/revolutionpadelstore.com\/it\/#\/schema\/logo\/image\/"},"sameAs":["https:\/\/www.instagram.com\/revolutionpadelstore\/"]}]}},"_links":{"self":[{"href":"https:\/\/revolutionpadelstore.com\/it\/wp-json\/wp\/v2\/product\/216235","targetHints":{"allow":["GET"]}}],"collection":[{"href":"https:\/\/revolutionpadelstore.com\/it\/wp-json\/wp\/v2\/product"}],"about":[{"href":"https:\/\/revolutionpadelstore.com\/it\/wp-json\/wp\/v2\/types\/product"}],"replies":[{"embeddable":true,"href":"https:\/\/revolutionpadelstore.com\/it\/wp-json\/wp\/v2\/comments?post=216235"}],"wp:featuredmedia":[{"embeddable":true,"href":"https:\/\/revolutionpadelstore.com\/it\/wp-json\/wp\/v2\/media\/216241"}],"wp:attachment":[{"href":"https:\/\/revolutionpadelstore.com\/it\/wp-json\/wp\/v2\/media?parent=216235"}],"wp:term":[{"taxonomy":"acabado","embeddable":true,"href":"https:\/\/revolutionpadelstore.com\/it\/wp-json\/wp\/v2\/acabado?post=216235"},{"taxonomy":"balance","embeddable":true,"href":"https:\/\/revolutionpadelstore.com\/it\/wp-json\/wp\/v2\/balance?post=216235"},{"taxonomy":"dureza","embeddable":true,"href":"https:\/\/revolutionpadelstore.com\/it\/wp-json\/wp\/v2\/dureza?post=216235"},{"taxonomy":"forma","embeddable":true,"href":"https:\/\/revolutionpadelstore.com\/it\/wp-json\/wp\/v2\/forma?post=216235"},{"taxonomy":"jugador","embeddable":true,"href":"https:\/\/revolutionpadelstore.com\/it\/wp-json\/wp\/v2\/jugador?post=216235"},{"taxonomy":"marca","embeddable":true,"href":"https:\/\/revolutionpadelstore.com\/it\/wp-json\/wp\/v2\/marca?post=216235"},{"taxonomy":"nivel-de-juego","embeddable":true,"href":"https:\/\/revolutionpadelstore.com\/it\/wp-json\/wp\/v2\/nivel-de-juego?post=216235"},{"taxonomy":"superficie","embeddable":true,"href":"https:\/\/revolutionpadelstore.com\/it\/wp-json\/wp\/v2\/superficie?post=216235"},{"taxonomy":"tipo-de-juego","embeddable":true,"href":"https:\/\/revolutionpadelstore.com\/it\/wp-json\/wp\/v2\/tipo-de-juego?post=216235"},{"taxonomy":"product_brand","embeddable":true,"href":"https:\/\/revolutionpadelstore.com\/it\/wp-json\/wp\/v2\/product_brand?post=216235"},{"taxonomy":"product_cat","embeddable":true,"href":"https:\/\/revolutionpadelstore.com\/it\/wp-json\/wp\/v2\/product_cat?post=216235"},{"taxonomy":"product_tag","embeddable":true,"href":"https:\/\/revolutionpadelstore.com\/it\/wp-json\/wp\/v2\/product_tag?post=216235"}],"curies":[{"name":"wp","href":"https:\/\/api.w.org\/{rel}","templated":true}]}}