{"id":216152,"date":"2025-03-21T19:02:10","date_gmt":"2025-03-21T18:02:10","guid":{"rendered":"https:\/\/revolutionpadelstore.com\/paletero-head-tour-team-padel-monstercombi-blnv\/"},"modified":"2026-04-08T05:32:40","modified_gmt":"2026-04-08T03:32:40","slug":"paletero-head-tour-team-padel-monstercombi-blnv-4","status":"publish","type":"product","link":"https:\/\/revolutionpadelstore.com\/it\/prodotto\/paletero-head-tour-team-padel-monstercombi-blnv-4\/","title":{"rendered":"PALETERO HEAD TOUR TEAM PADEL MONSTERCOMBI BLNV"},"content":{"rendered":"<h2> Paletero Head Tour Team MonsterCombi- <strong> spazio, stile e protezione termica per le tue lame <\/strong> <\/h2>\n<p>Monstercombibi <\/strong> il team di Paletero <strong> head tour \u00e8 il partner ideale per i giocatori di paddle che cercano ampiezza <strong>, comfort e tecnologia avanzata <\/strong> in ogni spostamento. Con un design moderno e disponibile nei due colori attuali, questa borsa offre non solo estetica, ma anche funzionalit\u00e0 di alto livello.<\/p>\n<h2> Protezione massima con tecnologia CCT+<\/h2>\n<p>Uno dei suoi attributi principali \u00e8 il sistema <strong> CCT+ (tecnologia di controllo del clima) <\/strong>, un compartimento termico appositamente progettato per proteggere le tue pale da temperature estreme, mantenendole in perfette condizioni indipendentemente dal tempo.<\/p>\n<h2> Ottima capacit\u00e0 e organizzazione <\/h2>\n<p><strong> -Le ampie compartimenti <\/strong>: spazio libero per lame, vestiti e accessori.<\/p>\n<p><strong> -Gegonomic Design <\/strong>: cinghie regolabili per il trasporto comodo, sulla spalla o come zaino.<\/p>\n<p><strong> -ecology Effect <\/strong>: prodotto con carta riciclata e unita con cordone di canapa, riflettendo l&#8217;impegno della testa per l&#8217;ambiente.<\/p>\n<h2> caratteristiche eccezionali <\/h2>\n<p>-Ter scomparti spaziosi per tutte le tue attrezzature.<\/p>\n<p>-CT+ tecnologia di controllo termico.<\/p>\n<p>-COAT e armadi regolabili.<\/p>\n<p>-Insussibile e moderno design.<\/p>\n<p>-Ideal per giocatori esigenti e professionisti.<\/p>\n<p>Ottieni con il Paletero <strong> head tour team Monstercombi <\/strong> e trasporta tutto ci\u00f2 di cui hai bisogno con stile, sicurezza e comfort.<br \/>\n<strong> Non perdere questa opportunit\u00e0 e aggiungere al tuo carrello questa borsa ad alte prestazioni! <\/strong><\/p>\n<p>Disponibile nel nostro negozio online <strong> <a href=\"https:\/\/www.revolutionpadelstore.com\/\"> www.revolutionpadelstore.com <\/a> <\/strong>, <em> probabilmente al miglior prezzo di mercato <\/em>.<\/p>\n<h2>Paletero HEAD Tour Team Monstercombi-\u00a0<strong>Espacio, estilo y protecci\u00f3n t\u00e9rmica para tus palas<\/strong><\/p>\n","protected":false},"excerpt":{"rendered":"<p>Monstercombibi <\/strong> il team di Paletero <strong> head tour \u00e8 il partner ideale per i giocatori di paddle che cercano ampiezza <strong>, comfort e tecnologia avanzata <\/strong> in ogni spostamento.<strong>\u00a0HEAD Tour Team Monstercombi<\/strong><\/p>\n","protected":false},"featured_media":216141,"comment_status":"open","ping_status":"closed","template":"","meta":{"_acf_changed":false,"_joinchat":[]},"acabado":[],"balance":[],"dureza":[],"forma":[],"jugador":[],"marca":[1221],"nivel-de-juego":[],"superficie":[],"tipo-de-juego":[],"product_brand":[],"product_cat":[318],"product_tag":[],"class_list":{"0":"post-216152","1":"product","2":"type-product","3":"status-publish","4":"has-post-thumbnail","6":"marca-testa","7":"product_cat-borse","9":"first","10":"outofstock","11":"sale","12":"taxable","13":"shipping-taxable","14":"purchasable","15":"product-type-simple"},"acf":[],"yoast_head":"<!-- This site is optimized with the Yoast SEO plugin v27.5 - https:\/\/yoast.com\/product\/yoast-seo-wordpress\/ -->\n<title>PALETERO HEAD TOUR TEAM PADEL MONSTERCOMBI BLNV - Revolution Padel Store<\/title>\n<meta name=\"description\" content=\"Descubre la bolsa de p\u00e1del HEAD Tour Team Monstercombi con tecnolog\u00eda t\u00e9rmica CCT+, gran capacidad y dise\u00f1o sostenible. \u00a1Compra online al mejor precio en Revolution Padel Store!\" \/>\n<meta name=\"robots\" content=\"index, follow, max-snippet:-1, max-image-preview:large, max-video-preview:-1\" \/>\n<link rel=\"canonical\" href=\"https:\/\/revolutionpadelstore.com\/it\/prodotto\/paletero-head-tour-team-padel-monstercombi-blnv-4\/\" \/>\n<meta property=\"og:locale\" content=\"it_IT\" \/>\n<meta property=\"og:type\" content=\"article\" \/>\n<meta property=\"og:title\" content=\"PALETERO HEAD TOUR TEAM PADEL MONSTERCOMBI BLNV - Revolution Padel Store\" \/>\n<meta property=\"og:description\" content=\"Descubre la bolsa de p\u00e1del HEAD Tour Team Monstercombi con tecnolog\u00eda t\u00e9rmica CCT+, gran capacidad y dise\u00f1o sostenible. \u00a1Compra online al mejor precio en Revolution Padel Store!\" \/>\n<meta property=\"og:url\" content=\"https:\/\/revolutionpadelstore.com\/it\/prodotto\/paletero-head-tour-team-padel-monstercombi-blnv-4\/\" \/>\n<meta property=\"og:site_name\" content=\"Revolution Padel Store\" \/>\n<meta property=\"article:modified_time\" content=\"2026-04-08T03:32:40+00:00\" \/>\n<meta property=\"og:image\" content=\"https:\/\/revolutionpadelstore.com\/wp-content\/uploads\/2025\/03\/201.png\" \/>\n\t<meta property=\"og:image:width\" content=\"1500\" \/>\n\t<meta property=\"og:image:height\" content=\"1500\" \/>\n\t<meta property=\"og:image:type\" content=\"image\/png\" \/>\n<meta name=\"twitter:card\" content=\"summary_large_image\" \/>\n<meta name=\"twitter:label1\" content=\"Tempo di lettura stimato\" \/>\n\t<meta name=\"twitter:data1\" content=\"2 minuti\" \/>\n<script type=\"application\/ld+json\" class=\"yoast-schema-graph\">{\"@context\":\"https:\\\/\\\/schema.org\",\"@graph\":[{\"@type\":\"WebPage\",\"@id\":\"https:\\\/\\\/revolutionpadelstore.com\\\/it\\\/prodotto\\\/paletero-head-tour-team-padel-monstercombi-blnv-4\\\/\",\"url\":\"https:\\\/\\\/revolutionpadelstore.com\\\/it\\\/prodotto\\\/paletero-head-tour-team-padel-monstercombi-blnv-4\\\/\",\"name\":\"PALETERO HEAD TOUR TEAM PADEL MONSTERCOMBI BLNV - Revolution Padel Store\",\"isPartOf\":{\"@id\":\"https:\\\/\\\/revolutionpadelstore.com\\\/it\\\/#website\"},\"primaryImageOfPage\":{\"@id\":\"https:\\\/\\\/revolutionpadelstore.com\\\/it\\\/prodotto\\\/paletero-head-tour-team-padel-monstercombi-blnv-4\\\/#primaryimage\"},\"image\":{\"@id\":\"https:\\\/\\\/revolutionpadelstore.com\\\/it\\\/prodotto\\\/paletero-head-tour-team-padel-monstercombi-blnv-4\\\/#primaryimage\"},\"thumbnailUrl\":\"https:\\\/\\\/revolutionpadelstore.com\\\/wp-content\\\/uploads\\\/2025\\\/03\\\/201.png\",\"datePublished\":\"2025-03-21T18:02:10+00:00\",\"dateModified\":\"2026-04-08T03:32:40+00:00\",\"description\":\"Descubre la bolsa de p\u00e1del HEAD Tour Team Monstercombi con tecnolog\u00eda t\u00e9rmica CCT+, gran capacidad y dise\u00f1o sostenible. \u00a1Compra online al mejor precio en Revolution Padel Store!\",\"breadcrumb\":{\"@id\":\"https:\\\/\\\/revolutionpadelstore.com\\\/it\\\/prodotto\\\/paletero-head-tour-team-padel-monstercombi-blnv-4\\\/#breadcrumb\"},\"inLanguage\":\"it-IT\",\"potentialAction\":[{\"@type\":\"ReadAction\",\"target\":[\"https:\\\/\\\/revolutionpadelstore.com\\\/it\\\/prodotto\\\/paletero-head-tour-team-padel-monstercombi-blnv-4\\\/\"]}]},{\"@type\":\"ImageObject\",\"inLanguage\":\"it-IT\",\"@id\":\"https:\\\/\\\/revolutionpadelstore.com\\\/it\\\/prodotto\\\/paletero-head-tour-team-padel-monstercombi-blnv-4\\\/#primaryimage\",\"url\":\"https:\\\/\\\/revolutionpadelstore.com\\\/wp-content\\\/uploads\\\/2025\\\/03\\\/201.png\",\"contentUrl\":\"https:\\\/\\\/revolutionpadelstore.com\\\/wp-content\\\/uploads\\\/2025\\\/03\\\/201.png\",\"width\":1500,\"height\":1500},{\"@type\":\"BreadcrumbList\",\"@id\":\"https:\\\/\\\/revolutionpadelstore.com\\\/it\\\/prodotto\\\/paletero-head-tour-team-padel-monstercombi-blnv-4\\\/#breadcrumb\",\"itemListElement\":[{\"@type\":\"ListItem\",\"position\":1,\"name\":\"Portada\",\"item\":\"https:\\\/\\\/revolutionpadelstore.com\\\/it\\\/\"},{\"@type\":\"ListItem\",\"position\":2,\"name\":\"Tienda\",\"item\":\"https:\\\/\\\/revolutionpadelstore.com\\\/it\\\/tienda\\\/\"},{\"@type\":\"ListItem\",\"position\":3,\"name\":\"PALETERO HEAD TOUR TEAM PADEL MONSTERCOMBI BLNV\"}]},{\"@type\":\"WebSite\",\"@id\":\"https:\\\/\\\/revolutionpadelstore.com\\\/it\\\/#website\",\"url\":\"https:\\\/\\\/revolutionpadelstore.com\\\/it\\\/\",\"name\":\"Revolution Padel Store\",\"description\":\"\",\"publisher\":{\"@id\":\"https:\\\/\\\/revolutionpadelstore.com\\\/it\\\/#organization\"},\"potentialAction\":[{\"@type\":\"SearchAction\",\"target\":{\"@type\":\"EntryPoint\",\"urlTemplate\":\"https:\\\/\\\/revolutionpadelstore.com\\\/it\\\/?s={search_term_string}\"},\"query-input\":{\"@type\":\"PropertyValueSpecification\",\"valueRequired\":true,\"valueName\":\"search_term_string\"}}],\"inLanguage\":\"it-IT\"},{\"@type\":\"Organization\",\"@id\":\"https:\\\/\\\/revolutionpadelstore.com\\\/it\\\/#organization\",\"name\":\"Revolution Padel Store\",\"url\":\"https:\\\/\\\/revolutionpadelstore.com\\\/it\\\/\",\"logo\":{\"@type\":\"ImageObject\",\"inLanguage\":\"it-IT\",\"@id\":\"https:\\\/\\\/revolutionpadelstore.com\\\/it\\\/#\\\/schema\\\/logo\\\/image\\\/\",\"url\":\"https:\\\/\\\/revolutionpadelstore.com\\\/wp-content\\\/uploads\\\/2026\\\/02\\\/revolution-padel-store.jpg\",\"contentUrl\":\"https:\\\/\\\/revolutionpadelstore.com\\\/wp-content\\\/uploads\\\/2026\\\/02\\\/revolution-padel-store.jpg\",\"width\":2000,\"height\":2000,\"caption\":\"Revolution Padel Store\"},\"image\":{\"@id\":\"https:\\\/\\\/revolutionpadelstore.com\\\/it\\\/#\\\/schema\\\/logo\\\/image\\\/\"},\"sameAs\":[\"https:\\\/\\\/www.instagram.com\\\/revolutionpadelstore\\\/\"]}]}<\/script>\n<!-- \/ Yoast SEO plugin. -->","yoast_head_json":{"title":"PALETERO HEAD TOUR TEAM PADEL MONSTERCOMBI BLNV - Revolution Padel Store","description":"Descubre la bolsa de p\u00e1del HEAD Tour Team Monstercombi con tecnolog\u00eda t\u00e9rmica CCT+, gran capacidad y dise\u00f1o sostenible. \u00a1Compra online al mejor precio en Revolution Padel Store!","robots":{"index":"index","follow":"follow","max-snippet":"max-snippet:-1","max-image-preview":"max-image-preview:large","max-video-preview":"max-video-preview:-1"},"canonical":"https:\/\/revolutionpadelstore.com\/it\/prodotto\/paletero-head-tour-team-padel-monstercombi-blnv-4\/","og_locale":"it_IT","og_type":"article","og_title":"PALETERO HEAD TOUR TEAM PADEL MONSTERCOMBI BLNV - Revolution Padel Store","og_description":"Descubre la bolsa de p\u00e1del HEAD Tour Team Monstercombi con tecnolog\u00eda t\u00e9rmica CCT+, gran capacidad y dise\u00f1o sostenible. \u00a1Compra online al mejor precio en Revolution Padel Store!","og_url":"https:\/\/revolutionpadelstore.com\/it\/prodotto\/paletero-head-tour-team-padel-monstercombi-blnv-4\/","og_site_name":"Revolution Padel Store","article_modified_time":"2026-04-08T03:32:40+00:00","og_image":[{"width":1500,"height":1500,"url":"https:\/\/revolutionpadelstore.com\/wp-content\/uploads\/2025\/03\/201.png","type":"image\/png"}],"twitter_card":"summary_large_image","twitter_misc":{"Tempo di lettura stimato":"2 minuti"},"schema":{"@context":"https:\/\/schema.org","@graph":[{"@type":"WebPage","@id":"https:\/\/revolutionpadelstore.com\/it\/prodotto\/paletero-head-tour-team-padel-monstercombi-blnv-4\/","url":"https:\/\/revolutionpadelstore.com\/it\/prodotto\/paletero-head-tour-team-padel-monstercombi-blnv-4\/","name":"PALETERO HEAD TOUR TEAM PADEL MONSTERCOMBI BLNV - Revolution Padel Store","isPartOf":{"@id":"https:\/\/revolutionpadelstore.com\/it\/#website"},"primaryImageOfPage":{"@id":"https:\/\/revolutionpadelstore.com\/it\/prodotto\/paletero-head-tour-team-padel-monstercombi-blnv-4\/#primaryimage"},"image":{"@id":"https:\/\/revolutionpadelstore.com\/it\/prodotto\/paletero-head-tour-team-padel-monstercombi-blnv-4\/#primaryimage"},"thumbnailUrl":"https:\/\/revolutionpadelstore.com\/wp-content\/uploads\/2025\/03\/201.png","datePublished":"2025-03-21T18:02:10+00:00","dateModified":"2026-04-08T03:32:40+00:00","description":"Descubre la bolsa de p\u00e1del HEAD Tour Team Monstercombi con tecnolog\u00eda t\u00e9rmica CCT+, gran capacidad y dise\u00f1o sostenible. \u00a1Compra online al mejor precio en Revolution Padel Store!","breadcrumb":{"@id":"https:\/\/revolutionpadelstore.com\/it\/prodotto\/paletero-head-tour-team-padel-monstercombi-blnv-4\/#breadcrumb"},"inLanguage":"it-IT","potentialAction":[{"@type":"ReadAction","target":["https:\/\/revolutionpadelstore.com\/it\/prodotto\/paletero-head-tour-team-padel-monstercombi-blnv-4\/"]}]},{"@type":"ImageObject","inLanguage":"it-IT","@id":"https:\/\/revolutionpadelstore.com\/it\/prodotto\/paletero-head-tour-team-padel-monstercombi-blnv-4\/#primaryimage","url":"https:\/\/revolutionpadelstore.com\/wp-content\/uploads\/2025\/03\/201.png","contentUrl":"https:\/\/revolutionpadelstore.com\/wp-content\/uploads\/2025\/03\/201.png","width":1500,"height":1500},{"@type":"BreadcrumbList","@id":"https:\/\/revolutionpadelstore.com\/it\/prodotto\/paletero-head-tour-team-padel-monstercombi-blnv-4\/#breadcrumb","itemListElement":[{"@type":"ListItem","position":1,"name":"Portada","item":"https:\/\/revolutionpadelstore.com\/it\/"},{"@type":"ListItem","position":2,"name":"Tienda","item":"https:\/\/revolutionpadelstore.com\/it\/tienda\/"},{"@type":"ListItem","position":3,"name":"PALETERO HEAD TOUR TEAM PADEL MONSTERCOMBI BLNV"}]},{"@type":"WebSite","@id":"https:\/\/revolutionpadelstore.com\/it\/#website","url":"https:\/\/revolutionpadelstore.com\/it\/","name":"Revolution Padel Store","description":"","publisher":{"@id":"https:\/\/revolutionpadelstore.com\/it\/#organization"},"potentialAction":[{"@type":"SearchAction","target":{"@type":"EntryPoint","urlTemplate":"https:\/\/revolutionpadelstore.com\/it\/?s={search_term_string}"},"query-input":{"@type":"PropertyValueSpecification","valueRequired":true,"valueName":"search_term_string"}}],"inLanguage":"it-IT"},{"@type":"Organization","@id":"https:\/\/revolutionpadelstore.com\/it\/#organization","name":"Revolution Padel Store","url":"https:\/\/revolutionpadelstore.com\/it\/","logo":{"@type":"ImageObject","inLanguage":"it-IT","@id":"https:\/\/revolutionpadelstore.com\/it\/#\/schema\/logo\/image\/","url":"https:\/\/revolutionpadelstore.com\/wp-content\/uploads\/2026\/02\/revolution-padel-store.jpg","contentUrl":"https:\/\/revolutionpadelstore.com\/wp-content\/uploads\/2026\/02\/revolution-padel-store.jpg","width":2000,"height":2000,"caption":"Revolution Padel Store"},"image":{"@id":"https:\/\/revolutionpadelstore.com\/it\/#\/schema\/logo\/image\/"},"sameAs":["https:\/\/www.instagram.com\/revolutionpadelstore\/"]}]}},"_links":{"self":[{"href":"https:\/\/revolutionpadelstore.com\/it\/wp-json\/wp\/v2\/product\/216152","targetHints":{"allow":["GET"]}}],"collection":[{"href":"https:\/\/revolutionpadelstore.com\/it\/wp-json\/wp\/v2\/product"}],"about":[{"href":"https:\/\/revolutionpadelstore.com\/it\/wp-json\/wp\/v2\/types\/product"}],"replies":[{"embeddable":true,"href":"https:\/\/revolutionpadelstore.com\/it\/wp-json\/wp\/v2\/comments?post=216152"}],"wp:featuredmedia":[{"embeddable":true,"href":"https:\/\/revolutionpadelstore.com\/it\/wp-json\/wp\/v2\/media\/216141"}],"wp:attachment":[{"href":"https:\/\/revolutionpadelstore.com\/it\/wp-json\/wp\/v2\/media?parent=216152"}],"wp:term":[{"taxonomy":"acabado","embeddable":true,"href":"https:\/\/revolutionpadelstore.com\/it\/wp-json\/wp\/v2\/acabado?post=216152"},{"taxonomy":"balance","embeddable":true,"href":"https:\/\/revolutionpadelstore.com\/it\/wp-json\/wp\/v2\/balance?post=216152"},{"taxonomy":"dureza","embeddable":true,"href":"https:\/\/revolutionpadelstore.com\/it\/wp-json\/wp\/v2\/dureza?post=216152"},{"taxonomy":"forma","embeddable":true,"href":"https:\/\/revolutionpadelstore.com\/it\/wp-json\/wp\/v2\/forma?post=216152"},{"taxonomy":"jugador","embeddable":true,"href":"https:\/\/revolutionpadelstore.com\/it\/wp-json\/wp\/v2\/jugador?post=216152"},{"taxonomy":"marca","embeddable":true,"href":"https:\/\/revolutionpadelstore.com\/it\/wp-json\/wp\/v2\/marca?post=216152"},{"taxonomy":"nivel-de-juego","embeddable":true,"href":"https:\/\/revolutionpadelstore.com\/it\/wp-json\/wp\/v2\/nivel-de-juego?post=216152"},{"taxonomy":"superficie","embeddable":true,"href":"https:\/\/revolutionpadelstore.com\/it\/wp-json\/wp\/v2\/superficie?post=216152"},{"taxonomy":"tipo-de-juego","embeddable":true,"href":"https:\/\/revolutionpadelstore.com\/it\/wp-json\/wp\/v2\/tipo-de-juego?post=216152"},{"taxonomy":"product_brand","embeddable":true,"href":"https:\/\/revolutionpadelstore.com\/it\/wp-json\/wp\/v2\/product_brand?post=216152"},{"taxonomy":"product_cat","embeddable":true,"href":"https:\/\/revolutionpadelstore.com\/it\/wp-json\/wp\/v2\/product_cat?post=216152"},{"taxonomy":"product_tag","embeddable":true,"href":"https:\/\/revolutionpadelstore.com\/it\/wp-json\/wp\/v2\/product_tag?post=216152"}],"curies":[{"name":"wp","href":"https:\/\/api.w.org\/{rel}","templated":true}]}}