{"id":216072,"date":"2025-03-20T10:53:36","date_gmt":"2025-03-20T09:53:36","guid":{"rendered":"https:\/\/revolutionpadelstore.com\/cajon-72-pelotas-18-botes-de-4-uds-dunlop-tour-brillance\/"},"modified":"2026-04-08T05:33:17","modified_gmt":"2026-04-08T03:33:17","slug":"cajon-72-pelotas-18-botes-de-4-uds-dunlop-tour-brillance-4","status":"publish","type":"product","link":"https:\/\/revolutionpadelstore.com\/it\/prodotto\/cajon-72-pelotas-18-botes-de-4-uds-dunlop-tour-brillance-4\/","title":{"rendered":"CAJON 72 PELOTAS-18 BOTES DE 4 UDS-DUNLOP TOUR BRILLANCE"},"content":{"rendered":"<h2> Dunlop Tour Brilliance Tennis Balls <\/h2>\n<p>Scopri il <strong> Dunlop Tour Brilliance Balls <\/strong>, progettato per offrire prestazioni eccezionali sia in competizione che in allenamento. Queste palline da tennis si distinguono per la loro elevata durata e una migliore visibilit\u00e0 grazie alle seguenti tecnologie innovative:<\/p>\n<h2> <strong> tecnologie prominenti <\/strong> <\/h2>\n<p><strong> -Hi -Vis Cloth <\/strong>: con un colorante speciale pi\u00f9 riflettente, il tessuto di queste palline \u00e8 pi\u00f9 luminoso al 10 %, garantendo una migliore visibilit\u00e0 in pista.<\/p>\n<p><strong> -hd core <\/strong>: nucleo ad alta densit\u00e0 che garantisce una durata superiore e prestazioni costanti in qualsiasi superficie di gioco.<\/p>\n<h2> <strong> Caratteristiche principali <\/strong> <\/h2>\n<p>-Il ostacoli pressurizzati di alta qualit\u00e0.<\/p>\n<p>-Ecenti dintorni su tutte le superfici, adattandosi sia a giocatori e dilettanti professionisti.<\/p>\n<p>-Design che ottimizza la resistenza e la visibilit\u00e0.<\/p>\n<h2> <strong> Opzioni di acquisto <\/strong> <\/h2>\n<p><strong> -Pack x3 <\/strong>: ideale per oggetti occasionali o addestramento.<\/p>\n<p><strong> -Dunlop Tour Brilliance <\/strong>: 18 barche con 4 palle ciascuna (totale di 72 palle), perfette per club e giocatori abituali.<\/p>\n<h2> <strong> Perch\u00e9 scegliere Dunlop Tour Brilliance? <\/strong> <\/h2>\n<p>Le palle di brillantezza del Dunlop Tour non solo si distinguono per la loro qualit\u00e0, ma sono progettate per migliorare ogni colpo e adattarsi alle esigenze dei giocatori pi\u00f9 esigenti. Con il nucleo del nucleo HD e il panno hi-vis felci, ti godrai sempre un gioco pi\u00f9 fluido, preciso e visibile.<\/p>\n<h2> <strong> prendili ora! <\/strong> <\/h2>\n<p>Acquista le palle da tennis Dunlop Tour Brilliance nel nostro negozio online <a href=\"https:\/\/www.revolutionpadelstore.com\/\"> www.revolutionpadelstore.com<\/p>\n<h2>Pelotas de Tenis Dunlop Tour Brilliance<\/h2>\n","protected":false},"excerpt":{"rendered":"<p>Dunlop Tour Brilliance Tennis Balls Scopri il Dunlop Tour Brilliance Balls , progettato per offrire prestazioni eccezionali sia in competizione che in allenamento. Queste palline da tennis si distinguono per la loro elevata durata e una migliore visibilit\u00e0 grazie alle seguenti tecnologie innovative: tecnologie prominenti -Hi -Vis Cloth : con un colorante speciale pi\u00f9 riflettente, [&hellip;]<\/p>\n","protected":false},"featured_media":267682,"comment_status":"open","ping_status":"closed","template":"","meta":{"_acf_changed":false,"_joinchat":[]},"acabado":[],"balance":[],"dureza":[],"forma":[],"jugador":[],"marca":[1211],"nivel-de-juego":[],"superficie":[],"tipo-de-juego":[],"product_brand":[],"product_cat":[605],"product_tag":[],"class_list":{"0":"post-216072","1":"product","2":"type-product","3":"status-publish","4":"has-post-thumbnail","6":"marca-dunlop-it","7":"product_cat-palle","9":"first","10":"outofstock","11":"sale","12":"taxable","13":"shipping-taxable","14":"purchasable","15":"product-type-simple"},"acf":[],"yoast_head":"<!-- This site is optimized with the Yoast SEO plugin v27.4 - https:\/\/yoast.com\/product\/yoast-seo-wordpress\/ -->\n<title>CAJON 72 PELOTAS-18 BOTES DE 4 UDS-DUNLOP TOUR BRILLANCE - Revolution Padel Store<\/title>\n<meta name=\"description\" content=\"Compra las pelotas de tenis Dunlop Tour Brilliance en nuestra tienda online\u00a0www.revolutionpadelstore.com, probablemente al mejor precio del mercado\" \/>\n<meta name=\"robots\" content=\"index, follow, max-snippet:-1, max-image-preview:large, max-video-preview:-1\" \/>\n<link rel=\"canonical\" href=\"https:\/\/revolutionpadelstore.com\/it\/prodotto\/cajon-72-pelotas-18-botes-de-4-uds-dunlop-tour-brillance-4\/\" \/>\n<meta property=\"og:locale\" content=\"it_IT\" \/>\n<meta property=\"og:type\" content=\"article\" \/>\n<meta property=\"og:title\" content=\"CAJON 72 PELOTAS-18 BOTES DE 4 UDS-DUNLOP TOUR BRILLANCE - Revolution Padel Store\" \/>\n<meta property=\"og:description\" content=\"Compra las pelotas de tenis Dunlop Tour Brilliance en nuestra tienda online\u00a0www.revolutionpadelstore.com, probablemente al mejor precio del mercado\" \/>\n<meta property=\"og:url\" content=\"https:\/\/revolutionpadelstore.com\/it\/prodotto\/cajon-72-pelotas-18-botes-de-4-uds-dunlop-tour-brillance-4\/\" \/>\n<meta property=\"og:site_name\" content=\"Revolution Padel Store\" \/>\n<meta property=\"article:modified_time\" content=\"2026-04-08T03:33:17+00:00\" \/>\n<meta property=\"og:image\" content=\"https:\/\/revolutionpadelstore.com\/wp-content\/uploads\/2025\/03\/364.png\" \/>\n\t<meta property=\"og:image:width\" content=\"1500\" \/>\n\t<meta property=\"og:image:height\" content=\"1500\" \/>\n\t<meta property=\"og:image:type\" content=\"image\/png\" \/>\n<meta name=\"twitter:card\" content=\"summary_large_image\" \/>\n<meta name=\"twitter:label1\" content=\"Tempo di lettura stimato\" \/>\n\t<meta name=\"twitter:data1\" content=\"2 minuti\" \/>\n<script type=\"application\/ld+json\" class=\"yoast-schema-graph\">{\"@context\":\"https:\\\/\\\/schema.org\",\"@graph\":[{\"@type\":\"WebPage\",\"@id\":\"https:\\\/\\\/revolutionpadelstore.com\\\/it\\\/prodotto\\\/cajon-72-pelotas-18-botes-de-4-uds-dunlop-tour-brillance-4\\\/\",\"url\":\"https:\\\/\\\/revolutionpadelstore.com\\\/it\\\/prodotto\\\/cajon-72-pelotas-18-botes-de-4-uds-dunlop-tour-brillance-4\\\/\",\"name\":\"CAJON 72 PELOTAS-18 BOTES DE 4 UDS-DUNLOP TOUR BRILLANCE - Revolution Padel Store\",\"isPartOf\":{\"@id\":\"https:\\\/\\\/revolutionpadelstore.com\\\/it\\\/#website\"},\"primaryImageOfPage\":{\"@id\":\"https:\\\/\\\/revolutionpadelstore.com\\\/it\\\/prodotto\\\/cajon-72-pelotas-18-botes-de-4-uds-dunlop-tour-brillance-4\\\/#primaryimage\"},\"image\":{\"@id\":\"https:\\\/\\\/revolutionpadelstore.com\\\/it\\\/prodotto\\\/cajon-72-pelotas-18-botes-de-4-uds-dunlop-tour-brillance-4\\\/#primaryimage\"},\"thumbnailUrl\":\"https:\\\/\\\/revolutionpadelstore.com\\\/wp-content\\\/uploads\\\/2025\\\/03\\\/364.png\",\"datePublished\":\"2025-03-20T09:53:36+00:00\",\"dateModified\":\"2026-04-08T03:33:17+00:00\",\"description\":\"Compra las pelotas de tenis Dunlop Tour Brilliance en nuestra tienda online\u00a0www.revolutionpadelstore.com, probablemente al mejor precio del mercado\",\"breadcrumb\":{\"@id\":\"https:\\\/\\\/revolutionpadelstore.com\\\/it\\\/prodotto\\\/cajon-72-pelotas-18-botes-de-4-uds-dunlop-tour-brillance-4\\\/#breadcrumb\"},\"inLanguage\":\"it-IT\",\"potentialAction\":[{\"@type\":\"ReadAction\",\"target\":[\"https:\\\/\\\/revolutionpadelstore.com\\\/it\\\/prodotto\\\/cajon-72-pelotas-18-botes-de-4-uds-dunlop-tour-brillance-4\\\/\"]}]},{\"@type\":\"ImageObject\",\"inLanguage\":\"it-IT\",\"@id\":\"https:\\\/\\\/revolutionpadelstore.com\\\/it\\\/prodotto\\\/cajon-72-pelotas-18-botes-de-4-uds-dunlop-tour-brillance-4\\\/#primaryimage\",\"url\":\"https:\\\/\\\/revolutionpadelstore.com\\\/wp-content\\\/uploads\\\/2025\\\/03\\\/364.png\",\"contentUrl\":\"https:\\\/\\\/revolutionpadelstore.com\\\/wp-content\\\/uploads\\\/2025\\\/03\\\/364.png\",\"width\":1500,\"height\":1500},{\"@type\":\"BreadcrumbList\",\"@id\":\"https:\\\/\\\/revolutionpadelstore.com\\\/it\\\/prodotto\\\/cajon-72-pelotas-18-botes-de-4-uds-dunlop-tour-brillance-4\\\/#breadcrumb\",\"itemListElement\":[{\"@type\":\"ListItem\",\"position\":1,\"name\":\"Portada\",\"item\":\"https:\\\/\\\/revolutionpadelstore.com\\\/it\\\/\"},{\"@type\":\"ListItem\",\"position\":2,\"name\":\"Tienda\",\"item\":\"https:\\\/\\\/revolutionpadelstore.com\\\/it\\\/tienda\\\/\"},{\"@type\":\"ListItem\",\"position\":3,\"name\":\"CAJON 72 PELOTAS-18 BOTES DE 4 UDS-DUNLOP TOUR BRILLANCE\"}]},{\"@type\":\"WebSite\",\"@id\":\"https:\\\/\\\/revolutionpadelstore.com\\\/it\\\/#website\",\"url\":\"https:\\\/\\\/revolutionpadelstore.com\\\/it\\\/\",\"name\":\"Revolution Padel Store\",\"description\":\"\",\"publisher\":{\"@id\":\"https:\\\/\\\/revolutionpadelstore.com\\\/it\\\/#organization\"},\"potentialAction\":[{\"@type\":\"SearchAction\",\"target\":{\"@type\":\"EntryPoint\",\"urlTemplate\":\"https:\\\/\\\/revolutionpadelstore.com\\\/it\\\/?s={search_term_string}\"},\"query-input\":{\"@type\":\"PropertyValueSpecification\",\"valueRequired\":true,\"valueName\":\"search_term_string\"}}],\"inLanguage\":\"it-IT\"},{\"@type\":\"Organization\",\"@id\":\"https:\\\/\\\/revolutionpadelstore.com\\\/it\\\/#organization\",\"name\":\"Revolution Padel Store\",\"url\":\"https:\\\/\\\/revolutionpadelstore.com\\\/it\\\/\",\"logo\":{\"@type\":\"ImageObject\",\"inLanguage\":\"it-IT\",\"@id\":\"https:\\\/\\\/revolutionpadelstore.com\\\/it\\\/#\\\/schema\\\/logo\\\/image\\\/\",\"url\":\"https:\\\/\\\/revolutionpadelstore.com\\\/wp-content\\\/uploads\\\/2026\\\/02\\\/revolution-padel-store.jpg\",\"contentUrl\":\"https:\\\/\\\/revolutionpadelstore.com\\\/wp-content\\\/uploads\\\/2026\\\/02\\\/revolution-padel-store.jpg\",\"width\":2000,\"height\":2000,\"caption\":\"Revolution Padel Store\"},\"image\":{\"@id\":\"https:\\\/\\\/revolutionpadelstore.com\\\/it\\\/#\\\/schema\\\/logo\\\/image\\\/\"},\"sameAs\":[\"https:\\\/\\\/www.instagram.com\\\/revolutionpadelstore\\\/\"]}]}<\/script>\n<!-- \/ Yoast SEO plugin. -->","yoast_head_json":{"title":"CAJON 72 PELOTAS-18 BOTES DE 4 UDS-DUNLOP TOUR BRILLANCE - Revolution Padel Store","description":"Compra las pelotas de tenis Dunlop Tour Brilliance en nuestra tienda online\u00a0www.revolutionpadelstore.com, probablemente al mejor precio del mercado","robots":{"index":"index","follow":"follow","max-snippet":"max-snippet:-1","max-image-preview":"max-image-preview:large","max-video-preview":"max-video-preview:-1"},"canonical":"https:\/\/revolutionpadelstore.com\/it\/prodotto\/cajon-72-pelotas-18-botes-de-4-uds-dunlop-tour-brillance-4\/","og_locale":"it_IT","og_type":"article","og_title":"CAJON 72 PELOTAS-18 BOTES DE 4 UDS-DUNLOP TOUR BRILLANCE - Revolution Padel Store","og_description":"Compra las pelotas de tenis Dunlop Tour Brilliance en nuestra tienda online\u00a0www.revolutionpadelstore.com, probablemente al mejor precio del mercado","og_url":"https:\/\/revolutionpadelstore.com\/it\/prodotto\/cajon-72-pelotas-18-botes-de-4-uds-dunlop-tour-brillance-4\/","og_site_name":"Revolution Padel Store","article_modified_time":"2026-04-08T03:33:17+00:00","og_image":[{"width":1500,"height":1500,"url":"https:\/\/revolutionpadelstore.com\/wp-content\/uploads\/2025\/03\/364.png","type":"image\/png"}],"twitter_card":"summary_large_image","twitter_misc":{"Tempo di lettura stimato":"2 minuti"},"schema":{"@context":"https:\/\/schema.org","@graph":[{"@type":"WebPage","@id":"https:\/\/revolutionpadelstore.com\/it\/prodotto\/cajon-72-pelotas-18-botes-de-4-uds-dunlop-tour-brillance-4\/","url":"https:\/\/revolutionpadelstore.com\/it\/prodotto\/cajon-72-pelotas-18-botes-de-4-uds-dunlop-tour-brillance-4\/","name":"CAJON 72 PELOTAS-18 BOTES DE 4 UDS-DUNLOP TOUR BRILLANCE - Revolution Padel Store","isPartOf":{"@id":"https:\/\/revolutionpadelstore.com\/it\/#website"},"primaryImageOfPage":{"@id":"https:\/\/revolutionpadelstore.com\/it\/prodotto\/cajon-72-pelotas-18-botes-de-4-uds-dunlop-tour-brillance-4\/#primaryimage"},"image":{"@id":"https:\/\/revolutionpadelstore.com\/it\/prodotto\/cajon-72-pelotas-18-botes-de-4-uds-dunlop-tour-brillance-4\/#primaryimage"},"thumbnailUrl":"https:\/\/revolutionpadelstore.com\/wp-content\/uploads\/2025\/03\/364.png","datePublished":"2025-03-20T09:53:36+00:00","dateModified":"2026-04-08T03:33:17+00:00","description":"Compra las pelotas de tenis Dunlop Tour Brilliance en nuestra tienda online\u00a0www.revolutionpadelstore.com, probablemente al mejor precio del mercado","breadcrumb":{"@id":"https:\/\/revolutionpadelstore.com\/it\/prodotto\/cajon-72-pelotas-18-botes-de-4-uds-dunlop-tour-brillance-4\/#breadcrumb"},"inLanguage":"it-IT","potentialAction":[{"@type":"ReadAction","target":["https:\/\/revolutionpadelstore.com\/it\/prodotto\/cajon-72-pelotas-18-botes-de-4-uds-dunlop-tour-brillance-4\/"]}]},{"@type":"ImageObject","inLanguage":"it-IT","@id":"https:\/\/revolutionpadelstore.com\/it\/prodotto\/cajon-72-pelotas-18-botes-de-4-uds-dunlop-tour-brillance-4\/#primaryimage","url":"https:\/\/revolutionpadelstore.com\/wp-content\/uploads\/2025\/03\/364.png","contentUrl":"https:\/\/revolutionpadelstore.com\/wp-content\/uploads\/2025\/03\/364.png","width":1500,"height":1500},{"@type":"BreadcrumbList","@id":"https:\/\/revolutionpadelstore.com\/it\/prodotto\/cajon-72-pelotas-18-botes-de-4-uds-dunlop-tour-brillance-4\/#breadcrumb","itemListElement":[{"@type":"ListItem","position":1,"name":"Portada","item":"https:\/\/revolutionpadelstore.com\/it\/"},{"@type":"ListItem","position":2,"name":"Tienda","item":"https:\/\/revolutionpadelstore.com\/it\/tienda\/"},{"@type":"ListItem","position":3,"name":"CAJON 72 PELOTAS-18 BOTES DE 4 UDS-DUNLOP TOUR BRILLANCE"}]},{"@type":"WebSite","@id":"https:\/\/revolutionpadelstore.com\/it\/#website","url":"https:\/\/revolutionpadelstore.com\/it\/","name":"Revolution Padel Store","description":"","publisher":{"@id":"https:\/\/revolutionpadelstore.com\/it\/#organization"},"potentialAction":[{"@type":"SearchAction","target":{"@type":"EntryPoint","urlTemplate":"https:\/\/revolutionpadelstore.com\/it\/?s={search_term_string}"},"query-input":{"@type":"PropertyValueSpecification","valueRequired":true,"valueName":"search_term_string"}}],"inLanguage":"it-IT"},{"@type":"Organization","@id":"https:\/\/revolutionpadelstore.com\/it\/#organization","name":"Revolution Padel Store","url":"https:\/\/revolutionpadelstore.com\/it\/","logo":{"@type":"ImageObject","inLanguage":"it-IT","@id":"https:\/\/revolutionpadelstore.com\/it\/#\/schema\/logo\/image\/","url":"https:\/\/revolutionpadelstore.com\/wp-content\/uploads\/2026\/02\/revolution-padel-store.jpg","contentUrl":"https:\/\/revolutionpadelstore.com\/wp-content\/uploads\/2026\/02\/revolution-padel-store.jpg","width":2000,"height":2000,"caption":"Revolution Padel Store"},"image":{"@id":"https:\/\/revolutionpadelstore.com\/it\/#\/schema\/logo\/image\/"},"sameAs":["https:\/\/www.instagram.com\/revolutionpadelstore\/"]}]}},"_links":{"self":[{"href":"https:\/\/revolutionpadelstore.com\/it\/wp-json\/wp\/v2\/product\/216072","targetHints":{"allow":["GET"]}}],"collection":[{"href":"https:\/\/revolutionpadelstore.com\/it\/wp-json\/wp\/v2\/product"}],"about":[{"href":"https:\/\/revolutionpadelstore.com\/it\/wp-json\/wp\/v2\/types\/product"}],"replies":[{"embeddable":true,"href":"https:\/\/revolutionpadelstore.com\/it\/wp-json\/wp\/v2\/comments?post=216072"}],"wp:featuredmedia":[{"embeddable":true,"href":"https:\/\/revolutionpadelstore.com\/it\/wp-json\/wp\/v2\/media\/267682"}],"wp:attachment":[{"href":"https:\/\/revolutionpadelstore.com\/it\/wp-json\/wp\/v2\/media?parent=216072"}],"wp:term":[{"taxonomy":"acabado","embeddable":true,"href":"https:\/\/revolutionpadelstore.com\/it\/wp-json\/wp\/v2\/acabado?post=216072"},{"taxonomy":"balance","embeddable":true,"href":"https:\/\/revolutionpadelstore.com\/it\/wp-json\/wp\/v2\/balance?post=216072"},{"taxonomy":"dureza","embeddable":true,"href":"https:\/\/revolutionpadelstore.com\/it\/wp-json\/wp\/v2\/dureza?post=216072"},{"taxonomy":"forma","embeddable":true,"href":"https:\/\/revolutionpadelstore.com\/it\/wp-json\/wp\/v2\/forma?post=216072"},{"taxonomy":"jugador","embeddable":true,"href":"https:\/\/revolutionpadelstore.com\/it\/wp-json\/wp\/v2\/jugador?post=216072"},{"taxonomy":"marca","embeddable":true,"href":"https:\/\/revolutionpadelstore.com\/it\/wp-json\/wp\/v2\/marca?post=216072"},{"taxonomy":"nivel-de-juego","embeddable":true,"href":"https:\/\/revolutionpadelstore.com\/it\/wp-json\/wp\/v2\/nivel-de-juego?post=216072"},{"taxonomy":"superficie","embeddable":true,"href":"https:\/\/revolutionpadelstore.com\/it\/wp-json\/wp\/v2\/superficie?post=216072"},{"taxonomy":"tipo-de-juego","embeddable":true,"href":"https:\/\/revolutionpadelstore.com\/it\/wp-json\/wp\/v2\/tipo-de-juego?post=216072"},{"taxonomy":"product_brand","embeddable":true,"href":"https:\/\/revolutionpadelstore.com\/it\/wp-json\/wp\/v2\/product_brand?post=216072"},{"taxonomy":"product_cat","embeddable":true,"href":"https:\/\/revolutionpadelstore.com\/it\/wp-json\/wp\/v2\/product_cat?post=216072"},{"taxonomy":"product_tag","embeddable":true,"href":"https:\/\/revolutionpadelstore.com\/it\/wp-json\/wp\/v2\/product_tag?post=216072"}],"curies":[{"name":"wp","href":"https:\/\/api.w.org\/{rel}","templated":true}]}}