{"id":215447,"date":"2025-03-14T08:44:29","date_gmt":"2025-03-14T07:44:29","guid":{"rendered":"https:\/\/revolutionpadelstore.com\/falda-mizuno-harlem-hex-negra\/"},"modified":"2026-04-08T05:41:13","modified_gmt":"2026-04-08T03:41:13","slug":"falda-mizuno-harlem-hex-negra-4","status":"publish","type":"product","link":"https:\/\/revolutionpadelstore.com\/it\/prodotto\/falda-mizuno-harlem-hex-negra-4\/","title":{"rendered":"FALDA MIZUNO-HARLEM HEX NEGRA"},"content":{"rendered":"<h2> Mizuno-Harlem Hex Black 2025 Lightness and Track Performance <\/h2>\n<p>Scopri la gonna Mizuno Hex Rect 2025, progettata per offrire le massime prestazioni sul paddle. Realizzata con un tessuto elastico in poliestere ultraleggero, questa gonna si adatta perfettamente ad ogni movimento, fornendo un&#8217;eccezionale combinazione di comfort e flessibilit\u00e0. Il suo orlo ventilato garantisce una traspirabilit\u00e0 ottimale, mantenendoti fresco anche nei momenti pi\u00f9 intensi del gioco.<\/p>\n<h2> Vantaggi chiave dell&#8217;abilit\u00e0 Mizuno Hex 2025<br \/>\n<strong> -Maximal Comfort and Freedom <\/strong> movimento grazie al suo tessuto elastico.<\/p>\n<p><strong> -welling <\/strong> integrato per una maggiore copertura e regolazione sicura.<\/p>\n<p><strong> -Drylite Technology <\/strong>: allontanare l&#8217;umidit\u00e0 e il sudore, garantendo freschezza e comfort.<\/p>\n<p><strong> -ergonomic e stilizzato design <\/strong>, ideale sia per la formazione che per la concorrenza.<\/p>\n<p>Se stai cercando una gonna da paddle che combini stile, funzionalit\u00e0 e prestazioni, il Mizuno Hex Rect 2025 \u00e8 la scelta migliore. Disponibile ora nel nostro negozio Revolution Padel (www.revolutionpadelstore.com), sicuramente al miglior prezzo di mercato!<\/p>\n<h2>Falda Mizuno-Harlem Hex Negra 2025 \u2013 Ligereza y rendimiento en la pista<\/h2>\n","protected":false},"excerpt":{"rendered":"<p>Gonna sportiva per donne Mizuno Hex Rect, realizzato con un tessuto elastico e leggero. Progettato con un orlo ventilato che migliora la traspirabilit\u00e0 e le maglie interne che forniscono supporto e comfort.<\/p>\n","protected":false},"featured_media":215421,"comment_status":"open","ping_status":"closed","template":"","meta":{"_acf_changed":false,"_joinchat":[]},"acabado":[],"balance":[],"dureza":[],"forma":[],"jugador":[1196],"marca":[1236,1331],"nivel-de-juego":[],"superficie":[],"tipo-de-juego":[],"product_brand":[],"product_cat":[337],"product_tag":[],"class_list":{"0":"post-215447","1":"product","2":"type-product","3":"status-publish","4":"has-post-thumbnail","6":"jugador-mujer-it","7":"marca-harlem-padel-it","8":"marca-mizuno-it","9":"product_cat-ropa-it","11":"first","12":"outofstock","13":"sale","14":"taxable","15":"shipping-taxable","16":"purchasable","17":"product-type-variable"},"acf":[],"yoast_head":"<!-- This site is optimized with the Yoast SEO plugin v27.4 - https:\/\/yoast.com\/product\/yoast-seo-wordpress\/ -->\n<title>FALDA MIZUNO-HARLEM HEX NEGRA - Revolution Padel Store<\/title>\n<meta name=\"description\" content=\"Si buscas una falda de p\u00e1del que combine estilo, funcionalidad y rendimiento, la Mizuno Hex Rect 2025 es tu mejor elecci\u00f3n. Disponible ahora en nuestra tienda online Revolution Padel Store (www.revolutionpadelstore.com), \u00a1seguramente al mejor precio del mercado!\" \/>\n<meta name=\"robots\" content=\"index, follow, max-snippet:-1, max-image-preview:large, max-video-preview:-1\" \/>\n<link rel=\"canonical\" href=\"https:\/\/revolutionpadelstore.com\/it\/prodotto\/falda-mizuno-harlem-hex-negra-4\/\" \/>\n<meta property=\"og:locale\" content=\"it_IT\" \/>\n<meta property=\"og:type\" content=\"article\" \/>\n<meta property=\"og:title\" content=\"FALDA MIZUNO-HARLEM HEX NEGRA - Revolution Padel Store\" \/>\n<meta property=\"og:description\" content=\"Si buscas una falda de p\u00e1del que combine estilo, funcionalidad y rendimiento, la Mizuno Hex Rect 2025 es tu mejor elecci\u00f3n. Disponible ahora en nuestra tienda online Revolution Padel Store (www.revolutionpadelstore.com), \u00a1seguramente al mejor precio del mercado!\" \/>\n<meta property=\"og:url\" content=\"https:\/\/revolutionpadelstore.com\/it\/prodotto\/falda-mizuno-harlem-hex-negra-4\/\" \/>\n<meta property=\"og:site_name\" content=\"Revolution Padel Store\" \/>\n<meta property=\"article:modified_time\" content=\"2026-04-08T03:41:13+00:00\" \/>\n<meta property=\"og:image\" content=\"https:\/\/revolutionpadelstore.com\/wp-content\/uploads\/2025\/03\/181.png\" \/>\n\t<meta property=\"og:image:width\" content=\"1500\" \/>\n\t<meta property=\"og:image:height\" content=\"1500\" \/>\n\t<meta property=\"og:image:type\" content=\"image\/png\" \/>\n<meta name=\"twitter:card\" content=\"summary_large_image\" \/>\n<meta name=\"twitter:label1\" content=\"Tempo di lettura stimato\" \/>\n\t<meta name=\"twitter:data1\" content=\"1 minuto\" \/>\n<script type=\"application\/ld+json\" class=\"yoast-schema-graph\">{\"@context\":\"https:\\\/\\\/schema.org\",\"@graph\":[{\"@type\":\"WebPage\",\"@id\":\"https:\\\/\\\/revolutionpadelstore.com\\\/it\\\/prodotto\\\/falda-mizuno-harlem-hex-negra-4\\\/\",\"url\":\"https:\\\/\\\/revolutionpadelstore.com\\\/it\\\/prodotto\\\/falda-mizuno-harlem-hex-negra-4\\\/\",\"name\":\"FALDA MIZUNO-HARLEM HEX NEGRA - Revolution Padel Store\",\"isPartOf\":{\"@id\":\"https:\\\/\\\/revolutionpadelstore.com\\\/it\\\/#website\"},\"primaryImageOfPage\":{\"@id\":\"https:\\\/\\\/revolutionpadelstore.com\\\/it\\\/prodotto\\\/falda-mizuno-harlem-hex-negra-4\\\/#primaryimage\"},\"image\":{\"@id\":\"https:\\\/\\\/revolutionpadelstore.com\\\/it\\\/prodotto\\\/falda-mizuno-harlem-hex-negra-4\\\/#primaryimage\"},\"thumbnailUrl\":\"https:\\\/\\\/revolutionpadelstore.com\\\/wp-content\\\/uploads\\\/2025\\\/03\\\/181.png\",\"datePublished\":\"2025-03-14T07:44:29+00:00\",\"dateModified\":\"2026-04-08T03:41:13+00:00\",\"description\":\"Si buscas una falda de p\u00e1del que combine estilo, funcionalidad y rendimiento, la Mizuno Hex Rect 2025 es tu mejor elecci\u00f3n. Disponible ahora en nuestra tienda online Revolution Padel Store (www.revolutionpadelstore.com), \u00a1seguramente al mejor precio del mercado!\",\"breadcrumb\":{\"@id\":\"https:\\\/\\\/revolutionpadelstore.com\\\/it\\\/prodotto\\\/falda-mizuno-harlem-hex-negra-4\\\/#breadcrumb\"},\"inLanguage\":\"it-IT\",\"potentialAction\":[{\"@type\":\"ReadAction\",\"target\":[\"https:\\\/\\\/revolutionpadelstore.com\\\/it\\\/prodotto\\\/falda-mizuno-harlem-hex-negra-4\\\/\"]}]},{\"@type\":\"ImageObject\",\"inLanguage\":\"it-IT\",\"@id\":\"https:\\\/\\\/revolutionpadelstore.com\\\/it\\\/prodotto\\\/falda-mizuno-harlem-hex-negra-4\\\/#primaryimage\",\"url\":\"https:\\\/\\\/revolutionpadelstore.com\\\/wp-content\\\/uploads\\\/2025\\\/03\\\/181.png\",\"contentUrl\":\"https:\\\/\\\/revolutionpadelstore.com\\\/wp-content\\\/uploads\\\/2025\\\/03\\\/181.png\",\"width\":1500,\"height\":1500},{\"@type\":\"BreadcrumbList\",\"@id\":\"https:\\\/\\\/revolutionpadelstore.com\\\/it\\\/prodotto\\\/falda-mizuno-harlem-hex-negra-4\\\/#breadcrumb\",\"itemListElement\":[{\"@type\":\"ListItem\",\"position\":1,\"name\":\"Portada\",\"item\":\"https:\\\/\\\/revolutionpadelstore.com\\\/it\\\/\"},{\"@type\":\"ListItem\",\"position\":2,\"name\":\"Tienda\",\"item\":\"https:\\\/\\\/revolutionpadelstore.com\\\/it\\\/tienda\\\/\"},{\"@type\":\"ListItem\",\"position\":3,\"name\":\"FALDA MIZUNO-HARLEM HEX NEGRA\"}]},{\"@type\":\"WebSite\",\"@id\":\"https:\\\/\\\/revolutionpadelstore.com\\\/it\\\/#website\",\"url\":\"https:\\\/\\\/revolutionpadelstore.com\\\/it\\\/\",\"name\":\"Revolution Padel Store\",\"description\":\"\",\"publisher\":{\"@id\":\"https:\\\/\\\/revolutionpadelstore.com\\\/it\\\/#organization\"},\"potentialAction\":[{\"@type\":\"SearchAction\",\"target\":{\"@type\":\"EntryPoint\",\"urlTemplate\":\"https:\\\/\\\/revolutionpadelstore.com\\\/it\\\/?s={search_term_string}\"},\"query-input\":{\"@type\":\"PropertyValueSpecification\",\"valueRequired\":true,\"valueName\":\"search_term_string\"}}],\"inLanguage\":\"it-IT\"},{\"@type\":\"Organization\",\"@id\":\"https:\\\/\\\/revolutionpadelstore.com\\\/it\\\/#organization\",\"name\":\"Revolution Padel Store\",\"url\":\"https:\\\/\\\/revolutionpadelstore.com\\\/it\\\/\",\"logo\":{\"@type\":\"ImageObject\",\"inLanguage\":\"it-IT\",\"@id\":\"https:\\\/\\\/revolutionpadelstore.com\\\/it\\\/#\\\/schema\\\/logo\\\/image\\\/\",\"url\":\"https:\\\/\\\/revolutionpadelstore.com\\\/wp-content\\\/uploads\\\/2026\\\/02\\\/revolution-padel-store.jpg\",\"contentUrl\":\"https:\\\/\\\/revolutionpadelstore.com\\\/wp-content\\\/uploads\\\/2026\\\/02\\\/revolution-padel-store.jpg\",\"width\":2000,\"height\":2000,\"caption\":\"Revolution Padel Store\"},\"image\":{\"@id\":\"https:\\\/\\\/revolutionpadelstore.com\\\/it\\\/#\\\/schema\\\/logo\\\/image\\\/\"},\"sameAs\":[\"https:\\\/\\\/www.instagram.com\\\/revolutionpadelstore\\\/\"]}]}<\/script>\n<!-- \/ Yoast SEO plugin. -->","yoast_head_json":{"title":"FALDA MIZUNO-HARLEM HEX NEGRA - Revolution Padel Store","description":"Si buscas una falda de p\u00e1del que combine estilo, funcionalidad y rendimiento, la Mizuno Hex Rect 2025 es tu mejor elecci\u00f3n. Disponible ahora en nuestra tienda online Revolution Padel Store (www.revolutionpadelstore.com), \u00a1seguramente al mejor precio del mercado!","robots":{"index":"index","follow":"follow","max-snippet":"max-snippet:-1","max-image-preview":"max-image-preview:large","max-video-preview":"max-video-preview:-1"},"canonical":"https:\/\/revolutionpadelstore.com\/it\/prodotto\/falda-mizuno-harlem-hex-negra-4\/","og_locale":"it_IT","og_type":"article","og_title":"FALDA MIZUNO-HARLEM HEX NEGRA - Revolution Padel Store","og_description":"Si buscas una falda de p\u00e1del que combine estilo, funcionalidad y rendimiento, la Mizuno Hex Rect 2025 es tu mejor elecci\u00f3n. Disponible ahora en nuestra tienda online Revolution Padel Store (www.revolutionpadelstore.com), \u00a1seguramente al mejor precio del mercado!","og_url":"https:\/\/revolutionpadelstore.com\/it\/prodotto\/falda-mizuno-harlem-hex-negra-4\/","og_site_name":"Revolution Padel Store","article_modified_time":"2026-04-08T03:41:13+00:00","og_image":[{"width":1500,"height":1500,"url":"https:\/\/revolutionpadelstore.com\/wp-content\/uploads\/2025\/03\/181.png","type":"image\/png"}],"twitter_card":"summary_large_image","twitter_misc":{"Tempo di lettura stimato":"1 minuto"},"schema":{"@context":"https:\/\/schema.org","@graph":[{"@type":"WebPage","@id":"https:\/\/revolutionpadelstore.com\/it\/prodotto\/falda-mizuno-harlem-hex-negra-4\/","url":"https:\/\/revolutionpadelstore.com\/it\/prodotto\/falda-mizuno-harlem-hex-negra-4\/","name":"FALDA MIZUNO-HARLEM HEX NEGRA - Revolution Padel Store","isPartOf":{"@id":"https:\/\/revolutionpadelstore.com\/it\/#website"},"primaryImageOfPage":{"@id":"https:\/\/revolutionpadelstore.com\/it\/prodotto\/falda-mizuno-harlem-hex-negra-4\/#primaryimage"},"image":{"@id":"https:\/\/revolutionpadelstore.com\/it\/prodotto\/falda-mizuno-harlem-hex-negra-4\/#primaryimage"},"thumbnailUrl":"https:\/\/revolutionpadelstore.com\/wp-content\/uploads\/2025\/03\/181.png","datePublished":"2025-03-14T07:44:29+00:00","dateModified":"2026-04-08T03:41:13+00:00","description":"Si buscas una falda de p\u00e1del que combine estilo, funcionalidad y rendimiento, la Mizuno Hex Rect 2025 es tu mejor elecci\u00f3n. Disponible ahora en nuestra tienda online Revolution Padel Store (www.revolutionpadelstore.com), \u00a1seguramente al mejor precio del mercado!","breadcrumb":{"@id":"https:\/\/revolutionpadelstore.com\/it\/prodotto\/falda-mizuno-harlem-hex-negra-4\/#breadcrumb"},"inLanguage":"it-IT","potentialAction":[{"@type":"ReadAction","target":["https:\/\/revolutionpadelstore.com\/it\/prodotto\/falda-mizuno-harlem-hex-negra-4\/"]}]},{"@type":"ImageObject","inLanguage":"it-IT","@id":"https:\/\/revolutionpadelstore.com\/it\/prodotto\/falda-mizuno-harlem-hex-negra-4\/#primaryimage","url":"https:\/\/revolutionpadelstore.com\/wp-content\/uploads\/2025\/03\/181.png","contentUrl":"https:\/\/revolutionpadelstore.com\/wp-content\/uploads\/2025\/03\/181.png","width":1500,"height":1500},{"@type":"BreadcrumbList","@id":"https:\/\/revolutionpadelstore.com\/it\/prodotto\/falda-mizuno-harlem-hex-negra-4\/#breadcrumb","itemListElement":[{"@type":"ListItem","position":1,"name":"Portada","item":"https:\/\/revolutionpadelstore.com\/it\/"},{"@type":"ListItem","position":2,"name":"Tienda","item":"https:\/\/revolutionpadelstore.com\/it\/tienda\/"},{"@type":"ListItem","position":3,"name":"FALDA MIZUNO-HARLEM HEX NEGRA"}]},{"@type":"WebSite","@id":"https:\/\/revolutionpadelstore.com\/it\/#website","url":"https:\/\/revolutionpadelstore.com\/it\/","name":"Revolution Padel Store","description":"","publisher":{"@id":"https:\/\/revolutionpadelstore.com\/it\/#organization"},"potentialAction":[{"@type":"SearchAction","target":{"@type":"EntryPoint","urlTemplate":"https:\/\/revolutionpadelstore.com\/it\/?s={search_term_string}"},"query-input":{"@type":"PropertyValueSpecification","valueRequired":true,"valueName":"search_term_string"}}],"inLanguage":"it-IT"},{"@type":"Organization","@id":"https:\/\/revolutionpadelstore.com\/it\/#organization","name":"Revolution Padel Store","url":"https:\/\/revolutionpadelstore.com\/it\/","logo":{"@type":"ImageObject","inLanguage":"it-IT","@id":"https:\/\/revolutionpadelstore.com\/it\/#\/schema\/logo\/image\/","url":"https:\/\/revolutionpadelstore.com\/wp-content\/uploads\/2026\/02\/revolution-padel-store.jpg","contentUrl":"https:\/\/revolutionpadelstore.com\/wp-content\/uploads\/2026\/02\/revolution-padel-store.jpg","width":2000,"height":2000,"caption":"Revolution Padel Store"},"image":{"@id":"https:\/\/revolutionpadelstore.com\/it\/#\/schema\/logo\/image\/"},"sameAs":["https:\/\/www.instagram.com\/revolutionpadelstore\/"]}]}},"_links":{"self":[{"href":"https:\/\/revolutionpadelstore.com\/it\/wp-json\/wp\/v2\/product\/215447","targetHints":{"allow":["GET"]}}],"collection":[{"href":"https:\/\/revolutionpadelstore.com\/it\/wp-json\/wp\/v2\/product"}],"about":[{"href":"https:\/\/revolutionpadelstore.com\/it\/wp-json\/wp\/v2\/types\/product"}],"replies":[{"embeddable":true,"href":"https:\/\/revolutionpadelstore.com\/it\/wp-json\/wp\/v2\/comments?post=215447"}],"wp:featuredmedia":[{"embeddable":true,"href":"https:\/\/revolutionpadelstore.com\/it\/wp-json\/wp\/v2\/media\/215421"}],"wp:attachment":[{"href":"https:\/\/revolutionpadelstore.com\/it\/wp-json\/wp\/v2\/media?parent=215447"}],"wp:term":[{"taxonomy":"acabado","embeddable":true,"href":"https:\/\/revolutionpadelstore.com\/it\/wp-json\/wp\/v2\/acabado?post=215447"},{"taxonomy":"balance","embeddable":true,"href":"https:\/\/revolutionpadelstore.com\/it\/wp-json\/wp\/v2\/balance?post=215447"},{"taxonomy":"dureza","embeddable":true,"href":"https:\/\/revolutionpadelstore.com\/it\/wp-json\/wp\/v2\/dureza?post=215447"},{"taxonomy":"forma","embeddable":true,"href":"https:\/\/revolutionpadelstore.com\/it\/wp-json\/wp\/v2\/forma?post=215447"},{"taxonomy":"jugador","embeddable":true,"href":"https:\/\/revolutionpadelstore.com\/it\/wp-json\/wp\/v2\/jugador?post=215447"},{"taxonomy":"marca","embeddable":true,"href":"https:\/\/revolutionpadelstore.com\/it\/wp-json\/wp\/v2\/marca?post=215447"},{"taxonomy":"nivel-de-juego","embeddable":true,"href":"https:\/\/revolutionpadelstore.com\/it\/wp-json\/wp\/v2\/nivel-de-juego?post=215447"},{"taxonomy":"superficie","embeddable":true,"href":"https:\/\/revolutionpadelstore.com\/it\/wp-json\/wp\/v2\/superficie?post=215447"},{"taxonomy":"tipo-de-juego","embeddable":true,"href":"https:\/\/revolutionpadelstore.com\/it\/wp-json\/wp\/v2\/tipo-de-juego?post=215447"},{"taxonomy":"product_brand","embeddable":true,"href":"https:\/\/revolutionpadelstore.com\/it\/wp-json\/wp\/v2\/product_brand?post=215447"},{"taxonomy":"product_cat","embeddable":true,"href":"https:\/\/revolutionpadelstore.com\/it\/wp-json\/wp\/v2\/product_cat?post=215447"},{"taxonomy":"product_tag","embeddable":true,"href":"https:\/\/revolutionpadelstore.com\/it\/wp-json\/wp\/v2\/product_tag?post=215447"}],"curies":[{"name":"wp","href":"https:\/\/api.w.org\/{rel}","templated":true}]}}