{"id":214874,"date":"2025-03-12T19:05:57","date_gmt":"2025-03-12T18:05:57","guid":{"rendered":"https:\/\/revolutionpadelstore.com\/joma-smash-men-2591-negro-multicolor\/"},"modified":"2026-04-08T05:49:32","modified_gmt":"2026-04-08T03:49:32","slug":"joma-smash-men-2591-negro-multicolor-4","status":"publish","type":"product","link":"https:\/\/revolutionpadelstore.com\/it\/prodotto\/joma-smash-men-2591-negro-multicolor-4\/","title":{"rendered":"JOMA SMASH MEN 2591 NEGRO MULTICOLOR"},"content":{"rendered":"<br \/>\n<h2> Joma Smash 2591 Multicolor Black &#8211; Prestazioni massime e comfort in pista <\/h2>\n<p>Il <strong> Joma Smash <\/strong> \u00e8 il perfetto alleato per i giocatori di paddle che cercano prestazioni <strong>, stabilit\u00e0 e tecnologia Avant -Garde <\/strong>. Progettati per offrire ammortizzazione superiore e reattivit\u00e0 eccezionale, queste scarpe garantiscono le migliori prestazioni in pista. <strong> Tolito Aguirre <\/strong> e altri giocatori d&#8217;\u00e9lite si fidano di loro per raggiungere il successo.<\/p>\n<h2> caratteristiche eccezionali <\/h2>\n<p><P>-Perspibilit\u00e0 e regolazione ottimale: la parte superiore della mesh tecnica incorpora la tecnologia VTS, che ottimizza la ventilazione e mantiene i piedi freschi durante il gioco.<br \/>\n-Aximimate Protezione e durata: rinforzi di gomma nelle aree chiave con il sistema di protezione, evitando un&#8217;usura prematura.<br \/>\n-Te livelli di alto livello: l&#8217;intersuola combina il phylon nella parte superiore e l&#8217;innovativa tecnologia delle sfere reattive in quella inferiore, assorbendo gli impatti e migliorando la reattivit\u00e0.<br \/>\n-Stabilit\u00e0 e controllo: incorpora il pezzo di stabilizzamento, che evita torsioni indesiderate e migliora l&#8217;equilibrio in ciascun movimento.<br \/>\n-Arro e ottimale Slipping: suola omni di gomma durabilit\u00e0, con piccoli tacos circolari, ideale per muoversi rapidamente su superfici dure. <\/p>\n<h2> tecnologie avanzate <\/h2>\n<p><P> <strong> -durabilit\u00e0 <\/strong>: gomma ad alta resistenza per una maggiore durata.<\/p>\n<p> <strong> -protection <\/strong>: materiale iniettato nella punta per rafforzare la resistenza.<br \/>\n&lt;p style = &quot;padding-left: 40px;&quot;<\/p>\n<p> <strong> -sporch <\/strong>: regolazione leggera e confortevole senza cuciture fastidiose.<\/p>\n<p> <strong> -stabilis <\/strong>: controllo e stabilit\u00e0 in ogni spostamento. <\/p>\n<p> <strong> -vts <\/strong>: sistema di ventilazione per mantenere una temperatura ottimale. <\/p>\n<h2> Sono considerato al miglior prezzo! <\/h2>\n<p>Scopri il <strong> Joma Smash <\/strong> nel nostro negozio online <strong> <a href=\"https:\/\/www.revolutionpadelstore.com\/\"> www.revolutionpadelstore.com <\/a> <\/strong>, probabilmente il <strong> miglior prezzo di mercato <\/strong>. Equipaggiati come professionista e domina la traccia!<\/p>\n<h2>Joma Smash 2591 Negro Multicolor \u2013 M\u00e1ximo Rendimiento y Confort en la Pista<\/h2>\n","protected":false},"excerpt":{"rendered":"<p>I Joma Smash 2591 Multicolor Black sono l&#8217;opzione ideale per i giocatori di paddle che desiderano combinare prestazioni, stabilit\u00e0 e tecnologia avanzata. Progettati per fornire un&#8217;ammortizzazione eccellente e un&#8217;ottima capacit\u00e0 di risposta, queste scarpe garantiscono prestazioni ottimali in campo.<\/p>\n","protected":false},"featured_media":214893,"comment_status":"open","ping_status":"closed","template":"","meta":{"_acf_changed":false,"_joinchat":[]},"acabado":[],"balance":[],"dureza":[],"forma":[],"jugador":[1191],"marca":[1226],"nivel-de-juego":[],"superficie":[],"tipo-de-juego":[],"product_brand":[],"product_cat":[832],"product_tag":[],"class_list":{"0":"post-214874","1":"product","2":"type-product","3":"status-publish","4":"has-post-thumbnail","6":"jugador-uomo","7":"marca-joma-it","8":"product_cat-scarpe-da-ginnastica","10":"first","11":"outofstock","12":"sale","13":"taxable","14":"shipping-taxable","15":"purchasable","16":"product-type-variable"},"acf":[],"yoast_head":"<!-- This site is optimized with the Yoast SEO plugin v27.4 - https:\/\/yoast.com\/product\/yoast-seo-wordpress\/ -->\n<title>JOMA SMASH MEN 2591 NEGRO MULTICOLOR - Revolution Padel Store<\/title>\n<meta name=\"description\" content=\"Compra las Zapatillas Joma Smash al mejor precio en Revolution Padel Store. M\u00e1xima amortiguaci\u00f3n, estabilidad y tecnolog\u00eda avanzada para un rendimiento superior en p\u00e1del.\" \/>\n<meta name=\"robots\" content=\"index, follow, max-snippet:-1, max-image-preview:large, max-video-preview:-1\" \/>\n<link rel=\"canonical\" href=\"https:\/\/revolutionpadelstore.com\/it\/prodotto\/joma-smash-men-2591-negro-multicolor-4\/\" \/>\n<meta property=\"og:locale\" content=\"it_IT\" \/>\n<meta property=\"og:type\" content=\"article\" \/>\n<meta property=\"og:title\" content=\"JOMA SMASH MEN 2591 NEGRO MULTICOLOR - Revolution Padel Store\" \/>\n<meta property=\"og:description\" content=\"Compra las Zapatillas Joma Smash al mejor precio en Revolution Padel Store. M\u00e1xima amortiguaci\u00f3n, estabilidad y tecnolog\u00eda avanzada para un rendimiento superior en p\u00e1del.\" \/>\n<meta property=\"og:url\" content=\"https:\/\/revolutionpadelstore.com\/it\/prodotto\/joma-smash-men-2591-negro-multicolor-4\/\" \/>\n<meta property=\"og:site_name\" content=\"Revolution Padel Store\" \/>\n<meta property=\"article:modified_time\" content=\"2026-04-08T03:49:32+00:00\" \/>\n<meta property=\"og:image\" content=\"https:\/\/revolutionpadelstore.com\/wp-content\/uploads\/2025\/03\/FOTO-PALAS-10.png\" \/>\n\t<meta property=\"og:image:width\" content=\"1500\" \/>\n\t<meta property=\"og:image:height\" content=\"1500\" \/>\n\t<meta property=\"og:image:type\" content=\"image\/png\" \/>\n<meta name=\"twitter:card\" content=\"summary_large_image\" \/>\n<meta name=\"twitter:label1\" content=\"Tempo di lettura stimato\" \/>\n\t<meta name=\"twitter:data1\" content=\"2 minuti\" \/>\n<script type=\"application\/ld+json\" class=\"yoast-schema-graph\">{\"@context\":\"https:\\\/\\\/schema.org\",\"@graph\":[{\"@type\":\"WebPage\",\"@id\":\"https:\\\/\\\/revolutionpadelstore.com\\\/it\\\/prodotto\\\/joma-smash-men-2591-negro-multicolor-4\\\/\",\"url\":\"https:\\\/\\\/revolutionpadelstore.com\\\/it\\\/prodotto\\\/joma-smash-men-2591-negro-multicolor-4\\\/\",\"name\":\"JOMA SMASH MEN 2591 NEGRO MULTICOLOR - Revolution Padel Store\",\"isPartOf\":{\"@id\":\"https:\\\/\\\/revolutionpadelstore.com\\\/it\\\/#website\"},\"primaryImageOfPage\":{\"@id\":\"https:\\\/\\\/revolutionpadelstore.com\\\/it\\\/prodotto\\\/joma-smash-men-2591-negro-multicolor-4\\\/#primaryimage\"},\"image\":{\"@id\":\"https:\\\/\\\/revolutionpadelstore.com\\\/it\\\/prodotto\\\/joma-smash-men-2591-negro-multicolor-4\\\/#primaryimage\"},\"thumbnailUrl\":\"https:\\\/\\\/revolutionpadelstore.com\\\/wp-content\\\/uploads\\\/2025\\\/03\\\/FOTO-PALAS-10.png\",\"datePublished\":\"2025-03-12T18:05:57+00:00\",\"dateModified\":\"2026-04-08T03:49:32+00:00\",\"description\":\"Compra las Zapatillas Joma Smash al mejor precio en Revolution Padel Store. M\u00e1xima amortiguaci\u00f3n, estabilidad y tecnolog\u00eda avanzada para un rendimiento superior en p\u00e1del.\",\"breadcrumb\":{\"@id\":\"https:\\\/\\\/revolutionpadelstore.com\\\/it\\\/prodotto\\\/joma-smash-men-2591-negro-multicolor-4\\\/#breadcrumb\"},\"inLanguage\":\"it-IT\",\"potentialAction\":[{\"@type\":\"ReadAction\",\"target\":[\"https:\\\/\\\/revolutionpadelstore.com\\\/it\\\/prodotto\\\/joma-smash-men-2591-negro-multicolor-4\\\/\"]}]},{\"@type\":\"ImageObject\",\"inLanguage\":\"it-IT\",\"@id\":\"https:\\\/\\\/revolutionpadelstore.com\\\/it\\\/prodotto\\\/joma-smash-men-2591-negro-multicolor-4\\\/#primaryimage\",\"url\":\"https:\\\/\\\/revolutionpadelstore.com\\\/wp-content\\\/uploads\\\/2025\\\/03\\\/FOTO-PALAS-10.png\",\"contentUrl\":\"https:\\\/\\\/revolutionpadelstore.com\\\/wp-content\\\/uploads\\\/2025\\\/03\\\/FOTO-PALAS-10.png\",\"width\":1500,\"height\":1500},{\"@type\":\"BreadcrumbList\",\"@id\":\"https:\\\/\\\/revolutionpadelstore.com\\\/it\\\/prodotto\\\/joma-smash-men-2591-negro-multicolor-4\\\/#breadcrumb\",\"itemListElement\":[{\"@type\":\"ListItem\",\"position\":1,\"name\":\"Portada\",\"item\":\"https:\\\/\\\/revolutionpadelstore.com\\\/it\\\/\"},{\"@type\":\"ListItem\",\"position\":2,\"name\":\"Tienda\",\"item\":\"https:\\\/\\\/revolutionpadelstore.com\\\/it\\\/tienda\\\/\"},{\"@type\":\"ListItem\",\"position\":3,\"name\":\"JOMA SMASH MEN 2591 NEGRO MULTICOLOR\"}]},{\"@type\":\"WebSite\",\"@id\":\"https:\\\/\\\/revolutionpadelstore.com\\\/it\\\/#website\",\"url\":\"https:\\\/\\\/revolutionpadelstore.com\\\/it\\\/\",\"name\":\"Revolution Padel Store\",\"description\":\"\",\"publisher\":{\"@id\":\"https:\\\/\\\/revolutionpadelstore.com\\\/it\\\/#organization\"},\"potentialAction\":[{\"@type\":\"SearchAction\",\"target\":{\"@type\":\"EntryPoint\",\"urlTemplate\":\"https:\\\/\\\/revolutionpadelstore.com\\\/it\\\/?s={search_term_string}\"},\"query-input\":{\"@type\":\"PropertyValueSpecification\",\"valueRequired\":true,\"valueName\":\"search_term_string\"}}],\"inLanguage\":\"it-IT\"},{\"@type\":\"Organization\",\"@id\":\"https:\\\/\\\/revolutionpadelstore.com\\\/it\\\/#organization\",\"name\":\"Revolution Padel Store\",\"url\":\"https:\\\/\\\/revolutionpadelstore.com\\\/it\\\/\",\"logo\":{\"@type\":\"ImageObject\",\"inLanguage\":\"it-IT\",\"@id\":\"https:\\\/\\\/revolutionpadelstore.com\\\/it\\\/#\\\/schema\\\/logo\\\/image\\\/\",\"url\":\"https:\\\/\\\/revolutionpadelstore.com\\\/wp-content\\\/uploads\\\/2026\\\/02\\\/revolution-padel-store.jpg\",\"contentUrl\":\"https:\\\/\\\/revolutionpadelstore.com\\\/wp-content\\\/uploads\\\/2026\\\/02\\\/revolution-padel-store.jpg\",\"width\":2000,\"height\":2000,\"caption\":\"Revolution Padel Store\"},\"image\":{\"@id\":\"https:\\\/\\\/revolutionpadelstore.com\\\/it\\\/#\\\/schema\\\/logo\\\/image\\\/\"},\"sameAs\":[\"https:\\\/\\\/www.instagram.com\\\/revolutionpadelstore\\\/\"]}]}<\/script>\n<!-- \/ Yoast SEO plugin. -->","yoast_head_json":{"title":"JOMA SMASH MEN 2591 NEGRO MULTICOLOR - Revolution Padel Store","description":"Compra las Zapatillas Joma Smash al mejor precio en Revolution Padel Store. M\u00e1xima amortiguaci\u00f3n, estabilidad y tecnolog\u00eda avanzada para un rendimiento superior en p\u00e1del.","robots":{"index":"index","follow":"follow","max-snippet":"max-snippet:-1","max-image-preview":"max-image-preview:large","max-video-preview":"max-video-preview:-1"},"canonical":"https:\/\/revolutionpadelstore.com\/it\/prodotto\/joma-smash-men-2591-negro-multicolor-4\/","og_locale":"it_IT","og_type":"article","og_title":"JOMA SMASH MEN 2591 NEGRO MULTICOLOR - Revolution Padel Store","og_description":"Compra las Zapatillas Joma Smash al mejor precio en Revolution Padel Store. M\u00e1xima amortiguaci\u00f3n, estabilidad y tecnolog\u00eda avanzada para un rendimiento superior en p\u00e1del.","og_url":"https:\/\/revolutionpadelstore.com\/it\/prodotto\/joma-smash-men-2591-negro-multicolor-4\/","og_site_name":"Revolution Padel Store","article_modified_time":"2026-04-08T03:49:32+00:00","og_image":[{"width":1500,"height":1500,"url":"https:\/\/revolutionpadelstore.com\/wp-content\/uploads\/2025\/03\/FOTO-PALAS-10.png","type":"image\/png"}],"twitter_card":"summary_large_image","twitter_misc":{"Tempo di lettura stimato":"2 minuti"},"schema":{"@context":"https:\/\/schema.org","@graph":[{"@type":"WebPage","@id":"https:\/\/revolutionpadelstore.com\/it\/prodotto\/joma-smash-men-2591-negro-multicolor-4\/","url":"https:\/\/revolutionpadelstore.com\/it\/prodotto\/joma-smash-men-2591-negro-multicolor-4\/","name":"JOMA SMASH MEN 2591 NEGRO MULTICOLOR - Revolution Padel Store","isPartOf":{"@id":"https:\/\/revolutionpadelstore.com\/it\/#website"},"primaryImageOfPage":{"@id":"https:\/\/revolutionpadelstore.com\/it\/prodotto\/joma-smash-men-2591-negro-multicolor-4\/#primaryimage"},"image":{"@id":"https:\/\/revolutionpadelstore.com\/it\/prodotto\/joma-smash-men-2591-negro-multicolor-4\/#primaryimage"},"thumbnailUrl":"https:\/\/revolutionpadelstore.com\/wp-content\/uploads\/2025\/03\/FOTO-PALAS-10.png","datePublished":"2025-03-12T18:05:57+00:00","dateModified":"2026-04-08T03:49:32+00:00","description":"Compra las Zapatillas Joma Smash al mejor precio en Revolution Padel Store. M\u00e1xima amortiguaci\u00f3n, estabilidad y tecnolog\u00eda avanzada para un rendimiento superior en p\u00e1del.","breadcrumb":{"@id":"https:\/\/revolutionpadelstore.com\/it\/prodotto\/joma-smash-men-2591-negro-multicolor-4\/#breadcrumb"},"inLanguage":"it-IT","potentialAction":[{"@type":"ReadAction","target":["https:\/\/revolutionpadelstore.com\/it\/prodotto\/joma-smash-men-2591-negro-multicolor-4\/"]}]},{"@type":"ImageObject","inLanguage":"it-IT","@id":"https:\/\/revolutionpadelstore.com\/it\/prodotto\/joma-smash-men-2591-negro-multicolor-4\/#primaryimage","url":"https:\/\/revolutionpadelstore.com\/wp-content\/uploads\/2025\/03\/FOTO-PALAS-10.png","contentUrl":"https:\/\/revolutionpadelstore.com\/wp-content\/uploads\/2025\/03\/FOTO-PALAS-10.png","width":1500,"height":1500},{"@type":"BreadcrumbList","@id":"https:\/\/revolutionpadelstore.com\/it\/prodotto\/joma-smash-men-2591-negro-multicolor-4\/#breadcrumb","itemListElement":[{"@type":"ListItem","position":1,"name":"Portada","item":"https:\/\/revolutionpadelstore.com\/it\/"},{"@type":"ListItem","position":2,"name":"Tienda","item":"https:\/\/revolutionpadelstore.com\/it\/tienda\/"},{"@type":"ListItem","position":3,"name":"JOMA SMASH MEN 2591 NEGRO MULTICOLOR"}]},{"@type":"WebSite","@id":"https:\/\/revolutionpadelstore.com\/it\/#website","url":"https:\/\/revolutionpadelstore.com\/it\/","name":"Revolution Padel Store","description":"","publisher":{"@id":"https:\/\/revolutionpadelstore.com\/it\/#organization"},"potentialAction":[{"@type":"SearchAction","target":{"@type":"EntryPoint","urlTemplate":"https:\/\/revolutionpadelstore.com\/it\/?s={search_term_string}"},"query-input":{"@type":"PropertyValueSpecification","valueRequired":true,"valueName":"search_term_string"}}],"inLanguage":"it-IT"},{"@type":"Organization","@id":"https:\/\/revolutionpadelstore.com\/it\/#organization","name":"Revolution Padel Store","url":"https:\/\/revolutionpadelstore.com\/it\/","logo":{"@type":"ImageObject","inLanguage":"it-IT","@id":"https:\/\/revolutionpadelstore.com\/it\/#\/schema\/logo\/image\/","url":"https:\/\/revolutionpadelstore.com\/wp-content\/uploads\/2026\/02\/revolution-padel-store.jpg","contentUrl":"https:\/\/revolutionpadelstore.com\/wp-content\/uploads\/2026\/02\/revolution-padel-store.jpg","width":2000,"height":2000,"caption":"Revolution Padel Store"},"image":{"@id":"https:\/\/revolutionpadelstore.com\/it\/#\/schema\/logo\/image\/"},"sameAs":["https:\/\/www.instagram.com\/revolutionpadelstore\/"]}]}},"_links":{"self":[{"href":"https:\/\/revolutionpadelstore.com\/it\/wp-json\/wp\/v2\/product\/214874","targetHints":{"allow":["GET"]}}],"collection":[{"href":"https:\/\/revolutionpadelstore.com\/it\/wp-json\/wp\/v2\/product"}],"about":[{"href":"https:\/\/revolutionpadelstore.com\/it\/wp-json\/wp\/v2\/types\/product"}],"replies":[{"embeddable":true,"href":"https:\/\/revolutionpadelstore.com\/it\/wp-json\/wp\/v2\/comments?post=214874"}],"wp:featuredmedia":[{"embeddable":true,"href":"https:\/\/revolutionpadelstore.com\/it\/wp-json\/wp\/v2\/media\/214893"}],"wp:attachment":[{"href":"https:\/\/revolutionpadelstore.com\/it\/wp-json\/wp\/v2\/media?parent=214874"}],"wp:term":[{"taxonomy":"acabado","embeddable":true,"href":"https:\/\/revolutionpadelstore.com\/it\/wp-json\/wp\/v2\/acabado?post=214874"},{"taxonomy":"balance","embeddable":true,"href":"https:\/\/revolutionpadelstore.com\/it\/wp-json\/wp\/v2\/balance?post=214874"},{"taxonomy":"dureza","embeddable":true,"href":"https:\/\/revolutionpadelstore.com\/it\/wp-json\/wp\/v2\/dureza?post=214874"},{"taxonomy":"forma","embeddable":true,"href":"https:\/\/revolutionpadelstore.com\/it\/wp-json\/wp\/v2\/forma?post=214874"},{"taxonomy":"jugador","embeddable":true,"href":"https:\/\/revolutionpadelstore.com\/it\/wp-json\/wp\/v2\/jugador?post=214874"},{"taxonomy":"marca","embeddable":true,"href":"https:\/\/revolutionpadelstore.com\/it\/wp-json\/wp\/v2\/marca?post=214874"},{"taxonomy":"nivel-de-juego","embeddable":true,"href":"https:\/\/revolutionpadelstore.com\/it\/wp-json\/wp\/v2\/nivel-de-juego?post=214874"},{"taxonomy":"superficie","embeddable":true,"href":"https:\/\/revolutionpadelstore.com\/it\/wp-json\/wp\/v2\/superficie?post=214874"},{"taxonomy":"tipo-de-juego","embeddable":true,"href":"https:\/\/revolutionpadelstore.com\/it\/wp-json\/wp\/v2\/tipo-de-juego?post=214874"},{"taxonomy":"product_brand","embeddable":true,"href":"https:\/\/revolutionpadelstore.com\/it\/wp-json\/wp\/v2\/product_brand?post=214874"},{"taxonomy":"product_cat","embeddable":true,"href":"https:\/\/revolutionpadelstore.com\/it\/wp-json\/wp\/v2\/product_cat?post=214874"},{"taxonomy":"product_tag","embeddable":true,"href":"https:\/\/revolutionpadelstore.com\/it\/wp-json\/wp\/v2\/product_tag?post=214874"}],"curies":[{"name":"wp","href":"https:\/\/api.w.org\/{rel}","templated":true}]}}