{"id":214816,"date":"2025-03-12T18:45:52","date_gmt":"2025-03-12T17:45:52","guid":{"rendered":"https:\/\/revolutionpadelstore.com\/camiseta-bullpadel-dinneno-25v-090\/"},"modified":"2026-04-08T05:50:11","modified_gmt":"2026-04-08T03:50:11","slug":"camiseta-bullpadel-dinneno-25v-090-4","status":"publish","type":"product","link":"https:\/\/revolutionpadelstore.com\/it\/prodotto\/camiseta-bullpadel-dinneno-25v-090-4\/","title":{"rendered":"CAMISETA BULLPADEL DINNENO 25V 090"},"content":{"rendered":"<h2> Dinneno 25V BullPadel T -Shirt &#8211; Performance and Style on the Track <\/h2>\n<p>Il <strong> bullpadel Dinneno 25V <\/strong> \u00e8 il <strong> Mart\u00edn di Nenno <\/strong> ufficiale, progettato per i giocatori di paddle che cercano le massime prestazioni, comfort e traspirabilit\u00e0 <\/strong> in ogni partita. Il suo tessuto elastico di alta qualit\u00e0 si adatta al corpo per offrire la libert\u00e0 di movimento, mentre la sua tecnologia di asciugatura rapida mantiene la pelle fresca e secca anche negli incontri pi\u00f9 intensi.<\/p>\n<p>Il suo <strong> design corto e collo per la scatola <\/strong> fornisce un regolazione sportiva e stilizzata, ideale sia per l&#8217;allenamento che per le competizioni. Inoltre, incorpora i dettagli ispirati allo stile di gioco <strong> di Nenno <\/strong>, con i <strong> sponsor ufficiali <\/strong> che lo accompagnano nel circuito professionale.<\/p>\n<h2> caratteristiche eccezionali <\/h2>\n<p><P>-Tessuto elastico e traspirante: massima mobilit\u00e0 e comfort in pista.<br \/>\n-Pry Essiccing Technology: evita l&#8217;accumulo di sudore per una sensazione di freschezza duratura.<br \/>\n-On ufficiale di Mart\u00edn Di Nenno: con i loghi dei suoi sponsor.<br \/>\n-Il materiale jacquard di alta qualit\u00e0: fornisce resistenza e durata.<br \/>\n-Sports Ajustment: ideale per feste ad alta intensit\u00e0 e allenamento impegnativo. <\/p>\n<p>Prodotta con <strong> 87% di poliestere e 13% di Elast\u00e1n <\/strong>, questa camicia offre una combinazione perfetta tra <strong> traspirabilit\u00e0, elasticit\u00e0 e resistenza <\/strong>, garantendo un indumento ad alte prestazioni per gli amanti della paletta.<\/p>\n<p>Gioca con lo stile dei professionisti e aumenta il tuo livello in pista! Trova il <strong> bullpadel Dinneno 25V <\/strong> disponibile nel nostro negozio online <a href=\"https:\/\/chatgpt.com\/g\/g-675432e02688888191b6ee6d6f2fdbb15e-optimization-textos\/c\/wwwww.revolutionpadelstore\">.<\/p>\n<h2>Camiseta Bullpadel Dinneno 25V \u2013 Rendimiento y estilo en la pista<\/h2>\n","protected":false},"excerpt":{"rendered":"<p>Il bullpadel Dinneno 25V \u00e8 la camicia ufficiale Mart\u00edn Di Nenno, realizzata con un tessuto elastico ad asciugatura rapida e un design ad alte prestazioni.<\/p>\n","protected":false},"featured_media":214754,"comment_status":"open","ping_status":"closed","template":"","meta":{"_acf_changed":false,"_joinchat":[]},"acabado":[],"balance":[],"dureza":[],"forma":[],"jugador":[1191],"marca":[1256],"nivel-de-juego":[],"superficie":[],"tipo-de-juego":[],"product_brand":[],"product_cat":[338,337],"product_tag":[],"class_list":{"0":"post-214816","1":"product","2":"type-product","3":"status-publish","4":"has-post-thumbnail","6":"jugador-uomo","7":"marca-bullpadel-it","8":"product_cat-abbigliamento-dei-giocatori-premier","9":"product_cat-ropa-it","11":"first","12":"outofstock","13":"sale","14":"taxable","15":"shipping-taxable","16":"purchasable","17":"product-type-variable"},"acf":[],"yoast_head":"<!-- This site is optimized with the Yoast SEO plugin v27.4 - https:\/\/yoast.com\/product\/yoast-seo-wordpress\/ -->\n<title>CAMISETA BULLPADEL DINNENO 25V 090 - Revolution Padel Store<\/title>\n<meta name=\"description\" content=\"Descubre la camiseta Bullpadel Dinneno 25V, el modelo oficial de Mart\u00edn Di Nenno. Dise\u00f1o transpirable, tejido el\u00e1stico y secado r\u00e1pido. \u00a1C\u00f3mprala al mejor precio en Revolution Padel Store!\" \/>\n<meta name=\"robots\" content=\"index, follow, max-snippet:-1, max-image-preview:large, max-video-preview:-1\" \/>\n<link rel=\"canonical\" href=\"https:\/\/revolutionpadelstore.com\/it\/prodotto\/camiseta-bullpadel-dinneno-25v-090-4\/\" \/>\n<meta property=\"og:locale\" content=\"it_IT\" \/>\n<meta property=\"og:type\" content=\"article\" \/>\n<meta property=\"og:title\" content=\"CAMISETA BULLPADEL DINNENO 25V 090 - Revolution Padel Store\" \/>\n<meta property=\"og:description\" content=\"Descubre la camiseta Bullpadel Dinneno 25V, el modelo oficial de Mart\u00edn Di Nenno. Dise\u00f1o transpirable, tejido el\u00e1stico y secado r\u00e1pido. \u00a1C\u00f3mprala al mejor precio en Revolution Padel Store!\" \/>\n<meta property=\"og:url\" content=\"https:\/\/revolutionpadelstore.com\/it\/prodotto\/camiseta-bullpadel-dinneno-25v-090-4\/\" \/>\n<meta property=\"og:site_name\" content=\"Revolution Padel Store\" \/>\n<meta property=\"article:modified_time\" content=\"2026-04-08T03:50:11+00:00\" \/>\n<meta property=\"og:image\" content=\"https:\/\/revolutionpadelstore.com\/wp-content\/uploads\/2025\/03\/114249-camiseta-bullpadel-dinneno-25v-090-gris-perla-1200x1200-1.webp\" \/>\n\t<meta property=\"og:image:width\" content=\"1200\" \/>\n\t<meta property=\"og:image:height\" content=\"1200\" \/>\n\t<meta property=\"og:image:type\" content=\"image\/webp\" \/>\n<meta name=\"twitter:card\" content=\"summary_large_image\" \/>\n<meta name=\"twitter:label1\" content=\"Tempo di lettura stimato\" \/>\n\t<meta name=\"twitter:data1\" content=\"2 minuti\" \/>\n<script type=\"application\/ld+json\" class=\"yoast-schema-graph\">{\"@context\":\"https:\\\/\\\/schema.org\",\"@graph\":[{\"@type\":\"WebPage\",\"@id\":\"https:\\\/\\\/revolutionpadelstore.com\\\/it\\\/prodotto\\\/camiseta-bullpadel-dinneno-25v-090-4\\\/\",\"url\":\"https:\\\/\\\/revolutionpadelstore.com\\\/it\\\/prodotto\\\/camiseta-bullpadel-dinneno-25v-090-4\\\/\",\"name\":\"CAMISETA BULLPADEL DINNENO 25V 090 - Revolution Padel Store\",\"isPartOf\":{\"@id\":\"https:\\\/\\\/revolutionpadelstore.com\\\/it\\\/#website\"},\"primaryImageOfPage\":{\"@id\":\"https:\\\/\\\/revolutionpadelstore.com\\\/it\\\/prodotto\\\/camiseta-bullpadel-dinneno-25v-090-4\\\/#primaryimage\"},\"image\":{\"@id\":\"https:\\\/\\\/revolutionpadelstore.com\\\/it\\\/prodotto\\\/camiseta-bullpadel-dinneno-25v-090-4\\\/#primaryimage\"},\"thumbnailUrl\":\"https:\\\/\\\/revolutionpadelstore.com\\\/wp-content\\\/uploads\\\/2025\\\/03\\\/114249-camiseta-bullpadel-dinneno-25v-090-gris-perla-1200x1200-1.webp\",\"datePublished\":\"2025-03-12T17:45:52+00:00\",\"dateModified\":\"2026-04-08T03:50:11+00:00\",\"description\":\"Descubre la camiseta Bullpadel Dinneno 25V, el modelo oficial de Mart\u00edn Di Nenno. Dise\u00f1o transpirable, tejido el\u00e1stico y secado r\u00e1pido. \u00a1C\u00f3mprala al mejor precio en Revolution Padel Store!\",\"breadcrumb\":{\"@id\":\"https:\\\/\\\/revolutionpadelstore.com\\\/it\\\/prodotto\\\/camiseta-bullpadel-dinneno-25v-090-4\\\/#breadcrumb\"},\"inLanguage\":\"it-IT\",\"potentialAction\":[{\"@type\":\"ReadAction\",\"target\":[\"https:\\\/\\\/revolutionpadelstore.com\\\/it\\\/prodotto\\\/camiseta-bullpadel-dinneno-25v-090-4\\\/\"]}]},{\"@type\":\"ImageObject\",\"inLanguage\":\"it-IT\",\"@id\":\"https:\\\/\\\/revolutionpadelstore.com\\\/it\\\/prodotto\\\/camiseta-bullpadel-dinneno-25v-090-4\\\/#primaryimage\",\"url\":\"https:\\\/\\\/revolutionpadelstore.com\\\/wp-content\\\/uploads\\\/2025\\\/03\\\/114249-camiseta-bullpadel-dinneno-25v-090-gris-perla-1200x1200-1.webp\",\"contentUrl\":\"https:\\\/\\\/revolutionpadelstore.com\\\/wp-content\\\/uploads\\\/2025\\\/03\\\/114249-camiseta-bullpadel-dinneno-25v-090-gris-perla-1200x1200-1.webp\",\"width\":1200,\"height\":1200},{\"@type\":\"BreadcrumbList\",\"@id\":\"https:\\\/\\\/revolutionpadelstore.com\\\/it\\\/prodotto\\\/camiseta-bullpadel-dinneno-25v-090-4\\\/#breadcrumb\",\"itemListElement\":[{\"@type\":\"ListItem\",\"position\":1,\"name\":\"Portada\",\"item\":\"https:\\\/\\\/revolutionpadelstore.com\\\/it\\\/\"},{\"@type\":\"ListItem\",\"position\":2,\"name\":\"Tienda\",\"item\":\"https:\\\/\\\/revolutionpadelstore.com\\\/it\\\/tienda\\\/\"},{\"@type\":\"ListItem\",\"position\":3,\"name\":\"CAMISETA BULLPADEL DINNENO 25V 090\"}]},{\"@type\":\"WebSite\",\"@id\":\"https:\\\/\\\/revolutionpadelstore.com\\\/it\\\/#website\",\"url\":\"https:\\\/\\\/revolutionpadelstore.com\\\/it\\\/\",\"name\":\"Revolution Padel Store\",\"description\":\"\",\"publisher\":{\"@id\":\"https:\\\/\\\/revolutionpadelstore.com\\\/it\\\/#organization\"},\"potentialAction\":[{\"@type\":\"SearchAction\",\"target\":{\"@type\":\"EntryPoint\",\"urlTemplate\":\"https:\\\/\\\/revolutionpadelstore.com\\\/it\\\/?s={search_term_string}\"},\"query-input\":{\"@type\":\"PropertyValueSpecification\",\"valueRequired\":true,\"valueName\":\"search_term_string\"}}],\"inLanguage\":\"it-IT\"},{\"@type\":\"Organization\",\"@id\":\"https:\\\/\\\/revolutionpadelstore.com\\\/it\\\/#organization\",\"name\":\"Revolution Padel Store\",\"url\":\"https:\\\/\\\/revolutionpadelstore.com\\\/it\\\/\",\"logo\":{\"@type\":\"ImageObject\",\"inLanguage\":\"it-IT\",\"@id\":\"https:\\\/\\\/revolutionpadelstore.com\\\/it\\\/#\\\/schema\\\/logo\\\/image\\\/\",\"url\":\"https:\\\/\\\/revolutionpadelstore.com\\\/wp-content\\\/uploads\\\/2026\\\/02\\\/revolution-padel-store.jpg\",\"contentUrl\":\"https:\\\/\\\/revolutionpadelstore.com\\\/wp-content\\\/uploads\\\/2026\\\/02\\\/revolution-padel-store.jpg\",\"width\":2000,\"height\":2000,\"caption\":\"Revolution Padel Store\"},\"image\":{\"@id\":\"https:\\\/\\\/revolutionpadelstore.com\\\/it\\\/#\\\/schema\\\/logo\\\/image\\\/\"},\"sameAs\":[\"https:\\\/\\\/www.instagram.com\\\/revolutionpadelstore\\\/\"]}]}<\/script>\n<!-- \/ Yoast SEO plugin. -->","yoast_head_json":{"title":"CAMISETA BULLPADEL DINNENO 25V 090 - Revolution Padel Store","description":"Descubre la camiseta Bullpadel Dinneno 25V, el modelo oficial de Mart\u00edn Di Nenno. Dise\u00f1o transpirable, tejido el\u00e1stico y secado r\u00e1pido. \u00a1C\u00f3mprala al mejor precio en Revolution Padel Store!","robots":{"index":"index","follow":"follow","max-snippet":"max-snippet:-1","max-image-preview":"max-image-preview:large","max-video-preview":"max-video-preview:-1"},"canonical":"https:\/\/revolutionpadelstore.com\/it\/prodotto\/camiseta-bullpadel-dinneno-25v-090-4\/","og_locale":"it_IT","og_type":"article","og_title":"CAMISETA BULLPADEL DINNENO 25V 090 - Revolution Padel Store","og_description":"Descubre la camiseta Bullpadel Dinneno 25V, el modelo oficial de Mart\u00edn Di Nenno. Dise\u00f1o transpirable, tejido el\u00e1stico y secado r\u00e1pido. \u00a1C\u00f3mprala al mejor precio en Revolution Padel Store!","og_url":"https:\/\/revolutionpadelstore.com\/it\/prodotto\/camiseta-bullpadel-dinneno-25v-090-4\/","og_site_name":"Revolution Padel Store","article_modified_time":"2026-04-08T03:50:11+00:00","og_image":[{"width":1200,"height":1200,"url":"https:\/\/revolutionpadelstore.com\/wp-content\/uploads\/2025\/03\/114249-camiseta-bullpadel-dinneno-25v-090-gris-perla-1200x1200-1.webp","type":"image\/webp"}],"twitter_card":"summary_large_image","twitter_misc":{"Tempo di lettura stimato":"2 minuti"},"schema":{"@context":"https:\/\/schema.org","@graph":[{"@type":"WebPage","@id":"https:\/\/revolutionpadelstore.com\/it\/prodotto\/camiseta-bullpadel-dinneno-25v-090-4\/","url":"https:\/\/revolutionpadelstore.com\/it\/prodotto\/camiseta-bullpadel-dinneno-25v-090-4\/","name":"CAMISETA BULLPADEL DINNENO 25V 090 - Revolution Padel Store","isPartOf":{"@id":"https:\/\/revolutionpadelstore.com\/it\/#website"},"primaryImageOfPage":{"@id":"https:\/\/revolutionpadelstore.com\/it\/prodotto\/camiseta-bullpadel-dinneno-25v-090-4\/#primaryimage"},"image":{"@id":"https:\/\/revolutionpadelstore.com\/it\/prodotto\/camiseta-bullpadel-dinneno-25v-090-4\/#primaryimage"},"thumbnailUrl":"https:\/\/revolutionpadelstore.com\/wp-content\/uploads\/2025\/03\/114249-camiseta-bullpadel-dinneno-25v-090-gris-perla-1200x1200-1.webp","datePublished":"2025-03-12T17:45:52+00:00","dateModified":"2026-04-08T03:50:11+00:00","description":"Descubre la camiseta Bullpadel Dinneno 25V, el modelo oficial de Mart\u00edn Di Nenno. Dise\u00f1o transpirable, tejido el\u00e1stico y secado r\u00e1pido. \u00a1C\u00f3mprala al mejor precio en Revolution Padel Store!","breadcrumb":{"@id":"https:\/\/revolutionpadelstore.com\/it\/prodotto\/camiseta-bullpadel-dinneno-25v-090-4\/#breadcrumb"},"inLanguage":"it-IT","potentialAction":[{"@type":"ReadAction","target":["https:\/\/revolutionpadelstore.com\/it\/prodotto\/camiseta-bullpadel-dinneno-25v-090-4\/"]}]},{"@type":"ImageObject","inLanguage":"it-IT","@id":"https:\/\/revolutionpadelstore.com\/it\/prodotto\/camiseta-bullpadel-dinneno-25v-090-4\/#primaryimage","url":"https:\/\/revolutionpadelstore.com\/wp-content\/uploads\/2025\/03\/114249-camiseta-bullpadel-dinneno-25v-090-gris-perla-1200x1200-1.webp","contentUrl":"https:\/\/revolutionpadelstore.com\/wp-content\/uploads\/2025\/03\/114249-camiseta-bullpadel-dinneno-25v-090-gris-perla-1200x1200-1.webp","width":1200,"height":1200},{"@type":"BreadcrumbList","@id":"https:\/\/revolutionpadelstore.com\/it\/prodotto\/camiseta-bullpadel-dinneno-25v-090-4\/#breadcrumb","itemListElement":[{"@type":"ListItem","position":1,"name":"Portada","item":"https:\/\/revolutionpadelstore.com\/it\/"},{"@type":"ListItem","position":2,"name":"Tienda","item":"https:\/\/revolutionpadelstore.com\/it\/tienda\/"},{"@type":"ListItem","position":3,"name":"CAMISETA BULLPADEL DINNENO 25V 090"}]},{"@type":"WebSite","@id":"https:\/\/revolutionpadelstore.com\/it\/#website","url":"https:\/\/revolutionpadelstore.com\/it\/","name":"Revolution Padel Store","description":"","publisher":{"@id":"https:\/\/revolutionpadelstore.com\/it\/#organization"},"potentialAction":[{"@type":"SearchAction","target":{"@type":"EntryPoint","urlTemplate":"https:\/\/revolutionpadelstore.com\/it\/?s={search_term_string}"},"query-input":{"@type":"PropertyValueSpecification","valueRequired":true,"valueName":"search_term_string"}}],"inLanguage":"it-IT"},{"@type":"Organization","@id":"https:\/\/revolutionpadelstore.com\/it\/#organization","name":"Revolution Padel Store","url":"https:\/\/revolutionpadelstore.com\/it\/","logo":{"@type":"ImageObject","inLanguage":"it-IT","@id":"https:\/\/revolutionpadelstore.com\/it\/#\/schema\/logo\/image\/","url":"https:\/\/revolutionpadelstore.com\/wp-content\/uploads\/2026\/02\/revolution-padel-store.jpg","contentUrl":"https:\/\/revolutionpadelstore.com\/wp-content\/uploads\/2026\/02\/revolution-padel-store.jpg","width":2000,"height":2000,"caption":"Revolution Padel Store"},"image":{"@id":"https:\/\/revolutionpadelstore.com\/it\/#\/schema\/logo\/image\/"},"sameAs":["https:\/\/www.instagram.com\/revolutionpadelstore\/"]}]}},"_links":{"self":[{"href":"https:\/\/revolutionpadelstore.com\/it\/wp-json\/wp\/v2\/product\/214816","targetHints":{"allow":["GET"]}}],"collection":[{"href":"https:\/\/revolutionpadelstore.com\/it\/wp-json\/wp\/v2\/product"}],"about":[{"href":"https:\/\/revolutionpadelstore.com\/it\/wp-json\/wp\/v2\/types\/product"}],"replies":[{"embeddable":true,"href":"https:\/\/revolutionpadelstore.com\/it\/wp-json\/wp\/v2\/comments?post=214816"}],"wp:featuredmedia":[{"embeddable":true,"href":"https:\/\/revolutionpadelstore.com\/it\/wp-json\/wp\/v2\/media\/214754"}],"wp:attachment":[{"href":"https:\/\/revolutionpadelstore.com\/it\/wp-json\/wp\/v2\/media?parent=214816"}],"wp:term":[{"taxonomy":"acabado","embeddable":true,"href":"https:\/\/revolutionpadelstore.com\/it\/wp-json\/wp\/v2\/acabado?post=214816"},{"taxonomy":"balance","embeddable":true,"href":"https:\/\/revolutionpadelstore.com\/it\/wp-json\/wp\/v2\/balance?post=214816"},{"taxonomy":"dureza","embeddable":true,"href":"https:\/\/revolutionpadelstore.com\/it\/wp-json\/wp\/v2\/dureza?post=214816"},{"taxonomy":"forma","embeddable":true,"href":"https:\/\/revolutionpadelstore.com\/it\/wp-json\/wp\/v2\/forma?post=214816"},{"taxonomy":"jugador","embeddable":true,"href":"https:\/\/revolutionpadelstore.com\/it\/wp-json\/wp\/v2\/jugador?post=214816"},{"taxonomy":"marca","embeddable":true,"href":"https:\/\/revolutionpadelstore.com\/it\/wp-json\/wp\/v2\/marca?post=214816"},{"taxonomy":"nivel-de-juego","embeddable":true,"href":"https:\/\/revolutionpadelstore.com\/it\/wp-json\/wp\/v2\/nivel-de-juego?post=214816"},{"taxonomy":"superficie","embeddable":true,"href":"https:\/\/revolutionpadelstore.com\/it\/wp-json\/wp\/v2\/superficie?post=214816"},{"taxonomy":"tipo-de-juego","embeddable":true,"href":"https:\/\/revolutionpadelstore.com\/it\/wp-json\/wp\/v2\/tipo-de-juego?post=214816"},{"taxonomy":"product_brand","embeddable":true,"href":"https:\/\/revolutionpadelstore.com\/it\/wp-json\/wp\/v2\/product_brand?post=214816"},{"taxonomy":"product_cat","embeddable":true,"href":"https:\/\/revolutionpadelstore.com\/it\/wp-json\/wp\/v2\/product_cat?post=214816"},{"taxonomy":"product_tag","embeddable":true,"href":"https:\/\/revolutionpadelstore.com\/it\/wp-json\/wp\/v2\/product_tag?post=214816"}],"curies":[{"name":"wp","href":"https:\/\/api.w.org\/{rel}","templated":true}]}}