{"id":214673,"date":"2024-11-27T10:01:00","date_gmt":"2024-11-27T09:01:00","guid":{"rendered":"https:\/\/revolutionpadelstore.com\/par-munequeras-adidas-s-rojo-2\/"},"modified":"2026-04-08T09:59:38","modified_gmt":"2026-04-08T07:59:38","slug":"par-munequeras-adidas-s-rojo-4","status":"publish","type":"product","link":"https:\/\/revolutionpadelstore.com\/it\/prodotto\/par-munequeras-adidas-s-rojo-4\/","title":{"rendered":"PAR MU\u00d1EQUERAS ADIDAS S ROJO"},"content":{"rendered":"<h2> Par Shoes Adidas S Red <\/h2>\n<p>Questa coppia di onde <strong> adidas in rosso <\/strong> sono l&#8217;accessorio tessile perfetto per mantenere le mani asciutte e comode durante il gioco. Con un design breve, queste bambole offrono un adattamento <\/strong> preciso <\/strong> e una grande capacit\u00e0 di assorbire umidit\u00e0 e sudore, aiutando a migliorare le tue prestazioni in pista.<\/p>\n<p>Realizzato con poliestere riciclato e cotone, il suo tessuto elastico garantisce un comfort duraturo. Il logo frontale ricamato d&#8217;argento gli d\u00e0 un tocco unico e distintivo.<\/p>\n<p>Queste bambole <strong> adidas <\/strong> <strong> corto <\/strong> <strong> ale gal\u00e1n <\/strong> sono la scelta ideale per coloro che cercano un accessorio efficiente e di alta qualit\u00e0 in ciascuna parte.<\/p>\n<h2>Par Mu\u00f1equeras Adidas S\u00a0Rojo<\/h2>\n","protected":false},"excerpt":{"rendered":"<p>Braccialetti di Adidas in Ale Gal\u00e1n Red. Con tessuto in poliestere e cotone assorbenti, elastici e leggeri per un assorbimento ottimale del sudore. Include due unit\u00e0.<\/p>\n","protected":false},"featured_media":129617,"comment_status":"open","ping_status":"closed","template":"","meta":{"_acf_changed":false,"_joinchat":[]},"acabado":[],"balance":[],"dureza":[],"forma":[],"jugador":[],"marca":[1231],"nivel-de-juego":[],"superficie":[],"tipo-de-juego":[],"product_brand":[],"product_cat":[560],"product_tag":[],"class_list":{"0":"post-214673","1":"product","2":"type-product","3":"status-publish","4":"has-post-thumbnail","6":"marca-adidas-it","7":"product_cat-accessori","9":"first","10":"instock","11":"sale","12":"taxable","13":"shipping-taxable","14":"purchasable","15":"product-type-simple"},"acf":[],"yoast_head":"<!-- This site is optimized with the Yoast SEO plugin v27.4 - https:\/\/yoast.com\/product\/yoast-seo-wordpress\/ -->\n<title>PAR MU\u00d1EQUERAS ADIDAS S ROJO - Revolution Padel Store<\/title>\n<meta name=\"description\" content=\"Este par de\u00a0Mu\u00f1equeras Adidas S en rojo\u00a0son el accesorio textil perfecto para mantener tus manos secas y c\u00f3modas durante el juego. Con un dise\u00f1o corto, estas mu\u00f1equeras ofrecen un\u00a0ajuste preciso\u00a0y una gran capacidad de absorci\u00f3n de la humedad y el sudor, ayudando a mejorar tu rendimiento en la pista.\" \/>\n<meta name=\"robots\" content=\"index, follow, max-snippet:-1, max-image-preview:large, max-video-preview:-1\" \/>\n<link rel=\"canonical\" href=\"https:\/\/revolutionpadelstore.com\/it\/prodotto\/par-munequeras-adidas-s-rojo-4\/\" \/>\n<meta property=\"og:locale\" content=\"it_IT\" \/>\n<meta property=\"og:type\" content=\"article\" \/>\n<meta property=\"og:title\" content=\"PAR MU\u00d1EQUERAS ADIDAS S ROJO - Revolution Padel Store\" \/>\n<meta property=\"og:description\" content=\"Este par de\u00a0Mu\u00f1equeras Adidas S en rojo\u00a0son el accesorio textil perfecto para mantener tus manos secas y c\u00f3modas durante el juego. Con un dise\u00f1o corto, estas mu\u00f1equeras ofrecen un\u00a0ajuste preciso\u00a0y una gran capacidad de absorci\u00f3n de la humedad y el sudor, ayudando a mejorar tu rendimiento en la pista.\" \/>\n<meta property=\"og:url\" content=\"https:\/\/revolutionpadelstore.com\/it\/prodotto\/par-munequeras-adidas-s-rojo-4\/\" \/>\n<meta property=\"og:site_name\" content=\"Revolution Padel Store\" \/>\n<meta property=\"article:modified_time\" content=\"2026-04-08T07:59:38+00:00\" \/>\n<meta property=\"og:image\" content=\"https:\/\/revolutionpadelstore.com\/wp-content\/uploads\/2024\/11\/32349_par_munequera_adidas_s_aa4wc4s50_1500x1500_1_3785.webp\" \/>\n\t<meta property=\"og:image:width\" content=\"1500\" \/>\n\t<meta property=\"og:image:height\" content=\"1500\" \/>\n\t<meta property=\"og:image:type\" content=\"image\/webp\" \/>\n<meta name=\"twitter:card\" content=\"summary_large_image\" \/>\n<meta name=\"twitter:label1\" content=\"Tempo di lettura stimato\" \/>\n\t<meta name=\"twitter:data1\" content=\"1 minuto\" \/>\n<script type=\"application\/ld+json\" class=\"yoast-schema-graph\">{\"@context\":\"https:\\\/\\\/schema.org\",\"@graph\":[{\"@type\":\"WebPage\",\"@id\":\"https:\\\/\\\/revolutionpadelstore.com\\\/it\\\/prodotto\\\/par-munequeras-adidas-s-rojo-4\\\/\",\"url\":\"https:\\\/\\\/revolutionpadelstore.com\\\/it\\\/prodotto\\\/par-munequeras-adidas-s-rojo-4\\\/\",\"name\":\"PAR MU\u00d1EQUERAS ADIDAS S ROJO - Revolution Padel Store\",\"isPartOf\":{\"@id\":\"https:\\\/\\\/revolutionpadelstore.com\\\/it\\\/#website\"},\"primaryImageOfPage\":{\"@id\":\"https:\\\/\\\/revolutionpadelstore.com\\\/it\\\/prodotto\\\/par-munequeras-adidas-s-rojo-4\\\/#primaryimage\"},\"image\":{\"@id\":\"https:\\\/\\\/revolutionpadelstore.com\\\/it\\\/prodotto\\\/par-munequeras-adidas-s-rojo-4\\\/#primaryimage\"},\"thumbnailUrl\":\"https:\\\/\\\/revolutionpadelstore.com\\\/wp-content\\\/uploads\\\/2024\\\/11\\\/32349_par_munequera_adidas_s_aa4wc4s50_1500x1500_1_3785.webp\",\"datePublished\":\"2024-11-27T09:01:00+00:00\",\"dateModified\":\"2026-04-08T07:59:38+00:00\",\"description\":\"Este par de\u00a0Mu\u00f1equeras Adidas S en rojo\u00a0son el accesorio textil perfecto para mantener tus manos secas y c\u00f3modas durante el juego. Con un dise\u00f1o corto, estas mu\u00f1equeras ofrecen un\u00a0ajuste preciso\u00a0y una gran capacidad de absorci\u00f3n de la humedad y el sudor, ayudando a mejorar tu rendimiento en la pista.\",\"breadcrumb\":{\"@id\":\"https:\\\/\\\/revolutionpadelstore.com\\\/it\\\/prodotto\\\/par-munequeras-adidas-s-rojo-4\\\/#breadcrumb\"},\"inLanguage\":\"it-IT\",\"potentialAction\":[{\"@type\":\"ReadAction\",\"target\":[\"https:\\\/\\\/revolutionpadelstore.com\\\/it\\\/prodotto\\\/par-munequeras-adidas-s-rojo-4\\\/\"]}]},{\"@type\":\"ImageObject\",\"inLanguage\":\"it-IT\",\"@id\":\"https:\\\/\\\/revolutionpadelstore.com\\\/it\\\/prodotto\\\/par-munequeras-adidas-s-rojo-4\\\/#primaryimage\",\"url\":\"https:\\\/\\\/revolutionpadelstore.com\\\/wp-content\\\/uploads\\\/2024\\\/11\\\/32349_par_munequera_adidas_s_aa4wc4s50_1500x1500_1_3785.webp\",\"contentUrl\":\"https:\\\/\\\/revolutionpadelstore.com\\\/wp-content\\\/uploads\\\/2024\\\/11\\\/32349_par_munequera_adidas_s_aa4wc4s50_1500x1500_1_3785.webp\",\"width\":1500,\"height\":1500},{\"@type\":\"BreadcrumbList\",\"@id\":\"https:\\\/\\\/revolutionpadelstore.com\\\/it\\\/prodotto\\\/par-munequeras-adidas-s-rojo-4\\\/#breadcrumb\",\"itemListElement\":[{\"@type\":\"ListItem\",\"position\":1,\"name\":\"Portada\",\"item\":\"https:\\\/\\\/revolutionpadelstore.com\\\/it\\\/\"},{\"@type\":\"ListItem\",\"position\":2,\"name\":\"Tienda\",\"item\":\"https:\\\/\\\/revolutionpadelstore.com\\\/it\\\/tienda\\\/\"},{\"@type\":\"ListItem\",\"position\":3,\"name\":\"PAR MU\u00d1EQUERAS ADIDAS S ROJO\"}]},{\"@type\":\"WebSite\",\"@id\":\"https:\\\/\\\/revolutionpadelstore.com\\\/it\\\/#website\",\"url\":\"https:\\\/\\\/revolutionpadelstore.com\\\/it\\\/\",\"name\":\"Revolution Padel Store\",\"description\":\"\",\"publisher\":{\"@id\":\"https:\\\/\\\/revolutionpadelstore.com\\\/it\\\/#organization\"},\"potentialAction\":[{\"@type\":\"SearchAction\",\"target\":{\"@type\":\"EntryPoint\",\"urlTemplate\":\"https:\\\/\\\/revolutionpadelstore.com\\\/it\\\/?s={search_term_string}\"},\"query-input\":{\"@type\":\"PropertyValueSpecification\",\"valueRequired\":true,\"valueName\":\"search_term_string\"}}],\"inLanguage\":\"it-IT\"},{\"@type\":\"Organization\",\"@id\":\"https:\\\/\\\/revolutionpadelstore.com\\\/it\\\/#organization\",\"name\":\"Revolution Padel Store\",\"url\":\"https:\\\/\\\/revolutionpadelstore.com\\\/it\\\/\",\"logo\":{\"@type\":\"ImageObject\",\"inLanguage\":\"it-IT\",\"@id\":\"https:\\\/\\\/revolutionpadelstore.com\\\/it\\\/#\\\/schema\\\/logo\\\/image\\\/\",\"url\":\"https:\\\/\\\/revolutionpadelstore.com\\\/wp-content\\\/uploads\\\/2026\\\/02\\\/revolution-padel-store.jpg\",\"contentUrl\":\"https:\\\/\\\/revolutionpadelstore.com\\\/wp-content\\\/uploads\\\/2026\\\/02\\\/revolution-padel-store.jpg\",\"width\":2000,\"height\":2000,\"caption\":\"Revolution Padel Store\"},\"image\":{\"@id\":\"https:\\\/\\\/revolutionpadelstore.com\\\/it\\\/#\\\/schema\\\/logo\\\/image\\\/\"},\"sameAs\":[\"https:\\\/\\\/www.instagram.com\\\/revolutionpadelstore\\\/\"]}]}<\/script>\n<!-- \/ Yoast SEO plugin. -->","yoast_head_json":{"title":"PAR MU\u00d1EQUERAS ADIDAS S ROJO - Revolution Padel Store","description":"Este par de\u00a0Mu\u00f1equeras Adidas S en rojo\u00a0son el accesorio textil perfecto para mantener tus manos secas y c\u00f3modas durante el juego. Con un dise\u00f1o corto, estas mu\u00f1equeras ofrecen un\u00a0ajuste preciso\u00a0y una gran capacidad de absorci\u00f3n de la humedad y el sudor, ayudando a mejorar tu rendimiento en la pista.","robots":{"index":"index","follow":"follow","max-snippet":"max-snippet:-1","max-image-preview":"max-image-preview:large","max-video-preview":"max-video-preview:-1"},"canonical":"https:\/\/revolutionpadelstore.com\/it\/prodotto\/par-munequeras-adidas-s-rojo-4\/","og_locale":"it_IT","og_type":"article","og_title":"PAR MU\u00d1EQUERAS ADIDAS S ROJO - Revolution Padel Store","og_description":"Este par de\u00a0Mu\u00f1equeras Adidas S en rojo\u00a0son el accesorio textil perfecto para mantener tus manos secas y c\u00f3modas durante el juego. Con un dise\u00f1o corto, estas mu\u00f1equeras ofrecen un\u00a0ajuste preciso\u00a0y una gran capacidad de absorci\u00f3n de la humedad y el sudor, ayudando a mejorar tu rendimiento en la pista.","og_url":"https:\/\/revolutionpadelstore.com\/it\/prodotto\/par-munequeras-adidas-s-rojo-4\/","og_site_name":"Revolution Padel Store","article_modified_time":"2026-04-08T07:59:38+00:00","og_image":[{"width":1500,"height":1500,"url":"https:\/\/revolutionpadelstore.com\/wp-content\/uploads\/2024\/11\/32349_par_munequera_adidas_s_aa4wc4s50_1500x1500_1_3785.webp","type":"image\/webp"}],"twitter_card":"summary_large_image","twitter_misc":{"Tempo di lettura stimato":"1 minuto"},"schema":{"@context":"https:\/\/schema.org","@graph":[{"@type":"WebPage","@id":"https:\/\/revolutionpadelstore.com\/it\/prodotto\/par-munequeras-adidas-s-rojo-4\/","url":"https:\/\/revolutionpadelstore.com\/it\/prodotto\/par-munequeras-adidas-s-rojo-4\/","name":"PAR MU\u00d1EQUERAS ADIDAS S ROJO - Revolution Padel Store","isPartOf":{"@id":"https:\/\/revolutionpadelstore.com\/it\/#website"},"primaryImageOfPage":{"@id":"https:\/\/revolutionpadelstore.com\/it\/prodotto\/par-munequeras-adidas-s-rojo-4\/#primaryimage"},"image":{"@id":"https:\/\/revolutionpadelstore.com\/it\/prodotto\/par-munequeras-adidas-s-rojo-4\/#primaryimage"},"thumbnailUrl":"https:\/\/revolutionpadelstore.com\/wp-content\/uploads\/2024\/11\/32349_par_munequera_adidas_s_aa4wc4s50_1500x1500_1_3785.webp","datePublished":"2024-11-27T09:01:00+00:00","dateModified":"2026-04-08T07:59:38+00:00","description":"Este par de\u00a0Mu\u00f1equeras Adidas S en rojo\u00a0son el accesorio textil perfecto para mantener tus manos secas y c\u00f3modas durante el juego. Con un dise\u00f1o corto, estas mu\u00f1equeras ofrecen un\u00a0ajuste preciso\u00a0y una gran capacidad de absorci\u00f3n de la humedad y el sudor, ayudando a mejorar tu rendimiento en la pista.","breadcrumb":{"@id":"https:\/\/revolutionpadelstore.com\/it\/prodotto\/par-munequeras-adidas-s-rojo-4\/#breadcrumb"},"inLanguage":"it-IT","potentialAction":[{"@type":"ReadAction","target":["https:\/\/revolutionpadelstore.com\/it\/prodotto\/par-munequeras-adidas-s-rojo-4\/"]}]},{"@type":"ImageObject","inLanguage":"it-IT","@id":"https:\/\/revolutionpadelstore.com\/it\/prodotto\/par-munequeras-adidas-s-rojo-4\/#primaryimage","url":"https:\/\/revolutionpadelstore.com\/wp-content\/uploads\/2024\/11\/32349_par_munequera_adidas_s_aa4wc4s50_1500x1500_1_3785.webp","contentUrl":"https:\/\/revolutionpadelstore.com\/wp-content\/uploads\/2024\/11\/32349_par_munequera_adidas_s_aa4wc4s50_1500x1500_1_3785.webp","width":1500,"height":1500},{"@type":"BreadcrumbList","@id":"https:\/\/revolutionpadelstore.com\/it\/prodotto\/par-munequeras-adidas-s-rojo-4\/#breadcrumb","itemListElement":[{"@type":"ListItem","position":1,"name":"Portada","item":"https:\/\/revolutionpadelstore.com\/it\/"},{"@type":"ListItem","position":2,"name":"Tienda","item":"https:\/\/revolutionpadelstore.com\/it\/tienda\/"},{"@type":"ListItem","position":3,"name":"PAR MU\u00d1EQUERAS ADIDAS S ROJO"}]},{"@type":"WebSite","@id":"https:\/\/revolutionpadelstore.com\/it\/#website","url":"https:\/\/revolutionpadelstore.com\/it\/","name":"Revolution Padel Store","description":"","publisher":{"@id":"https:\/\/revolutionpadelstore.com\/it\/#organization"},"potentialAction":[{"@type":"SearchAction","target":{"@type":"EntryPoint","urlTemplate":"https:\/\/revolutionpadelstore.com\/it\/?s={search_term_string}"},"query-input":{"@type":"PropertyValueSpecification","valueRequired":true,"valueName":"search_term_string"}}],"inLanguage":"it-IT"},{"@type":"Organization","@id":"https:\/\/revolutionpadelstore.com\/it\/#organization","name":"Revolution Padel Store","url":"https:\/\/revolutionpadelstore.com\/it\/","logo":{"@type":"ImageObject","inLanguage":"it-IT","@id":"https:\/\/revolutionpadelstore.com\/it\/#\/schema\/logo\/image\/","url":"https:\/\/revolutionpadelstore.com\/wp-content\/uploads\/2026\/02\/revolution-padel-store.jpg","contentUrl":"https:\/\/revolutionpadelstore.com\/wp-content\/uploads\/2026\/02\/revolution-padel-store.jpg","width":2000,"height":2000,"caption":"Revolution Padel Store"},"image":{"@id":"https:\/\/revolutionpadelstore.com\/it\/#\/schema\/logo\/image\/"},"sameAs":["https:\/\/www.instagram.com\/revolutionpadelstore\/"]}]}},"_links":{"self":[{"href":"https:\/\/revolutionpadelstore.com\/it\/wp-json\/wp\/v2\/product\/214673","targetHints":{"allow":["GET"]}}],"collection":[{"href":"https:\/\/revolutionpadelstore.com\/it\/wp-json\/wp\/v2\/product"}],"about":[{"href":"https:\/\/revolutionpadelstore.com\/it\/wp-json\/wp\/v2\/types\/product"}],"replies":[{"embeddable":true,"href":"https:\/\/revolutionpadelstore.com\/it\/wp-json\/wp\/v2\/comments?post=214673"}],"wp:featuredmedia":[{"embeddable":true,"href":"https:\/\/revolutionpadelstore.com\/it\/wp-json\/wp\/v2\/media\/129617"}],"wp:attachment":[{"href":"https:\/\/revolutionpadelstore.com\/it\/wp-json\/wp\/v2\/media?parent=214673"}],"wp:term":[{"taxonomy":"acabado","embeddable":true,"href":"https:\/\/revolutionpadelstore.com\/it\/wp-json\/wp\/v2\/acabado?post=214673"},{"taxonomy":"balance","embeddable":true,"href":"https:\/\/revolutionpadelstore.com\/it\/wp-json\/wp\/v2\/balance?post=214673"},{"taxonomy":"dureza","embeddable":true,"href":"https:\/\/revolutionpadelstore.com\/it\/wp-json\/wp\/v2\/dureza?post=214673"},{"taxonomy":"forma","embeddable":true,"href":"https:\/\/revolutionpadelstore.com\/it\/wp-json\/wp\/v2\/forma?post=214673"},{"taxonomy":"jugador","embeddable":true,"href":"https:\/\/revolutionpadelstore.com\/it\/wp-json\/wp\/v2\/jugador?post=214673"},{"taxonomy":"marca","embeddable":true,"href":"https:\/\/revolutionpadelstore.com\/it\/wp-json\/wp\/v2\/marca?post=214673"},{"taxonomy":"nivel-de-juego","embeddable":true,"href":"https:\/\/revolutionpadelstore.com\/it\/wp-json\/wp\/v2\/nivel-de-juego?post=214673"},{"taxonomy":"superficie","embeddable":true,"href":"https:\/\/revolutionpadelstore.com\/it\/wp-json\/wp\/v2\/superficie?post=214673"},{"taxonomy":"tipo-de-juego","embeddable":true,"href":"https:\/\/revolutionpadelstore.com\/it\/wp-json\/wp\/v2\/tipo-de-juego?post=214673"},{"taxonomy":"product_brand","embeddable":true,"href":"https:\/\/revolutionpadelstore.com\/it\/wp-json\/wp\/v2\/product_brand?post=214673"},{"taxonomy":"product_cat","embeddable":true,"href":"https:\/\/revolutionpadelstore.com\/it\/wp-json\/wp\/v2\/product_cat?post=214673"},{"taxonomy":"product_tag","embeddable":true,"href":"https:\/\/revolutionpadelstore.com\/it\/wp-json\/wp\/v2\/product_tag?post=214673"}],"curies":[{"name":"wp","href":"https:\/\/api.w.org\/{rel}","templated":true}]}}