{"id":21222,"date":"2024-03-11T11:03:08","date_gmt":"2024-03-11T10:03:08","guid":{"rendered":"https:\/\/revolutionpadelstore.com\/cargador-de-presion-pelotas-ball-rescuer\/"},"modified":"2026-04-08T15:45:19","modified_gmt":"2026-04-08T13:45:19","slug":"cargador-de-presion-pelotas-ball-rescuer-4","status":"publish","type":"product","link":"https:\/\/revolutionpadelstore.com\/it\/prodotto\/cargador-de-presion-pelotas-ball-rescuer-4\/","title":{"rendered":"Cargador de Presion Pelotas Ball Rescuer"},"content":{"rendered":"<p>Il pressurizzatore a sfera Ball Rescuer \u00e8 composto da due corpi filettati in plastica, un coperchio e una flangia o fascetta.<\/p>\n<p>Il coperchio \u00e8 caratterizzato da due valvole, una principale per il riempimento dell&#8217;aria ed una secondaria per collegare un indicatore di pressione.<br \/>\nIl coperchio \u00e8 dotato anche di un pulsante di svuotamento per aprire comodamente la bottiglia prima di utilizzare le palline.<br \/>\nOltre a questo, il coperchio ha all&#8217;interno uno speciale O-ring che consente di pressurizzare quasi tutti i contenitori a sfera presenti sul mercato.<\/p>\n<p>La flangia \u00e8 il pezzo che abbraccia il contenitore e una volta posizionato attorno ad esso permette di avvitarlo al coperchio e pressurizzarlo.<\/p>\n<p>dimensioni ridotte, leggero, facile apertura<\/p>\n<p>Adatto a diverse marche di contenitori da 3 o 4 palline.<br \/>\nConsulta la guida alla compatibilit\u00e0 di seguito.<br \/>\n\u00c8 in grado di immagazzinare 3 o 4 palline ad una pressione fino a 35 psi, prolungandone la vita utile fino a 10 volte.<br \/>\nRecupera le palline depressurizzate (nota che il processo pu\u00f2 richiedere 2 o 3 settimane)<br \/>\nGiocando due partite a settimana, l&#8217;investimento si ripaga in tre mesi.<br \/>\nIn cinque anni si evita la produzione e il successivo smaltimento di 1.200 palloni e 300 contenitori.<br \/>\nRisparmiare materie prime e ridurre le emissioni.<br \/>\nRealizzato in materiale leggero e resistente.<br \/>\nFacile da usare.<br \/>\nContiene istruzioni dettagliate sulla pressurizzazione.<br \/>\nBrevettato, prodotto e assemblato in Spagna.<\/p>\n<p>alta pressione<br \/>\nBall Rescuer lavora ad una pressione di 30\/35 psi.<br \/>\nI pressurizzatori avvitabili senza valvola che forniscono solo 14\/16 psi non funzionano bene.<br \/>\nInoltre, Ball Rescuer \u00e8 dotato di un pulsante speciale per rilasciare la pressione prima di aprirlo, quindi non utilizza la valvola di riempimento stessa per lo svuotamento.<br \/>\nHa anche un indicatore a tre colori.<\/p>\n<p>ergonomia<br \/>\nBall Rescuer pesa solo 150 grammi e occupa uno spazio minimo nella borsa.<br \/>\n\u00c8 pi\u00f9 comodo e pi\u00f9 facile da aprire e chiudere rispetto a qualsiasi altro.<br \/>\nSi adatta a contenitori da 3 o 4 palline a seconda delle vostre esigenze, riducendo cos\u00ec al minimo il volume.<br \/>\nVerifica la compatibilit\u00e0.<br \/>\n\u00c8 economico, bello e rispettoso dell&#8217;ambiente.<\/p>\n<p>come funziona?<\/p>\n<p>01 Collega il Ball Rescuer a un contenitore per palline compatibile.<\/p>\n<p>02 Metti le palline nel contenitore.<\/p>\n<p>03 Chiudi il coperchio utilizzando la filettatura, assicurandoti di stringerla bene.<\/p>\n<p>04 Posiziona l&#8217;imboccatura della pompa di gonfiaggio sulla valvola di riempimento.<\/p>\n<p>05 Gonfiare alla pressione desiderata in base all&#8217;indicatore di pressione.<\/p>\n<p>Marche compatibili al 100%.<\/p>\n<p>adattabile a contenitori in plastica<\/p>\n<p>Ball Rescurer \u00e8 un pressurizzatore per palline compatibile con contenitori in plastica di palline da tennis e padel che ti permette di convertirli in un contenitore pressurizzatore che moltiplica per 10 la vita delle tue palline.<\/p>\n<p>Basta acquistare una volta un tipo di confezione compatibile e utilizzarla con qualsiasi altra marca di palline.<br \/>\nLo stesso contenitore pu\u00f2 essere pressurizzato centinaia di volte.<\/p>\n<p>Head Padel Pro S, Head Padel, Head Championship, Head Radical, Siux Match, Siux Match Pro, Penn Coach. Softee Speed \u200b\u200bPro, Softee Speed, Softee Pro X e Softee Pro, HBL Protour Padel, Higer Padel Slam, Nexus Open Padel,<\/p>\n<p>Compatibile al 95%.<\/p>\n<p>Dunlop Padel Tournament Quality, Dunlop Team Padel, Dunlop Pro Tour 3 e 4 palline, Slazenger Club Padel, Slazenger Championship Hydroguard (3 e 4 palline) Slazenger Max Padel, Slazenger, Donnay Championship.<\/p>\n<p>I modelli con compatibilit\u00e0 al 95% sono pi\u00f9 stretti e perch\u00e9 funzionino al 100% bisogna allargarli con venti o trenta giri di nastro da imballaggio sotto la fessura del collo del contenitore.<\/p>\n<p>Packaging attualmente non compatibili per motivi di sicurezza: Wilson, Bullpadel, Babolat, Tecnifibre, Nox, Artengo, Adidas e Varlion, anche se non sono gli unici.<br \/>\nNon compatibile con contenitori metallici o lattine.<\/p>\n<p>Modelli di marche compatibili che non possono essere pressurizzati o che presentano perdite fuori orario:<\/p>\n<p>Dunlop Tour Brillantezza. Il corpo del contenitore \u00e8 troppo stretto e quando pressurizzato diventa decentrato rispetto alla flangia.<br \/>\nPer evitare ci\u00f2, arrotolare del nastro isolante per aumentare il diametro finch\u00e9 non si adatta alla flangia. Anche cos\u00ec sar\u00e0 difficile pressurizzare, meglio scegliere un altro modello.<br \/>\nDunlop Pro Padel. Pu\u00f2 essere pressurizzato ma solitamente presenta perdite di carico.<br \/>\nI contenitori larghi Head Padel Pro non possono essere pressurizzati, puoi misurarlo con la flangia prima di acquistarlo.<\/p>\n","protected":false},"excerpt":{"rendered":"<p>Palle caricate a pressione Ball Rescuerr <\/p>\n","protected":false},"featured_media":1665,"comment_status":"open","ping_status":"closed","template":"","meta":{"_acf_changed":false,"_joinchat":[]},"acabado":[],"balance":[],"dureza":[],"forma":[],"jugador":[],"marca":[1281],"nivel-de-juego":[],"superficie":[],"tipo-de-juego":[],"product_brand":[],"product_cat":[605],"product_tag":[],"class_list":{"0":"post-21222","1":"product","2":"type-product","3":"status-publish","4":"has-post-thumbnail","6":"marca-salvatore-di-palle","7":"product_cat-palle","9":"first","10":"outofstock","11":"taxable","12":"shipping-taxable","13":"purchasable","14":"product-type-simple"},"acf":[],"yoast_head":"<!-- This site is optimized with the Yoast SEO plugin v27.4 - https:\/\/yoast.com\/product\/yoast-seo-wordpress\/ -->\n<title>Cargador de Presion Pelotas Ball Rescuer - Revolution Padel Store<\/title>\n<meta name=\"robots\" content=\"index, follow, max-snippet:-1, max-image-preview:large, max-video-preview:-1\" \/>\n<link rel=\"canonical\" href=\"https:\/\/revolutionpadelstore.com\/it\/prodotto\/cargador-de-presion-pelotas-ball-rescuer-4\/\" \/>\n<meta property=\"og:locale\" content=\"it_IT\" \/>\n<meta property=\"og:type\" content=\"article\" \/>\n<meta property=\"og:title\" content=\"Cargador de Presion Pelotas Ball Rescuer - Revolution Padel Store\" \/>\n<meta property=\"og:description\" content=\"Palle caricate a pressione Ball Rescuerr\" \/>\n<meta property=\"og:url\" content=\"https:\/\/revolutionpadelstore.com\/it\/prodotto\/cargador-de-presion-pelotas-ball-rescuer-4\/\" \/>\n<meta property=\"og:site_name\" content=\"Revolution Padel Store\" \/>\n<meta property=\"article:modified_time\" content=\"2026-04-08T13:45:19+00:00\" \/>\n<meta property=\"og:image\" content=\"https:\/\/revolutionpadelstore.com\/wp-content\/uploads\/2024\/03\/cargador-de-presion-pelotas-ball-rescuer-es-1-800x800-1.jpg\" \/>\n\t<meta property=\"og:image:width\" content=\"800\" \/>\n\t<meta property=\"og:image:height\" content=\"800\" \/>\n\t<meta property=\"og:image:type\" content=\"image\/jpeg\" \/>\n<meta name=\"twitter:card\" content=\"summary_large_image\" \/>\n<meta name=\"twitter:label1\" content=\"Tempo di lettura stimato\" \/>\n\t<meta name=\"twitter:data1\" content=\"1 minuto\" \/>\n<script type=\"application\/ld+json\" class=\"yoast-schema-graph\">{\"@context\":\"https:\\\/\\\/schema.org\",\"@graph\":[{\"@type\":\"WebPage\",\"@id\":\"https:\\\/\\\/revolutionpadelstore.com\\\/it\\\/prodotto\\\/cargador-de-presion-pelotas-ball-rescuer-4\\\/\",\"url\":\"https:\\\/\\\/revolutionpadelstore.com\\\/it\\\/prodotto\\\/cargador-de-presion-pelotas-ball-rescuer-4\\\/\",\"name\":\"Cargador de Presion Pelotas Ball Rescuer - Revolution Padel Store\",\"isPartOf\":{\"@id\":\"https:\\\/\\\/revolutionpadelstore.com\\\/it\\\/#website\"},\"primaryImageOfPage\":{\"@id\":\"https:\\\/\\\/revolutionpadelstore.com\\\/it\\\/prodotto\\\/cargador-de-presion-pelotas-ball-rescuer-4\\\/#primaryimage\"},\"image\":{\"@id\":\"https:\\\/\\\/revolutionpadelstore.com\\\/it\\\/prodotto\\\/cargador-de-presion-pelotas-ball-rescuer-4\\\/#primaryimage\"},\"thumbnailUrl\":\"https:\\\/\\\/revolutionpadelstore.com\\\/wp-content\\\/uploads\\\/2024\\\/03\\\/cargador-de-presion-pelotas-ball-rescuer-es-1-800x800-1.jpg\",\"datePublished\":\"2024-03-11T10:03:08+00:00\",\"dateModified\":\"2026-04-08T13:45:19+00:00\",\"breadcrumb\":{\"@id\":\"https:\\\/\\\/revolutionpadelstore.com\\\/it\\\/prodotto\\\/cargador-de-presion-pelotas-ball-rescuer-4\\\/#breadcrumb\"},\"inLanguage\":\"it-IT\",\"potentialAction\":[{\"@type\":\"ReadAction\",\"target\":[\"https:\\\/\\\/revolutionpadelstore.com\\\/it\\\/prodotto\\\/cargador-de-presion-pelotas-ball-rescuer-4\\\/\"]}]},{\"@type\":\"ImageObject\",\"inLanguage\":\"it-IT\",\"@id\":\"https:\\\/\\\/revolutionpadelstore.com\\\/it\\\/prodotto\\\/cargador-de-presion-pelotas-ball-rescuer-4\\\/#primaryimage\",\"url\":\"https:\\\/\\\/revolutionpadelstore.com\\\/wp-content\\\/uploads\\\/2024\\\/03\\\/cargador-de-presion-pelotas-ball-rescuer-es-1-800x800-1.jpg\",\"contentUrl\":\"https:\\\/\\\/revolutionpadelstore.com\\\/wp-content\\\/uploads\\\/2024\\\/03\\\/cargador-de-presion-pelotas-ball-rescuer-es-1-800x800-1.jpg\",\"width\":800,\"height\":800,\"caption\":\"Cargador de Presion Pelotas Ball Rescuer\"},{\"@type\":\"BreadcrumbList\",\"@id\":\"https:\\\/\\\/revolutionpadelstore.com\\\/it\\\/prodotto\\\/cargador-de-presion-pelotas-ball-rescuer-4\\\/#breadcrumb\",\"itemListElement\":[{\"@type\":\"ListItem\",\"position\":1,\"name\":\"Portada\",\"item\":\"https:\\\/\\\/revolutionpadelstore.com\\\/it\\\/\"},{\"@type\":\"ListItem\",\"position\":2,\"name\":\"Tienda\",\"item\":\"https:\\\/\\\/revolutionpadelstore.com\\\/it\\\/tienda\\\/\"},{\"@type\":\"ListItem\",\"position\":3,\"name\":\"Cargador de Presion Pelotas Ball Rescuer\"}]},{\"@type\":\"WebSite\",\"@id\":\"https:\\\/\\\/revolutionpadelstore.com\\\/it\\\/#website\",\"url\":\"https:\\\/\\\/revolutionpadelstore.com\\\/it\\\/\",\"name\":\"Revolution Padel Store\",\"description\":\"\",\"publisher\":{\"@id\":\"https:\\\/\\\/revolutionpadelstore.com\\\/it\\\/#organization\"},\"potentialAction\":[{\"@type\":\"SearchAction\",\"target\":{\"@type\":\"EntryPoint\",\"urlTemplate\":\"https:\\\/\\\/revolutionpadelstore.com\\\/it\\\/?s={search_term_string}\"},\"query-input\":{\"@type\":\"PropertyValueSpecification\",\"valueRequired\":true,\"valueName\":\"search_term_string\"}}],\"inLanguage\":\"it-IT\"},{\"@type\":\"Organization\",\"@id\":\"https:\\\/\\\/revolutionpadelstore.com\\\/it\\\/#organization\",\"name\":\"Revolution Padel Store\",\"url\":\"https:\\\/\\\/revolutionpadelstore.com\\\/it\\\/\",\"logo\":{\"@type\":\"ImageObject\",\"inLanguage\":\"it-IT\",\"@id\":\"https:\\\/\\\/revolutionpadelstore.com\\\/it\\\/#\\\/schema\\\/logo\\\/image\\\/\",\"url\":\"https:\\\/\\\/revolutionpadelstore.com\\\/wp-content\\\/uploads\\\/2026\\\/02\\\/revolution-padel-store.jpg\",\"contentUrl\":\"https:\\\/\\\/revolutionpadelstore.com\\\/wp-content\\\/uploads\\\/2026\\\/02\\\/revolution-padel-store.jpg\",\"width\":2000,\"height\":2000,\"caption\":\"Revolution Padel Store\"},\"image\":{\"@id\":\"https:\\\/\\\/revolutionpadelstore.com\\\/it\\\/#\\\/schema\\\/logo\\\/image\\\/\"},\"sameAs\":[\"https:\\\/\\\/www.instagram.com\\\/revolutionpadelstore\\\/\"]}]}<\/script>\n<!-- \/ Yoast SEO plugin. -->","yoast_head_json":{"title":"Cargador de Presion Pelotas Ball Rescuer - Revolution Padel Store","robots":{"index":"index","follow":"follow","max-snippet":"max-snippet:-1","max-image-preview":"max-image-preview:large","max-video-preview":"max-video-preview:-1"},"canonical":"https:\/\/revolutionpadelstore.com\/it\/prodotto\/cargador-de-presion-pelotas-ball-rescuer-4\/","og_locale":"it_IT","og_type":"article","og_title":"Cargador de Presion Pelotas Ball Rescuer - Revolution Padel Store","og_description":"Palle caricate a pressione Ball Rescuerr","og_url":"https:\/\/revolutionpadelstore.com\/it\/prodotto\/cargador-de-presion-pelotas-ball-rescuer-4\/","og_site_name":"Revolution Padel Store","article_modified_time":"2026-04-08T13:45:19+00:00","og_image":[{"width":800,"height":800,"url":"https:\/\/revolutionpadelstore.com\/wp-content\/uploads\/2024\/03\/cargador-de-presion-pelotas-ball-rescuer-es-1-800x800-1.jpg","type":"image\/jpeg"}],"twitter_card":"summary_large_image","twitter_misc":{"Tempo di lettura stimato":"1 minuto"},"schema":{"@context":"https:\/\/schema.org","@graph":[{"@type":"WebPage","@id":"https:\/\/revolutionpadelstore.com\/it\/prodotto\/cargador-de-presion-pelotas-ball-rescuer-4\/","url":"https:\/\/revolutionpadelstore.com\/it\/prodotto\/cargador-de-presion-pelotas-ball-rescuer-4\/","name":"Cargador de Presion Pelotas Ball Rescuer - Revolution Padel Store","isPartOf":{"@id":"https:\/\/revolutionpadelstore.com\/it\/#website"},"primaryImageOfPage":{"@id":"https:\/\/revolutionpadelstore.com\/it\/prodotto\/cargador-de-presion-pelotas-ball-rescuer-4\/#primaryimage"},"image":{"@id":"https:\/\/revolutionpadelstore.com\/it\/prodotto\/cargador-de-presion-pelotas-ball-rescuer-4\/#primaryimage"},"thumbnailUrl":"https:\/\/revolutionpadelstore.com\/wp-content\/uploads\/2024\/03\/cargador-de-presion-pelotas-ball-rescuer-es-1-800x800-1.jpg","datePublished":"2024-03-11T10:03:08+00:00","dateModified":"2026-04-08T13:45:19+00:00","breadcrumb":{"@id":"https:\/\/revolutionpadelstore.com\/it\/prodotto\/cargador-de-presion-pelotas-ball-rescuer-4\/#breadcrumb"},"inLanguage":"it-IT","potentialAction":[{"@type":"ReadAction","target":["https:\/\/revolutionpadelstore.com\/it\/prodotto\/cargador-de-presion-pelotas-ball-rescuer-4\/"]}]},{"@type":"ImageObject","inLanguage":"it-IT","@id":"https:\/\/revolutionpadelstore.com\/it\/prodotto\/cargador-de-presion-pelotas-ball-rescuer-4\/#primaryimage","url":"https:\/\/revolutionpadelstore.com\/wp-content\/uploads\/2024\/03\/cargador-de-presion-pelotas-ball-rescuer-es-1-800x800-1.jpg","contentUrl":"https:\/\/revolutionpadelstore.com\/wp-content\/uploads\/2024\/03\/cargador-de-presion-pelotas-ball-rescuer-es-1-800x800-1.jpg","width":800,"height":800,"caption":"Cargador de Presion Pelotas Ball Rescuer"},{"@type":"BreadcrumbList","@id":"https:\/\/revolutionpadelstore.com\/it\/prodotto\/cargador-de-presion-pelotas-ball-rescuer-4\/#breadcrumb","itemListElement":[{"@type":"ListItem","position":1,"name":"Portada","item":"https:\/\/revolutionpadelstore.com\/it\/"},{"@type":"ListItem","position":2,"name":"Tienda","item":"https:\/\/revolutionpadelstore.com\/it\/tienda\/"},{"@type":"ListItem","position":3,"name":"Cargador de Presion Pelotas Ball Rescuer"}]},{"@type":"WebSite","@id":"https:\/\/revolutionpadelstore.com\/it\/#website","url":"https:\/\/revolutionpadelstore.com\/it\/","name":"Revolution Padel Store","description":"","publisher":{"@id":"https:\/\/revolutionpadelstore.com\/it\/#organization"},"potentialAction":[{"@type":"SearchAction","target":{"@type":"EntryPoint","urlTemplate":"https:\/\/revolutionpadelstore.com\/it\/?s={search_term_string}"},"query-input":{"@type":"PropertyValueSpecification","valueRequired":true,"valueName":"search_term_string"}}],"inLanguage":"it-IT"},{"@type":"Organization","@id":"https:\/\/revolutionpadelstore.com\/it\/#organization","name":"Revolution Padel Store","url":"https:\/\/revolutionpadelstore.com\/it\/","logo":{"@type":"ImageObject","inLanguage":"it-IT","@id":"https:\/\/revolutionpadelstore.com\/it\/#\/schema\/logo\/image\/","url":"https:\/\/revolutionpadelstore.com\/wp-content\/uploads\/2026\/02\/revolution-padel-store.jpg","contentUrl":"https:\/\/revolutionpadelstore.com\/wp-content\/uploads\/2026\/02\/revolution-padel-store.jpg","width":2000,"height":2000,"caption":"Revolution Padel Store"},"image":{"@id":"https:\/\/revolutionpadelstore.com\/it\/#\/schema\/logo\/image\/"},"sameAs":["https:\/\/www.instagram.com\/revolutionpadelstore\/"]}]}},"_links":{"self":[{"href":"https:\/\/revolutionpadelstore.com\/it\/wp-json\/wp\/v2\/product\/21222","targetHints":{"allow":["GET"]}}],"collection":[{"href":"https:\/\/revolutionpadelstore.com\/it\/wp-json\/wp\/v2\/product"}],"about":[{"href":"https:\/\/revolutionpadelstore.com\/it\/wp-json\/wp\/v2\/types\/product"}],"replies":[{"embeddable":true,"href":"https:\/\/revolutionpadelstore.com\/it\/wp-json\/wp\/v2\/comments?post=21222"}],"wp:featuredmedia":[{"embeddable":true,"href":"https:\/\/revolutionpadelstore.com\/it\/wp-json\/wp\/v2\/media\/1665"}],"wp:attachment":[{"href":"https:\/\/revolutionpadelstore.com\/it\/wp-json\/wp\/v2\/media?parent=21222"}],"wp:term":[{"taxonomy":"acabado","embeddable":true,"href":"https:\/\/revolutionpadelstore.com\/it\/wp-json\/wp\/v2\/acabado?post=21222"},{"taxonomy":"balance","embeddable":true,"href":"https:\/\/revolutionpadelstore.com\/it\/wp-json\/wp\/v2\/balance?post=21222"},{"taxonomy":"dureza","embeddable":true,"href":"https:\/\/revolutionpadelstore.com\/it\/wp-json\/wp\/v2\/dureza?post=21222"},{"taxonomy":"forma","embeddable":true,"href":"https:\/\/revolutionpadelstore.com\/it\/wp-json\/wp\/v2\/forma?post=21222"},{"taxonomy":"jugador","embeddable":true,"href":"https:\/\/revolutionpadelstore.com\/it\/wp-json\/wp\/v2\/jugador?post=21222"},{"taxonomy":"marca","embeddable":true,"href":"https:\/\/revolutionpadelstore.com\/it\/wp-json\/wp\/v2\/marca?post=21222"},{"taxonomy":"nivel-de-juego","embeddable":true,"href":"https:\/\/revolutionpadelstore.com\/it\/wp-json\/wp\/v2\/nivel-de-juego?post=21222"},{"taxonomy":"superficie","embeddable":true,"href":"https:\/\/revolutionpadelstore.com\/it\/wp-json\/wp\/v2\/superficie?post=21222"},{"taxonomy":"tipo-de-juego","embeddable":true,"href":"https:\/\/revolutionpadelstore.com\/it\/wp-json\/wp\/v2\/tipo-de-juego?post=21222"},{"taxonomy":"product_brand","embeddable":true,"href":"https:\/\/revolutionpadelstore.com\/it\/wp-json\/wp\/v2\/product_brand?post=21222"},{"taxonomy":"product_cat","embeddable":true,"href":"https:\/\/revolutionpadelstore.com\/it\/wp-json\/wp\/v2\/product_cat?post=21222"},{"taxonomy":"product_tag","embeddable":true,"href":"https:\/\/revolutionpadelstore.com\/it\/wp-json\/wp\/v2\/product_tag?post=21222"}],"curies":[{"name":"wp","href":"https:\/\/api.w.org\/{rel}","templated":true}]}}