{"id":21212,"date":"2024-03-11T11:07:04","date_gmt":"2024-03-11T10:07:04","guid":{"rendered":"https:\/\/revolutionpadelstore.com\/cargador-de-presion-pascal-box-4-pelotas\/"},"modified":"2026-04-08T15:44:16","modified_gmt":"2026-04-08T13:44:16","slug":"cargador-de-presion-pascal-box-4-pelotas-4","status":"publish","type":"product","link":"https:\/\/revolutionpadelstore.com\/it\/prodotto\/cargador-de-presion-pascal-box-4-pelotas-4\/","title":{"rendered":"Cargador de Presion Pascal Box 4 Pelotas"},"content":{"rendered":"<p>PRECISIONE E GARANZIA<\/p>\n<p>Progettato per i giocatori di tennis e padel di tutti i livelli.<br \/>\nIl Pascal Box 4B \u00e8 un sistema di gonfiaggio di precisione che garantir\u00e0 che le vostre palline abbiano sempre la pressione regolamentare ed un rimbalzo perfetto.<\/p>\n<p>Il Pascal Box 4B \u00e8 costruito per durare.<br \/>\nDesign solido realizzato con materiali ad alta resistenza per goderti palloni con la pressione perfetta per molti anni in ogni partita.<\/p>\n<p>VANTAGGI DEL PASCAL BOX\u00ae 4B<\/p>\n<p>GIOCHI A PADEL, TENNIS O FRONTTENIS?<\/p>\n<p>Esperienza di gioco perfetta.<br \/>\nGarantisce la migliore esperienza di gioco possibile, le palline rimbalzeranno sempre come se fossero nuove.<\/p>\n<p>Risparmio.<\/p>\n<p>Adesso trarrai davvero vantaggio dal tuo investimento nei palloni poich\u00e9 otterrai il massimo delle prestazioni per tutta la loro vita utile.<br \/>\nNon dovrai pi\u00f9 comprare palline e usarle solo una o due volte o giocare con palline sciolte senza pressione.<\/p>\n<p>Riduce l&#8217;impatto ambientale.<\/p>\n<p>Contribuirai a generare meno rifiuti inutili (i palloni attualmente non vengono riciclati e finiscono in discarica o in mare) e meno CO2 (per ogni chilo di gomma prodotta vengono immessi nell&#8217;atmosfera 4 chili di CO2, a cui si aggiunge la CO2 prodotta dai trasporti) in nave dall&#8217;altra parte del mondo (i palloni sono prodotti in Asia)<\/p>\n<p>Previene gli infortuni.<\/p>\n<p>Puoi regolare la pressione delle palline in base alle condizioni esterne di temperatura, altitudine, umidit\u00e0 e al tuo stile di gioco, pi\u00f9 duro o pi\u00f9 lento.<br \/>\nEviterai anche eventuali infortuni al gomito e alla spalla dovuti al gioco con palline vaganti e ai gesti forzati quando si punta a palle che non si comportano come dovrebbero.<\/p>\n<p>Sistema di gonfiaggio palline da tennis e padel.<\/p>\n<p>Capacit\u00e0 per 4 palline da paddle e da tennis<\/p>\n<p>Manometro di massima precisione tarato secondo i parametri ufficiali delle Federazioni Internazionali di Tennis e Padel<\/p>\n<p>Coperchio in fibra di vetro ad alta resistenza<\/p>\n<p>Vetro realizzato in policarbonato ad alta resistenza<\/p>\n<p>Sistema di apertura facile<\/p>\n<p>Prodotto riparabile al 100%: tutti i componenti possono essere riparati o sostituiti in caso di usura o rottura.<\/p>\n<p>Contenuto della confezione: Pascal Box 4B, pompa di gonfiaggio (il modello pu\u00f2 variare), flacone di vaselina e istruzioni per l&#8217;uso e la manutenzione<\/p>\n<p>Progettato e prodotto in Spagna.<\/p>\n<p>PASCAL BOX\u00ae UNICO SUL MERCATO<\/p>\n<p>LA SCIENZA AL SERVIZIO DELLO SPORT<\/p>\n<p>Garantiamo risultati al 100%. Pascal Box \u00e8 l&#8217;unico sistema in grado di mantenere fino a 48 PSI di pressione indefinitamente.<\/p>\n<p>Il nostro manometro di precisione garantisce che il sistema faccia il suo lavoro.<br \/>\nSenza questa garanzia \u00e8 impossibile sapere se l&#8217;attrezzatura sta facendo il suo lavoro.<br \/>\nL&#8217;aria trova lo spazio minimo per fuoriuscire e se lo fa i palloni non possono essere gonfiati.<\/p>\n<p>Nota: sotto i 29 PSI la pressione non \u00e8 sufficiente per sfondare la gomma della palla.<\/p>\n","protected":false},"excerpt":{"rendered":"<p>Caricatore a pressione Pascal Box 4 palline<\/p>\n","protected":false},"featured_media":1681,"comment_status":"open","ping_status":"closed","template":"","meta":{"_acf_changed":false,"_joinchat":[]},"acabado":[],"balance":[],"dureza":[],"forma":[],"jugador":[],"marca":[1286],"nivel-de-juego":[],"superficie":[],"tipo-de-juego":[],"product_brand":[],"product_cat":[605],"product_tag":[],"class_list":{"0":"post-21212","1":"product","2":"type-product","3":"status-publish","4":"has-post-thumbnail","6":"marca-scatola-pascal","7":"product_cat-palle","9":"first","10":"outofstock","11":"taxable","12":"shipping-taxable","13":"purchasable","14":"product-type-simple"},"acf":[],"yoast_head":"<!-- This site is optimized with the Yoast SEO plugin v27.4 - https:\/\/yoast.com\/product\/yoast-seo-wordpress\/ -->\n<title>Cargador de Presion Pascal Box 4 Pelotas - Revolution Padel Store<\/title>\n<meta name=\"description\" content=\"Cargador de Presion Pascal Box 4 Pelotas\" \/>\n<meta name=\"robots\" content=\"index, follow, max-snippet:-1, max-image-preview:large, max-video-preview:-1\" \/>\n<link rel=\"canonical\" href=\"https:\/\/revolutionpadelstore.com\/it\/prodotto\/cargador-de-presion-pascal-box-4-pelotas-4\/\" \/>\n<meta property=\"og:locale\" content=\"it_IT\" \/>\n<meta property=\"og:type\" content=\"article\" \/>\n<meta property=\"og:title\" content=\"Cargador de Presion Pascal Box 4 Pelotas - Revolution Padel Store\" \/>\n<meta property=\"og:description\" content=\"Cargador de Presion Pascal Box 4 Pelotas\" \/>\n<meta property=\"og:url\" content=\"https:\/\/revolutionpadelstore.com\/it\/prodotto\/cargador-de-presion-pascal-box-4-pelotas-4\/\" \/>\n<meta property=\"og:site_name\" content=\"Revolution Padel Store\" \/>\n<meta property=\"article:modified_time\" content=\"2026-04-08T13:44:16+00:00\" \/>\n<meta property=\"og:image\" content=\"https:\/\/revolutionpadelstore.com\/wp-content\/uploads\/2024\/03\/cargador-de-presion-pascal-box-4-pelotas-800x800-1.jpg\" \/>\n\t<meta property=\"og:image:width\" content=\"800\" \/>\n\t<meta property=\"og:image:height\" content=\"800\" \/>\n\t<meta property=\"og:image:type\" content=\"image\/jpeg\" \/>\n<meta name=\"twitter:card\" content=\"summary_large_image\" \/>\n<meta name=\"twitter:label1\" content=\"Tempo di lettura stimato\" \/>\n\t<meta name=\"twitter:data1\" content=\"1 minuto\" \/>\n<script type=\"application\/ld+json\" class=\"yoast-schema-graph\">{\"@context\":\"https:\\\/\\\/schema.org\",\"@graph\":[{\"@type\":\"WebPage\",\"@id\":\"https:\\\/\\\/revolutionpadelstore.com\\\/it\\\/prodotto\\\/cargador-de-presion-pascal-box-4-pelotas-4\\\/\",\"url\":\"https:\\\/\\\/revolutionpadelstore.com\\\/it\\\/prodotto\\\/cargador-de-presion-pascal-box-4-pelotas-4\\\/\",\"name\":\"Cargador de Presion Pascal Box 4 Pelotas - Revolution Padel Store\",\"isPartOf\":{\"@id\":\"https:\\\/\\\/revolutionpadelstore.com\\\/it\\\/#website\"},\"primaryImageOfPage\":{\"@id\":\"https:\\\/\\\/revolutionpadelstore.com\\\/it\\\/prodotto\\\/cargador-de-presion-pascal-box-4-pelotas-4\\\/#primaryimage\"},\"image\":{\"@id\":\"https:\\\/\\\/revolutionpadelstore.com\\\/it\\\/prodotto\\\/cargador-de-presion-pascal-box-4-pelotas-4\\\/#primaryimage\"},\"thumbnailUrl\":\"https:\\\/\\\/revolutionpadelstore.com\\\/wp-content\\\/uploads\\\/2024\\\/03\\\/cargador-de-presion-pascal-box-4-pelotas-800x800-1.jpg\",\"datePublished\":\"2024-03-11T10:07:04+00:00\",\"dateModified\":\"2026-04-08T13:44:16+00:00\",\"description\":\"Cargador de Presion Pascal Box 4 Pelotas\",\"breadcrumb\":{\"@id\":\"https:\\\/\\\/revolutionpadelstore.com\\\/it\\\/prodotto\\\/cargador-de-presion-pascal-box-4-pelotas-4\\\/#breadcrumb\"},\"inLanguage\":\"it-IT\",\"potentialAction\":[{\"@type\":\"ReadAction\",\"target\":[\"https:\\\/\\\/revolutionpadelstore.com\\\/it\\\/prodotto\\\/cargador-de-presion-pascal-box-4-pelotas-4\\\/\"]}]},{\"@type\":\"ImageObject\",\"inLanguage\":\"it-IT\",\"@id\":\"https:\\\/\\\/revolutionpadelstore.com\\\/it\\\/prodotto\\\/cargador-de-presion-pascal-box-4-pelotas-4\\\/#primaryimage\",\"url\":\"https:\\\/\\\/revolutionpadelstore.com\\\/wp-content\\\/uploads\\\/2024\\\/03\\\/cargador-de-presion-pascal-box-4-pelotas-800x800-1.jpg\",\"contentUrl\":\"https:\\\/\\\/revolutionpadelstore.com\\\/wp-content\\\/uploads\\\/2024\\\/03\\\/cargador-de-presion-pascal-box-4-pelotas-800x800-1.jpg\",\"width\":800,\"height\":800,\"caption\":\"Cargador de Presion Pascal Box 4 Pelotas\"},{\"@type\":\"BreadcrumbList\",\"@id\":\"https:\\\/\\\/revolutionpadelstore.com\\\/it\\\/prodotto\\\/cargador-de-presion-pascal-box-4-pelotas-4\\\/#breadcrumb\",\"itemListElement\":[{\"@type\":\"ListItem\",\"position\":1,\"name\":\"Portada\",\"item\":\"https:\\\/\\\/revolutionpadelstore.com\\\/it\\\/\"},{\"@type\":\"ListItem\",\"position\":2,\"name\":\"Tienda\",\"item\":\"https:\\\/\\\/revolutionpadelstore.com\\\/it\\\/tienda\\\/\"},{\"@type\":\"ListItem\",\"position\":3,\"name\":\"Cargador de Presion Pascal Box 4 Pelotas\"}]},{\"@type\":\"WebSite\",\"@id\":\"https:\\\/\\\/revolutionpadelstore.com\\\/it\\\/#website\",\"url\":\"https:\\\/\\\/revolutionpadelstore.com\\\/it\\\/\",\"name\":\"Revolution Padel Store\",\"description\":\"\",\"publisher\":{\"@id\":\"https:\\\/\\\/revolutionpadelstore.com\\\/it\\\/#organization\"},\"potentialAction\":[{\"@type\":\"SearchAction\",\"target\":{\"@type\":\"EntryPoint\",\"urlTemplate\":\"https:\\\/\\\/revolutionpadelstore.com\\\/it\\\/?s={search_term_string}\"},\"query-input\":{\"@type\":\"PropertyValueSpecification\",\"valueRequired\":true,\"valueName\":\"search_term_string\"}}],\"inLanguage\":\"it-IT\"},{\"@type\":\"Organization\",\"@id\":\"https:\\\/\\\/revolutionpadelstore.com\\\/it\\\/#organization\",\"name\":\"Revolution Padel Store\",\"url\":\"https:\\\/\\\/revolutionpadelstore.com\\\/it\\\/\",\"logo\":{\"@type\":\"ImageObject\",\"inLanguage\":\"it-IT\",\"@id\":\"https:\\\/\\\/revolutionpadelstore.com\\\/it\\\/#\\\/schema\\\/logo\\\/image\\\/\",\"url\":\"https:\\\/\\\/revolutionpadelstore.com\\\/wp-content\\\/uploads\\\/2026\\\/02\\\/revolution-padel-store.jpg\",\"contentUrl\":\"https:\\\/\\\/revolutionpadelstore.com\\\/wp-content\\\/uploads\\\/2026\\\/02\\\/revolution-padel-store.jpg\",\"width\":2000,\"height\":2000,\"caption\":\"Revolution Padel Store\"},\"image\":{\"@id\":\"https:\\\/\\\/revolutionpadelstore.com\\\/it\\\/#\\\/schema\\\/logo\\\/image\\\/\"},\"sameAs\":[\"https:\\\/\\\/www.instagram.com\\\/revolutionpadelstore\\\/\"]}]}<\/script>\n<!-- \/ Yoast SEO plugin. -->","yoast_head_json":{"title":"Cargador de Presion Pascal Box 4 Pelotas - Revolution Padel Store","description":"Cargador de Presion Pascal Box 4 Pelotas","robots":{"index":"index","follow":"follow","max-snippet":"max-snippet:-1","max-image-preview":"max-image-preview:large","max-video-preview":"max-video-preview:-1"},"canonical":"https:\/\/revolutionpadelstore.com\/it\/prodotto\/cargador-de-presion-pascal-box-4-pelotas-4\/","og_locale":"it_IT","og_type":"article","og_title":"Cargador de Presion Pascal Box 4 Pelotas - Revolution Padel Store","og_description":"Cargador de Presion Pascal Box 4 Pelotas","og_url":"https:\/\/revolutionpadelstore.com\/it\/prodotto\/cargador-de-presion-pascal-box-4-pelotas-4\/","og_site_name":"Revolution Padel Store","article_modified_time":"2026-04-08T13:44:16+00:00","og_image":[{"width":800,"height":800,"url":"https:\/\/revolutionpadelstore.com\/wp-content\/uploads\/2024\/03\/cargador-de-presion-pascal-box-4-pelotas-800x800-1.jpg","type":"image\/jpeg"}],"twitter_card":"summary_large_image","twitter_misc":{"Tempo di lettura stimato":"1 minuto"},"schema":{"@context":"https:\/\/schema.org","@graph":[{"@type":"WebPage","@id":"https:\/\/revolutionpadelstore.com\/it\/prodotto\/cargador-de-presion-pascal-box-4-pelotas-4\/","url":"https:\/\/revolutionpadelstore.com\/it\/prodotto\/cargador-de-presion-pascal-box-4-pelotas-4\/","name":"Cargador de Presion Pascal Box 4 Pelotas - Revolution Padel Store","isPartOf":{"@id":"https:\/\/revolutionpadelstore.com\/it\/#website"},"primaryImageOfPage":{"@id":"https:\/\/revolutionpadelstore.com\/it\/prodotto\/cargador-de-presion-pascal-box-4-pelotas-4\/#primaryimage"},"image":{"@id":"https:\/\/revolutionpadelstore.com\/it\/prodotto\/cargador-de-presion-pascal-box-4-pelotas-4\/#primaryimage"},"thumbnailUrl":"https:\/\/revolutionpadelstore.com\/wp-content\/uploads\/2024\/03\/cargador-de-presion-pascal-box-4-pelotas-800x800-1.jpg","datePublished":"2024-03-11T10:07:04+00:00","dateModified":"2026-04-08T13:44:16+00:00","description":"Cargador de Presion Pascal Box 4 Pelotas","breadcrumb":{"@id":"https:\/\/revolutionpadelstore.com\/it\/prodotto\/cargador-de-presion-pascal-box-4-pelotas-4\/#breadcrumb"},"inLanguage":"it-IT","potentialAction":[{"@type":"ReadAction","target":["https:\/\/revolutionpadelstore.com\/it\/prodotto\/cargador-de-presion-pascal-box-4-pelotas-4\/"]}]},{"@type":"ImageObject","inLanguage":"it-IT","@id":"https:\/\/revolutionpadelstore.com\/it\/prodotto\/cargador-de-presion-pascal-box-4-pelotas-4\/#primaryimage","url":"https:\/\/revolutionpadelstore.com\/wp-content\/uploads\/2024\/03\/cargador-de-presion-pascal-box-4-pelotas-800x800-1.jpg","contentUrl":"https:\/\/revolutionpadelstore.com\/wp-content\/uploads\/2024\/03\/cargador-de-presion-pascal-box-4-pelotas-800x800-1.jpg","width":800,"height":800,"caption":"Cargador de Presion Pascal Box 4 Pelotas"},{"@type":"BreadcrumbList","@id":"https:\/\/revolutionpadelstore.com\/it\/prodotto\/cargador-de-presion-pascal-box-4-pelotas-4\/#breadcrumb","itemListElement":[{"@type":"ListItem","position":1,"name":"Portada","item":"https:\/\/revolutionpadelstore.com\/it\/"},{"@type":"ListItem","position":2,"name":"Tienda","item":"https:\/\/revolutionpadelstore.com\/it\/tienda\/"},{"@type":"ListItem","position":3,"name":"Cargador de Presion Pascal Box 4 Pelotas"}]},{"@type":"WebSite","@id":"https:\/\/revolutionpadelstore.com\/it\/#website","url":"https:\/\/revolutionpadelstore.com\/it\/","name":"Revolution Padel Store","description":"","publisher":{"@id":"https:\/\/revolutionpadelstore.com\/it\/#organization"},"potentialAction":[{"@type":"SearchAction","target":{"@type":"EntryPoint","urlTemplate":"https:\/\/revolutionpadelstore.com\/it\/?s={search_term_string}"},"query-input":{"@type":"PropertyValueSpecification","valueRequired":true,"valueName":"search_term_string"}}],"inLanguage":"it-IT"},{"@type":"Organization","@id":"https:\/\/revolutionpadelstore.com\/it\/#organization","name":"Revolution Padel Store","url":"https:\/\/revolutionpadelstore.com\/it\/","logo":{"@type":"ImageObject","inLanguage":"it-IT","@id":"https:\/\/revolutionpadelstore.com\/it\/#\/schema\/logo\/image\/","url":"https:\/\/revolutionpadelstore.com\/wp-content\/uploads\/2026\/02\/revolution-padel-store.jpg","contentUrl":"https:\/\/revolutionpadelstore.com\/wp-content\/uploads\/2026\/02\/revolution-padel-store.jpg","width":2000,"height":2000,"caption":"Revolution Padel Store"},"image":{"@id":"https:\/\/revolutionpadelstore.com\/it\/#\/schema\/logo\/image\/"},"sameAs":["https:\/\/www.instagram.com\/revolutionpadelstore\/"]}]}},"_links":{"self":[{"href":"https:\/\/revolutionpadelstore.com\/it\/wp-json\/wp\/v2\/product\/21212","targetHints":{"allow":["GET"]}}],"collection":[{"href":"https:\/\/revolutionpadelstore.com\/it\/wp-json\/wp\/v2\/product"}],"about":[{"href":"https:\/\/revolutionpadelstore.com\/it\/wp-json\/wp\/v2\/types\/product"}],"replies":[{"embeddable":true,"href":"https:\/\/revolutionpadelstore.com\/it\/wp-json\/wp\/v2\/comments?post=21212"}],"wp:featuredmedia":[{"embeddable":true,"href":"https:\/\/revolutionpadelstore.com\/it\/wp-json\/wp\/v2\/media\/1681"}],"wp:attachment":[{"href":"https:\/\/revolutionpadelstore.com\/it\/wp-json\/wp\/v2\/media?parent=21212"}],"wp:term":[{"taxonomy":"acabado","embeddable":true,"href":"https:\/\/revolutionpadelstore.com\/it\/wp-json\/wp\/v2\/acabado?post=21212"},{"taxonomy":"balance","embeddable":true,"href":"https:\/\/revolutionpadelstore.com\/it\/wp-json\/wp\/v2\/balance?post=21212"},{"taxonomy":"dureza","embeddable":true,"href":"https:\/\/revolutionpadelstore.com\/it\/wp-json\/wp\/v2\/dureza?post=21212"},{"taxonomy":"forma","embeddable":true,"href":"https:\/\/revolutionpadelstore.com\/it\/wp-json\/wp\/v2\/forma?post=21212"},{"taxonomy":"jugador","embeddable":true,"href":"https:\/\/revolutionpadelstore.com\/it\/wp-json\/wp\/v2\/jugador?post=21212"},{"taxonomy":"marca","embeddable":true,"href":"https:\/\/revolutionpadelstore.com\/it\/wp-json\/wp\/v2\/marca?post=21212"},{"taxonomy":"nivel-de-juego","embeddable":true,"href":"https:\/\/revolutionpadelstore.com\/it\/wp-json\/wp\/v2\/nivel-de-juego?post=21212"},{"taxonomy":"superficie","embeddable":true,"href":"https:\/\/revolutionpadelstore.com\/it\/wp-json\/wp\/v2\/superficie?post=21212"},{"taxonomy":"tipo-de-juego","embeddable":true,"href":"https:\/\/revolutionpadelstore.com\/it\/wp-json\/wp\/v2\/tipo-de-juego?post=21212"},{"taxonomy":"product_brand","embeddable":true,"href":"https:\/\/revolutionpadelstore.com\/it\/wp-json\/wp\/v2\/product_brand?post=21212"},{"taxonomy":"product_cat","embeddable":true,"href":"https:\/\/revolutionpadelstore.com\/it\/wp-json\/wp\/v2\/product_cat?post=21212"},{"taxonomy":"product_tag","embeddable":true,"href":"https:\/\/revolutionpadelstore.com\/it\/wp-json\/wp\/v2\/product_tag?post=21212"}],"curies":[{"name":"wp","href":"https:\/\/api.w.org\/{rel}","templated":true}]}}