{"id":20992,"date":"2024-03-11T14:27:08","date_gmt":"2024-03-11T13:27:08","guid":{"rendered":"https:\/\/revolutionpadelstore.com\/grip-hesacore-bullpadel-talla-unica\/"},"modified":"2026-04-08T15:29:34","modified_gmt":"2026-04-08T13:29:34","slug":"hesacore-bullpadel-grip-012-blanco-4","status":"publish","type":"product","link":"https:\/\/revolutionpadelstore.com\/it\/prodotto\/hesacore-bullpadel-grip-012-blanco-4\/","title":{"rendered":"HESACORE BULLPADEL GRIP 012 BLANCO"},"content":{"rendered":"<h2> Hesacore Bullpadel: presa perfetta e comfort nel tuo gioco <\/h2>\n<h2> Perch\u00e9 scegliere il bullpadel Hesacore?<br \/>\nIl <strong> haCore bullpadel <\/strong> \u00e8 la soluzione ideale per migliorare la tua esperienza in pista. Il suo design innovativo sotto forma di nido d&#8217;ape riduce significativamente lo sforzo necessario per trattenere la pala, alleviare la pressione nella mano ed evitare il disagio durante il gioco. Questa presa di alta qualit\u00e0 riduce le vibrazioni generate colpendo la palla, il che contribuisce a prevenire lesioni come il gomito del tennis. Inoltre, migliora la presa e controlla il sudore in modo che il sudore non influisca sulle prestazioni nei momenti pi\u00f9 intensi.<\/p>\n<h2> Per chi sei progettato?<br \/>\nIl bullpadel di Hesacore \u00e8 progettato per i giocatori di tutti i livelli che cercano una presa pi\u00f9 alta e un&#8217;esperienza di gioco pi\u00f9 comoda. Sei gi\u00e0 un principiante che vuole acquisire fiducia o un professionista che ha bisogno della massima precisione, questa presa facilita i movimenti fluidi ed evita le pantofole, offrendoti sicurezza e comfort in ogni colpo.<\/p>\n<h2> design singolo ed elegante <\/h2>\n<ul>\n<li> <strong> stile pratico e pulito <\/strong>: il suo design a forma di nido d&#8217;ape non \u00e8 solo funzionale ma anche esteticamente attraente. Disponibile in bianco, porta un tocco elegante e minimalista sulla pala\n<\/ul>\n<h2> Caratteristiche tecniche principali <\/h2>\n<ul>\n<li> <strong> Posizionamento rapido e semplice <\/strong>: pronto per l&#8217;uso in pochi minuti\n<li> <strong> Adattabilit\u00e0 universale <\/strong>: compatibile con qualsiasi modello di paletta\n<li> <strong> Materiale premium <\/strong>: prodotto in silicone morbido e flessibile, garantisce durata e comfort\n<li> <strong> design esagonale <\/strong>: fornisce un riposo ergonomico per le dita, rilassando i muscoli della mano, del polso e dell&#8217;avambraccio\n<li> <strong> Controllo delle vibrazioni <\/strong>: riduce la trasmissione delle vibrazioni quando si colpisce la palla\n<li> <strong> Antitraspirant <\/strong>: consente prestazioni ottimali senza il sudore di essere un problema\n<\/ul>\n<h2> Vantaggi chiave <\/h2>\n<ul>\n<li> Alleviare la pressione e ridurre al minimo il rischio di lesioni nel gomito e nella spalla\n<li> Migliora il controllo e la stabilit\u00e0 della pala\n<li> Aiuta a mantenere una postura ergonomica durante il gioco\n<\/ul>\n<p>Ottieni il <strong> haCore bullpadel <\/strong> e trasforma la tua esperienza di gioco. Disponibile nel nostro negozio online, <a href=\"https:\/\/www.revolutionpadelstore.com\/\"> www.revolutionpadelstore.com <\/a>, probabilmente al miglior prezzo di mercato. Acquista ora e porta il tuo gioco al livello successivo!<\/p>\n<p><Hr \/><\/p>\n<p><strong> Meta Descrizione per SEO: <\/strong><\/p>\n","protected":false},"excerpt":{"rendered":"<p>Grip Hesacore Bullpadel &#8211; Talla Unica<\/p>\n","protected":false},"featured_media":53491,"comment_status":"open","ping_status":"closed","template":"","meta":{"_acf_changed":false,"_joinchat":[]},"acabado":[],"balance":[],"dureza":[],"forma":[],"jugador":[],"marca":[1256],"nivel-de-juego":[],"superficie":[],"tipo-de-juego":[],"product_brand":[],"product_cat":[560],"product_tag":[],"class_list":{"0":"post-20992","1":"product","2":"type-product","3":"status-publish","4":"has-post-thumbnail","6":"marca-bullpadel-it","7":"product_cat-accessori","9":"first","10":"outofstock","11":"sale","12":"taxable","13":"shipping-taxable","14":"purchasable","15":"product-type-simple"},"acf":[],"yoast_head":"<!-- This site is optimized with the Yoast SEO plugin v27.4 - https:\/\/yoast.com\/product\/yoast-seo-wordpress\/ -->\n<title>HESACORE BULLPADEL GRIP 012 BLANCO - Revolution Padel Store<\/title>\n<meta name=\"description\" content=\"Grip Hesacore Bullpadel - Talla Unica\" \/>\n<meta name=\"robots\" content=\"index, follow, max-snippet:-1, max-image-preview:large, max-video-preview:-1\" \/>\n<link rel=\"canonical\" href=\"https:\/\/revolutionpadelstore.com\/it\/prodotto\/hesacore-bullpadel-grip-012-blanco-4\/\" \/>\n<meta property=\"og:locale\" content=\"it_IT\" \/>\n<meta property=\"og:type\" content=\"article\" \/>\n<meta property=\"og:title\" content=\"HESACORE BULLPADEL GRIP 012 BLANCO - Revolution Padel Store\" \/>\n<meta property=\"og:description\" content=\"Grip Hesacore Bullpadel - Talla Unica\" \/>\n<meta property=\"og:url\" content=\"https:\/\/revolutionpadelstore.com\/it\/prodotto\/hesacore-bullpadel-grip-012-blanco-4\/\" \/>\n<meta property=\"og:site_name\" content=\"Revolution Padel Store\" \/>\n<meta property=\"article:modified_time\" content=\"2026-04-08T13:29:34+00:00\" \/>\n<meta property=\"og:image\" content=\"https:\/\/revolutionpadelstore.com\/wp-content\/uploads\/2024\/03\/grip-hesacore-bullpadel-talla-Unica-800x800-1.webp\" \/>\n\t<meta property=\"og:image:width\" content=\"800\" \/>\n\t<meta property=\"og:image:height\" content=\"800\" \/>\n\t<meta property=\"og:image:type\" content=\"image\/webp\" \/>\n<meta name=\"twitter:card\" content=\"summary_large_image\" \/>\n<meta name=\"twitter:label1\" content=\"Tempo di lettura stimato\" \/>\n\t<meta name=\"twitter:data1\" content=\"1 minuto\" \/>\n<script type=\"application\/ld+json\" class=\"yoast-schema-graph\">{\"@context\":\"https:\\\/\\\/schema.org\",\"@graph\":[{\"@type\":\"WebPage\",\"@id\":\"https:\\\/\\\/revolutionpadelstore.com\\\/it\\\/prodotto\\\/hesacore-bullpadel-grip-012-blanco-4\\\/\",\"url\":\"https:\\\/\\\/revolutionpadelstore.com\\\/it\\\/prodotto\\\/hesacore-bullpadel-grip-012-blanco-4\\\/\",\"name\":\"HESACORE BULLPADEL GRIP 012 BLANCO - Revolution Padel Store\",\"isPartOf\":{\"@id\":\"https:\\\/\\\/revolutionpadelstore.com\\\/it\\\/#website\"},\"primaryImageOfPage\":{\"@id\":\"https:\\\/\\\/revolutionpadelstore.com\\\/it\\\/prodotto\\\/hesacore-bullpadel-grip-012-blanco-4\\\/#primaryimage\"},\"image\":{\"@id\":\"https:\\\/\\\/revolutionpadelstore.com\\\/it\\\/prodotto\\\/hesacore-bullpadel-grip-012-blanco-4\\\/#primaryimage\"},\"thumbnailUrl\":\"https:\\\/\\\/revolutionpadelstore.com\\\/wp-content\\\/uploads\\\/2024\\\/03\\\/grip-hesacore-bullpadel-talla-Unica-800x800-1.webp\",\"datePublished\":\"2024-03-11T13:27:08+00:00\",\"dateModified\":\"2026-04-08T13:29:34+00:00\",\"description\":\"Grip Hesacore Bullpadel - Talla Unica\",\"breadcrumb\":{\"@id\":\"https:\\\/\\\/revolutionpadelstore.com\\\/it\\\/prodotto\\\/hesacore-bullpadel-grip-012-blanco-4\\\/#breadcrumb\"},\"inLanguage\":\"it-IT\",\"potentialAction\":[{\"@type\":\"ReadAction\",\"target\":[\"https:\\\/\\\/revolutionpadelstore.com\\\/it\\\/prodotto\\\/hesacore-bullpadel-grip-012-blanco-4\\\/\"]}]},{\"@type\":\"ImageObject\",\"inLanguage\":\"it-IT\",\"@id\":\"https:\\\/\\\/revolutionpadelstore.com\\\/it\\\/prodotto\\\/hesacore-bullpadel-grip-012-blanco-4\\\/#primaryimage\",\"url\":\"https:\\\/\\\/revolutionpadelstore.com\\\/wp-content\\\/uploads\\\/2024\\\/03\\\/grip-hesacore-bullpadel-talla-Unica-800x800-1.webp\",\"contentUrl\":\"https:\\\/\\\/revolutionpadelstore.com\\\/wp-content\\\/uploads\\\/2024\\\/03\\\/grip-hesacore-bullpadel-talla-Unica-800x800-1.webp\",\"width\":800,\"height\":800},{\"@type\":\"BreadcrumbList\",\"@id\":\"https:\\\/\\\/revolutionpadelstore.com\\\/it\\\/prodotto\\\/hesacore-bullpadel-grip-012-blanco-4\\\/#breadcrumb\",\"itemListElement\":[{\"@type\":\"ListItem\",\"position\":1,\"name\":\"Portada\",\"item\":\"https:\\\/\\\/revolutionpadelstore.com\\\/it\\\/\"},{\"@type\":\"ListItem\",\"position\":2,\"name\":\"Tienda\",\"item\":\"https:\\\/\\\/revolutionpadelstore.com\\\/it\\\/tienda\\\/\"},{\"@type\":\"ListItem\",\"position\":3,\"name\":\"HESACORE BULLPADEL GRIP 012 BLANCO\"}]},{\"@type\":\"WebSite\",\"@id\":\"https:\\\/\\\/revolutionpadelstore.com\\\/it\\\/#website\",\"url\":\"https:\\\/\\\/revolutionpadelstore.com\\\/it\\\/\",\"name\":\"Revolution Padel Store\",\"description\":\"\",\"publisher\":{\"@id\":\"https:\\\/\\\/revolutionpadelstore.com\\\/it\\\/#organization\"},\"potentialAction\":[{\"@type\":\"SearchAction\",\"target\":{\"@type\":\"EntryPoint\",\"urlTemplate\":\"https:\\\/\\\/revolutionpadelstore.com\\\/it\\\/?s={search_term_string}\"},\"query-input\":{\"@type\":\"PropertyValueSpecification\",\"valueRequired\":true,\"valueName\":\"search_term_string\"}}],\"inLanguage\":\"it-IT\"},{\"@type\":\"Organization\",\"@id\":\"https:\\\/\\\/revolutionpadelstore.com\\\/it\\\/#organization\",\"name\":\"Revolution Padel Store\",\"url\":\"https:\\\/\\\/revolutionpadelstore.com\\\/it\\\/\",\"logo\":{\"@type\":\"ImageObject\",\"inLanguage\":\"it-IT\",\"@id\":\"https:\\\/\\\/revolutionpadelstore.com\\\/it\\\/#\\\/schema\\\/logo\\\/image\\\/\",\"url\":\"https:\\\/\\\/revolutionpadelstore.com\\\/wp-content\\\/uploads\\\/2026\\\/02\\\/revolution-padel-store.jpg\",\"contentUrl\":\"https:\\\/\\\/revolutionpadelstore.com\\\/wp-content\\\/uploads\\\/2026\\\/02\\\/revolution-padel-store.jpg\",\"width\":2000,\"height\":2000,\"caption\":\"Revolution Padel Store\"},\"image\":{\"@id\":\"https:\\\/\\\/revolutionpadelstore.com\\\/it\\\/#\\\/schema\\\/logo\\\/image\\\/\"},\"sameAs\":[\"https:\\\/\\\/www.instagram.com\\\/revolutionpadelstore\\\/\"]}]}<\/script>\n<!-- \/ Yoast SEO plugin. -->","yoast_head_json":{"title":"HESACORE BULLPADEL GRIP 012 BLANCO - Revolution Padel Store","description":"Grip Hesacore Bullpadel - Talla Unica","robots":{"index":"index","follow":"follow","max-snippet":"max-snippet:-1","max-image-preview":"max-image-preview:large","max-video-preview":"max-video-preview:-1"},"canonical":"https:\/\/revolutionpadelstore.com\/it\/prodotto\/hesacore-bullpadel-grip-012-blanco-4\/","og_locale":"it_IT","og_type":"article","og_title":"HESACORE BULLPADEL GRIP 012 BLANCO - Revolution Padel Store","og_description":"Grip Hesacore Bullpadel - Talla Unica","og_url":"https:\/\/revolutionpadelstore.com\/it\/prodotto\/hesacore-bullpadel-grip-012-blanco-4\/","og_site_name":"Revolution Padel Store","article_modified_time":"2026-04-08T13:29:34+00:00","og_image":[{"width":800,"height":800,"url":"https:\/\/revolutionpadelstore.com\/wp-content\/uploads\/2024\/03\/grip-hesacore-bullpadel-talla-Unica-800x800-1.webp","type":"image\/webp"}],"twitter_card":"summary_large_image","twitter_misc":{"Tempo di lettura stimato":"1 minuto"},"schema":{"@context":"https:\/\/schema.org","@graph":[{"@type":"WebPage","@id":"https:\/\/revolutionpadelstore.com\/it\/prodotto\/hesacore-bullpadel-grip-012-blanco-4\/","url":"https:\/\/revolutionpadelstore.com\/it\/prodotto\/hesacore-bullpadel-grip-012-blanco-4\/","name":"HESACORE BULLPADEL GRIP 012 BLANCO - Revolution Padel Store","isPartOf":{"@id":"https:\/\/revolutionpadelstore.com\/it\/#website"},"primaryImageOfPage":{"@id":"https:\/\/revolutionpadelstore.com\/it\/prodotto\/hesacore-bullpadel-grip-012-blanco-4\/#primaryimage"},"image":{"@id":"https:\/\/revolutionpadelstore.com\/it\/prodotto\/hesacore-bullpadel-grip-012-blanco-4\/#primaryimage"},"thumbnailUrl":"https:\/\/revolutionpadelstore.com\/wp-content\/uploads\/2024\/03\/grip-hesacore-bullpadel-talla-Unica-800x800-1.webp","datePublished":"2024-03-11T13:27:08+00:00","dateModified":"2026-04-08T13:29:34+00:00","description":"Grip Hesacore Bullpadel - Talla Unica","breadcrumb":{"@id":"https:\/\/revolutionpadelstore.com\/it\/prodotto\/hesacore-bullpadel-grip-012-blanco-4\/#breadcrumb"},"inLanguage":"it-IT","potentialAction":[{"@type":"ReadAction","target":["https:\/\/revolutionpadelstore.com\/it\/prodotto\/hesacore-bullpadel-grip-012-blanco-4\/"]}]},{"@type":"ImageObject","inLanguage":"it-IT","@id":"https:\/\/revolutionpadelstore.com\/it\/prodotto\/hesacore-bullpadel-grip-012-blanco-4\/#primaryimage","url":"https:\/\/revolutionpadelstore.com\/wp-content\/uploads\/2024\/03\/grip-hesacore-bullpadel-talla-Unica-800x800-1.webp","contentUrl":"https:\/\/revolutionpadelstore.com\/wp-content\/uploads\/2024\/03\/grip-hesacore-bullpadel-talla-Unica-800x800-1.webp","width":800,"height":800},{"@type":"BreadcrumbList","@id":"https:\/\/revolutionpadelstore.com\/it\/prodotto\/hesacore-bullpadel-grip-012-blanco-4\/#breadcrumb","itemListElement":[{"@type":"ListItem","position":1,"name":"Portada","item":"https:\/\/revolutionpadelstore.com\/it\/"},{"@type":"ListItem","position":2,"name":"Tienda","item":"https:\/\/revolutionpadelstore.com\/it\/tienda\/"},{"@type":"ListItem","position":3,"name":"HESACORE BULLPADEL GRIP 012 BLANCO"}]},{"@type":"WebSite","@id":"https:\/\/revolutionpadelstore.com\/it\/#website","url":"https:\/\/revolutionpadelstore.com\/it\/","name":"Revolution Padel Store","description":"","publisher":{"@id":"https:\/\/revolutionpadelstore.com\/it\/#organization"},"potentialAction":[{"@type":"SearchAction","target":{"@type":"EntryPoint","urlTemplate":"https:\/\/revolutionpadelstore.com\/it\/?s={search_term_string}"},"query-input":{"@type":"PropertyValueSpecification","valueRequired":true,"valueName":"search_term_string"}}],"inLanguage":"it-IT"},{"@type":"Organization","@id":"https:\/\/revolutionpadelstore.com\/it\/#organization","name":"Revolution Padel Store","url":"https:\/\/revolutionpadelstore.com\/it\/","logo":{"@type":"ImageObject","inLanguage":"it-IT","@id":"https:\/\/revolutionpadelstore.com\/it\/#\/schema\/logo\/image\/","url":"https:\/\/revolutionpadelstore.com\/wp-content\/uploads\/2026\/02\/revolution-padel-store.jpg","contentUrl":"https:\/\/revolutionpadelstore.com\/wp-content\/uploads\/2026\/02\/revolution-padel-store.jpg","width":2000,"height":2000,"caption":"Revolution Padel Store"},"image":{"@id":"https:\/\/revolutionpadelstore.com\/it\/#\/schema\/logo\/image\/"},"sameAs":["https:\/\/www.instagram.com\/revolutionpadelstore\/"]}]}},"_links":{"self":[{"href":"https:\/\/revolutionpadelstore.com\/it\/wp-json\/wp\/v2\/product\/20992","targetHints":{"allow":["GET"]}}],"collection":[{"href":"https:\/\/revolutionpadelstore.com\/it\/wp-json\/wp\/v2\/product"}],"about":[{"href":"https:\/\/revolutionpadelstore.com\/it\/wp-json\/wp\/v2\/types\/product"}],"replies":[{"embeddable":true,"href":"https:\/\/revolutionpadelstore.com\/it\/wp-json\/wp\/v2\/comments?post=20992"}],"wp:featuredmedia":[{"embeddable":true,"href":"https:\/\/revolutionpadelstore.com\/it\/wp-json\/wp\/v2\/media\/53491"}],"wp:attachment":[{"href":"https:\/\/revolutionpadelstore.com\/it\/wp-json\/wp\/v2\/media?parent=20992"}],"wp:term":[{"taxonomy":"acabado","embeddable":true,"href":"https:\/\/revolutionpadelstore.com\/it\/wp-json\/wp\/v2\/acabado?post=20992"},{"taxonomy":"balance","embeddable":true,"href":"https:\/\/revolutionpadelstore.com\/it\/wp-json\/wp\/v2\/balance?post=20992"},{"taxonomy":"dureza","embeddable":true,"href":"https:\/\/revolutionpadelstore.com\/it\/wp-json\/wp\/v2\/dureza?post=20992"},{"taxonomy":"forma","embeddable":true,"href":"https:\/\/revolutionpadelstore.com\/it\/wp-json\/wp\/v2\/forma?post=20992"},{"taxonomy":"jugador","embeddable":true,"href":"https:\/\/revolutionpadelstore.com\/it\/wp-json\/wp\/v2\/jugador?post=20992"},{"taxonomy":"marca","embeddable":true,"href":"https:\/\/revolutionpadelstore.com\/it\/wp-json\/wp\/v2\/marca?post=20992"},{"taxonomy":"nivel-de-juego","embeddable":true,"href":"https:\/\/revolutionpadelstore.com\/it\/wp-json\/wp\/v2\/nivel-de-juego?post=20992"},{"taxonomy":"superficie","embeddable":true,"href":"https:\/\/revolutionpadelstore.com\/it\/wp-json\/wp\/v2\/superficie?post=20992"},{"taxonomy":"tipo-de-juego","embeddable":true,"href":"https:\/\/revolutionpadelstore.com\/it\/wp-json\/wp\/v2\/tipo-de-juego?post=20992"},{"taxonomy":"product_brand","embeddable":true,"href":"https:\/\/revolutionpadelstore.com\/it\/wp-json\/wp\/v2\/product_brand?post=20992"},{"taxonomy":"product_cat","embeddable":true,"href":"https:\/\/revolutionpadelstore.com\/it\/wp-json\/wp\/v2\/product_cat?post=20992"},{"taxonomy":"product_tag","embeddable":true,"href":"https:\/\/revolutionpadelstore.com\/it\/wp-json\/wp\/v2\/product_tag?post=20992"}],"curies":[{"name":"wp","href":"https:\/\/api.w.org\/{rel}","templated":true}]}}