{"id":20469,"date":"2024-03-14T14:41:18","date_gmt":"2024-03-14T13:41:18","guid":{"rendered":"https:\/\/revolutionpadelstore.com\/bullpadel-neuron\/"},"modified":"2026-04-08T15:07:05","modified_gmt":"2026-04-08T13:07:05","slug":"bullpadel-neuron-4","status":"publish","type":"product","link":"https:\/\/revolutionpadelstore.com\/it\/prodotto\/bullpadel-neuron-4\/","title":{"rendered":"BULLPADEL NEURON"},"content":{"rendered":"<h2>Bullpadel Neuron, accelerazione facile e veloce con poco sforzo<\/h2>\n<p>La nuova Bullpadel Neuron \u00e8 una racchetta progettata per fornire le migliori prestazioni in campo a quei giocatori di padel avanzati o professionisti che cercano di accelerare la palla al momento. Il giocatore professionista <strong>Fede Chingotto<\/strong> affronter\u00e0 la stagione 2024 brandendo questa racchetta Bullpadel.<\/p>\n<p>Per quanto riguarda la sua forma, presenta uno <strong>stampo ibrido con bilanciamento basso<\/strong>, quindi offre un ottimo compromesso tra potenza e controllo, con una sensazione e un&#8217;uscita della palla medie. Fornisce una versatilit\u00e0 eccezionale per adattarsi in ogni momento alle esigenze del gioco.<\/p>\n<p>Ha un peso standard compreso tra 365 e 375 grammi, quindi la manovrabilit\u00e0 e la maneggevolezza sono accettabili per i giocatori di alto livello.<\/p>\n<h2>Stabilit\u00e0 per evitare torsioni<\/h2>\n<p>Nel nucleo interno troviamo una gomma Multieva che combina uno strato esterno pi\u00f9 compatto che fornisce una grande potenza in uscita, e uno strato interno di minore densit\u00e0 che fornisce controllo sulle palle lente.<\/p>\n<p>Le pialle sono state realizzate con <em>Xtend Carbon 12K<\/em>, un tipo di carbonio intrecciato fino al 30% pi\u00f9 leggero, che garantisce <strong>maggiore potenza, rigidit\u00e0 e durata.<\/strong><\/p>\n<p>Inoltre, il telaio CarbonTube bidirezionale in carbonio ad incastro al 100% offre un&#8217;eccellente reattivit\u00e0 grazie a una combinazione equilibrata di potenza e controllo.<\/p>\n<h3>Riduzione delle flessioni della lama<\/h3>\n<p>Allo stesso modo, nel telaio \u00e8 stata incorporata la tecnologia <em>Wave System<\/em>, che offre maggiore flessibilit\u00e0 alla zona con l&#8217;obiettivo di rendere la trasmissione di energia pi\u00f9 fluida ed efficiente. Si ottiene un effetto catapulta, quindi il giocatore deve esercitare uno sforzo minore quando colpisce.<\/p>\n<p>Allo stesso modo, ha il cuore Neuron, un ponte orizzontale con una rottura al vertice che ha il compito di assorbire efficacemente le vibrazioni per ridurre l&#8217;affaticamento e aumentare il livello di comfort durante la partita.<\/p>\n<p>Include anche il sistema di montaggio dell&#8217;impugnatura <em>Vibradrive<\/em> e l&#8217;impugnatura <em>Hesacore<\/em>, che riducono le vibrazioni, lo sforzo e la possibilit\u00e0 di lesioni.<\/p>\n<h2>Bullpadel Neuron, r\u00e1pida y f\u00e1cil acelaraci\u00f3n con poco esfuerzo<\/h2>\n","protected":false},"excerpt":{"rendered":"<p>Racchetta Bullpadel Neuron 2024, forma ibrida e bilanciamento basso, \u00e8 il modello che Fede Chingotto utilizzer\u00e0 per la nuova stagione. Fornisce versatilit\u00e0 durante il gioco. Pialle Xtend Carbon 12K e anima in gomma Multieva.<\/p>\n","protected":false},"featured_media":52779,"comment_status":"open","ping_status":"closed","template":"","meta":{"_acf_changed":false,"_joinchat":[]},"acabado":[1081],"balance":[1141],"dureza":[1156],"forma":[1176],"jugador":[1201,1191],"marca":[1256],"nivel-de-juego":[1336],"superficie":[1356],"tipo-de-juego":[1386],"product_brand":[],"product_cat":[301],"product_tag":[],"class_list":{"0":"post-20469","1":"product","2":"type-product","3":"status-publish","4":"has-post-thumbnail","6":"acabado-luminosita","7":"balance-medio-it","8":"dureza-media-it","9":"forma-ibrido","10":"jugador-multiuso","11":"jugador-uomo","12":"marca-bullpadel-it","13":"superficie-lisa-it","14":"tipo-de-juego-multiuso","15":"product_cat-palas-de-padel-it","17":"first","18":"instock","19":"sale","20":"taxable","21":"shipping-taxable","22":"purchasable","23":"product-type-simple"},"acf":[],"yoast_head":"<!-- This site is optimized with the Yoast SEO plugin v27.4 - https:\/\/yoast.com\/product\/yoast-seo-wordpress\/ -->\n<title>BULLPADEL NEURON - Revolution Padel Store<\/title>\n<meta name=\"description\" content=\"Pala Bullpadel Neuron 2024, forma h\u00edbrida y balance bajo, es el modelo que empu\u00f1ar\u00e1 Fede Chingotto para la nueva temporada. Aporta polivalencia durante el juego. Planos de Xtend Carbon 12K y n\u00facleo de goma Multieva.\" \/>\n<meta name=\"robots\" content=\"index, follow, max-snippet:-1, max-image-preview:large, max-video-preview:-1\" \/>\n<link rel=\"canonical\" href=\"https:\/\/revolutionpadelstore.com\/it\/prodotto\/bullpadel-neuron-4\/\" \/>\n<meta property=\"og:locale\" content=\"it_IT\" \/>\n<meta property=\"og:type\" content=\"article\" \/>\n<meta property=\"og:title\" content=\"BULLPADEL NEURON - Revolution Padel Store\" \/>\n<meta property=\"og:description\" content=\"Pala Bullpadel Neuron 2024, forma h\u00edbrida y balance bajo, es el modelo que empu\u00f1ar\u00e1 Fede Chingotto para la nueva temporada. Aporta polivalencia durante el juego. Planos de Xtend Carbon 12K y n\u00facleo de goma Multieva.\" \/>\n<meta property=\"og:url\" content=\"https:\/\/revolutionpadelstore.com\/it\/prodotto\/bullpadel-neuron-4\/\" \/>\n<meta property=\"og:site_name\" content=\"Revolution Padel Store\" \/>\n<meta property=\"article:modified_time\" content=\"2026-04-08T13:07:05+00:00\" \/>\n<meta property=\"og:image\" content=\"https:\/\/revolutionpadelstore.com\/wp-content\/uploads\/2024\/03\/110864_pala_bullpadel_neuron_24_471611_1500x1500_vista1_076d.webp\" \/>\n\t<meta property=\"og:image:width\" content=\"1500\" \/>\n\t<meta property=\"og:image:height\" content=\"1500\" \/>\n\t<meta property=\"og:image:type\" content=\"image\/webp\" \/>\n<meta name=\"twitter:card\" content=\"summary_large_image\" \/>\n<meta name=\"twitter:label1\" content=\"Tempo di lettura stimato\" \/>\n\t<meta name=\"twitter:data1\" content=\"2 minuti\" \/>\n<script type=\"application\/ld+json\" class=\"yoast-schema-graph\">{\"@context\":\"https:\\\/\\\/schema.org\",\"@graph\":[{\"@type\":\"WebPage\",\"@id\":\"https:\\\/\\\/revolutionpadelstore.com\\\/it\\\/prodotto\\\/bullpadel-neuron-4\\\/\",\"url\":\"https:\\\/\\\/revolutionpadelstore.com\\\/it\\\/prodotto\\\/bullpadel-neuron-4\\\/\",\"name\":\"BULLPADEL NEURON - Revolution Padel Store\",\"isPartOf\":{\"@id\":\"https:\\\/\\\/revolutionpadelstore.com\\\/it\\\/#website\"},\"primaryImageOfPage\":{\"@id\":\"https:\\\/\\\/revolutionpadelstore.com\\\/it\\\/prodotto\\\/bullpadel-neuron-4\\\/#primaryimage\"},\"image\":{\"@id\":\"https:\\\/\\\/revolutionpadelstore.com\\\/it\\\/prodotto\\\/bullpadel-neuron-4\\\/#primaryimage\"},\"thumbnailUrl\":\"https:\\\/\\\/revolutionpadelstore.com\\\/wp-content\\\/uploads\\\/2024\\\/03\\\/110864_pala_bullpadel_neuron_24_471611_1500x1500_vista1_076d.webp\",\"datePublished\":\"2024-03-14T13:41:18+00:00\",\"dateModified\":\"2026-04-08T13:07:05+00:00\",\"description\":\"Pala Bullpadel Neuron 2024, forma h\u00edbrida y balance bajo, es el modelo que empu\u00f1ar\u00e1 Fede Chingotto para la nueva temporada. Aporta polivalencia durante el juego. Planos de Xtend Carbon 12K y n\u00facleo de goma Multieva.\",\"breadcrumb\":{\"@id\":\"https:\\\/\\\/revolutionpadelstore.com\\\/it\\\/prodotto\\\/bullpadel-neuron-4\\\/#breadcrumb\"},\"inLanguage\":\"it-IT\",\"potentialAction\":[{\"@type\":\"ReadAction\",\"target\":[\"https:\\\/\\\/revolutionpadelstore.com\\\/it\\\/prodotto\\\/bullpadel-neuron-4\\\/\"]}]},{\"@type\":\"ImageObject\",\"inLanguage\":\"it-IT\",\"@id\":\"https:\\\/\\\/revolutionpadelstore.com\\\/it\\\/prodotto\\\/bullpadel-neuron-4\\\/#primaryimage\",\"url\":\"https:\\\/\\\/revolutionpadelstore.com\\\/wp-content\\\/uploads\\\/2024\\\/03\\\/110864_pala_bullpadel_neuron_24_471611_1500x1500_vista1_076d.webp\",\"contentUrl\":\"https:\\\/\\\/revolutionpadelstore.com\\\/wp-content\\\/uploads\\\/2024\\\/03\\\/110864_pala_bullpadel_neuron_24_471611_1500x1500_vista1_076d.webp\",\"width\":1500,\"height\":1500},{\"@type\":\"BreadcrumbList\",\"@id\":\"https:\\\/\\\/revolutionpadelstore.com\\\/it\\\/prodotto\\\/bullpadel-neuron-4\\\/#breadcrumb\",\"itemListElement\":[{\"@type\":\"ListItem\",\"position\":1,\"name\":\"Portada\",\"item\":\"https:\\\/\\\/revolutionpadelstore.com\\\/it\\\/\"},{\"@type\":\"ListItem\",\"position\":2,\"name\":\"Tienda\",\"item\":\"https:\\\/\\\/revolutionpadelstore.com\\\/it\\\/tienda\\\/\"},{\"@type\":\"ListItem\",\"position\":3,\"name\":\"BULLPADEL NEURON\"}]},{\"@type\":\"WebSite\",\"@id\":\"https:\\\/\\\/revolutionpadelstore.com\\\/it\\\/#website\",\"url\":\"https:\\\/\\\/revolutionpadelstore.com\\\/it\\\/\",\"name\":\"Revolution Padel Store\",\"description\":\"\",\"publisher\":{\"@id\":\"https:\\\/\\\/revolutionpadelstore.com\\\/it\\\/#organization\"},\"potentialAction\":[{\"@type\":\"SearchAction\",\"target\":{\"@type\":\"EntryPoint\",\"urlTemplate\":\"https:\\\/\\\/revolutionpadelstore.com\\\/it\\\/?s={search_term_string}\"},\"query-input\":{\"@type\":\"PropertyValueSpecification\",\"valueRequired\":true,\"valueName\":\"search_term_string\"}}],\"inLanguage\":\"it-IT\"},{\"@type\":\"Organization\",\"@id\":\"https:\\\/\\\/revolutionpadelstore.com\\\/it\\\/#organization\",\"name\":\"Revolution Padel Store\",\"url\":\"https:\\\/\\\/revolutionpadelstore.com\\\/it\\\/\",\"logo\":{\"@type\":\"ImageObject\",\"inLanguage\":\"it-IT\",\"@id\":\"https:\\\/\\\/revolutionpadelstore.com\\\/it\\\/#\\\/schema\\\/logo\\\/image\\\/\",\"url\":\"https:\\\/\\\/revolutionpadelstore.com\\\/wp-content\\\/uploads\\\/2026\\\/02\\\/revolution-padel-store.jpg\",\"contentUrl\":\"https:\\\/\\\/revolutionpadelstore.com\\\/wp-content\\\/uploads\\\/2026\\\/02\\\/revolution-padel-store.jpg\",\"width\":2000,\"height\":2000,\"caption\":\"Revolution Padel Store\"},\"image\":{\"@id\":\"https:\\\/\\\/revolutionpadelstore.com\\\/it\\\/#\\\/schema\\\/logo\\\/image\\\/\"},\"sameAs\":[\"https:\\\/\\\/www.instagram.com\\\/revolutionpadelstore\\\/\"]}]}<\/script>\n<!-- \/ Yoast SEO plugin. -->","yoast_head_json":{"title":"BULLPADEL NEURON - Revolution Padel Store","description":"Pala Bullpadel Neuron 2024, forma h\u00edbrida y balance bajo, es el modelo que empu\u00f1ar\u00e1 Fede Chingotto para la nueva temporada. Aporta polivalencia durante el juego. Planos de Xtend Carbon 12K y n\u00facleo de goma Multieva.","robots":{"index":"index","follow":"follow","max-snippet":"max-snippet:-1","max-image-preview":"max-image-preview:large","max-video-preview":"max-video-preview:-1"},"canonical":"https:\/\/revolutionpadelstore.com\/it\/prodotto\/bullpadel-neuron-4\/","og_locale":"it_IT","og_type":"article","og_title":"BULLPADEL NEURON - Revolution Padel Store","og_description":"Pala Bullpadel Neuron 2024, forma h\u00edbrida y balance bajo, es el modelo que empu\u00f1ar\u00e1 Fede Chingotto para la nueva temporada. Aporta polivalencia durante el juego. Planos de Xtend Carbon 12K y n\u00facleo de goma Multieva.","og_url":"https:\/\/revolutionpadelstore.com\/it\/prodotto\/bullpadel-neuron-4\/","og_site_name":"Revolution Padel Store","article_modified_time":"2026-04-08T13:07:05+00:00","og_image":[{"width":1500,"height":1500,"url":"https:\/\/revolutionpadelstore.com\/wp-content\/uploads\/2024\/03\/110864_pala_bullpadel_neuron_24_471611_1500x1500_vista1_076d.webp","type":"image\/webp"}],"twitter_card":"summary_large_image","twitter_misc":{"Tempo di lettura stimato":"2 minuti"},"schema":{"@context":"https:\/\/schema.org","@graph":[{"@type":"WebPage","@id":"https:\/\/revolutionpadelstore.com\/it\/prodotto\/bullpadel-neuron-4\/","url":"https:\/\/revolutionpadelstore.com\/it\/prodotto\/bullpadel-neuron-4\/","name":"BULLPADEL NEURON - Revolution Padel Store","isPartOf":{"@id":"https:\/\/revolutionpadelstore.com\/it\/#website"},"primaryImageOfPage":{"@id":"https:\/\/revolutionpadelstore.com\/it\/prodotto\/bullpadel-neuron-4\/#primaryimage"},"image":{"@id":"https:\/\/revolutionpadelstore.com\/it\/prodotto\/bullpadel-neuron-4\/#primaryimage"},"thumbnailUrl":"https:\/\/revolutionpadelstore.com\/wp-content\/uploads\/2024\/03\/110864_pala_bullpadel_neuron_24_471611_1500x1500_vista1_076d.webp","datePublished":"2024-03-14T13:41:18+00:00","dateModified":"2026-04-08T13:07:05+00:00","description":"Pala Bullpadel Neuron 2024, forma h\u00edbrida y balance bajo, es el modelo que empu\u00f1ar\u00e1 Fede Chingotto para la nueva temporada. Aporta polivalencia durante el juego. Planos de Xtend Carbon 12K y n\u00facleo de goma Multieva.","breadcrumb":{"@id":"https:\/\/revolutionpadelstore.com\/it\/prodotto\/bullpadel-neuron-4\/#breadcrumb"},"inLanguage":"it-IT","potentialAction":[{"@type":"ReadAction","target":["https:\/\/revolutionpadelstore.com\/it\/prodotto\/bullpadel-neuron-4\/"]}]},{"@type":"ImageObject","inLanguage":"it-IT","@id":"https:\/\/revolutionpadelstore.com\/it\/prodotto\/bullpadel-neuron-4\/#primaryimage","url":"https:\/\/revolutionpadelstore.com\/wp-content\/uploads\/2024\/03\/110864_pala_bullpadel_neuron_24_471611_1500x1500_vista1_076d.webp","contentUrl":"https:\/\/revolutionpadelstore.com\/wp-content\/uploads\/2024\/03\/110864_pala_bullpadel_neuron_24_471611_1500x1500_vista1_076d.webp","width":1500,"height":1500},{"@type":"BreadcrumbList","@id":"https:\/\/revolutionpadelstore.com\/it\/prodotto\/bullpadel-neuron-4\/#breadcrumb","itemListElement":[{"@type":"ListItem","position":1,"name":"Portada","item":"https:\/\/revolutionpadelstore.com\/it\/"},{"@type":"ListItem","position":2,"name":"Tienda","item":"https:\/\/revolutionpadelstore.com\/it\/tienda\/"},{"@type":"ListItem","position":3,"name":"BULLPADEL NEURON"}]},{"@type":"WebSite","@id":"https:\/\/revolutionpadelstore.com\/it\/#website","url":"https:\/\/revolutionpadelstore.com\/it\/","name":"Revolution Padel Store","description":"","publisher":{"@id":"https:\/\/revolutionpadelstore.com\/it\/#organization"},"potentialAction":[{"@type":"SearchAction","target":{"@type":"EntryPoint","urlTemplate":"https:\/\/revolutionpadelstore.com\/it\/?s={search_term_string}"},"query-input":{"@type":"PropertyValueSpecification","valueRequired":true,"valueName":"search_term_string"}}],"inLanguage":"it-IT"},{"@type":"Organization","@id":"https:\/\/revolutionpadelstore.com\/it\/#organization","name":"Revolution Padel Store","url":"https:\/\/revolutionpadelstore.com\/it\/","logo":{"@type":"ImageObject","inLanguage":"it-IT","@id":"https:\/\/revolutionpadelstore.com\/it\/#\/schema\/logo\/image\/","url":"https:\/\/revolutionpadelstore.com\/wp-content\/uploads\/2026\/02\/revolution-padel-store.jpg","contentUrl":"https:\/\/revolutionpadelstore.com\/wp-content\/uploads\/2026\/02\/revolution-padel-store.jpg","width":2000,"height":2000,"caption":"Revolution Padel Store"},"image":{"@id":"https:\/\/revolutionpadelstore.com\/it\/#\/schema\/logo\/image\/"},"sameAs":["https:\/\/www.instagram.com\/revolutionpadelstore\/"]}]}},"_links":{"self":[{"href":"https:\/\/revolutionpadelstore.com\/it\/wp-json\/wp\/v2\/product\/20469","targetHints":{"allow":["GET"]}}],"collection":[{"href":"https:\/\/revolutionpadelstore.com\/it\/wp-json\/wp\/v2\/product"}],"about":[{"href":"https:\/\/revolutionpadelstore.com\/it\/wp-json\/wp\/v2\/types\/product"}],"replies":[{"embeddable":true,"href":"https:\/\/revolutionpadelstore.com\/it\/wp-json\/wp\/v2\/comments?post=20469"}],"wp:featuredmedia":[{"embeddable":true,"href":"https:\/\/revolutionpadelstore.com\/it\/wp-json\/wp\/v2\/media\/52779"}],"wp:attachment":[{"href":"https:\/\/revolutionpadelstore.com\/it\/wp-json\/wp\/v2\/media?parent=20469"}],"wp:term":[{"taxonomy":"acabado","embeddable":true,"href":"https:\/\/revolutionpadelstore.com\/it\/wp-json\/wp\/v2\/acabado?post=20469"},{"taxonomy":"balance","embeddable":true,"href":"https:\/\/revolutionpadelstore.com\/it\/wp-json\/wp\/v2\/balance?post=20469"},{"taxonomy":"dureza","embeddable":true,"href":"https:\/\/revolutionpadelstore.com\/it\/wp-json\/wp\/v2\/dureza?post=20469"},{"taxonomy":"forma","embeddable":true,"href":"https:\/\/revolutionpadelstore.com\/it\/wp-json\/wp\/v2\/forma?post=20469"},{"taxonomy":"jugador","embeddable":true,"href":"https:\/\/revolutionpadelstore.com\/it\/wp-json\/wp\/v2\/jugador?post=20469"},{"taxonomy":"marca","embeddable":true,"href":"https:\/\/revolutionpadelstore.com\/it\/wp-json\/wp\/v2\/marca?post=20469"},{"taxonomy":"nivel-de-juego","embeddable":true,"href":"https:\/\/revolutionpadelstore.com\/it\/wp-json\/wp\/v2\/nivel-de-juego?post=20469"},{"taxonomy":"superficie","embeddable":true,"href":"https:\/\/revolutionpadelstore.com\/it\/wp-json\/wp\/v2\/superficie?post=20469"},{"taxonomy":"tipo-de-juego","embeddable":true,"href":"https:\/\/revolutionpadelstore.com\/it\/wp-json\/wp\/v2\/tipo-de-juego?post=20469"},{"taxonomy":"product_brand","embeddable":true,"href":"https:\/\/revolutionpadelstore.com\/it\/wp-json\/wp\/v2\/product_brand?post=20469"},{"taxonomy":"product_cat","embeddable":true,"href":"https:\/\/revolutionpadelstore.com\/it\/wp-json\/wp\/v2\/product_cat?post=20469"},{"taxonomy":"product_tag","embeddable":true,"href":"https:\/\/revolutionpadelstore.com\/it\/wp-json\/wp\/v2\/product_tag?post=20469"}],"curies":[{"name":"wp","href":"https:\/\/api.w.org\/{rel}","templated":true}]}}