{"id":20449,"date":"2024-03-14T16:53:58","date_gmt":"2024-03-14T15:53:58","guid":{"rendered":"https:\/\/revolutionpadelstore.com\/bullpadel-vertex-04-comfort\/"},"modified":"2026-04-08T15:05:21","modified_gmt":"2026-04-08T13:05:21","slug":"bullpadel-vertex-04-comfort-4","status":"publish","type":"product","link":"https:\/\/revolutionpadelstore.com\/it\/prodotto\/bullpadel-vertex-04-comfort-4\/","title":{"rendered":"BULLPADEL VERTEX 04 COMFORT"},"content":{"rendered":"<h2>Bullpadel Vertex 04 Comfort, potenza controllata<\/h2>\n<p>La nuova Bullpadel Vertex 04 Comfort \u00e8 la racchetta scelta dal giocatore professionista Mart\u00edn Di Nenno per affrontare la stagione 2024. \u00c8 un modello che garantisce potenza e controllo eccezionali ai giocatori di padel avanzati o professionisti.<\/strong><\/p>\n<p>Presenta una forma a diamante con un elevato bilanciamento, quindi i tuoi colpi saranno carichi della massima potenza senza alcuna perdita di controllo. Il suo peso \u00e8 compreso tra 360 e 370 grammi e il suo profilo \u00e8 di 38 mm.<\/p>\n<h2>Maggiore controllo nel colpire<\/h2>\n<p>In termini di materiali, il telaio CarbonTube \u00e8 realizzato al 100% in fibra di carbonio intrecciata bidirezionale, che combina il sistema CURVAKTIV con AIR POWER per resistere meglio alla torsione e trasmettere uniformemente le sollecitazioni su tutta la pala<\/p>\n<p>Inoltre, la superficie \u00e8 realizzata con Fibrix HybridFiber, un composito bidirezionale di X-Glass e Carbonio che, combinato con una resina elastica, fornisce ulteriore elasticit\u00e0 e flessibilit\u00e0 al nucleo.<\/p>\n<p>Il nucleo interno, a sua volta, \u00e8 realizzato con una <strong>gomma Multieva a doppia densit\u00e0<\/strong>, uno strato interno di densit\u00e0 inferiore ed uno esterno molto compatto. Il risultato \u00e8 una racchetta versatile che si adatta perfettamente sia ai colpi lenti che alle palle veloci.<\/p>\n<h3>Comfort eccezionale in ogni momento<\/h3>\n<p>Da segnalare invece il cuore Vertex, che distribuisce il peso in modo tale da minimizzare la torsione, eliminare le vibrazioni e aumentare la rigidit\u00e0. Sarai in grado di eseguire raffiche solide e potenti.<\/p>\n<p>Allo stesso modo, sulle facce di questa racchetta troviamo la tecnologia TOPSPIN, una ruvidit\u00e0 che favorisce il <strong>colpo con effetto<\/strong> grazie ad una maggiore presa. Dispone inoltre del <em>Grip Custom Weight<\/em>, situato sul pugno, che consente di modificare il peso e il bilanciamento della racchetta per adattarla alle esigenze di ogni giocatore.<\/p>\n<h2>Bullpadel Vertex 04 Comfort, potencia controlada<\/h2>\n","protected":false},"excerpt":{"rendered":"<p>Bullpadel Vertex 04 Racchetta comfort per giocatori di livello avanzato o professionale che cercano la massima potenza e precisione in ogni colpo. Con nucleo Multieva, pialle Fibrix e telaio CarbonTube.<\/p>\n","protected":false},"featured_media":52639,"comment_status":"open","ping_status":"closed","template":"","meta":{"_acf_changed":false,"_joinchat":[]},"acabado":[1096],"balance":[1136],"dureza":[1156],"forma":[1171],"jugador":[1201,1191],"marca":[1256],"nivel-de-juego":[1346],"superficie":[1361],"tipo-de-juego":[1376],"product_brand":[],"product_cat":[301],"product_tag":[],"class_list":{"0":"post-20449","1":"product","2":"type-product","3":"status-publish","4":"has-post-thumbnail","6":"acabado-sabbioso","7":"balance-alto-it","8":"dureza-media-it","9":"forma-diamante-it","10":"jugador-multiuso","11":"jugador-uomo","12":"marca-bullpadel-it","13":"superficie-rugosa-it","14":"tipo-de-juego-potenza","15":"product_cat-palas-de-padel-it","17":"first","18":"instock","19":"sale","20":"taxable","21":"shipping-taxable","22":"purchasable","23":"product-type-simple"},"acf":[],"yoast_head":"<!-- This site is optimized with the Yoast SEO plugin v27.3 - https:\/\/yoast.com\/product\/yoast-seo-wordpress\/ -->\n<title>BULLPADEL VERTEX 04 COMFORT - Revolution Padel Store<\/title>\n<meta name=\"description\" content=\"Pala de p\u00e1del Bullpadel Vertex 04 Comfort para jugadores de nivel avanzado o profesional que busquen la m\u00e1xima potencia y precisi\u00f3n en cada golpe. Con n\u00facleo Multieva, planos de Fibrix y marco CarbonTube.\" \/>\n<meta name=\"robots\" content=\"index, follow, max-snippet:-1, max-image-preview:large, max-video-preview:-1\" \/>\n<link rel=\"canonical\" href=\"https:\/\/revolutionpadelstore.com\/it\/prodotto\/bullpadel-vertex-04-comfort-4\/\" \/>\n<meta property=\"og:locale\" content=\"it_IT\" \/>\n<meta property=\"og:type\" content=\"article\" \/>\n<meta property=\"og:title\" content=\"BULLPADEL VERTEX 04 COMFORT - Revolution Padel Store\" \/>\n<meta property=\"og:description\" content=\"Pala de p\u00e1del Bullpadel Vertex 04 Comfort para jugadores de nivel avanzado o profesional que busquen la m\u00e1xima potencia y precisi\u00f3n en cada golpe. Con n\u00facleo Multieva, planos de Fibrix y marco CarbonTube.\" \/>\n<meta property=\"og:url\" content=\"https:\/\/revolutionpadelstore.com\/it\/prodotto\/bullpadel-vertex-04-comfort-4\/\" \/>\n<meta property=\"og:site_name\" content=\"Revolution Padel Store\" \/>\n<meta property=\"article:modified_time\" content=\"2026-04-08T13:05:21+00:00\" \/>\n<meta property=\"og:image\" content=\"https:\/\/revolutionpadelstore.com\/wp-content\/uploads\/2024\/03\/110866_pala_bullpadel_vertex_04_comfort_24_471607_1500x1500_vista1_2c59.webp\" \/>\n\t<meta property=\"og:image:width\" content=\"1500\" \/>\n\t<meta property=\"og:image:height\" content=\"1500\" \/>\n\t<meta property=\"og:image:type\" content=\"image\/webp\" \/>\n<meta name=\"twitter:card\" content=\"summary_large_image\" \/>\n<meta name=\"twitter:label1\" content=\"Tempo di lettura stimato\" \/>\n\t<meta name=\"twitter:data1\" content=\"2 minuti\" \/>\n<script type=\"application\/ld+json\" class=\"yoast-schema-graph\">{\"@context\":\"https:\\\/\\\/schema.org\",\"@graph\":[{\"@type\":\"WebPage\",\"@id\":\"https:\\\/\\\/revolutionpadelstore.com\\\/it\\\/prodotto\\\/bullpadel-vertex-04-comfort-4\\\/\",\"url\":\"https:\\\/\\\/revolutionpadelstore.com\\\/it\\\/prodotto\\\/bullpadel-vertex-04-comfort-4\\\/\",\"name\":\"BULLPADEL VERTEX 04 COMFORT - Revolution Padel Store\",\"isPartOf\":{\"@id\":\"https:\\\/\\\/revolutionpadelstore.com\\\/it\\\/#website\"},\"primaryImageOfPage\":{\"@id\":\"https:\\\/\\\/revolutionpadelstore.com\\\/it\\\/prodotto\\\/bullpadel-vertex-04-comfort-4\\\/#primaryimage\"},\"image\":{\"@id\":\"https:\\\/\\\/revolutionpadelstore.com\\\/it\\\/prodotto\\\/bullpadel-vertex-04-comfort-4\\\/#primaryimage\"},\"thumbnailUrl\":\"https:\\\/\\\/revolutionpadelstore.com\\\/wp-content\\\/uploads\\\/2024\\\/03\\\/110866_pala_bullpadel_vertex_04_comfort_24_471607_1500x1500_vista1_2c59.webp\",\"datePublished\":\"2024-03-14T15:53:58+00:00\",\"dateModified\":\"2026-04-08T13:05:21+00:00\",\"description\":\"Pala de p\u00e1del Bullpadel Vertex 04 Comfort para jugadores de nivel avanzado o profesional que busquen la m\u00e1xima potencia y precisi\u00f3n en cada golpe. Con n\u00facleo Multieva, planos de Fibrix y marco CarbonTube.\",\"breadcrumb\":{\"@id\":\"https:\\\/\\\/revolutionpadelstore.com\\\/it\\\/prodotto\\\/bullpadel-vertex-04-comfort-4\\\/#breadcrumb\"},\"inLanguage\":\"it-IT\",\"potentialAction\":[{\"@type\":\"ReadAction\",\"target\":[\"https:\\\/\\\/revolutionpadelstore.com\\\/it\\\/prodotto\\\/bullpadel-vertex-04-comfort-4\\\/\"]}]},{\"@type\":\"ImageObject\",\"inLanguage\":\"it-IT\",\"@id\":\"https:\\\/\\\/revolutionpadelstore.com\\\/it\\\/prodotto\\\/bullpadel-vertex-04-comfort-4\\\/#primaryimage\",\"url\":\"https:\\\/\\\/revolutionpadelstore.com\\\/wp-content\\\/uploads\\\/2024\\\/03\\\/110866_pala_bullpadel_vertex_04_comfort_24_471607_1500x1500_vista1_2c59.webp\",\"contentUrl\":\"https:\\\/\\\/revolutionpadelstore.com\\\/wp-content\\\/uploads\\\/2024\\\/03\\\/110866_pala_bullpadel_vertex_04_comfort_24_471607_1500x1500_vista1_2c59.webp\",\"width\":1500,\"height\":1500},{\"@type\":\"BreadcrumbList\",\"@id\":\"https:\\\/\\\/revolutionpadelstore.com\\\/it\\\/prodotto\\\/bullpadel-vertex-04-comfort-4\\\/#breadcrumb\",\"itemListElement\":[{\"@type\":\"ListItem\",\"position\":1,\"name\":\"Portada\",\"item\":\"https:\\\/\\\/revolutionpadelstore.com\\\/it\\\/\"},{\"@type\":\"ListItem\",\"position\":2,\"name\":\"Tienda\",\"item\":\"https:\\\/\\\/revolutionpadelstore.com\\\/it\\\/tienda\\\/\"},{\"@type\":\"ListItem\",\"position\":3,\"name\":\"BULLPADEL VERTEX 04 COMFORT\"}]},{\"@type\":\"WebSite\",\"@id\":\"https:\\\/\\\/revolutionpadelstore.com\\\/it\\\/#website\",\"url\":\"https:\\\/\\\/revolutionpadelstore.com\\\/it\\\/\",\"name\":\"Revolution Padel Store\",\"description\":\"\",\"publisher\":{\"@id\":\"https:\\\/\\\/revolutionpadelstore.com\\\/it\\\/#organization\"},\"potentialAction\":[{\"@type\":\"SearchAction\",\"target\":{\"@type\":\"EntryPoint\",\"urlTemplate\":\"https:\\\/\\\/revolutionpadelstore.com\\\/it\\\/?s={search_term_string}\"},\"query-input\":{\"@type\":\"PropertyValueSpecification\",\"valueRequired\":true,\"valueName\":\"search_term_string\"}}],\"inLanguage\":\"it-IT\"},{\"@type\":\"Organization\",\"@id\":\"https:\\\/\\\/revolutionpadelstore.com\\\/it\\\/#organization\",\"name\":\"Revolution Padel Store\",\"url\":\"https:\\\/\\\/revolutionpadelstore.com\\\/it\\\/\",\"logo\":{\"@type\":\"ImageObject\",\"inLanguage\":\"it-IT\",\"@id\":\"https:\\\/\\\/revolutionpadelstore.com\\\/it\\\/#\\\/schema\\\/logo\\\/image\\\/\",\"url\":\"https:\\\/\\\/revolutionpadelstore.com\\\/wp-content\\\/uploads\\\/2026\\\/02\\\/revolution-padel-store.jpg\",\"contentUrl\":\"https:\\\/\\\/revolutionpadelstore.com\\\/wp-content\\\/uploads\\\/2026\\\/02\\\/revolution-padel-store.jpg\",\"width\":2000,\"height\":2000,\"caption\":\"Revolution Padel Store\"},\"image\":{\"@id\":\"https:\\\/\\\/revolutionpadelstore.com\\\/it\\\/#\\\/schema\\\/logo\\\/image\\\/\"},\"sameAs\":[\"https:\\\/\\\/www.instagram.com\\\/revolutionpadelstore\\\/\"]}]}<\/script>\n<!-- \/ Yoast SEO plugin. -->","yoast_head_json":{"title":"BULLPADEL VERTEX 04 COMFORT - Revolution Padel Store","description":"Pala de p\u00e1del Bullpadel Vertex 04 Comfort para jugadores de nivel avanzado o profesional que busquen la m\u00e1xima potencia y precisi\u00f3n en cada golpe. Con n\u00facleo Multieva, planos de Fibrix y marco CarbonTube.","robots":{"index":"index","follow":"follow","max-snippet":"max-snippet:-1","max-image-preview":"max-image-preview:large","max-video-preview":"max-video-preview:-1"},"canonical":"https:\/\/revolutionpadelstore.com\/it\/prodotto\/bullpadel-vertex-04-comfort-4\/","og_locale":"it_IT","og_type":"article","og_title":"BULLPADEL VERTEX 04 COMFORT - Revolution Padel Store","og_description":"Pala de p\u00e1del Bullpadel Vertex 04 Comfort para jugadores de nivel avanzado o profesional que busquen la m\u00e1xima potencia y precisi\u00f3n en cada golpe. Con n\u00facleo Multieva, planos de Fibrix y marco CarbonTube.","og_url":"https:\/\/revolutionpadelstore.com\/it\/prodotto\/bullpadel-vertex-04-comfort-4\/","og_site_name":"Revolution Padel Store","article_modified_time":"2026-04-08T13:05:21+00:00","og_image":[{"width":1500,"height":1500,"url":"https:\/\/revolutionpadelstore.com\/wp-content\/uploads\/2024\/03\/110866_pala_bullpadel_vertex_04_comfort_24_471607_1500x1500_vista1_2c59.webp","type":"image\/webp"}],"twitter_card":"summary_large_image","twitter_misc":{"Tempo di lettura stimato":"2 minuti"},"schema":{"@context":"https:\/\/schema.org","@graph":[{"@type":"WebPage","@id":"https:\/\/revolutionpadelstore.com\/it\/prodotto\/bullpadel-vertex-04-comfort-4\/","url":"https:\/\/revolutionpadelstore.com\/it\/prodotto\/bullpadel-vertex-04-comfort-4\/","name":"BULLPADEL VERTEX 04 COMFORT - Revolution Padel Store","isPartOf":{"@id":"https:\/\/revolutionpadelstore.com\/it\/#website"},"primaryImageOfPage":{"@id":"https:\/\/revolutionpadelstore.com\/it\/prodotto\/bullpadel-vertex-04-comfort-4\/#primaryimage"},"image":{"@id":"https:\/\/revolutionpadelstore.com\/it\/prodotto\/bullpadel-vertex-04-comfort-4\/#primaryimage"},"thumbnailUrl":"https:\/\/revolutionpadelstore.com\/wp-content\/uploads\/2024\/03\/110866_pala_bullpadel_vertex_04_comfort_24_471607_1500x1500_vista1_2c59.webp","datePublished":"2024-03-14T15:53:58+00:00","dateModified":"2026-04-08T13:05:21+00:00","description":"Pala de p\u00e1del Bullpadel Vertex 04 Comfort para jugadores de nivel avanzado o profesional que busquen la m\u00e1xima potencia y precisi\u00f3n en cada golpe. Con n\u00facleo Multieva, planos de Fibrix y marco CarbonTube.","breadcrumb":{"@id":"https:\/\/revolutionpadelstore.com\/it\/prodotto\/bullpadel-vertex-04-comfort-4\/#breadcrumb"},"inLanguage":"it-IT","potentialAction":[{"@type":"ReadAction","target":["https:\/\/revolutionpadelstore.com\/it\/prodotto\/bullpadel-vertex-04-comfort-4\/"]}]},{"@type":"ImageObject","inLanguage":"it-IT","@id":"https:\/\/revolutionpadelstore.com\/it\/prodotto\/bullpadel-vertex-04-comfort-4\/#primaryimage","url":"https:\/\/revolutionpadelstore.com\/wp-content\/uploads\/2024\/03\/110866_pala_bullpadel_vertex_04_comfort_24_471607_1500x1500_vista1_2c59.webp","contentUrl":"https:\/\/revolutionpadelstore.com\/wp-content\/uploads\/2024\/03\/110866_pala_bullpadel_vertex_04_comfort_24_471607_1500x1500_vista1_2c59.webp","width":1500,"height":1500},{"@type":"BreadcrumbList","@id":"https:\/\/revolutionpadelstore.com\/it\/prodotto\/bullpadel-vertex-04-comfort-4\/#breadcrumb","itemListElement":[{"@type":"ListItem","position":1,"name":"Portada","item":"https:\/\/revolutionpadelstore.com\/it\/"},{"@type":"ListItem","position":2,"name":"Tienda","item":"https:\/\/revolutionpadelstore.com\/it\/tienda\/"},{"@type":"ListItem","position":3,"name":"BULLPADEL VERTEX 04 COMFORT"}]},{"@type":"WebSite","@id":"https:\/\/revolutionpadelstore.com\/it\/#website","url":"https:\/\/revolutionpadelstore.com\/it\/","name":"Revolution Padel Store","description":"","publisher":{"@id":"https:\/\/revolutionpadelstore.com\/it\/#organization"},"potentialAction":[{"@type":"SearchAction","target":{"@type":"EntryPoint","urlTemplate":"https:\/\/revolutionpadelstore.com\/it\/?s={search_term_string}"},"query-input":{"@type":"PropertyValueSpecification","valueRequired":true,"valueName":"search_term_string"}}],"inLanguage":"it-IT"},{"@type":"Organization","@id":"https:\/\/revolutionpadelstore.com\/it\/#organization","name":"Revolution Padel Store","url":"https:\/\/revolutionpadelstore.com\/it\/","logo":{"@type":"ImageObject","inLanguage":"it-IT","@id":"https:\/\/revolutionpadelstore.com\/it\/#\/schema\/logo\/image\/","url":"https:\/\/revolutionpadelstore.com\/wp-content\/uploads\/2026\/02\/revolution-padel-store.jpg","contentUrl":"https:\/\/revolutionpadelstore.com\/wp-content\/uploads\/2026\/02\/revolution-padel-store.jpg","width":2000,"height":2000,"caption":"Revolution Padel Store"},"image":{"@id":"https:\/\/revolutionpadelstore.com\/it\/#\/schema\/logo\/image\/"},"sameAs":["https:\/\/www.instagram.com\/revolutionpadelstore\/"]}]}},"_links":{"self":[{"href":"https:\/\/revolutionpadelstore.com\/it\/wp-json\/wp\/v2\/product\/20449","targetHints":{"allow":["GET"]}}],"collection":[{"href":"https:\/\/revolutionpadelstore.com\/it\/wp-json\/wp\/v2\/product"}],"about":[{"href":"https:\/\/revolutionpadelstore.com\/it\/wp-json\/wp\/v2\/types\/product"}],"replies":[{"embeddable":true,"href":"https:\/\/revolutionpadelstore.com\/it\/wp-json\/wp\/v2\/comments?post=20449"}],"wp:featuredmedia":[{"embeddable":true,"href":"https:\/\/revolutionpadelstore.com\/it\/wp-json\/wp\/v2\/media\/52639"}],"wp:attachment":[{"href":"https:\/\/revolutionpadelstore.com\/it\/wp-json\/wp\/v2\/media?parent=20449"}],"wp:term":[{"taxonomy":"acabado","embeddable":true,"href":"https:\/\/revolutionpadelstore.com\/it\/wp-json\/wp\/v2\/acabado?post=20449"},{"taxonomy":"balance","embeddable":true,"href":"https:\/\/revolutionpadelstore.com\/it\/wp-json\/wp\/v2\/balance?post=20449"},{"taxonomy":"dureza","embeddable":true,"href":"https:\/\/revolutionpadelstore.com\/it\/wp-json\/wp\/v2\/dureza?post=20449"},{"taxonomy":"forma","embeddable":true,"href":"https:\/\/revolutionpadelstore.com\/it\/wp-json\/wp\/v2\/forma?post=20449"},{"taxonomy":"jugador","embeddable":true,"href":"https:\/\/revolutionpadelstore.com\/it\/wp-json\/wp\/v2\/jugador?post=20449"},{"taxonomy":"marca","embeddable":true,"href":"https:\/\/revolutionpadelstore.com\/it\/wp-json\/wp\/v2\/marca?post=20449"},{"taxonomy":"nivel-de-juego","embeddable":true,"href":"https:\/\/revolutionpadelstore.com\/it\/wp-json\/wp\/v2\/nivel-de-juego?post=20449"},{"taxonomy":"superficie","embeddable":true,"href":"https:\/\/revolutionpadelstore.com\/it\/wp-json\/wp\/v2\/superficie?post=20449"},{"taxonomy":"tipo-de-juego","embeddable":true,"href":"https:\/\/revolutionpadelstore.com\/it\/wp-json\/wp\/v2\/tipo-de-juego?post=20449"},{"taxonomy":"product_brand","embeddable":true,"href":"https:\/\/revolutionpadelstore.com\/it\/wp-json\/wp\/v2\/product_brand?post=20449"},{"taxonomy":"product_cat","embeddable":true,"href":"https:\/\/revolutionpadelstore.com\/it\/wp-json\/wp\/v2\/product_cat?post=20449"},{"taxonomy":"product_tag","embeddable":true,"href":"https:\/\/revolutionpadelstore.com\/it\/wp-json\/wp\/v2\/product_tag?post=20449"}],"curies":[{"name":"wp","href":"https:\/\/api.w.org\/{rel}","templated":true}]}}