{"id":20439,"date":"2024-03-14T17:19:06","date_gmt":"2024-03-14T16:19:06","guid":{"rendered":"https:\/\/revolutionpadelstore.com\/bullpadel-hack-03-master-final-2022\/"},"modified":"2024-10-15T03:55:29","modified_gmt":"2024-10-15T01:55:29","slug":"bullpadel-hack-03-master-final-2022","status":"publish","type":"product","link":"https:\/\/revolutionpadelstore.com\/it\/prodotto\/bullpadel-hack-03-master-final-2022\/","title":{"rendered":"BULLPADEL HACK 03 MASTER FINAL 2022"},"content":{"rendered":"<h2>Bullpadel Hack 03 Master Final 2022, una racchetta padel di fascia alta<\/h2>\n<p>Il marchio <strong>Bullpadel<\/strong> ritorna pi\u00f9 forte con la nuova collezione 2022 Il fiore all&#8217;occhiello \u00e8 la racchetta <strong>Paquito Navarro<\/strong>, la <strong>Hack 03 Master Final<\/strong>. , una racchetta in edizione limitata che ti dar\u00e0 una potenza incredibile ad ogni colpo.<\/p>\n<p>La nuova Hack 03 Master Final \u00e8 una racchetta offensiva, progettata per giocatori di livello avanzato o professionale che vogliono colpire la palla con la massima potenza. Ha una <strong>forma di diamante <em>sovradimensionato<\/em><\/strong><em> <\/em>con un equilibrio elevato.<\/p>\n<h3>Struttura solida, leggera e agile<\/h3>\n<p>Al suo interno troviamo la <strong>gomma MultiEva<\/strong>, che \u00e8 composta da due densit\u00e0, una gomma esterna pi\u00f9 compatta e una interna a densit\u00e0 inferiore. Questi due strati rendono la racchetta capace di rispondere sia ai colpi pi\u00f9 lenti che alle palle veloci. Inoltre, ha un telaio Carbon Tube, fibra di carbonio intrecciata bidirezionale al 100%, che raggiunge il perfetto equilibrio tra controllo e potenza. Ai lati del telaio possiamo trovare il sistema NERVE, canali che aggiungono leggerezza, ottengono un colpo pi\u00f9 controllato e maggiore rigidit\u00e0.<\/p>\n<p>Sulla superficie della racchetta troviamo l&#8217;<strong><em>Xtend Carbon<\/em>12K<\/strong>, una fibra sviluppata esclusivamente da Bullpadel e che la rende la prima al mondo ad essere costruita con <strong>carbonio 12K di fascia alta<\/strong>. Ci\u00f2 conferisce alla racchetta un&#8217;elevata leggerezza e un colpo ad una velocit\u00e0 senza precedenti.<\/p>\n<h3>Include il sistema Adaptia, sviluppato per le racchette della gamma PRO<\/h3>\n<p>Questa racchetta include tecnologie di alta qualit\u00e0 che la rendono una racchetta potente che ti aiuter\u00e0 a vincere ogni partita. Tra le tecnologie che incorpora dobbiamo menzionare il <strong>sistema Vibradrive<\/strong>, che assorbe le vibrazioni che la racchetta pu\u00f2 subire dopo un impatto, soprattutto nei colpi pi\u00f9 decentrati. Inoltre, incorpora l&#8217;Hesacore Grip, che presenta un design a nido d&#8217;ape che riduce lo sforzo, gli infortuni e le vibrazioni.<\/p>\n<h2>Bullpadel Hack 03 Master Final 2022, una pala de alta gama<\/h2>\n","protected":false},"excerpt":{"rendered":"<p>La tanto attesa Hack 03 Master Final \u00e8 ora disponibile su Padel Nuestro! Una racchetta padel esclusiva indossata da uno dei migliori del circuito, Paquito Navarro.<\/p>\n","protected":false},"featured_media":52583,"comment_status":"open","ping_status":"closed","template":"","meta":{"_acf_changed":false,"_joinchat":[]},"acabado":[],"balance":[],"dureza":[],"forma":[],"jugador":[],"marca":[],"nivel-de-juego":[],"superficie":[],"tipo-de-juego":[],"product_brand":[],"product_cat":[],"product_tag":[],"class_list":{"0":"post-20439","1":"product","2":"type-product","3":"status-publish","4":"has-post-thumbnail","7":"first","8":"onbackorder","9":"taxable","10":"shipping-taxable","11":"purchasable","12":"product-type-simple"},"acf":[],"yoast_head":"<!-- This site is optimized with the Yoast SEO plugin v27.5 - https:\/\/yoast.com\/product\/yoast-seo-wordpress\/ -->\n<title>BULLPADEL HACK 03 MASTER FINAL 2022 - Revolution Padel Store<\/title>\n<meta name=\"description\" content=\"\u00a1Ya disponible en Padel Nuestro la tan esperada Hack 03 Master Final! Una pala exclusiva que lleva uno de los mejores del circuito, Paquito Navarro.\" \/>\n<meta name=\"robots\" content=\"index, follow, max-snippet:-1, max-image-preview:large, max-video-preview:-1\" \/>\n<link rel=\"canonical\" href=\"https:\/\/revolutionpadelstore.com\/it\/prodotto\/bullpadel-hack-03-master-final-2022\/\" \/>\n<meta property=\"og:locale\" content=\"it_IT\" \/>\n<meta property=\"og:type\" content=\"article\" \/>\n<meta property=\"og:title\" content=\"BULLPADEL HACK 03 MASTER FINAL 2022 - Revolution Padel Store\" \/>\n<meta property=\"og:description\" content=\"\u00a1Ya disponible en Padel Nuestro la tan esperada Hack 03 Master Final! Una pala exclusiva que lleva uno de los mejores del circuito, Paquito Navarro.\" \/>\n<meta property=\"og:url\" content=\"https:\/\/revolutionpadelstore.com\/it\/prodotto\/bullpadel-hack-03-master-final-2022\/\" \/>\n<meta property=\"og:site_name\" content=\"Revolution Padel Store\" \/>\n<meta property=\"article:modified_time\" content=\"2024-10-15T01:55:29+00:00\" \/>\n<meta property=\"og:image\" content=\"https:\/\/revolutionpadelstore.com\/wp-content\/uploads\/2024\/03\/bullpadel_hack_03_mfinal_22_468073_32445_3_1ddf.webp\" \/>\n\t<meta property=\"og:image:width\" content=\"1200\" \/>\n\t<meta property=\"og:image:height\" content=\"1200\" \/>\n\t<meta property=\"og:image:type\" content=\"image\/webp\" \/>\n<meta name=\"twitter:card\" content=\"summary_large_image\" \/>\n<meta name=\"twitter:label1\" content=\"Tempo di lettura stimato\" \/>\n\t<meta name=\"twitter:data1\" content=\"2 minuti\" \/>\n<script type=\"application\/ld+json\" class=\"yoast-schema-graph\">{\"@context\":\"https:\\\/\\\/schema.org\",\"@graph\":[{\"@type\":\"WebPage\",\"@id\":\"https:\\\/\\\/revolutionpadelstore.com\\\/it\\\/prodotto\\\/bullpadel-hack-03-master-final-2022\\\/\",\"url\":\"https:\\\/\\\/revolutionpadelstore.com\\\/it\\\/prodotto\\\/bullpadel-hack-03-master-final-2022\\\/\",\"name\":\"BULLPADEL HACK 03 MASTER FINAL 2022 - Revolution Padel Store\",\"isPartOf\":{\"@id\":\"https:\\\/\\\/revolutionpadelstore.com\\\/it\\\/#website\"},\"primaryImageOfPage\":{\"@id\":\"https:\\\/\\\/revolutionpadelstore.com\\\/it\\\/prodotto\\\/bullpadel-hack-03-master-final-2022\\\/#primaryimage\"},\"image\":{\"@id\":\"https:\\\/\\\/revolutionpadelstore.com\\\/it\\\/prodotto\\\/bullpadel-hack-03-master-final-2022\\\/#primaryimage\"},\"thumbnailUrl\":\"https:\\\/\\\/revolutionpadelstore.com\\\/wp-content\\\/uploads\\\/2024\\\/03\\\/bullpadel_hack_03_mfinal_22_468073_32445_3_1ddf.webp\",\"datePublished\":\"2024-03-14T16:19:06+00:00\",\"dateModified\":\"2024-10-15T01:55:29+00:00\",\"description\":\"\u00a1Ya disponible en Padel Nuestro la tan esperada Hack 03 Master Final! Una pala exclusiva que lleva uno de los mejores del circuito, Paquito Navarro.\",\"breadcrumb\":{\"@id\":\"https:\\\/\\\/revolutionpadelstore.com\\\/it\\\/prodotto\\\/bullpadel-hack-03-master-final-2022\\\/#breadcrumb\"},\"inLanguage\":\"it-IT\",\"potentialAction\":[{\"@type\":\"ReadAction\",\"target\":[\"https:\\\/\\\/revolutionpadelstore.com\\\/it\\\/prodotto\\\/bullpadel-hack-03-master-final-2022\\\/\"]}]},{\"@type\":\"ImageObject\",\"inLanguage\":\"it-IT\",\"@id\":\"https:\\\/\\\/revolutionpadelstore.com\\\/it\\\/prodotto\\\/bullpadel-hack-03-master-final-2022\\\/#primaryimage\",\"url\":\"https:\\\/\\\/revolutionpadelstore.com\\\/wp-content\\\/uploads\\\/2024\\\/03\\\/bullpadel_hack_03_mfinal_22_468073_32445_3_1ddf.webp\",\"contentUrl\":\"https:\\\/\\\/revolutionpadelstore.com\\\/wp-content\\\/uploads\\\/2024\\\/03\\\/bullpadel_hack_03_mfinal_22_468073_32445_3_1ddf.webp\",\"width\":1200,\"height\":1200},{\"@type\":\"BreadcrumbList\",\"@id\":\"https:\\\/\\\/revolutionpadelstore.com\\\/it\\\/prodotto\\\/bullpadel-hack-03-master-final-2022\\\/#breadcrumb\",\"itemListElement\":[{\"@type\":\"ListItem\",\"position\":1,\"name\":\"Portada\",\"item\":\"https:\\\/\\\/revolutionpadelstore.com\\\/it\\\/\"},{\"@type\":\"ListItem\",\"position\":2,\"name\":\"Tienda\",\"item\":\"https:\\\/\\\/revolutionpadelstore.com\\\/it\\\/tienda\\\/\"},{\"@type\":\"ListItem\",\"position\":3,\"name\":\"BULLPADEL HACK 03 MASTER FINAL 2022\"}]},{\"@type\":\"WebSite\",\"@id\":\"https:\\\/\\\/revolutionpadelstore.com\\\/it\\\/#website\",\"url\":\"https:\\\/\\\/revolutionpadelstore.com\\\/it\\\/\",\"name\":\"Revolution Padel Store\",\"description\":\"\",\"publisher\":{\"@id\":\"https:\\\/\\\/revolutionpadelstore.com\\\/it\\\/#organization\"},\"potentialAction\":[{\"@type\":\"SearchAction\",\"target\":{\"@type\":\"EntryPoint\",\"urlTemplate\":\"https:\\\/\\\/revolutionpadelstore.com\\\/it\\\/?s={search_term_string}\"},\"query-input\":{\"@type\":\"PropertyValueSpecification\",\"valueRequired\":true,\"valueName\":\"search_term_string\"}}],\"inLanguage\":\"it-IT\"},{\"@type\":\"Organization\",\"@id\":\"https:\\\/\\\/revolutionpadelstore.com\\\/it\\\/#organization\",\"name\":\"Revolution Padel Store\",\"url\":\"https:\\\/\\\/revolutionpadelstore.com\\\/it\\\/\",\"logo\":{\"@type\":\"ImageObject\",\"inLanguage\":\"it-IT\",\"@id\":\"https:\\\/\\\/revolutionpadelstore.com\\\/it\\\/#\\\/schema\\\/logo\\\/image\\\/\",\"url\":\"https:\\\/\\\/revolutionpadelstore.com\\\/wp-content\\\/uploads\\\/2026\\\/02\\\/revolution-padel-store.jpg\",\"contentUrl\":\"https:\\\/\\\/revolutionpadelstore.com\\\/wp-content\\\/uploads\\\/2026\\\/02\\\/revolution-padel-store.jpg\",\"width\":2000,\"height\":2000,\"caption\":\"Revolution Padel Store\"},\"image\":{\"@id\":\"https:\\\/\\\/revolutionpadelstore.com\\\/it\\\/#\\\/schema\\\/logo\\\/image\\\/\"},\"sameAs\":[\"https:\\\/\\\/www.instagram.com\\\/revolutionpadelstore\\\/\"]}]}<\/script>\n<!-- \/ Yoast SEO plugin. -->","yoast_head_json":{"title":"BULLPADEL HACK 03 MASTER FINAL 2022 - Revolution Padel Store","description":"\u00a1Ya disponible en Padel Nuestro la tan esperada Hack 03 Master Final! Una pala exclusiva que lleva uno de los mejores del circuito, Paquito Navarro.","robots":{"index":"index","follow":"follow","max-snippet":"max-snippet:-1","max-image-preview":"max-image-preview:large","max-video-preview":"max-video-preview:-1"},"canonical":"https:\/\/revolutionpadelstore.com\/it\/prodotto\/bullpadel-hack-03-master-final-2022\/","og_locale":"it_IT","og_type":"article","og_title":"BULLPADEL HACK 03 MASTER FINAL 2022 - Revolution Padel Store","og_description":"\u00a1Ya disponible en Padel Nuestro la tan esperada Hack 03 Master Final! Una pala exclusiva que lleva uno de los mejores del circuito, Paquito Navarro.","og_url":"https:\/\/revolutionpadelstore.com\/it\/prodotto\/bullpadel-hack-03-master-final-2022\/","og_site_name":"Revolution Padel Store","article_modified_time":"2024-10-15T01:55:29+00:00","og_image":[{"width":1200,"height":1200,"url":"https:\/\/revolutionpadelstore.com\/wp-content\/uploads\/2024\/03\/bullpadel_hack_03_mfinal_22_468073_32445_3_1ddf.webp","type":"image\/webp"}],"twitter_card":"summary_large_image","twitter_misc":{"Tempo di lettura stimato":"2 minuti"},"schema":{"@context":"https:\/\/schema.org","@graph":[{"@type":"WebPage","@id":"https:\/\/revolutionpadelstore.com\/it\/prodotto\/bullpadel-hack-03-master-final-2022\/","url":"https:\/\/revolutionpadelstore.com\/it\/prodotto\/bullpadel-hack-03-master-final-2022\/","name":"BULLPADEL HACK 03 MASTER FINAL 2022 - Revolution Padel Store","isPartOf":{"@id":"https:\/\/revolutionpadelstore.com\/it\/#website"},"primaryImageOfPage":{"@id":"https:\/\/revolutionpadelstore.com\/it\/prodotto\/bullpadel-hack-03-master-final-2022\/#primaryimage"},"image":{"@id":"https:\/\/revolutionpadelstore.com\/it\/prodotto\/bullpadel-hack-03-master-final-2022\/#primaryimage"},"thumbnailUrl":"https:\/\/revolutionpadelstore.com\/wp-content\/uploads\/2024\/03\/bullpadel_hack_03_mfinal_22_468073_32445_3_1ddf.webp","datePublished":"2024-03-14T16:19:06+00:00","dateModified":"2024-10-15T01:55:29+00:00","description":"\u00a1Ya disponible en Padel Nuestro la tan esperada Hack 03 Master Final! Una pala exclusiva que lleva uno de los mejores del circuito, Paquito Navarro.","breadcrumb":{"@id":"https:\/\/revolutionpadelstore.com\/it\/prodotto\/bullpadel-hack-03-master-final-2022\/#breadcrumb"},"inLanguage":"it-IT","potentialAction":[{"@type":"ReadAction","target":["https:\/\/revolutionpadelstore.com\/it\/prodotto\/bullpadel-hack-03-master-final-2022\/"]}]},{"@type":"ImageObject","inLanguage":"it-IT","@id":"https:\/\/revolutionpadelstore.com\/it\/prodotto\/bullpadel-hack-03-master-final-2022\/#primaryimage","url":"https:\/\/revolutionpadelstore.com\/wp-content\/uploads\/2024\/03\/bullpadel_hack_03_mfinal_22_468073_32445_3_1ddf.webp","contentUrl":"https:\/\/revolutionpadelstore.com\/wp-content\/uploads\/2024\/03\/bullpadel_hack_03_mfinal_22_468073_32445_3_1ddf.webp","width":1200,"height":1200},{"@type":"BreadcrumbList","@id":"https:\/\/revolutionpadelstore.com\/it\/prodotto\/bullpadel-hack-03-master-final-2022\/#breadcrumb","itemListElement":[{"@type":"ListItem","position":1,"name":"Portada","item":"https:\/\/revolutionpadelstore.com\/it\/"},{"@type":"ListItem","position":2,"name":"Tienda","item":"https:\/\/revolutionpadelstore.com\/it\/tienda\/"},{"@type":"ListItem","position":3,"name":"BULLPADEL HACK 03 MASTER FINAL 2022"}]},{"@type":"WebSite","@id":"https:\/\/revolutionpadelstore.com\/it\/#website","url":"https:\/\/revolutionpadelstore.com\/it\/","name":"Revolution Padel Store","description":"","publisher":{"@id":"https:\/\/revolutionpadelstore.com\/it\/#organization"},"potentialAction":[{"@type":"SearchAction","target":{"@type":"EntryPoint","urlTemplate":"https:\/\/revolutionpadelstore.com\/it\/?s={search_term_string}"},"query-input":{"@type":"PropertyValueSpecification","valueRequired":true,"valueName":"search_term_string"}}],"inLanguage":"it-IT"},{"@type":"Organization","@id":"https:\/\/revolutionpadelstore.com\/it\/#organization","name":"Revolution Padel Store","url":"https:\/\/revolutionpadelstore.com\/it\/","logo":{"@type":"ImageObject","inLanguage":"it-IT","@id":"https:\/\/revolutionpadelstore.com\/it\/#\/schema\/logo\/image\/","url":"https:\/\/revolutionpadelstore.com\/wp-content\/uploads\/2026\/02\/revolution-padel-store.jpg","contentUrl":"https:\/\/revolutionpadelstore.com\/wp-content\/uploads\/2026\/02\/revolution-padel-store.jpg","width":2000,"height":2000,"caption":"Revolution Padel Store"},"image":{"@id":"https:\/\/revolutionpadelstore.com\/it\/#\/schema\/logo\/image\/"},"sameAs":["https:\/\/www.instagram.com\/revolutionpadelstore\/"]}]}},"_links":{"self":[{"href":"https:\/\/revolutionpadelstore.com\/it\/wp-json\/wp\/v2\/product\/20439","targetHints":{"allow":["GET"]}}],"collection":[{"href":"https:\/\/revolutionpadelstore.com\/it\/wp-json\/wp\/v2\/product"}],"about":[{"href":"https:\/\/revolutionpadelstore.com\/it\/wp-json\/wp\/v2\/types\/product"}],"replies":[{"embeddable":true,"href":"https:\/\/revolutionpadelstore.com\/it\/wp-json\/wp\/v2\/comments?post=20439"}],"wp:featuredmedia":[{"embeddable":true,"href":"https:\/\/revolutionpadelstore.com\/it\/wp-json\/wp\/v2\/media\/52583"}],"wp:attachment":[{"href":"https:\/\/revolutionpadelstore.com\/it\/wp-json\/wp\/v2\/media?parent=20439"}],"wp:term":[{"taxonomy":"acabado","embeddable":true,"href":"https:\/\/revolutionpadelstore.com\/it\/wp-json\/wp\/v2\/acabado?post=20439"},{"taxonomy":"balance","embeddable":true,"href":"https:\/\/revolutionpadelstore.com\/it\/wp-json\/wp\/v2\/balance?post=20439"},{"taxonomy":"dureza","embeddable":true,"href":"https:\/\/revolutionpadelstore.com\/it\/wp-json\/wp\/v2\/dureza?post=20439"},{"taxonomy":"forma","embeddable":true,"href":"https:\/\/revolutionpadelstore.com\/it\/wp-json\/wp\/v2\/forma?post=20439"},{"taxonomy":"jugador","embeddable":true,"href":"https:\/\/revolutionpadelstore.com\/it\/wp-json\/wp\/v2\/jugador?post=20439"},{"taxonomy":"marca","embeddable":true,"href":"https:\/\/revolutionpadelstore.com\/it\/wp-json\/wp\/v2\/marca?post=20439"},{"taxonomy":"nivel-de-juego","embeddable":true,"href":"https:\/\/revolutionpadelstore.com\/it\/wp-json\/wp\/v2\/nivel-de-juego?post=20439"},{"taxonomy":"superficie","embeddable":true,"href":"https:\/\/revolutionpadelstore.com\/it\/wp-json\/wp\/v2\/superficie?post=20439"},{"taxonomy":"tipo-de-juego","embeddable":true,"href":"https:\/\/revolutionpadelstore.com\/it\/wp-json\/wp\/v2\/tipo-de-juego?post=20439"},{"taxonomy":"product_brand","embeddable":true,"href":"https:\/\/revolutionpadelstore.com\/it\/wp-json\/wp\/v2\/product_brand?post=20439"},{"taxonomy":"product_cat","embeddable":true,"href":"https:\/\/revolutionpadelstore.com\/it\/wp-json\/wp\/v2\/product_cat?post=20439"},{"taxonomy":"product_tag","embeddable":true,"href":"https:\/\/revolutionpadelstore.com\/it\/wp-json\/wp\/v2\/product_tag?post=20439"}],"curies":[{"name":"wp","href":"https:\/\/api.w.org\/{rel}","templated":true}]}}