{"id":20359,"date":"2024-03-15T13:12:01","date_gmt":"2024-03-15T12:12:01","guid":{"rendered":"https:\/\/revolutionpadelstore.com\/head-speed-pro-x-2023\/"},"modified":"2026-04-08T15:00:37","modified_gmt":"2026-04-08T13:00:37","slug":"head-speed-pro-x-2023-4","status":"publish","type":"product","link":"https:\/\/revolutionpadelstore.com\/it\/prodotto\/head-speed-pro-x-2023-4\/","title":{"rendered":"HEAD SPEED PRO X 2023"},"content":{"rendered":"<h2>I giocatori avanzati giocano questa stagione con la Head Speed \u200b\u200b\u200b\u200bPRO X 2023<\/h2>\n<p>Una racchetta dal design superiore in nero con finiture opache e lucide. La nuova <strong>Head Speed \u200b\u200bPRO X 2023<\/strong> \u00e8 ora disponibile. Una racchetta a forma di goccia per giocatori di padel di livello avanzato e anche per giocatori di tornei. La sua forma ti consente di giocare con il controllo totale della racchetta e di dare colpi precisi.<\/p>\n<h2>La racchetta da paddle con tecnologia si adatta alle tue esigenze in campo<\/h2>\n<p>La sensazione di questa racchetta da padel \u00e8 pi\u00f9 confortevole grazie alla propria tecnologia Auxectic. Le superfici si allargano contro la forza di contatto nelle collisioni con la palla e si contraggono quando vengono rimosse. Essere pi\u00f9 flessibili e modellabili nella ricezione della palla. Realizzato con grafene per rinforzare il telaio, avere pi\u00f9 stabilit\u00e0 e facilitare la trasmissione dell&#8217;energia alla palla. Un gioco pi\u00f9 semplice in cui puoi concentrarti sulla tua tecnica di attacco contro il tuo rivale.<\/p>\n<p>Al centro c&#8217;\u00e8 il <em>Power Foam<\/em>, una schiuma di polistirolo che assorbe le vibrazioni e offre una migliore sensazione nel lancio della palla. Rende pi\u00f9 facile colpire grazie all&#8217;ammortizzazione e al facile controllo del colpo. Con ponte studiato per ridurre le vibrazioni.<\/p>\n<h3>Il risultato sar\u00e0 la vittoria grazie ai migliori materiali<\/h3>\n<p>Vinci sicuramente la prossima partita con questa racchetta a forma di lacrima con equilibrio equilibrato e punto dolce al centro. Lo sweet spot \u00e8 ottimizzato in modo da avere la potenza e il controllo perfetti per ottenere i punti migliori. Le sue superfici sono realizzate in carbonio 12K con flessibilit\u00e0 e rigidit\u00e0 medie che ti consentono di giocare con prestazioni elevate. E il telaio \u00e8 ricoperto da un foglio di materiale polimerico caratterizzato da lunga durata e resistenza a graffi e urti.<\/p>\n<h2>Los jugadores avanzados juegan esta temporada con la Head Speed PRO X 2023<\/h2>\n","protected":false},"excerpt":{"rendered":"<p>La racchetta padel per i giocatori pi\u00f9 avanzati della nuova stagione. Head Speed \u200b\u200bPRO X 2023. Una racchetta versatile per un gioco versatile. Con una tecnologia innovativa unica per il marchio come lo Smart Bridge.<\/p>\n","protected":false},"featured_media":52299,"comment_status":"open","ping_status":"closed","template":"","meta":{"_acf_changed":false,"_joinchat":[]},"acabado":[1086],"balance":[1136],"dureza":[1156],"forma":[1186],"jugador":[1201,1191],"marca":[1221],"nivel-de-juego":[1336],"superficie":[1356],"tipo-de-juego":[1376],"product_brand":[],"product_cat":[301],"product_tag":[],"class_list":{"0":"post-20359","1":"product","2":"type-product","3":"status-publish","4":"has-post-thumbnail","6":"acabado-amico","7":"balance-alto-it","8":"dureza-media-it","9":"forma-lagrima-it","10":"jugador-multiuso","11":"jugador-uomo","12":"marca-testa","13":"superficie-lisa-it","14":"tipo-de-juego-potenza","15":"product_cat-palas-de-padel-it","17":"first","18":"onbackorder","19":"sale","20":"taxable","21":"shipping-taxable","22":"purchasable","23":"product-type-simple"},"acf":[],"yoast_head":"<!-- This site is optimized with the Yoast SEO plugin v27.4 - https:\/\/yoast.com\/product\/yoast-seo-wordpress\/ -->\n<title>HEAD SPEED PRO X 2023 - Revolution Padel Store<\/title>\n<meta name=\"description\" content=\"La pala de p\u00e1del de los jugadores m\u00e1s avanzados de la nueva temporada. Head Speed PRO X 2023. Una pala vers\u00e1til para un juego polivalente. Con tecnolog\u00eda innovadora \u00fanica de la marca como su Smart Bridge.\" \/>\n<meta name=\"robots\" content=\"index, follow, max-snippet:-1, max-image-preview:large, max-video-preview:-1\" \/>\n<link rel=\"canonical\" href=\"https:\/\/revolutionpadelstore.com\/it\/prodotto\/head-speed-pro-x-2023-4\/\" \/>\n<meta property=\"og:locale\" content=\"it_IT\" \/>\n<meta property=\"og:type\" content=\"article\" \/>\n<meta property=\"og:title\" content=\"HEAD SPEED PRO X 2023 - Revolution Padel Store\" \/>\n<meta property=\"og:description\" content=\"La pala de p\u00e1del de los jugadores m\u00e1s avanzados de la nueva temporada. Head Speed PRO X 2023. Una pala vers\u00e1til para un juego polivalente. Con tecnolog\u00eda innovadora \u00fanica de la marca como su Smart Bridge.\" \/>\n<meta property=\"og:url\" content=\"https:\/\/revolutionpadelstore.com\/it\/prodotto\/head-speed-pro-x-2023-4\/\" \/>\n<meta property=\"og:site_name\" content=\"Revolution Padel Store\" \/>\n<meta property=\"article:modified_time\" content=\"2026-04-08T13:00:37+00:00\" \/>\n<meta property=\"og:image\" content=\"https:\/\/revolutionpadelstore.com\/wp-content\/uploads\/2024\/03\/32512_head_speed_pro_x_202_221043_1500x1500_vista1_5836.webp\" \/>\n\t<meta property=\"og:image:width\" content=\"1500\" \/>\n\t<meta property=\"og:image:height\" content=\"1500\" \/>\n\t<meta property=\"og:image:type\" content=\"image\/webp\" \/>\n<meta name=\"twitter:card\" content=\"summary_large_image\" \/>\n<meta name=\"twitter:label1\" content=\"Tempo di lettura stimato\" \/>\n\t<meta name=\"twitter:data1\" content=\"2 minuti\" \/>\n<script type=\"application\/ld+json\" class=\"yoast-schema-graph\">{\"@context\":\"https:\\\/\\\/schema.org\",\"@graph\":[{\"@type\":\"WebPage\",\"@id\":\"https:\\\/\\\/revolutionpadelstore.com\\\/it\\\/prodotto\\\/head-speed-pro-x-2023-4\\\/\",\"url\":\"https:\\\/\\\/revolutionpadelstore.com\\\/it\\\/prodotto\\\/head-speed-pro-x-2023-4\\\/\",\"name\":\"HEAD SPEED PRO X 2023 - Revolution Padel Store\",\"isPartOf\":{\"@id\":\"https:\\\/\\\/revolutionpadelstore.com\\\/it\\\/#website\"},\"primaryImageOfPage\":{\"@id\":\"https:\\\/\\\/revolutionpadelstore.com\\\/it\\\/prodotto\\\/head-speed-pro-x-2023-4\\\/#primaryimage\"},\"image\":{\"@id\":\"https:\\\/\\\/revolutionpadelstore.com\\\/it\\\/prodotto\\\/head-speed-pro-x-2023-4\\\/#primaryimage\"},\"thumbnailUrl\":\"https:\\\/\\\/revolutionpadelstore.com\\\/wp-content\\\/uploads\\\/2024\\\/03\\\/32512_head_speed_pro_x_202_221043_1500x1500_vista1_5836.webp\",\"datePublished\":\"2024-03-15T12:12:01+00:00\",\"dateModified\":\"2026-04-08T13:00:37+00:00\",\"description\":\"La pala de p\u00e1del de los jugadores m\u00e1s avanzados de la nueva temporada. Head Speed PRO X 2023. Una pala vers\u00e1til para un juego polivalente. Con tecnolog\u00eda innovadora \u00fanica de la marca como su Smart Bridge.\",\"breadcrumb\":{\"@id\":\"https:\\\/\\\/revolutionpadelstore.com\\\/it\\\/prodotto\\\/head-speed-pro-x-2023-4\\\/#breadcrumb\"},\"inLanguage\":\"it-IT\",\"potentialAction\":[{\"@type\":\"ReadAction\",\"target\":[\"https:\\\/\\\/revolutionpadelstore.com\\\/it\\\/prodotto\\\/head-speed-pro-x-2023-4\\\/\"]}]},{\"@type\":\"ImageObject\",\"inLanguage\":\"it-IT\",\"@id\":\"https:\\\/\\\/revolutionpadelstore.com\\\/it\\\/prodotto\\\/head-speed-pro-x-2023-4\\\/#primaryimage\",\"url\":\"https:\\\/\\\/revolutionpadelstore.com\\\/wp-content\\\/uploads\\\/2024\\\/03\\\/32512_head_speed_pro_x_202_221043_1500x1500_vista1_5836.webp\",\"contentUrl\":\"https:\\\/\\\/revolutionpadelstore.com\\\/wp-content\\\/uploads\\\/2024\\\/03\\\/32512_head_speed_pro_x_202_221043_1500x1500_vista1_5836.webp\",\"width\":1500,\"height\":1500},{\"@type\":\"BreadcrumbList\",\"@id\":\"https:\\\/\\\/revolutionpadelstore.com\\\/it\\\/prodotto\\\/head-speed-pro-x-2023-4\\\/#breadcrumb\",\"itemListElement\":[{\"@type\":\"ListItem\",\"position\":1,\"name\":\"Portada\",\"item\":\"https:\\\/\\\/revolutionpadelstore.com\\\/it\\\/\"},{\"@type\":\"ListItem\",\"position\":2,\"name\":\"Tienda\",\"item\":\"https:\\\/\\\/revolutionpadelstore.com\\\/it\\\/tienda\\\/\"},{\"@type\":\"ListItem\",\"position\":3,\"name\":\"HEAD SPEED PRO X 2023\"}]},{\"@type\":\"WebSite\",\"@id\":\"https:\\\/\\\/revolutionpadelstore.com\\\/it\\\/#website\",\"url\":\"https:\\\/\\\/revolutionpadelstore.com\\\/it\\\/\",\"name\":\"Revolution Padel Store\",\"description\":\"\",\"publisher\":{\"@id\":\"https:\\\/\\\/revolutionpadelstore.com\\\/it\\\/#organization\"},\"potentialAction\":[{\"@type\":\"SearchAction\",\"target\":{\"@type\":\"EntryPoint\",\"urlTemplate\":\"https:\\\/\\\/revolutionpadelstore.com\\\/it\\\/?s={search_term_string}\"},\"query-input\":{\"@type\":\"PropertyValueSpecification\",\"valueRequired\":true,\"valueName\":\"search_term_string\"}}],\"inLanguage\":\"it-IT\"},{\"@type\":\"Organization\",\"@id\":\"https:\\\/\\\/revolutionpadelstore.com\\\/it\\\/#organization\",\"name\":\"Revolution Padel Store\",\"url\":\"https:\\\/\\\/revolutionpadelstore.com\\\/it\\\/\",\"logo\":{\"@type\":\"ImageObject\",\"inLanguage\":\"it-IT\",\"@id\":\"https:\\\/\\\/revolutionpadelstore.com\\\/it\\\/#\\\/schema\\\/logo\\\/image\\\/\",\"url\":\"https:\\\/\\\/revolutionpadelstore.com\\\/wp-content\\\/uploads\\\/2026\\\/02\\\/revolution-padel-store.jpg\",\"contentUrl\":\"https:\\\/\\\/revolutionpadelstore.com\\\/wp-content\\\/uploads\\\/2026\\\/02\\\/revolution-padel-store.jpg\",\"width\":2000,\"height\":2000,\"caption\":\"Revolution Padel Store\"},\"image\":{\"@id\":\"https:\\\/\\\/revolutionpadelstore.com\\\/it\\\/#\\\/schema\\\/logo\\\/image\\\/\"},\"sameAs\":[\"https:\\\/\\\/www.instagram.com\\\/revolutionpadelstore\\\/\"]}]}<\/script>\n<!-- \/ Yoast SEO plugin. -->","yoast_head_json":{"title":"HEAD SPEED PRO X 2023 - Revolution Padel Store","description":"La pala de p\u00e1del de los jugadores m\u00e1s avanzados de la nueva temporada. Head Speed PRO X 2023. Una pala vers\u00e1til para un juego polivalente. Con tecnolog\u00eda innovadora \u00fanica de la marca como su Smart Bridge.","robots":{"index":"index","follow":"follow","max-snippet":"max-snippet:-1","max-image-preview":"max-image-preview:large","max-video-preview":"max-video-preview:-1"},"canonical":"https:\/\/revolutionpadelstore.com\/it\/prodotto\/head-speed-pro-x-2023-4\/","og_locale":"it_IT","og_type":"article","og_title":"HEAD SPEED PRO X 2023 - Revolution Padel Store","og_description":"La pala de p\u00e1del de los jugadores m\u00e1s avanzados de la nueva temporada. Head Speed PRO X 2023. Una pala vers\u00e1til para un juego polivalente. Con tecnolog\u00eda innovadora \u00fanica de la marca como su Smart Bridge.","og_url":"https:\/\/revolutionpadelstore.com\/it\/prodotto\/head-speed-pro-x-2023-4\/","og_site_name":"Revolution Padel Store","article_modified_time":"2026-04-08T13:00:37+00:00","og_image":[{"width":1500,"height":1500,"url":"https:\/\/revolutionpadelstore.com\/wp-content\/uploads\/2024\/03\/32512_head_speed_pro_x_202_221043_1500x1500_vista1_5836.webp","type":"image\/webp"}],"twitter_card":"summary_large_image","twitter_misc":{"Tempo di lettura stimato":"2 minuti"},"schema":{"@context":"https:\/\/schema.org","@graph":[{"@type":"WebPage","@id":"https:\/\/revolutionpadelstore.com\/it\/prodotto\/head-speed-pro-x-2023-4\/","url":"https:\/\/revolutionpadelstore.com\/it\/prodotto\/head-speed-pro-x-2023-4\/","name":"HEAD SPEED PRO X 2023 - Revolution Padel Store","isPartOf":{"@id":"https:\/\/revolutionpadelstore.com\/it\/#website"},"primaryImageOfPage":{"@id":"https:\/\/revolutionpadelstore.com\/it\/prodotto\/head-speed-pro-x-2023-4\/#primaryimage"},"image":{"@id":"https:\/\/revolutionpadelstore.com\/it\/prodotto\/head-speed-pro-x-2023-4\/#primaryimage"},"thumbnailUrl":"https:\/\/revolutionpadelstore.com\/wp-content\/uploads\/2024\/03\/32512_head_speed_pro_x_202_221043_1500x1500_vista1_5836.webp","datePublished":"2024-03-15T12:12:01+00:00","dateModified":"2026-04-08T13:00:37+00:00","description":"La pala de p\u00e1del de los jugadores m\u00e1s avanzados de la nueva temporada. Head Speed PRO X 2023. Una pala vers\u00e1til para un juego polivalente. Con tecnolog\u00eda innovadora \u00fanica de la marca como su Smart Bridge.","breadcrumb":{"@id":"https:\/\/revolutionpadelstore.com\/it\/prodotto\/head-speed-pro-x-2023-4\/#breadcrumb"},"inLanguage":"it-IT","potentialAction":[{"@type":"ReadAction","target":["https:\/\/revolutionpadelstore.com\/it\/prodotto\/head-speed-pro-x-2023-4\/"]}]},{"@type":"ImageObject","inLanguage":"it-IT","@id":"https:\/\/revolutionpadelstore.com\/it\/prodotto\/head-speed-pro-x-2023-4\/#primaryimage","url":"https:\/\/revolutionpadelstore.com\/wp-content\/uploads\/2024\/03\/32512_head_speed_pro_x_202_221043_1500x1500_vista1_5836.webp","contentUrl":"https:\/\/revolutionpadelstore.com\/wp-content\/uploads\/2024\/03\/32512_head_speed_pro_x_202_221043_1500x1500_vista1_5836.webp","width":1500,"height":1500},{"@type":"BreadcrumbList","@id":"https:\/\/revolutionpadelstore.com\/it\/prodotto\/head-speed-pro-x-2023-4\/#breadcrumb","itemListElement":[{"@type":"ListItem","position":1,"name":"Portada","item":"https:\/\/revolutionpadelstore.com\/it\/"},{"@type":"ListItem","position":2,"name":"Tienda","item":"https:\/\/revolutionpadelstore.com\/it\/tienda\/"},{"@type":"ListItem","position":3,"name":"HEAD SPEED PRO X 2023"}]},{"@type":"WebSite","@id":"https:\/\/revolutionpadelstore.com\/it\/#website","url":"https:\/\/revolutionpadelstore.com\/it\/","name":"Revolution Padel Store","description":"","publisher":{"@id":"https:\/\/revolutionpadelstore.com\/it\/#organization"},"potentialAction":[{"@type":"SearchAction","target":{"@type":"EntryPoint","urlTemplate":"https:\/\/revolutionpadelstore.com\/it\/?s={search_term_string}"},"query-input":{"@type":"PropertyValueSpecification","valueRequired":true,"valueName":"search_term_string"}}],"inLanguage":"it-IT"},{"@type":"Organization","@id":"https:\/\/revolutionpadelstore.com\/it\/#organization","name":"Revolution Padel Store","url":"https:\/\/revolutionpadelstore.com\/it\/","logo":{"@type":"ImageObject","inLanguage":"it-IT","@id":"https:\/\/revolutionpadelstore.com\/it\/#\/schema\/logo\/image\/","url":"https:\/\/revolutionpadelstore.com\/wp-content\/uploads\/2026\/02\/revolution-padel-store.jpg","contentUrl":"https:\/\/revolutionpadelstore.com\/wp-content\/uploads\/2026\/02\/revolution-padel-store.jpg","width":2000,"height":2000,"caption":"Revolution Padel Store"},"image":{"@id":"https:\/\/revolutionpadelstore.com\/it\/#\/schema\/logo\/image\/"},"sameAs":["https:\/\/www.instagram.com\/revolutionpadelstore\/"]}]}},"_links":{"self":[{"href":"https:\/\/revolutionpadelstore.com\/it\/wp-json\/wp\/v2\/product\/20359","targetHints":{"allow":["GET"]}}],"collection":[{"href":"https:\/\/revolutionpadelstore.com\/it\/wp-json\/wp\/v2\/product"}],"about":[{"href":"https:\/\/revolutionpadelstore.com\/it\/wp-json\/wp\/v2\/types\/product"}],"replies":[{"embeddable":true,"href":"https:\/\/revolutionpadelstore.com\/it\/wp-json\/wp\/v2\/comments?post=20359"}],"wp:featuredmedia":[{"embeddable":true,"href":"https:\/\/revolutionpadelstore.com\/it\/wp-json\/wp\/v2\/media\/52299"}],"wp:attachment":[{"href":"https:\/\/revolutionpadelstore.com\/it\/wp-json\/wp\/v2\/media?parent=20359"}],"wp:term":[{"taxonomy":"acabado","embeddable":true,"href":"https:\/\/revolutionpadelstore.com\/it\/wp-json\/wp\/v2\/acabado?post=20359"},{"taxonomy":"balance","embeddable":true,"href":"https:\/\/revolutionpadelstore.com\/it\/wp-json\/wp\/v2\/balance?post=20359"},{"taxonomy":"dureza","embeddable":true,"href":"https:\/\/revolutionpadelstore.com\/it\/wp-json\/wp\/v2\/dureza?post=20359"},{"taxonomy":"forma","embeddable":true,"href":"https:\/\/revolutionpadelstore.com\/it\/wp-json\/wp\/v2\/forma?post=20359"},{"taxonomy":"jugador","embeddable":true,"href":"https:\/\/revolutionpadelstore.com\/it\/wp-json\/wp\/v2\/jugador?post=20359"},{"taxonomy":"marca","embeddable":true,"href":"https:\/\/revolutionpadelstore.com\/it\/wp-json\/wp\/v2\/marca?post=20359"},{"taxonomy":"nivel-de-juego","embeddable":true,"href":"https:\/\/revolutionpadelstore.com\/it\/wp-json\/wp\/v2\/nivel-de-juego?post=20359"},{"taxonomy":"superficie","embeddable":true,"href":"https:\/\/revolutionpadelstore.com\/it\/wp-json\/wp\/v2\/superficie?post=20359"},{"taxonomy":"tipo-de-juego","embeddable":true,"href":"https:\/\/revolutionpadelstore.com\/it\/wp-json\/wp\/v2\/tipo-de-juego?post=20359"},{"taxonomy":"product_brand","embeddable":true,"href":"https:\/\/revolutionpadelstore.com\/it\/wp-json\/wp\/v2\/product_brand?post=20359"},{"taxonomy":"product_cat","embeddable":true,"href":"https:\/\/revolutionpadelstore.com\/it\/wp-json\/wp\/v2\/product_cat?post=20359"},{"taxonomy":"product_tag","embeddable":true,"href":"https:\/\/revolutionpadelstore.com\/it\/wp-json\/wp\/v2\/product_tag?post=20359"}],"curies":[{"name":"wp","href":"https:\/\/api.w.org\/{rel}","templated":true}]}}