{"id":20324,"date":"2024-03-19T20:28:54","date_gmt":"2024-03-19T19:28:54","guid":{"rendered":"https:\/\/revolutionpadelstore.com\/nox-at10-genius-18k-agustin-tapia-2024\/"},"modified":"2026-04-22T14:01:15","modified_gmt":"2026-04-22T12:01:15","slug":"nox-at10-genius-18k-agustin-tapia-2024","status":"publish","type":"product","link":"https:\/\/revolutionpadelstore.com\/it\/prodotto\/nox-at10-genius-18k-agustin-tapia-2024\/","title":{"rendered":"NOX AT10 GENIUS 18K AGUSTIN TAPIA 2024"},"content":{"rendered":"<h2>Nox AT10 Genius 18K 2024 di Agust\u00edn Tapia, potenza e precisione<\/h2>\n<p>La racchetta Nox AT10 Genius 18K 2024 di Agust\u00edn Tapia \u00e8 il gioiello della nuova collezione di racchette Nox. Questa <strong>racchetta padel multiuso con equilibrio medio<\/strong> offre al giocatore un perfetto equilibrio tra potenza e controllo. Con una forma a goccia, incorpora anche nuovi materiali e tecnologie che forniscono un tocco pi\u00f9 solido e confortevole con maggiore stabilit\u00e0 e prestazioni superiori in campo.<\/p>\n<h2>Per quale tipo di giocatore \u00e8 consigliata la nuova racchetta padel di Tapia?<\/h2>\n<p>Il <strong>Nox AT10 Luxury Genius 18K 2024<\/strong> \u00e8 stato progettato per giocatori di livello avanzato. Se stai cercando una <strong>racchetta maneggevole<\/strong> che ti permetta di controllare la palla con precisione senza rinunciare alla potenza, questa \u00e8 la tua racchetta. Inoltre, ha una <strong>superficie con finitura sabbiosa ruvida<\/strong> che fornisce una presa ottimale e consente di colpire i colpi con maggiore effetto. Sentiti come Agust\u00edn Tapia in pista con il nuovo Nox AT10 Genius 18K<\/p>\n<h2>Materiali e tecnologie nell&#8217;AT10 Luxury Genius 18K 2024 di Nox<\/h2>\n<p>Questa racchetta da padel \u00e8 stata realizzata con un telaio 100% in carbonio che le conferisce grande stabilit\u00e0 e resistenza. Incorpora inoltre la tecnologia <em>DCS Dynamic Composit Structure<\/em>, che garantisce <strong>grande durata e prestazioni migliori<\/strong>.<\/p>\n<p>Allo stesso modo, l&#8217;innovativo sistema di perforazioni laterali <em>EOS Flap<\/em> distribuisce meglio il peso, rendendolo <strong>pi\u00f9 aerodinamico e maneggevole<\/strong>.<\/p>\n<p>Le sue <strong>facce in carbonio alluminizzato 18K<\/strong>, consistenti ma leggere, forniscono un&#8217;uscita ottimale della palla, ottenendo <strong>colpi precisi e potenti<\/strong> senza compromettere la stabilit\u00e0.<\/p>\n<p>All&#8217;interno troviamo un nucleo Multilayer MLD Black EVA che offre un tocco eccezionale.<\/p>\n<p>Questa combinazione di materiali conferisce al Nox AT10 Genius 18K 2024 una durezza media, consentendo una risposta pi\u00f9 precisa che facilita il controllo della palla durante il colpo.<\/p>\n<p>Tra le sue tecnologie incorpora il <em>Pulse System<\/em> che, insieme alla tecnologia <em>Nox Custom Grip<\/em>, migliora la presa dell&#8217;impugnatura e <strong>riduce le vibrazioni prodotte durante i colpi em&gt; strong&gt;, garantendo un maggiore comfort durante il gioco.<\/strong><\/p>\n<p>Dispone inoltre del sistema SmartStrap, che permette di sostituire facilmente il cordino di sicurezza della pagaia senza dover manipolare il tappo inferiore: pi\u00f9 igienico, pi\u00f9 sicuro e pi\u00f9 personalizzabile.<\/p>\n<h2>Goditi la nuova racchetta di Agust\u00edn Tapia ora in P\u0101del Nuestro<\/h2>\n<p>Il <strong>Nox AT10 Luxury Genius 18K<\/strong> \u00e8 tornato sulle piste questa stagione rinnovato. Pi\u00f9 maneggevole del suo predecessore e con uno sweet spot generoso, offre ai giocatori esperti un grande controllo per restituire con precisione anche le palline pi\u00f9 difficili. Inoltre, la combinazione del suo nucleo con la fibra di allume di carbonio 18K sulle facce fornisce una potenza eccezionale nella finitura.<\/p>\n<p>Il risultato \u00e8 una racchetta padel innovativa, stabile e confortevole, che unisce il meglio della tecnologia e del design per offrire un&#8217;esperienza di gioco senza eguali. Cosa aspetti ad averlo tra le mani?<\/p>\n<h2>Nox AT10 Genius 18K 2024 by Agust\u00edn Tapia, potencia y precisi\u00f3n<\/h2>\n","protected":false},"excerpt":{"rendered":"<p>Nox AT10 Genius 18K Agust\u00edn Tapia 2024, racchetta a forma di goccia per i giocatori pi\u00f9 esigenti. Realizzato con materiali di lusso come il nucleo multistrato e le facce in allume di carbonio 18K.<\/p>\n","protected":false},"featured_media":52203,"comment_status":"open","ping_status":"closed","template":"","meta":{"_acf_changed":false,"_joinchat":[]},"acabado":[1081],"balance":[1141],"dureza":[1156],"forma":[1186],"jugador":[1201,1191],"marca":[1261],"nivel-de-juego":[1336],"superficie":[1361],"tipo-de-juego":[1386],"product_brand":[],"product_cat":[301],"product_tag":[],"class_list":{"0":"post-20324","1":"product","2":"type-product","3":"status-publish","4":"has-post-thumbnail","6":"acabado-luminosita","7":"balance-medio-it","8":"dureza-media-it","9":"forma-lagrima-it","10":"jugador-multiuso","11":"jugador-uomo","12":"marca-nox-it","13":"superficie-rugosa-it","14":"tipo-de-juego-multiuso","15":"product_cat-palas-de-padel-it","17":"first","18":"instock","19":"sale","20":"taxable","21":"shipping-taxable","22":"purchasable","23":"product-type-simple"},"acf":[],"yoast_head":"<!-- This site is optimized with the Yoast SEO plugin v27.4 - https:\/\/yoast.com\/product\/yoast-seo-wordpress\/ -->\n<title>NOX AT10 GENIUS 18K AGUSTIN TAPIA 2024 - Revolution Padel Store<\/title>\n<meta name=\"description\" content=\"Nox AT10 Genius 18K Agust\u00edn Tapia 2024,pala en forma de lagrima para los jugadores m\u00e1s exigentes. Hecha con materiales de lujo como el n\u00facleo multicapa y las caras de Carbon Alum 18K.\" \/>\n<meta name=\"robots\" content=\"index, follow, max-snippet:-1, max-image-preview:large, max-video-preview:-1\" \/>\n<link rel=\"canonical\" href=\"https:\/\/revolutionpadelstore.com\/it\/prodotto\/nox-at10-genius-18k-agustin-tapia-2024\/\" \/>\n<meta property=\"og:locale\" content=\"it_IT\" \/>\n<meta property=\"og:type\" content=\"article\" \/>\n<meta property=\"og:title\" content=\"NOX AT10 GENIUS 18K AGUSTIN TAPIA 2024 - Revolution Padel Store\" \/>\n<meta property=\"og:description\" content=\"Nox AT10 Genius 18K Agust\u00edn Tapia 2024,pala en forma de lagrima para los jugadores m\u00e1s exigentes. Hecha con materiales de lujo como el n\u00facleo multicapa y las caras de Carbon Alum 18K.\" \/>\n<meta property=\"og:url\" content=\"https:\/\/revolutionpadelstore.com\/it\/prodotto\/nox-at10-genius-18k-agustin-tapia-2024\/\" \/>\n<meta property=\"og:site_name\" content=\"Revolution Padel Store\" \/>\n<meta property=\"article:modified_time\" content=\"2026-04-22T12:01:15+00:00\" \/>\n<meta property=\"og:image\" content=\"https:\/\/revolutionpadelstore.com\/wp-content\/uploads\/2024\/03\/imagen_1_110805_9dc06b50_3191.webp\" \/>\n\t<meta property=\"og:image:width\" content=\"1500\" \/>\n\t<meta property=\"og:image:height\" content=\"1500\" \/>\n\t<meta property=\"og:image:type\" content=\"image\/webp\" \/>\n<meta name=\"twitter:card\" content=\"summary_large_image\" \/>\n<meta name=\"twitter:label1\" content=\"Tempo di lettura stimato\" \/>\n\t<meta name=\"twitter:data1\" content=\"3 minuti\" \/>\n<script type=\"application\/ld+json\" class=\"yoast-schema-graph\">{\"@context\":\"https:\\\/\\\/schema.org\",\"@graph\":[{\"@type\":\"WebPage\",\"@id\":\"https:\\\/\\\/revolutionpadelstore.com\\\/it\\\/prodotto\\\/nox-at10-genius-18k-agustin-tapia-2024\\\/\",\"url\":\"https:\\\/\\\/revolutionpadelstore.com\\\/it\\\/prodotto\\\/nox-at10-genius-18k-agustin-tapia-2024\\\/\",\"name\":\"NOX AT10 GENIUS 18K AGUSTIN TAPIA 2024 - Revolution Padel Store\",\"isPartOf\":{\"@id\":\"https:\\\/\\\/revolutionpadelstore.com\\\/it\\\/#website\"},\"primaryImageOfPage\":{\"@id\":\"https:\\\/\\\/revolutionpadelstore.com\\\/it\\\/prodotto\\\/nox-at10-genius-18k-agustin-tapia-2024\\\/#primaryimage\"},\"image\":{\"@id\":\"https:\\\/\\\/revolutionpadelstore.com\\\/it\\\/prodotto\\\/nox-at10-genius-18k-agustin-tapia-2024\\\/#primaryimage\"},\"thumbnailUrl\":\"https:\\\/\\\/revolutionpadelstore.com\\\/wp-content\\\/uploads\\\/2024\\\/03\\\/imagen_1_110805_9dc06b50_3191.webp\",\"datePublished\":\"2024-03-19T19:28:54+00:00\",\"dateModified\":\"2026-04-22T12:01:15+00:00\",\"description\":\"Nox AT10 Genius 18K Agust\u00edn Tapia 2024,pala en forma de lagrima para los jugadores m\u00e1s exigentes. Hecha con materiales de lujo como el n\u00facleo multicapa y las caras de Carbon Alum 18K.\",\"breadcrumb\":{\"@id\":\"https:\\\/\\\/revolutionpadelstore.com\\\/it\\\/prodotto\\\/nox-at10-genius-18k-agustin-tapia-2024\\\/#breadcrumb\"},\"inLanguage\":\"it-IT\",\"potentialAction\":[{\"@type\":\"ReadAction\",\"target\":[\"https:\\\/\\\/revolutionpadelstore.com\\\/it\\\/prodotto\\\/nox-at10-genius-18k-agustin-tapia-2024\\\/\"]}]},{\"@type\":\"ImageObject\",\"inLanguage\":\"it-IT\",\"@id\":\"https:\\\/\\\/revolutionpadelstore.com\\\/it\\\/prodotto\\\/nox-at10-genius-18k-agustin-tapia-2024\\\/#primaryimage\",\"url\":\"https:\\\/\\\/revolutionpadelstore.com\\\/wp-content\\\/uploads\\\/2024\\\/03\\\/imagen_1_110805_9dc06b50_3191.webp\",\"contentUrl\":\"https:\\\/\\\/revolutionpadelstore.com\\\/wp-content\\\/uploads\\\/2024\\\/03\\\/imagen_1_110805_9dc06b50_3191.webp\",\"width\":1500,\"height\":1500},{\"@type\":\"BreadcrumbList\",\"@id\":\"https:\\\/\\\/revolutionpadelstore.com\\\/it\\\/prodotto\\\/nox-at10-genius-18k-agustin-tapia-2024\\\/#breadcrumb\",\"itemListElement\":[{\"@type\":\"ListItem\",\"position\":1,\"name\":\"Portada\",\"item\":\"https:\\\/\\\/revolutionpadelstore.com\\\/it\\\/\"},{\"@type\":\"ListItem\",\"position\":2,\"name\":\"Tienda\",\"item\":\"https:\\\/\\\/revolutionpadelstore.com\\\/it\\\/tienda\\\/\"},{\"@type\":\"ListItem\",\"position\":3,\"name\":\"NOX AT10 GENIUS 18K AGUSTIN TAPIA 2024\"}]},{\"@type\":\"WebSite\",\"@id\":\"https:\\\/\\\/revolutionpadelstore.com\\\/it\\\/#website\",\"url\":\"https:\\\/\\\/revolutionpadelstore.com\\\/it\\\/\",\"name\":\"Revolution Padel Store\",\"description\":\"\",\"publisher\":{\"@id\":\"https:\\\/\\\/revolutionpadelstore.com\\\/it\\\/#organization\"},\"potentialAction\":[{\"@type\":\"SearchAction\",\"target\":{\"@type\":\"EntryPoint\",\"urlTemplate\":\"https:\\\/\\\/revolutionpadelstore.com\\\/it\\\/?s={search_term_string}\"},\"query-input\":{\"@type\":\"PropertyValueSpecification\",\"valueRequired\":true,\"valueName\":\"search_term_string\"}}],\"inLanguage\":\"it-IT\"},{\"@type\":\"Organization\",\"@id\":\"https:\\\/\\\/revolutionpadelstore.com\\\/it\\\/#organization\",\"name\":\"Revolution Padel Store\",\"url\":\"https:\\\/\\\/revolutionpadelstore.com\\\/it\\\/\",\"logo\":{\"@type\":\"ImageObject\",\"inLanguage\":\"it-IT\",\"@id\":\"https:\\\/\\\/revolutionpadelstore.com\\\/it\\\/#\\\/schema\\\/logo\\\/image\\\/\",\"url\":\"https:\\\/\\\/revolutionpadelstore.com\\\/wp-content\\\/uploads\\\/2026\\\/02\\\/revolution-padel-store.jpg\",\"contentUrl\":\"https:\\\/\\\/revolutionpadelstore.com\\\/wp-content\\\/uploads\\\/2026\\\/02\\\/revolution-padel-store.jpg\",\"width\":2000,\"height\":2000,\"caption\":\"Revolution Padel Store\"},\"image\":{\"@id\":\"https:\\\/\\\/revolutionpadelstore.com\\\/it\\\/#\\\/schema\\\/logo\\\/image\\\/\"},\"sameAs\":[\"https:\\\/\\\/www.instagram.com\\\/revolutionpadelstore\\\/\"]}]}<\/script>\n<!-- \/ Yoast SEO plugin. -->","yoast_head_json":{"title":"NOX AT10 GENIUS 18K AGUSTIN TAPIA 2024 - Revolution Padel Store","description":"Nox AT10 Genius 18K Agust\u00edn Tapia 2024,pala en forma de lagrima para los jugadores m\u00e1s exigentes. Hecha con materiales de lujo como el n\u00facleo multicapa y las caras de Carbon Alum 18K.","robots":{"index":"index","follow":"follow","max-snippet":"max-snippet:-1","max-image-preview":"max-image-preview:large","max-video-preview":"max-video-preview:-1"},"canonical":"https:\/\/revolutionpadelstore.com\/it\/prodotto\/nox-at10-genius-18k-agustin-tapia-2024\/","og_locale":"it_IT","og_type":"article","og_title":"NOX AT10 GENIUS 18K AGUSTIN TAPIA 2024 - Revolution Padel Store","og_description":"Nox AT10 Genius 18K Agust\u00edn Tapia 2024,pala en forma de lagrima para los jugadores m\u00e1s exigentes. Hecha con materiales de lujo como el n\u00facleo multicapa y las caras de Carbon Alum 18K.","og_url":"https:\/\/revolutionpadelstore.com\/it\/prodotto\/nox-at10-genius-18k-agustin-tapia-2024\/","og_site_name":"Revolution Padel Store","article_modified_time":"2026-04-22T12:01:15+00:00","og_image":[{"width":1500,"height":1500,"url":"https:\/\/revolutionpadelstore.com\/wp-content\/uploads\/2024\/03\/imagen_1_110805_9dc06b50_3191.webp","type":"image\/webp"}],"twitter_card":"summary_large_image","twitter_misc":{"Tempo di lettura stimato":"3 minuti"},"schema":{"@context":"https:\/\/schema.org","@graph":[{"@type":"WebPage","@id":"https:\/\/revolutionpadelstore.com\/it\/prodotto\/nox-at10-genius-18k-agustin-tapia-2024\/","url":"https:\/\/revolutionpadelstore.com\/it\/prodotto\/nox-at10-genius-18k-agustin-tapia-2024\/","name":"NOX AT10 GENIUS 18K AGUSTIN TAPIA 2024 - Revolution Padel Store","isPartOf":{"@id":"https:\/\/revolutionpadelstore.com\/it\/#website"},"primaryImageOfPage":{"@id":"https:\/\/revolutionpadelstore.com\/it\/prodotto\/nox-at10-genius-18k-agustin-tapia-2024\/#primaryimage"},"image":{"@id":"https:\/\/revolutionpadelstore.com\/it\/prodotto\/nox-at10-genius-18k-agustin-tapia-2024\/#primaryimage"},"thumbnailUrl":"https:\/\/revolutionpadelstore.com\/wp-content\/uploads\/2024\/03\/imagen_1_110805_9dc06b50_3191.webp","datePublished":"2024-03-19T19:28:54+00:00","dateModified":"2026-04-22T12:01:15+00:00","description":"Nox AT10 Genius 18K Agust\u00edn Tapia 2024,pala en forma de lagrima para los jugadores m\u00e1s exigentes. Hecha con materiales de lujo como el n\u00facleo multicapa y las caras de Carbon Alum 18K.","breadcrumb":{"@id":"https:\/\/revolutionpadelstore.com\/it\/prodotto\/nox-at10-genius-18k-agustin-tapia-2024\/#breadcrumb"},"inLanguage":"it-IT","potentialAction":[{"@type":"ReadAction","target":["https:\/\/revolutionpadelstore.com\/it\/prodotto\/nox-at10-genius-18k-agustin-tapia-2024\/"]}]},{"@type":"ImageObject","inLanguage":"it-IT","@id":"https:\/\/revolutionpadelstore.com\/it\/prodotto\/nox-at10-genius-18k-agustin-tapia-2024\/#primaryimage","url":"https:\/\/revolutionpadelstore.com\/wp-content\/uploads\/2024\/03\/imagen_1_110805_9dc06b50_3191.webp","contentUrl":"https:\/\/revolutionpadelstore.com\/wp-content\/uploads\/2024\/03\/imagen_1_110805_9dc06b50_3191.webp","width":1500,"height":1500},{"@type":"BreadcrumbList","@id":"https:\/\/revolutionpadelstore.com\/it\/prodotto\/nox-at10-genius-18k-agustin-tapia-2024\/#breadcrumb","itemListElement":[{"@type":"ListItem","position":1,"name":"Portada","item":"https:\/\/revolutionpadelstore.com\/it\/"},{"@type":"ListItem","position":2,"name":"Tienda","item":"https:\/\/revolutionpadelstore.com\/it\/tienda\/"},{"@type":"ListItem","position":3,"name":"NOX AT10 GENIUS 18K AGUSTIN TAPIA 2024"}]},{"@type":"WebSite","@id":"https:\/\/revolutionpadelstore.com\/it\/#website","url":"https:\/\/revolutionpadelstore.com\/it\/","name":"Revolution Padel Store","description":"","publisher":{"@id":"https:\/\/revolutionpadelstore.com\/it\/#organization"},"potentialAction":[{"@type":"SearchAction","target":{"@type":"EntryPoint","urlTemplate":"https:\/\/revolutionpadelstore.com\/it\/?s={search_term_string}"},"query-input":{"@type":"PropertyValueSpecification","valueRequired":true,"valueName":"search_term_string"}}],"inLanguage":"it-IT"},{"@type":"Organization","@id":"https:\/\/revolutionpadelstore.com\/it\/#organization","name":"Revolution Padel Store","url":"https:\/\/revolutionpadelstore.com\/it\/","logo":{"@type":"ImageObject","inLanguage":"it-IT","@id":"https:\/\/revolutionpadelstore.com\/it\/#\/schema\/logo\/image\/","url":"https:\/\/revolutionpadelstore.com\/wp-content\/uploads\/2026\/02\/revolution-padel-store.jpg","contentUrl":"https:\/\/revolutionpadelstore.com\/wp-content\/uploads\/2026\/02\/revolution-padel-store.jpg","width":2000,"height":2000,"caption":"Revolution Padel Store"},"image":{"@id":"https:\/\/revolutionpadelstore.com\/it\/#\/schema\/logo\/image\/"},"sameAs":["https:\/\/www.instagram.com\/revolutionpadelstore\/"]}]}},"_links":{"self":[{"href":"https:\/\/revolutionpadelstore.com\/it\/wp-json\/wp\/v2\/product\/20324","targetHints":{"allow":["GET"]}}],"collection":[{"href":"https:\/\/revolutionpadelstore.com\/it\/wp-json\/wp\/v2\/product"}],"about":[{"href":"https:\/\/revolutionpadelstore.com\/it\/wp-json\/wp\/v2\/types\/product"}],"replies":[{"embeddable":true,"href":"https:\/\/revolutionpadelstore.com\/it\/wp-json\/wp\/v2\/comments?post=20324"}],"wp:featuredmedia":[{"embeddable":true,"href":"https:\/\/revolutionpadelstore.com\/it\/wp-json\/wp\/v2\/media\/52203"}],"wp:attachment":[{"href":"https:\/\/revolutionpadelstore.com\/it\/wp-json\/wp\/v2\/media?parent=20324"}],"wp:term":[{"taxonomy":"acabado","embeddable":true,"href":"https:\/\/revolutionpadelstore.com\/it\/wp-json\/wp\/v2\/acabado?post=20324"},{"taxonomy":"balance","embeddable":true,"href":"https:\/\/revolutionpadelstore.com\/it\/wp-json\/wp\/v2\/balance?post=20324"},{"taxonomy":"dureza","embeddable":true,"href":"https:\/\/revolutionpadelstore.com\/it\/wp-json\/wp\/v2\/dureza?post=20324"},{"taxonomy":"forma","embeddable":true,"href":"https:\/\/revolutionpadelstore.com\/it\/wp-json\/wp\/v2\/forma?post=20324"},{"taxonomy":"jugador","embeddable":true,"href":"https:\/\/revolutionpadelstore.com\/it\/wp-json\/wp\/v2\/jugador?post=20324"},{"taxonomy":"marca","embeddable":true,"href":"https:\/\/revolutionpadelstore.com\/it\/wp-json\/wp\/v2\/marca?post=20324"},{"taxonomy":"nivel-de-juego","embeddable":true,"href":"https:\/\/revolutionpadelstore.com\/it\/wp-json\/wp\/v2\/nivel-de-juego?post=20324"},{"taxonomy":"superficie","embeddable":true,"href":"https:\/\/revolutionpadelstore.com\/it\/wp-json\/wp\/v2\/superficie?post=20324"},{"taxonomy":"tipo-de-juego","embeddable":true,"href":"https:\/\/revolutionpadelstore.com\/it\/wp-json\/wp\/v2\/tipo-de-juego?post=20324"},{"taxonomy":"product_brand","embeddable":true,"href":"https:\/\/revolutionpadelstore.com\/it\/wp-json\/wp\/v2\/product_brand?post=20324"},{"taxonomy":"product_cat","embeddable":true,"href":"https:\/\/revolutionpadelstore.com\/it\/wp-json\/wp\/v2\/product_cat?post=20324"},{"taxonomy":"product_tag","embeddable":true,"href":"https:\/\/revolutionpadelstore.com\/it\/wp-json\/wp\/v2\/product_tag?post=20324"}],"curies":[{"name":"wp","href":"https:\/\/api.w.org\/{rel}","templated":true}]}}