{"id":20304,"date":"2024-03-21T14:31:49","date_gmt":"2024-03-21T13:31:49","guid":{"rendered":"https:\/\/revolutionpadelstore.com\/rs-padel-pro-edition-cayetano-rocafort\/"},"modified":"2026-04-08T14:56:25","modified_gmt":"2026-04-08T12:56:25","slug":"rs-padel-pro-edition-cayetano-rocafort-4","status":"publish","type":"product","link":"https:\/\/revolutionpadelstore.com\/it\/prodotto\/rs-padel-pro-edition-cayetano-rocafort-4\/","title":{"rendered":"RS PADEL PRO EDITION CAYETANO ROCAFORT"},"content":{"rendered":"<h2>Perch\u00e9 acquistare la racchetta da padel RS Padel Pro Edition Cayetano Rocafort?<\/h2>\n<p>\u00c8 una racchetta padel del 2022 con bilanciamento medio-alto. Ci\u00f2 garantisce la combinazione di colpi molto potenti con un grande controllo. Lo sweet spot \u00e8 di media ampiezza, per facilitare attacchi e ritorni pi\u00f9 complicati.<\/p>\n<h2>Per quale tipo di giocatore \u00e8 adatta la racchetta RS Padel Pro Edition Cayetano Rocafort?<\/h2>\n<p>\u00c8 per uomini adulti che giocano a padel a livello intermedio e avanzato, con necessit\u00e0 di una racchetta molto precisa e manovrabile.<\/p>\n<h2>Design e colori<\/h2>\n<p>Ha forma a goccia e foro di distribuzione quadrangolare. L&#8217;intera testa \u00e8 nera opaca, con un tono lucido per le montature. Sulla parte centrale di ciascuna faccia ha due lentiggini parallele delineate in tonalit\u00e0 dorata. Con lo stesso cromatismo, la firma di <strong>Cayetano Rocafort<\/strong> appare nella parte inferiore dei piani principali.<\/p>\n<h2>\u00bfPor qu\u00e9 comprar la pala de p\u00e1del RS Padel Pro Edition Cayetano Rocafort?<\/h2>\n","protected":false},"excerpt":{"rendered":"<p>La racchetta da padel RS Padel Pro Edition Cayetano Rocafort aiuta a sviluppare un gioco molto versatile. Ti permette di combinare perfettamente una grande potenza con un&#8217;enorme gestibilit\u00e0.<\/p>\n","protected":false},"featured_media":52130,"comment_status":"open","ping_status":"closed","template":"","meta":{"_acf_changed":false,"_joinchat":[]},"acabado":[1091],"balance":[1136,1141],"dureza":[1156],"forma":[1176],"jugador":[1201,1191],"marca":[1311],"nivel-de-juego":[1336],"superficie":[1361],"tipo-de-juego":[1386],"product_brand":[],"product_cat":[301],"product_tag":[],"class_list":{"0":"post-20304","1":"product","2":"type-product","3":"status-publish","4":"has-post-thumbnail","6":"acabado-relieve-3d-it","7":"balance-alto-it","8":"balance-medio-it","9":"dureza-media-it","10":"forma-ibrido","11":"jugador-multiuso","12":"jugador-uomo","13":"marca-rs-padel-it","14":"superficie-rugosa-it","15":"tipo-de-juego-multiuso","16":"product_cat-palas-de-padel-it","18":"first","19":"instock","20":"taxable","21":"shipping-taxable","22":"purchasable","23":"product-type-simple"},"acf":[],"yoast_head":"<!-- This site is optimized with the Yoast SEO plugin v27.4 - https:\/\/yoast.com\/product\/yoast-seo-wordpress\/ -->\n<title>RS PADEL PRO EDITION CAYETANO ROCAFORT - Revolution Padel Store<\/title>\n<meta name=\"description\" content=\"La pala de p\u00e1del RS Padel Pro Edition Cayetano Rocafort ayuda a desplegar un juego de mucha versatilidad. Permite combinar a la perfecci\u00f3n una gran potencia con una enorme manejabilidad.\" \/>\n<meta name=\"robots\" content=\"index, follow, max-snippet:-1, max-image-preview:large, max-video-preview:-1\" \/>\n<link rel=\"canonical\" href=\"https:\/\/revolutionpadelstore.com\/it\/prodotto\/rs-padel-pro-edition-cayetano-rocafort-4\/\" \/>\n<meta property=\"og:locale\" content=\"it_IT\" \/>\n<meta property=\"og:type\" content=\"article\" \/>\n<meta property=\"og:title\" content=\"RS PADEL PRO EDITION CAYETANO ROCAFORT - Revolution Padel Store\" \/>\n<meta property=\"og:description\" content=\"La pala de p\u00e1del RS Padel Pro Edition Cayetano Rocafort ayuda a desplegar un juego de mucha versatilidad. Permite combinar a la perfecci\u00f3n una gran potencia con una enorme manejabilidad.\" \/>\n<meta property=\"og:url\" content=\"https:\/\/revolutionpadelstore.com\/it\/prodotto\/rs-padel-pro-edition-cayetano-rocafort-4\/\" \/>\n<meta property=\"og:site_name\" content=\"Revolution Padel Store\" \/>\n<meta property=\"article:modified_time\" content=\"2026-04-08T12:56:25+00:00\" \/>\n<meta property=\"og:image\" content=\"https:\/\/revolutionpadelstore.com\/wp-content\/uploads\/2024\/03\/RS_PRO_EDITION_CAYETANO_ROCAFORT_91009_VISTA1_1000_1000_ec9b.webp\" \/>\n\t<meta property=\"og:image:width\" content=\"1000\" \/>\n\t<meta property=\"og:image:height\" content=\"1000\" \/>\n\t<meta property=\"og:image:type\" content=\"image\/webp\" \/>\n<meta name=\"twitter:card\" content=\"summary_large_image\" \/>\n<meta name=\"twitter:label1\" content=\"Tempo di lettura stimato\" \/>\n\t<meta name=\"twitter:data1\" content=\"1 minuto\" \/>\n<script type=\"application\/ld+json\" class=\"yoast-schema-graph\">{\"@context\":\"https:\\\/\\\/schema.org\",\"@graph\":[{\"@type\":\"WebPage\",\"@id\":\"https:\\\/\\\/revolutionpadelstore.com\\\/it\\\/prodotto\\\/rs-padel-pro-edition-cayetano-rocafort-4\\\/\",\"url\":\"https:\\\/\\\/revolutionpadelstore.com\\\/it\\\/prodotto\\\/rs-padel-pro-edition-cayetano-rocafort-4\\\/\",\"name\":\"RS PADEL PRO EDITION CAYETANO ROCAFORT - Revolution Padel Store\",\"isPartOf\":{\"@id\":\"https:\\\/\\\/revolutionpadelstore.com\\\/it\\\/#website\"},\"primaryImageOfPage\":{\"@id\":\"https:\\\/\\\/revolutionpadelstore.com\\\/it\\\/prodotto\\\/rs-padel-pro-edition-cayetano-rocafort-4\\\/#primaryimage\"},\"image\":{\"@id\":\"https:\\\/\\\/revolutionpadelstore.com\\\/it\\\/prodotto\\\/rs-padel-pro-edition-cayetano-rocafort-4\\\/#primaryimage\"},\"thumbnailUrl\":\"https:\\\/\\\/revolutionpadelstore.com\\\/wp-content\\\/uploads\\\/2024\\\/03\\\/RS_PRO_EDITION_CAYETANO_ROCAFORT_91009_VISTA1_1000_1000_ec9b.webp\",\"datePublished\":\"2024-03-21T13:31:49+00:00\",\"dateModified\":\"2026-04-08T12:56:25+00:00\",\"description\":\"La pala de p\u00e1del RS Padel Pro Edition Cayetano Rocafort ayuda a desplegar un juego de mucha versatilidad. Permite combinar a la perfecci\u00f3n una gran potencia con una enorme manejabilidad.\",\"breadcrumb\":{\"@id\":\"https:\\\/\\\/revolutionpadelstore.com\\\/it\\\/prodotto\\\/rs-padel-pro-edition-cayetano-rocafort-4\\\/#breadcrumb\"},\"inLanguage\":\"it-IT\",\"potentialAction\":[{\"@type\":\"ReadAction\",\"target\":[\"https:\\\/\\\/revolutionpadelstore.com\\\/it\\\/prodotto\\\/rs-padel-pro-edition-cayetano-rocafort-4\\\/\"]}]},{\"@type\":\"ImageObject\",\"inLanguage\":\"it-IT\",\"@id\":\"https:\\\/\\\/revolutionpadelstore.com\\\/it\\\/prodotto\\\/rs-padel-pro-edition-cayetano-rocafort-4\\\/#primaryimage\",\"url\":\"https:\\\/\\\/revolutionpadelstore.com\\\/wp-content\\\/uploads\\\/2024\\\/03\\\/RS_PRO_EDITION_CAYETANO_ROCAFORT_91009_VISTA1_1000_1000_ec9b.webp\",\"contentUrl\":\"https:\\\/\\\/revolutionpadelstore.com\\\/wp-content\\\/uploads\\\/2024\\\/03\\\/RS_PRO_EDITION_CAYETANO_ROCAFORT_91009_VISTA1_1000_1000_ec9b.webp\",\"width\":1000,\"height\":1000},{\"@type\":\"BreadcrumbList\",\"@id\":\"https:\\\/\\\/revolutionpadelstore.com\\\/it\\\/prodotto\\\/rs-padel-pro-edition-cayetano-rocafort-4\\\/#breadcrumb\",\"itemListElement\":[{\"@type\":\"ListItem\",\"position\":1,\"name\":\"Portada\",\"item\":\"https:\\\/\\\/revolutionpadelstore.com\\\/it\\\/\"},{\"@type\":\"ListItem\",\"position\":2,\"name\":\"Tienda\",\"item\":\"https:\\\/\\\/revolutionpadelstore.com\\\/it\\\/tienda\\\/\"},{\"@type\":\"ListItem\",\"position\":3,\"name\":\"RS PADEL PRO EDITION CAYETANO ROCAFORT\"}]},{\"@type\":\"WebSite\",\"@id\":\"https:\\\/\\\/revolutionpadelstore.com\\\/it\\\/#website\",\"url\":\"https:\\\/\\\/revolutionpadelstore.com\\\/it\\\/\",\"name\":\"Revolution Padel Store\",\"description\":\"\",\"publisher\":{\"@id\":\"https:\\\/\\\/revolutionpadelstore.com\\\/it\\\/#organization\"},\"potentialAction\":[{\"@type\":\"SearchAction\",\"target\":{\"@type\":\"EntryPoint\",\"urlTemplate\":\"https:\\\/\\\/revolutionpadelstore.com\\\/it\\\/?s={search_term_string}\"},\"query-input\":{\"@type\":\"PropertyValueSpecification\",\"valueRequired\":true,\"valueName\":\"search_term_string\"}}],\"inLanguage\":\"it-IT\"},{\"@type\":\"Organization\",\"@id\":\"https:\\\/\\\/revolutionpadelstore.com\\\/it\\\/#organization\",\"name\":\"Revolution Padel Store\",\"url\":\"https:\\\/\\\/revolutionpadelstore.com\\\/it\\\/\",\"logo\":{\"@type\":\"ImageObject\",\"inLanguage\":\"it-IT\",\"@id\":\"https:\\\/\\\/revolutionpadelstore.com\\\/it\\\/#\\\/schema\\\/logo\\\/image\\\/\",\"url\":\"https:\\\/\\\/revolutionpadelstore.com\\\/wp-content\\\/uploads\\\/2026\\\/02\\\/revolution-padel-store.jpg\",\"contentUrl\":\"https:\\\/\\\/revolutionpadelstore.com\\\/wp-content\\\/uploads\\\/2026\\\/02\\\/revolution-padel-store.jpg\",\"width\":2000,\"height\":2000,\"caption\":\"Revolution Padel Store\"},\"image\":{\"@id\":\"https:\\\/\\\/revolutionpadelstore.com\\\/it\\\/#\\\/schema\\\/logo\\\/image\\\/\"},\"sameAs\":[\"https:\\\/\\\/www.instagram.com\\\/revolutionpadelstore\\\/\"]}]}<\/script>\n<!-- \/ Yoast SEO plugin. -->","yoast_head_json":{"title":"RS PADEL PRO EDITION CAYETANO ROCAFORT - Revolution Padel Store","description":"La pala de p\u00e1del RS Padel Pro Edition Cayetano Rocafort ayuda a desplegar un juego de mucha versatilidad. Permite combinar a la perfecci\u00f3n una gran potencia con una enorme manejabilidad.","robots":{"index":"index","follow":"follow","max-snippet":"max-snippet:-1","max-image-preview":"max-image-preview:large","max-video-preview":"max-video-preview:-1"},"canonical":"https:\/\/revolutionpadelstore.com\/it\/prodotto\/rs-padel-pro-edition-cayetano-rocafort-4\/","og_locale":"it_IT","og_type":"article","og_title":"RS PADEL PRO EDITION CAYETANO ROCAFORT - Revolution Padel Store","og_description":"La pala de p\u00e1del RS Padel Pro Edition Cayetano Rocafort ayuda a desplegar un juego de mucha versatilidad. Permite combinar a la perfecci\u00f3n una gran potencia con una enorme manejabilidad.","og_url":"https:\/\/revolutionpadelstore.com\/it\/prodotto\/rs-padel-pro-edition-cayetano-rocafort-4\/","og_site_name":"Revolution Padel Store","article_modified_time":"2026-04-08T12:56:25+00:00","og_image":[{"width":1000,"height":1000,"url":"https:\/\/revolutionpadelstore.com\/wp-content\/uploads\/2024\/03\/RS_PRO_EDITION_CAYETANO_ROCAFORT_91009_VISTA1_1000_1000_ec9b.webp","type":"image\/webp"}],"twitter_card":"summary_large_image","twitter_misc":{"Tempo di lettura stimato":"1 minuto"},"schema":{"@context":"https:\/\/schema.org","@graph":[{"@type":"WebPage","@id":"https:\/\/revolutionpadelstore.com\/it\/prodotto\/rs-padel-pro-edition-cayetano-rocafort-4\/","url":"https:\/\/revolutionpadelstore.com\/it\/prodotto\/rs-padel-pro-edition-cayetano-rocafort-4\/","name":"RS PADEL PRO EDITION CAYETANO ROCAFORT - Revolution Padel Store","isPartOf":{"@id":"https:\/\/revolutionpadelstore.com\/it\/#website"},"primaryImageOfPage":{"@id":"https:\/\/revolutionpadelstore.com\/it\/prodotto\/rs-padel-pro-edition-cayetano-rocafort-4\/#primaryimage"},"image":{"@id":"https:\/\/revolutionpadelstore.com\/it\/prodotto\/rs-padel-pro-edition-cayetano-rocafort-4\/#primaryimage"},"thumbnailUrl":"https:\/\/revolutionpadelstore.com\/wp-content\/uploads\/2024\/03\/RS_PRO_EDITION_CAYETANO_ROCAFORT_91009_VISTA1_1000_1000_ec9b.webp","datePublished":"2024-03-21T13:31:49+00:00","dateModified":"2026-04-08T12:56:25+00:00","description":"La pala de p\u00e1del RS Padel Pro Edition Cayetano Rocafort ayuda a desplegar un juego de mucha versatilidad. Permite combinar a la perfecci\u00f3n una gran potencia con una enorme manejabilidad.","breadcrumb":{"@id":"https:\/\/revolutionpadelstore.com\/it\/prodotto\/rs-padel-pro-edition-cayetano-rocafort-4\/#breadcrumb"},"inLanguage":"it-IT","potentialAction":[{"@type":"ReadAction","target":["https:\/\/revolutionpadelstore.com\/it\/prodotto\/rs-padel-pro-edition-cayetano-rocafort-4\/"]}]},{"@type":"ImageObject","inLanguage":"it-IT","@id":"https:\/\/revolutionpadelstore.com\/it\/prodotto\/rs-padel-pro-edition-cayetano-rocafort-4\/#primaryimage","url":"https:\/\/revolutionpadelstore.com\/wp-content\/uploads\/2024\/03\/RS_PRO_EDITION_CAYETANO_ROCAFORT_91009_VISTA1_1000_1000_ec9b.webp","contentUrl":"https:\/\/revolutionpadelstore.com\/wp-content\/uploads\/2024\/03\/RS_PRO_EDITION_CAYETANO_ROCAFORT_91009_VISTA1_1000_1000_ec9b.webp","width":1000,"height":1000},{"@type":"BreadcrumbList","@id":"https:\/\/revolutionpadelstore.com\/it\/prodotto\/rs-padel-pro-edition-cayetano-rocafort-4\/#breadcrumb","itemListElement":[{"@type":"ListItem","position":1,"name":"Portada","item":"https:\/\/revolutionpadelstore.com\/it\/"},{"@type":"ListItem","position":2,"name":"Tienda","item":"https:\/\/revolutionpadelstore.com\/it\/tienda\/"},{"@type":"ListItem","position":3,"name":"RS PADEL PRO EDITION CAYETANO ROCAFORT"}]},{"@type":"WebSite","@id":"https:\/\/revolutionpadelstore.com\/it\/#website","url":"https:\/\/revolutionpadelstore.com\/it\/","name":"Revolution Padel Store","description":"","publisher":{"@id":"https:\/\/revolutionpadelstore.com\/it\/#organization"},"potentialAction":[{"@type":"SearchAction","target":{"@type":"EntryPoint","urlTemplate":"https:\/\/revolutionpadelstore.com\/it\/?s={search_term_string}"},"query-input":{"@type":"PropertyValueSpecification","valueRequired":true,"valueName":"search_term_string"}}],"inLanguage":"it-IT"},{"@type":"Organization","@id":"https:\/\/revolutionpadelstore.com\/it\/#organization","name":"Revolution Padel Store","url":"https:\/\/revolutionpadelstore.com\/it\/","logo":{"@type":"ImageObject","inLanguage":"it-IT","@id":"https:\/\/revolutionpadelstore.com\/it\/#\/schema\/logo\/image\/","url":"https:\/\/revolutionpadelstore.com\/wp-content\/uploads\/2026\/02\/revolution-padel-store.jpg","contentUrl":"https:\/\/revolutionpadelstore.com\/wp-content\/uploads\/2026\/02\/revolution-padel-store.jpg","width":2000,"height":2000,"caption":"Revolution Padel Store"},"image":{"@id":"https:\/\/revolutionpadelstore.com\/it\/#\/schema\/logo\/image\/"},"sameAs":["https:\/\/www.instagram.com\/revolutionpadelstore\/"]}]}},"_links":{"self":[{"href":"https:\/\/revolutionpadelstore.com\/it\/wp-json\/wp\/v2\/product\/20304","targetHints":{"allow":["GET"]}}],"collection":[{"href":"https:\/\/revolutionpadelstore.com\/it\/wp-json\/wp\/v2\/product"}],"about":[{"href":"https:\/\/revolutionpadelstore.com\/it\/wp-json\/wp\/v2\/types\/product"}],"replies":[{"embeddable":true,"href":"https:\/\/revolutionpadelstore.com\/it\/wp-json\/wp\/v2\/comments?post=20304"}],"wp:featuredmedia":[{"embeddable":true,"href":"https:\/\/revolutionpadelstore.com\/it\/wp-json\/wp\/v2\/media\/52130"}],"wp:attachment":[{"href":"https:\/\/revolutionpadelstore.com\/it\/wp-json\/wp\/v2\/media?parent=20304"}],"wp:term":[{"taxonomy":"acabado","embeddable":true,"href":"https:\/\/revolutionpadelstore.com\/it\/wp-json\/wp\/v2\/acabado?post=20304"},{"taxonomy":"balance","embeddable":true,"href":"https:\/\/revolutionpadelstore.com\/it\/wp-json\/wp\/v2\/balance?post=20304"},{"taxonomy":"dureza","embeddable":true,"href":"https:\/\/revolutionpadelstore.com\/it\/wp-json\/wp\/v2\/dureza?post=20304"},{"taxonomy":"forma","embeddable":true,"href":"https:\/\/revolutionpadelstore.com\/it\/wp-json\/wp\/v2\/forma?post=20304"},{"taxonomy":"jugador","embeddable":true,"href":"https:\/\/revolutionpadelstore.com\/it\/wp-json\/wp\/v2\/jugador?post=20304"},{"taxonomy":"marca","embeddable":true,"href":"https:\/\/revolutionpadelstore.com\/it\/wp-json\/wp\/v2\/marca?post=20304"},{"taxonomy":"nivel-de-juego","embeddable":true,"href":"https:\/\/revolutionpadelstore.com\/it\/wp-json\/wp\/v2\/nivel-de-juego?post=20304"},{"taxonomy":"superficie","embeddable":true,"href":"https:\/\/revolutionpadelstore.com\/it\/wp-json\/wp\/v2\/superficie?post=20304"},{"taxonomy":"tipo-de-juego","embeddable":true,"href":"https:\/\/revolutionpadelstore.com\/it\/wp-json\/wp\/v2\/tipo-de-juego?post=20304"},{"taxonomy":"product_brand","embeddable":true,"href":"https:\/\/revolutionpadelstore.com\/it\/wp-json\/wp\/v2\/product_brand?post=20304"},{"taxonomy":"product_cat","embeddable":true,"href":"https:\/\/revolutionpadelstore.com\/it\/wp-json\/wp\/v2\/product_cat?post=20304"},{"taxonomy":"product_tag","embeddable":true,"href":"https:\/\/revolutionpadelstore.com\/it\/wp-json\/wp\/v2\/product_tag?post=20304"}],"curies":[{"name":"wp","href":"https:\/\/api.w.org\/{rel}","templated":true}]}}