{"id":20284,"date":"2024-03-21T14:50:13","date_gmt":"2024-03-21T13:50:13","guid":{"rendered":"https:\/\/revolutionpadelstore.com\/rs-cobra-apex-edition-women-black\/"},"modified":"2026-04-08T14:53:24","modified_gmt":"2026-04-08T12:53:24","slug":"rs-cobra-apex-edition-women-black-4","status":"publish","type":"product","link":"https:\/\/revolutionpadelstore.com\/it\/prodotto\/rs-cobra-apex-edition-women-black-4\/","title":{"rendered":"RS COBRA APEX EDITION WOMEN BLACK"},"content":{"rendered":"<h2>Cosa offre la racchetta da padel da donna RS Cobra Apex Edition 91029?<\/h2>\n<p>La racchetta da padel da donna RS Cobra Apex Edition 91029, della marca Robin Soderling, offre grandi prestazioni, grazie alla leggerezza dei suoi materiali. Il design della lama fornisce un migliore equilibrio, che distribuisce il peso della lama verso l&#8217;impugnatura. Il vantaggio pi\u00f9 grande \u00e8 che offre al giocatore maggiore controllo e precisione in ogni tiro.<\/p>\n<h2>Per quale tipo di giocatore \u00e8 adatta la racchetta da padel da donna RS Cobra Apex Edition 91029?<\/h2>\n<p>La racchetta da padel da donna RS Cobra Apex Edition 91029 \u00e8 progettata per giocatrici di livello intermedio o avanzato. La sua manovrabilit\u00e0 lo rende adatto per un facile controllo dei colpi.<\/p>\n<h2>Design e colori<\/h2>\n<p>Il corpo della racchetta Cobra Apex Edition 91029 \u00e8 prevalentemente nero. Al centro del quadrante spicca il logo del marchio Robin Soderling in rosa tenue.<\/p>\n<h2>\u00bfQu\u00e9 ofrece la pala de p\u00e1del RS Cobra Apex Edition 91029 de mujer?<\/h2>\n","protected":false},"excerpt":{"rendered":"<p>La <strong>racchetta<\/strong> RS Cobra Apex Edition 91029 da donna, della marca Robin Soderling, ha una forma a goccia che offre manovrabilit\u00e0, grazie al suo design e alla combinazione di materiali.<\/p>\n","protected":false},"featured_media":3026,"comment_status":"open","ping_status":"closed","template":"","meta":{"_acf_changed":false,"_joinchat":[]},"acabado":[1096],"balance":[1146],"dureza":[1156],"forma":[1186],"jugador":[1196],"marca":[1311],"nivel-de-juego":[1336],"superficie":[1361],"tipo-de-juego":[1386],"product_brand":[],"product_cat":[301],"product_tag":[],"class_list":{"0":"post-20284","1":"product","2":"type-product","3":"status-publish","4":"has-post-thumbnail","6":"acabado-sabbioso","7":"balance-basso","8":"dureza-media-it","9":"forma-lagrima-it","10":"jugador-mujer-it","11":"marca-rs-padel-it","12":"superficie-rugosa-it","13":"tipo-de-juego-multiuso","14":"product_cat-palas-de-padel-it","16":"first","17":"instock","18":"taxable","19":"shipping-taxable","20":"purchasable","21":"product-type-simple"},"acf":[],"yoast_head":"<!-- This site is optimized with the Yoast SEO plugin v27.4 - https:\/\/yoast.com\/product\/yoast-seo-wordpress\/ -->\n<title>RS COBRA APEX EDITION WOMEN BLACK - Revolution Padel Store<\/title>\n<meta name=\"description\" content=\"La pala de p\u00e1del RS Cobra Apex Edition 91029 de mujer, de la marca Robin Soderling, tiene una forma en l\u00e1grima que ofrece manejabilidad, gracias su dise\u00f1o y combinaci\u00f3n de materiales.\" \/>\n<meta name=\"robots\" content=\"index, follow, max-snippet:-1, max-image-preview:large, max-video-preview:-1\" \/>\n<link rel=\"canonical\" href=\"https:\/\/revolutionpadelstore.com\/it\/prodotto\/rs-cobra-apex-edition-women-black-4\/\" \/>\n<meta property=\"og:locale\" content=\"it_IT\" \/>\n<meta property=\"og:type\" content=\"article\" \/>\n<meta property=\"og:title\" content=\"RS COBRA APEX EDITION WOMEN BLACK - Revolution Padel Store\" \/>\n<meta property=\"og:description\" content=\"La pala de p\u00e1del RS Cobra Apex Edition 91029 de mujer, de la marca Robin Soderling, tiene una forma en l\u00e1grima que ofrece manejabilidad, gracias su dise\u00f1o y combinaci\u00f3n de materiales.\" \/>\n<meta property=\"og:url\" content=\"https:\/\/revolutionpadelstore.com\/it\/prodotto\/rs-cobra-apex-edition-women-black-4\/\" \/>\n<meta property=\"og:site_name\" content=\"Revolution Padel Store\" \/>\n<meta property=\"article:modified_time\" content=\"2026-04-08T12:53:24+00:00\" \/>\n<meta property=\"og:image\" content=\"https:\/\/revolutionpadelstore.com\/wp-content\/uploads\/2024\/03\/RS_COBRA_APEX_EDITION_91029_MJR_VISTA1_1000_1000_9041.webp\" \/>\n\t<meta property=\"og:image:width\" content=\"1000\" \/>\n\t<meta property=\"og:image:height\" content=\"1000\" \/>\n\t<meta property=\"og:image:type\" content=\"image\/webp\" \/>\n<meta name=\"twitter:card\" content=\"summary_large_image\" \/>\n<meta name=\"twitter:label1\" content=\"Tempo di lettura stimato\" \/>\n\t<meta name=\"twitter:data1\" content=\"1 minuto\" \/>\n<script type=\"application\/ld+json\" class=\"yoast-schema-graph\">{\"@context\":\"https:\\\/\\\/schema.org\",\"@graph\":[{\"@type\":\"WebPage\",\"@id\":\"https:\\\/\\\/revolutionpadelstore.com\\\/it\\\/prodotto\\\/rs-cobra-apex-edition-women-black-4\\\/\",\"url\":\"https:\\\/\\\/revolutionpadelstore.com\\\/it\\\/prodotto\\\/rs-cobra-apex-edition-women-black-4\\\/\",\"name\":\"RS COBRA APEX EDITION WOMEN BLACK - Revolution Padel Store\",\"isPartOf\":{\"@id\":\"https:\\\/\\\/revolutionpadelstore.com\\\/it\\\/#website\"},\"primaryImageOfPage\":{\"@id\":\"https:\\\/\\\/revolutionpadelstore.com\\\/it\\\/prodotto\\\/rs-cobra-apex-edition-women-black-4\\\/#primaryimage\"},\"image\":{\"@id\":\"https:\\\/\\\/revolutionpadelstore.com\\\/it\\\/prodotto\\\/rs-cobra-apex-edition-women-black-4\\\/#primaryimage\"},\"thumbnailUrl\":\"https:\\\/\\\/revolutionpadelstore.com\\\/wp-content\\\/uploads\\\/2024\\\/03\\\/RS_COBRA_APEX_EDITION_91029_MJR_VISTA1_1000_1000_9041.webp\",\"datePublished\":\"2024-03-21T13:50:13+00:00\",\"dateModified\":\"2026-04-08T12:53:24+00:00\",\"description\":\"La pala de p\u00e1del RS Cobra Apex Edition 91029 de mujer, de la marca Robin Soderling, tiene una forma en l\u00e1grima que ofrece manejabilidad, gracias su dise\u00f1o y combinaci\u00f3n de materiales.\",\"breadcrumb\":{\"@id\":\"https:\\\/\\\/revolutionpadelstore.com\\\/it\\\/prodotto\\\/rs-cobra-apex-edition-women-black-4\\\/#breadcrumb\"},\"inLanguage\":\"it-IT\",\"potentialAction\":[{\"@type\":\"ReadAction\",\"target\":[\"https:\\\/\\\/revolutionpadelstore.com\\\/it\\\/prodotto\\\/rs-cobra-apex-edition-women-black-4\\\/\"]}]},{\"@type\":\"ImageObject\",\"inLanguage\":\"it-IT\",\"@id\":\"https:\\\/\\\/revolutionpadelstore.com\\\/it\\\/prodotto\\\/rs-cobra-apex-edition-women-black-4\\\/#primaryimage\",\"url\":\"https:\\\/\\\/revolutionpadelstore.com\\\/wp-content\\\/uploads\\\/2024\\\/03\\\/RS_COBRA_APEX_EDITION_91029_MJR_VISTA1_1000_1000_9041.webp\",\"contentUrl\":\"https:\\\/\\\/revolutionpadelstore.com\\\/wp-content\\\/uploads\\\/2024\\\/03\\\/RS_COBRA_APEX_EDITION_91029_MJR_VISTA1_1000_1000_9041.webp\",\"width\":1000,\"height\":1000,\"caption\":\"RS COBRA APEX EDITION WOMEN BLACK\"},{\"@type\":\"BreadcrumbList\",\"@id\":\"https:\\\/\\\/revolutionpadelstore.com\\\/it\\\/prodotto\\\/rs-cobra-apex-edition-women-black-4\\\/#breadcrumb\",\"itemListElement\":[{\"@type\":\"ListItem\",\"position\":1,\"name\":\"Portada\",\"item\":\"https:\\\/\\\/revolutionpadelstore.com\\\/it\\\/\"},{\"@type\":\"ListItem\",\"position\":2,\"name\":\"Tienda\",\"item\":\"https:\\\/\\\/revolutionpadelstore.com\\\/it\\\/tienda\\\/\"},{\"@type\":\"ListItem\",\"position\":3,\"name\":\"RS COBRA APEX EDITION WOMEN BLACK\"}]},{\"@type\":\"WebSite\",\"@id\":\"https:\\\/\\\/revolutionpadelstore.com\\\/it\\\/#website\",\"url\":\"https:\\\/\\\/revolutionpadelstore.com\\\/it\\\/\",\"name\":\"Revolution Padel Store\",\"description\":\"\",\"publisher\":{\"@id\":\"https:\\\/\\\/revolutionpadelstore.com\\\/it\\\/#organization\"},\"potentialAction\":[{\"@type\":\"SearchAction\",\"target\":{\"@type\":\"EntryPoint\",\"urlTemplate\":\"https:\\\/\\\/revolutionpadelstore.com\\\/it\\\/?s={search_term_string}\"},\"query-input\":{\"@type\":\"PropertyValueSpecification\",\"valueRequired\":true,\"valueName\":\"search_term_string\"}}],\"inLanguage\":\"it-IT\"},{\"@type\":\"Organization\",\"@id\":\"https:\\\/\\\/revolutionpadelstore.com\\\/it\\\/#organization\",\"name\":\"Revolution Padel Store\",\"url\":\"https:\\\/\\\/revolutionpadelstore.com\\\/it\\\/\",\"logo\":{\"@type\":\"ImageObject\",\"inLanguage\":\"it-IT\",\"@id\":\"https:\\\/\\\/revolutionpadelstore.com\\\/it\\\/#\\\/schema\\\/logo\\\/image\\\/\",\"url\":\"https:\\\/\\\/revolutionpadelstore.com\\\/wp-content\\\/uploads\\\/2026\\\/02\\\/revolution-padel-store.jpg\",\"contentUrl\":\"https:\\\/\\\/revolutionpadelstore.com\\\/wp-content\\\/uploads\\\/2026\\\/02\\\/revolution-padel-store.jpg\",\"width\":2000,\"height\":2000,\"caption\":\"Revolution Padel Store\"},\"image\":{\"@id\":\"https:\\\/\\\/revolutionpadelstore.com\\\/it\\\/#\\\/schema\\\/logo\\\/image\\\/\"},\"sameAs\":[\"https:\\\/\\\/www.instagram.com\\\/revolutionpadelstore\\\/\"]}]}<\/script>\n<!-- \/ Yoast SEO plugin. -->","yoast_head_json":{"title":"RS COBRA APEX EDITION WOMEN BLACK - Revolution Padel Store","description":"La pala de p\u00e1del RS Cobra Apex Edition 91029 de mujer, de la marca Robin Soderling, tiene una forma en l\u00e1grima que ofrece manejabilidad, gracias su dise\u00f1o y combinaci\u00f3n de materiales.","robots":{"index":"index","follow":"follow","max-snippet":"max-snippet:-1","max-image-preview":"max-image-preview:large","max-video-preview":"max-video-preview:-1"},"canonical":"https:\/\/revolutionpadelstore.com\/it\/prodotto\/rs-cobra-apex-edition-women-black-4\/","og_locale":"it_IT","og_type":"article","og_title":"RS COBRA APEX EDITION WOMEN BLACK - Revolution Padel Store","og_description":"La pala de p\u00e1del RS Cobra Apex Edition 91029 de mujer, de la marca Robin Soderling, tiene una forma en l\u00e1grima que ofrece manejabilidad, gracias su dise\u00f1o y combinaci\u00f3n de materiales.","og_url":"https:\/\/revolutionpadelstore.com\/it\/prodotto\/rs-cobra-apex-edition-women-black-4\/","og_site_name":"Revolution Padel Store","article_modified_time":"2026-04-08T12:53:24+00:00","og_image":[{"width":1000,"height":1000,"url":"https:\/\/revolutionpadelstore.com\/wp-content\/uploads\/2024\/03\/RS_COBRA_APEX_EDITION_91029_MJR_VISTA1_1000_1000_9041.webp","type":"image\/webp"}],"twitter_card":"summary_large_image","twitter_misc":{"Tempo di lettura stimato":"1 minuto"},"schema":{"@context":"https:\/\/schema.org","@graph":[{"@type":"WebPage","@id":"https:\/\/revolutionpadelstore.com\/it\/prodotto\/rs-cobra-apex-edition-women-black-4\/","url":"https:\/\/revolutionpadelstore.com\/it\/prodotto\/rs-cobra-apex-edition-women-black-4\/","name":"RS COBRA APEX EDITION WOMEN BLACK - Revolution Padel Store","isPartOf":{"@id":"https:\/\/revolutionpadelstore.com\/it\/#website"},"primaryImageOfPage":{"@id":"https:\/\/revolutionpadelstore.com\/it\/prodotto\/rs-cobra-apex-edition-women-black-4\/#primaryimage"},"image":{"@id":"https:\/\/revolutionpadelstore.com\/it\/prodotto\/rs-cobra-apex-edition-women-black-4\/#primaryimage"},"thumbnailUrl":"https:\/\/revolutionpadelstore.com\/wp-content\/uploads\/2024\/03\/RS_COBRA_APEX_EDITION_91029_MJR_VISTA1_1000_1000_9041.webp","datePublished":"2024-03-21T13:50:13+00:00","dateModified":"2026-04-08T12:53:24+00:00","description":"La pala de p\u00e1del RS Cobra Apex Edition 91029 de mujer, de la marca Robin Soderling, tiene una forma en l\u00e1grima que ofrece manejabilidad, gracias su dise\u00f1o y combinaci\u00f3n de materiales.","breadcrumb":{"@id":"https:\/\/revolutionpadelstore.com\/it\/prodotto\/rs-cobra-apex-edition-women-black-4\/#breadcrumb"},"inLanguage":"it-IT","potentialAction":[{"@type":"ReadAction","target":["https:\/\/revolutionpadelstore.com\/it\/prodotto\/rs-cobra-apex-edition-women-black-4\/"]}]},{"@type":"ImageObject","inLanguage":"it-IT","@id":"https:\/\/revolutionpadelstore.com\/it\/prodotto\/rs-cobra-apex-edition-women-black-4\/#primaryimage","url":"https:\/\/revolutionpadelstore.com\/wp-content\/uploads\/2024\/03\/RS_COBRA_APEX_EDITION_91029_MJR_VISTA1_1000_1000_9041.webp","contentUrl":"https:\/\/revolutionpadelstore.com\/wp-content\/uploads\/2024\/03\/RS_COBRA_APEX_EDITION_91029_MJR_VISTA1_1000_1000_9041.webp","width":1000,"height":1000,"caption":"RS COBRA APEX EDITION WOMEN BLACK"},{"@type":"BreadcrumbList","@id":"https:\/\/revolutionpadelstore.com\/it\/prodotto\/rs-cobra-apex-edition-women-black-4\/#breadcrumb","itemListElement":[{"@type":"ListItem","position":1,"name":"Portada","item":"https:\/\/revolutionpadelstore.com\/it\/"},{"@type":"ListItem","position":2,"name":"Tienda","item":"https:\/\/revolutionpadelstore.com\/it\/tienda\/"},{"@type":"ListItem","position":3,"name":"RS COBRA APEX EDITION WOMEN BLACK"}]},{"@type":"WebSite","@id":"https:\/\/revolutionpadelstore.com\/it\/#website","url":"https:\/\/revolutionpadelstore.com\/it\/","name":"Revolution Padel Store","description":"","publisher":{"@id":"https:\/\/revolutionpadelstore.com\/it\/#organization"},"potentialAction":[{"@type":"SearchAction","target":{"@type":"EntryPoint","urlTemplate":"https:\/\/revolutionpadelstore.com\/it\/?s={search_term_string}"},"query-input":{"@type":"PropertyValueSpecification","valueRequired":true,"valueName":"search_term_string"}}],"inLanguage":"it-IT"},{"@type":"Organization","@id":"https:\/\/revolutionpadelstore.com\/it\/#organization","name":"Revolution Padel Store","url":"https:\/\/revolutionpadelstore.com\/it\/","logo":{"@type":"ImageObject","inLanguage":"it-IT","@id":"https:\/\/revolutionpadelstore.com\/it\/#\/schema\/logo\/image\/","url":"https:\/\/revolutionpadelstore.com\/wp-content\/uploads\/2026\/02\/revolution-padel-store.jpg","contentUrl":"https:\/\/revolutionpadelstore.com\/wp-content\/uploads\/2026\/02\/revolution-padel-store.jpg","width":2000,"height":2000,"caption":"Revolution Padel Store"},"image":{"@id":"https:\/\/revolutionpadelstore.com\/it\/#\/schema\/logo\/image\/"},"sameAs":["https:\/\/www.instagram.com\/revolutionpadelstore\/"]}]}},"_links":{"self":[{"href":"https:\/\/revolutionpadelstore.com\/it\/wp-json\/wp\/v2\/product\/20284","targetHints":{"allow":["GET"]}}],"collection":[{"href":"https:\/\/revolutionpadelstore.com\/it\/wp-json\/wp\/v2\/product"}],"about":[{"href":"https:\/\/revolutionpadelstore.com\/it\/wp-json\/wp\/v2\/types\/product"}],"replies":[{"embeddable":true,"href":"https:\/\/revolutionpadelstore.com\/it\/wp-json\/wp\/v2\/comments?post=20284"}],"wp:featuredmedia":[{"embeddable":true,"href":"https:\/\/revolutionpadelstore.com\/it\/wp-json\/wp\/v2\/media\/3026"}],"wp:attachment":[{"href":"https:\/\/revolutionpadelstore.com\/it\/wp-json\/wp\/v2\/media?parent=20284"}],"wp:term":[{"taxonomy":"acabado","embeddable":true,"href":"https:\/\/revolutionpadelstore.com\/it\/wp-json\/wp\/v2\/acabado?post=20284"},{"taxonomy":"balance","embeddable":true,"href":"https:\/\/revolutionpadelstore.com\/it\/wp-json\/wp\/v2\/balance?post=20284"},{"taxonomy":"dureza","embeddable":true,"href":"https:\/\/revolutionpadelstore.com\/it\/wp-json\/wp\/v2\/dureza?post=20284"},{"taxonomy":"forma","embeddable":true,"href":"https:\/\/revolutionpadelstore.com\/it\/wp-json\/wp\/v2\/forma?post=20284"},{"taxonomy":"jugador","embeddable":true,"href":"https:\/\/revolutionpadelstore.com\/it\/wp-json\/wp\/v2\/jugador?post=20284"},{"taxonomy":"marca","embeddable":true,"href":"https:\/\/revolutionpadelstore.com\/it\/wp-json\/wp\/v2\/marca?post=20284"},{"taxonomy":"nivel-de-juego","embeddable":true,"href":"https:\/\/revolutionpadelstore.com\/it\/wp-json\/wp\/v2\/nivel-de-juego?post=20284"},{"taxonomy":"superficie","embeddable":true,"href":"https:\/\/revolutionpadelstore.com\/it\/wp-json\/wp\/v2\/superficie?post=20284"},{"taxonomy":"tipo-de-juego","embeddable":true,"href":"https:\/\/revolutionpadelstore.com\/it\/wp-json\/wp\/v2\/tipo-de-juego?post=20284"},{"taxonomy":"product_brand","embeddable":true,"href":"https:\/\/revolutionpadelstore.com\/it\/wp-json\/wp\/v2\/product_brand?post=20284"},{"taxonomy":"product_cat","embeddable":true,"href":"https:\/\/revolutionpadelstore.com\/it\/wp-json\/wp\/v2\/product_cat?post=20284"},{"taxonomy":"product_tag","embeddable":true,"href":"https:\/\/revolutionpadelstore.com\/it\/wp-json\/wp\/v2\/product_tag?post=20284"}],"curies":[{"name":"wp","href":"https:\/\/api.w.org\/{rel}","templated":true}]}}