{"id":20254,"date":"2024-03-21T15:12:38","date_gmt":"2024-03-21T14:12:38","guid":{"rendered":"https:\/\/revolutionpadelstore.com\/siux-fenix-lite-4\/"},"modified":"2026-04-08T14:51:30","modified_gmt":"2026-04-08T12:51:30","slug":"siux-fenix-lite-4-4","status":"publish","type":"product","link":"https:\/\/revolutionpadelstore.com\/it\/prodotto\/siux-fenix-lite-4-4\/","title":{"rendered":"SIUX FENIX LITE 4"},"content":{"rendered":"<h2>Siux Fenix \u200b\u200b\u200b\u200bIV Lite, attacchi letali<\/h2>\n<p>Progettata per giocatori di padel di livello avanzato o professionale, la Siux Fenix \u200b\u200b\u200b\u200bIV Lite \u00e8 la racchetta hard-touch ideale se stai cercando colpi potenti e giochi offensivi aggressivi.<\/p>\n<p>Presenta una <strong>forma a diamante con un bilanciamento elevato<\/strong>, quindi puoi godere di un&#8217;enorme potenza avendo un punto di impatto pi\u00f9 alto che consente un migliore controllo in colpi come smash o finiture. Colpirai con alta efficacia in rete.<\/p>\n<p>Inoltre, grazie al suo peso, che varia tra <strong>355 e 375 grammi<\/strong>, godrai di grande libert\u00e0 di movimento, leggerezza e agilit\u00e0 negli spostamenti in campo.<\/p>\n<h2>Elasticit\u00e0 e versatilit\u00e0<\/h2>\n<p>Se ci concentriamo sulla sua composizione, vale la pena evidenziare il carbonio 3K Twill delle pialle, poich\u00e9 \u00e8 una fibra dura e resistente che non si flette eccessivamente e richiede meno sforzo per recuperare la sua forma originale dopo l&#8217;impatto, prolungandone la vita utile della pala. Il<strong>tessuto Twill<\/strong>\u00e8 composto da fili incrociati diagonalmente, che consentono una posizione pi\u00f9 aperta e una maggiore elasticit\u00e0.<\/p>\n<p>Allo stesso modo, la superficie ha una finitura opaca e un rilievo 3D, il che significa che la palla potr\u00e0 afferrare meglio e girare pi\u00f9 velocemente per ottenere una maggiore rotazione.<\/p>\n<p>Il telaio, dal canto suo, \u00e8 realizzato in <strong>carbonio 3K<\/strong>, che offre grande controllo e precisione nei colpi. Mentre, nel nucleo, incorpora la <strong>gomma EVA Hard<\/strong>, una schiuma densa e dura che genera potenza e assorbe in modo ottimale le vibrazioni degli impatti. Fornisce inoltre maggiore versatilit\u00e0 e stabilit\u00e0.<\/p>\n<h3>Protezione ottimale delle articolazioni<\/h3>\n<p>Come dettagli aggiuntivi possiamo menzionare le tecnologie <strong><em>Dual Pro Grip<\/em><\/strong> e gli <strong><em>Shockout Dampeners<\/em><\/strong>. Il primo \u00e8 costituito da un&#8217;impugnatura composta da gomma FOAM, che favorisce una presa pi\u00f9 comoda, salda e naturale, e il secondo \u00e8 un sistema antivibrazione che migliora le sensazioni generali, fornendo comfort e protezione al giocatore.<\/p>\n<h2>Siux Fenix IV Lite, ataques letales<\/h2>\n","protected":false},"excerpt":{"rendered":"<p>Racchetta Siux Fenix \u200b\u200b\u200b\u200bIV Lite, dalla forma a diamante e dall&#8217;equilibrio elevato, ideale per giocatori di padel di livello avanzato o professionale. Nucleo in gomma EVA dura, facce in carbonio Twill 3K e telaio in carbonio 3K.<\/p>\n","protected":false},"featured_media":266484,"comment_status":"open","ping_status":"closed","template":"","meta":{"_acf_changed":false,"_joinchat":[]},"acabado":[1086,1091],"balance":[1136],"dureza":[1156],"forma":[],"jugador":[1201,1191],"marca":[1306],"nivel-de-juego":[1336],"superficie":[1361],"tipo-de-juego":[1376],"product_brand":[],"product_cat":[301],"product_tag":[],"class_list":{"0":"post-20254","1":"product","2":"type-product","3":"status-publish","4":"has-post-thumbnail","6":"acabado-amico","7":"acabado-relieve-3d-it","8":"balance-alto-it","9":"dureza-media-it","10":"jugador-multiuso","11":"jugador-uomo","12":"marca-siux-it","13":"superficie-rugosa-it","14":"tipo-de-juego-potenza","15":"product_cat-palas-de-padel-it","17":"first","18":"onbackorder","19":"taxable","20":"shipping-taxable","21":"purchasable","22":"product-type-simple"},"acf":[],"yoast_head":"<!-- This site is optimized with the Yoast SEO plugin v27.4 - https:\/\/yoast.com\/product\/yoast-seo-wordpress\/ -->\n<title>SIUX FENIX LITE 4 - Revolution Padel Store<\/title>\n<meta name=\"description\" content=\"Pala Siux Fenix IV Lite, con forma de diamante y balance alto, ideal para jugadoras de p\u00e1del de nivel avanzado o profesional. N\u00facleo de goma EVA Hard, caras de carbono 3K Twill y marco de carbono 3K.\" \/>\n<meta name=\"robots\" content=\"index, follow, max-snippet:-1, max-image-preview:large, max-video-preview:-1\" \/>\n<link rel=\"canonical\" href=\"https:\/\/revolutionpadelstore.com\/it\/prodotto\/siux-fenix-lite-4-4\/\" \/>\n<meta property=\"og:locale\" content=\"it_IT\" \/>\n<meta property=\"og:type\" content=\"article\" \/>\n<meta property=\"og:title\" content=\"SIUX FENIX LITE 4 - Revolution Padel Store\" \/>\n<meta property=\"og:description\" content=\"Pala Siux Fenix IV Lite, con forma de diamante y balance alto, ideal para jugadoras de p\u00e1del de nivel avanzado o profesional. N\u00facleo de goma EVA Hard, caras de carbono 3K Twill y marco de carbono 3K.\" \/>\n<meta property=\"og:url\" content=\"https:\/\/revolutionpadelstore.com\/it\/prodotto\/siux-fenix-lite-4-4\/\" \/>\n<meta property=\"og:site_name\" content=\"Revolution Padel Store\" \/>\n<meta property=\"article:modified_time\" content=\"2026-04-08T12:51:30+00:00\" \/>\n<meta property=\"og:image\" content=\"https:\/\/revolutionpadelstore.com\/wp-content\/uploads\/2024\/03\/raquete-padel-siux-fenix-lite-4-2024_35e5bd108b7c4c51ae7d145cda3be427_2976000211.jpg\" \/>\n\t<meta property=\"og:image:width\" content=\"1500\" \/>\n\t<meta property=\"og:image:height\" content=\"1500\" \/>\n\t<meta property=\"og:image:type\" content=\"image\/jpeg\" \/>\n<meta name=\"twitter:card\" content=\"summary_large_image\" \/>\n<meta name=\"twitter:label1\" content=\"Tempo di lettura stimato\" \/>\n\t<meta name=\"twitter:data1\" content=\"2 minuti\" \/>\n<script type=\"application\/ld+json\" class=\"yoast-schema-graph\">{\"@context\":\"https:\\\/\\\/schema.org\",\"@graph\":[{\"@type\":\"WebPage\",\"@id\":\"https:\\\/\\\/revolutionpadelstore.com\\\/it\\\/prodotto\\\/siux-fenix-lite-4-4\\\/\",\"url\":\"https:\\\/\\\/revolutionpadelstore.com\\\/it\\\/prodotto\\\/siux-fenix-lite-4-4\\\/\",\"name\":\"SIUX FENIX LITE 4 - Revolution Padel Store\",\"isPartOf\":{\"@id\":\"https:\\\/\\\/revolutionpadelstore.com\\\/it\\\/#website\"},\"primaryImageOfPage\":{\"@id\":\"https:\\\/\\\/revolutionpadelstore.com\\\/it\\\/prodotto\\\/siux-fenix-lite-4-4\\\/#primaryimage\"},\"image\":{\"@id\":\"https:\\\/\\\/revolutionpadelstore.com\\\/it\\\/prodotto\\\/siux-fenix-lite-4-4\\\/#primaryimage\"},\"thumbnailUrl\":\"https:\\\/\\\/revolutionpadelstore.com\\\/wp-content\\\/uploads\\\/2024\\\/03\\\/raquete-padel-siux-fenix-lite-4-2024_35e5bd108b7c4c51ae7d145cda3be427_2976000211.jpg\",\"datePublished\":\"2024-03-21T14:12:38+00:00\",\"dateModified\":\"2026-04-08T12:51:30+00:00\",\"description\":\"Pala Siux Fenix IV Lite, con forma de diamante y balance alto, ideal para jugadoras de p\u00e1del de nivel avanzado o profesional. N\u00facleo de goma EVA Hard, caras de carbono 3K Twill y marco de carbono 3K.\",\"breadcrumb\":{\"@id\":\"https:\\\/\\\/revolutionpadelstore.com\\\/it\\\/prodotto\\\/siux-fenix-lite-4-4\\\/#breadcrumb\"},\"inLanguage\":\"it-IT\",\"potentialAction\":[{\"@type\":\"ReadAction\",\"target\":[\"https:\\\/\\\/revolutionpadelstore.com\\\/it\\\/prodotto\\\/siux-fenix-lite-4-4\\\/\"]}]},{\"@type\":\"ImageObject\",\"inLanguage\":\"it-IT\",\"@id\":\"https:\\\/\\\/revolutionpadelstore.com\\\/it\\\/prodotto\\\/siux-fenix-lite-4-4\\\/#primaryimage\",\"url\":\"https:\\\/\\\/revolutionpadelstore.com\\\/wp-content\\\/uploads\\\/2024\\\/03\\\/raquete-padel-siux-fenix-lite-4-2024_35e5bd108b7c4c51ae7d145cda3be427_2976000211.jpg\",\"contentUrl\":\"https:\\\/\\\/revolutionpadelstore.com\\\/wp-content\\\/uploads\\\/2024\\\/03\\\/raquete-padel-siux-fenix-lite-4-2024_35e5bd108b7c4c51ae7d145cda3be427_2976000211.jpg\",\"width\":1500,\"height\":1500},{\"@type\":\"BreadcrumbList\",\"@id\":\"https:\\\/\\\/revolutionpadelstore.com\\\/it\\\/prodotto\\\/siux-fenix-lite-4-4\\\/#breadcrumb\",\"itemListElement\":[{\"@type\":\"ListItem\",\"position\":1,\"name\":\"Portada\",\"item\":\"https:\\\/\\\/revolutionpadelstore.com\\\/it\\\/\"},{\"@type\":\"ListItem\",\"position\":2,\"name\":\"Tienda\",\"item\":\"https:\\\/\\\/revolutionpadelstore.com\\\/it\\\/tienda\\\/\"},{\"@type\":\"ListItem\",\"position\":3,\"name\":\"SIUX FENIX LITE 4\"}]},{\"@type\":\"WebSite\",\"@id\":\"https:\\\/\\\/revolutionpadelstore.com\\\/it\\\/#website\",\"url\":\"https:\\\/\\\/revolutionpadelstore.com\\\/it\\\/\",\"name\":\"Revolution Padel Store\",\"description\":\"\",\"publisher\":{\"@id\":\"https:\\\/\\\/revolutionpadelstore.com\\\/it\\\/#organization\"},\"potentialAction\":[{\"@type\":\"SearchAction\",\"target\":{\"@type\":\"EntryPoint\",\"urlTemplate\":\"https:\\\/\\\/revolutionpadelstore.com\\\/it\\\/?s={search_term_string}\"},\"query-input\":{\"@type\":\"PropertyValueSpecification\",\"valueRequired\":true,\"valueName\":\"search_term_string\"}}],\"inLanguage\":\"it-IT\"},{\"@type\":\"Organization\",\"@id\":\"https:\\\/\\\/revolutionpadelstore.com\\\/it\\\/#organization\",\"name\":\"Revolution Padel Store\",\"url\":\"https:\\\/\\\/revolutionpadelstore.com\\\/it\\\/\",\"logo\":{\"@type\":\"ImageObject\",\"inLanguage\":\"it-IT\",\"@id\":\"https:\\\/\\\/revolutionpadelstore.com\\\/it\\\/#\\\/schema\\\/logo\\\/image\\\/\",\"url\":\"https:\\\/\\\/revolutionpadelstore.com\\\/wp-content\\\/uploads\\\/2026\\\/02\\\/revolution-padel-store.jpg\",\"contentUrl\":\"https:\\\/\\\/revolutionpadelstore.com\\\/wp-content\\\/uploads\\\/2026\\\/02\\\/revolution-padel-store.jpg\",\"width\":2000,\"height\":2000,\"caption\":\"Revolution Padel Store\"},\"image\":{\"@id\":\"https:\\\/\\\/revolutionpadelstore.com\\\/it\\\/#\\\/schema\\\/logo\\\/image\\\/\"},\"sameAs\":[\"https:\\\/\\\/www.instagram.com\\\/revolutionpadelstore\\\/\"]}]}<\/script>\n<!-- \/ Yoast SEO plugin. -->","yoast_head_json":{"title":"SIUX FENIX LITE 4 - Revolution Padel Store","description":"Pala Siux Fenix IV Lite, con forma de diamante y balance alto, ideal para jugadoras de p\u00e1del de nivel avanzado o profesional. N\u00facleo de goma EVA Hard, caras de carbono 3K Twill y marco de carbono 3K.","robots":{"index":"index","follow":"follow","max-snippet":"max-snippet:-1","max-image-preview":"max-image-preview:large","max-video-preview":"max-video-preview:-1"},"canonical":"https:\/\/revolutionpadelstore.com\/it\/prodotto\/siux-fenix-lite-4-4\/","og_locale":"it_IT","og_type":"article","og_title":"SIUX FENIX LITE 4 - Revolution Padel Store","og_description":"Pala Siux Fenix IV Lite, con forma de diamante y balance alto, ideal para jugadoras de p\u00e1del de nivel avanzado o profesional. N\u00facleo de goma EVA Hard, caras de carbono 3K Twill y marco de carbono 3K.","og_url":"https:\/\/revolutionpadelstore.com\/it\/prodotto\/siux-fenix-lite-4-4\/","og_site_name":"Revolution Padel Store","article_modified_time":"2026-04-08T12:51:30+00:00","og_image":[{"width":1500,"height":1500,"url":"https:\/\/revolutionpadelstore.com\/wp-content\/uploads\/2024\/03\/raquete-padel-siux-fenix-lite-4-2024_35e5bd108b7c4c51ae7d145cda3be427_2976000211.jpg","type":"image\/jpeg"}],"twitter_card":"summary_large_image","twitter_misc":{"Tempo di lettura stimato":"2 minuti"},"schema":{"@context":"https:\/\/schema.org","@graph":[{"@type":"WebPage","@id":"https:\/\/revolutionpadelstore.com\/it\/prodotto\/siux-fenix-lite-4-4\/","url":"https:\/\/revolutionpadelstore.com\/it\/prodotto\/siux-fenix-lite-4-4\/","name":"SIUX FENIX LITE 4 - Revolution Padel Store","isPartOf":{"@id":"https:\/\/revolutionpadelstore.com\/it\/#website"},"primaryImageOfPage":{"@id":"https:\/\/revolutionpadelstore.com\/it\/prodotto\/siux-fenix-lite-4-4\/#primaryimage"},"image":{"@id":"https:\/\/revolutionpadelstore.com\/it\/prodotto\/siux-fenix-lite-4-4\/#primaryimage"},"thumbnailUrl":"https:\/\/revolutionpadelstore.com\/wp-content\/uploads\/2024\/03\/raquete-padel-siux-fenix-lite-4-2024_35e5bd108b7c4c51ae7d145cda3be427_2976000211.jpg","datePublished":"2024-03-21T14:12:38+00:00","dateModified":"2026-04-08T12:51:30+00:00","description":"Pala Siux Fenix IV Lite, con forma de diamante y balance alto, ideal para jugadoras de p\u00e1del de nivel avanzado o profesional. N\u00facleo de goma EVA Hard, caras de carbono 3K Twill y marco de carbono 3K.","breadcrumb":{"@id":"https:\/\/revolutionpadelstore.com\/it\/prodotto\/siux-fenix-lite-4-4\/#breadcrumb"},"inLanguage":"it-IT","potentialAction":[{"@type":"ReadAction","target":["https:\/\/revolutionpadelstore.com\/it\/prodotto\/siux-fenix-lite-4-4\/"]}]},{"@type":"ImageObject","inLanguage":"it-IT","@id":"https:\/\/revolutionpadelstore.com\/it\/prodotto\/siux-fenix-lite-4-4\/#primaryimage","url":"https:\/\/revolutionpadelstore.com\/wp-content\/uploads\/2024\/03\/raquete-padel-siux-fenix-lite-4-2024_35e5bd108b7c4c51ae7d145cda3be427_2976000211.jpg","contentUrl":"https:\/\/revolutionpadelstore.com\/wp-content\/uploads\/2024\/03\/raquete-padel-siux-fenix-lite-4-2024_35e5bd108b7c4c51ae7d145cda3be427_2976000211.jpg","width":1500,"height":1500},{"@type":"BreadcrumbList","@id":"https:\/\/revolutionpadelstore.com\/it\/prodotto\/siux-fenix-lite-4-4\/#breadcrumb","itemListElement":[{"@type":"ListItem","position":1,"name":"Portada","item":"https:\/\/revolutionpadelstore.com\/it\/"},{"@type":"ListItem","position":2,"name":"Tienda","item":"https:\/\/revolutionpadelstore.com\/it\/tienda\/"},{"@type":"ListItem","position":3,"name":"SIUX FENIX LITE 4"}]},{"@type":"WebSite","@id":"https:\/\/revolutionpadelstore.com\/it\/#website","url":"https:\/\/revolutionpadelstore.com\/it\/","name":"Revolution Padel Store","description":"","publisher":{"@id":"https:\/\/revolutionpadelstore.com\/it\/#organization"},"potentialAction":[{"@type":"SearchAction","target":{"@type":"EntryPoint","urlTemplate":"https:\/\/revolutionpadelstore.com\/it\/?s={search_term_string}"},"query-input":{"@type":"PropertyValueSpecification","valueRequired":true,"valueName":"search_term_string"}}],"inLanguage":"it-IT"},{"@type":"Organization","@id":"https:\/\/revolutionpadelstore.com\/it\/#organization","name":"Revolution Padel Store","url":"https:\/\/revolutionpadelstore.com\/it\/","logo":{"@type":"ImageObject","inLanguage":"it-IT","@id":"https:\/\/revolutionpadelstore.com\/it\/#\/schema\/logo\/image\/","url":"https:\/\/revolutionpadelstore.com\/wp-content\/uploads\/2026\/02\/revolution-padel-store.jpg","contentUrl":"https:\/\/revolutionpadelstore.com\/wp-content\/uploads\/2026\/02\/revolution-padel-store.jpg","width":2000,"height":2000,"caption":"Revolution Padel Store"},"image":{"@id":"https:\/\/revolutionpadelstore.com\/it\/#\/schema\/logo\/image\/"},"sameAs":["https:\/\/www.instagram.com\/revolutionpadelstore\/"]}]}},"_links":{"self":[{"href":"https:\/\/revolutionpadelstore.com\/it\/wp-json\/wp\/v2\/product\/20254","targetHints":{"allow":["GET"]}}],"collection":[{"href":"https:\/\/revolutionpadelstore.com\/it\/wp-json\/wp\/v2\/product"}],"about":[{"href":"https:\/\/revolutionpadelstore.com\/it\/wp-json\/wp\/v2\/types\/product"}],"replies":[{"embeddable":true,"href":"https:\/\/revolutionpadelstore.com\/it\/wp-json\/wp\/v2\/comments?post=20254"}],"wp:featuredmedia":[{"embeddable":true,"href":"https:\/\/revolutionpadelstore.com\/it\/wp-json\/wp\/v2\/media\/266484"}],"wp:attachment":[{"href":"https:\/\/revolutionpadelstore.com\/it\/wp-json\/wp\/v2\/media?parent=20254"}],"wp:term":[{"taxonomy":"acabado","embeddable":true,"href":"https:\/\/revolutionpadelstore.com\/it\/wp-json\/wp\/v2\/acabado?post=20254"},{"taxonomy":"balance","embeddable":true,"href":"https:\/\/revolutionpadelstore.com\/it\/wp-json\/wp\/v2\/balance?post=20254"},{"taxonomy":"dureza","embeddable":true,"href":"https:\/\/revolutionpadelstore.com\/it\/wp-json\/wp\/v2\/dureza?post=20254"},{"taxonomy":"forma","embeddable":true,"href":"https:\/\/revolutionpadelstore.com\/it\/wp-json\/wp\/v2\/forma?post=20254"},{"taxonomy":"jugador","embeddable":true,"href":"https:\/\/revolutionpadelstore.com\/it\/wp-json\/wp\/v2\/jugador?post=20254"},{"taxonomy":"marca","embeddable":true,"href":"https:\/\/revolutionpadelstore.com\/it\/wp-json\/wp\/v2\/marca?post=20254"},{"taxonomy":"nivel-de-juego","embeddable":true,"href":"https:\/\/revolutionpadelstore.com\/it\/wp-json\/wp\/v2\/nivel-de-juego?post=20254"},{"taxonomy":"superficie","embeddable":true,"href":"https:\/\/revolutionpadelstore.com\/it\/wp-json\/wp\/v2\/superficie?post=20254"},{"taxonomy":"tipo-de-juego","embeddable":true,"href":"https:\/\/revolutionpadelstore.com\/it\/wp-json\/wp\/v2\/tipo-de-juego?post=20254"},{"taxonomy":"product_brand","embeddable":true,"href":"https:\/\/revolutionpadelstore.com\/it\/wp-json\/wp\/v2\/product_brand?post=20254"},{"taxonomy":"product_cat","embeddable":true,"href":"https:\/\/revolutionpadelstore.com\/it\/wp-json\/wp\/v2\/product_cat?post=20254"},{"taxonomy":"product_tag","embeddable":true,"href":"https:\/\/revolutionpadelstore.com\/it\/wp-json\/wp\/v2\/product_tag?post=20254"}],"curies":[{"name":"wp","href":"https:\/\/api.w.org\/{rel}","templated":true}]}}