{"id":20249,"date":"2024-03-21T15:17:00","date_gmt":"2024-03-21T14:17:00","guid":{"rendered":"https:\/\/revolutionpadelstore.com\/siux-electra-st3-lite\/"},"modified":"2026-04-08T14:50:45","modified_gmt":"2026-04-08T12:50:45","slug":"siux-electra-st3-lite","status":"publish","type":"product","link":"https:\/\/revolutionpadelstore.com\/it\/prodotto\/siux-electra-st3-lite\/","title":{"rendered":"SIUX ELECTRA ST3 LITE"},"content":{"rendered":"<h2>Siux Electra ST3 Lite, leggerezza e versatilit\u00e0<\/h2>\n<p>La racchetta <strong>Siux Electra ST3 Lite<\/strong> \u00e8 un modello progettato per adattarsi alle esigenze di quei <strong>giocatori di padel di livello avanzato o professionale<\/strong> che cercano un controllo eccezionale nei giochi difensivi.<\/p>\n<p>La sua <strong>forma rotonda e il bilanciamento medio<\/strong>, combinati con il suo peso leggero di <strong>355-375 grammi<\/strong>, la rendono una racchetta versatile che ti dar\u00e0 versatilit\u00e0, buona maneggevolezza e maggiore controllo, perch\u00e9 sentirai meno vibrazioni quando colpisci la palla e il suo sweet spot pi\u00f9 grande ti permetter\u00e0 di restituire con successo i colpi decentrati.<\/p>\n<h2>Colpire comodo e sicuro<\/h2>\n<p>L&#8217;<strong>Electra ST3 Lite<\/strong> ha un nucleo di <strong>gomma HARD EVA<\/strong>, una schiuma che fornisce una potenza senza precedenti, che dar\u00e0 alla palla una maggiore velocit\u00e0. Inoltre, fornisce un buon controllo e assorbe in modo eccellente le vibrazioni dopo un impatto.<\/p>\n<p>Nei piani troviamo<strong>12K Twill Carbon<\/strong>, un tessuto realizzato con fili incrociati in diagonale, dotato di elevata resistenza ed elasticit\u00e0. Questa flessibilit\u00e0 consente un maggiore rimbalzo e una spettacolare uscita della palla. Inoltre, le pialle hanno una <strong>finitura opaca sabbiosa<\/strong>, che facilita i colpi pieni di effetti che ti permetteranno di sorprendere facilmente i tuoi avversari.<\/p>\n<p>Allo stesso modo, il <strong>telaio tubolare in carbonio 3K<\/strong> aumenta la resistenza alle abrasioni e la durata, oltre a garantire un grande comfort assorbendo in modo ottimale le vibrazioni.<\/p>\n<h3>Evita l&#8217;epicondilite<\/h3>\n<p>Con l&#8217;obiettivo di ridurre la possibilit\u00e0 di lesioni a gomiti e polsi e migliorare le sensazioni di comfort durante il gioco, <strong>Electra ST3 Lite<\/strong> incorpora una tecnologia antivibrante nota come <em><strong>ShockOut<\/strong> strong&gt;<\/em>, accessori che riducono le vibrazioni dopo gli urti.<\/p>\n<p>Allo stesso modo, include il <em><strong>Dual Pro Grip<\/strong><\/em>, che fornisce una presa molto pi\u00f9 naturale grazie al suo rilievo sulla superficie e alla sua composizione di <strong>gomma FOAM. <\/strong><\/p>\n<p>Questa racchetta ha un design moderno, sportivo e sorprendente, che combina il nero, con il colore giallo del telaio e dettagli metallici.<\/p>\n<h2>Siux Electra ST3 Lite, peso ligero y polivalencia<\/h2>\n","protected":false},"excerpt":{"rendered":"<p>Racchetta rotonda Siux Electra ST3 Lite con bilanciamento medio, progettata per donne di livello avanzato o professionale. Con pialle in carbonio Twill 12K e nucleo in gomma EVA dura. Con tecnologia ShockOut e Dual Pro Grip.<\/p>\n","protected":false},"featured_media":266415,"comment_status":"open","ping_status":"closed","template":"","meta":{"_acf_changed":false,"_joinchat":[]},"acabado":[1086,1096],"balance":[1141],"dureza":[1156],"forma":[1181],"jugador":[1201,1191],"marca":[1306],"nivel-de-juego":[1336],"superficie":[1361],"tipo-de-juego":[1371],"product_brand":[],"product_cat":[301],"product_tag":[],"class_list":{"0":"post-20249","1":"product","2":"type-product","3":"status-publish","4":"has-post-thumbnail","6":"acabado-amico","7":"acabado-sabbioso","8":"balance-medio-it","9":"dureza-media-it","10":"forma-rotondo","11":"jugador-multiuso","12":"jugador-uomo","13":"marca-siux-it","14":"superficie-rugosa-it","15":"tipo-de-juego-controllo","16":"product_cat-palas-de-padel-it","18":"first","19":"instock","20":"sale","21":"taxable","22":"shipping-taxable","23":"purchasable","24":"product-type-simple"},"acf":[],"yoast_head":"<!-- This site is optimized with the Yoast SEO plugin v27.4 - https:\/\/yoast.com\/product\/yoast-seo-wordpress\/ -->\n<title>SIUX ELECTRA ST3 LITE - Revolution Padel Store<\/title>\n<meta name=\"description\" content=\"Pala redonda con balance medio Siux Electra ST3 Lite, dise\u00f1ada para mujeres de nivel avanzado o profesional. Con planos de Carbono 12K Twill y n\u00facleo de goma EVA Hard. Con tecnolog\u00eda ShockOut y Dual Pro Grip.\" \/>\n<meta name=\"robots\" content=\"index, follow, max-snippet:-1, max-image-preview:large, max-video-preview:-1\" \/>\n<link rel=\"canonical\" href=\"https:\/\/revolutionpadelstore.com\/it\/prodotto\/siux-electra-st3-lite\/\" \/>\n<meta property=\"og:locale\" content=\"it_IT\" \/>\n<meta property=\"og:type\" content=\"article\" \/>\n<meta property=\"og:title\" content=\"SIUX ELECTRA ST3 LITE - Revolution Padel Store\" \/>\n<meta property=\"og:description\" content=\"Pala redonda con balance medio Siux Electra ST3 Lite, dise\u00f1ada para mujeres de nivel avanzado o profesional. Con planos de Carbono 12K Twill y n\u00facleo de goma EVA Hard. Con tecnolog\u00eda ShockOut y Dual Pro Grip.\" \/>\n<meta property=\"og:url\" content=\"https:\/\/revolutionpadelstore.com\/it\/prodotto\/siux-electra-st3-lite\/\" \/>\n<meta property=\"og:site_name\" content=\"Revolution Padel Store\" \/>\n<meta property=\"article:modified_time\" content=\"2026-04-08T12:50:45+00:00\" \/>\n<meta property=\"og:image\" content=\"https:\/\/revolutionpadelstore.com\/wp-content\/uploads\/2024\/03\/109476-electra-3-lite-grip-regular-1500x1500-1.webp\" \/>\n\t<meta property=\"og:image:width\" content=\"1500\" \/>\n\t<meta property=\"og:image:height\" content=\"1500\" \/>\n\t<meta property=\"og:image:type\" content=\"image\/webp\" \/>\n<meta name=\"twitter:card\" content=\"summary_large_image\" \/>\n<meta name=\"twitter:label1\" content=\"Tempo di lettura stimato\" \/>\n\t<meta name=\"twitter:data1\" content=\"2 minuti\" \/>\n<script type=\"application\/ld+json\" class=\"yoast-schema-graph\">{\"@context\":\"https:\\\/\\\/schema.org\",\"@graph\":[{\"@type\":\"WebPage\",\"@id\":\"https:\\\/\\\/revolutionpadelstore.com\\\/it\\\/prodotto\\\/siux-electra-st3-lite\\\/\",\"url\":\"https:\\\/\\\/revolutionpadelstore.com\\\/it\\\/prodotto\\\/siux-electra-st3-lite\\\/\",\"name\":\"SIUX ELECTRA ST3 LITE - Revolution Padel Store\",\"isPartOf\":{\"@id\":\"https:\\\/\\\/revolutionpadelstore.com\\\/it\\\/#website\"},\"primaryImageOfPage\":{\"@id\":\"https:\\\/\\\/revolutionpadelstore.com\\\/it\\\/prodotto\\\/siux-electra-st3-lite\\\/#primaryimage\"},\"image\":{\"@id\":\"https:\\\/\\\/revolutionpadelstore.com\\\/it\\\/prodotto\\\/siux-electra-st3-lite\\\/#primaryimage\"},\"thumbnailUrl\":\"https:\\\/\\\/revolutionpadelstore.com\\\/wp-content\\\/uploads\\\/2024\\\/03\\\/109476-electra-3-lite-grip-regular-1500x1500-1.webp\",\"datePublished\":\"2024-03-21T14:17:00+00:00\",\"dateModified\":\"2026-04-08T12:50:45+00:00\",\"description\":\"Pala redonda con balance medio Siux Electra ST3 Lite, dise\u00f1ada para mujeres de nivel avanzado o profesional. Con planos de Carbono 12K Twill y n\u00facleo de goma EVA Hard. Con tecnolog\u00eda ShockOut y Dual Pro Grip.\",\"breadcrumb\":{\"@id\":\"https:\\\/\\\/revolutionpadelstore.com\\\/it\\\/prodotto\\\/siux-electra-st3-lite\\\/#breadcrumb\"},\"inLanguage\":\"it-IT\",\"potentialAction\":[{\"@type\":\"ReadAction\",\"target\":[\"https:\\\/\\\/revolutionpadelstore.com\\\/it\\\/prodotto\\\/siux-electra-st3-lite\\\/\"]}]},{\"@type\":\"ImageObject\",\"inLanguage\":\"it-IT\",\"@id\":\"https:\\\/\\\/revolutionpadelstore.com\\\/it\\\/prodotto\\\/siux-electra-st3-lite\\\/#primaryimage\",\"url\":\"https:\\\/\\\/revolutionpadelstore.com\\\/wp-content\\\/uploads\\\/2024\\\/03\\\/109476-electra-3-lite-grip-regular-1500x1500-1.webp\",\"contentUrl\":\"https:\\\/\\\/revolutionpadelstore.com\\\/wp-content\\\/uploads\\\/2024\\\/03\\\/109476-electra-3-lite-grip-regular-1500x1500-1.webp\",\"width\":1500,\"height\":1500},{\"@type\":\"BreadcrumbList\",\"@id\":\"https:\\\/\\\/revolutionpadelstore.com\\\/it\\\/prodotto\\\/siux-electra-st3-lite\\\/#breadcrumb\",\"itemListElement\":[{\"@type\":\"ListItem\",\"position\":1,\"name\":\"Portada\",\"item\":\"https:\\\/\\\/revolutionpadelstore.com\\\/it\\\/\"},{\"@type\":\"ListItem\",\"position\":2,\"name\":\"Tienda\",\"item\":\"https:\\\/\\\/revolutionpadelstore.com\\\/it\\\/tienda\\\/\"},{\"@type\":\"ListItem\",\"position\":3,\"name\":\"SIUX ELECTRA ST3 LITE\"}]},{\"@type\":\"WebSite\",\"@id\":\"https:\\\/\\\/revolutionpadelstore.com\\\/it\\\/#website\",\"url\":\"https:\\\/\\\/revolutionpadelstore.com\\\/it\\\/\",\"name\":\"Revolution Padel Store\",\"description\":\"\",\"publisher\":{\"@id\":\"https:\\\/\\\/revolutionpadelstore.com\\\/it\\\/#organization\"},\"potentialAction\":[{\"@type\":\"SearchAction\",\"target\":{\"@type\":\"EntryPoint\",\"urlTemplate\":\"https:\\\/\\\/revolutionpadelstore.com\\\/it\\\/?s={search_term_string}\"},\"query-input\":{\"@type\":\"PropertyValueSpecification\",\"valueRequired\":true,\"valueName\":\"search_term_string\"}}],\"inLanguage\":\"it-IT\"},{\"@type\":\"Organization\",\"@id\":\"https:\\\/\\\/revolutionpadelstore.com\\\/it\\\/#organization\",\"name\":\"Revolution Padel Store\",\"url\":\"https:\\\/\\\/revolutionpadelstore.com\\\/it\\\/\",\"logo\":{\"@type\":\"ImageObject\",\"inLanguage\":\"it-IT\",\"@id\":\"https:\\\/\\\/revolutionpadelstore.com\\\/it\\\/#\\\/schema\\\/logo\\\/image\\\/\",\"url\":\"https:\\\/\\\/revolutionpadelstore.com\\\/wp-content\\\/uploads\\\/2026\\\/02\\\/revolution-padel-store.jpg\",\"contentUrl\":\"https:\\\/\\\/revolutionpadelstore.com\\\/wp-content\\\/uploads\\\/2026\\\/02\\\/revolution-padel-store.jpg\",\"width\":2000,\"height\":2000,\"caption\":\"Revolution Padel Store\"},\"image\":{\"@id\":\"https:\\\/\\\/revolutionpadelstore.com\\\/it\\\/#\\\/schema\\\/logo\\\/image\\\/\"},\"sameAs\":[\"https:\\\/\\\/www.instagram.com\\\/revolutionpadelstore\\\/\"]}]}<\/script>\n<!-- \/ Yoast SEO plugin. -->","yoast_head_json":{"title":"SIUX ELECTRA ST3 LITE - Revolution Padel Store","description":"Pala redonda con balance medio Siux Electra ST3 Lite, dise\u00f1ada para mujeres de nivel avanzado o profesional. Con planos de Carbono 12K Twill y n\u00facleo de goma EVA Hard. Con tecnolog\u00eda ShockOut y Dual Pro Grip.","robots":{"index":"index","follow":"follow","max-snippet":"max-snippet:-1","max-image-preview":"max-image-preview:large","max-video-preview":"max-video-preview:-1"},"canonical":"https:\/\/revolutionpadelstore.com\/it\/prodotto\/siux-electra-st3-lite\/","og_locale":"it_IT","og_type":"article","og_title":"SIUX ELECTRA ST3 LITE - Revolution Padel Store","og_description":"Pala redonda con balance medio Siux Electra ST3 Lite, dise\u00f1ada para mujeres de nivel avanzado o profesional. Con planos de Carbono 12K Twill y n\u00facleo de goma EVA Hard. Con tecnolog\u00eda ShockOut y Dual Pro Grip.","og_url":"https:\/\/revolutionpadelstore.com\/it\/prodotto\/siux-electra-st3-lite\/","og_site_name":"Revolution Padel Store","article_modified_time":"2026-04-08T12:50:45+00:00","og_image":[{"width":1500,"height":1500,"url":"https:\/\/revolutionpadelstore.com\/wp-content\/uploads\/2024\/03\/109476-electra-3-lite-grip-regular-1500x1500-1.webp","type":"image\/webp"}],"twitter_card":"summary_large_image","twitter_misc":{"Tempo di lettura stimato":"2 minuti"},"schema":{"@context":"https:\/\/schema.org","@graph":[{"@type":"WebPage","@id":"https:\/\/revolutionpadelstore.com\/it\/prodotto\/siux-electra-st3-lite\/","url":"https:\/\/revolutionpadelstore.com\/it\/prodotto\/siux-electra-st3-lite\/","name":"SIUX ELECTRA ST3 LITE - Revolution Padel Store","isPartOf":{"@id":"https:\/\/revolutionpadelstore.com\/it\/#website"},"primaryImageOfPage":{"@id":"https:\/\/revolutionpadelstore.com\/it\/prodotto\/siux-electra-st3-lite\/#primaryimage"},"image":{"@id":"https:\/\/revolutionpadelstore.com\/it\/prodotto\/siux-electra-st3-lite\/#primaryimage"},"thumbnailUrl":"https:\/\/revolutionpadelstore.com\/wp-content\/uploads\/2024\/03\/109476-electra-3-lite-grip-regular-1500x1500-1.webp","datePublished":"2024-03-21T14:17:00+00:00","dateModified":"2026-04-08T12:50:45+00:00","description":"Pala redonda con balance medio Siux Electra ST3 Lite, dise\u00f1ada para mujeres de nivel avanzado o profesional. Con planos de Carbono 12K Twill y n\u00facleo de goma EVA Hard. Con tecnolog\u00eda ShockOut y Dual Pro Grip.","breadcrumb":{"@id":"https:\/\/revolutionpadelstore.com\/it\/prodotto\/siux-electra-st3-lite\/#breadcrumb"},"inLanguage":"it-IT","potentialAction":[{"@type":"ReadAction","target":["https:\/\/revolutionpadelstore.com\/it\/prodotto\/siux-electra-st3-lite\/"]}]},{"@type":"ImageObject","inLanguage":"it-IT","@id":"https:\/\/revolutionpadelstore.com\/it\/prodotto\/siux-electra-st3-lite\/#primaryimage","url":"https:\/\/revolutionpadelstore.com\/wp-content\/uploads\/2024\/03\/109476-electra-3-lite-grip-regular-1500x1500-1.webp","contentUrl":"https:\/\/revolutionpadelstore.com\/wp-content\/uploads\/2024\/03\/109476-electra-3-lite-grip-regular-1500x1500-1.webp","width":1500,"height":1500},{"@type":"BreadcrumbList","@id":"https:\/\/revolutionpadelstore.com\/it\/prodotto\/siux-electra-st3-lite\/#breadcrumb","itemListElement":[{"@type":"ListItem","position":1,"name":"Portada","item":"https:\/\/revolutionpadelstore.com\/it\/"},{"@type":"ListItem","position":2,"name":"Tienda","item":"https:\/\/revolutionpadelstore.com\/it\/tienda\/"},{"@type":"ListItem","position":3,"name":"SIUX ELECTRA ST3 LITE"}]},{"@type":"WebSite","@id":"https:\/\/revolutionpadelstore.com\/it\/#website","url":"https:\/\/revolutionpadelstore.com\/it\/","name":"Revolution Padel Store","description":"","publisher":{"@id":"https:\/\/revolutionpadelstore.com\/it\/#organization"},"potentialAction":[{"@type":"SearchAction","target":{"@type":"EntryPoint","urlTemplate":"https:\/\/revolutionpadelstore.com\/it\/?s={search_term_string}"},"query-input":{"@type":"PropertyValueSpecification","valueRequired":true,"valueName":"search_term_string"}}],"inLanguage":"it-IT"},{"@type":"Organization","@id":"https:\/\/revolutionpadelstore.com\/it\/#organization","name":"Revolution Padel Store","url":"https:\/\/revolutionpadelstore.com\/it\/","logo":{"@type":"ImageObject","inLanguage":"it-IT","@id":"https:\/\/revolutionpadelstore.com\/it\/#\/schema\/logo\/image\/","url":"https:\/\/revolutionpadelstore.com\/wp-content\/uploads\/2026\/02\/revolution-padel-store.jpg","contentUrl":"https:\/\/revolutionpadelstore.com\/wp-content\/uploads\/2026\/02\/revolution-padel-store.jpg","width":2000,"height":2000,"caption":"Revolution Padel Store"},"image":{"@id":"https:\/\/revolutionpadelstore.com\/it\/#\/schema\/logo\/image\/"},"sameAs":["https:\/\/www.instagram.com\/revolutionpadelstore\/"]}]}},"_links":{"self":[{"href":"https:\/\/revolutionpadelstore.com\/it\/wp-json\/wp\/v2\/product\/20249","targetHints":{"allow":["GET"]}}],"collection":[{"href":"https:\/\/revolutionpadelstore.com\/it\/wp-json\/wp\/v2\/product"}],"about":[{"href":"https:\/\/revolutionpadelstore.com\/it\/wp-json\/wp\/v2\/types\/product"}],"replies":[{"embeddable":true,"href":"https:\/\/revolutionpadelstore.com\/it\/wp-json\/wp\/v2\/comments?post=20249"}],"wp:featuredmedia":[{"embeddable":true,"href":"https:\/\/revolutionpadelstore.com\/it\/wp-json\/wp\/v2\/media\/266415"}],"wp:attachment":[{"href":"https:\/\/revolutionpadelstore.com\/it\/wp-json\/wp\/v2\/media?parent=20249"}],"wp:term":[{"taxonomy":"acabado","embeddable":true,"href":"https:\/\/revolutionpadelstore.com\/it\/wp-json\/wp\/v2\/acabado?post=20249"},{"taxonomy":"balance","embeddable":true,"href":"https:\/\/revolutionpadelstore.com\/it\/wp-json\/wp\/v2\/balance?post=20249"},{"taxonomy":"dureza","embeddable":true,"href":"https:\/\/revolutionpadelstore.com\/it\/wp-json\/wp\/v2\/dureza?post=20249"},{"taxonomy":"forma","embeddable":true,"href":"https:\/\/revolutionpadelstore.com\/it\/wp-json\/wp\/v2\/forma?post=20249"},{"taxonomy":"jugador","embeddable":true,"href":"https:\/\/revolutionpadelstore.com\/it\/wp-json\/wp\/v2\/jugador?post=20249"},{"taxonomy":"marca","embeddable":true,"href":"https:\/\/revolutionpadelstore.com\/it\/wp-json\/wp\/v2\/marca?post=20249"},{"taxonomy":"nivel-de-juego","embeddable":true,"href":"https:\/\/revolutionpadelstore.com\/it\/wp-json\/wp\/v2\/nivel-de-juego?post=20249"},{"taxonomy":"superficie","embeddable":true,"href":"https:\/\/revolutionpadelstore.com\/it\/wp-json\/wp\/v2\/superficie?post=20249"},{"taxonomy":"tipo-de-juego","embeddable":true,"href":"https:\/\/revolutionpadelstore.com\/it\/wp-json\/wp\/v2\/tipo-de-juego?post=20249"},{"taxonomy":"product_brand","embeddable":true,"href":"https:\/\/revolutionpadelstore.com\/it\/wp-json\/wp\/v2\/product_brand?post=20249"},{"taxonomy":"product_cat","embeddable":true,"href":"https:\/\/revolutionpadelstore.com\/it\/wp-json\/wp\/v2\/product_cat?post=20249"},{"taxonomy":"product_tag","embeddable":true,"href":"https:\/\/revolutionpadelstore.com\/it\/wp-json\/wp\/v2\/product_tag?post=20249"}],"curies":[{"name":"wp","href":"https:\/\/api.w.org\/{rel}","templated":true}]}}