{"id":20184,"date":"2024-03-23T15:29:25","date_gmt":"2024-03-23T14:29:25","guid":{"rendered":"https:\/\/revolutionpadelstore.com\/nox-ml10-pro-cup-3k-luxury-series-2024\/"},"modified":"2026-04-01T11:22:13","modified_gmt":"2026-04-01T09:22:13","slug":"nox-ml10-pro-cup-3k-luxury-series-2024-4","status":"publish","type":"product","link":"https:\/\/revolutionpadelstore.com\/it\/prodotto\/nox-ml10-pro-cup-3k-luxury-series-2024-4\/","title":{"rendered":"NOX ML10 PRO CUP 3K LUXURY SERIES 2024"},"content":{"rendered":"<h2>Nox ML10 Pro Cup 3K Luxury Series 2024, progettata insieme a Miguel Lamperti<\/h2>\n<p>La racchetta <strong>Nox ML10 Pro Cup 3K Luxury Series 2024<\/strong> \u00e8 stata realizzata appositamente per i giocatori di padel pi\u00f9 esigenti che colpiscono con la massima potenza e un controllo eccezionale. \u00c8 un modello solido, molto affidabile e comodo da maneggiare.<\/p>\n<p>Il suo stampo rotondo permette all&#8217;atleta di colpire con controllo e sicurezza in ogni momento, offrendo inoltre un comfort senza pari. Ha un peso che varia tra <strong>360 e 375 grammi.<\/strong><\/p>\n<h2>Ballerine con texture ruvida per un maggiore effetto<\/h2>\n<p>Il nucleo interno incorpora gomma nera EVA HR3, una schiuma ad alta densit\u00e0 che fornisce un&#8217;eccezionale uscita della palla e un&#8217;enorme potenza grazie al suo maggiore effetto memoria. Il telaio \u00e8 realizzato in fibra di carbonio, che garantisce grande resistenza e reattivit\u00e0.<\/p>\n<p>D&#8217;altra parte, la superficie di questa racchetta Nox \u00e8 stata realizzata con <strong>fibra di carbonio 3K<\/strong>, un tessuto ottenuto intrecciando fili di carbonio in piccoli quadrati. Inoltre, questo materiale \u00e8 noto per la sua grande resistenza, leggerezza e rigidit\u00e0, che garantiscono un buon controllo e precisione nei colpi. Le facce hanno una finitura ruvida, consentendo colpi ricchi di effetti.<\/p>\n<h3>Colpo comodo<\/h3>\n<p>Allo stesso modo, in termini di tecnologie, possiamo citare l&#8217;EOS Flap, che consiste in perforazioni sui lati che distribuiscono il peso in modo uniforme per poter sferrare colpi letali.<\/p>\n<p>Incorpora inoltre la tecnologia <em><strong>Pulse System<\/strong><\/em>, che grazie all&#8217;inserimento della gomma laterale che corre dal telaio alla calotta della lama con l&#8217;intenzione di ridurre le vibrazioni e ottenere una gioco pi\u00f9 comodo.<\/p>\n<p>Allo stesso modo, include <strong><em>Smarstrap<\/em><\/strong>, una tecnologia che permette di cambiare il cordino dell&#8217;impugnatura in modo semplice, agile e comodo. Cos\u00ec come la <strong>Struttura composita dinamica<\/strong>, che riduce al minimo la possibilit\u00e0 che si formino crepe sulla parte esterna della lama.<\/p>\n<h2>Nox ML10 Pro Cup 3K Luxury Series 2024, dise\u00f1ada junto a Miguel Lamperti<\/h2>\n","protected":false},"excerpt":{"rendered":"<p>Scopri la potenza e la precisione fornite dalla Nox ML10 Pro Cup 3K, con tecnologia avanzata, piani in carbonio 3K e nucleo EVA HR3. Migliora il tuo gioco!<\/p>\n","protected":false},"featured_media":51707,"comment_status":"open","ping_status":"closed","template":"","meta":{"_acf_changed":false,"_joinchat":[]},"acabado":[1096],"balance":[1141],"dureza":[1156],"forma":[1181],"jugador":[1201,1191],"marca":[1261],"nivel-de-juego":[1336],"superficie":[1361],"tipo-de-juego":[1371],"product_brand":[],"product_cat":[301],"product_tag":[],"class_list":{"0":"post-20184","1":"product","2":"type-product","3":"status-publish","4":"has-post-thumbnail","6":"acabado-sabbioso","7":"balance-medio-it","8":"dureza-media-it","9":"forma-rotondo","10":"jugador-multiuso","11":"jugador-uomo","12":"marca-nox-it","13":"superficie-rugosa-it","14":"tipo-de-juego-controllo","15":"product_cat-palas-de-padel-it","17":"first","18":"onbackorder","19":"sale","20":"taxable","21":"shipping-taxable","22":"purchasable","23":"product-type-simple"},"acf":[],"yoast_head":"<!-- This site is optimized with the Yoast SEO plugin v27.3 - https:\/\/yoast.com\/product\/yoast-seo-wordpress\/ -->\n<title>NOX ML10 PRO CUP 3K LUXURY SERIES 2024 - Revolution Padel Store<\/title>\n<meta name=\"description\" content=\"Descubre el poder y la precisi\u00f3n que brinda la Nox ML10 Pro Cup 3K, con avanzada tecnolog\u00eda, planos de carbono 3K y n\u00facleo EVA HR3. \u00a1Mejora tu juego!\" \/>\n<meta name=\"robots\" content=\"index, follow, max-snippet:-1, max-image-preview:large, max-video-preview:-1\" \/>\n<link rel=\"canonical\" href=\"https:\/\/revolutionpadelstore.com\/it\/prodotto\/nox-ml10-pro-cup-3k-luxury-series-2024-4\/\" \/>\n<meta property=\"og:locale\" content=\"it_IT\" \/>\n<meta property=\"og:type\" content=\"article\" \/>\n<meta property=\"og:title\" content=\"NOX ML10 PRO CUP 3K LUXURY SERIES 2024 - Revolution Padel Store\" \/>\n<meta property=\"og:description\" content=\"Descubre el poder y la precisi\u00f3n que brinda la Nox ML10 Pro Cup 3K, con avanzada tecnolog\u00eda, planos de carbono 3K y n\u00facleo EVA HR3. \u00a1Mejora tu juego!\" \/>\n<meta property=\"og:url\" content=\"https:\/\/revolutionpadelstore.com\/it\/prodotto\/nox-ml10-pro-cup-3k-luxury-series-2024-4\/\" \/>\n<meta property=\"og:site_name\" content=\"Revolution Padel Store\" \/>\n<meta property=\"article:modified_time\" content=\"2026-04-01T09:22:13+00:00\" \/>\n<meta property=\"og:image\" content=\"https:\/\/revolutionpadelstore.com\/wp-content\/uploads\/2024\/03\/imagen_1_110810_797e1063_ce32.webp\" \/>\n\t<meta property=\"og:image:width\" content=\"1500\" \/>\n\t<meta property=\"og:image:height\" content=\"1500\" \/>\n\t<meta property=\"og:image:type\" content=\"image\/webp\" \/>\n<meta name=\"twitter:card\" content=\"summary_large_image\" \/>\n<meta name=\"twitter:label1\" content=\"Tempo di lettura stimato\" \/>\n\t<meta name=\"twitter:data1\" content=\"2 minuti\" \/>\n<script type=\"application\/ld+json\" class=\"yoast-schema-graph\">{\"@context\":\"https:\\\/\\\/schema.org\",\"@graph\":[{\"@type\":\"WebPage\",\"@id\":\"https:\\\/\\\/revolutionpadelstore.com\\\/it\\\/prodotto\\\/nox-ml10-pro-cup-3k-luxury-series-2024-4\\\/\",\"url\":\"https:\\\/\\\/revolutionpadelstore.com\\\/it\\\/prodotto\\\/nox-ml10-pro-cup-3k-luxury-series-2024-4\\\/\",\"name\":\"NOX ML10 PRO CUP 3K LUXURY SERIES 2024 - Revolution Padel Store\",\"isPartOf\":{\"@id\":\"https:\\\/\\\/revolutionpadelstore.com\\\/it\\\/#website\"},\"primaryImageOfPage\":{\"@id\":\"https:\\\/\\\/revolutionpadelstore.com\\\/it\\\/prodotto\\\/nox-ml10-pro-cup-3k-luxury-series-2024-4\\\/#primaryimage\"},\"image\":{\"@id\":\"https:\\\/\\\/revolutionpadelstore.com\\\/it\\\/prodotto\\\/nox-ml10-pro-cup-3k-luxury-series-2024-4\\\/#primaryimage\"},\"thumbnailUrl\":\"https:\\\/\\\/revolutionpadelstore.com\\\/wp-content\\\/uploads\\\/2024\\\/03\\\/imagen_1_110810_797e1063_ce32.webp\",\"datePublished\":\"2024-03-23T14:29:25+00:00\",\"dateModified\":\"2026-04-01T09:22:13+00:00\",\"description\":\"Descubre el poder y la precisi\u00f3n que brinda la Nox ML10 Pro Cup 3K, con avanzada tecnolog\u00eda, planos de carbono 3K y n\u00facleo EVA HR3. \u00a1Mejora tu juego!\",\"breadcrumb\":{\"@id\":\"https:\\\/\\\/revolutionpadelstore.com\\\/it\\\/prodotto\\\/nox-ml10-pro-cup-3k-luxury-series-2024-4\\\/#breadcrumb\"},\"inLanguage\":\"it-IT\",\"potentialAction\":[{\"@type\":\"ReadAction\",\"target\":[\"https:\\\/\\\/revolutionpadelstore.com\\\/it\\\/prodotto\\\/nox-ml10-pro-cup-3k-luxury-series-2024-4\\\/\"]}]},{\"@type\":\"ImageObject\",\"inLanguage\":\"it-IT\",\"@id\":\"https:\\\/\\\/revolutionpadelstore.com\\\/it\\\/prodotto\\\/nox-ml10-pro-cup-3k-luxury-series-2024-4\\\/#primaryimage\",\"url\":\"https:\\\/\\\/revolutionpadelstore.com\\\/wp-content\\\/uploads\\\/2024\\\/03\\\/imagen_1_110810_797e1063_ce32.webp\",\"contentUrl\":\"https:\\\/\\\/revolutionpadelstore.com\\\/wp-content\\\/uploads\\\/2024\\\/03\\\/imagen_1_110810_797e1063_ce32.webp\",\"width\":1500,\"height\":1500},{\"@type\":\"BreadcrumbList\",\"@id\":\"https:\\\/\\\/revolutionpadelstore.com\\\/it\\\/prodotto\\\/nox-ml10-pro-cup-3k-luxury-series-2024-4\\\/#breadcrumb\",\"itemListElement\":[{\"@type\":\"ListItem\",\"position\":1,\"name\":\"Portada\",\"item\":\"https:\\\/\\\/revolutionpadelstore.com\\\/it\\\/\"},{\"@type\":\"ListItem\",\"position\":2,\"name\":\"Tienda\",\"item\":\"https:\\\/\\\/revolutionpadelstore.com\\\/it\\\/tienda\\\/\"},{\"@type\":\"ListItem\",\"position\":3,\"name\":\"NOX ML10 PRO CUP 3K LUXURY SERIES 2024\"}]},{\"@type\":\"WebSite\",\"@id\":\"https:\\\/\\\/revolutionpadelstore.com\\\/it\\\/#website\",\"url\":\"https:\\\/\\\/revolutionpadelstore.com\\\/it\\\/\",\"name\":\"Revolution Padel Store\",\"description\":\"\",\"publisher\":{\"@id\":\"https:\\\/\\\/revolutionpadelstore.com\\\/it\\\/#organization\"},\"potentialAction\":[{\"@type\":\"SearchAction\",\"target\":{\"@type\":\"EntryPoint\",\"urlTemplate\":\"https:\\\/\\\/revolutionpadelstore.com\\\/it\\\/?s={search_term_string}\"},\"query-input\":{\"@type\":\"PropertyValueSpecification\",\"valueRequired\":true,\"valueName\":\"search_term_string\"}}],\"inLanguage\":\"it-IT\"},{\"@type\":\"Organization\",\"@id\":\"https:\\\/\\\/revolutionpadelstore.com\\\/it\\\/#organization\",\"name\":\"Revolution Padel Store\",\"url\":\"https:\\\/\\\/revolutionpadelstore.com\\\/it\\\/\",\"logo\":{\"@type\":\"ImageObject\",\"inLanguage\":\"it-IT\",\"@id\":\"https:\\\/\\\/revolutionpadelstore.com\\\/it\\\/#\\\/schema\\\/logo\\\/image\\\/\",\"url\":\"https:\\\/\\\/revolutionpadelstore.com\\\/wp-content\\\/uploads\\\/2026\\\/02\\\/revolution-padel-store.jpg\",\"contentUrl\":\"https:\\\/\\\/revolutionpadelstore.com\\\/wp-content\\\/uploads\\\/2026\\\/02\\\/revolution-padel-store.jpg\",\"width\":2000,\"height\":2000,\"caption\":\"Revolution Padel Store\"},\"image\":{\"@id\":\"https:\\\/\\\/revolutionpadelstore.com\\\/it\\\/#\\\/schema\\\/logo\\\/image\\\/\"},\"sameAs\":[\"https:\\\/\\\/www.instagram.com\\\/revolutionpadelstore\\\/\"]}]}<\/script>\n<!-- \/ Yoast SEO plugin. -->","yoast_head_json":{"title":"NOX ML10 PRO CUP 3K LUXURY SERIES 2024 - Revolution Padel Store","description":"Descubre el poder y la precisi\u00f3n que brinda la Nox ML10 Pro Cup 3K, con avanzada tecnolog\u00eda, planos de carbono 3K y n\u00facleo EVA HR3. \u00a1Mejora tu juego!","robots":{"index":"index","follow":"follow","max-snippet":"max-snippet:-1","max-image-preview":"max-image-preview:large","max-video-preview":"max-video-preview:-1"},"canonical":"https:\/\/revolutionpadelstore.com\/it\/prodotto\/nox-ml10-pro-cup-3k-luxury-series-2024-4\/","og_locale":"it_IT","og_type":"article","og_title":"NOX ML10 PRO CUP 3K LUXURY SERIES 2024 - Revolution Padel Store","og_description":"Descubre el poder y la precisi\u00f3n que brinda la Nox ML10 Pro Cup 3K, con avanzada tecnolog\u00eda, planos de carbono 3K y n\u00facleo EVA HR3. \u00a1Mejora tu juego!","og_url":"https:\/\/revolutionpadelstore.com\/it\/prodotto\/nox-ml10-pro-cup-3k-luxury-series-2024-4\/","og_site_name":"Revolution Padel Store","article_modified_time":"2026-04-01T09:22:13+00:00","og_image":[{"width":1500,"height":1500,"url":"https:\/\/revolutionpadelstore.com\/wp-content\/uploads\/2024\/03\/imagen_1_110810_797e1063_ce32.webp","type":"image\/webp"}],"twitter_card":"summary_large_image","twitter_misc":{"Tempo di lettura stimato":"2 minuti"},"schema":{"@context":"https:\/\/schema.org","@graph":[{"@type":"WebPage","@id":"https:\/\/revolutionpadelstore.com\/it\/prodotto\/nox-ml10-pro-cup-3k-luxury-series-2024-4\/","url":"https:\/\/revolutionpadelstore.com\/it\/prodotto\/nox-ml10-pro-cup-3k-luxury-series-2024-4\/","name":"NOX ML10 PRO CUP 3K LUXURY SERIES 2024 - Revolution Padel Store","isPartOf":{"@id":"https:\/\/revolutionpadelstore.com\/it\/#website"},"primaryImageOfPage":{"@id":"https:\/\/revolutionpadelstore.com\/it\/prodotto\/nox-ml10-pro-cup-3k-luxury-series-2024-4\/#primaryimage"},"image":{"@id":"https:\/\/revolutionpadelstore.com\/it\/prodotto\/nox-ml10-pro-cup-3k-luxury-series-2024-4\/#primaryimage"},"thumbnailUrl":"https:\/\/revolutionpadelstore.com\/wp-content\/uploads\/2024\/03\/imagen_1_110810_797e1063_ce32.webp","datePublished":"2024-03-23T14:29:25+00:00","dateModified":"2026-04-01T09:22:13+00:00","description":"Descubre el poder y la precisi\u00f3n que brinda la Nox ML10 Pro Cup 3K, con avanzada tecnolog\u00eda, planos de carbono 3K y n\u00facleo EVA HR3. \u00a1Mejora tu juego!","breadcrumb":{"@id":"https:\/\/revolutionpadelstore.com\/it\/prodotto\/nox-ml10-pro-cup-3k-luxury-series-2024-4\/#breadcrumb"},"inLanguage":"it-IT","potentialAction":[{"@type":"ReadAction","target":["https:\/\/revolutionpadelstore.com\/it\/prodotto\/nox-ml10-pro-cup-3k-luxury-series-2024-4\/"]}]},{"@type":"ImageObject","inLanguage":"it-IT","@id":"https:\/\/revolutionpadelstore.com\/it\/prodotto\/nox-ml10-pro-cup-3k-luxury-series-2024-4\/#primaryimage","url":"https:\/\/revolutionpadelstore.com\/wp-content\/uploads\/2024\/03\/imagen_1_110810_797e1063_ce32.webp","contentUrl":"https:\/\/revolutionpadelstore.com\/wp-content\/uploads\/2024\/03\/imagen_1_110810_797e1063_ce32.webp","width":1500,"height":1500},{"@type":"BreadcrumbList","@id":"https:\/\/revolutionpadelstore.com\/it\/prodotto\/nox-ml10-pro-cup-3k-luxury-series-2024-4\/#breadcrumb","itemListElement":[{"@type":"ListItem","position":1,"name":"Portada","item":"https:\/\/revolutionpadelstore.com\/it\/"},{"@type":"ListItem","position":2,"name":"Tienda","item":"https:\/\/revolutionpadelstore.com\/it\/tienda\/"},{"@type":"ListItem","position":3,"name":"NOX ML10 PRO CUP 3K LUXURY SERIES 2024"}]},{"@type":"WebSite","@id":"https:\/\/revolutionpadelstore.com\/it\/#website","url":"https:\/\/revolutionpadelstore.com\/it\/","name":"Revolution Padel Store","description":"","publisher":{"@id":"https:\/\/revolutionpadelstore.com\/it\/#organization"},"potentialAction":[{"@type":"SearchAction","target":{"@type":"EntryPoint","urlTemplate":"https:\/\/revolutionpadelstore.com\/it\/?s={search_term_string}"},"query-input":{"@type":"PropertyValueSpecification","valueRequired":true,"valueName":"search_term_string"}}],"inLanguage":"it-IT"},{"@type":"Organization","@id":"https:\/\/revolutionpadelstore.com\/it\/#organization","name":"Revolution Padel Store","url":"https:\/\/revolutionpadelstore.com\/it\/","logo":{"@type":"ImageObject","inLanguage":"it-IT","@id":"https:\/\/revolutionpadelstore.com\/it\/#\/schema\/logo\/image\/","url":"https:\/\/revolutionpadelstore.com\/wp-content\/uploads\/2026\/02\/revolution-padel-store.jpg","contentUrl":"https:\/\/revolutionpadelstore.com\/wp-content\/uploads\/2026\/02\/revolution-padel-store.jpg","width":2000,"height":2000,"caption":"Revolution Padel Store"},"image":{"@id":"https:\/\/revolutionpadelstore.com\/it\/#\/schema\/logo\/image\/"},"sameAs":["https:\/\/www.instagram.com\/revolutionpadelstore\/"]}]}},"_links":{"self":[{"href":"https:\/\/revolutionpadelstore.com\/it\/wp-json\/wp\/v2\/product\/20184","targetHints":{"allow":["GET"]}}],"collection":[{"href":"https:\/\/revolutionpadelstore.com\/it\/wp-json\/wp\/v2\/product"}],"about":[{"href":"https:\/\/revolutionpadelstore.com\/it\/wp-json\/wp\/v2\/types\/product"}],"replies":[{"embeddable":true,"href":"https:\/\/revolutionpadelstore.com\/it\/wp-json\/wp\/v2\/comments?post=20184"}],"wp:featuredmedia":[{"embeddable":true,"href":"https:\/\/revolutionpadelstore.com\/it\/wp-json\/wp\/v2\/media\/51707"}],"wp:attachment":[{"href":"https:\/\/revolutionpadelstore.com\/it\/wp-json\/wp\/v2\/media?parent=20184"}],"wp:term":[{"taxonomy":"acabado","embeddable":true,"href":"https:\/\/revolutionpadelstore.com\/it\/wp-json\/wp\/v2\/acabado?post=20184"},{"taxonomy":"balance","embeddable":true,"href":"https:\/\/revolutionpadelstore.com\/it\/wp-json\/wp\/v2\/balance?post=20184"},{"taxonomy":"dureza","embeddable":true,"href":"https:\/\/revolutionpadelstore.com\/it\/wp-json\/wp\/v2\/dureza?post=20184"},{"taxonomy":"forma","embeddable":true,"href":"https:\/\/revolutionpadelstore.com\/it\/wp-json\/wp\/v2\/forma?post=20184"},{"taxonomy":"jugador","embeddable":true,"href":"https:\/\/revolutionpadelstore.com\/it\/wp-json\/wp\/v2\/jugador?post=20184"},{"taxonomy":"marca","embeddable":true,"href":"https:\/\/revolutionpadelstore.com\/it\/wp-json\/wp\/v2\/marca?post=20184"},{"taxonomy":"nivel-de-juego","embeddable":true,"href":"https:\/\/revolutionpadelstore.com\/it\/wp-json\/wp\/v2\/nivel-de-juego?post=20184"},{"taxonomy":"superficie","embeddable":true,"href":"https:\/\/revolutionpadelstore.com\/it\/wp-json\/wp\/v2\/superficie?post=20184"},{"taxonomy":"tipo-de-juego","embeddable":true,"href":"https:\/\/revolutionpadelstore.com\/it\/wp-json\/wp\/v2\/tipo-de-juego?post=20184"},{"taxonomy":"product_brand","embeddable":true,"href":"https:\/\/revolutionpadelstore.com\/it\/wp-json\/wp\/v2\/product_brand?post=20184"},{"taxonomy":"product_cat","embeddable":true,"href":"https:\/\/revolutionpadelstore.com\/it\/wp-json\/wp\/v2\/product_cat?post=20184"},{"taxonomy":"product_tag","embeddable":true,"href":"https:\/\/revolutionpadelstore.com\/it\/wp-json\/wp\/v2\/product_tag?post=20184"}],"curies":[{"name":"wp","href":"https:\/\/api.w.org\/{rel}","templated":true}]}}