{"id":20154,"date":"2024-03-23T16:00:42","date_gmt":"2024-03-23T15:00:42","guid":{"rendered":"https:\/\/revolutionpadelstore.com\/nox-at-pro-cup-coorp-2024\/"},"modified":"2026-04-03T02:01:43","modified_gmt":"2026-04-03T00:01:43","slug":"nox-at-pro-cup-coorp-2024-4","status":"publish","type":"product","link":"https:\/\/revolutionpadelstore.com\/it\/prodotto\/nox-at-pro-cup-coorp-2024-4\/","title":{"rendered":"NOX AT PRO CUP COORP 2024"},"content":{"rendered":"<h2>Nox AT Pro Cup Coorp, la perfetta fusione tra stampo e materiali<\/h2>\n<p>Racchetta <strong>Nox AT Pro Cup Coorp 2024<\/strong>, della serie PRO 2024, questa racchetta \u00e8 il risultato della magistrale fusione dello stampo di Agust\u00edn Tapia con i materiali della ML10 Pro Cup di Miguel Lamperti. Con un design eccezionale e caratteristiche eccezionali, il Nox AT Pro Cup Coorp \u00e8 destinato a cambiare il gioco.<\/p>\n<h2>Pratica pala a goccia<\/h2>\n<p>Uno dei principali vantaggi di questa racchetta \u00e8 la sua manovrabilit\u00e0 e velocit\u00e0. Grazie al suo formato a goccia, fornisce un perfetto equilibrio tra potenza e controllo. Il <strong>telaio in carbonio<\/strong>, il <strong>nucleo HR3 ad alta densit\u00e0 e la <strong>fibra di vetro argento 3K<\/em><\/strong>con finitura metallica si combinano per offrire una rigidit\u00e0 che si trova a met\u00e0 tra la fibra di vetro e carbonio, garantendo prestazioni eccezionali in pista.<\/p>\n<p>La tecnologia <strong>Anti Vibration System<\/em><\/strong>\u00e8 un tocco innovativo che fa la differenza. Un pezzo di gomma incorporato nel telaio assorbe le vibrazioni quando si colpisce la palla, offrendo una sensazione eccezionalmente confortevole e un migliore controllo ad ogni colpo.<\/p>\n<h3>Pala NOX 2024 pi\u00f9 resistente<\/h3>\n<p>Oltre alle sue prestazioni superiori, la racchetta si distingue per la sua durata. Il telaio e le facce pi\u00f9 resistenti lo rendono pi\u00f9 resistente agli urti e ai graffi, il che significa che puoi goderti prestazioni di alto livello pi\u00f9 a lungo.<\/p>\n<p>Per la tua comodit\u00e0 e sicurezza, la pagaia \u00e8 dotata anche del sistema Smartstrap, un cavo di sicurezza sostituibile che ti consente di mantenere sempre una presa salda.<\/p>\n<p>Se stai cercando una racchetta che ti offra <strong>maneggevolezza, velocit\u00e0, comfort e durata<\/strong>, questa \u00e8 la scelta perfetta. Preparati a portare il tuo gioco al livello successivo con la Nox AT Pro Cup Coorp 2024.<\/p>\n<h2>Nox AT Pro Cup Coorp, la fusi\u00f3n perfecta de molde y materiales<\/h2>\n","protected":false},"excerpt":{"rendered":"<p>Nox AT Pro Cup Coorp 2024, racchetta a goccia con stampo migliorato e materiali di alta qualit\u00e0. Tocco medio duro con fibra di vetro argento 3K.<\/p>\n","protected":false},"featured_media":51583,"comment_status":"open","ping_status":"closed","template":"","meta":{"_acf_changed":false,"_joinchat":[]},"acabado":[1081],"balance":[1141],"dureza":[1156],"forma":[1186],"jugador":[1201,1191],"marca":[1261],"nivel-de-juego":[1346],"superficie":[1356],"tipo-de-juego":[1386],"product_brand":[],"product_cat":[301],"product_tag":[],"class_list":{"0":"post-20154","1":"product","2":"type-product","3":"status-publish","4":"has-post-thumbnail","6":"acabado-luminosita","7":"balance-medio-it","8":"dureza-media-it","9":"forma-lagrima-it","10":"jugador-multiuso","11":"jugador-uomo","12":"marca-nox-it","13":"superficie-lisa-it","14":"tipo-de-juego-multiuso","15":"product_cat-palas-de-padel-it","17":"first","18":"instock","19":"sale","20":"taxable","21":"shipping-taxable","22":"purchasable","23":"product-type-simple"},"acf":[],"yoast_head":"<!-- This site is optimized with the Yoast SEO plugin v27.3 - https:\/\/yoast.com\/product\/yoast-seo-wordpress\/ -->\n<title>NOX AT PRO CUP COORP 2024 - Revolution Padel Store<\/title>\n<meta name=\"description\" content=\"Nox AT Pro Cup Coorp 2024, pala de l\u00e1grima con molde mejorado y materiales de alta calidad. De tacto medio duro con Fiber Glass Silver 3K.\" \/>\n<meta name=\"robots\" content=\"index, follow, max-snippet:-1, max-image-preview:large, max-video-preview:-1\" \/>\n<link rel=\"canonical\" href=\"https:\/\/revolutionpadelstore.com\/it\/prodotto\/nox-at-pro-cup-coorp-2024-4\/\" \/>\n<meta property=\"og:locale\" content=\"it_IT\" \/>\n<meta property=\"og:type\" content=\"article\" \/>\n<meta property=\"og:title\" content=\"NOX AT PRO CUP COORP 2024 - Revolution Padel Store\" \/>\n<meta property=\"og:description\" content=\"Nox AT Pro Cup Coorp 2024, pala de l\u00e1grima con molde mejorado y materiales de alta calidad. De tacto medio duro con Fiber Glass Silver 3K.\" \/>\n<meta property=\"og:url\" content=\"https:\/\/revolutionpadelstore.com\/it\/prodotto\/nox-at-pro-cup-coorp-2024-4\/\" \/>\n<meta property=\"og:site_name\" content=\"Revolution Padel Store\" \/>\n<meta property=\"article:modified_time\" content=\"2026-04-03T00:01:43+00:00\" \/>\n<meta property=\"og:image\" content=\"https:\/\/revolutionpadelstore.com\/wp-content\/uploads\/2024\/03\/imagen_1_110803_7989bb2e_40c5-1.webp\" \/>\n\t<meta property=\"og:image:width\" content=\"1500\" \/>\n\t<meta property=\"og:image:height\" content=\"1500\" \/>\n\t<meta property=\"og:image:type\" content=\"image\/webp\" \/>\n<meta name=\"twitter:card\" content=\"summary_large_image\" \/>\n<meta name=\"twitter:label1\" content=\"Tempo di lettura stimato\" \/>\n\t<meta name=\"twitter:data1\" content=\"2 minuti\" \/>\n<script type=\"application\/ld+json\" class=\"yoast-schema-graph\">{\"@context\":\"https:\\\/\\\/schema.org\",\"@graph\":[{\"@type\":\"WebPage\",\"@id\":\"https:\\\/\\\/revolutionpadelstore.com\\\/it\\\/prodotto\\\/nox-at-pro-cup-coorp-2024-4\\\/\",\"url\":\"https:\\\/\\\/revolutionpadelstore.com\\\/it\\\/prodotto\\\/nox-at-pro-cup-coorp-2024-4\\\/\",\"name\":\"NOX AT PRO CUP COORP 2024 - Revolution Padel Store\",\"isPartOf\":{\"@id\":\"https:\\\/\\\/revolutionpadelstore.com\\\/it\\\/#website\"},\"primaryImageOfPage\":{\"@id\":\"https:\\\/\\\/revolutionpadelstore.com\\\/it\\\/prodotto\\\/nox-at-pro-cup-coorp-2024-4\\\/#primaryimage\"},\"image\":{\"@id\":\"https:\\\/\\\/revolutionpadelstore.com\\\/it\\\/prodotto\\\/nox-at-pro-cup-coorp-2024-4\\\/#primaryimage\"},\"thumbnailUrl\":\"https:\\\/\\\/revolutionpadelstore.com\\\/wp-content\\\/uploads\\\/2024\\\/03\\\/imagen_1_110803_7989bb2e_40c5-1.webp\",\"datePublished\":\"2024-03-23T15:00:42+00:00\",\"dateModified\":\"2026-04-03T00:01:43+00:00\",\"description\":\"Nox AT Pro Cup Coorp 2024, pala de l\u00e1grima con molde mejorado y materiales de alta calidad. De tacto medio duro con Fiber Glass Silver 3K.\",\"breadcrumb\":{\"@id\":\"https:\\\/\\\/revolutionpadelstore.com\\\/it\\\/prodotto\\\/nox-at-pro-cup-coorp-2024-4\\\/#breadcrumb\"},\"inLanguage\":\"it-IT\",\"potentialAction\":[{\"@type\":\"ReadAction\",\"target\":[\"https:\\\/\\\/revolutionpadelstore.com\\\/it\\\/prodotto\\\/nox-at-pro-cup-coorp-2024-4\\\/\"]}]},{\"@type\":\"ImageObject\",\"inLanguage\":\"it-IT\",\"@id\":\"https:\\\/\\\/revolutionpadelstore.com\\\/it\\\/prodotto\\\/nox-at-pro-cup-coorp-2024-4\\\/#primaryimage\",\"url\":\"https:\\\/\\\/revolutionpadelstore.com\\\/wp-content\\\/uploads\\\/2024\\\/03\\\/imagen_1_110803_7989bb2e_40c5-1.webp\",\"contentUrl\":\"https:\\\/\\\/revolutionpadelstore.com\\\/wp-content\\\/uploads\\\/2024\\\/03\\\/imagen_1_110803_7989bb2e_40c5-1.webp\",\"width\":1500,\"height\":1500},{\"@type\":\"BreadcrumbList\",\"@id\":\"https:\\\/\\\/revolutionpadelstore.com\\\/it\\\/prodotto\\\/nox-at-pro-cup-coorp-2024-4\\\/#breadcrumb\",\"itemListElement\":[{\"@type\":\"ListItem\",\"position\":1,\"name\":\"Portada\",\"item\":\"https:\\\/\\\/revolutionpadelstore.com\\\/it\\\/\"},{\"@type\":\"ListItem\",\"position\":2,\"name\":\"Tienda\",\"item\":\"https:\\\/\\\/revolutionpadelstore.com\\\/it\\\/tienda\\\/\"},{\"@type\":\"ListItem\",\"position\":3,\"name\":\"NOX AT PRO CUP COORP 2024\"}]},{\"@type\":\"WebSite\",\"@id\":\"https:\\\/\\\/revolutionpadelstore.com\\\/it\\\/#website\",\"url\":\"https:\\\/\\\/revolutionpadelstore.com\\\/it\\\/\",\"name\":\"Revolution Padel Store\",\"description\":\"\",\"publisher\":{\"@id\":\"https:\\\/\\\/revolutionpadelstore.com\\\/it\\\/#organization\"},\"potentialAction\":[{\"@type\":\"SearchAction\",\"target\":{\"@type\":\"EntryPoint\",\"urlTemplate\":\"https:\\\/\\\/revolutionpadelstore.com\\\/it\\\/?s={search_term_string}\"},\"query-input\":{\"@type\":\"PropertyValueSpecification\",\"valueRequired\":true,\"valueName\":\"search_term_string\"}}],\"inLanguage\":\"it-IT\"},{\"@type\":\"Organization\",\"@id\":\"https:\\\/\\\/revolutionpadelstore.com\\\/it\\\/#organization\",\"name\":\"Revolution Padel Store\",\"url\":\"https:\\\/\\\/revolutionpadelstore.com\\\/it\\\/\",\"logo\":{\"@type\":\"ImageObject\",\"inLanguage\":\"it-IT\",\"@id\":\"https:\\\/\\\/revolutionpadelstore.com\\\/it\\\/#\\\/schema\\\/logo\\\/image\\\/\",\"url\":\"https:\\\/\\\/revolutionpadelstore.com\\\/wp-content\\\/uploads\\\/2026\\\/02\\\/revolution-padel-store.jpg\",\"contentUrl\":\"https:\\\/\\\/revolutionpadelstore.com\\\/wp-content\\\/uploads\\\/2026\\\/02\\\/revolution-padel-store.jpg\",\"width\":2000,\"height\":2000,\"caption\":\"Revolution Padel Store\"},\"image\":{\"@id\":\"https:\\\/\\\/revolutionpadelstore.com\\\/it\\\/#\\\/schema\\\/logo\\\/image\\\/\"},\"sameAs\":[\"https:\\\/\\\/www.instagram.com\\\/revolutionpadelstore\\\/\"]}]}<\/script>\n<!-- \/ Yoast SEO plugin. -->","yoast_head_json":{"title":"NOX AT PRO CUP COORP 2024 - Revolution Padel Store","description":"Nox AT Pro Cup Coorp 2024, pala de l\u00e1grima con molde mejorado y materiales de alta calidad. De tacto medio duro con Fiber Glass Silver 3K.","robots":{"index":"index","follow":"follow","max-snippet":"max-snippet:-1","max-image-preview":"max-image-preview:large","max-video-preview":"max-video-preview:-1"},"canonical":"https:\/\/revolutionpadelstore.com\/it\/prodotto\/nox-at-pro-cup-coorp-2024-4\/","og_locale":"it_IT","og_type":"article","og_title":"NOX AT PRO CUP COORP 2024 - Revolution Padel Store","og_description":"Nox AT Pro Cup Coorp 2024, pala de l\u00e1grima con molde mejorado y materiales de alta calidad. De tacto medio duro con Fiber Glass Silver 3K.","og_url":"https:\/\/revolutionpadelstore.com\/it\/prodotto\/nox-at-pro-cup-coorp-2024-4\/","og_site_name":"Revolution Padel Store","article_modified_time":"2026-04-03T00:01:43+00:00","og_image":[{"width":1500,"height":1500,"url":"https:\/\/revolutionpadelstore.com\/wp-content\/uploads\/2024\/03\/imagen_1_110803_7989bb2e_40c5-1.webp","type":"image\/webp"}],"twitter_card":"summary_large_image","twitter_misc":{"Tempo di lettura stimato":"2 minuti"},"schema":{"@context":"https:\/\/schema.org","@graph":[{"@type":"WebPage","@id":"https:\/\/revolutionpadelstore.com\/it\/prodotto\/nox-at-pro-cup-coorp-2024-4\/","url":"https:\/\/revolutionpadelstore.com\/it\/prodotto\/nox-at-pro-cup-coorp-2024-4\/","name":"NOX AT PRO CUP COORP 2024 - Revolution Padel Store","isPartOf":{"@id":"https:\/\/revolutionpadelstore.com\/it\/#website"},"primaryImageOfPage":{"@id":"https:\/\/revolutionpadelstore.com\/it\/prodotto\/nox-at-pro-cup-coorp-2024-4\/#primaryimage"},"image":{"@id":"https:\/\/revolutionpadelstore.com\/it\/prodotto\/nox-at-pro-cup-coorp-2024-4\/#primaryimage"},"thumbnailUrl":"https:\/\/revolutionpadelstore.com\/wp-content\/uploads\/2024\/03\/imagen_1_110803_7989bb2e_40c5-1.webp","datePublished":"2024-03-23T15:00:42+00:00","dateModified":"2026-04-03T00:01:43+00:00","description":"Nox AT Pro Cup Coorp 2024, pala de l\u00e1grima con molde mejorado y materiales de alta calidad. De tacto medio duro con Fiber Glass Silver 3K.","breadcrumb":{"@id":"https:\/\/revolutionpadelstore.com\/it\/prodotto\/nox-at-pro-cup-coorp-2024-4\/#breadcrumb"},"inLanguage":"it-IT","potentialAction":[{"@type":"ReadAction","target":["https:\/\/revolutionpadelstore.com\/it\/prodotto\/nox-at-pro-cup-coorp-2024-4\/"]}]},{"@type":"ImageObject","inLanguage":"it-IT","@id":"https:\/\/revolutionpadelstore.com\/it\/prodotto\/nox-at-pro-cup-coorp-2024-4\/#primaryimage","url":"https:\/\/revolutionpadelstore.com\/wp-content\/uploads\/2024\/03\/imagen_1_110803_7989bb2e_40c5-1.webp","contentUrl":"https:\/\/revolutionpadelstore.com\/wp-content\/uploads\/2024\/03\/imagen_1_110803_7989bb2e_40c5-1.webp","width":1500,"height":1500},{"@type":"BreadcrumbList","@id":"https:\/\/revolutionpadelstore.com\/it\/prodotto\/nox-at-pro-cup-coorp-2024-4\/#breadcrumb","itemListElement":[{"@type":"ListItem","position":1,"name":"Portada","item":"https:\/\/revolutionpadelstore.com\/it\/"},{"@type":"ListItem","position":2,"name":"Tienda","item":"https:\/\/revolutionpadelstore.com\/it\/tienda\/"},{"@type":"ListItem","position":3,"name":"NOX AT PRO CUP COORP 2024"}]},{"@type":"WebSite","@id":"https:\/\/revolutionpadelstore.com\/it\/#website","url":"https:\/\/revolutionpadelstore.com\/it\/","name":"Revolution Padel Store","description":"","publisher":{"@id":"https:\/\/revolutionpadelstore.com\/it\/#organization"},"potentialAction":[{"@type":"SearchAction","target":{"@type":"EntryPoint","urlTemplate":"https:\/\/revolutionpadelstore.com\/it\/?s={search_term_string}"},"query-input":{"@type":"PropertyValueSpecification","valueRequired":true,"valueName":"search_term_string"}}],"inLanguage":"it-IT"},{"@type":"Organization","@id":"https:\/\/revolutionpadelstore.com\/it\/#organization","name":"Revolution Padel Store","url":"https:\/\/revolutionpadelstore.com\/it\/","logo":{"@type":"ImageObject","inLanguage":"it-IT","@id":"https:\/\/revolutionpadelstore.com\/it\/#\/schema\/logo\/image\/","url":"https:\/\/revolutionpadelstore.com\/wp-content\/uploads\/2026\/02\/revolution-padel-store.jpg","contentUrl":"https:\/\/revolutionpadelstore.com\/wp-content\/uploads\/2026\/02\/revolution-padel-store.jpg","width":2000,"height":2000,"caption":"Revolution Padel Store"},"image":{"@id":"https:\/\/revolutionpadelstore.com\/it\/#\/schema\/logo\/image\/"},"sameAs":["https:\/\/www.instagram.com\/revolutionpadelstore\/"]}]}},"_links":{"self":[{"href":"https:\/\/revolutionpadelstore.com\/it\/wp-json\/wp\/v2\/product\/20154","targetHints":{"allow":["GET"]}}],"collection":[{"href":"https:\/\/revolutionpadelstore.com\/it\/wp-json\/wp\/v2\/product"}],"about":[{"href":"https:\/\/revolutionpadelstore.com\/it\/wp-json\/wp\/v2\/types\/product"}],"replies":[{"embeddable":true,"href":"https:\/\/revolutionpadelstore.com\/it\/wp-json\/wp\/v2\/comments?post=20154"}],"wp:featuredmedia":[{"embeddable":true,"href":"https:\/\/revolutionpadelstore.com\/it\/wp-json\/wp\/v2\/media\/51583"}],"wp:attachment":[{"href":"https:\/\/revolutionpadelstore.com\/it\/wp-json\/wp\/v2\/media?parent=20154"}],"wp:term":[{"taxonomy":"acabado","embeddable":true,"href":"https:\/\/revolutionpadelstore.com\/it\/wp-json\/wp\/v2\/acabado?post=20154"},{"taxonomy":"balance","embeddable":true,"href":"https:\/\/revolutionpadelstore.com\/it\/wp-json\/wp\/v2\/balance?post=20154"},{"taxonomy":"dureza","embeddable":true,"href":"https:\/\/revolutionpadelstore.com\/it\/wp-json\/wp\/v2\/dureza?post=20154"},{"taxonomy":"forma","embeddable":true,"href":"https:\/\/revolutionpadelstore.com\/it\/wp-json\/wp\/v2\/forma?post=20154"},{"taxonomy":"jugador","embeddable":true,"href":"https:\/\/revolutionpadelstore.com\/it\/wp-json\/wp\/v2\/jugador?post=20154"},{"taxonomy":"marca","embeddable":true,"href":"https:\/\/revolutionpadelstore.com\/it\/wp-json\/wp\/v2\/marca?post=20154"},{"taxonomy":"nivel-de-juego","embeddable":true,"href":"https:\/\/revolutionpadelstore.com\/it\/wp-json\/wp\/v2\/nivel-de-juego?post=20154"},{"taxonomy":"superficie","embeddable":true,"href":"https:\/\/revolutionpadelstore.com\/it\/wp-json\/wp\/v2\/superficie?post=20154"},{"taxonomy":"tipo-de-juego","embeddable":true,"href":"https:\/\/revolutionpadelstore.com\/it\/wp-json\/wp\/v2\/tipo-de-juego?post=20154"},{"taxonomy":"product_brand","embeddable":true,"href":"https:\/\/revolutionpadelstore.com\/it\/wp-json\/wp\/v2\/product_brand?post=20154"},{"taxonomy":"product_cat","embeddable":true,"href":"https:\/\/revolutionpadelstore.com\/it\/wp-json\/wp\/v2\/product_cat?post=20154"},{"taxonomy":"product_tag","embeddable":true,"href":"https:\/\/revolutionpadelstore.com\/it\/wp-json\/wp\/v2\/product_tag?post=20154"}],"curies":[{"name":"wp","href":"https:\/\/api.w.org\/{rel}","templated":true}]}}