{"id":20009,"date":"2024-03-23T17:03:45","date_gmt":"2024-03-23T16:03:45","guid":{"rendered":"https:\/\/revolutionpadelstore.com\/nox-ml10-pro-cup-coorp-23\/"},"modified":"2026-04-01T11:19:39","modified_gmt":"2026-04-01T09:19:39","slug":"nox-ml10-pro-cup-coorp-23-4","status":"publish","type":"product","link":"https:\/\/revolutionpadelstore.com\/it\/prodotto\/nox-ml10-pro-cup-coorp-23-4\/","title":{"rendered":"NOX ML10 PRO CUP COORP 23"},"content":{"rendered":"<p><strong>NOX ML10 PRO CUP COORP 23, UNA RACCHETTA DI CONTROLLO<\/strong><\/p>\n<div id=\"\" hidden=\"\">Una volta provato non vorrai metterlo gi\u00f9! Ottieni la nuova edizione Nox ML10 Pro Cup Corp 2023, una racchetta comoda, solida e potente realizzata per i giocatori che cercano il controllo totale della palla senza dimenticare la potenza.<\/div>\n<div id=\"\" hidden=\"\">\u00c8 una delle racchette pi\u00f9 vendute della storia e il primo modello sviluppato dalla stella del padel, Miguel Lamperti. \u00c8 semplicemente un classico.<\/div>\n<div id=\"\" hidden=\"\">Tipo di giocatore<\/div>\n<div id=\"\" hidden=\"\">\u00c8 la racchetta perfetta per il giocatore intensivo di livello intermedio-avanzato che cerca una racchetta controllata, comoda e potente, ideale per ottenere precisione e uscite di palla potenti e veloci.<\/div>\n<div id=\"\" hidden=\"\">Caratteristiche tecniche<\/div>\n<div id=\"\" hidden=\"\">Costruita in uno stampo rotondo, \u00e8 una racchetta realizzata al 100% in carbonio Carbon Frame combinato con i piani in fibra di vetro 3K Silver, un materiale che si incastra per ottenere flessibilit\u00e0, durata e rigidit\u00e0.<\/div>\n<div id=\"\" hidden=\"\">Il nucleo in gomma HR3 Core \u00e8 responsabile di fornire potenza extra dopo aver colpito.<\/div>\n<div id=\"\" hidden=\"\">Include il nuovo sistema di corde di sicurezza sostituibili, Smartstraps, che migliora la sicurezza e la presa della racchetta durante il gioco.<\/div>\n<div id=\"\" hidden=\"\">Design e colori<\/div>\n<div id=\"\" hidden=\"\">\u00c8 una racchetta classica, moderna con un&#8217;estetica elegante e sportiva che si abbina alla struttura bianca e al telaio avvolto in rosso, oltre ai piani con dettagli dorati e alle lettere Nox in nero<\/div>\n<p>Una volta provato non vorrai pi\u00f9 metterlo gi\u00f9! Ottieni la nuova edizione della Nox ML10 Pro Cup Corp 2023, una racchetta comoda, solida e potente realizzata per i giocatori che cercano il controllo totale della palla senza dimenticare la potenza.<\/strong><\/p>\n<p>\u00c8 una delle racchette pi\u00f9 vendute della storia e il primo modello sviluppato dalla stella del padel, Miguel Lamperti. \u00c8 semplicemente un classico.<\/p>\n<h3>Tipo di giocatore<\/h3>\n<p>\u00c8 la racchetta perfetta per il <strong>giocatore intensivo intermedio-avanzato<\/strong> che cerca una racchetta controllata, comoda e potente, ideale per ottenere precisione e rilasci di palla potenti e veloci.<\/p>\n<h3>Caratteristiche tecniche<\/h3>\n<p>Costruita in uno <strong>stampo rotondo<\/strong>, \u00e8 una racchetta composita con il <strong>telaio in carbonio 100% carbonio<\/strong> combinato con i piani in fibra di vetro 3K Silver<\/strong> strong&gt;, un materiale che si incastra per ottenere <strong>flessibilit\u00e0, durata e rigidit\u00e0.<\/strong><\/p>\n<p>Il nucleo in gomma HR3 Core \u00e8 responsabile di fornire potenza extra dopo aver colpito.<\/p>\n<p>Include il nuovo sistema di cordini di sicurezza sostituibili, Smartstraps, che migliora la sicurezza e la presa della racchetta durante il gioco.<\/p>\n<h3>Design e colori<\/h3>\n<p>\u00c8 una racchetta classica, moderna con un&#8217;estetica elegante e sportiva che si abbina alla struttura bianca e al telaio avvolto in rosso, oltre ai piani con dettagli dorati e alle lettere Nox in nero.<strong>NOX ML10 PRO CUP COORP 23, UNA PALA DE CONTROL<\/strong><\/p>\n","protected":false},"excerpt":{"rendered":"<div class=\"panoramica degli attributi del prodotto\">\n<div class=\"valore\">\n<p>Progettata con materiali di qualit\u00e0, questa nuova racchetta padel \u00e8 perfetta per i tuoi giochi polivalenti.<\/p>\n<\/div>\n<\/div>\n<div class=\"prodotto-add-form\">\n<div class=\"field qty\"><\/div>\n<\/div>\n","protected":false},"featured_media":51179,"comment_status":"open","ping_status":"closed","template":"","meta":{"_acf_changed":false,"_joinchat":[]},"acabado":[1081],"balance":[1141],"dureza":[1156],"forma":[1181],"jugador":[1201,1191],"marca":[1261],"nivel-de-juego":[1336],"superficie":[1356],"tipo-de-juego":[1386],"product_brand":[],"product_cat":[301],"product_tag":[],"class_list":{"0":"post-20009","1":"product","2":"type-product","3":"status-publish","4":"has-post-thumbnail","6":"acabado-luminosita","7":"balance-medio-it","8":"dureza-media-it","9":"forma-rotondo","10":"jugador-multiuso","11":"jugador-uomo","12":"marca-nox-it","13":"superficie-lisa-it","14":"tipo-de-juego-multiuso","15":"product_cat-palas-de-padel-it","17":"first","18":"onbackorder","19":"sale","20":"taxable","21":"shipping-taxable","22":"purchasable","23":"product-type-simple"},"acf":[],"yoast_head":"<!-- This site is optimized with the Yoast SEO plugin v27.3 - https:\/\/yoast.com\/product\/yoast-seo-wordpress\/ -->\n<title>NOX ML10 PRO CUP COORP 23 - Revolution Padel Store<\/title>\n<meta name=\"description\" content=\"Dise\u00f1ada con materiales de calidad, esta nueva pala de p\u00e1del es perfecta para tus juegos polivalentes.\" \/>\n<meta name=\"robots\" content=\"index, follow, max-snippet:-1, max-image-preview:large, max-video-preview:-1\" \/>\n<link rel=\"canonical\" href=\"https:\/\/revolutionpadelstore.com\/it\/prodotto\/nox-ml10-pro-cup-coorp-23-4\/\" \/>\n<meta property=\"og:locale\" content=\"it_IT\" \/>\n<meta property=\"og:type\" content=\"article\" \/>\n<meta property=\"og:title\" content=\"NOX ML10 PRO CUP COORP 23 - Revolution Padel Store\" \/>\n<meta property=\"og:description\" content=\"Dise\u00f1ada con materiales de calidad, esta nueva pala de p\u00e1del es perfecta para tus juegos polivalentes.\" \/>\n<meta property=\"og:url\" content=\"https:\/\/revolutionpadelstore.com\/it\/prodotto\/nox-ml10-pro-cup-coorp-23-4\/\" \/>\n<meta property=\"og:site_name\" content=\"Revolution Padel Store\" \/>\n<meta property=\"article:modified_time\" content=\"2026-04-01T09:19:39+00:00\" \/>\n<meta property=\"og:image\" content=\"https:\/\/revolutionpadelstore.com\/wp-content\/uploads\/2024\/03\/PML10PCOOR23_1000_1000_1_935b.webp\" \/>\n\t<meta property=\"og:image:width\" content=\"1000\" \/>\n\t<meta property=\"og:image:height\" content=\"1000\" \/>\n\t<meta property=\"og:image:type\" content=\"image\/webp\" \/>\n<meta name=\"twitter:card\" content=\"summary_large_image\" \/>\n<meta name=\"twitter:label1\" content=\"Tempo di lettura stimato\" \/>\n\t<meta name=\"twitter:data1\" content=\"3 minuti\" \/>\n<script type=\"application\/ld+json\" class=\"yoast-schema-graph\">{\"@context\":\"https:\\\/\\\/schema.org\",\"@graph\":[{\"@type\":\"WebPage\",\"@id\":\"https:\\\/\\\/revolutionpadelstore.com\\\/it\\\/prodotto\\\/nox-ml10-pro-cup-coorp-23-4\\\/\",\"url\":\"https:\\\/\\\/revolutionpadelstore.com\\\/it\\\/prodotto\\\/nox-ml10-pro-cup-coorp-23-4\\\/\",\"name\":\"NOX ML10 PRO CUP COORP 23 - Revolution Padel Store\",\"isPartOf\":{\"@id\":\"https:\\\/\\\/revolutionpadelstore.com\\\/it\\\/#website\"},\"primaryImageOfPage\":{\"@id\":\"https:\\\/\\\/revolutionpadelstore.com\\\/it\\\/prodotto\\\/nox-ml10-pro-cup-coorp-23-4\\\/#primaryimage\"},\"image\":{\"@id\":\"https:\\\/\\\/revolutionpadelstore.com\\\/it\\\/prodotto\\\/nox-ml10-pro-cup-coorp-23-4\\\/#primaryimage\"},\"thumbnailUrl\":\"https:\\\/\\\/revolutionpadelstore.com\\\/wp-content\\\/uploads\\\/2024\\\/03\\\/PML10PCOOR23_1000_1000_1_935b.webp\",\"datePublished\":\"2024-03-23T16:03:45+00:00\",\"dateModified\":\"2026-04-01T09:19:39+00:00\",\"description\":\"Dise\u00f1ada con materiales de calidad, esta nueva pala de p\u00e1del es perfecta para tus juegos polivalentes.\",\"breadcrumb\":{\"@id\":\"https:\\\/\\\/revolutionpadelstore.com\\\/it\\\/prodotto\\\/nox-ml10-pro-cup-coorp-23-4\\\/#breadcrumb\"},\"inLanguage\":\"it-IT\",\"potentialAction\":[{\"@type\":\"ReadAction\",\"target\":[\"https:\\\/\\\/revolutionpadelstore.com\\\/it\\\/prodotto\\\/nox-ml10-pro-cup-coorp-23-4\\\/\"]}]},{\"@type\":\"ImageObject\",\"inLanguage\":\"it-IT\",\"@id\":\"https:\\\/\\\/revolutionpadelstore.com\\\/it\\\/prodotto\\\/nox-ml10-pro-cup-coorp-23-4\\\/#primaryimage\",\"url\":\"https:\\\/\\\/revolutionpadelstore.com\\\/wp-content\\\/uploads\\\/2024\\\/03\\\/PML10PCOOR23_1000_1000_1_935b.webp\",\"contentUrl\":\"https:\\\/\\\/revolutionpadelstore.com\\\/wp-content\\\/uploads\\\/2024\\\/03\\\/PML10PCOOR23_1000_1000_1_935b.webp\",\"width\":1000,\"height\":1000},{\"@type\":\"BreadcrumbList\",\"@id\":\"https:\\\/\\\/revolutionpadelstore.com\\\/it\\\/prodotto\\\/nox-ml10-pro-cup-coorp-23-4\\\/#breadcrumb\",\"itemListElement\":[{\"@type\":\"ListItem\",\"position\":1,\"name\":\"Portada\",\"item\":\"https:\\\/\\\/revolutionpadelstore.com\\\/it\\\/\"},{\"@type\":\"ListItem\",\"position\":2,\"name\":\"Tienda\",\"item\":\"https:\\\/\\\/revolutionpadelstore.com\\\/it\\\/tienda\\\/\"},{\"@type\":\"ListItem\",\"position\":3,\"name\":\"NOX ML10 PRO CUP COORP 23\"}]},{\"@type\":\"WebSite\",\"@id\":\"https:\\\/\\\/revolutionpadelstore.com\\\/it\\\/#website\",\"url\":\"https:\\\/\\\/revolutionpadelstore.com\\\/it\\\/\",\"name\":\"Revolution Padel Store\",\"description\":\"\",\"publisher\":{\"@id\":\"https:\\\/\\\/revolutionpadelstore.com\\\/it\\\/#organization\"},\"potentialAction\":[{\"@type\":\"SearchAction\",\"target\":{\"@type\":\"EntryPoint\",\"urlTemplate\":\"https:\\\/\\\/revolutionpadelstore.com\\\/it\\\/?s={search_term_string}\"},\"query-input\":{\"@type\":\"PropertyValueSpecification\",\"valueRequired\":true,\"valueName\":\"search_term_string\"}}],\"inLanguage\":\"it-IT\"},{\"@type\":\"Organization\",\"@id\":\"https:\\\/\\\/revolutionpadelstore.com\\\/it\\\/#organization\",\"name\":\"Revolution Padel Store\",\"url\":\"https:\\\/\\\/revolutionpadelstore.com\\\/it\\\/\",\"logo\":{\"@type\":\"ImageObject\",\"inLanguage\":\"it-IT\",\"@id\":\"https:\\\/\\\/revolutionpadelstore.com\\\/it\\\/#\\\/schema\\\/logo\\\/image\\\/\",\"url\":\"https:\\\/\\\/revolutionpadelstore.com\\\/wp-content\\\/uploads\\\/2026\\\/02\\\/revolution-padel-store.jpg\",\"contentUrl\":\"https:\\\/\\\/revolutionpadelstore.com\\\/wp-content\\\/uploads\\\/2026\\\/02\\\/revolution-padel-store.jpg\",\"width\":2000,\"height\":2000,\"caption\":\"Revolution Padel Store\"},\"image\":{\"@id\":\"https:\\\/\\\/revolutionpadelstore.com\\\/it\\\/#\\\/schema\\\/logo\\\/image\\\/\"},\"sameAs\":[\"https:\\\/\\\/www.instagram.com\\\/revolutionpadelstore\\\/\"]}]}<\/script>\n<!-- \/ Yoast SEO plugin. -->","yoast_head_json":{"title":"NOX ML10 PRO CUP COORP 23 - Revolution Padel Store","description":"Dise\u00f1ada con materiales de calidad, esta nueva pala de p\u00e1del es perfecta para tus juegos polivalentes.","robots":{"index":"index","follow":"follow","max-snippet":"max-snippet:-1","max-image-preview":"max-image-preview:large","max-video-preview":"max-video-preview:-1"},"canonical":"https:\/\/revolutionpadelstore.com\/it\/prodotto\/nox-ml10-pro-cup-coorp-23-4\/","og_locale":"it_IT","og_type":"article","og_title":"NOX ML10 PRO CUP COORP 23 - Revolution Padel Store","og_description":"Dise\u00f1ada con materiales de calidad, esta nueva pala de p\u00e1del es perfecta para tus juegos polivalentes.","og_url":"https:\/\/revolutionpadelstore.com\/it\/prodotto\/nox-ml10-pro-cup-coorp-23-4\/","og_site_name":"Revolution Padel Store","article_modified_time":"2026-04-01T09:19:39+00:00","og_image":[{"width":1000,"height":1000,"url":"https:\/\/revolutionpadelstore.com\/wp-content\/uploads\/2024\/03\/PML10PCOOR23_1000_1000_1_935b.webp","type":"image\/webp"}],"twitter_card":"summary_large_image","twitter_misc":{"Tempo di lettura stimato":"3 minuti"},"schema":{"@context":"https:\/\/schema.org","@graph":[{"@type":"WebPage","@id":"https:\/\/revolutionpadelstore.com\/it\/prodotto\/nox-ml10-pro-cup-coorp-23-4\/","url":"https:\/\/revolutionpadelstore.com\/it\/prodotto\/nox-ml10-pro-cup-coorp-23-4\/","name":"NOX ML10 PRO CUP COORP 23 - Revolution Padel Store","isPartOf":{"@id":"https:\/\/revolutionpadelstore.com\/it\/#website"},"primaryImageOfPage":{"@id":"https:\/\/revolutionpadelstore.com\/it\/prodotto\/nox-ml10-pro-cup-coorp-23-4\/#primaryimage"},"image":{"@id":"https:\/\/revolutionpadelstore.com\/it\/prodotto\/nox-ml10-pro-cup-coorp-23-4\/#primaryimage"},"thumbnailUrl":"https:\/\/revolutionpadelstore.com\/wp-content\/uploads\/2024\/03\/PML10PCOOR23_1000_1000_1_935b.webp","datePublished":"2024-03-23T16:03:45+00:00","dateModified":"2026-04-01T09:19:39+00:00","description":"Dise\u00f1ada con materiales de calidad, esta nueva pala de p\u00e1del es perfecta para tus juegos polivalentes.","breadcrumb":{"@id":"https:\/\/revolutionpadelstore.com\/it\/prodotto\/nox-ml10-pro-cup-coorp-23-4\/#breadcrumb"},"inLanguage":"it-IT","potentialAction":[{"@type":"ReadAction","target":["https:\/\/revolutionpadelstore.com\/it\/prodotto\/nox-ml10-pro-cup-coorp-23-4\/"]}]},{"@type":"ImageObject","inLanguage":"it-IT","@id":"https:\/\/revolutionpadelstore.com\/it\/prodotto\/nox-ml10-pro-cup-coorp-23-4\/#primaryimage","url":"https:\/\/revolutionpadelstore.com\/wp-content\/uploads\/2024\/03\/PML10PCOOR23_1000_1000_1_935b.webp","contentUrl":"https:\/\/revolutionpadelstore.com\/wp-content\/uploads\/2024\/03\/PML10PCOOR23_1000_1000_1_935b.webp","width":1000,"height":1000},{"@type":"BreadcrumbList","@id":"https:\/\/revolutionpadelstore.com\/it\/prodotto\/nox-ml10-pro-cup-coorp-23-4\/#breadcrumb","itemListElement":[{"@type":"ListItem","position":1,"name":"Portada","item":"https:\/\/revolutionpadelstore.com\/it\/"},{"@type":"ListItem","position":2,"name":"Tienda","item":"https:\/\/revolutionpadelstore.com\/it\/tienda\/"},{"@type":"ListItem","position":3,"name":"NOX ML10 PRO CUP COORP 23"}]},{"@type":"WebSite","@id":"https:\/\/revolutionpadelstore.com\/it\/#website","url":"https:\/\/revolutionpadelstore.com\/it\/","name":"Revolution Padel Store","description":"","publisher":{"@id":"https:\/\/revolutionpadelstore.com\/it\/#organization"},"potentialAction":[{"@type":"SearchAction","target":{"@type":"EntryPoint","urlTemplate":"https:\/\/revolutionpadelstore.com\/it\/?s={search_term_string}"},"query-input":{"@type":"PropertyValueSpecification","valueRequired":true,"valueName":"search_term_string"}}],"inLanguage":"it-IT"},{"@type":"Organization","@id":"https:\/\/revolutionpadelstore.com\/it\/#organization","name":"Revolution Padel Store","url":"https:\/\/revolutionpadelstore.com\/it\/","logo":{"@type":"ImageObject","inLanguage":"it-IT","@id":"https:\/\/revolutionpadelstore.com\/it\/#\/schema\/logo\/image\/","url":"https:\/\/revolutionpadelstore.com\/wp-content\/uploads\/2026\/02\/revolution-padel-store.jpg","contentUrl":"https:\/\/revolutionpadelstore.com\/wp-content\/uploads\/2026\/02\/revolution-padel-store.jpg","width":2000,"height":2000,"caption":"Revolution Padel Store"},"image":{"@id":"https:\/\/revolutionpadelstore.com\/it\/#\/schema\/logo\/image\/"},"sameAs":["https:\/\/www.instagram.com\/revolutionpadelstore\/"]}]}},"_links":{"self":[{"href":"https:\/\/revolutionpadelstore.com\/it\/wp-json\/wp\/v2\/product\/20009","targetHints":{"allow":["GET"]}}],"collection":[{"href":"https:\/\/revolutionpadelstore.com\/it\/wp-json\/wp\/v2\/product"}],"about":[{"href":"https:\/\/revolutionpadelstore.com\/it\/wp-json\/wp\/v2\/types\/product"}],"replies":[{"embeddable":true,"href":"https:\/\/revolutionpadelstore.com\/it\/wp-json\/wp\/v2\/comments?post=20009"}],"wp:featuredmedia":[{"embeddable":true,"href":"https:\/\/revolutionpadelstore.com\/it\/wp-json\/wp\/v2\/media\/51179"}],"wp:attachment":[{"href":"https:\/\/revolutionpadelstore.com\/it\/wp-json\/wp\/v2\/media?parent=20009"}],"wp:term":[{"taxonomy":"acabado","embeddable":true,"href":"https:\/\/revolutionpadelstore.com\/it\/wp-json\/wp\/v2\/acabado?post=20009"},{"taxonomy":"balance","embeddable":true,"href":"https:\/\/revolutionpadelstore.com\/it\/wp-json\/wp\/v2\/balance?post=20009"},{"taxonomy":"dureza","embeddable":true,"href":"https:\/\/revolutionpadelstore.com\/it\/wp-json\/wp\/v2\/dureza?post=20009"},{"taxonomy":"forma","embeddable":true,"href":"https:\/\/revolutionpadelstore.com\/it\/wp-json\/wp\/v2\/forma?post=20009"},{"taxonomy":"jugador","embeddable":true,"href":"https:\/\/revolutionpadelstore.com\/it\/wp-json\/wp\/v2\/jugador?post=20009"},{"taxonomy":"marca","embeddable":true,"href":"https:\/\/revolutionpadelstore.com\/it\/wp-json\/wp\/v2\/marca?post=20009"},{"taxonomy":"nivel-de-juego","embeddable":true,"href":"https:\/\/revolutionpadelstore.com\/it\/wp-json\/wp\/v2\/nivel-de-juego?post=20009"},{"taxonomy":"superficie","embeddable":true,"href":"https:\/\/revolutionpadelstore.com\/it\/wp-json\/wp\/v2\/superficie?post=20009"},{"taxonomy":"tipo-de-juego","embeddable":true,"href":"https:\/\/revolutionpadelstore.com\/it\/wp-json\/wp\/v2\/tipo-de-juego?post=20009"},{"taxonomy":"product_brand","embeddable":true,"href":"https:\/\/revolutionpadelstore.com\/it\/wp-json\/wp\/v2\/product_brand?post=20009"},{"taxonomy":"product_cat","embeddable":true,"href":"https:\/\/revolutionpadelstore.com\/it\/wp-json\/wp\/v2\/product_cat?post=20009"},{"taxonomy":"product_tag","embeddable":true,"href":"https:\/\/revolutionpadelstore.com\/it\/wp-json\/wp\/v2\/product_tag?post=20009"}],"curies":[{"name":"wp","href":"https:\/\/api.w.org\/{rel}","templated":true}]}}