{"id":19854,"date":"2024-03-24T15:13:01","date_gmt":"2024-03-24T14:13:01","guid":{"rendered":"https:\/\/revolutionpadelstore.com\/pala-softee-ranger-fucsia\/"},"modified":"2026-04-01T11:11:50","modified_gmt":"2026-04-01T09:11:50","slug":"pala-softee-ranger-fucsia-4","status":"publish","type":"product","link":"https:\/\/revolutionpadelstore.com\/it\/prodotto\/pala-softee-ranger-fucsia-4\/","title":{"rendered":"Pala Softee Ranger Fucsia"},"content":{"rendered":"","protected":false},"excerpt":{"rendered":"<p>I modelli Ranger sono progettati con una forma a diamante e una finitura ruvida che migliora l&#8217;effetto della pallina.<br \/>\nQuesta racchetta \u00e8 realizzata in fibra di vetro e gomma S8 con una sensazione pi\u00f9 bianca e confortevole per i giocatori che gi\u00e0 padroneggiano il gioco.<\/p>\n<p>Inoltre, la lama Ranger ha un ponte scanalato, caratteristico di questo modello. Una racchetta padel di medio livello con eccellenti prestazioni durante il gioco.<br \/>\n\u00c8 uno dei modelli meglio apprezzati dai giocatori e si adatta a tutti i tipi di giochi.<\/p>\n","protected":false},"featured_media":3924,"comment_status":"open","ping_status":"closed","template":"","meta":{"_acf_changed":false,"_joinchat":[]},"acabado":[],"balance":[],"dureza":[],"forma":[],"jugador":[1196],"marca":[1246],"nivel-de-juego":[],"superficie":[],"tipo-de-juego":[],"product_brand":[],"product_cat":[301],"product_tag":[],"class_list":{"0":"post-19854","1":"product","2":"type-product","3":"status-publish","4":"has-post-thumbnail","6":"jugador-mujer-it","7":"marca-softee-it","8":"product_cat-palas-de-padel-it","10":"first","11":"instock","12":"taxable","13":"shipping-taxable","14":"purchasable","15":"product-type-simple"},"acf":[],"yoast_head":"<!-- This site is optimized with the Yoast SEO plugin v27.3 - https:\/\/yoast.com\/product\/yoast-seo-wordpress\/ -->\n<title>Pala Softee Ranger Fucsia - Revolution Padel Store<\/title>\n<meta name=\"description\" content=\"Los modelos Ranger estan disenados con forma de diamante y un acabado rugoso que mejora los efectos de la pelota.Esta pala esta fabricada en fibra de vidrio y una goma S8 con un tacto mas blanco y comodo para jugadores que ya dominan el juego.Ademas la pala Ranger cuenta con un puente nervado, caracteristico en este modelo. Una pala de nivel medio con excelente rendimiento a la hora del juego.Es uno de los modelos con mejor acogida por parte de los jugadores y se adapta a todo tipo de juego.\" \/>\n<meta name=\"robots\" content=\"index, follow, max-snippet:-1, max-image-preview:large, max-video-preview:-1\" \/>\n<link rel=\"canonical\" href=\"https:\/\/revolutionpadelstore.com\/it\/prodotto\/pala-softee-ranger-fucsia-4\/\" \/>\n<meta property=\"og:locale\" content=\"it_IT\" \/>\n<meta property=\"og:type\" content=\"article\" \/>\n<meta property=\"og:title\" content=\"Pala Softee Ranger Fucsia - Revolution Padel Store\" \/>\n<meta property=\"og:description\" content=\"Los modelos Ranger estan disenados con forma de diamante y un acabado rugoso que mejora los efectos de la pelota.Esta pala esta fabricada en fibra de vidrio y una goma S8 con un tacto mas blanco y comodo para jugadores que ya dominan el juego.Ademas la pala Ranger cuenta con un puente nervado, caracteristico en este modelo. Una pala de nivel medio con excelente rendimiento a la hora del juego.Es uno de los modelos con mejor acogida por parte de los jugadores y se adapta a todo tipo de juego.\" \/>\n<meta property=\"og:url\" content=\"https:\/\/revolutionpadelstore.com\/it\/prodotto\/pala-softee-ranger-fucsia-4\/\" \/>\n<meta property=\"og:site_name\" content=\"Revolution Padel Store\" \/>\n<meta property=\"article:modified_time\" content=\"2026-04-01T09:11:50+00:00\" \/>\n<meta property=\"og:image\" content=\"https:\/\/revolutionpadelstore.com\/wp-content\/uploads\/2024\/03\/pala-softee-ranger-fucsia-800x800-1.jpg\" \/>\n\t<meta property=\"og:image:width\" content=\"800\" \/>\n\t<meta property=\"og:image:height\" content=\"800\" \/>\n\t<meta property=\"og:image:type\" content=\"image\/jpeg\" \/>\n<meta name=\"twitter:card\" content=\"summary_large_image\" \/>\n<meta name=\"twitter:label1\" content=\"Tempo di lettura stimato\" \/>\n\t<meta name=\"twitter:data1\" content=\"1 minuto\" \/>\n<script type=\"application\/ld+json\" class=\"yoast-schema-graph\">{\"@context\":\"https:\\\/\\\/schema.org\",\"@graph\":[{\"@type\":\"WebPage\",\"@id\":\"https:\\\/\\\/revolutionpadelstore.com\\\/it\\\/prodotto\\\/pala-softee-ranger-fucsia-4\\\/\",\"url\":\"https:\\\/\\\/revolutionpadelstore.com\\\/it\\\/prodotto\\\/pala-softee-ranger-fucsia-4\\\/\",\"name\":\"Pala Softee Ranger Fucsia - Revolution Padel Store\",\"isPartOf\":{\"@id\":\"https:\\\/\\\/revolutionpadelstore.com\\\/it\\\/#website\"},\"primaryImageOfPage\":{\"@id\":\"https:\\\/\\\/revolutionpadelstore.com\\\/it\\\/prodotto\\\/pala-softee-ranger-fucsia-4\\\/#primaryimage\"},\"image\":{\"@id\":\"https:\\\/\\\/revolutionpadelstore.com\\\/it\\\/prodotto\\\/pala-softee-ranger-fucsia-4\\\/#primaryimage\"},\"thumbnailUrl\":\"https:\\\/\\\/revolutionpadelstore.com\\\/wp-content\\\/uploads\\\/2024\\\/03\\\/pala-softee-ranger-fucsia-800x800-1.jpg\",\"datePublished\":\"2024-03-24T14:13:01+00:00\",\"dateModified\":\"2026-04-01T09:11:50+00:00\",\"description\":\"Los modelos Ranger estan disenados con forma de diamante y un acabado rugoso que mejora los efectos de la pelota.Esta pala esta fabricada en fibra de vidrio y una goma S8 con un tacto mas blanco y comodo para jugadores que ya dominan el juego.Ademas la pala Ranger cuenta con un puente nervado, caracteristico en este modelo. Una pala de nivel medio con excelente rendimiento a la hora del juego.Es uno de los modelos con mejor acogida por parte de los jugadores y se adapta a todo tipo de juego.\",\"breadcrumb\":{\"@id\":\"https:\\\/\\\/revolutionpadelstore.com\\\/it\\\/prodotto\\\/pala-softee-ranger-fucsia-4\\\/#breadcrumb\"},\"inLanguage\":\"it-IT\",\"potentialAction\":[{\"@type\":\"ReadAction\",\"target\":[\"https:\\\/\\\/revolutionpadelstore.com\\\/it\\\/prodotto\\\/pala-softee-ranger-fucsia-4\\\/\"]}]},{\"@type\":\"ImageObject\",\"inLanguage\":\"it-IT\",\"@id\":\"https:\\\/\\\/revolutionpadelstore.com\\\/it\\\/prodotto\\\/pala-softee-ranger-fucsia-4\\\/#primaryimage\",\"url\":\"https:\\\/\\\/revolutionpadelstore.com\\\/wp-content\\\/uploads\\\/2024\\\/03\\\/pala-softee-ranger-fucsia-800x800-1.jpg\",\"contentUrl\":\"https:\\\/\\\/revolutionpadelstore.com\\\/wp-content\\\/uploads\\\/2024\\\/03\\\/pala-softee-ranger-fucsia-800x800-1.jpg\",\"width\":800,\"height\":800,\"caption\":\"Pala Softee Ranger Fucsia\"},{\"@type\":\"BreadcrumbList\",\"@id\":\"https:\\\/\\\/revolutionpadelstore.com\\\/it\\\/prodotto\\\/pala-softee-ranger-fucsia-4\\\/#breadcrumb\",\"itemListElement\":[{\"@type\":\"ListItem\",\"position\":1,\"name\":\"Portada\",\"item\":\"https:\\\/\\\/revolutionpadelstore.com\\\/it\\\/\"},{\"@type\":\"ListItem\",\"position\":2,\"name\":\"Tienda\",\"item\":\"https:\\\/\\\/revolutionpadelstore.com\\\/it\\\/tienda\\\/\"},{\"@type\":\"ListItem\",\"position\":3,\"name\":\"Pala Softee Ranger Fucsia\"}]},{\"@type\":\"WebSite\",\"@id\":\"https:\\\/\\\/revolutionpadelstore.com\\\/it\\\/#website\",\"url\":\"https:\\\/\\\/revolutionpadelstore.com\\\/it\\\/\",\"name\":\"Revolution Padel Store\",\"description\":\"\",\"publisher\":{\"@id\":\"https:\\\/\\\/revolutionpadelstore.com\\\/it\\\/#organization\"},\"potentialAction\":[{\"@type\":\"SearchAction\",\"target\":{\"@type\":\"EntryPoint\",\"urlTemplate\":\"https:\\\/\\\/revolutionpadelstore.com\\\/it\\\/?s={search_term_string}\"},\"query-input\":{\"@type\":\"PropertyValueSpecification\",\"valueRequired\":true,\"valueName\":\"search_term_string\"}}],\"inLanguage\":\"it-IT\"},{\"@type\":\"Organization\",\"@id\":\"https:\\\/\\\/revolutionpadelstore.com\\\/it\\\/#organization\",\"name\":\"Revolution Padel Store\",\"url\":\"https:\\\/\\\/revolutionpadelstore.com\\\/it\\\/\",\"logo\":{\"@type\":\"ImageObject\",\"inLanguage\":\"it-IT\",\"@id\":\"https:\\\/\\\/revolutionpadelstore.com\\\/it\\\/#\\\/schema\\\/logo\\\/image\\\/\",\"url\":\"https:\\\/\\\/revolutionpadelstore.com\\\/wp-content\\\/uploads\\\/2026\\\/02\\\/revolution-padel-store.jpg\",\"contentUrl\":\"https:\\\/\\\/revolutionpadelstore.com\\\/wp-content\\\/uploads\\\/2026\\\/02\\\/revolution-padel-store.jpg\",\"width\":2000,\"height\":2000,\"caption\":\"Revolution Padel Store\"},\"image\":{\"@id\":\"https:\\\/\\\/revolutionpadelstore.com\\\/it\\\/#\\\/schema\\\/logo\\\/image\\\/\"},\"sameAs\":[\"https:\\\/\\\/www.instagram.com\\\/revolutionpadelstore\\\/\"]}]}<\/script>\n<!-- \/ Yoast SEO plugin. -->","yoast_head_json":{"title":"Pala Softee Ranger Fucsia - Revolution Padel Store","description":"Los modelos Ranger estan disenados con forma de diamante y un acabado rugoso que mejora los efectos de la pelota.Esta pala esta fabricada en fibra de vidrio y una goma S8 con un tacto mas blanco y comodo para jugadores que ya dominan el juego.Ademas la pala Ranger cuenta con un puente nervado, caracteristico en este modelo. Una pala de nivel medio con excelente rendimiento a la hora del juego.Es uno de los modelos con mejor acogida por parte de los jugadores y se adapta a todo tipo de juego.","robots":{"index":"index","follow":"follow","max-snippet":"max-snippet:-1","max-image-preview":"max-image-preview:large","max-video-preview":"max-video-preview:-1"},"canonical":"https:\/\/revolutionpadelstore.com\/it\/prodotto\/pala-softee-ranger-fucsia-4\/","og_locale":"it_IT","og_type":"article","og_title":"Pala Softee Ranger Fucsia - Revolution Padel Store","og_description":"Los modelos Ranger estan disenados con forma de diamante y un acabado rugoso que mejora los efectos de la pelota.Esta pala esta fabricada en fibra de vidrio y una goma S8 con un tacto mas blanco y comodo para jugadores que ya dominan el juego.Ademas la pala Ranger cuenta con un puente nervado, caracteristico en este modelo. Una pala de nivel medio con excelente rendimiento a la hora del juego.Es uno de los modelos con mejor acogida por parte de los jugadores y se adapta a todo tipo de juego.","og_url":"https:\/\/revolutionpadelstore.com\/it\/prodotto\/pala-softee-ranger-fucsia-4\/","og_site_name":"Revolution Padel Store","article_modified_time":"2026-04-01T09:11:50+00:00","og_image":[{"width":800,"height":800,"url":"https:\/\/revolutionpadelstore.com\/wp-content\/uploads\/2024\/03\/pala-softee-ranger-fucsia-800x800-1.jpg","type":"image\/jpeg"}],"twitter_card":"summary_large_image","twitter_misc":{"Tempo di lettura stimato":"1 minuto"},"schema":{"@context":"https:\/\/schema.org","@graph":[{"@type":"WebPage","@id":"https:\/\/revolutionpadelstore.com\/it\/prodotto\/pala-softee-ranger-fucsia-4\/","url":"https:\/\/revolutionpadelstore.com\/it\/prodotto\/pala-softee-ranger-fucsia-4\/","name":"Pala Softee Ranger Fucsia - Revolution Padel Store","isPartOf":{"@id":"https:\/\/revolutionpadelstore.com\/it\/#website"},"primaryImageOfPage":{"@id":"https:\/\/revolutionpadelstore.com\/it\/prodotto\/pala-softee-ranger-fucsia-4\/#primaryimage"},"image":{"@id":"https:\/\/revolutionpadelstore.com\/it\/prodotto\/pala-softee-ranger-fucsia-4\/#primaryimage"},"thumbnailUrl":"https:\/\/revolutionpadelstore.com\/wp-content\/uploads\/2024\/03\/pala-softee-ranger-fucsia-800x800-1.jpg","datePublished":"2024-03-24T14:13:01+00:00","dateModified":"2026-04-01T09:11:50+00:00","description":"Los modelos Ranger estan disenados con forma de diamante y un acabado rugoso que mejora los efectos de la pelota.Esta pala esta fabricada en fibra de vidrio y una goma S8 con un tacto mas blanco y comodo para jugadores que ya dominan el juego.Ademas la pala Ranger cuenta con un puente nervado, caracteristico en este modelo. Una pala de nivel medio con excelente rendimiento a la hora del juego.Es uno de los modelos con mejor acogida por parte de los jugadores y se adapta a todo tipo de juego.","breadcrumb":{"@id":"https:\/\/revolutionpadelstore.com\/it\/prodotto\/pala-softee-ranger-fucsia-4\/#breadcrumb"},"inLanguage":"it-IT","potentialAction":[{"@type":"ReadAction","target":["https:\/\/revolutionpadelstore.com\/it\/prodotto\/pala-softee-ranger-fucsia-4\/"]}]},{"@type":"ImageObject","inLanguage":"it-IT","@id":"https:\/\/revolutionpadelstore.com\/it\/prodotto\/pala-softee-ranger-fucsia-4\/#primaryimage","url":"https:\/\/revolutionpadelstore.com\/wp-content\/uploads\/2024\/03\/pala-softee-ranger-fucsia-800x800-1.jpg","contentUrl":"https:\/\/revolutionpadelstore.com\/wp-content\/uploads\/2024\/03\/pala-softee-ranger-fucsia-800x800-1.jpg","width":800,"height":800,"caption":"Pala Softee Ranger Fucsia"},{"@type":"BreadcrumbList","@id":"https:\/\/revolutionpadelstore.com\/it\/prodotto\/pala-softee-ranger-fucsia-4\/#breadcrumb","itemListElement":[{"@type":"ListItem","position":1,"name":"Portada","item":"https:\/\/revolutionpadelstore.com\/it\/"},{"@type":"ListItem","position":2,"name":"Tienda","item":"https:\/\/revolutionpadelstore.com\/it\/tienda\/"},{"@type":"ListItem","position":3,"name":"Pala Softee Ranger Fucsia"}]},{"@type":"WebSite","@id":"https:\/\/revolutionpadelstore.com\/it\/#website","url":"https:\/\/revolutionpadelstore.com\/it\/","name":"Revolution Padel Store","description":"","publisher":{"@id":"https:\/\/revolutionpadelstore.com\/it\/#organization"},"potentialAction":[{"@type":"SearchAction","target":{"@type":"EntryPoint","urlTemplate":"https:\/\/revolutionpadelstore.com\/it\/?s={search_term_string}"},"query-input":{"@type":"PropertyValueSpecification","valueRequired":true,"valueName":"search_term_string"}}],"inLanguage":"it-IT"},{"@type":"Organization","@id":"https:\/\/revolutionpadelstore.com\/it\/#organization","name":"Revolution Padel Store","url":"https:\/\/revolutionpadelstore.com\/it\/","logo":{"@type":"ImageObject","inLanguage":"it-IT","@id":"https:\/\/revolutionpadelstore.com\/it\/#\/schema\/logo\/image\/","url":"https:\/\/revolutionpadelstore.com\/wp-content\/uploads\/2026\/02\/revolution-padel-store.jpg","contentUrl":"https:\/\/revolutionpadelstore.com\/wp-content\/uploads\/2026\/02\/revolution-padel-store.jpg","width":2000,"height":2000,"caption":"Revolution Padel Store"},"image":{"@id":"https:\/\/revolutionpadelstore.com\/it\/#\/schema\/logo\/image\/"},"sameAs":["https:\/\/www.instagram.com\/revolutionpadelstore\/"]}]}},"_links":{"self":[{"href":"https:\/\/revolutionpadelstore.com\/it\/wp-json\/wp\/v2\/product\/19854","targetHints":{"allow":["GET"]}}],"collection":[{"href":"https:\/\/revolutionpadelstore.com\/it\/wp-json\/wp\/v2\/product"}],"about":[{"href":"https:\/\/revolutionpadelstore.com\/it\/wp-json\/wp\/v2\/types\/product"}],"replies":[{"embeddable":true,"href":"https:\/\/revolutionpadelstore.com\/it\/wp-json\/wp\/v2\/comments?post=19854"}],"wp:featuredmedia":[{"embeddable":true,"href":"https:\/\/revolutionpadelstore.com\/it\/wp-json\/wp\/v2\/media\/3924"}],"wp:attachment":[{"href":"https:\/\/revolutionpadelstore.com\/it\/wp-json\/wp\/v2\/media?parent=19854"}],"wp:term":[{"taxonomy":"acabado","embeddable":true,"href":"https:\/\/revolutionpadelstore.com\/it\/wp-json\/wp\/v2\/acabado?post=19854"},{"taxonomy":"balance","embeddable":true,"href":"https:\/\/revolutionpadelstore.com\/it\/wp-json\/wp\/v2\/balance?post=19854"},{"taxonomy":"dureza","embeddable":true,"href":"https:\/\/revolutionpadelstore.com\/it\/wp-json\/wp\/v2\/dureza?post=19854"},{"taxonomy":"forma","embeddable":true,"href":"https:\/\/revolutionpadelstore.com\/it\/wp-json\/wp\/v2\/forma?post=19854"},{"taxonomy":"jugador","embeddable":true,"href":"https:\/\/revolutionpadelstore.com\/it\/wp-json\/wp\/v2\/jugador?post=19854"},{"taxonomy":"marca","embeddable":true,"href":"https:\/\/revolutionpadelstore.com\/it\/wp-json\/wp\/v2\/marca?post=19854"},{"taxonomy":"nivel-de-juego","embeddable":true,"href":"https:\/\/revolutionpadelstore.com\/it\/wp-json\/wp\/v2\/nivel-de-juego?post=19854"},{"taxonomy":"superficie","embeddable":true,"href":"https:\/\/revolutionpadelstore.com\/it\/wp-json\/wp\/v2\/superficie?post=19854"},{"taxonomy":"tipo-de-juego","embeddable":true,"href":"https:\/\/revolutionpadelstore.com\/it\/wp-json\/wp\/v2\/tipo-de-juego?post=19854"},{"taxonomy":"product_brand","embeddable":true,"href":"https:\/\/revolutionpadelstore.com\/it\/wp-json\/wp\/v2\/product_brand?post=19854"},{"taxonomy":"product_cat","embeddable":true,"href":"https:\/\/revolutionpadelstore.com\/it\/wp-json\/wp\/v2\/product_cat?post=19854"},{"taxonomy":"product_tag","embeddable":true,"href":"https:\/\/revolutionpadelstore.com\/it\/wp-json\/wp\/v2\/product_tag?post=19854"}],"curies":[{"name":"wp","href":"https:\/\/api.w.org\/{rel}","templated":true}]}}