{"id":198471,"date":"2025-03-04T13:56:45","date_gmt":"2025-03-04T12:56:45","guid":{"rendered":"https:\/\/revolutionpadelstore.com\/head-motion-pro-padel-women-aqte\/"},"modified":"2026-04-01T02:50:54","modified_gmt":"2026-04-01T00:50:54","slug":"head-motion-pro-padel-women-aqte-4","status":"publish","type":"product","link":"https:\/\/revolutionpadelstore.com\/it\/prodotto\/head-motion-pro-padel-women-aqte-4\/","title":{"rendered":"HEAD MOTION PRO PADEL WOMEN AQTE"},"content":{"rendered":"<h2> Head Motion Pro Padel Women&#8217;s &#8211; Lightness, Stability e Maximum Grip Shoes<br \/>\nScopri il nuovo <strong> Head Motion Pro Padel Woman <\/strong>, le prime scarpe da testa appositamente progettate per la pagaia. Sviluppati in collaborazione con giocatori professionisti, queste scarpe offrono un movimento <strong> a 360 gradi <\/strong>, massima stabilit\u00e0 e traspirabilit\u00e0 senza compromettere la leggerezza.<\/p>\n<h2> tecnologia e prestazioni in ogni passaggio<br \/>\n<P>-Sole ottimizzata per Padel: il modello di unica avanzato \u00e8 stato testato con Mondo, fornitore ufficiale del World Padel Tour, garantendo una presa pi\u00f9 alta in tutte le direzioni.<br \/>\n-Shing elite: la tecnologia Dynafoam in Entresuela incorpora le celle d&#8217;aria per offrire un ritorno energetico eccezionale e una sensazione di leggerezza.<br \/>\n-Total Study: la combinazione di una canna poliuretanica termoplastica (TPU), la parte superiore e il controllo della tecnologia laterale+ migliora la sottomissione nei movimenti laterali rapidi.<br \/>\n-Maximate Expirability: la mesh ventilata insieme a un sistema di raffreddamento mantiene il piede fresco anche nelle partite pi\u00f9 intense.<br \/>\n-Ispo di alcetina: la sua struttura elastica si adatta perfettamente al piede, fornendo comfort e sottomissione dal primo utilizzo. <\/p>\n<h2> stile ed esclusivit\u00e0 in pista <\/h2>\n<p>Il design della <strong> Head Motion Pro Padel Woman <\/strong> non passa inosservato. La sua estetica moderna e il logo principale in grandi dimensioni riflettono l&#8217;innovazione e il dinamismo, perfetti per i giocatori che cercano un equilibrio tra prestazioni e stile.<\/p>\n<h2> Perch\u00e9 scegliere la donna di Head Motion Pro Padel?<\/p>\n<p> <strong> -Developed con giocatori professionisti <\/strong> per prestazioni ottimali. <\/p>\n<p>&lt;p style = &quot;padding-left: 40px;&quot;<br \/>\n&lt;P style = &quot;padding-left: 40px;&quot;<br \/>\n&lt;p style = &quot;padding-left: 40px;&quot;<br \/>\n<strong> Ora prendi la donna di Head Motion Pro Padel nel nostro negozio online &lt;a href = &quot;https:\/\/chatgpt.com\/g\/g-675432e026888191b6ee6d6f2fdbbb15e-optimization-textos\/c\/wwwwwwwwwwwwwwwwwiformpadelstore.com&quot;. <\/strong><\/p>\n","protected":false},"excerpt":{"rendered":"<p>Progettato per adattarsi alle esigenze dei giocatori di paddle pi\u00f9 attivi, il Head Motion Pro Padel ha una suola di ibrassione+gomma, controllo della tecnologia laterale e una suola di povert\u00e0 specializzata.<\/p>\n","protected":false},"featured_media":198427,"comment_status":"open","ping_status":"closed","template":"","meta":{"_acf_changed":false,"_joinchat":[]},"acabado":[],"balance":[],"dureza":[],"forma":[],"jugador":[1196],"marca":[1221],"nivel-de-juego":[],"superficie":[],"tipo-de-juego":[],"product_brand":[],"product_cat":[832],"product_tag":[],"class_list":{"0":"post-198471","1":"product","2":"type-product","3":"status-publish","4":"has-post-thumbnail","6":"jugador-mujer-it","7":"marca-testa","8":"product_cat-scarpe-da-ginnastica","10":"first","11":"outofstock","12":"sale","13":"taxable","14":"shipping-taxable","15":"purchasable","16":"product-type-variable"},"acf":[],"yoast_head":"<!-- This site is optimized with the Yoast SEO plugin v27.3 - https:\/\/yoast.com\/product\/yoast-seo-wordpress\/ -->\n<title>HEAD MOTION PRO PADEL WOMEN AQTE - Revolution Padel Store<\/title>\n<meta name=\"description\" content=\"Descubre las nuevas HEAD MOTION PRO PADEL MUJER, dise\u00f1adas con tecnolog\u00eda de \u00e9lite para un agarre superior, estabilidad y transpirabilidad. \u00a1C\u00f3mpralas en nuestra tienda online!\" \/>\n<meta name=\"robots\" content=\"index, follow, max-snippet:-1, max-image-preview:large, max-video-preview:-1\" \/>\n<link rel=\"canonical\" href=\"https:\/\/revolutionpadelstore.com\/it\/prodotto\/head-motion-pro-padel-women-aqte-4\/\" \/>\n<meta property=\"og:locale\" content=\"it_IT\" \/>\n<meta property=\"og:type\" content=\"article\" \/>\n<meta property=\"og:title\" content=\"HEAD MOTION PRO PADEL WOMEN AQTE - Revolution Padel Store\" \/>\n<meta property=\"og:description\" content=\"Descubre las nuevas HEAD MOTION PRO PADEL MUJER, dise\u00f1adas con tecnolog\u00eda de \u00e9lite para un agarre superior, estabilidad y transpirabilidad. \u00a1C\u00f3mpralas en nuestra tienda online!\" \/>\n<meta property=\"og:url\" content=\"https:\/\/revolutionpadelstore.com\/it\/prodotto\/head-motion-pro-padel-women-aqte-4\/\" \/>\n<meta property=\"og:site_name\" content=\"Revolution Padel Store\" \/>\n<meta property=\"article:modified_time\" content=\"2026-04-01T00:50:54+00:00\" \/>\n<meta property=\"og:image\" content=\"https:\/\/revolutionpadelstore.com\/wp-content\/uploads\/2025\/03\/480813.jpg\" \/>\n\t<meta property=\"og:image:width\" content=\"1000\" \/>\n\t<meta property=\"og:image:height\" content=\"1000\" \/>\n\t<meta property=\"og:image:type\" content=\"image\/jpeg\" \/>\n<meta name=\"twitter:card\" content=\"summary_large_image\" \/>\n<meta name=\"twitter:label1\" content=\"Tempo di lettura stimato\" \/>\n\t<meta name=\"twitter:data1\" content=\"2 minuti\" \/>\n<script type=\"application\/ld+json\" class=\"yoast-schema-graph\">{\"@context\":\"https:\\\/\\\/schema.org\",\"@graph\":[{\"@type\":\"WebPage\",\"@id\":\"https:\\\/\\\/revolutionpadelstore.com\\\/it\\\/prodotto\\\/head-motion-pro-padel-women-aqte-4\\\/\",\"url\":\"https:\\\/\\\/revolutionpadelstore.com\\\/it\\\/prodotto\\\/head-motion-pro-padel-women-aqte-4\\\/\",\"name\":\"HEAD MOTION PRO PADEL WOMEN AQTE - Revolution Padel Store\",\"isPartOf\":{\"@id\":\"https:\\\/\\\/revolutionpadelstore.com\\\/it\\\/#website\"},\"primaryImageOfPage\":{\"@id\":\"https:\\\/\\\/revolutionpadelstore.com\\\/it\\\/prodotto\\\/head-motion-pro-padel-women-aqte-4\\\/#primaryimage\"},\"image\":{\"@id\":\"https:\\\/\\\/revolutionpadelstore.com\\\/it\\\/prodotto\\\/head-motion-pro-padel-women-aqte-4\\\/#primaryimage\"},\"thumbnailUrl\":\"https:\\\/\\\/revolutionpadelstore.com\\\/wp-content\\\/uploads\\\/2025\\\/03\\\/480813.jpg\",\"datePublished\":\"2025-03-04T12:56:45+00:00\",\"dateModified\":\"2026-04-01T00:50:54+00:00\",\"description\":\"Descubre las nuevas HEAD MOTION PRO PADEL MUJER, dise\u00f1adas con tecnolog\u00eda de \u00e9lite para un agarre superior, estabilidad y transpirabilidad. \u00a1C\u00f3mpralas en nuestra tienda online!\",\"breadcrumb\":{\"@id\":\"https:\\\/\\\/revolutionpadelstore.com\\\/it\\\/prodotto\\\/head-motion-pro-padel-women-aqte-4\\\/#breadcrumb\"},\"inLanguage\":\"it-IT\",\"potentialAction\":[{\"@type\":\"ReadAction\",\"target\":[\"https:\\\/\\\/revolutionpadelstore.com\\\/it\\\/prodotto\\\/head-motion-pro-padel-women-aqte-4\\\/\"]}]},{\"@type\":\"ImageObject\",\"inLanguage\":\"it-IT\",\"@id\":\"https:\\\/\\\/revolutionpadelstore.com\\\/it\\\/prodotto\\\/head-motion-pro-padel-women-aqte-4\\\/#primaryimage\",\"url\":\"https:\\\/\\\/revolutionpadelstore.com\\\/wp-content\\\/uploads\\\/2025\\\/03\\\/480813.jpg\",\"contentUrl\":\"https:\\\/\\\/revolutionpadelstore.com\\\/wp-content\\\/uploads\\\/2025\\\/03\\\/480813.jpg\",\"width\":1000,\"height\":1000},{\"@type\":\"BreadcrumbList\",\"@id\":\"https:\\\/\\\/revolutionpadelstore.com\\\/it\\\/prodotto\\\/head-motion-pro-padel-women-aqte-4\\\/#breadcrumb\",\"itemListElement\":[{\"@type\":\"ListItem\",\"position\":1,\"name\":\"Portada\",\"item\":\"https:\\\/\\\/revolutionpadelstore.com\\\/it\\\/\"},{\"@type\":\"ListItem\",\"position\":2,\"name\":\"Tienda\",\"item\":\"https:\\\/\\\/revolutionpadelstore.com\\\/it\\\/tienda\\\/\"},{\"@type\":\"ListItem\",\"position\":3,\"name\":\"HEAD MOTION PRO PADEL WOMEN AQTE\"}]},{\"@type\":\"WebSite\",\"@id\":\"https:\\\/\\\/revolutionpadelstore.com\\\/it\\\/#website\",\"url\":\"https:\\\/\\\/revolutionpadelstore.com\\\/it\\\/\",\"name\":\"Revolution Padel Store\",\"description\":\"\",\"publisher\":{\"@id\":\"https:\\\/\\\/revolutionpadelstore.com\\\/it\\\/#organization\"},\"potentialAction\":[{\"@type\":\"SearchAction\",\"target\":{\"@type\":\"EntryPoint\",\"urlTemplate\":\"https:\\\/\\\/revolutionpadelstore.com\\\/it\\\/?s={search_term_string}\"},\"query-input\":{\"@type\":\"PropertyValueSpecification\",\"valueRequired\":true,\"valueName\":\"search_term_string\"}}],\"inLanguage\":\"it-IT\"},{\"@type\":\"Organization\",\"@id\":\"https:\\\/\\\/revolutionpadelstore.com\\\/it\\\/#organization\",\"name\":\"Revolution Padel Store\",\"url\":\"https:\\\/\\\/revolutionpadelstore.com\\\/it\\\/\",\"logo\":{\"@type\":\"ImageObject\",\"inLanguage\":\"it-IT\",\"@id\":\"https:\\\/\\\/revolutionpadelstore.com\\\/it\\\/#\\\/schema\\\/logo\\\/image\\\/\",\"url\":\"https:\\\/\\\/revolutionpadelstore.com\\\/wp-content\\\/uploads\\\/2026\\\/02\\\/revolution-padel-store.jpg\",\"contentUrl\":\"https:\\\/\\\/revolutionpadelstore.com\\\/wp-content\\\/uploads\\\/2026\\\/02\\\/revolution-padel-store.jpg\",\"width\":2000,\"height\":2000,\"caption\":\"Revolution Padel Store\"},\"image\":{\"@id\":\"https:\\\/\\\/revolutionpadelstore.com\\\/it\\\/#\\\/schema\\\/logo\\\/image\\\/\"},\"sameAs\":[\"https:\\\/\\\/www.instagram.com\\\/revolutionpadelstore\\\/\"]}]}<\/script>\n<!-- \/ Yoast SEO plugin. -->","yoast_head_json":{"title":"HEAD MOTION PRO PADEL WOMEN AQTE - Revolution Padel Store","description":"Descubre las nuevas HEAD MOTION PRO PADEL MUJER, dise\u00f1adas con tecnolog\u00eda de \u00e9lite para un agarre superior, estabilidad y transpirabilidad. \u00a1C\u00f3mpralas en nuestra tienda online!","robots":{"index":"index","follow":"follow","max-snippet":"max-snippet:-1","max-image-preview":"max-image-preview:large","max-video-preview":"max-video-preview:-1"},"canonical":"https:\/\/revolutionpadelstore.com\/it\/prodotto\/head-motion-pro-padel-women-aqte-4\/","og_locale":"it_IT","og_type":"article","og_title":"HEAD MOTION PRO PADEL WOMEN AQTE - Revolution Padel Store","og_description":"Descubre las nuevas HEAD MOTION PRO PADEL MUJER, dise\u00f1adas con tecnolog\u00eda de \u00e9lite para un agarre superior, estabilidad y transpirabilidad. \u00a1C\u00f3mpralas en nuestra tienda online!","og_url":"https:\/\/revolutionpadelstore.com\/it\/prodotto\/head-motion-pro-padel-women-aqte-4\/","og_site_name":"Revolution Padel Store","article_modified_time":"2026-04-01T00:50:54+00:00","og_image":[{"width":1000,"height":1000,"url":"https:\/\/revolutionpadelstore.com\/wp-content\/uploads\/2025\/03\/480813.jpg","type":"image\/jpeg"}],"twitter_card":"summary_large_image","twitter_misc":{"Tempo di lettura stimato":"2 minuti"},"schema":{"@context":"https:\/\/schema.org","@graph":[{"@type":"WebPage","@id":"https:\/\/revolutionpadelstore.com\/it\/prodotto\/head-motion-pro-padel-women-aqte-4\/","url":"https:\/\/revolutionpadelstore.com\/it\/prodotto\/head-motion-pro-padel-women-aqte-4\/","name":"HEAD MOTION PRO PADEL WOMEN AQTE - Revolution Padel Store","isPartOf":{"@id":"https:\/\/revolutionpadelstore.com\/it\/#website"},"primaryImageOfPage":{"@id":"https:\/\/revolutionpadelstore.com\/it\/prodotto\/head-motion-pro-padel-women-aqte-4\/#primaryimage"},"image":{"@id":"https:\/\/revolutionpadelstore.com\/it\/prodotto\/head-motion-pro-padel-women-aqte-4\/#primaryimage"},"thumbnailUrl":"https:\/\/revolutionpadelstore.com\/wp-content\/uploads\/2025\/03\/480813.jpg","datePublished":"2025-03-04T12:56:45+00:00","dateModified":"2026-04-01T00:50:54+00:00","description":"Descubre las nuevas HEAD MOTION PRO PADEL MUJER, dise\u00f1adas con tecnolog\u00eda de \u00e9lite para un agarre superior, estabilidad y transpirabilidad. \u00a1C\u00f3mpralas en nuestra tienda online!","breadcrumb":{"@id":"https:\/\/revolutionpadelstore.com\/it\/prodotto\/head-motion-pro-padel-women-aqte-4\/#breadcrumb"},"inLanguage":"it-IT","potentialAction":[{"@type":"ReadAction","target":["https:\/\/revolutionpadelstore.com\/it\/prodotto\/head-motion-pro-padel-women-aqte-4\/"]}]},{"@type":"ImageObject","inLanguage":"it-IT","@id":"https:\/\/revolutionpadelstore.com\/it\/prodotto\/head-motion-pro-padel-women-aqte-4\/#primaryimage","url":"https:\/\/revolutionpadelstore.com\/wp-content\/uploads\/2025\/03\/480813.jpg","contentUrl":"https:\/\/revolutionpadelstore.com\/wp-content\/uploads\/2025\/03\/480813.jpg","width":1000,"height":1000},{"@type":"BreadcrumbList","@id":"https:\/\/revolutionpadelstore.com\/it\/prodotto\/head-motion-pro-padel-women-aqte-4\/#breadcrumb","itemListElement":[{"@type":"ListItem","position":1,"name":"Portada","item":"https:\/\/revolutionpadelstore.com\/it\/"},{"@type":"ListItem","position":2,"name":"Tienda","item":"https:\/\/revolutionpadelstore.com\/it\/tienda\/"},{"@type":"ListItem","position":3,"name":"HEAD MOTION PRO PADEL WOMEN AQTE"}]},{"@type":"WebSite","@id":"https:\/\/revolutionpadelstore.com\/it\/#website","url":"https:\/\/revolutionpadelstore.com\/it\/","name":"Revolution Padel Store","description":"","publisher":{"@id":"https:\/\/revolutionpadelstore.com\/it\/#organization"},"potentialAction":[{"@type":"SearchAction","target":{"@type":"EntryPoint","urlTemplate":"https:\/\/revolutionpadelstore.com\/it\/?s={search_term_string}"},"query-input":{"@type":"PropertyValueSpecification","valueRequired":true,"valueName":"search_term_string"}}],"inLanguage":"it-IT"},{"@type":"Organization","@id":"https:\/\/revolutionpadelstore.com\/it\/#organization","name":"Revolution Padel Store","url":"https:\/\/revolutionpadelstore.com\/it\/","logo":{"@type":"ImageObject","inLanguage":"it-IT","@id":"https:\/\/revolutionpadelstore.com\/it\/#\/schema\/logo\/image\/","url":"https:\/\/revolutionpadelstore.com\/wp-content\/uploads\/2026\/02\/revolution-padel-store.jpg","contentUrl":"https:\/\/revolutionpadelstore.com\/wp-content\/uploads\/2026\/02\/revolution-padel-store.jpg","width":2000,"height":2000,"caption":"Revolution Padel Store"},"image":{"@id":"https:\/\/revolutionpadelstore.com\/it\/#\/schema\/logo\/image\/"},"sameAs":["https:\/\/www.instagram.com\/revolutionpadelstore\/"]}]}},"_links":{"self":[{"href":"https:\/\/revolutionpadelstore.com\/it\/wp-json\/wp\/v2\/product\/198471","targetHints":{"allow":["GET"]}}],"collection":[{"href":"https:\/\/revolutionpadelstore.com\/it\/wp-json\/wp\/v2\/product"}],"about":[{"href":"https:\/\/revolutionpadelstore.com\/it\/wp-json\/wp\/v2\/types\/product"}],"replies":[{"embeddable":true,"href":"https:\/\/revolutionpadelstore.com\/it\/wp-json\/wp\/v2\/comments?post=198471"}],"wp:featuredmedia":[{"embeddable":true,"href":"https:\/\/revolutionpadelstore.com\/it\/wp-json\/wp\/v2\/media\/198427"}],"wp:attachment":[{"href":"https:\/\/revolutionpadelstore.com\/it\/wp-json\/wp\/v2\/media?parent=198471"}],"wp:term":[{"taxonomy":"acabado","embeddable":true,"href":"https:\/\/revolutionpadelstore.com\/it\/wp-json\/wp\/v2\/acabado?post=198471"},{"taxonomy":"balance","embeddable":true,"href":"https:\/\/revolutionpadelstore.com\/it\/wp-json\/wp\/v2\/balance?post=198471"},{"taxonomy":"dureza","embeddable":true,"href":"https:\/\/revolutionpadelstore.com\/it\/wp-json\/wp\/v2\/dureza?post=198471"},{"taxonomy":"forma","embeddable":true,"href":"https:\/\/revolutionpadelstore.com\/it\/wp-json\/wp\/v2\/forma?post=198471"},{"taxonomy":"jugador","embeddable":true,"href":"https:\/\/revolutionpadelstore.com\/it\/wp-json\/wp\/v2\/jugador?post=198471"},{"taxonomy":"marca","embeddable":true,"href":"https:\/\/revolutionpadelstore.com\/it\/wp-json\/wp\/v2\/marca?post=198471"},{"taxonomy":"nivel-de-juego","embeddable":true,"href":"https:\/\/revolutionpadelstore.com\/it\/wp-json\/wp\/v2\/nivel-de-juego?post=198471"},{"taxonomy":"superficie","embeddable":true,"href":"https:\/\/revolutionpadelstore.com\/it\/wp-json\/wp\/v2\/superficie?post=198471"},{"taxonomy":"tipo-de-juego","embeddable":true,"href":"https:\/\/revolutionpadelstore.com\/it\/wp-json\/wp\/v2\/tipo-de-juego?post=198471"},{"taxonomy":"product_brand","embeddable":true,"href":"https:\/\/revolutionpadelstore.com\/it\/wp-json\/wp\/v2\/product_brand?post=198471"},{"taxonomy":"product_cat","embeddable":true,"href":"https:\/\/revolutionpadelstore.com\/it\/wp-json\/wp\/v2\/product_cat?post=198471"},{"taxonomy":"product_tag","embeddable":true,"href":"https:\/\/revolutionpadelstore.com\/it\/wp-json\/wp\/v2\/product_tag?post=198471"}],"curies":[{"name":"wp","href":"https:\/\/api.w.org\/{rel}","templated":true}]}}