{"id":197836,"date":"2025-03-01T10:43:04","date_gmt":"2025-03-01T09:43:04","guid":{"rendered":"https:\/\/revolutionpadelstore.com\/?post_type=product&#038;p=197836"},"modified":"2026-04-01T02:57:36","modified_gmt":"2026-04-01T00:57:36","slug":"nox-future-hybrid-12k-alum-4","status":"publish","type":"product","link":"https:\/\/revolutionpadelstore.com\/it\/prodotto\/nox-future-hybrid-12k-alum-4\/","title":{"rendered":"NOX FUTURE HYBRID 12K ALUM"},"content":{"rendered":"<h2> <strong> Future Hybrid 12K Studs &#8211; Versatilit\u00e0 ed equilibrio per dominare la traccia <\/strong> <\/h2>\n<p>Nella pagaia, la chiave del successo \u00e8 l&#8217;adattabilit\u00e0. La futura allumina Hybrid 12K \u00e8 stata progettata per i giocatori versatili che cercano un perfetto equilibrio tra potere e controllo. Utilizzata dai talenti emergenti della NOX Future Academy (NFA), questa pala offre prestazioni eccezionali sia in attacco che in difesa.<\/p>\n<h2> <strong> perfetto equilibrio tra potenza e controllo <\/strong> <\/h2>\n<p style=\"padding-left: 40px\">-forma lacrima: ideale per coloro che cercano una transizione fluida tra attacco e difesa.<br \/>\n-Struction con telaio di carbonio e nucleo EV50: fornisce una sfera esplosiva con stabilit\u00e0 e precisione.<br \/>\n-Faffilance ottimizzato: adattabilit\u00e0 in qualsiasi situazione di gioco, garantendo una risposta efficace in ogni colpo. <\/p>\n<h2> <strong> tecnologia avanzata per la massima efficacia <\/strong> <\/h2>\n<p>-Allume di carbonio 12k sui volti: aumenta la potenza mantenendo un controllo eccezionale.<br \/>\n-R. Rugoso Superficie in 3D: facilita la generazione di effetti con maggiore facilit\u00e0 e precisione. <\/p>\n<p>&lt;Il<br \/>\nLa futura allumina Hybrid 12K \u00e8 la pala definitiva per coloro che cercano prestazioni in tutte le sfaccettature del gioco. Se sei un giocatore che si adatta ad ogni punto e sa quando attaccare e quando difendere, questa pala \u00e8 fatta per te.<\/p>\n<p><strong> Ora considerazione nel nostro negozio online <a href=\"https:\/\/www.revolutionpadelstore.com\/\"> www.revolutionpadelstore.com <\/a>, probabilmente al miglior prezzo di mercato. <\/strong><\/p>\n","protected":false},"excerpt":{"rendered":"<p>La futura allumina Hybrid 12K \u00e8 stata progettata per i giocatori versatili che cercano un perfetto equilibrio tra potere e controllo<\/p>\n","protected":false},"featured_media":197842,"comment_status":"open","ping_status":"closed","template":"","meta":{"_acf_changed":false,"_joinchat":[]},"acabado":[1091],"balance":[1136,1141],"dureza":[1156],"forma":[1186],"jugador":[1201,1191],"marca":[1261],"nivel-de-juego":[1336],"superficie":[1361],"tipo-de-juego":[1386],"product_brand":[],"product_cat":[301],"product_tag":[],"class_list":{"0":"post-197836","1":"product","2":"type-product","3":"status-publish","4":"has-post-thumbnail","6":"acabado-relieve-3d-it","7":"balance-alto-it","8":"balance-medio-it","9":"dureza-media-it","10":"forma-lagrima-it","11":"jugador-multiuso","12":"jugador-uomo","13":"marca-nox-it","14":"superficie-rugosa-it","15":"tipo-de-juego-multiuso","16":"product_cat-palas-de-padel-it","18":"first","19":"instock","20":"sale","21":"taxable","22":"shipping-taxable","23":"purchasable","24":"product-type-simple"},"acf":[],"yoast_head":"<!-- This site is optimized with the Yoast SEO plugin v27.3 - https:\/\/yoast.com\/product\/yoast-seo-wordpress\/ -->\n<title>NOX FUTURE HYBRID 12K ALUM - Revolution Padel Store<\/title>\n<meta name=\"description\" content=\"&quot;Future Hybrid 12K Alum: la pala de p\u00e1del vers\u00e1til de Nox con equilibrio entre potencia y control. Carbon Alum 12K, n\u00facleo EV50 y rugosidad 3D. C\u00f3mprala al mejor precio en Revolution Padel Store.&quot;\" \/>\n<meta name=\"robots\" content=\"index, follow, max-snippet:-1, max-image-preview:large, max-video-preview:-1\" \/>\n<link rel=\"canonical\" href=\"https:\/\/revolutionpadelstore.com\/it\/prodotto\/nox-future-hybrid-12k-alum-4\/\" \/>\n<meta property=\"og:locale\" content=\"it_IT\" \/>\n<meta property=\"og:type\" content=\"article\" \/>\n<meta property=\"og:title\" content=\"NOX FUTURE HYBRID 12K ALUM - Revolution Padel Store\" \/>\n<meta property=\"og:description\" content=\"&quot;Future Hybrid 12K Alum: la pala de p\u00e1del vers\u00e1til de Nox con equilibrio entre potencia y control. Carbon Alum 12K, n\u00facleo EV50 y rugosidad 3D. C\u00f3mprala al mejor precio en Revolution Padel Store.&quot;\" \/>\n<meta property=\"og:url\" content=\"https:\/\/revolutionpadelstore.com\/it\/prodotto\/nox-future-hybrid-12k-alum-4\/\" \/>\n<meta property=\"og:site_name\" content=\"Revolution Padel Store\" \/>\n<meta property=\"article:modified_time\" content=\"2026-04-01T00:57:36+00:00\" \/>\n<meta property=\"og:image\" content=\"https:\/\/revolutionpadelstore.com\/wp-content\/uploads\/2025\/03\/154.png\" \/>\n\t<meta property=\"og:image:width\" content=\"1500\" \/>\n\t<meta property=\"og:image:height\" content=\"1500\" \/>\n\t<meta property=\"og:image:type\" content=\"image\/png\" \/>\n<meta name=\"twitter:card\" content=\"summary_large_image\" \/>\n<meta name=\"twitter:label1\" content=\"Tempo di lettura stimato\" \/>\n\t<meta name=\"twitter:data1\" content=\"2 minuti\" \/>\n<script type=\"application\/ld+json\" class=\"yoast-schema-graph\">{\"@context\":\"https:\\\/\\\/schema.org\",\"@graph\":[{\"@type\":\"WebPage\",\"@id\":\"https:\\\/\\\/revolutionpadelstore.com\\\/it\\\/prodotto\\\/nox-future-hybrid-12k-alum-4\\\/\",\"url\":\"https:\\\/\\\/revolutionpadelstore.com\\\/it\\\/prodotto\\\/nox-future-hybrid-12k-alum-4\\\/\",\"name\":\"NOX FUTURE HYBRID 12K ALUM - Revolution Padel Store\",\"isPartOf\":{\"@id\":\"https:\\\/\\\/revolutionpadelstore.com\\\/it\\\/#website\"},\"primaryImageOfPage\":{\"@id\":\"https:\\\/\\\/revolutionpadelstore.com\\\/it\\\/prodotto\\\/nox-future-hybrid-12k-alum-4\\\/#primaryimage\"},\"image\":{\"@id\":\"https:\\\/\\\/revolutionpadelstore.com\\\/it\\\/prodotto\\\/nox-future-hybrid-12k-alum-4\\\/#primaryimage\"},\"thumbnailUrl\":\"https:\\\/\\\/revolutionpadelstore.com\\\/wp-content\\\/uploads\\\/2025\\\/03\\\/154.png\",\"datePublished\":\"2025-03-01T09:43:04+00:00\",\"dateModified\":\"2026-04-01T00:57:36+00:00\",\"description\":\"\\\"Future Hybrid 12K Alum: la pala de p\u00e1del vers\u00e1til de Nox con equilibrio entre potencia y control. Carbon Alum 12K, n\u00facleo EV50 y rugosidad 3D. C\u00f3mprala al mejor precio en Revolution Padel Store.\\\"\",\"breadcrumb\":{\"@id\":\"https:\\\/\\\/revolutionpadelstore.com\\\/it\\\/prodotto\\\/nox-future-hybrid-12k-alum-4\\\/#breadcrumb\"},\"inLanguage\":\"it-IT\",\"potentialAction\":[{\"@type\":\"ReadAction\",\"target\":[\"https:\\\/\\\/revolutionpadelstore.com\\\/it\\\/prodotto\\\/nox-future-hybrid-12k-alum-4\\\/\"]}]},{\"@type\":\"ImageObject\",\"inLanguage\":\"it-IT\",\"@id\":\"https:\\\/\\\/revolutionpadelstore.com\\\/it\\\/prodotto\\\/nox-future-hybrid-12k-alum-4\\\/#primaryimage\",\"url\":\"https:\\\/\\\/revolutionpadelstore.com\\\/wp-content\\\/uploads\\\/2025\\\/03\\\/154.png\",\"contentUrl\":\"https:\\\/\\\/revolutionpadelstore.com\\\/wp-content\\\/uploads\\\/2025\\\/03\\\/154.png\",\"width\":1500,\"height\":1500},{\"@type\":\"BreadcrumbList\",\"@id\":\"https:\\\/\\\/revolutionpadelstore.com\\\/it\\\/prodotto\\\/nox-future-hybrid-12k-alum-4\\\/#breadcrumb\",\"itemListElement\":[{\"@type\":\"ListItem\",\"position\":1,\"name\":\"Portada\",\"item\":\"https:\\\/\\\/revolutionpadelstore.com\\\/it\\\/\"},{\"@type\":\"ListItem\",\"position\":2,\"name\":\"Tienda\",\"item\":\"https:\\\/\\\/revolutionpadelstore.com\\\/it\\\/tienda\\\/\"},{\"@type\":\"ListItem\",\"position\":3,\"name\":\"NOX FUTURE HYBRID 12K ALUM\"}]},{\"@type\":\"WebSite\",\"@id\":\"https:\\\/\\\/revolutionpadelstore.com\\\/it\\\/#website\",\"url\":\"https:\\\/\\\/revolutionpadelstore.com\\\/it\\\/\",\"name\":\"Revolution Padel Store\",\"description\":\"\",\"publisher\":{\"@id\":\"https:\\\/\\\/revolutionpadelstore.com\\\/it\\\/#organization\"},\"potentialAction\":[{\"@type\":\"SearchAction\",\"target\":{\"@type\":\"EntryPoint\",\"urlTemplate\":\"https:\\\/\\\/revolutionpadelstore.com\\\/it\\\/?s={search_term_string}\"},\"query-input\":{\"@type\":\"PropertyValueSpecification\",\"valueRequired\":true,\"valueName\":\"search_term_string\"}}],\"inLanguage\":\"it-IT\"},{\"@type\":\"Organization\",\"@id\":\"https:\\\/\\\/revolutionpadelstore.com\\\/it\\\/#organization\",\"name\":\"Revolution Padel Store\",\"url\":\"https:\\\/\\\/revolutionpadelstore.com\\\/it\\\/\",\"logo\":{\"@type\":\"ImageObject\",\"inLanguage\":\"it-IT\",\"@id\":\"https:\\\/\\\/revolutionpadelstore.com\\\/it\\\/#\\\/schema\\\/logo\\\/image\\\/\",\"url\":\"https:\\\/\\\/revolutionpadelstore.com\\\/wp-content\\\/uploads\\\/2026\\\/02\\\/revolution-padel-store.jpg\",\"contentUrl\":\"https:\\\/\\\/revolutionpadelstore.com\\\/wp-content\\\/uploads\\\/2026\\\/02\\\/revolution-padel-store.jpg\",\"width\":2000,\"height\":2000,\"caption\":\"Revolution Padel Store\"},\"image\":{\"@id\":\"https:\\\/\\\/revolutionpadelstore.com\\\/it\\\/#\\\/schema\\\/logo\\\/image\\\/\"},\"sameAs\":[\"https:\\\/\\\/www.instagram.com\\\/revolutionpadelstore\\\/\"]}]}<\/script>\n<!-- \/ Yoast SEO plugin. -->","yoast_head_json":{"title":"NOX FUTURE HYBRID 12K ALUM - Revolution Padel Store","description":"\"Future Hybrid 12K Alum: la pala de p\u00e1del vers\u00e1til de Nox con equilibrio entre potencia y control. Carbon Alum 12K, n\u00facleo EV50 y rugosidad 3D. C\u00f3mprala al mejor precio en Revolution Padel Store.\"","robots":{"index":"index","follow":"follow","max-snippet":"max-snippet:-1","max-image-preview":"max-image-preview:large","max-video-preview":"max-video-preview:-1"},"canonical":"https:\/\/revolutionpadelstore.com\/it\/prodotto\/nox-future-hybrid-12k-alum-4\/","og_locale":"it_IT","og_type":"article","og_title":"NOX FUTURE HYBRID 12K ALUM - Revolution Padel Store","og_description":"\"Future Hybrid 12K Alum: la pala de p\u00e1del vers\u00e1til de Nox con equilibrio entre potencia y control. Carbon Alum 12K, n\u00facleo EV50 y rugosidad 3D. C\u00f3mprala al mejor precio en Revolution Padel Store.\"","og_url":"https:\/\/revolutionpadelstore.com\/it\/prodotto\/nox-future-hybrid-12k-alum-4\/","og_site_name":"Revolution Padel Store","article_modified_time":"2026-04-01T00:57:36+00:00","og_image":[{"width":1500,"height":1500,"url":"https:\/\/revolutionpadelstore.com\/wp-content\/uploads\/2025\/03\/154.png","type":"image\/png"}],"twitter_card":"summary_large_image","twitter_misc":{"Tempo di lettura stimato":"2 minuti"},"schema":{"@context":"https:\/\/schema.org","@graph":[{"@type":"WebPage","@id":"https:\/\/revolutionpadelstore.com\/it\/prodotto\/nox-future-hybrid-12k-alum-4\/","url":"https:\/\/revolutionpadelstore.com\/it\/prodotto\/nox-future-hybrid-12k-alum-4\/","name":"NOX FUTURE HYBRID 12K ALUM - Revolution Padel Store","isPartOf":{"@id":"https:\/\/revolutionpadelstore.com\/it\/#website"},"primaryImageOfPage":{"@id":"https:\/\/revolutionpadelstore.com\/it\/prodotto\/nox-future-hybrid-12k-alum-4\/#primaryimage"},"image":{"@id":"https:\/\/revolutionpadelstore.com\/it\/prodotto\/nox-future-hybrid-12k-alum-4\/#primaryimage"},"thumbnailUrl":"https:\/\/revolutionpadelstore.com\/wp-content\/uploads\/2025\/03\/154.png","datePublished":"2025-03-01T09:43:04+00:00","dateModified":"2026-04-01T00:57:36+00:00","description":"\"Future Hybrid 12K Alum: la pala de p\u00e1del vers\u00e1til de Nox con equilibrio entre potencia y control. Carbon Alum 12K, n\u00facleo EV50 y rugosidad 3D. C\u00f3mprala al mejor precio en Revolution Padel Store.\"","breadcrumb":{"@id":"https:\/\/revolutionpadelstore.com\/it\/prodotto\/nox-future-hybrid-12k-alum-4\/#breadcrumb"},"inLanguage":"it-IT","potentialAction":[{"@type":"ReadAction","target":["https:\/\/revolutionpadelstore.com\/it\/prodotto\/nox-future-hybrid-12k-alum-4\/"]}]},{"@type":"ImageObject","inLanguage":"it-IT","@id":"https:\/\/revolutionpadelstore.com\/it\/prodotto\/nox-future-hybrid-12k-alum-4\/#primaryimage","url":"https:\/\/revolutionpadelstore.com\/wp-content\/uploads\/2025\/03\/154.png","contentUrl":"https:\/\/revolutionpadelstore.com\/wp-content\/uploads\/2025\/03\/154.png","width":1500,"height":1500},{"@type":"BreadcrumbList","@id":"https:\/\/revolutionpadelstore.com\/it\/prodotto\/nox-future-hybrid-12k-alum-4\/#breadcrumb","itemListElement":[{"@type":"ListItem","position":1,"name":"Portada","item":"https:\/\/revolutionpadelstore.com\/it\/"},{"@type":"ListItem","position":2,"name":"Tienda","item":"https:\/\/revolutionpadelstore.com\/it\/tienda\/"},{"@type":"ListItem","position":3,"name":"NOX FUTURE HYBRID 12K ALUM"}]},{"@type":"WebSite","@id":"https:\/\/revolutionpadelstore.com\/it\/#website","url":"https:\/\/revolutionpadelstore.com\/it\/","name":"Revolution Padel Store","description":"","publisher":{"@id":"https:\/\/revolutionpadelstore.com\/it\/#organization"},"potentialAction":[{"@type":"SearchAction","target":{"@type":"EntryPoint","urlTemplate":"https:\/\/revolutionpadelstore.com\/it\/?s={search_term_string}"},"query-input":{"@type":"PropertyValueSpecification","valueRequired":true,"valueName":"search_term_string"}}],"inLanguage":"it-IT"},{"@type":"Organization","@id":"https:\/\/revolutionpadelstore.com\/it\/#organization","name":"Revolution Padel Store","url":"https:\/\/revolutionpadelstore.com\/it\/","logo":{"@type":"ImageObject","inLanguage":"it-IT","@id":"https:\/\/revolutionpadelstore.com\/it\/#\/schema\/logo\/image\/","url":"https:\/\/revolutionpadelstore.com\/wp-content\/uploads\/2026\/02\/revolution-padel-store.jpg","contentUrl":"https:\/\/revolutionpadelstore.com\/wp-content\/uploads\/2026\/02\/revolution-padel-store.jpg","width":2000,"height":2000,"caption":"Revolution Padel Store"},"image":{"@id":"https:\/\/revolutionpadelstore.com\/it\/#\/schema\/logo\/image\/"},"sameAs":["https:\/\/www.instagram.com\/revolutionpadelstore\/"]}]}},"_links":{"self":[{"href":"https:\/\/revolutionpadelstore.com\/it\/wp-json\/wp\/v2\/product\/197836","targetHints":{"allow":["GET"]}}],"collection":[{"href":"https:\/\/revolutionpadelstore.com\/it\/wp-json\/wp\/v2\/product"}],"about":[{"href":"https:\/\/revolutionpadelstore.com\/it\/wp-json\/wp\/v2\/types\/product"}],"replies":[{"embeddable":true,"href":"https:\/\/revolutionpadelstore.com\/it\/wp-json\/wp\/v2\/comments?post=197836"}],"wp:featuredmedia":[{"embeddable":true,"href":"https:\/\/revolutionpadelstore.com\/it\/wp-json\/wp\/v2\/media\/197842"}],"wp:attachment":[{"href":"https:\/\/revolutionpadelstore.com\/it\/wp-json\/wp\/v2\/media?parent=197836"}],"wp:term":[{"taxonomy":"acabado","embeddable":true,"href":"https:\/\/revolutionpadelstore.com\/it\/wp-json\/wp\/v2\/acabado?post=197836"},{"taxonomy":"balance","embeddable":true,"href":"https:\/\/revolutionpadelstore.com\/it\/wp-json\/wp\/v2\/balance?post=197836"},{"taxonomy":"dureza","embeddable":true,"href":"https:\/\/revolutionpadelstore.com\/it\/wp-json\/wp\/v2\/dureza?post=197836"},{"taxonomy":"forma","embeddable":true,"href":"https:\/\/revolutionpadelstore.com\/it\/wp-json\/wp\/v2\/forma?post=197836"},{"taxonomy":"jugador","embeddable":true,"href":"https:\/\/revolutionpadelstore.com\/it\/wp-json\/wp\/v2\/jugador?post=197836"},{"taxonomy":"marca","embeddable":true,"href":"https:\/\/revolutionpadelstore.com\/it\/wp-json\/wp\/v2\/marca?post=197836"},{"taxonomy":"nivel-de-juego","embeddable":true,"href":"https:\/\/revolutionpadelstore.com\/it\/wp-json\/wp\/v2\/nivel-de-juego?post=197836"},{"taxonomy":"superficie","embeddable":true,"href":"https:\/\/revolutionpadelstore.com\/it\/wp-json\/wp\/v2\/superficie?post=197836"},{"taxonomy":"tipo-de-juego","embeddable":true,"href":"https:\/\/revolutionpadelstore.com\/it\/wp-json\/wp\/v2\/tipo-de-juego?post=197836"},{"taxonomy":"product_brand","embeddable":true,"href":"https:\/\/revolutionpadelstore.com\/it\/wp-json\/wp\/v2\/product_brand?post=197836"},{"taxonomy":"product_cat","embeddable":true,"href":"https:\/\/revolutionpadelstore.com\/it\/wp-json\/wp\/v2\/product_cat?post=197836"},{"taxonomy":"product_tag","embeddable":true,"href":"https:\/\/revolutionpadelstore.com\/it\/wp-json\/wp\/v2\/product_tag?post=197836"}],"curies":[{"name":"wp","href":"https:\/\/api.w.org\/{rel}","templated":true}]}}